{"id":1620,"date":"2023-11-19T19:49:33","date_gmt":"2023-11-19T19:49:33","guid":{"rendered":"https:\/\/healthagentsturkey.com\/?page_id=1620"},"modified":"2026-02-25T10:31:55","modified_gmt":"2026-02-25T07:31:55","slug":"implant-dis-hekimligi","status":"publish","type":"page","link":"https:\/\/healthagentsturkey.com\/en\/tedavi\/dis\/implant-dis-hekimligi\/","title":{"rendered":"Implant Dentistry"},"content":{"rendered":"<div data-elementor-type=\"wp-page\" data-elementor-id=\"1620\" class=\"elementor elementor-1620\" data-elementor-post-type=\"page\">\n\t\t\t\t\t\t<section class=\"elementor-section elementor-top-section elementor-element elementor-element-eedafb9 elementor-section-content-middle elementor-section-boxed elementor-section-height-default elementor-section-height-default tp-parallax-no syd-sticky-section-no\" data-id=\"eedafb9\" data-element_type=\"section\" data-settings=\"{&quot;tp_sticky_sec_effect_enable&quot;:false}\">\n\t\t\t\t\t\t<div class=\"elementor-container elementor-column-gap-default\">\n\t\t\t\t\t<div data-aos=\"\" class=\"elementor-column elementor-col-50 elementor-top-column elementor-element elementor-element-571508b syd-sticky-section-no\" data-id=\"571508b\" data-element_type=\"column\" data-settings=\"{&quot;tp_sticky_col_effect_enable&quot;:false}\">\n\t\t\t<div class=\"elementor-widget-wrap elementor-element-populated\">\n\t\t\t\t\t\t<div class=\"elementor-element elementor-element-2fc2cb6 syd-sticky-section-no elementor-widget elementor-widget-heading\" data-id=\"2fc2cb6\" data-element_type=\"widget\" data-widget_type=\"heading.default\">\n\t\t\t\t<div class=\"elementor-widget-container\">\n\t\t\t\t\t<h2 class=\"elementor-heading-title elementor-size-default\">Implant<\/h2>\t\t\t\t<\/div>\n\t\t\t\t<\/div>\n\t\t\t\t<div class=\"elementor-element elementor-element-1cf0f1c syd-sticky-section-no elementor-widget elementor-widget-text-editor\" data-id=\"1cf0f1c\" data-element_type=\"widget\" data-widget_type=\"text-editor.default\">\n\t\t\t\t<div class=\"elementor-widget-container\">\n\t\t\t\t\t\t\t\t\t<p data-sourcepos=\"1:1-1:26\"><strong>What are Dental Implants?<\/strong><\/p><p data-sourcepos=\"3:1-3:253\">Dental implants are artificial roots made of titanium used to replace missing teeth. Implants are placed in the jawbone and function like natural tooth roots. Implants are the most natural and durable way to replace missing teeth.<\/p><p data-sourcepos=\"5:1-5:92\"><strong>Dental implants are used to solve the following problems caused by missing teeth:<\/strong><\/p><ul data-sourcepos=\"7:1-10:0\"><li data-sourcepos=\"7:1-7:24\"><strong>Difficulty eating food<\/strong><\/li><li data-sourcepos=\"8:1-8:21\"><strong>Speech difficulty<\/strong><\/li><li data-sourcepos=\"9:1-10:0\"><strong>Loss of aesthetic appearance<\/strong><\/li><\/ul><p data-sourcepos=\"5:1-5:32\"><strong>Benefits of Dental Implants<\/strong><\/p><p data-sourcepos=\"5:1-5:32\">Dental implants have many benefits. These include the following:<\/p><ul data-sourcepos=\"9:1-13:0\"><li data-sourcepos=\"9:1-9:159\"><strong>Natural looking smile:<\/strong>\u00a0Since implants function like natural tooth roots, teeth restored with implants are indistinguishable from natural teeth.<\/li><li data-sourcepos=\"10:1-10:111\"><strong>Preventing tooth loss:<\/strong>\u00a0Implants can help prevent jawbone loss caused by tooth loss.<\/li><li data-sourcepos=\"11:1-11:116\"><strong>Reducing toothache:<\/strong>\u00a0Implants can help reduce the pain caused by decayed or damaged teeth.<\/li><li data-sourcepos=\"12:1-13:0\"><strong>Making it easier to eat:<\/strong>\u00a0Implants can perform the chewing function like natural teeth, which can make eating easier and more enjoyable.<\/li><\/ul>\t\t\t\t\t\t\t\t<\/div>\n\t\t\t\t<\/div>\n\t\t\t\t\t<\/div>\n\t\t<\/div>\n\t\t\t\t<div data-aos=\"\" class=\"elementor-column elementor-col-50 elementor-top-column elementor-element elementor-element-bc4d4c0 syd-sticky-section-no\" data-id=\"bc4d4c0\" data-element_type=\"column\" data-settings=\"{&quot;tp_sticky_col_effect_enable&quot;:false}\">\n\t\t\t<div class=\"elementor-widget-wrap elementor-element-populated\">\n\t\t\t\t\t\t<div class=\"elementor-element elementor-element-48dd569 syd-sticky-section-no elementor-widget elementor-widget-image\" data-id=\"48dd569\" data-element_type=\"widget\" data-widget_type=\"image.default\">\n\t\t\t\t<div class=\"elementor-widget-container\">\n\t\t\t\t\t\t\t\t\t<\/div>\n\t\t\t\t<\/div>\n\t\t\t\t<div class=\"elementor-element elementor-element-2539c9c syd-sticky-section-no elementor-widget elementor-widget-text-editor\" data-id=\"2539c9c\" data-element_type=\"widget\" data-widget_type=\"text-editor.default\">\n\t\t\t\t<div class=\"elementor-widget-container\">\n\t\t\t\t\t\t\t\t\t<p data-sourcepos=\"14:1-14:36\"><strong>Dental Implant Application Steps.<\/strong><\/p><p data-sourcepos=\"16:1-16:66\">The dental implant procedure usually takes place in two or three stages:<\/p><ol data-sourcepos=\"18:1-22:0\"><li data-sourcepos=\"18:1-19:35\"><strong>Implant placement:<\/strong> In the first stage, the dentist places the implants in the jawbone. This procedure is usually done under local anesthesia.<\/li><li data-sourcepos=\"20:1-20:161\"><strong>Implant healing:<\/strong>\u00a0While the implants fuse to the jawbone, the dentist places a temporary tooth or bridge. This healing period usually takes several months.<\/li><li data-sourcepos=\"21:1-22:0\"><strong>Crown or bridge placement:<\/strong>\u00a0In the final stage, the dentist places a permanent crown or bridge on the implants. This procedure is usually done under local anesthesia.<\/li><\/ol><p>\u00a0<\/p>\t\t\t\t\t\t\t\t<\/div>\n\t\t\t\t<\/div>\n\t\t\t\t\t<\/div>\n\t\t<\/div>\n\t\t\t\t\t<\/div>\n\t\t<\/section>\n\t\t<div class=\"elementor-element elementor-element-34d01ae e-flex e-con-boxed syd-sticky-section-no e-con e-parent\" data-id=\"34d01ae\" data-element_type=\"container\">\n\t\t\t\t\t<div class=\"e-con-inner\">\n\t\t\t\t<div class=\"elementor-element elementor-element-1e67feb syd-sticky-section-no elementor-widget elementor-widget-text-editor\" data-id=\"1e67feb\" data-element_type=\"widget\" data-widget_type=\"text-editor.default\">\n\t\t\t\t<div class=\"elementor-widget-container\">\n\t\t\t\t\t\t\t\t\t<p data-sourcepos=\"23:1-23:26\"><strong>What are the Factors Affecting Pricing in Dental Implant Treatment?<\/strong><\/p><p data-sourcepos=\"25:1-25:251\">Dental implant prices vary depending on the type of implant, the area where the implant will be placed and the dentist's fees. In general, dental implant prices are higher than other procedures used to treat tooth decay or tooth loss.<\/p><p data-sourcepos=\"27:1-27:31\"><strong>Dental Implants in Istanbul<\/strong><\/p><p data-sourcepos=\"29:1-29:102\">Istanbul is a popular health tourism destination for dental implants. There are several reasons for this:<\/p><ul data-sourcepos=\"31:1-33:0\"><li data-sourcepos=\"31:1-31:82\">Istanbul is home to some of the best dentists in the world.<\/li><li data-sourcepos=\"32:1-33:0\">Dental implant services in Istanbul are more affordable than in many other parts of the world.<\/li><\/ul><p data-sourcepos=\"34:1-34:226\">Getting dental implants in Istanbul <a href=\"https:\/\/healthagentsturkey.com\/en\/iletisim\/\">contact us<\/a>feel free to contact us. We will be happy to help you find a suitable dentist and plan your dental implant journey.<\/p>\t\t\t\t\t\t\t\t<\/div>\n\t\t\t\t<\/div>\n\t\t\t\t\t<\/div>\n\t\t\t\t<\/div>\n\t\t\t\t<section class=\"elementor-section elementor-top-section elementor-element elementor-element-7dd23a9 elementor-section-content-middle elementor-section-boxed elementor-section-height-default elementor-section-height-default tp-parallax-no syd-sticky-section-no\" data-id=\"7dd23a9\" data-element_type=\"section\" data-settings=\"{&quot;background_background&quot;:&quot;classic&quot;,&quot;tp_sticky_sec_effect_enable&quot;:false}\">\n\t\t\t\t\t\t<div class=\"elementor-container elementor-column-gap-default\">\n\t\t\t\t\t<div data-aos=\"\" class=\"elementor-column elementor-col-50 elementor-top-column elementor-element elementor-element-76493f1 syd-sticky-section-no\" data-id=\"76493f1\" data-element_type=\"column\" data-settings=\"{&quot;tp_sticky_col_effect_enable&quot;:false}\">\n\t\t\t<div class=\"elementor-widget-wrap elementor-element-populated\">\n\t\t\t\t\t\t<div class=\"elementor-element elementor-element-73a746f syd-sticky-section-no elementor-widget elementor-widget-heading\" data-id=\"73a746f\" data-element_type=\"widget\" data-widget_type=\"heading.default\">\n\t\t\t\t<div class=\"elementor-widget-container\">\n\t\t\t\t\t<h2 class=\"elementor-heading-title elementor-size-default\">Do you have questions?<\/h2>\t\t\t\t<\/div>\n\t\t\t\t<\/div>\n\t\t\t\t\t<\/div>\n\t\t<\/div>\n\t\t\t\t<div data-aos=\"\" class=\"elementor-column elementor-col-50 elementor-top-column elementor-element elementor-element-78e52ef syd-sticky-section-no\" data-id=\"78e52ef\" data-element_type=\"column\" data-settings=\"{&quot;tp_sticky_col_effect_enable&quot;:false}\">\n\t\t\t<div class=\"elementor-widget-wrap elementor-element-populated\">\n\t\t\t\t\t\t<div class=\"elementor-element elementor-element-3db0366 elementor-align-right elementor-mobile-align-center syd-sticky-section-no elementor-widget elementor-widget-button\" data-id=\"3db0366\" data-element_type=\"widget\" data-widget_type=\"button.default\">\n\t\t\t\t<div class=\"elementor-widget-container\">\n\t\t\t\t\t\t\t\t\t<div class=\"elementor-button-wrapper\">\n\t\t\t\t\t<a class=\"elementor-button elementor-button-link elementor-size-sm\" href=\"https:\/\/healthagentsturkey.com\/en\/iletisim\/\">\n\t\t\t\t\t\t<span class=\"elementor-button-content-wrapper\">\n\t\t\t\t\t\t\t\t\t<span class=\"elementor-button-text\">Contact us<\/span>\n\t\t\t\t\t<\/span>\n\t\t\t\t\t<\/a>\n\t\t\t\t<\/div>\n\t\t\t\t\t\t\t\t<\/div>\n\t\t\t\t<\/div>\n\t\t\t\t\t<\/div>\n\t\t<\/div>\n\t\t\t\t\t<\/div>\n\t\t<\/section>\n\t\t\t\t<\/div>","protected":false},"excerpt":{"rendered":"<p>\u0130mplant Di\u015f \u0130mplantlar\u0131 Nedir? Di\u015f implantlar\u0131, eksik di\u015fleri yerine koymak i\u00e7in kullan\u0131lan titanyumdan yap\u0131lm\u0131\u015f yapay k\u00f6klerdir. \u0130mplantlar, \u00e7ene kemi\u011fine yerle\u015ftirilir ve do\u011fal [&hellip;]<\/p>","protected":false},"author":1,"featured_media":0,"parent":1439,"menu_order":0,"comment_status":"closed","ping_status":"closed","template":"elementor_header_footer","meta":{"_eb_attr":"","footnotes":""},"class_list":["post-1620","page","type-page","status-publish","hentry"],"_links":{"self":[{"href":"https:\/\/healthagentsturkey.com\/en\/wp-json\/wp\/v2\/pages\/1620","targetHints":{"allow":["GET"]}}],"collection":[{"href":"https:\/\/healthagentsturkey.com\/en\/wp-json\/wp\/v2\/pages"}],"about":[{"href":"https:\/\/healthagentsturkey.com\/en\/wp-json\/wp\/v2\/types\/page"}],"author":[{"embeddable":true,"href":"https:\/\/healthagentsturkey.com\/en\/wp-json\/wp\/v2\/users\/1"}],"replies":[{"embeddable":true,"href":"https:\/\/healthagentsturkey.com\/en\/wp-json\/wp\/v2\/comments?post=1620"}],"version-history":[{"count":1,"href":"https:\/\/healthagentsturkey.com\/en\/wp-json\/wp\/v2\/pages\/1620\/revisions"}],"predecessor-version":[{"id":4772,"href":"https:\/\/healthagentsturkey.com\/en\/wp-json\/wp\/v2\/pages\/1620\/revisions\/4772"}],"up":[{"embeddable":true,"href":"https:\/\/healthagentsturkey.com\/en\/wp-json\/wp\/v2\/pages\/1439"}],"wp:attachment":[{"href":"https:\/\/healthagentsturkey.com\/en\/wp-json\/wp\/v2\/media?parent=1620"}],"curies":[{"name":"wp","href":"https:\/\/api.w.org\/{rel}","templated":true}]}}