{"id":1339,"date":"2023-11-16T13:59:28","date_gmt":"2023-11-16T13:59:28","guid":{"rendered":"https:\/\/healthagentsturkey.com\/?page_id=1339"},"modified":"2023-11-24T19:55:06","modified_gmt":"2023-11-24T16:55:06","slug":"biz","status":"publish","type":"page","link":"https:\/\/healthagentsturkey.com\/en\/hakkimizda\/biz\/","title":{"rendered":"Who Are We?"},"content":{"rendered":"<div data-elementor-type=\"wp-page\" data-elementor-id=\"1339\" class=\"elementor elementor-1339\" data-elementor-post-type=\"page\">\n\t\t\t\t<div class=\"elementor-element elementor-element-cd92900 e-flex e-con-boxed syd-sticky-section-no e-con e-parent\" data-id=\"cd92900\" data-element_type=\"container\">\n\t\t\t\t\t<div class=\"e-con-inner\">\n\t\t<div class=\"elementor-element elementor-element-061bc86 e-con-full e-flex syd-sticky-section-no e-con e-child\" data-id=\"061bc86\" data-element_type=\"container\">\n\t\t\t\t<div class=\"elementor-element elementor-element-11a8724 syd-sticky-section-no elementor-widget elementor-widget-heading\" data-id=\"11a8724\" data-element_type=\"widget\" data-widget_type=\"heading.default\">\n\t\t\t\t<div class=\"elementor-widget-container\">\n\t\t\t\t\t<h2 class=\"elementor-heading-title elementor-size-default\">Who We Are<\/h2>\t\t\t\t<\/div>\n\t\t\t\t<\/div>\n\t\t\t\t<div class=\"elementor-element elementor-element-da00dac elementor-drop-cap-yes elementor-drop-cap-view-default syd-sticky-section-no elementor-widget elementor-widget-text-editor\" data-id=\"da00dac\" data-element_type=\"widget\" data-settings=\"{&quot;drop_cap&quot;:&quot;yes&quot;}\" data-widget_type=\"text-editor.default\">\n\t\t\t\t<div class=\"elementor-widget-container\">\n\t\t\t\t\t\t\t\t\t<p style=\"text-align: left;\">H<b>ealth Agents<\/b> is a leading healthcare institution that specializes in every medical branch needed and offers quality services to its patients. <b>Health Agents <\/b>The specialized medical staff offers a modern facility equipped with the latest technological devices to meet the health and beauty needs of patients at the highest level.<\/p><p><b>Health Agents<\/b> The range of health services expands from non-surgical aesthetic procedures to popular plastic surgery procedures such as breast aesthetics, tummy tuck, rhinoplasty, liposuction. Health Agents also offers metabolic surgery services. Our specialist doctors offer highly experienced services in many areas such as obesity treatment, metabolic surgery and diabetes treatment.<\/p>\t\t\t\t\t\t\t\t<\/div>\n\t\t\t\t<\/div>\n\t\t\t\t<div class=\"elementor-element elementor-element-d0f6c3a syd-sticky-section-no elementor-widget elementor-widget-heading\" data-id=\"d0f6c3a\" data-element_type=\"widget\" data-widget_type=\"heading.default\">\n\t\t\t\t<div class=\"elementor-widget-container\">\n\t\t\t\t\t<h6 class=\"elementor-heading-title elementor-size-default\">HEALTH AGENTS<\/h6>\t\t\t\t<\/div>\n\t\t\t\t<\/div>\n\t\t\t\t<\/div>\n\t\t<div class=\"elementor-element elementor-element-41e8977 e-con-full e-flex syd-sticky-section-no e-con e-child\" data-id=\"41e8977\" data-element_type=\"container\">\n\t\t\t\t<div class=\"elementor-element elementor-element-f4b4211 syd-sticky-section-no elementor-widget elementor-widget-image\" data-id=\"f4b4211\" data-element_type=\"widget\" data-widget_type=\"image.default\">\n\t\t\t\t<div class=\"elementor-widget-container\">\n\t\t\t\t\t\t\t\t\t\t\t\t\t\t\t<img fetchpriority=\"high\" decoding=\"async\" width=\"628\" height=\"428\" src=\"https:\/\/healthagentsturkey.com\/wp-content\/uploads\/2023\/11\/Varlik-1@4x-1.png\" class=\"attachment-large size-large wp-image-764\" alt=\"\" srcset=\"https:\/\/healthagentsturkey.com\/wp-content\/uploads\/2023\/11\/Varlik-1@4x-1.png 628w, https:\/\/healthagentsturkey.com\/wp-content\/uploads\/2023\/11\/Varlik-1@4x-1-300x204.png 300w, https:\/\/healthagentsturkey.com\/wp-content\/uploads\/2023\/11\/Varlik-1@4x-1-230x157.png 230w, https:\/\/healthagentsturkey.com\/wp-content\/uploads\/2023\/11\/Varlik-1@4x-1-350x239.png 350w, https:\/\/healthagentsturkey.com\/wp-content\/uploads\/2023\/11\/Varlik-1@4x-1-480x327.png 480w\" sizes=\"(max-width: 628px) 100vw, 628px\" \/>\t\t\t\t\t\t\t\t\t\t\t\t\t\t\t<\/div>\n\t\t\t\t<\/div>\n\t\t\t\t<\/div>\n\t\t<div class=\"elementor-element elementor-element-44d51ab e-con-full e-flex syd-sticky-section-no e-con e-child\" data-id=\"44d51ab\" data-element_type=\"container\">\n\t\t\t\t<div class=\"elementor-element elementor-element-4c17323 syd-sticky-section-no elementor-widget elementor-widget-text-editor\" data-id=\"4c17323\" data-element_type=\"widget\" data-widget_type=\"text-editor.default\">\n\t\t\t\t<div class=\"elementor-widget-container\">\n\t\t\t\t\t\t\t\t\t<p>Located in Istanbul<b> Health Agents<\/b>The clinic offers its patients not only the highest quality of care, but also a clinic environment that is carefully designed for the comfort and convenience of its patients. <b>Health Agents<\/b>The center offers its patients an impeccable service, providing a first-class experience in many areas such as aesthetic and metabolic surgery. <b>Health Agents<\/b> Thanks to our expert medical staff, technological devices and modern facilities, it manages to gain the trust of patients. If you are looking for an experienced and quality service specialized in health and beauty,<\/p><blockquote><p><b>Health Agents<\/b> for you.<\/p><\/blockquote>\t\t\t\t\t\t\t\t<\/div>\n\t\t\t\t<\/div>\n\t\t\t\t<\/div>\n\t\t\t\t\t<\/div>\n\t\t\t\t<\/div>\n\t\t\t\t<\/div>","protected":false},"excerpt":{"rendered":"<p>Biz Kimiz Health Agents ihtiya\u00e7 duyulan her t\u0131bbi bran\u015fta uzmanla\u015farak hastalar\u0131na\u00a0 kaliteli hizmetler sunan \u00f6nc\u00fc bir sa\u011fl\u0131k kurulu\u015fu. Health Agents b\u00fcnyesinde bulunan [&hellip;]<\/p>","protected":false},"author":1,"featured_media":0,"parent":401,"menu_order":0,"comment_status":"closed","ping_status":"closed","template":"page-templates\/page_front-page.php","meta":{"_eb_attr":"","footnotes":""},"class_list":["post-1339","page","type-page","status-publish","hentry"],"_links":{"self":[{"href":"https:\/\/healthagentsturkey.com\/en\/wp-json\/wp\/v2\/pages\/1339","targetHints":{"allow":["GET"]}}],"collection":[{"href":"https:\/\/healthagentsturkey.com\/en\/wp-json\/wp\/v2\/pages"}],"about":[{"href":"https:\/\/healthagentsturkey.com\/en\/wp-json\/wp\/v2\/types\/page"}],"author":[{"embeddable":true,"href":"https:\/\/healthagentsturkey.com\/en\/wp-json\/wp\/v2\/users\/1"}],"replies":[{"embeddable":true,"href":"https:\/\/healthagentsturkey.com\/en\/wp-json\/wp\/v2\/comments?post=1339"}],"version-history":[{"count":0,"href":"https:\/\/healthagentsturkey.com\/en\/wp-json\/wp\/v2\/pages\/1339\/revisions"}],"up":[{"embeddable":true,"href":"https:\/\/healthagentsturkey.com\/en\/wp-json\/wp\/v2\/pages\/401"}],"wp:attachment":[{"href":"https:\/\/healthagentsturkey.com\/en\/wp-json\/wp\/v2\/media?parent=1339"}],"curies":[{"name":"wp","href":"https:\/\/api.w.org\/{rel}","templated":true}]}}