{"id":932,"date":"2023-11-12T08:56:31","date_gmt":"2023-11-12T08:56:31","guid":{"rendered":"https:\/\/healthagentsturkey.com\/?page_id=932"},"modified":"2026-02-25T10:31:57","modified_gmt":"2026-02-25T07:31:57","slug":"uroloji","status":"publish","type":"page","link":"https:\/\/healthagentsturkey.com\/ar\/tedavi\/uroloji\/","title":{"rendered":"\u0639\u0644\u0627\u062c\u0627\u062a \u0627\u0644\u0645\u0633\u0627\u0644\u0643 \u0627\u0644\u0628\u0648\u0644\u064a\u0629"},"content":{"rendered":"<div data-elementor-type=\"wp-page\" data-elementor-id=\"932\" class=\"elementor elementor-932\" data-elementor-post-type=\"page\">\n\t\t\t\t\t\t<section class=\"elementor-section elementor-top-section elementor-element elementor-element-eedafb9 elementor-section-content-middle elementor-section-boxed elementor-section-height-default elementor-section-height-default tp-parallax-no syd-sticky-section-no\" data-id=\"eedafb9\" data-element_type=\"section\" data-settings=\"{&quot;tp_sticky_sec_effect_enable&quot;:false}\">\n\t\t\t\t\t\t<div class=\"elementor-container elementor-column-gap-default\">\n\t\t\t\t\t<div data-aos=\"\" class=\"elementor-column elementor-col-50 elementor-top-column elementor-element elementor-element-571508b syd-sticky-section-no\" data-id=\"571508b\" data-element_type=\"column\" data-settings=\"{&quot;tp_sticky_col_effect_enable&quot;:false}\">\n\t\t\t<div class=\"elementor-widget-wrap elementor-element-populated\">\n\t\t\t\t\t\t<div class=\"elementor-element elementor-element-2fc2cb6 syd-sticky-section-no elementor-widget elementor-widget-heading\" data-id=\"2fc2cb6\" data-element_type=\"widget\" data-widget_type=\"heading.default\">\n\t\t\t\t<div class=\"elementor-widget-container\">\n\t\t\t\t\t<h2 class=\"elementor-heading-title elementor-size-default\">\u0639\u0644\u0627\u062c\u0627\u062a \u0627\u0644\u0645\u0633\u0627\u0644\u0643 \u0627\u0644\u0628\u0648\u0644\u064a\u0629<\/h2>\t\t\t\t<\/div>\n\t\t\t\t<\/div>\n\t\t\t\t<div class=\"elementor-element elementor-element-1cf0f1c syd-sticky-section-no elementor-widget elementor-widget-text-editor\" data-id=\"1cf0f1c\" data-element_type=\"widget\" data-widget_type=\"text-editor.default\">\n\t\t\t\t<div class=\"elementor-widget-container\">\n\t\t\t\t\t\t\t\t\t<p>\u0637\u0628 \u0627\u0644\u0645\u0633\u0627\u0644\u0643 \u0627\u0644\u0628\u0648\u0644\u064a\u0629 \u0647\u0648 \u0641\u0631\u0639 \u0645\u0646 \u0641\u0631\u0648\u0639 \u0627\u0644\u0637\u0628 \u0627\u0644\u0630\u064a \u064a\u0641\u062d\u0635 \u0648\u064a\u0639\u0627\u0644\u062c \u0627\u0644\u062c\u0647\u0627\u0632 \u0627\u0644\u0628\u0648\u0644\u064a \u0627\u0644\u062a\u0646\u0627\u0633\u0644\u064a. \u064a\u062a\u0639\u0627\u0645\u0644 \u0623\u0637\u0628\u0627\u0621 \u0627\u0644\u0645\u0633\u0627\u0644\u0643 \u0627\u0644\u0628\u0648\u0644\u064a\u0629 \u0627\u0644\u0639\u0627\u0645\u0644\u0648\u0646 \u0641\u064a \u0647\u0630\u0627 \u0627\u0644\u0645\u062c\u0627\u0644 \u0645\u0639 \u0645\u062e\u062a\u0644\u0641 \u0627\u0644\u0645\u0634\u0627\u0643\u0644 \u0641\u064a \u0627\u0644\u062c\u0647\u0627\u0632 \u0627\u0644\u062a\u0646\u0627\u0633\u0644\u064a \u0648\u0627\u0644\u0628\u0648\u0644\u064a \u0644\u0644\u0631\u062c\u0627\u0644 \u0648\u0627\u0644\u0646\u0633\u0627\u0621. \u0637\u0628 \u0627\u0644\u0645\u0633\u0627\u0644\u0643 \u0627\u0644\u0628\u0648\u0644\u064a\u0629 \u0647\u0648 \u0641\u0631\u0639 \u064a\u0642\u062f\u0645 \u0645\u062c\u0645\u0648\u0639\u0629 \u0648\u0627\u0633\u0639\u0629 \u0645\u0646 \u0627\u0644\u062e\u062f\u0645\u0627\u062a \u0648\u064a\u0634\u0645\u0644 \u062d\u0627\u0644\u0627\u062a \u0645\u062b\u0644 \u0623\u0645\u0631\u0627\u0636 \u0627\u0644\u0628\u0631\u0648\u0633\u062a\u0627\u062a\u0627 \u0648\u062d\u0635\u0648\u0627\u062a \u0627\u0644\u0643\u0644\u0649 \u0648\u0627\u0644\u062a\u0647\u0627\u0628\u0627\u062a \u0627\u0644\u0645\u0633\u0627\u0644\u0643 \u0627\u0644\u0628\u0648\u0644\u064a\u0629 \u0648\u0633\u0631\u0637\u0627\u0646\u0627\u062a \u0627\u0644\u0623\u0639\u0636\u0627\u0621 \u0627\u0644\u062a\u0646\u0627\u0633\u0644\u064a\u0629. \u064a\u062d\u0627\u0648\u0644 \u0623\u062e\u0635\u0627\u0626\u064a\u0648 \u0627\u0644\u0645\u0633\u0627\u0644\u0643 \u0627\u0644\u0628\u0648\u0644\u064a\u0629 \u0627\u0644\u062d\u0641\u0627\u0638 \u0639\u0644\u0649 \u0635\u062d\u0629 \u0627\u0644\u0645\u0631\u0636\u0649 \u0648\u062a\u062d\u0633\u064a\u0646\u0647\u0627 \u0645\u0646 \u062e\u0644\u0627\u0644 \u062a\u0642\u062f\u064a\u0645 \u062e\u064a\u0627\u0631\u0627\u062a \u0639\u0644\u0627\u062c\u064a\u0629 \u0645\u062e\u062a\u0644\u0641\u0629 \u0645\u062b\u0644 \u0627\u0644\u0627\u062e\u062a\u0628\u0627\u0631\u0627\u062a \u0627\u0644\u062a\u0634\u062e\u064a\u0635\u064a\u0629 \u0648\u0627\u0644\u0639\u0644\u0627\u062c\u0627\u062a \u0627\u0644\u062f\u0648\u0627\u0626\u064a\u0629 \u0648\u0627\u0644\u062a\u062f\u062e\u0644\u0627\u062a \u0627\u0644\u062c\u0631\u0627\u062d\u064a\u0629. \u0639\u0644\u0649 \u0633\u0628\u064a\u0644 \u0627\u0644\u0645\u062b\u0627\u0644\u060c \u062a\u064f\u0639\u062f \u0625\u0632\u0627\u0644\u0629 \u062d\u0635\u0648\u0627\u062a \u0627\u0644\u0643\u0644\u0649 \u0648\u062c\u0631\u0627\u062d\u0629 \u0627\u0644\u0628\u0631\u0648\u0633\u062a\u0627\u062a\u0627 \u0648\u0639\u0644\u0627\u062c \u0633\u0644\u0633 \u0627\u0644\u0628\u0648\u0644 \u0648\u0627\u0644\u0625\u062c\u0631\u0627\u0621\u0627\u062a \u0627\u0644\u062c\u0631\u0627\u062d\u064a\u0629 \u0627\u0644\u0645\u062a\u0639\u0644\u0642\u0629 \u0628\u0627\u0644\u0635\u062d\u0629 \u0627\u0644\u0625\u0646\u062c\u0627\u0628\u064a\u0629 \u0645\u0646 \u0628\u064a\u0646 \u0627\u0644\u062a\u062f\u062e\u0644\u0627\u062a \u0627\u0644\u0645\u0647\u0645\u0629 \u0641\u064a \u0645\u062c\u0627\u0644 \u0627\u0644\u0645\u0633\u0627\u0644\u0643 \u0627\u0644\u0628\u0648\u0644\u064a\u0629. \u064a\u064f\u0639\u062f \u0637\u0628 \u0627\u0644\u0645\u0633\u0627\u0644\u0643 \u0627\u0644\u0628\u0648\u0644\u064a\u0629 \u0641\u0631\u0639\u0627\u064b \u0645\u0647\u0645\u0627\u064b \u0645\u0646 \u0641\u0631\u0648\u0639 \u0627\u0644\u0637\u0628 \u0627\u0644\u0630\u064a \u064a\u0647\u062f\u0641 \u0625\u0644\u0649 \u062a\u062d\u0633\u064a\u0646 \u0627\u0644\u0635\u062d\u0629 \u0627\u0644\u0639\u0627\u0645\u0629 \u0648\u0646\u0648\u0639\u064a\u0629 \u0627\u0644\u062d\u064a\u0627\u0629 \u0648\u063a\u0627\u0644\u0628\u0627\u064b \u0645\u0627 \u064a\u062a\u0637\u0644\u0628 \u0646\u0647\u062c\u0627\u064b \u0645\u062a\u0639\u062f\u062f \u0627\u0644\u062a\u062e\u0635\u0635\u0627\u062a.<\/p>\t\t\t\t\t\t\t\t<\/div>\n\t\t\t\t<\/div>\n\t\t\t\t\t<\/div>\n\t\t<\/div>\n\t\t\t\t<div data-aos=\"\" class=\"elementor-column elementor-col-50 elementor-top-column elementor-element elementor-element-bc4d4c0 syd-sticky-section-no\" data-id=\"bc4d4c0\" data-element_type=\"column\" data-settings=\"{&quot;tp_sticky_col_effect_enable&quot;:false}\">\n\t\t\t<div class=\"elementor-widget-wrap elementor-element-populated\">\n\t\t\t\t\t\t<div class=\"elementor-element elementor-element-48dd569 syd-sticky-section-no elementor-widget elementor-widget-image\" data-id=\"48dd569\" data-element_type=\"widget\" data-widget_type=\"image.default\">\n\t\t\t\t<div class=\"elementor-widget-container\">\n\t\t\t\t\t\t\t\t\t<\/div>\n\t\t\t\t<\/div>\n\t\t\t\t\t<\/div>\n\t\t<\/div>\n\t\t\t\t\t<\/div>\n\t\t<\/section>\n\t\t\t\t<\/div>","protected":false},"excerpt":{"rendered":"<p>\u00dcroloji Tedavileri \u00dcroloji, \u00fcrogenital sistemi inceleyen ve tedavi eden bir t\u0131p dal\u0131d\u0131r. Bu alanda faaliyet g\u00f6steren \u00fcrologlar, erkek ve kad\u0131nlar\u0131n \u00fcreme ve [&hellip;]<\/p>","protected":false},"author":1,"featured_media":0,"parent":899,"menu_order":0,"comment_status":"closed","ping_status":"closed","template":"elementor_header_footer","meta":{"_eb_attr":"","footnotes":""},"class_list":["post-932","page","type-page","status-publish","hentry"],"_links":{"self":[{"href":"https:\/\/healthagentsturkey.com\/ar\/wp-json\/wp\/v2\/pages\/932","targetHints":{"allow":["GET"]}}],"collection":[{"href":"https:\/\/healthagentsturkey.com\/ar\/wp-json\/wp\/v2\/pages"}],"about":[{"href":"https:\/\/healthagentsturkey.com\/ar\/wp-json\/wp\/v2\/types\/page"}],"author":[{"embeddable":true,"href":"https:\/\/healthagentsturkey.com\/ar\/wp-json\/wp\/v2\/users\/1"}],"replies":[{"embeddable":true,"href":"https:\/\/healthagentsturkey.com\/ar\/wp-json\/wp\/v2\/comments?post=932"}],"version-history":[{"count":1,"href":"https:\/\/healthagentsturkey.com\/ar\/wp-json\/wp\/v2\/pages\/932\/revisions"}],"predecessor-version":[{"id":4808,"href":"https:\/\/healthagentsturkey.com\/ar\/wp-json\/wp\/v2\/pages\/932\/revisions\/4808"}],"up":[{"embeddable":true,"href":"https:\/\/healthagentsturkey.com\/ar\/wp-json\/wp\/v2\/pages\/899"}],"wp:attachment":[{"href":"https:\/\/healthagentsturkey.com\/ar\/wp-json\/wp\/v2\/media?parent=932"}],"curies":[{"name":"wp","href":"https:\/\/api.w.org\/{rel}","templated":true}]}}