{"id":928,"date":"2023-11-12T08:56:57","date_gmt":"2023-11-12T08:56:57","guid":{"rendered":"https:\/\/healthagentsturkey.com\/?page_id=928"},"modified":"2026-02-25T10:31:54","modified_gmt":"2026-02-25T07:31:54","slug":"dis22","status":"publish","type":"page","link":"https:\/\/healthagentsturkey.com\/ar\/tedavi\/dis22\/","title":{"rendered":"\u0639\u0644\u0627\u062c\u0627\u062a \u0627\u0644\u0623\u0633\u0646\u0627\u0646"},"content":{"rendered":"<div data-elementor-type=\"wp-page\" data-elementor-id=\"928\" class=\"elementor elementor-928\" data-elementor-post-type=\"page\">\n\t\t\t\t\t\t<section class=\"elementor-section elementor-top-section elementor-element elementor-element-eedafb9 elementor-section-content-middle elementor-section-boxed elementor-section-height-default elementor-section-height-default tp-parallax-no syd-sticky-section-no\" data-id=\"eedafb9\" data-element_type=\"section\" data-settings=\"{&quot;tp_sticky_sec_effect_enable&quot;:false}\">\n\t\t\t\t\t\t<div class=\"elementor-container elementor-column-gap-default\">\n\t\t\t\t\t<div data-aos=\"\" class=\"elementor-column elementor-col-50 elementor-top-column elementor-element elementor-element-571508b syd-sticky-section-no\" data-id=\"571508b\" data-element_type=\"column\" data-settings=\"{&quot;tp_sticky_col_effect_enable&quot;:false}\">\n\t\t\t<div class=\"elementor-widget-wrap elementor-element-populated\">\n\t\t\t\t\t\t<div class=\"elementor-element elementor-element-fb80230 syd-sticky-section-no elementor-widget elementor-widget-heading\" data-id=\"fb80230\" data-element_type=\"widget\" data-widget_type=\"heading.default\">\n\t\t\t\t<div class=\"elementor-widget-container\">\n\t\t\t\t\t<h6 class=\"elementor-heading-title elementor-size-default\">\u0627\u0644\u0639\u0644\u0627\u062c\u0627\u062a<\/h6>\t\t\t\t<\/div>\n\t\t\t\t<\/div>\n\t\t\t\t<div class=\"elementor-element elementor-element-2fc2cb6 syd-sticky-section-no elementor-widget elementor-widget-heading\" data-id=\"2fc2cb6\" data-element_type=\"widget\" data-widget_type=\"heading.default\">\n\t\t\t\t<div class=\"elementor-widget-container\">\n\t\t\t\t\t<h2 class=\"elementor-heading-title elementor-size-default\">\u0639\u0644\u0627\u062c\u0627\u062a \u0627\u0644\u0623\u0633\u0646\u0627\u0646<\/h2>\t\t\t\t<\/div>\n\t\t\t\t<\/div>\n\t\t\t\t<div class=\"elementor-element elementor-element-1cf0f1c syd-sticky-section-no elementor-widget elementor-widget-text-editor\" data-id=\"1cf0f1c\" data-element_type=\"widget\" data-widget_type=\"text-editor.default\">\n\t\t\t\t<div class=\"elementor-widget-container\">\n\t\t\t\t\t\t\t\t\t<div class=\"chat-history-scroll-container ng-tns-c1017943837-2 show-bottom-shadow ng-trigger ng-trigger-resetChat\"><div class=\"conversation-container ng-tns-c1017943837-2 narrow-container ng-star-inserted\"><div class=\"ng-tns-c2771231018-27\"><div class=\"response-container ng-tns-c71079910-28 response-container-has-multiple-responses\"><div class=\"presented-response-container ng-tns-c71079910-28\"><div class=\"response-container-content ng-tns-c71079910-28\"><div class=\"response-content ng-trigger ng-trigger-responsePopulation ng-tns-c71079910-28 ng-animate-disabled\"><div class=\"markdown markdown-main-panel\" dir=\"ltr\"><p data-sourcepos=\"1:1-1:24\"><strong>\u0645\u0627 \u0647\u0648 \u0637\u0628 \u0627\u0644\u0623\u0633\u0646\u0627\u0646\u061f<\/strong><\/p><p data-sourcepos=\"3:1-3:197\">\u0637\u0628 \u0627\u0644\u0623\u0633\u0646\u0627\u0646 \u0647\u0648 \u0641\u0631\u0639 \u0645\u0646 \u0641\u0631\u0648\u0639 \u0627\u0644\u0637\u0628 \u064a\u062a\u0639\u0627\u0645\u0644 \u0645\u0639 \u0635\u062d\u0629 \u0627\u0644\u0623\u0633\u0646\u0627\u0646 \u0648\u0627\u0644\u0641\u0645. \u062d\u064a\u062b \u064a\u0642\u0648\u0645 \u0623\u0637\u0628\u0627\u0621 \u0627\u0644\u0623\u0633\u0646\u0627\u0646 \u0628\u062a\u0634\u062e\u064a\u0635 \u0648\u0639\u0644\u0627\u062c \u0648\u062d\u0645\u0627\u064a\u0629 \u0627\u0644\u0623\u0633\u0646\u0627\u0646 \u0648\u0627\u0644\u0644\u062b\u0629 \u0648\u0627\u0644\u0644\u0633\u0627\u0646 \u0648\u063a\u064a\u0631\u0647\u0627 \u0645\u0646 \u0647\u064a\u0627\u0643\u0644 \u0648\u0648\u0638\u0627\u0626\u0641 \u062a\u062c\u0648\u064a\u0641 \u0627\u0644\u0641\u0645.<\/p><p data-sourcepos=\"5:1-5:25\"><strong>\u0623\u0646\u0648\u0627\u0639 \u0637\u0628 \u0627\u0644\u0623\u0633\u0646\u0627\u0646<\/strong><\/p><p data-sourcepos=\"7:1-7:65\">\u064a\u0634\u0645\u0644 \u0637\u0628 \u0627\u0644\u0623\u0633\u0646\u0627\u0646 \u062a\u062e\u0635\u0635\u0627\u062a \u0645\u062e\u062a\u0644\u0641\u0629\u060c \u0645\u062b\u0644<\/p><ul data-sourcepos=\"9:1-23:0\"><li data-sourcepos=\"9:1-10:30\"><strong>\u0637\u0628 \u0627\u0644\u0623\u0633\u0646\u0627\u0646 \u0627\u0644\u0639\u0627\u0645:<\/strong>\u00a0\u064a\u0639\u0627\u0644\u062c \u062a\u0633\u0648\u0633 \u0627\u0644\u0623\u0633\u0646\u0627\u0646 \u0648\u0623\u0645\u0631\u0627\u0636 \u0627\u0644\u0644\u062b\u0629 \u0648\u0641\u0642\u062f\u0627\u0646 \u0627\u0644\u0623\u0633\u0646\u0627\u0646 \u0648\u063a\u064a\u0631\u0647\u0627 \u0645\u0646 \u0645\u0634\u0627\u0643\u0644 \u0627\u0644\u0623\u0633\u0646\u0627\u0646 \u0627\u0644\u0634\u0627\u0626\u0639\u0629.<br \/><div class=\"attachment-container search-images\">\u00a0<\/div><\/li><li data-sourcepos=\"11:1-12:20\"><strong>\u062a\u0642\u0648\u064a\u0645 \u0627\u0644\u0623\u0633\u0646\u0627\u0646<\/strong> \u064a\u0637\u0628\u0642 \u0639\u0644\u0627\u062c \u062a\u0642\u0648\u064a\u0645 \u0627\u0644\u0623\u0633\u0646\u0627\u0646 \u0644\u0636\u0645\u0627\u0646 \u0627\u0644\u0646\u0645\u0648 \u0648\u0627\u0644\u062a\u0637\u0648\u0631 \u0627\u0644\u0633\u0644\u064a\u0645 \u0644\u0644\u0623\u0633\u0646\u0627\u0646 \u0648\u0627\u0644\u0641\u0643.<\/li><li data-sourcepos=\"13:1-14:20\"><strong>\u0639\u0644\u0627\u062c \u062c\u0630\u0648\u0631 \u0627\u0644\u0623\u0633\u0646\u0627\u0646<\/strong>\u00a0\u064a\u0642\u0648\u0645 \u0628\u0625\u062c\u0631\u0627\u0621 \u0639\u0645\u0644\u064a\u0627\u062a \u062a\u0634\u0645\u0644 \u062c\u0630\u0648\u0631 \u0627\u0644\u0623\u0633\u0646\u0627\u0646 \u0648\u0627\u0644\u0623\u0639\u0635\u0627\u0628 \u0644\u0639\u0644\u0627\u062c \u0623\u0644\u0645 \u0627\u0644\u0623\u0633\u0646\u0627\u0646 \u0648\u0627\u0644\u0639\u062f\u0648\u0649.<\/li><li data-sourcepos=\"15:1-16:25\"><strong>\u0637\u0628 \u0627\u0644\u0644\u062b\u0629<\/strong>\u00a0\u062a\u0634\u062e\u064a\u0635 \u0623\u0645\u0631\u0627\u0636 \u0627\u0644\u0644\u062b\u0629 \u0648\u0639\u0644\u0627\u062c\u0647\u0627 \u0648\u0627\u0644\u0648\u0642\u0627\u064a\u0629 \u0645\u0646\u0647\u0627.<\/li><li data-sourcepos=\"17:1-18:35\"><strong>\u0637\u0628 \u0627\u0644\u0623\u0633\u0646\u0627\u0646 \u0627\u0644\u062a\u0631\u0645\u064a\u0645\u064a:<\/strong>\u00a0\u064a\u0642\u0648\u0645 \u0628\u0625\u062c\u0631\u0627\u0621 \u0639\u0645\u0644\u064a\u0627\u062a \u0645\u062b\u0644 \u0627\u0644\u062d\u0634\u0648\u0627\u062a \u0648\u0627\u0644\u0642\u0634\u0648\u0631 \u0627\u0644\u062e\u0634\u0628\u064a\u0629 \u0648\u0627\u0644\u062a\u064a\u062c\u0627\u0646 \u0648\u0627\u0644\u062c\u0633\u0648\u0631 \u0644\u0625\u0635\u0644\u0627\u062d \u062a\u0633\u0648\u0633 \u0627\u0644\u0623\u0633\u0646\u0627\u0646 \u0648\u0643\u0633\u0648\u0631 \u0627\u0644\u0623\u0633\u0646\u0627\u0646 \u0648\u063a\u064a\u0631\u0647\u0627 \u0645\u0646 \u0627\u0644\u0623\u0636\u0631\u0627\u0631.<\/li><li data-sourcepos=\"19:1-20:30\"><strong>\u0637\u0628 \u0623\u0633\u0646\u0627\u0646 \u0627\u0644\u0623\u0637\u0641\u0627\u0644:<\/strong>\u00a0\u064a\u0642\u062f\u0645 \u062e\u062f\u0645\u0627\u062a \u0637\u0628 \u0627\u0644\u0623\u0633\u0646\u0627\u0646 \u0644\u062d\u0645\u0627\u064a\u0629 \u0635\u062d\u0629 \u0627\u0644\u0623\u0633\u0646\u0627\u0646 \u0648\u0627\u0644\u0641\u0645 \u0644\u062f\u0649 \u0627\u0644\u0623\u0637\u0641\u0627\u0644 \u0648\u0627\u0644\u0645\u0631\u0627\u0647\u0642\u064a\u0646.<\/li><li data-sourcepos=\"21:1-23:0\"><strong>\u0632\u0631\u0627\u0639\u0629 \u0627\u0644\u0623\u0633\u0646\u0627\u0646:<\/strong>\u00a0\u064a\u062a\u0645 \u0648\u0636\u0639 \u0627\u0644\u063a\u0631\u0633\u0627\u062a \u0644\u062a\u0639\u0648\u064a\u0636 \u0641\u0642\u062f\u0627\u0646 \u0627\u0644\u0623\u0633\u0646\u0627\u0646.<\/li><\/ul><p data-sourcepos=\"24:1-24:27\"><strong>\u0645\u0627\u0630\u0627 \u064a\u0641\u0639\u0644 \u0637\u0628 \u0627\u0644\u0623\u0633\u0646\u0627\u0646\u061f<\/strong><\/p><p data-sourcepos=\"26:1-26:69\">\u064a\u0642\u062f\u0645 \u0623\u0637\u0628\u0627\u0621 \u0627\u0644\u0623\u0633\u0646\u0627\u0646 \u062e\u062f\u0645\u0627\u062a \u0637\u0628 \u0627\u0644\u0623\u0633\u0646\u0627\u0646 \u0627\u0644\u0645\u062e\u062a\u0644\u0641\u0629\u060c \u0645\u062b\u0644<\/p><ul data-sourcepos=\"28:1-39:0\"><li data-sourcepos=\"28:1-28:178\"><strong>\u0641\u062d\u0648\u0635\u0627\u062a \u0627\u0644\u0623\u0633\u0646\u0627\u0646 \u0648\u062a\u0646\u0638\u064a\u0641\u0647\u0627:<\/strong>\u00a0\u064a\u0648\u0635\u064a \u0623\u0637\u0628\u0627\u0621 \u0627\u0644\u0623\u0633\u0646\u0627\u0646 \u0628\u0625\u062c\u0631\u0627\u0621 \u0641\u062d\u0648\u0635\u0627\u062a \u0645\u0646\u062a\u0638\u0645\u0629 \u0644\u0644\u0623\u0633\u0646\u0627\u0646 \u0648\u062a\u0646\u0638\u064a\u0641\u0647\u0627 \u0644\u0641\u062d\u0635 \u0623\u0633\u0646\u0627\u0646\u0643 \u0648\u0644\u062b\u062a\u0643 \u0648\u0627\u0643\u062a\u0634\u0627\u0641 \u0627\u0644\u0645\u0634\u0627\u0643\u0644 \u0627\u0644\u0645\u062d\u062a\u0645\u0644\u0629.<\/li><li data-sourcepos=\"29:1-29:92\"><strong>\u0627\u0644\u062d\u0634\u0648\u0627\u062a:<\/strong>\u00a0\u064a\u0633\u062a\u062e\u062f\u0645 \u062d\u0634\u0648\u0627\u062a \u0628\u0644\u0648\u0646 \u0627\u0644\u0623\u0633\u0646\u0627\u0646 \u0644\u0625\u0635\u0644\u0627\u062d \u062a\u0633\u0648\u0633 \u0627\u0644\u0623\u0633\u0646\u0627\u0646 \u0623\u0648 \u063a\u064a\u0631\u0647\u0627 \u0645\u0646 \u0627\u0644\u0623\u0636\u0631\u0627\u0631 \u0627\u0644\u0623\u062e\u0631\u0649.<\/li><li data-sourcepos=\"30:1-30:104\"><strong>\u0627\u0644\u0637\u0644\u0627\u0621\u0627\u062a<\/strong>\u00a0\u062a\u0633\u062a\u062e\u062f\u0645 \u0642\u0634\u0631\u0629 \u0627\u0644\u0623\u0633\u0646\u0627\u0646 \u0627\u0644\u0643\u0628\u064a\u0631\u0629 \u0627\u0644\u0645\u0644\u0648\u0646\u0629 \u0644\u062a\u063a\u0637\u064a\u0629 \u0627\u0644\u0623\u0633\u0646\u0627\u0646 \u0627\u0644\u062a\u0627\u0644\u0641\u0629 \u0623\u0648 \u0627\u0644\u0645\u0641\u0642\u0648\u062f\u0629.<\/li><li data-sourcepos=\"31:1-31:127\"><strong>\u0627\u0644\u062a\u064a\u062c\u0627\u0646<\/strong>\u00a0\u062a\u0633\u062a\u062e\u062f\u0645 \u0642\u0634\u0648\u0631 \u062e\u0634\u0628\u064a\u0629 \u0623\u0643\u0628\u0631 \u062d\u062c\u0645\u0627\u064b \u0628\u0644\u0648\u0646 \u0627\u0644\u0623\u0633\u0646\u0627\u0646 \u0644\u062a\u063a\u0637\u064a\u0629 \u0648\u062f\u0639\u0645 \u0627\u0644\u0623\u0633\u0646\u0627\u0646 \u0627\u0644\u062a\u0627\u0644\u0641\u0629 \u0623\u0648 \u0627\u0644\u0645\u0641\u0642\u0648\u062f\u0629 \u0628\u0627\u0644\u0643\u0627\u0645\u0644.<\/li><li data-sourcepos=\"32:1-32:96\"><strong>\u0627\u0644\u062c\u0633\u0648\u0631<\/strong>\u00a0\u0645\u062c\u0645\u0648\u0639\u0629 \u0645\u0646 \u0627\u0644\u062a\u064a\u062c\u0627\u0646 \u062a\u064f\u0633\u062a\u062e\u062f\u0645 \u0644\u0631\u0628\u0637 \u0627\u062b\u0646\u064a\u0646 \u0623\u0648 \u0623\u0643\u062b\u0631 \u0645\u0646 \u0627\u0644\u0623\u0633\u0646\u0627\u0646 \u0627\u0644\u0645\u0641\u0642\u0648\u062f\u0629.<\/li><li data-sourcepos=\"33:1-33:111\"><strong>\u0627\u0644\u0623\u0637\u0631\u0627\u0641 \u0627\u0644\u0627\u0635\u0637\u0646\u0627\u0639\u064a\u0629<\/strong>\u00a0\u0637\u0642\u0645 \u0623\u0633\u0646\u0627\u0646 \u0627\u0635\u0637\u0646\u0627\u0639\u064a\u0629 \u0642\u0627\u0628\u0644 \u0644\u0644\u0625\u0632\u0627\u0644\u0629 \u064a\u064f\u0633\u062a\u062e\u062f\u0645 \u0644\u0644\u0645\u0631\u0636\u0649 \u0627\u0644\u0630\u064a\u0646 \u0641\u0642\u062f\u0648\u0627 \u0623\u0633\u0646\u0627\u0646\u0647\u0645 \u0643\u0644\u0647\u0627 \u0623\u0648 \u062c\u0632\u0621 \u0645\u0646\u0647\u0627.<\/li><li data-sourcepos=\"34:1-34:88\"><strong>\u062a\u0628\u064a\u064a\u0636 \u0627\u0644\u0623\u0633\u0646\u0627\u0646:<\/strong>\u00a0\u064a\u0637\u0628\u0642 \u0639\u0644\u0627\u062c\u0627\u062a \u062a\u0628\u064a\u064a\u0636 \u0627\u0644\u0623\u0633\u0646\u0627\u0646 \u0644\u062a\u0641\u062a\u064a\u062d \u0644\u0648\u0646 \u0623\u0633\u0646\u0627\u0646\u0643.<\/li><li data-sourcepos=\"35:1-35:130\"><strong>\u0639\u0644\u0627\u062c \u062a\u0642\u0648\u064a\u0645 \u0627\u0644\u0623\u0633\u0646\u0627\u0646:<\/strong>\u00a0\u064a\u0637\u0628\u0642 \u0639\u0644\u0627\u062c \u062a\u0642\u0648\u064a\u0645 \u0627\u0644\u0623\u0633\u0646\u0627\u0646 \u0644\u0636\u0645\u0627\u0646 \u0627\u0644\u0646\u0645\u0648 \u0648\u0627\u0644\u062a\u0637\u0648\u0631 \u0627\u0644\u0633\u0644\u064a\u0645 \u0644\u0644\u0623\u0633\u0646\u0627\u0646 \u0648\u0627\u0644\u0641\u0643.<\/li><li data-sourcepos=\"36:1-36:83\"><strong>\u0639\u0644\u0627\u062c\u0627\u062a \u0627\u0644\u0644\u062b\u0629:<\/strong>\u00a0\u062a\u0634\u062e\u064a\u0635 \u0623\u0645\u0631\u0627\u0636 \u0627\u0644\u0644\u062b\u0629 \u0648\u0639\u0644\u0627\u062c\u0647\u0627 \u0648\u0627\u0644\u0648\u0642\u0627\u064a\u0629 \u0645\u0646\u0647\u0627.<\/li><li data-sourcepos=\"37:1-37:132\"><strong>\u0639\u0644\u0627\u062c \u062c\u0630\u0648\u0631 \u0627\u0644\u0623\u0633\u0646\u0627\u0646:<\/strong>\u00a0\u064a\u0642\u0648\u0645 \u0628\u0625\u062c\u0631\u0627\u0621 \u0639\u0645\u0644\u064a\u0627\u062a \u062a\u0634\u0645\u0644 \u062c\u0630\u0648\u0631 \u0627\u0644\u0623\u0633\u0646\u0627\u0646 \u0648\u0627\u0644\u0623\u0639\u0635\u0627\u0628 \u0644\u0639\u0644\u0627\u062c \u0623\u0644\u0645 \u0627\u0644\u0623\u0633\u0646\u0627\u0646 \u0648\u0627\u0644\u0639\u062f\u0648\u0649.<\/li><li data-sourcepos=\"38:1-39:0\"><strong>\u0632\u0631\u0627\u0639\u0629 \u0627\u0644\u0623\u0633\u0646\u0627\u0646:<\/strong>\u00a0\u064a\u062a\u0645 \u0648\u0636\u0639 \u0627\u0644\u063a\u0631\u0633\u0627\u062a \u0644\u062a\u0639\u0648\u064a\u0636 \u0641\u0642\u062f\u0627\u0646 \u0627\u0644\u0623\u0633\u0646\u0627\u0646.<\/li><\/ul><\/div><\/div><\/div><\/div><\/div><\/div><\/div><\/div>\t\t\t\t\t\t\t\t<\/div>\n\t\t\t\t<\/div>\n\t\t\t\t\t<\/div>\n\t\t<\/div>\n\t\t\t\t<div data-aos=\"\" class=\"elementor-column elementor-col-50 elementor-top-column elementor-element elementor-element-bc4d4c0 syd-sticky-section-no\" data-id=\"bc4d4c0\" data-element_type=\"column\" data-settings=\"{&quot;tp_sticky_col_effect_enable&quot;:false}\">\n\t\t\t<div class=\"elementor-widget-wrap elementor-element-populated\">\n\t\t\t\t\t\t<div class=\"elementor-element elementor-element-48dd569 syd-sticky-section-no elementor-widget elementor-widget-image\" data-id=\"48dd569\" data-element_type=\"widget\" data-widget_type=\"image.default\">\n\t\t\t\t<div class=\"elementor-widget-container\">\n\t\t\t\t\t\t\t\t\t<\/div>\n\t\t\t\t<\/div>\n\t\t\t\t<div class=\"elementor-element elementor-element-8476e36 syd-sticky-section-no elementor-widget elementor-widget-text-editor\" data-id=\"8476e36\" data-element_type=\"widget\" data-widget_type=\"text-editor.default\">\n\t\t\t\t<div class=\"elementor-widget-container\">\n\t\t\t\t\t\t\t\t\t<p data-sourcepos=\"40:1-40:34\"><strong>\u0645\u0627 \u0623\u0647\u0645\u064a\u0629 \u0637\u0628 \u0627\u0644\u0623\u0633\u0646\u0627\u0646\u061f<\/strong><\/p><p data-sourcepos=\"42:1-42:220\">\u0627\u0644\u0623\u0633\u0646\u0627\u0646 \u0648\u0627\u0644\u0644\u062b\u0629 \u0627\u0644\u0633\u0644\u064a\u0645\u0629 \u0645\u0647\u0645\u0629 \u0644\u0644\u0635\u062d\u0629 \u0627\u0644\u0639\u0627\u0645\u0629 \u0627\u0644\u062c\u064a\u062f\u0629. \u064a\u0645\u0643\u0646 \u0623\u0646 \u064a\u0624\u062f\u064a \u062a\u0633\u0648\u0633 \u0627\u0644\u0623\u0633\u0646\u0627\u0646 \u0648\u0623\u0645\u0631\u0627\u0636 \u0627\u0644\u0644\u062b\u0629 \u0648\u0645\u0634\u0627\u0643\u0644 \u0627\u0644\u0623\u0633\u0646\u0627\u0646 \u0627\u0644\u0623\u062e\u0631\u0649 \u0625\u0644\u0649 \u0627\u0644\u0623\u0644\u0645 \u0648\u0627\u0644\u0639\u062f\u0648\u0649 \u0648\u062d\u062a\u0649 \u0625\u0644\u0649 \u0645\u0634\u0627\u0643\u0644 \u0635\u062d\u064a\u0629 \u062e\u0637\u064a\u0631\u0629 \u0645\u062b\u0644 \u0623\u0645\u0631\u0627\u0636 \u0627\u0644\u0642\u0644\u0628 \u0648\u0627\u0644\u0633\u0643\u062a\u0629 \u0627\u0644\u062f\u0645\u0627\u063a\u064a\u0629 \u0648\u0627\u0644\u0633\u0643\u0631\u064a.<\/p><p data-sourcepos=\"44:1-44:149\">\u0627\u0644\u0632\u064a\u0627\u0631\u0627\u062a \u0627\u0644\u0645\u0646\u062a\u0638\u0645\u0629 \u0644\u0637\u0628\u064a\u0628 \u0627\u0644\u0623\u0633\u0646\u0627\u0646 \u0647\u064a \u0623\u0641\u0636\u0644 \u0637\u0631\u064a\u0642\u0629 \u0644\u0644\u062d\u0641\u0627\u0638 \u0639\u0644\u0649 \u0635\u062d\u0629 \u0623\u0633\u0646\u0627\u0646\u0643 \u0648\u0644\u062b\u062a\u0643 \u0648\u0644\u0644\u062a\u0634\u062e\u064a\u0635 \u0627\u0644\u0645\u0628\u0643\u0631 \u0644\u0645\u0634\u0627\u0643\u0644 \u0627\u0644\u0623\u0633\u0646\u0627\u0646 \u0648\u0639\u0644\u0627\u062c\u0647\u0627.<\/p><p data-sourcepos=\"1:1-1:29\"><strong>\u0637\u0628 \u0627\u0644\u0623\u0633\u0646\u0627\u0646 \u0641\u064a \u0625\u0633\u0637\u0646\u0628\u0648\u0644<\/strong><\/p><p data-sourcepos=\"3:1-3:226\">\u062a\u064f\u0639\u062f \u0645\u062f\u064a\u0646\u0629 \u0625\u0633\u0637\u0646\u0628\u0648\u0644 \u0628\u062a\u0631\u0643\u064a\u0627 \u0648\u0627\u062d\u062f\u0629 \u0645\u0646 \u0623\u0642\u062f\u0645 \u0648\u0623\u0647\u0645 \u0627\u0644\u0645\u062f\u0646 \u0641\u064a \u0627\u0644\u0639\u0627\u0644\u0645. \u0643\u0645\u0627 \u0623\u0646\u0647\u0627 \u0648\u0627\u062d\u062f\u0629 \u0645\u0646 \u0623\u0634\u0647\u0631 \u0648\u062c\u0647\u0627\u062a \u0627\u0644\u0633\u064a\u0627\u062d\u0629 \u0627\u0644\u0635\u062d\u064a\u0629 \u0641\u064a \u0627\u0644\u0639\u0627\u0644\u0645. \u064a\u064f\u0639\u062f \u0637\u0628 \u0627\u0644\u0623\u0633\u0646\u0627\u0646 \u0645\u0646 \u0628\u064a\u0646 \u0627\u0644\u062e\u062f\u0645\u0627\u062a \u0627\u0644\u0635\u062d\u064a\u0629 \u0627\u0644\u0623\u0643\u062b\u0631 \u0634\u0639\u0628\u064a\u0629 \u0627\u0644\u062a\u064a \u062a\u064f\u0642\u062f\u064e\u0651\u0645 \u0641\u064a \u0625\u0633\u0637\u0646\u0628\u0648\u0644.<\/p><p data-sourcepos=\"5:1-5:264\">\u0647\u0646\u0627\u0643 \u0639\u062f\u0629 \u0623\u0633\u0628\u0627\u0628 \u0644\u0645\u0645\u0627\u0631\u0633\u0629 \u0637\u0628 \u0627\u0644\u0623\u0633\u0646\u0627\u0646 \u0641\u064a \u0625\u0633\u0637\u0646\u0628\u0648\u0644. \u0623\u0648\u0644\u0627\u064b\u060c \u062a\u0639\u062f \u0625\u0633\u0637\u0646\u0628\u0648\u0644 \u0645\u0648\u0637\u0646\u0627\u064b \u0644\u0628\u0639\u0636 \u0623\u0641\u0636\u0644 \u0623\u0637\u0628\u0627\u0621 \u0627\u0644\u0623\u0633\u0646\u0627\u0646 \u0641\u064a \u0627\u0644\u0639\u0627\u0644\u0645. \u0648\u064a\u062a\u0627\u0628\u0639 \u0623\u0637\u0628\u0627\u0621 \u0627\u0644\u0623\u0633\u0646\u0627\u0646 \u0647\u0624\u0644\u0627\u0621 \u0623\u062d\u062f\u062b \u0627\u0644\u062a\u0637\u0648\u0631\u0627\u062a \u0641\u064a \u0645\u062c\u0627\u0644 \u0637\u0628 \u0627\u0644\u0623\u0633\u0646\u0627\u0646 \u0648\u064a\u0642\u062f\u0645\u0648\u0646 \u0623\u0639\u0644\u0649 \u0645\u0633\u062a\u0648\u064a\u0627\u062a \u0627\u0644\u062c\u0648\u062f\u0629 \u0641\u064a \u0627\u0644\u0639\u0644\u0627\u062c.<\/p><p data-sourcepos=\"7:1-7:219\">\u062b\u0627\u0646\u064a\u0627\u064b\u060c \u062e\u062f\u0645\u0627\u062a \u0637\u0628 \u0627\u0644\u0623\u0633\u0646\u0627\u0646 \u0641\u064a \u0625\u0633\u0637\u0646\u0628\u0648\u0644 \u0645\u064a\u0633\u0648\u0631\u0629 \u0627\u0644\u062a\u0643\u0644\u0641\u0629 \u0645\u0642\u0627\u0631\u0646\u0629\u064b \u0628\u0627\u0644\u0639\u062f\u064a\u062f \u0645\u0646 \u0627\u0644\u0645\u0646\u0627\u0637\u0642 \u0627\u0644\u0623\u062e\u0631\u0649 \u0641\u064a \u0627\u0644\u0639\u0627\u0644\u0645. \u0648\u0647\u0630\u0627 \u064a\u062c\u0639\u0644 \u0645\u0646 \u0625\u0633\u0637\u0646\u0628\u0648\u0644 \u062e\u064a\u0627\u0631\u0627\u064b \u062c\u0630\u0627\u0628\u0627\u064b \u0644\u0644\u0645\u0631\u0636\u0649 \u0627\u0644\u0630\u064a\u0646 \u064a\u0628\u062d\u062b\u0648\u0646 \u0639\u0646 \u062e\u064a\u0627\u0631\u0627\u062a \u0645\u064a\u0633\u0648\u0631\u0629 \u0627\u0644\u062a\u0643\u0644\u0641\u0629 \u0644\u0637\u0628 \u0627\u0644\u0623\u0633\u0646\u0627\u0646.<\/p><p data-sourcepos=\"9:1-9:174\">\u062b\u0627\u0644\u062b\u0627\u064b\u060c \u062a\u064f\u0639\u062f\u0651 \u0625\u0633\u0637\u0646\u0628\u0648\u0644 \u0645\u062f\u064a\u0646\u0629 \u0646\u0627\u0628\u0636\u0629 \u0628\u0627\u0644\u062d\u064a\u0627\u0629 \u0648\u0639\u0627\u0644\u0645\u064a\u0629 \u0648\u0644\u062f\u064a\u0647\u0627 \u0627\u0644\u0643\u062b\u064a\u0631 \u0644\u062a\u0642\u062f\u0645\u0647 \u0644\u0644\u0632\u0627\u0626\u0631\u064a\u0646. \u0648\u0647\u0630\u0627 \u064a\u0645\u0643\u0646 \u0623\u0646 \u064a\u062c\u0639\u0644 \u0631\u062d\u0644\u0629 \u0639\u0644\u0627\u062c \u0627\u0644\u0623\u0633\u0646\u0627\u0646 \u062a\u062c\u0631\u0628\u0629 \u0645\u0645\u062a\u0639\u0629 \u0644\u0627 \u062a\u064f\u0646\u0633\u0649.<\/p>\t\t\t\t\t\t\t\t<\/div>\n\t\t\t\t<\/div>\n\t\t\t\t\t<\/div>\n\t\t<\/div>\n\t\t\t\t\t<\/div>\n\t\t<\/section>\n\t\t\t\t<section class=\"elementor-section elementor-top-section elementor-element elementor-element-0202058 elementor-section-content-middle elementor-section-boxed elementor-section-height-default elementor-section-height-default tp-parallax-no syd-sticky-section-no\" data-id=\"0202058\" data-element_type=\"section\" data-settings=\"{&quot;background_background&quot;:&quot;classic&quot;,&quot;tp_sticky_sec_effect_enable&quot;:false}\">\n\t\t\t\t\t\t<div class=\"elementor-container elementor-column-gap-default\">\n\t\t\t\t\t<div data-aos=\"\" class=\"elementor-column elementor-col-50 elementor-top-column elementor-element elementor-element-76846c7 syd-sticky-section-no\" data-id=\"76846c7\" data-element_type=\"column\" data-settings=\"{&quot;tp_sticky_col_effect_enable&quot;:false}\">\n\t\t\t<div class=\"elementor-widget-wrap elementor-element-populated\">\n\t\t\t\t\t\t<div class=\"elementor-element elementor-element-2f05a8b syd-sticky-section-no elementor-widget elementor-widget-heading\" data-id=\"2f05a8b\" data-element_type=\"widget\" data-widget_type=\"heading.default\">\n\t\t\t\t<div class=\"elementor-widget-container\">\n\t\t\t\t\t<h2 class=\"elementor-heading-title elementor-size-default\">\u0647\u0644 \u0644\u062f\u064a\u0643 \u0623\u064a \u0623\u0633\u0626\u0644\u0629\u061f<\/h2>\t\t\t\t<\/div>\n\t\t\t\t<\/div>\n\t\t\t\t\t<\/div>\n\t\t<\/div>\n\t\t\t\t<div data-aos=\"\" class=\"elementor-column elementor-col-50 elementor-top-column elementor-element elementor-element-6816d86 syd-sticky-section-no\" data-id=\"6816d86\" data-element_type=\"column\" data-settings=\"{&quot;tp_sticky_col_effect_enable&quot;:false}\">\n\t\t\t<div class=\"elementor-widget-wrap elementor-element-populated\">\n\t\t\t\t\t\t<div class=\"elementor-element elementor-element-2ce152d elementor-align-right elementor-mobile-align-center syd-sticky-section-no elementor-widget elementor-widget-button\" data-id=\"2ce152d\" data-element_type=\"widget\" data-widget_type=\"button.default\">\n\t\t\t\t<div class=\"elementor-widget-container\">\n\t\t\t\t\t\t\t\t\t<div class=\"elementor-button-wrapper\">\n\t\t\t\t\t<a class=\"elementor-button elementor-button-link elementor-size-sm\" href=\"https:\/\/healthagentsturkey.com\/ar\/iletisim\/\">\n\t\t\t\t\t\t<span class=\"elementor-button-content-wrapper\">\n\t\t\t\t\t\t\t\t\t<span class=\"elementor-button-text\">\u0627\u062a\u0635\u0644 \u0628\u0646\u0627<\/span>\n\t\t\t\t\t<\/span>\n\t\t\t\t\t<\/a>\n\t\t\t\t<\/div>\n\t\t\t\t\t\t\t\t<\/div>\n\t\t\t\t<\/div>\n\t\t\t\t\t<\/div>\n\t\t<\/div>\n\t\t\t\t\t<\/div>\n\t\t<\/section>\n\t\t\t\t<\/div>","protected":false},"excerpt":{"rendered":"<p>TEDAV\u0130LER Di\u015f Tedavileri Di\u015f Hekimli\u011fi Nedir? Di\u015f hekimli\u011fi, di\u015f ve a\u011f\u0131z sa\u011fl\u0131\u011f\u0131 ile ilgilenen bir t\u0131p dal\u0131d\u0131r. Di\u015f hekimleri, di\u015fleri, di\u015f etlerini, [&hellip;]<\/p>","protected":false},"author":1,"featured_media":0,"parent":899,"menu_order":0,"comment_status":"closed","ping_status":"closed","template":"elementor_header_footer","meta":{"_eb_attr":"","footnotes":""},"class_list":["post-928","page","type-page","status-publish","hentry"],"_links":{"self":[{"href":"https:\/\/healthagentsturkey.com\/ar\/wp-json\/wp\/v2\/pages\/928","targetHints":{"allow":["GET"]}}],"collection":[{"href":"https:\/\/healthagentsturkey.com\/ar\/wp-json\/wp\/v2\/pages"}],"about":[{"href":"https:\/\/healthagentsturkey.com\/ar\/wp-json\/wp\/v2\/types\/page"}],"author":[{"embeddable":true,"href":"https:\/\/healthagentsturkey.com\/ar\/wp-json\/wp\/v2\/users\/1"}],"replies":[{"embeddable":true,"href":"https:\/\/healthagentsturkey.com\/ar\/wp-json\/wp\/v2\/comments?post=928"}],"version-history":[{"count":1,"href":"https:\/\/healthagentsturkey.com\/ar\/wp-json\/wp\/v2\/pages\/928\/revisions"}],"predecessor-version":[{"id":4762,"href":"https:\/\/healthagentsturkey.com\/ar\/wp-json\/wp\/v2\/pages\/928\/revisions\/4762"}],"up":[{"embeddable":true,"href":"https:\/\/healthagentsturkey.com\/ar\/wp-json\/wp\/v2\/pages\/899"}],"wp:attachment":[{"href":"https:\/\/healthagentsturkey.com\/ar\/wp-json\/wp\/v2\/media?parent=928"}],"curies":[{"name":"wp","href":"https:\/\/api.w.org\/{rel}","templated":true}]}}