{"id":906,"date":"2023-11-12T08:49:17","date_gmt":"2023-11-12T08:49:17","guid":{"rendered":"https:\/\/healthagentsturkey.com\/?page_id=906"},"modified":"2023-12-29T06:32:55","modified_gmt":"2023-12-29T03:32:55","slug":"konaklama","status":"publish","type":"page","link":"https:\/\/healthagentsturkey.com\/ar\/hizmetler\/konaklama\/","title":{"rendered":"\u062e\u062f\u0645\u0627\u062a \u0627\u0644\u0625\u0642\u0627\u0645\u0629"},"content":{"rendered":"<div data-elementor-type=\"wp-page\" data-elementor-id=\"906\" class=\"elementor elementor-906\" data-elementor-post-type=\"page\">\n\t\t\t\t\t\t<section class=\"elementor-section elementor-top-section elementor-element elementor-element-eedafb9 elementor-section-content-middle elementor-section-boxed elementor-section-height-default elementor-section-height-default tp-parallax-no syd-sticky-section-no\" data-id=\"eedafb9\" data-element_type=\"section\" data-settings=\"{&quot;tp_sticky_sec_effect_enable&quot;:false}\">\n\t\t\t\t\t\t<div class=\"elementor-container elementor-column-gap-default\">\n\t\t\t\t\t<div data-aos=\"\" class=\"elementor-column elementor-col-50 elementor-top-column elementor-element elementor-element-571508b syd-sticky-section-no\" data-id=\"571508b\" data-element_type=\"column\" data-settings=\"{&quot;tp_sticky_col_effect_enable&quot;:false}\">\n\t\t\t<div class=\"elementor-widget-wrap elementor-element-populated\">\n\t\t\t\t\t\t<div class=\"elementor-element elementor-element-2fc2cb6 syd-sticky-section-no elementor-widget elementor-widget-heading\" data-id=\"2fc2cb6\" data-element_type=\"widget\" data-widget_type=\"heading.default\">\n\t\t\t\t<div class=\"elementor-widget-container\">\n\t\t\t\t\t<h2 class=\"elementor-heading-title elementor-size-default\">\u062e\u062f\u0645\u0627\u062a \u0627\u0644\u0625\u0642\u0627\u0645\u0629<\/h2>\t\t\t\t<\/div>\n\t\t\t\t<\/div>\n\t\t\t\t<div class=\"elementor-element elementor-element-1cf0f1c syd-sticky-section-no elementor-widget elementor-widget-text-editor\" data-id=\"1cf0f1c\" data-element_type=\"widget\" data-widget_type=\"text-editor.default\">\n\t\t\t\t<div class=\"elementor-widget-container\">\n\t\t\t\t\t\t\t\t\t<p><strong>\u00a0 \u00a0\u062e\u062f\u0645\u0627\u062a \u0627\u0644\u0625\u0642\u0627\u0645\u0629<\/strong>\u062a\u0647\u062f\u0641 \u0625\u0644\u0649 \u0636\u0645\u0627\u0646 \u062d\u0635\u0648\u0644 \u0627\u0644\u0645\u0631\u0636\u0649 \u0648\u0645\u0631\u0627\u0641\u0642\u064a\u0647\u0645 \u0639\u0644\u0649 \u062a\u062c\u0631\u0628\u0629 \u0625\u0642\u0627\u0645\u0629 \u0645\u0631\u064a\u062d\u0629 \u0641\u064a \u0646\u0637\u0627\u0642 \u0627\u0644\u0633\u064a\u0627\u062d\u0629 \u0627\u0644\u0635\u062d\u064a\u0629. \u062a\u0634\u0645\u0644 \u062e\u062f\u0645\u0627\u062a \u0627\u0644\u0625\u0642\u0627\u0645\u0629 \u0627\u0644\u0645\u0642\u062f\u0645\u0629 \u0641\u064a \u0648\u062c\u0647\u0627\u062a \u0627\u0644\u0633\u064a\u0627\u062d\u0629 \u0627\u0644\u0635\u062d\u064a\u0629 \u0639\u0627\u062f\u0629\u064b \u0641\u0646\u0627\u062f\u0642 \u0641\u0627\u062e\u0631\u0629 \u0645\u0646 \u0641\u0626\u0629 5 \u0646\u062c\u0648\u0645. \u062a\u0648\u0641\u0631 \u0647\u0630\u0647 \u0627\u0644\u0641\u0646\u0627\u062f\u0642 \u0648\u0633\u0627\u0626\u0644 \u0627\u0644\u0631\u0627\u062d\u0629 \u0627\u0644\u062d\u062f\u064a\u062b\u0629 \u0648\u0627\u0644\u063a\u0631\u0641 \u0627\u0644\u0645\u0631\u064a\u062d\u0629 \u0648\u0627\u0644\u062e\u062f\u0645\u0627\u062a \u0627\u0644\u0645\u062a\u062e\u0635\u0635\u0629\u060c \u0645\u0645\u0627 \u064a\u0648\u0641\u0631 \u0627\u0644\u0631\u0627\u062d\u0629 \u0627\u0644\u062a\u064a \u064a\u062d\u062a\u0627\u062c\u0647\u0627 \u0627\u0644\u0645\u0631\u0636\u0649 \u0637\u0648\u0627\u0644 \u0641\u062a\u0631\u0629 \u0627\u0644\u0639\u0644\u0627\u062c. \u0628\u0627\u0644\u0625\u0636\u0627\u0641\u0629 \u0625\u0644\u0649 \u0630\u0644\u0643\u060c \u0645\u0639 \u0648\u0636\u0639 \u0627\u0644\u0645\u0631\u0627\u0641\u0642\u064a\u0646 \u0641\u064a \u0627\u0644\u0627\u0639\u062a\u0628\u0627\u0631\u060c \u064a\u0645\u0643\u0646 \u0623\u0646 \u062a\u0648\u0641\u0631 \u062d\u0644\u0648\u0644 \u0627\u0644\u0625\u0642\u0627\u0645\u0629 \u0644\u062f\u064a\u0646\u0627 \u063a\u0631\u0641\u0627\u064b \u062e\u0627\u0635\u0629 \u0644\u0644\u0645\u0631\u0627\u0641\u0642\u064a\u0646 \u0648\u062e\u064a\u0627\u0631\u0627\u062a \u0648\u062c\u0628\u0627\u062a \u062e\u0627\u0635\u0629 \u0648\u062e\u062f\u0645\u0627\u062a \u0645\u062e\u0635\u0635\u0629. \u0645\u0646 \u062e\u0644\u0627\u0644 \u0627\u0639\u062a\u0645\u0627\u062f \u0646\u0647\u062c \u064a\u0631\u0643\u0632 \u0639\u0644\u0649 \u0627\u0644\u0645\u0631\u064a\u0636\u060c \u062a\u0647\u062f\u0641 \u062e\u062f\u0645\u0627\u062a \u0627\u0644\u0625\u0642\u0627\u0645\u0629 \u0627\u0644\u0633\u064a\u0627\u062d\u064a\u0629 \u0627\u0644\u0635\u062d\u064a\u0629 \u0625\u0644\u0649 \u062a\u0642\u0644\u064a\u0644 \u0627\u0644\u0635\u0639\u0648\u0628\u0627\u062a \u0641\u064a \u0639\u0645\u0644\u064a\u0629 \u0627\u0644\u0639\u0644\u0627\u062c \u0648\u0625\u0631\u0627\u062d\u0629 \u0627\u0644\u0645\u0631\u0636\u0649. \u0648\u0628\u0647\u0630\u0647 \u0627\u0644\u0637\u0631\u064a\u0642\u0629\u060c \u064a\u0645\u0643\u0646 \u0644\u0644\u0645\u0631\u0636\u0649 \u0648\u0645\u0631\u0627\u0641\u0642\u064a\u0647\u0645 \u0625\u0643\u0645\u0627\u0644 \u0627\u0644\u0639\u0645\u0644\u064a\u0629 \u0628\u0633\u0644\u0627\u0645 \u0645\u0646 \u062e\u0644\u0627\u0644 \u0627\u0644\u0627\u0633\u062a\u0641\u0627\u062f\u0629 \u0645\u0646 \u062a\u062c\u0631\u0628\u0629 \u0627\u0644\u0625\u0642\u0627\u0645\u0629 \u0648\u0643\u0630\u0644\u0643 \u0639\u0645\u0644\u064a\u0629 \u0627\u0644\u0639\u0644\u0627\u062c.<\/p>\t\t\t\t\t\t\t\t<\/div>\n\t\t\t\t<\/div>\n\t\t\t\t\t<\/div>\n\t\t<\/div>\n\t\t\t\t<div data-aos=\"\" class=\"elementor-column elementor-col-50 elementor-top-column elementor-element elementor-element-bc4d4c0 syd-sticky-section-no\" data-id=\"bc4d4c0\" data-element_type=\"column\" data-settings=\"{&quot;tp_sticky_col_effect_enable&quot;:false}\">\n\t\t\t<div class=\"elementor-widget-wrap elementor-element-populated\">\n\t\t\t\t\t\t<div class=\"elementor-element elementor-element-48dd569 syd-sticky-section-no elementor-widget elementor-widget-image\" data-id=\"48dd569\" data-element_type=\"widget\" data-widget_type=\"image.default\">\n\t\t\t\t<div class=\"elementor-widget-container\">\n\t\t\t\t\t\t\t\t\t\t\t\t\t\t\t<img fetchpriority=\"high\" decoding=\"async\" width=\"1024\" height=\"660\" src=\"https:\/\/healthagentsturkey.com\/wp-content\/uploads\/2023\/11\/konaklama.jpg\" class=\"attachment-large size-large wp-image-1999\" alt=\"\" srcset=\"https:\/\/healthagentsturkey.com\/wp-content\/uploads\/2023\/11\/konaklama.jpg.webp 1024w, https:\/\/healthagentsturkey.com\/wp-content\/uploads\/2023\/11\/konaklama-300x193.jpg.webp 300w, https:\/\/healthagentsturkey.com\/wp-content\/uploads\/2023\/11\/konaklama-768x495.jpg.webp 768w, https:\/\/healthagentsturkey.com\/wp-content\/uploads\/2023\/11\/konaklama-1000x645.jpg.webp 1000w, https:\/\/healthagentsturkey.com\/wp-content\/uploads\/2023\/11\/konaklama-230x148.jpg.webp 230w, https:\/\/healthagentsturkey.com\/wp-content\/uploads\/2023\/11\/konaklama-350x226.jpg.webp 350w, https:\/\/healthagentsturkey.com\/wp-content\/uploads\/2023\/11\/konaklama-480x309.jpg.webp 480w\" sizes=\"(max-width: 1024px) 100vw, 1024px\" \/>\t\t\t\t\t\t\t\t\t\t\t\t\t\t\t<\/div>\n\t\t\t\t<\/div>\n\t\t\t\t\t<\/div>\n\t\t<\/div>\n\t\t\t\t\t<\/div>\n\t\t<\/section>\n\t\t\t\t<section class=\"elementor-section elementor-top-section elementor-element elementor-element-27f8df4 elementor-section-content-middle elementor-section-boxed elementor-section-height-default elementor-section-height-default tp-parallax-no syd-sticky-section-no\" data-id=\"27f8df4\" data-element_type=\"section\" data-settings=\"{&quot;background_background&quot;:&quot;classic&quot;,&quot;tp_sticky_sec_effect_enable&quot;:false}\">\n\t\t\t\t\t\t<div class=\"elementor-container elementor-column-gap-default\">\n\t\t\t\t\t<div data-aos=\"\" class=\"elementor-column elementor-col-50 elementor-top-column elementor-element elementor-element-5732dea syd-sticky-section-no\" data-id=\"5732dea\" data-element_type=\"column\" data-settings=\"{&quot;tp_sticky_col_effect_enable&quot;:false}\">\n\t\t\t<div class=\"elementor-widget-wrap elementor-element-populated\">\n\t\t\t\t\t\t<div class=\"elementor-element elementor-element-0760a8e syd-sticky-section-no elementor-widget elementor-widget-heading\" data-id=\"0760a8e\" data-element_type=\"widget\" data-widget_type=\"heading.default\">\n\t\t\t\t<div class=\"elementor-widget-container\">\n\t\t\t\t\t<h2 class=\"elementor-heading-title elementor-size-default\">\u0647\u0644 \u0644\u062f\u064a\u0643 \u0623\u064a \u0623\u0633\u0626\u0644\u0629\u061f<\/h2>\t\t\t\t<\/div>\n\t\t\t\t<\/div>\n\t\t\t\t\t<\/div>\n\t\t<\/div>\n\t\t\t\t<div data-aos=\"\" class=\"elementor-column elementor-col-50 elementor-top-column elementor-element elementor-element-6a4fe07 syd-sticky-section-no\" data-id=\"6a4fe07\" data-element_type=\"column\" data-settings=\"{&quot;tp_sticky_col_effect_enable&quot;:false}\">\n\t\t\t<div class=\"elementor-widget-wrap elementor-element-populated\">\n\t\t\t\t\t\t<div class=\"elementor-element elementor-element-1d5528e elementor-align-right elementor-mobile-align-center syd-sticky-section-no elementor-widget elementor-widget-button\" data-id=\"1d5528e\" data-element_type=\"widget\" data-widget_type=\"button.default\">\n\t\t\t\t<div class=\"elementor-widget-container\">\n\t\t\t\t\t\t\t\t\t<div class=\"elementor-button-wrapper\">\n\t\t\t\t\t<a class=\"elementor-button elementor-button-link elementor-size-sm\" href=\"https:\/\/healthagentsturkey.com\/ar\/iletisim\/\">\n\t\t\t\t\t\t<span class=\"elementor-button-content-wrapper\">\n\t\t\t\t\t\t\t\t\t<span class=\"elementor-button-text\">\u0627\u062a\u0635\u0644 \u0628\u0646\u0627<\/span>\n\t\t\t\t\t<\/span>\n\t\t\t\t\t<\/a>\n\t\t\t\t<\/div>\n\t\t\t\t\t\t\t\t<\/div>\n\t\t\t\t<\/div>\n\t\t\t\t\t<\/div>\n\t\t<\/div>\n\t\t\t\t\t<\/div>\n\t\t<\/section>\n\t\t\t\t<\/div>","protected":false},"excerpt":{"rendered":"<p>Konaklama Hizmetleri \u00a0 \u00a0Konaklama hizmetleri, sa\u011fl\u0131k turizmi kapsam\u0131nda hastalar\u0131n ve refakat\u00e7ilerinin konforlu bir konaklama deneyimi ya\u015famas\u0131n\u0131 sa\u011flamay\u0131 ama\u00e7lar. Sa\u011fl\u0131k turizmi destinasyonlar\u0131nda sunulan [&hellip;]<\/p>","protected":false},"author":1,"featured_media":0,"parent":556,"menu_order":0,"comment_status":"closed","ping_status":"closed","template":"page-templates\/page_front-page.php","meta":{"_eb_attr":"","footnotes":""},"class_list":["post-906","page","type-page","status-publish","hentry"],"_links":{"self":[{"href":"https:\/\/healthagentsturkey.com\/ar\/wp-json\/wp\/v2\/pages\/906","targetHints":{"allow":["GET"]}}],"collection":[{"href":"https:\/\/healthagentsturkey.com\/ar\/wp-json\/wp\/v2\/pages"}],"about":[{"href":"https:\/\/healthagentsturkey.com\/ar\/wp-json\/wp\/v2\/types\/page"}],"author":[{"embeddable":true,"href":"https:\/\/healthagentsturkey.com\/ar\/wp-json\/wp\/v2\/users\/1"}],"replies":[{"embeddable":true,"href":"https:\/\/healthagentsturkey.com\/ar\/wp-json\/wp\/v2\/comments?post=906"}],"version-history":[{"count":0,"href":"https:\/\/healthagentsturkey.com\/ar\/wp-json\/wp\/v2\/pages\/906\/revisions"}],"up":[{"embeddable":true,"href":"https:\/\/healthagentsturkey.com\/ar\/wp-json\/wp\/v2\/pages\/556"}],"wp:attachment":[{"href":"https:\/\/healthagentsturkey.com\/ar\/wp-json\/wp\/v2\/media?parent=906"}],"curies":[{"name":"wp","href":"https:\/\/api.w.org\/{rel}","templated":true}]}}