{"id":401,"date":"2021-11-01T11:30:50","date_gmt":"2021-11-01T11:30:50","guid":{"rendered":"https:\/\/demo.athemes.com\/sydney-main\/?page_id=401"},"modified":"2023-12-18T15:37:40","modified_gmt":"2023-12-18T12:37:40","slug":"hakkimizda","status":"publish","type":"page","link":"https:\/\/healthagentsturkey.com\/ar\/hakkimizda\/","title":{"rendered":"\u0646\u0628\u0630\u0629 \u0639\u0646\u0627"},"content":{"rendered":"<div data-elementor-type=\"wp-page\" data-elementor-id=\"401\" class=\"elementor elementor-401\" data-elementor-post-type=\"page\">\n\t\t\t\t\t\t<section class=\"elementor-section elementor-top-section elementor-element elementor-element-eedafb9 elementor-section-content-middle elementor-section-boxed elementor-section-height-default elementor-section-height-default tp-parallax-no syd-sticky-section-no\" data-id=\"eedafb9\" data-element_type=\"section\" data-settings=\"{&quot;tp_sticky_sec_effect_enable&quot;:false}\">\n\t\t\t\t\t\t<div class=\"elementor-container elementor-column-gap-default\">\n\t\t\t\t\t<div data-aos=\"\" class=\"elementor-column elementor-col-50 elementor-top-column elementor-element elementor-element-571508b syd-sticky-section-no\" data-id=\"571508b\" data-element_type=\"column\" data-settings=\"{&quot;tp_sticky_col_effect_enable&quot;:false}\">\n\t\t\t<div class=\"elementor-widget-wrap elementor-element-populated\">\n\t\t\t\t\t\t<div class=\"elementor-element elementor-element-fb80230 syd-sticky-section-no elementor-widget elementor-widget-heading\" data-id=\"fb80230\" data-element_type=\"widget\" data-widget_type=\"heading.default\">\n\t\t\t\t<div class=\"elementor-widget-container\">\n\t\t\t\t\t<h6 class=\"elementor-heading-title elementor-size-default\">\u0648\u0643\u0644\u0627\u0621 \u0627\u0644\u0635\u062d\u0629<\/h6>\t\t\t\t<\/div>\n\t\t\t\t<\/div>\n\t\t\t\t<div class=\"elementor-element elementor-element-2fc2cb6 syd-sticky-section-no elementor-widget elementor-widget-heading\" data-id=\"2fc2cb6\" data-element_type=\"widget\" data-widget_type=\"heading.default\">\n\t\t\t\t<div class=\"elementor-widget-container\">\n\t\t\t\t\t<h2 class=\"elementor-heading-title elementor-size-default\">\u0646\u0628\u0630\u0629 \u0639\u0646\u0627<\/h2>\t\t\t\t<\/div>\n\t\t\t\t<\/div>\n\t\t\t\t<div class=\"elementor-element elementor-element-1cf0f1c syd-sticky-section-no elementor-widget elementor-widget-text-editor\" data-id=\"1cf0f1c\" data-element_type=\"widget\" data-widget_type=\"text-editor.default\">\n\t\t\t\t<div class=\"elementor-widget-container\">\n\t\t\t\t\t\t\t\t\t<p><strong>\u0648\u0643\u0644\u0627\u0621 \u0627\u0644\u0635\u062d\u0629<\/strong>\u0647\u064a \u0634\u0631\u0643\u0629 \u0646\u0627\u0634\u0626\u0629 \u0641\u064a \u0645\u062c\u0627\u0644 \u0627\u0644\u0631\u0639\u0627\u064a\u0629 \u0627\u0644\u0635\u062d\u064a\u0629 \u062a\u0642\u062f\u0645 \u0644\u0645\u0631\u0636\u0627\u0647\u0627 \u0645\u062c\u0645\u0648\u0639\u0629 \u0645\u062a\u0646\u0648\u0639\u0629 \u0645\u0646 \u0627\u0644\u062e\u062f\u0645\u0627\u062a\u060c \u0628\u0645\u0627 \u0641\u064a \u0630\u0644\u0643 \u0627\u0644\u0625\u062c\u0631\u0627\u0621\u0627\u062a \u0627\u0644\u062a\u062c\u0645\u064a\u0644\u064a\u0629 \u0648\u0625\u062c\u0631\u0627\u0621\u0627\u062a \u0637\u0628 \u0627\u0644\u0623\u0633\u0646\u0627\u0646. <strong>\u0648\u0643\u0644\u0627\u0621 \u0627\u0644\u0635\u062d\u0629<\/strong> \u0627\u0644\u0637\u0627\u0642\u0645 \u0627\u0644\u0637\u0628\u064a \u0627\u0644\u0645\u0648\u062c\u0648\u062f \u0641\u064a \u0627\u0644\u0645\u0648\u0642\u0639 \u0645\u062a\u062e\u0635\u0635\u0648\u0646 \u0641\u064a \u062a\u062e\u0635\u0635\u0627\u062a\u0647\u0645 \u0648\u064a\u0648\u0641\u0631\u0648\u0646 \u0644\u0644\u0645\u0631\u0636\u0649 \u0645\u0631\u0641\u0642\u0627\u064b \u062d\u062f\u064a\u062b\u0627\u064b \u0645\u062c\u0647\u0632\u0627\u064b \u0628\u0623\u062d\u062f\u062b \u0627\u0644\u062a\u0642\u0646\u064a\u0627\u062a \u0644\u062a\u0644\u0628\u064a\u0629 \u0623\u0639\u0644\u0649 \u0645\u0639\u0627\u064a\u064a\u0631 \u0627\u0644\u0631\u0639\u0627\u064a\u0629 \u0627\u0644\u0635\u062d\u064a\u0629 \u0648\u0627\u0644\u062c\u0645\u0627\u0644\u064a\u0629.<\/p><p><strong>\u0648\u0643\u0644\u0627\u0621 \u0627\u0644\u0635\u062d\u0629<\/strong>\u064a\u0642\u062f\u0645 \u0645\u062c\u0645\u0648\u0639\u0629 \u0645\u062a\u0646\u0648\u0639\u0629 \u0645\u0646 \u0627\u0644\u062e\u062f\u0645\u0627\u062a \u0627\u0644\u0637\u0628\u064a\u0629 \u0627\u0644\u062a\u064a \u062a\u062a\u0631\u0627\u0648\u062d \u0628\u064a\u0646 \u0627\u0644\u0625\u062c\u0631\u0627\u0621\u0627\u062a \u0627\u0644\u062a\u062c\u0645\u064a\u0644\u064a\u0629 \u063a\u064a\u0631 \u0627\u0644\u062c\u0631\u0627\u062d\u064a\u0629 \u0648\u0627\u0644\u0639\u0645\u0644\u064a\u0627\u062a \u0627\u0644\u062a\u062c\u0645\u064a\u0644\u064a\u0629 \u0627\u0644\u062c\u0631\u0627\u062d\u064a\u0629 \u0627\u0644\u0645\u0639\u0631\u0648\u0641\u0629 \u0645\u062b\u0644 \u0634\u0641\u0637 \u0627\u0644\u062f\u0647\u0648\u0646 \u0648\u0634\u062f \u0627\u0644\u0628\u0637\u0646 \u0648\u062a\u062c\u0645\u064a\u0644 \u0627\u0644\u0623\u0646\u0641 \u0648\u062a\u0643\u0628\u064a\u0631 \u0627\u0644\u062b\u062f\u064a. \u0643\u0645\u0627 \u064a\u0642\u062f\u0645 <strong>\u0648\u0643\u0644\u0627\u0621 \u0627\u0644\u0635\u062d\u0629<\/strong> \u064a\u0642\u062f\u0645 \u0623\u064a\u0636\u0627\u064b \u062e\u062f\u0645\u0627\u062a \u062c\u0631\u0627\u062d\u0629 \u0627\u0644\u0623\u064a\u0636. \u064a\u062a\u0645\u062a\u0639 \u0623\u0637\u0628\u0627\u0624\u0646\u0627 \u0627\u0644\u0645\u062a\u062e\u0635\u0635\u0648\u0646 \u0628\u062e\u0628\u0631\u0629 \u0648\u0627\u0633\u0639\u0629 \u0641\u064a \u0645\u062e\u062a\u0644\u0641 \u0627\u0644\u0645\u062c\u0627\u0644\u0627\u062a\u060c \u0628\u0645\u0627 \u0641\u064a \u0630\u0644\u0643 \u0639\u0644\u0627\u062c \u0627\u0644\u0633\u0645\u0646\u0629 \u0648\u062c\u0631\u0627\u062d\u0629 \u0627\u0644\u0623\u064a\u0636 \u0648\u0639\u0644\u0627\u062c \u0627\u0644\u0633\u0643\u0631\u064a.<\/p><p>\u062a\u0642\u0639 \u0641\u064a \u0625\u0633\u0637\u0646\u0628\u0648\u0644 <b>\u0648\u0643\u0644\u0627\u0621 \u0627\u0644\u0635\u062d\u0629<\/b>\u0644\u0627 \u062a\u0648\u0641\u0631 \u0627\u0644\u0639\u064a\u0627\u062f\u0629 \u0644\u0645\u0631\u0636\u0627\u0647\u0627 \u062e\u062f\u0645\u0629 \u0639\u0627\u0644\u064a\u0629 \u0627\u0644\u062c\u0648\u062f\u0629 \u0641\u062d\u0633\u0628\u060c \u0628\u0644 \u062a\u0648\u0641\u0631 \u0644\u0647\u0645 \u0623\u064a\u0636\u0627\u064b \u062c\u0648\u0627\u064b \u0639\u064a\u0627\u062f\u064a\u0627\u064b \u062a\u0645 \u062a\u0635\u0645\u064a\u0645\u0647 \u0628\u0639\u0646\u0627\u064a\u0629 \u0644\u0631\u0627\u062d\u062a\u0647\u0645 \u0648\u0631\u0627\u062d\u062a\u0647\u0645. <b>\u0648\u0643\u0644\u0627\u0621 \u0627\u0644\u0635\u062d\u0629<\/b>\u061b \u062a\u0648\u0641\u0631 \u062a\u062c\u0631\u0628\u0629 \u0645\u0646 \u0627\u0644\u062f\u0631\u062c\u0629 \u0627\u0644\u0623\u0648\u0644\u0649 \u0641\u064a \u0627\u0644\u0639\u062f\u064a\u062f \u0645\u0646 \u0627\u0644\u0645\u062c\u0627\u0644\u0627\u062a \u0645\u062b\u0644 \u0627\u0644\u062c\u0631\u0627\u062d\u0629 \u0627\u0644\u062a\u062c\u0645\u064a\u0644\u064a\u0629 \u0648\u062c\u0631\u0627\u062d\u0629 \u0627\u0644\u062a\u0645\u062b\u064a\u0644 \u0627\u0644\u063a\u0630\u0627\u0626\u064a \u0645\u0646 \u062e\u0644\u0627\u0644 \u062a\u0642\u062f\u064a\u0645 \u062e\u062f\u0645\u0629 \u0645\u062a\u0645\u064a\u0632\u0629 \u0644\u0645\u0631\u0636\u0627\u0647\u0627. <b>\u0648\u0643\u0644\u0627\u0621 \u0627\u0644\u0635\u062d\u0629<\/b>\u0625\u0646 \u0637\u0627\u0642\u0645\u0646\u0627 \u0627\u0644\u0637\u0628\u064a \u0627\u0644\u0645\u0627\u0647\u0631 \u0648\u0623\u062c\u0647\u0632\u062a\u0646\u0627 \u0627\u0644\u062a\u0643\u0646\u0648\u0644\u0648\u062c\u064a\u0629 \u0627\u0644\u062d\u062f\u064a\u062b\u0629 \u0648\u0645\u0631\u0627\u0641\u0642\u0646\u0627 \u0627\u0644\u062d\u062f\u064a\u062b\u0629 \u0642\u0627\u062f\u0631\u0629 \u0639\u0644\u0649 \u0643\u0633\u0628 \u062b\u0642\u0629 \u0627\u0644\u0645\u0631\u0636\u0649. \u0625\u0630\u0627 \u0643\u0646\u062a \u062a\u0628\u062d\u062b \u0639\u0646 \u062e\u062f\u0645\u0629 \u0630\u0627\u062a \u062e\u0628\u0631\u0629 \u0648\u062c\u0648\u062f\u0629 \u0639\u0627\u0644\u064a\u0629 \u0645\u062a\u062e\u0635\u0635\u0629 \u0641\u064a \u0627\u0644\u0635\u062d\u0629 \u0648\u0627\u0644\u062c\u0645\u0627\u0644 <b>\u0648\u0643\u0644\u0627\u0621 \u0627\u0644\u0635\u062d\u0629<\/b> \u0645\u0646 \u0623\u062c\u0644\u0643<\/p>\t\t\t\t\t\t\t\t<\/div>\n\t\t\t\t<\/div>\n\t\t\t\t\t<\/div>\n\t\t<\/div>\n\t\t\t\t<div data-aos=\"\" class=\"elementor-column elementor-col-50 elementor-top-column elementor-element elementor-element-bc4d4c0 syd-sticky-section-no\" data-id=\"bc4d4c0\" data-element_type=\"column\" data-settings=\"{&quot;tp_sticky_col_effect_enable&quot;:false}\">\n\t\t\t<div class=\"elementor-widget-wrap elementor-element-populated\">\n\t\t\t\t\t\t<div class=\"elementor-element elementor-element-48dd569 syd-sticky-section-no elementor-widget elementor-widget-image\" data-id=\"48dd569\" data-element_type=\"widget\" data-widget_type=\"image.default\">\n\t\t\t\t<div class=\"elementor-widget-container\">\n\t\t\t\t\t\t\t\t\t\t\t\t\t\t\t<img fetchpriority=\"high\" decoding=\"async\" width=\"802\" height=\"1024\" src=\"https:\/\/healthagentsturkey.com\/wp-content\/uploads\/2021\/11\/Rectangle-604-2-1-802x1024.jpg\" class=\"attachment-large size-large wp-image-409\" alt=\"\" srcset=\"https:\/\/healthagentsturkey.com\/wp-content\/uploads\/2021\/11\/Rectangle-604-2-1-802x1024.jpg 802w, https:\/\/healthagentsturkey.com\/wp-content\/uploads\/2021\/11\/Rectangle-604-2-1-235x300.jpg 235w, https:\/\/healthagentsturkey.com\/wp-content\/uploads\/2021\/11\/Rectangle-604-2-1-768x980.jpg 768w, https:\/\/healthagentsturkey.com\/wp-content\/uploads\/2021\/11\/Rectangle-604-2-1-230x294.jpg 230w, https:\/\/healthagentsturkey.com\/wp-content\/uploads\/2021\/11\/Rectangle-604-2-1-350x447.jpg 350w, https:\/\/healthagentsturkey.com\/wp-content\/uploads\/2021\/11\/Rectangle-604-2-1-480x613.jpg 480w, https:\/\/healthagentsturkey.com\/wp-content\/uploads\/2021\/11\/Rectangle-604-2-1.jpg 811w\" sizes=\"(max-width: 802px) 100vw, 802px\" \/>\t\t\t\t\t\t\t\t\t\t\t\t\t\t\t<\/div>\n\t\t\t\t<\/div>\n\t\t\t\t\t<\/div>\n\t\t<\/div>\n\t\t\t\t\t<\/div>\n\t\t<\/section>\n\t\t\t\t<section class=\"elementor-section elementor-top-section elementor-element elementor-element-cfed380 elementor-section-content-middle elementor-section-boxed elementor-section-height-default elementor-section-height-default tp-parallax-no syd-sticky-section-no\" data-id=\"cfed380\" data-element_type=\"section\" data-settings=\"{&quot;background_background&quot;:&quot;classic&quot;,&quot;tp_sticky_sec_effect_enable&quot;:false}\">\n\t\t\t\t\t\t<div class=\"elementor-container elementor-column-gap-default\">\n\t\t\t\t\t<div data-aos=\"\" class=\"elementor-column elementor-col-50 elementor-top-column elementor-element elementor-element-d8fac92 syd-sticky-section-no\" data-id=\"d8fac92\" data-element_type=\"column\" data-settings=\"{&quot;tp_sticky_col_effect_enable&quot;:false}\">\n\t\t\t<div class=\"elementor-widget-wrap elementor-element-populated\">\n\t\t\t\t\t\t<div class=\"elementor-element elementor-element-ea4173f elementor-widget__width-initial syd-sticky-section-no elementor-widget elementor-widget-heading\" data-id=\"ea4173f\" data-element_type=\"widget\" data-widget_type=\"heading.default\">\n\t\t\t\t<div class=\"elementor-widget-container\">\n\t\t\t\t\t<h2 class=\"elementor-heading-title elementor-size-default\">\u0647\u0644 \u0644\u062f\u064a\u0643 \u0623\u064a \u0627\u0642\u062a\u0631\u0627\u062d\u0627\u062a \u0644\u0646\u0627\u061f<\/h2>\t\t\t\t<\/div>\n\t\t\t\t<\/div>\n\t\t\t\t\t<\/div>\n\t\t<\/div>\n\t\t\t\t<div data-aos=\"\" class=\"elementor-column elementor-col-50 elementor-top-column elementor-element elementor-element-7aa5769 syd-sticky-section-no\" data-id=\"7aa5769\" data-element_type=\"column\" data-settings=\"{&quot;tp_sticky_col_effect_enable&quot;:false}\">\n\t\t\t<div class=\"elementor-widget-wrap elementor-element-populated\">\n\t\t\t\t\t\t<div class=\"elementor-element elementor-element-9c6e3e1 elementor-align-right elementor-mobile-align-center syd-sticky-section-no elementor-widget elementor-widget-button\" data-id=\"9c6e3e1\" data-element_type=\"widget\" data-widget_type=\"button.default\">\n\t\t\t\t<div class=\"elementor-widget-container\">\n\t\t\t\t\t\t\t\t\t<div class=\"elementor-button-wrapper\">\n\t\t\t\t\t<a class=\"elementor-button elementor-button-link elementor-size-sm\" href=\"https:\/\/healthagentsturkey.com\/ar\/iletisim\/\">\n\t\t\t\t\t\t<span class=\"elementor-button-content-wrapper\">\n\t\t\t\t\t\t\t\t\t<span class=\"elementor-button-text\">\u0627\u062a\u0635\u0644 \u0628\u0646\u0627<\/span>\n\t\t\t\t\t<\/span>\n\t\t\t\t\t<\/a>\n\t\t\t\t<\/div>\n\t\t\t\t\t\t\t\t<\/div>\n\t\t\t\t<\/div>\n\t\t\t\t\t<\/div>\n\t\t<\/div>\n\t\t\t\t\t<\/div>\n\t\t<\/section>\n\t\t\t\t<\/div>","protected":false},"excerpt":{"rendered":"<p>Health Agents Hakk\u0131m\u0131zda Health Agents, hastalar\u0131na estetik ve di\u015f prosed\u00fcrleri de dahil olmak \u00fczere \u00e7e\u015fitli hizmetler sunan geli\u015fmekte olan bir sa\u011fl\u0131k hizmeti [&hellip;]<\/p>","protected":false},"author":1,"featured_media":0,"parent":0,"menu_order":0,"comment_status":"closed","ping_status":"closed","template":"page-templates\/page_front-page.php","meta":{"_eb_attr":"","footnotes":""},"class_list":["post-401","page","type-page","status-publish","hentry"],"_links":{"self":[{"href":"https:\/\/healthagentsturkey.com\/ar\/wp-json\/wp\/v2\/pages\/401","targetHints":{"allow":["GET"]}}],"collection":[{"href":"https:\/\/healthagentsturkey.com\/ar\/wp-json\/wp\/v2\/pages"}],"about":[{"href":"https:\/\/healthagentsturkey.com\/ar\/wp-json\/wp\/v2\/types\/page"}],"author":[{"embeddable":true,"href":"https:\/\/healthagentsturkey.com\/ar\/wp-json\/wp\/v2\/users\/1"}],"replies":[{"embeddable":true,"href":"https:\/\/healthagentsturkey.com\/ar\/wp-json\/wp\/v2\/comments?post=401"}],"version-history":[{"count":0,"href":"https:\/\/healthagentsturkey.com\/ar\/wp-json\/wp\/v2\/pages\/401\/revisions"}],"wp:attachment":[{"href":"https:\/\/healthagentsturkey.com\/ar\/wp-json\/wp\/v2\/media?parent=401"}],"curies":[{"name":"wp","href":"https:\/\/api.w.org\/{rel}","templated":true}]}}