{"id":2910,"date":"2023-12-02T16:51:35","date_gmt":"2023-12-02T13:51:35","guid":{"rendered":"https:\/\/healthagentsturkey.com\/?page_id=2910"},"modified":"2026-02-25T10:31:57","modified_gmt":"2026-02-25T07:31:57","slug":"diz-cerrahisi","status":"publish","type":"page","link":"https:\/\/healthagentsturkey.com\/ar\/tedavi\/ortopedi\/diz-cerrahisi\/","title":{"rendered":"\u062c\u0631\u0627\u062d\u0629 \u0627\u0644\u0631\u0643\u0628\u0629"},"content":{"rendered":"<div data-elementor-type=\"wp-page\" data-elementor-id=\"2910\" class=\"elementor elementor-2910\" data-elementor-post-type=\"page\">\n\t\t\t\t\t\t<section class=\"elementor-section elementor-top-section elementor-element elementor-element-eedafb9 elementor-section-content-middle elementor-section-boxed elementor-section-height-default elementor-section-height-default tp-parallax-no syd-sticky-section-no\" data-id=\"eedafb9\" data-element_type=\"section\" data-settings=\"{&quot;tp_sticky_sec_effect_enable&quot;:false}\">\n\t\t\t\t\t\t<div class=\"elementor-container elementor-column-gap-default\">\n\t\t\t\t\t<div data-aos=\"\" class=\"elementor-column elementor-col-50 elementor-top-column elementor-element elementor-element-571508b syd-sticky-section-no\" data-id=\"571508b\" data-element_type=\"column\" data-settings=\"{&quot;tp_sticky_col_effect_enable&quot;:false}\">\n\t\t\t<div class=\"elementor-widget-wrap elementor-element-populated\">\n\t\t\t\t\t\t<div class=\"elementor-element elementor-element-2fc2cb6 syd-sticky-section-no elementor-widget elementor-widget-heading\" data-id=\"2fc2cb6\" data-element_type=\"widget\" data-widget_type=\"heading.default\">\n\t\t\t\t<div class=\"elementor-widget-container\">\n\t\t\t\t\t<h2 class=\"elementor-heading-title elementor-size-default\">\u062c\u0631\u0627\u062d\u0629 \u0627\u0644\u0631\u0643\u0628\u0629<\/h2>\t\t\t\t<\/div>\n\t\t\t\t<\/div>\n\t\t\t\t<div class=\"elementor-element elementor-element-cc5cdb2 syd-sticky-section-no elementor-widget elementor-widget-heading\" data-id=\"cc5cdb2\" data-element_type=\"widget\" data-widget_type=\"heading.default\">\n\t\t\t\t<div class=\"elementor-widget-container\">\n\t\t\t\t\t<h6 class=\"elementor-heading-title elementor-size-default\">\u062c\u062f\u0650\u0651\u062f \u0646\u0634\u0627\u0637\u0643 \u0645\u0639 \u0648\u0643\u0644\u0627\u0621 \u0627\u0644\u0635\u062d\u0629<\/h6>\t\t\t\t<\/div>\n\t\t\t\t<\/div>\n\t\t\t\t<div class=\"elementor-element elementor-element-1cf0f1c syd-sticky-section-no elementor-widget elementor-widget-text-editor\" data-id=\"1cf0f1c\" data-element_type=\"widget\" data-widget_type=\"text-editor.default\">\n\t\t\t\t<div class=\"elementor-widget-container\">\n\t\t\t\t\t\t\t\t\t<p>\u062a\u0647\u062f\u0641 \u062e\u0628\u0631\u062a\u0646\u0627 \u0641\u064a \u0627\u0644\u0633\u064a\u0627\u062d\u0629 \u0627\u0644\u0635\u062d\u064a\u0629 \u0625\u0644\u0649 \u062a\u0642\u062f\u064a\u0645 \u0623\u0641\u0636\u0644 \u062e\u062f\u0645\u0627\u062a \u062c\u0631\u0627\u062d\u0629 \u0627\u0644\u0639\u0638\u0627\u0645 \u0644\u0645\u0631\u0636\u0627\u0646\u0627 \u0645\u0646 \u062c\u0645\u064a\u0639 \u0623\u0646\u062d\u0627\u0621 \u0627\u0644\u0639\u0627\u0644\u0645. \u064a\u0645\u0643\u0646 \u0623\u0646 \u062a\u0642\u062f\u0645 \u062c\u0631\u0627\u062d\u0629 \u0627\u0644\u0631\u0643\u0628\u0629 \u062d\u0644\u0627\u064b \u0641\u0639\u0627\u0644\u0627\u064b \u0644\u0645\u062c\u0645\u0648\u0639\u0629 \u0645\u0646 \u0627\u0644\u0645\u0634\u0627\u0643\u0644 \u0627\u0644\u062a\u064a \u062a\u0639\u064a\u0642 \u062d\u0631\u064a\u0629 \u0627\u0644\u062d\u0631\u0643\u0629. \u064a\u0633\u0627\u0639\u062f \u0641\u0631\u064a\u0642 \u0627\u0644\u062e\u0628\u0631\u0627\u0621 \u0644\u062f\u064a\u0646\u0627 \u0645\u0631\u0636\u0627\u0646\u0627 \u0639\u0644\u0649 \u0627\u0644\u0639\u0648\u062f\u0629 \u0625\u0644\u0649 \u062d\u064a\u0627\u0629 \u0635\u062d\u064a\u0629 \u0648\u0646\u0634\u0637\u0629 \u0645\u0646 \u062e\u0644\u0627\u0644 \u0623\u062d\u062f\u062b \u0627\u0644\u0623\u0633\u0627\u0644\u064a\u0628 \u0627\u0644\u062c\u0631\u0627\u062d\u064a\u0629 \u0648\u062e\u0637\u0637 \u0627\u0644\u0639\u0644\u0627\u062c \u0627\u0644\u0634\u062e\u0635\u064a\u0629.<\/p><p>\u062a\u0642\u062f\u0645 \u0627\u0644\u062a\u0637\u0648\u0631\u0627\u062a \u0641\u064a \u062c\u0631\u0627\u062d\u0629 \u0627\u0644\u0631\u0643\u0628\u0629 \u0639\u0645\u0644\u064a\u0627\u062a \u0634\u0641\u0627\u0621 \u0623\u0633\u0631\u0639 \u0648\u0623\u0633\u0627\u0644\u064a\u0628 \u062c\u0631\u0627\u062d\u064a\u0629 \u0637\u0641\u064a\u0641\u0629 \u0627\u0644\u062a\u0648\u063a\u0644\u060c \u0645\u0645\u0627 \u064a\u0633\u0645\u062d \u0644\u0644\u0645\u0631\u0636\u0649 \u0628\u0627\u0644\u0627\u0633\u062a\u0631\u062e\u0627\u0621. \u0646\u0647\u062f\u0641 \u0625\u0644\u0649 \u062a\u062d\u0642\u064a\u0642 \u0623\u0642\u0635\u0649 \u0642\u062f\u0631 \u0645\u0646 \u0627\u0644\u0635\u062d\u0629 \u0644\u0631\u0643\u0628\u062a\u0643 \u0645\u0646 \u062e\u0644\u0627\u0644 \u0647\u0630\u0647 \u0627\u0644\u0623\u0633\u0627\u0644\u064a\u0628 \u0627\u0644\u0645\u0628\u062a\u0643\u0631\u0629 \u0627\u0644\u0645\u062f\u0639\u0648\u0645\u0629 \u0628\u062e\u0628\u0631\u0629 \u0627\u0644\u062c\u0631\u0627\u062d\u064a\u0646 \u0627\u0644\u062e\u0628\u0631\u0627\u0621 \u0644\u062f\u064a\u0646\u0627 \u0645\u0646 \u062e\u0644\u0627\u0644 \u0648\u0636\u0639 \u062e\u0637\u0629 \u0639\u0644\u0627\u062c\u064a\u0629 \u0645\u0635\u0645\u0645\u0629 \u062e\u0635\u064a\u0635\u0627\u064b \u0644\u0643.<\/p>\t\t\t\t\t\t\t\t<\/div>\n\t\t\t\t<\/div>\n\t\t\t\t\t<\/div>\n\t\t<\/div>\n\t\t\t\t<div data-aos=\"\" class=\"elementor-column elementor-col-50 elementor-top-column elementor-element elementor-element-bc4d4c0 syd-sticky-section-no\" data-id=\"bc4d4c0\" data-element_type=\"column\" data-settings=\"{&quot;tp_sticky_col_effect_enable&quot;:false}\">\n\t\t\t<div class=\"elementor-widget-wrap elementor-element-populated\">\n\t\t\t\t\t\t<div class=\"elementor-element elementor-element-48dd569 syd-sticky-section-no elementor-widget elementor-widget-image\" data-id=\"48dd569\" data-element_type=\"widget\" data-widget_type=\"image.default\">\n\t\t\t\t<div class=\"elementor-widget-container\">\n\t\t\t\t\t\t\t\t\t<\/div>\n\t\t\t\t<\/div>\n\t\t\t\t\t<\/div>\n\t\t<\/div>\n\t\t\t\t\t<\/div>\n\t\t<\/section>\n\t\t\t\t<\/div>","protected":false},"excerpt":{"rendered":"<p>Diz Cerrahisi HealthAgents ile YEN\u0130DEN HAREKETE GE\u00c7\u0130N Sa\u011fl\u0131k turizmiyle ilgili uzmanl\u0131\u011f\u0131m\u0131z, d\u00fcnyan\u0131n d\u00f6rt bir yan\u0131ndan gelen hastalar\u0131m\u0131za en iyi ortopedik hizmetleri sunmay\u0131 [&hellip;]<\/p>","protected":false},"author":1,"featured_media":0,"parent":933,"menu_order":0,"comment_status":"closed","ping_status":"closed","template":"elementor_header_footer","meta":{"_eb_attr":"","footnotes":""},"class_list":["post-2910","page","type-page","status-publish","hentry"],"_links":{"self":[{"href":"https:\/\/healthagentsturkey.com\/ar\/wp-json\/wp\/v2\/pages\/2910","targetHints":{"allow":["GET"]}}],"collection":[{"href":"https:\/\/healthagentsturkey.com\/ar\/wp-json\/wp\/v2\/pages"}],"about":[{"href":"https:\/\/healthagentsturkey.com\/ar\/wp-json\/wp\/v2\/types\/page"}],"author":[{"embeddable":true,"href":"https:\/\/healthagentsturkey.com\/ar\/wp-json\/wp\/v2\/users\/1"}],"replies":[{"embeddable":true,"href":"https:\/\/healthagentsturkey.com\/ar\/wp-json\/wp\/v2\/comments?post=2910"}],"version-history":[{"count":1,"href":"https:\/\/healthagentsturkey.com\/ar\/wp-json\/wp\/v2\/pages\/2910\/revisions"}],"predecessor-version":[{"id":4797,"href":"https:\/\/healthagentsturkey.com\/ar\/wp-json\/wp\/v2\/pages\/2910\/revisions\/4797"}],"up":[{"embeddable":true,"href":"https:\/\/healthagentsturkey.com\/ar\/wp-json\/wp\/v2\/pages\/933"}],"wp:attachment":[{"href":"https:\/\/healthagentsturkey.com\/ar\/wp-json\/wp\/v2\/media?parent=2910"}],"curies":[{"name":"wp","href":"https:\/\/api.w.org\/{rel}","templated":true}]}}