{"id":2846,"date":"2023-12-01T22:29:54","date_gmt":"2023-12-01T19:29:54","guid":{"rendered":"https:\/\/healthagentsturkey.com\/?page_id=2846"},"modified":"2023-12-23T14:52:32","modified_gmt":"2023-12-23T11:52:32","slug":"tercumanlik","status":"publish","type":"page","link":"https:\/\/healthagentsturkey.com\/ar\/hizmetler\/tercumanlik\/","title":{"rendered":"\u062e\u062f\u0645\u0627\u062a \u0627\u0644\u062a\u0631\u062c\u0645\u0629 \u0627\u0644\u062a\u062d\u0631\u064a\u0631\u064a\u0629"},"content":{"rendered":"<div data-elementor-type=\"wp-page\" data-elementor-id=\"2846\" class=\"elementor elementor-2846\" data-elementor-post-type=\"page\">\n\t\t\t\t\t\t<section class=\"elementor-section elementor-top-section elementor-element elementor-element-eedafb9 elementor-section-content-middle elementor-section-boxed elementor-section-height-default elementor-section-height-default tp-parallax-no syd-sticky-section-no\" data-id=\"eedafb9\" data-element_type=\"section\" data-settings=\"{&quot;tp_sticky_sec_effect_enable&quot;:false}\">\n\t\t\t\t\t\t<div class=\"elementor-container elementor-column-gap-default\">\n\t\t\t\t\t<div data-aos=\"\" class=\"elementor-column elementor-col-50 elementor-top-column elementor-element elementor-element-571508b syd-sticky-section-no\" data-id=\"571508b\" data-element_type=\"column\" data-settings=\"{&quot;tp_sticky_col_effect_enable&quot;:false}\">\n\t\t\t<div class=\"elementor-widget-wrap elementor-element-populated\">\n\t\t\t\t\t\t<div class=\"elementor-element elementor-element-2fc2cb6 syd-sticky-section-no elementor-widget elementor-widget-heading\" data-id=\"2fc2cb6\" data-element_type=\"widget\" data-widget_type=\"heading.default\">\n\t\t\t\t<div class=\"elementor-widget-container\">\n\t\t\t\t\t<h2 class=\"elementor-heading-title elementor-size-default\">\u062e\u062f\u0645\u0627\u062a \u0627\u0644\u062a\u0631\u062c\u0645\u0629 \u0627\u0644\u062a\u062d\u0631\u064a\u0631\u064a\u0629<\/h2>\t\t\t\t<\/div>\n\t\t\t\t<\/div>\n\t\t\t\t<div class=\"elementor-element elementor-element-1cf0f1c syd-sticky-section-no elementor-widget elementor-widget-text-editor\" data-id=\"1cf0f1c\" data-element_type=\"widget\" data-widget_type=\"text-editor.default\">\n\t\t\t\t<div class=\"elementor-widget-container\">\n\t\t\t\t\t\t\t\t\t<p>\u064a\u0639\u0645\u0644 \u0645\u062a\u0631\u062c\u0645\u0648\u0646\u0627 \u0627\u0644\u0645\u062d\u062a\u0631\u0641\u0648\u0646 \u0644\u062f\u064a\u0646\u0627 \u0639\u0644\u0649 \u0625\u0632\u0627\u0644\u0629 \u0627\u0644\u062d\u0648\u0627\u062c\u0632 \u0627\u0644\u0644\u063a\u0648\u064a\u0629 \u0648\u062c\u0639\u0644 \u0639\u0645\u0644\u064a\u0629 \u0639\u0644\u0627\u062c \u0627\u0644\u0645\u0631\u0636\u0649 \u0623\u0643\u062b\u0631 \u0641\u0647\u0645\u0627\u064b \u0648\u0641\u0639\u0627\u0644\u064a\u0629. \u062a\u062a\u062e\u0635\u0635 \u0634\u0631\u0643\u062a\u0646\u0627 \u0641\u064a \u062a\u0631\u062c\u0645\u0629 \u0627\u0644\u062a\u0642\u0627\u0631\u064a\u0631 \u0627\u0644\u0637\u0628\u064a\u0629 \u0648\u062e\u0637\u0637 \u0627\u0644\u0639\u0644\u0627\u062c \u0648\u0627\u0644\u0648\u062b\u0627\u0626\u0642 \u0627\u0644\u0637\u0628\u064a\u0629 \u0628\u0645\u062e\u062a\u0644\u0641 \u0627\u0644\u0644\u063a\u0627\u062a.<\/p><p><strong>\u0644\u0645\u0627\u0630\u0627 \u0646\u062d\u0646\u061f<\/strong><\/p><p><strong>\u0627\u0644\u0645\u062a\u0631\u062c\u0645\u0648\u0646 \u0627\u0644\u062e\u0628\u0631\u0627\u0621<\/strong><em>:<\/em> \u0627\u0644\u0645\u062a\u0631\u062c\u0645\u0648\u0646 \u0627\u0644\u0645\u062a\u062e\u0635\u0635\u0648\u0646 \u0644\u062f\u064a\u0646\u0627 \u0645\u062d\u062a\u0631\u0641\u0648\u0646 \u064a\u062a\u0645\u062a\u0639\u0648\u0646 \u0628\u0625\u0644\u0645\u0627\u0645 \u062c\u064a\u062f \u0628\u0627\u0644\u0645\u0635\u0637\u0644\u062d\u0627\u062a \u0627\u0644\u0637\u0628\u064a\u0629 \u0648\u0645\u0647\u0627\u0631\u0627\u062a \u062a\u0648\u0627\u0635\u0644 \u0639\u0627\u0644\u064a\u0629.<\/p><p><strong>\u0627\u0644\u062e\u0635\u0648\u0635\u064a\u0629 \u0648\u0627\u0644\u0623\u0645\u0627\u0646<\/strong><em>:<\/em> \u0646\u0638\u0631\u0627\u064b \u0644\u0623\u0646 \u0627\u0644\u0645\u0639\u0644\u0648\u0645\u0627\u062a \u0627\u0644\u0635\u062d\u064a\u0629 \u062e\u0627\u0635\u0629 \u0648\u062d\u0633\u0627\u0633\u0629\u060c \u0641\u0625\u0646\u0646\u0627 \u0646\u062d\u0627\u0641\u0638 \u0639\u0644\u0649 \u0623\u0639\u0644\u0649 \u0645\u0639\u0627\u064a\u064a\u0631 \u0627\u0644\u0633\u0631\u064a\u0629 \u0648\u0627\u0644\u0623\u0645\u0627\u0646 \u0641\u064a \u062e\u062f\u0645\u0627\u062a \u0627\u0644\u062a\u0631\u062c\u0645\u0629 \u0627\u0644\u062a\u064a \u0646\u0642\u062f\u0645\u0647\u0627.<\/p><p><strong>\u062e\u062f\u0645\u0629 \u0633\u0631\u064a\u0639\u0629 \u0648\u0641\u0639\u0627\u0644\u0629<\/strong><em>:<\/em> \u0646\u062d\u0646 \u0646\u0642\u062f\u0645 \u062d\u0644\u0648\u0644\u0627\u064b \u0633\u0631\u064a\u0639\u0629 \u0644\u0644\u062d\u0627\u0644\u0627\u062a \u0627\u0644\u0637\u0627\u0631\u0626\u0629\u060c \u062d\u062a\u0649 \u0644\u0627 \u062a\u0636\u064a\u0639 \u0627\u0644\u0648\u0642\u062a \u0641\u064a \u0627\u0644\u062a\u0648\u0627\u0635\u0644 \u0628\u064a\u0646 \u0627\u0644\u0645\u0631\u0636\u0649 \u0648\u0623\u062e\u0635\u0627\u0626\u064a\u064a \u0627\u0644\u0631\u0639\u0627\u064a\u0629 \u0627\u0644\u0635\u062d\u064a\u0629.<\/p>\t\t\t\t\t\t\t\t<\/div>\n\t\t\t\t<\/div>\n\t\t\t\t\t<\/div>\n\t\t<\/div>\n\t\t\t\t<div data-aos=\"\" class=\"elementor-column elementor-col-50 elementor-top-column elementor-element elementor-element-bc4d4c0 syd-sticky-section-no\" data-id=\"bc4d4c0\" data-element_type=\"column\" data-settings=\"{&quot;tp_sticky_col_effect_enable&quot;:false}\">\n\t\t\t<div class=\"elementor-widget-wrap elementor-element-populated\">\n\t\t\t\t\t\t<div class=\"elementor-element elementor-element-48dd569 syd-sticky-section-no elementor-widget elementor-widget-image\" data-id=\"48dd569\" data-element_type=\"widget\" data-widget_type=\"image.default\">\n\t\t\t\t<div class=\"elementor-widget-container\">\n\t\t\t\t\t\t\t\t\t\t\t\t\t\t\t<img fetchpriority=\"high\" decoding=\"async\" width=\"1024\" height=\"1024\" src=\"https:\/\/healthagentsturkey.com\/wp-content\/uploads\/2023\/12\/9731554-1024x1024.jpg\" class=\"attachment-large size-large wp-image-2884\" alt=\"\" srcset=\"https:\/\/healthagentsturkey.com\/wp-content\/uploads\/2023\/12\/9731554-1024x1024.jpg 1024w, https:\/\/healthagentsturkey.com\/wp-content\/uploads\/2023\/12\/9731554-300x300.jpg 300w, https:\/\/healthagentsturkey.com\/wp-content\/uploads\/2023\/12\/9731554-150x150.jpg 150w, https:\/\/healthagentsturkey.com\/wp-content\/uploads\/2023\/12\/9731554-768x768.jpg 768w, https:\/\/healthagentsturkey.com\/wp-content\/uploads\/2023\/12\/9731554-1536x1536.jpg 1536w, https:\/\/healthagentsturkey.com\/wp-content\/uploads\/2023\/12\/9731554-2048x2048.jpg 2048w, https:\/\/healthagentsturkey.com\/wp-content\/uploads\/2023\/12\/9731554-1000x1000.jpg 1000w, https:\/\/healthagentsturkey.com\/wp-content\/uploads\/2023\/12\/9731554-230x230.jpg 230w, https:\/\/healthagentsturkey.com\/wp-content\/uploads\/2023\/12\/9731554-350x350.jpg 350w, https:\/\/healthagentsturkey.com\/wp-content\/uploads\/2023\/12\/9731554-480x480.jpg 480w\" sizes=\"(max-width: 1024px) 100vw, 1024px\" \/>\t\t\t\t\t\t\t\t\t\t\t\t\t\t\t<\/div>\n\t\t\t\t<\/div>\n\t\t\t\t\t<\/div>\n\t\t<\/div>\n\t\t\t\t\t<\/div>\n\t\t<\/section>\n\t\t<div class=\"elementor-element elementor-element-dc81268 e-flex e-con-boxed syd-sticky-section-no e-con e-parent\" data-id=\"dc81268\" data-element_type=\"container\">\n\t\t\t\t\t<div class=\"e-con-inner\">\n\t\t\t\t<div class=\"elementor-element elementor-element-1a5f713 syd-sticky-section-no elementor-widget elementor-widget-text-editor\" data-id=\"1a5f713\" data-element_type=\"widget\" data-widget_type=\"text-editor.default\">\n\t\t\t\t<div class=\"elementor-widget-container\">\n\t\t\t\t\t\t\t\t\t<p><strong>\u0627\u062a\u0635\u0644 \u0628\u0646\u0627<\/strong><\/p><p>\u0644\u0627 \u062a\u062a\u0631\u062f\u062f \u0641\u064a \u0627\u0644\u0627\u062a\u0635\u0627\u0644 \u0628\u0646\u0627 \u0644\u0644\u062d\u0635\u0648\u0644 \u0639\u0644\u0649 \u0645\u0632\u064a\u062f \u0645\u0646 \u0627\u0644\u0645\u0639\u0644\u0648\u0645\u0627\u062a \u062d\u0648\u0644 \u062e\u062f\u0645\u0627\u062a \u0627\u0644\u062e\u064a\u0627\u0637\u0629 \u0627\u0644\u0633\u064a\u0627\u062d\u064a\u0629 \u0627\u0644\u0635\u062d\u064a\u0629 \u0623\u0648 \u0644\u0644\u0627\u0633\u062a\u0641\u0627\u062f\u0629 \u0645\u0646 \u062e\u062f\u0645\u0627\u062a\u0646\u0627. \u0641\u0631\u064a\u0642\u0646\u0627 \u0627\u0644\u0645\u062d\u062a\u0631\u0641 \u0647\u0646\u0627 \u0644\u064a\u0642\u062f\u0645 \u0644\u0643 \u0623\u0646\u0633\u0628 \u0627\u0644\u062d\u0644\u0648\u0644.<\/p>\t\t\t\t\t\t\t\t<\/div>\n\t\t\t\t<\/div>\n\t\t\t\t\t<\/div>\n\t\t\t\t<\/div>\n\t\t\t\t<section class=\"elementor-section elementor-top-section elementor-element elementor-element-5b93669 elementor-section-content-middle elementor-section-boxed elementor-section-height-default elementor-section-height-default tp-parallax-no syd-sticky-section-no\" data-id=\"5b93669\" data-element_type=\"section\" data-settings=\"{&quot;background_background&quot;:&quot;classic&quot;,&quot;tp_sticky_sec_effect_enable&quot;:false}\">\n\t\t\t\t\t\t<div class=\"elementor-container elementor-column-gap-default\">\n\t\t\t\t\t<div data-aos=\"\" class=\"elementor-column elementor-col-50 elementor-top-column elementor-element elementor-element-25c7cd3 syd-sticky-section-no\" data-id=\"25c7cd3\" data-element_type=\"column\" data-settings=\"{&quot;tp_sticky_col_effect_enable&quot;:false}\">\n\t\t\t<div class=\"elementor-widget-wrap elementor-element-populated\">\n\t\t\t\t\t\t<div class=\"elementor-element elementor-element-64ab903 syd-sticky-section-no elementor-widget elementor-widget-heading\" data-id=\"64ab903\" data-element_type=\"widget\" data-widget_type=\"heading.default\">\n\t\t\t\t<div class=\"elementor-widget-container\">\n\t\t\t\t\t<h2 class=\"elementor-heading-title elementor-size-default\">\u0647\u0644 \u0644\u062f\u064a\u0643 \u0623\u064a \u0623\u0633\u0626\u0644\u0629\u061f<\/h2>\t\t\t\t<\/div>\n\t\t\t\t<\/div>\n\t\t\t\t\t<\/div>\n\t\t<\/div>\n\t\t\t\t<div data-aos=\"\" class=\"elementor-column elementor-col-50 elementor-top-column elementor-element elementor-element-08a4a69 syd-sticky-section-no\" data-id=\"08a4a69\" data-element_type=\"column\" data-settings=\"{&quot;tp_sticky_col_effect_enable&quot;:false}\">\n\t\t\t<div class=\"elementor-widget-wrap elementor-element-populated\">\n\t\t\t\t\t\t<div class=\"elementor-element elementor-element-edbd630 elementor-align-right elementor-mobile-align-center syd-sticky-section-no elementor-widget elementor-widget-button\" data-id=\"edbd630\" data-element_type=\"widget\" data-widget_type=\"button.default\">\n\t\t\t\t<div class=\"elementor-widget-container\">\n\t\t\t\t\t\t\t\t\t<div class=\"elementor-button-wrapper\">\n\t\t\t\t\t<a class=\"elementor-button elementor-button-link elementor-size-sm\" href=\"https:\/\/healthagentsturkey.com\/ar\/iletisim\/\">\n\t\t\t\t\t\t<span class=\"elementor-button-content-wrapper\">\n\t\t\t\t\t\t\t\t\t<span class=\"elementor-button-text\">\u0627\u062a\u0635\u0644 \u0628\u0646\u0627<\/span>\n\t\t\t\t\t<\/span>\n\t\t\t\t\t<\/a>\n\t\t\t\t<\/div>\n\t\t\t\t\t\t\t\t<\/div>\n\t\t\t\t<\/div>\n\t\t\t\t\t<\/div>\n\t\t<\/div>\n\t\t\t\t\t<\/div>\n\t\t<\/section>\n\t\t\t\t<\/div>","protected":false},"excerpt":{"rendered":"<p>Terc\u00fcmanl\u0131k Hizmetleri Profesyonel terc\u00fcmanlar\u0131m\u0131z, dil engelini ortadan kald\u0131rarak hastalar\u0131n tedavi s\u00fcre\u00e7lerini daha anla\u015f\u0131l\u0131r ve etkili k\u0131lar. \u015eirketimiz, \u00e7e\u015fitli dillerde sa\u011fl\u0131k raporlar\u0131, tedavi [&hellip;]<\/p>","protected":false},"author":1,"featured_media":0,"parent":556,"menu_order":0,"comment_status":"closed","ping_status":"closed","template":"page-templates\/page_front-page.php","meta":{"_eb_attr":"","footnotes":""},"class_list":["post-2846","page","type-page","status-publish","hentry"],"_links":{"self":[{"href":"https:\/\/healthagentsturkey.com\/ar\/wp-json\/wp\/v2\/pages\/2846","targetHints":{"allow":["GET"]}}],"collection":[{"href":"https:\/\/healthagentsturkey.com\/ar\/wp-json\/wp\/v2\/pages"}],"about":[{"href":"https:\/\/healthagentsturkey.com\/ar\/wp-json\/wp\/v2\/types\/page"}],"author":[{"embeddable":true,"href":"https:\/\/healthagentsturkey.com\/ar\/wp-json\/wp\/v2\/users\/1"}],"replies":[{"embeddable":true,"href":"https:\/\/healthagentsturkey.com\/ar\/wp-json\/wp\/v2\/comments?post=2846"}],"version-history":[{"count":0,"href":"https:\/\/healthagentsturkey.com\/ar\/wp-json\/wp\/v2\/pages\/2846\/revisions"}],"up":[{"embeddable":true,"href":"https:\/\/healthagentsturkey.com\/ar\/wp-json\/wp\/v2\/pages\/556"}],"wp:attachment":[{"href":"https:\/\/healthagentsturkey.com\/ar\/wp-json\/wp\/v2\/media?parent=2846"}],"curies":[{"name":"wp","href":"https:\/\/api.w.org\/{rel}","templated":true}]}}