{"id":1622,"date":"2023-11-19T19:50:04","date_gmt":"2023-11-19T19:50:04","guid":{"rendered":"https:\/\/healthagentsturkey.com\/?page_id=1622"},"modified":"2026-02-25T10:31:55","modified_gmt":"2026-02-25T07:31:55","slug":"restoratif-dis-hekimligi","status":"publish","type":"page","link":"https:\/\/healthagentsturkey.com\/ar\/tedavi\/dis\/restoratif-dis-hekimligi\/","title":{"rendered":"\u0637\u0628 \u0627\u0644\u0623\u0633\u0646\u0627\u0646 \u0627\u0644\u062a\u0631\u0645\u064a\u0645\u064a"},"content":{"rendered":"<div data-elementor-type=\"wp-page\" data-elementor-id=\"1622\" class=\"elementor elementor-1622\" data-elementor-post-type=\"page\">\n\t\t\t\t\t\t<section class=\"elementor-section elementor-top-section elementor-element elementor-element-eedafb9 elementor-section-content-middle elementor-section-boxed elementor-section-height-default elementor-section-height-default tp-parallax-no syd-sticky-section-no\" data-id=\"eedafb9\" data-element_type=\"section\" data-settings=\"{&quot;tp_sticky_sec_effect_enable&quot;:false}\">\n\t\t\t\t\t\t<div class=\"elementor-container elementor-column-gap-default\">\n\t\t\t\t\t<div data-aos=\"\" class=\"elementor-column elementor-col-50 elementor-top-column elementor-element elementor-element-571508b syd-sticky-section-no\" data-id=\"571508b\" data-element_type=\"column\" data-settings=\"{&quot;tp_sticky_col_effect_enable&quot;:false}\">\n\t\t\t<div class=\"elementor-widget-wrap elementor-element-populated\">\n\t\t\t\t\t\t<div class=\"elementor-element elementor-element-2fc2cb6 syd-sticky-section-no elementor-widget elementor-widget-heading\" data-id=\"2fc2cb6\" data-element_type=\"widget\" data-widget_type=\"heading.default\">\n\t\t\t\t<div class=\"elementor-widget-container\">\n\t\t\t\t\t<h2 class=\"elementor-heading-title elementor-size-default\">\u0637\u0628 \u0627\u0644\u0623\u0633\u0646\u0627\u0646 \u0627\u0644\u062a\u0631\u0645\u064a\u0645\u064a<\/h2>\t\t\t\t<\/div>\n\t\t\t\t<\/div>\n\t\t\t\t<div class=\"elementor-element elementor-element-1cf0f1c syd-sticky-section-no elementor-widget elementor-widget-text-editor\" data-id=\"1cf0f1c\" data-element_type=\"widget\" data-widget_type=\"text-editor.default\">\n\t\t\t\t<div class=\"elementor-widget-container\">\n\t\t\t\t\t\t\t\t\t<p data-sourcepos=\"1:1-1:35\"><strong>\u0645\u0627 \u0647\u0648 \u0637\u0628 \u0627\u0644\u0623\u0633\u0646\u0627\u0646 \u0627\u0644\u062a\u0631\u0645\u064a\u0645\u064a\u061f<\/strong><\/p><p data-sourcepos=\"3:1-3:421\">\u0637\u0628 \u0627\u0644\u0623\u0633\u0646\u0627\u0646 \u0627\u0644\u062a\u0631\u0645\u064a\u0645\u064a \u0647\u0648 \u0641\u0631\u0639 \u0645\u0646 \u0637\u0628 \u0627\u0644\u0623\u0633\u0646\u0627\u0646 \u064a\u0631\u0643\u0632 \u0639\u0644\u0649 \u0625\u0639\u0627\u062f\u0629 \u0628\u0646\u0627\u0621 \u0623\u0648 \u0627\u0633\u062a\u0628\u062f\u0627\u0644 \u0627\u0644\u0623\u0633\u0646\u0627\u0646 \u0627\u0644\u062a\u0627\u0644\u0641\u0629 \u0623\u0648 \u0627\u0644\u0645\u0641\u0642\u0648\u062f\u0629. \u064a\u0633\u062a\u062e\u062f\u0645 \u0647\u0630\u0627 \u0644\u0639\u0644\u0627\u062c \u062a\u0633\u0648\u0633 \u0627\u0644\u0623\u0633\u0646\u0627\u0646 \u0648\u0643\u0633\u0648\u0631 \u0627\u0644\u0623\u0633\u0646\u0627\u0646 \u0648\u0641\u0642\u062f\u0627\u0646 \u0627\u0644\u0623\u0633\u0646\u0627\u0646 \u0648\u063a\u064a\u0631\u0647\u0627 \u0645\u0646 \u0645\u0634\u0627\u0643\u0644 \u0627\u0644\u0623\u0633\u0646\u0627\u0646. \u064a\u064f\u0639\u062f \u0637\u0628 \u0627\u0644\u0623\u0633\u0646\u0627\u0646 \u0627\u0644\u062a\u0631\u0645\u064a\u0645\u064a \u062c\u0632\u0621\u0627\u064b \u0645\u0647\u0645\u0627\u064b \u0645\u0646 \u062a\u062d\u0633\u064a\u0646 \u0635\u062d\u0629 \u0623\u0633\u0646\u0627\u0646\u0643 \u0648\u0645\u0638\u0647\u0631\u0647\u0627 \u0648\u062a\u0645\u0643\u064a\u0646\u0643 \u0645\u0646 \u0627\u0644\u0627\u0633\u062a\u0645\u062a\u0627\u0639 \u0628\u0623\u0646\u0634\u0637\u062a\u0643 \u0627\u0644\u064a\u0648\u0645\u064a\u0629 \u0645\u062b\u0644 \u062a\u0646\u0627\u0648\u0644 \u0627\u0644\u0637\u0639\u0627\u0645 \u0648\u0627\u0644\u0627\u0628\u062a\u0633\u0627\u0645 \u0648\u0627\u0644\u062a\u062d\u062f\u062b.<\/p><p data-sourcepos=\"6:1-6:44\"><strong>\u0645\u0627 \u0647\u0648 \u0627\u0644\u063a\u0631\u0636 \u0645\u0646 \u0637\u0628 \u0627\u0644\u0623\u0633\u0646\u0627\u0646 \u0627\u0644\u062a\u0631\u0645\u064a\u0645\u064a\u061f<\/strong><\/p><p data-sourcepos=\"8:1-8:275\">\u0627\u0644\u0647\u062f\u0641 \u0645\u0646 \u0637\u0628 \u0627\u0644\u0623\u0633\u0646\u0627\u0646 \u0627\u0644\u062a\u0631\u0645\u064a\u0645\u064a \u0647\u0648 \u062a\u062d\u0633\u064a\u0646 \u0648\u0638\u064a\u0641\u0629 \u0627\u0644\u0623\u0633\u0646\u0627\u0646 \u0648\u062c\u0645\u0627\u0644\u064a\u0627\u062a\u0647\u0627. \u064a\u0645\u0643\u0646 \u0644\u0644\u0623\u0633\u0646\u0627\u0646 \u0627\u0644\u062a\u0627\u0644\u0641\u0629 \u0623\u0648 \u0627\u0644\u0645\u0641\u0642\u0648\u062f\u0629 \u0623\u0646 \u062a\u062c\u0639\u0644 \u0645\u0646 \u0627\u0644\u0635\u0639\u0628 \u062a\u0646\u0627\u0648\u0644 \u0627\u0644\u0637\u0639\u0627\u0645 \u0648\u0627\u0644\u062a\u062d\u062f\u062b \u0648\u0627\u0644\u0627\u0628\u062a\u0633\u0627\u0645. \u064a\u0645\u0643\u0646 \u0623\u0646 \u064a\u0633\u0627\u0639\u062f \u0637\u0628 \u0627\u0644\u0623\u0633\u0646\u0627\u0646 \u0627\u0644\u062a\u0631\u0645\u064a\u0645\u064a \u0641\u064a \u0627\u0633\u062a\u0639\u0627\u062f\u0629 \u0647\u0630\u0647 \u0627\u0644\u0648\u0638\u0627\u0626\u0641 \u0639\u0646 \u0637\u0631\u064a\u0642 \u0625\u0635\u0644\u0627\u062d \u0647\u0630\u0647 \u0627\u0644\u0623\u0633\u0646\u0627\u0646 \u0623\u0648 \u0627\u0633\u062a\u0628\u062f\u0627\u0644\u0647\u0627.<\/p><p data-sourcepos=\"20:1-20:43\"><strong>\u0643\u064a\u0641 \u064a\u062a\u0645 \u0625\u062c\u0631\u0627\u0621 \u0637\u0628 \u0627\u0644\u0623\u0633\u0646\u0627\u0646 \u0627\u0644\u062a\u0631\u0645\u064a\u0645\u064a\u061f<\/strong><\/p><p data-sourcepos=\"22:1-22:301\">\u062a\u0628\u062f\u0623 \u0625\u062c\u0631\u0627\u0621\u0627\u062a \u0637\u0628 \u0627\u0644\u0623\u0633\u0646\u0627\u0646 \u0627\u0644\u062a\u0631\u0645\u064a\u0645\u064a \u0628\u0625\u0632\u0627\u0644\u0629 \u0637\u0628\u064a\u0628 \u0623\u0633\u0646\u0627\u0646\u0643 \u0644\u0644\u0623\u0646\u0633\u062c\u0629 \u0627\u0644\u0645\u062a\u062d\u0644\u0644\u0629 \u0623\u0648 \u0627\u0644\u062a\u0627\u0644\u0641\u0629 \u062b\u0645 \u0648\u0636\u0639 \u0645\u0627\u062f\u0629 \u0644\u0645\u0644\u0621 \u0627\u0644\u062a\u062c\u0648\u064a\u0641 \u0623\u0648 \u062a\u063a\u0637\u064a\u062a\u0647. \u064a\u062a\u0645 \u062a\u0634\u0643\u064a\u0644 \u0627\u0644\u062d\u0634\u0648 \u0623\u0648 \u0627\u0644\u062a\u0627\u062c \u0648\u0635\u0642\u0644\u0647 \u062e\u0635\u064a\u0635\u0627\u064b \u0644\u064a\u062a\u0646\u0627\u0633\u0628 \u0645\u0639 \u0644\u0648\u0646 \u0623\u0633\u0646\u0627\u0646\u0643 \u0623\u0648 \u0623\u0633\u0646\u0627\u0646\u0643 \u0627\u0644\u0637\u0628\u064a\u0639\u064a\u0629.<\/p><p data-sourcepos=\"24:1-24:41\">\u00a0<\/p>\t\t\t\t\t\t\t\t<\/div>\n\t\t\t\t<\/div>\n\t\t\t\t\t<\/div>\n\t\t<\/div>\n\t\t\t\t<div data-aos=\"\" class=\"elementor-column elementor-col-50 elementor-top-column elementor-element elementor-element-bc4d4c0 syd-sticky-section-no\" data-id=\"bc4d4c0\" data-element_type=\"column\" data-settings=\"{&quot;tp_sticky_col_effect_enable&quot;:false}\">\n\t\t\t<div class=\"elementor-widget-wrap elementor-element-populated\">\n\t\t\t\t\t\t<div class=\"elementor-element elementor-element-48dd569 syd-sticky-section-no elementor-widget elementor-widget-image\" data-id=\"48dd569\" data-element_type=\"widget\" data-widget_type=\"image.default\">\n\t\t\t\t<div class=\"elementor-widget-container\">\n\t\t\t\t\t\t\t\t\t\t\t\t\t\t\t<img fetchpriority=\"high\" decoding=\"async\" width=\"1024\" height=\"583\" src=\"https:\/\/healthagentsturkey.com\/wp-content\/uploads\/2023\/11\/restoratif-dis-tedavisi-1024x583.jpg\" class=\"attachment-large size-large wp-image-1686\" alt=\"\" srcset=\"https:\/\/healthagentsturkey.com\/wp-content\/uploads\/2023\/11\/restoratif-dis-tedavisi-1024x583.jpg 1024w, https:\/\/healthagentsturkey.com\/wp-content\/uploads\/2023\/11\/restoratif-dis-tedavisi-300x171.jpg 300w, https:\/\/healthagentsturkey.com\/wp-content\/uploads\/2023\/11\/restoratif-dis-tedavisi-768x437.jpg 768w, https:\/\/healthagentsturkey.com\/wp-content\/uploads\/2023\/11\/restoratif-dis-tedavisi-1000x570.jpg 1000w, https:\/\/healthagentsturkey.com\/wp-content\/uploads\/2023\/11\/restoratif-dis-tedavisi-230x131.jpg 230w, https:\/\/healthagentsturkey.com\/wp-content\/uploads\/2023\/11\/restoratif-dis-tedavisi-350x199.jpg 350w, https:\/\/healthagentsturkey.com\/wp-content\/uploads\/2023\/11\/restoratif-dis-tedavisi-480x273.jpg 480w, https:\/\/healthagentsturkey.com\/wp-content\/uploads\/2023\/11\/restoratif-dis-tedavisi.jpg 1366w\" sizes=\"(max-width: 1024px) 100vw, 1024px\" \/>\t\t\t\t\t\t\t\t\t\t\t\t\t\t\t<\/div>\n\t\t\t\t<\/div>\n\t\t\t\t<div class=\"elementor-element elementor-element-513bba3 syd-sticky-section-no elementor-widget elementor-widget-text-editor\" data-id=\"513bba3\" data-element_type=\"widget\" data-widget_type=\"text-editor.default\">\n\t\t\t\t<div class=\"elementor-widget-container\">\n\t\t\t\t\t\t\t\t\t<p data-sourcepos=\"5:1-5:36\"><strong>\u0623\u0646\u0648\u0627\u0639 \u0637\u0628 \u0627\u0644\u0623\u0633\u0646\u0627\u0646 \u0627\u0644\u062a\u0631\u0645\u064a\u0645\u064a<\/strong><\/p><p data-sourcepos=\"7:1-7:69\">\u064a\u0634\u0645\u0644 \u0637\u0628 \u0627\u0644\u0623\u0633\u0646\u0627\u0646 \u0627\u0644\u062a\u0631\u0645\u064a\u0645\u064a \u0625\u062c\u0631\u0627\u0621\u0627\u062a \u0645\u062e\u062a\u0644\u0641\u0629 \u0645\u062b\u0644<\/p><ul data-sourcepos=\"9:1-19:0\"><li data-sourcepos=\"9:1-10:22\"><strong>\u0627\u0644\u062d\u0634\u0648\u0627\u062a:<\/strong>\u00a0\u062d\u0634\u0648\u0627\u062a \u0635\u063a\u064a\u0631\u0629 \u0628\u0644\u0648\u0646 \u0627\u0644\u0623\u0633\u0646\u0627\u0646 \u062a\u064f\u0633\u062a\u062e\u062f\u0645 \u0644\u0625\u0635\u0644\u0627\u062d \u062a\u0633\u0648\u0633 \u0627\u0644\u0623\u0633\u0646\u0627\u0646 \u0623\u0648 \u0623\u064a \u0636\u0631\u0631 \u0622\u062e\u0631.<\/li><li data-sourcepos=\"11:1-12:24\"><strong>\u0627\u0644\u0637\u0644\u0627\u0621\u0627\u062a<\/strong>\u00a0\u0642\u0634\u0648\u0631 \u0627\u0644\u0623\u0633\u0646\u0627\u0646 \u0627\u0644\u0643\u0628\u064a\u0631\u0629 \u0627\u0644\u0645\u0644\u0648\u0646\u0629 \u0627\u0644\u062a\u064a \u062a\u064f\u0633\u062a\u062e\u062f\u0645 \u0644\u062a\u063a\u0637\u064a\u0629 \u0627\u0644\u0623\u0633\u0646\u0627\u0646 \u0627\u0644\u062a\u0627\u0644\u0641\u0629 \u0623\u0648 \u0627\u0644\u0645\u0641\u0642\u0648\u062f\u0629.<\/li><li data-sourcepos=\"13:1-14:20\"><strong>\u0627\u0644\u062a\u064a\u062c\u0627\u0646<\/strong>\u00a0\u062a\u064f\u0633\u062a\u062e\u062f\u0645 \u0642\u0634\u0648\u0631 \u0627\u0644\u0623\u0633\u0646\u0627\u0646 \u0627\u0644\u0645\u0644\u0648\u0646\u0629 \u0627\u0644\u0623\u0643\u0628\u0631 \u062d\u062c\u0645\u0627\u064b \u0648\u0627\u0644\u0623\u0643\u0628\u0631 \u062d\u062c\u0645\u0627\u064b \u0644\u062a\u063a\u0637\u064a\u0629 \u0627\u0644\u0623\u0633\u0646\u0627\u0646 \u0627\u0644\u062a\u0627\u0644\u0641\u0629 \u0623\u0648 \u0627\u0644\u0645\u0641\u0642\u0648\u062f\u0629 \u0648\u062f\u0639\u0645\u0647\u0627 \u0628\u0627\u0644\u0643\u0627\u0645\u0644.<\/li><li data-sourcepos=\"15:1-16:22\"><strong>\u0627\u0644\u062c\u0633\u0648\u0631<\/strong>\u00a0\u0645\u062c\u0645\u0648\u0639\u0629 \u0645\u0646 \u0627\u0644\u062a\u064a\u062c\u0627\u0646 \u062a\u064f\u0633\u062a\u062e\u062f\u0645 \u0644\u0631\u0628\u0637 \u0627\u062b\u0646\u064a\u0646 \u0623\u0648 \u0623\u0643\u062b\u0631 \u0645\u0646 \u0627\u0644\u0623\u0633\u0646\u0627\u0646 \u0627\u0644\u0645\u0641\u0642\u0648\u062f\u0629.<\/li><li data-sourcepos=\"17:1-19:0\"><strong>\u0627\u0644\u0623\u0637\u0631\u0627\u0641 \u0627\u0644\u0627\u0635\u0637\u0646\u0627\u0639\u064a\u0629<\/strong>\u00a0\u0637\u0642\u0645 \u0623\u0633\u0646\u0627\u0646 \u0627\u0635\u0637\u0646\u0627\u0639\u064a\u0629 \u0642\u0627\u0628\u0644 \u0644\u0644\u0625\u0632\u0627\u0644\u0629 \u064a\u064f\u0633\u062a\u062e\u062f\u0645 \u0644\u0644\u0645\u0631\u0636\u0649 \u0627\u0644\u0630\u064a\u0646 \u0641\u0642\u062f\u0648\u0627 \u0623\u0633\u0646\u0627\u0646\u0647\u0645 \u0643\u0644\u0647\u0627 \u0623\u0648 \u062c\u0632\u0621 \u0645\u0646\u0647\u0627.<\/li><\/ul><p data-sourcepos=\"20:1-20:43\">\u00a0<\/p>\t\t\t\t\t\t\t\t<\/div>\n\t\t\t\t<\/div>\n\t\t\t\t\t<\/div>\n\t\t<\/div>\n\t\t\t\t\t<\/div>\n\t\t<\/section>\n\t\t<div class=\"elementor-element elementor-element-f0780d3 e-flex e-con-boxed syd-sticky-section-no e-con e-parent\" data-id=\"f0780d3\" data-element_type=\"container\">\n\t\t\t\t\t<div class=\"e-con-inner\">\n\t\t\t\t<div class=\"elementor-element elementor-element-0cf0749 syd-sticky-section-no elementor-widget elementor-widget-text-editor\" data-id=\"0cf0749\" data-element_type=\"widget\" data-widget_type=\"text-editor.default\">\n\t\t\t\t<div class=\"elementor-widget-container\">\n\t\t\t\t\t\t\t\t\t<p data-sourcepos=\"24:1-24:41\"><strong>\u0641\u0648\u0627\u0626\u062f \u0637\u0628 \u0627\u0644\u0623\u0633\u0646\u0627\u0646 \u0627\u0644\u062a\u0631\u0645\u064a\u0645\u064a<\/strong><\/p><p data-sourcepos=\"26:1-26:425\">\u0644\u0637\u0628 \u0627\u0644\u0623\u0633\u0646\u0627\u0646 \u0627\u0644\u062a\u0631\u0645\u064a\u0645\u064a \u0641\u0648\u0627\u0626\u062f \u0639\u062f\u064a\u062f\u0629 \u0644\u062a\u062d\u0633\u064a\u0646 \u0635\u062d\u0629 \u0623\u0633\u0646\u0627\u0646\u0643 \u0648\u0645\u0638\u0647\u0631\u0647\u0627. \u064a\u0645\u0643\u0646 \u0623\u0646 \u062a\u0633\u0627\u0639\u062f \u0647\u0630\u0647 \u0627\u0644\u0625\u062c\u0631\u0627\u0621\u0627\u062a \u0641\u064a \u0627\u0644\u062d\u062f \u0645\u0646 \u0623\u0644\u0645 \u0627\u0644\u0623\u0633\u0646\u0627\u0646 \u0648\u063a\u064a\u0631\u0647 \u0645\u0646 \u0627\u0644\u0627\u0646\u0632\u0639\u0627\u062c \u0639\u0646 \u0637\u0631\u064a\u0642 \u0639\u0644\u0627\u062c \u0645\u0634\u0627\u0643\u0644 \u0627\u0644\u0623\u0633\u0646\u0627\u0646 \u0645\u062b\u0644 \u062a\u0633\u0648\u0633 \u0627\u0644\u0623\u0633\u0646\u0627\u0646 \u0623\u0648 \u0641\u0642\u062f\u0627\u0646 \u0627\u0644\u0623\u0633\u0646\u0627\u0646. \u0643\u0645\u0627 \u064a\u0645\u0643\u0646 \u0623\u0646 \u062a\u0633\u0627\u0639\u062f \u0623\u064a\u0636\u0627\u064b \u0641\u064a \u062a\u062d\u0633\u064a\u0646 \u0648\u0638\u064a\u0641\u0629 \u0623\u0633\u0646\u0627\u0646\u0643 \u0648\u0645\u0638\u0647\u0631\u0647\u0627\u060c \u0645\u0645\u0627 \u064a\u0633\u0627\u0639\u062f\u0643 \u0639\u0644\u0649 \u0627\u0644\u0627\u0633\u062a\u0645\u062a\u0627\u0639 \u0628\u0623\u0646\u0634\u0637\u062a\u0643 \u0627\u0644\u064a\u0648\u0645\u064a\u0629 \u0645\u062b\u0644 \u062a\u0646\u0627\u0648\u0644 \u0627\u0644\u0637\u0639\u0627\u0645 \u0648\u0627\u0644\u0627\u0628\u062a\u0633\u0627\u0645 \u0648\u0627\u0644\u062a\u062d\u062f\u062b.<\/p><p data-sourcepos=\"28:1-28:74\"><strong>\u0644\u0645\u0627\u0630\u0627 \u0627\u0644\u0642\u062f\u0648\u0645 \u0625\u0644\u0649 \u0627\u0633\u0637\u0646\u0628\u0648\u0644\u060c \u062a\u0631\u0643\u064a\u0627 \u0644\u0637\u0628 \u0627\u0644\u0623\u0633\u0646\u0627\u0646 \u0627\u0644\u062a\u0631\u0645\u064a\u0645\u064a\u061f<\/strong><\/p><p data-sourcepos=\"30:1-30:120\">\u062a\u064f\u0639\u062f \u0645\u062f\u064a\u0646\u0629 \u0625\u0633\u0637\u0646\u0628\u0648\u0644 \u0628\u062a\u0631\u0643\u064a\u0627 \u0648\u062c\u0647\u0629 \u0634\u0647\u064a\u0631\u0629 \u0644\u0644\u0633\u064a\u0627\u062d\u0629 \u0627\u0644\u0639\u0644\u0627\u062c\u064a\u0629 \u0641\u064a \u0645\u062c\u0627\u0644 \u0637\u0628 \u0627\u0644\u0623\u0633\u0646\u0627\u0646 \u0627\u0644\u062a\u0631\u0645\u064a\u0645\u064a. \u0647\u0646\u0627\u0643 \u0639\u062f\u0629 \u0623\u0633\u0628\u0627\u0628 \u0644\u0630\u0644\u0643:<\/p><ul data-sourcepos=\"32:1-35:0\"><li data-sourcepos=\"32:1-32:82\">\u062a\u064f\u0639\u062f \u0625\u0633\u0637\u0646\u0628\u0648\u0644 \u0645\u0648\u0637\u0646\u0627\u064b \u0644\u0628\u0639\u0636 \u0623\u0641\u0636\u0644 \u0623\u0637\u0628\u0627\u0621 \u0627\u0644\u0623\u0633\u0646\u0627\u0646 \u0641\u064a \u0627\u0644\u0639\u0627\u0644\u0645.<\/li><li data-sourcepos=\"33:1-33:95\">\u062e\u062f\u0645\u0627\u062a \u0637\u0628 \u0627\u0644\u0623\u0633\u0646\u0627\u0646 \u0641\u064a \u0625\u0633\u0637\u0646\u0628\u0648\u0644 \u0645\u064a\u0633\u0648\u0631\u0629 \u0627\u0644\u062a\u0643\u0644\u0641\u0629 \u0645\u0642\u0627\u0631\u0646\u0629\u064b \u0628\u0627\u0644\u0639\u062f\u064a\u062f \u0645\u0646 \u0627\u0644\u0645\u0646\u0627\u0637\u0642 \u0627\u0644\u0623\u062e\u0631\u0649 \u0641\u064a \u0627\u0644\u0639\u0627\u0644\u0645.<\/li><li data-sourcepos=\"34:1-35:0\">\u062a\u064f\u0639\u062f\u0651 \u0625\u0633\u0637\u0646\u0628\u0648\u0644 \u0645\u062f\u064a\u0646\u0629 \u0639\u0627\u0644\u0645\u064a\u0629 \u0646\u0627\u0628\u0636\u0629 \u0628\u0627\u0644\u062d\u064a\u0627\u0629 \u062a\u0646\u0628\u0636 \u0628\u0627\u0644\u062d\u064a\u0627\u0629 \u0648\u0644\u062f\u064a\u0647\u0627 \u0627\u0644\u0643\u062b\u064a\u0631 \u0644\u062a\u0642\u062f\u0645\u0647 \u0644\u0644\u0632\u0627\u0626\u0631\u064a\u0646.<\/li><\/ul><p data-sourcepos=\"36:1-36:239\">\u0625\u0630\u0627 \u0643\u0646\u062a \u062a\u0641\u0643\u0631 \u0641\u064a \u0637\u0628 \u0627\u0644\u0623\u0633\u0646\u0627\u0646 \u0627\u0644\u062a\u0631\u0645\u064a\u0645\u064a \u0641\u064a \u0627\u0633\u0637\u0646\u0628\u0648\u0644\u060c \u0641\u0644\u0627 \u062a\u062a\u0631\u062f\u062f \u0641\u064a \u0627\u0644\u0627\u062a\u0635\u0627\u0644 \u0628\u0648\u0643\u0627\u0644\u062a\u0646\u0627 \u0644\u0644\u0633\u064a\u0627\u062d\u0629 \u0627\u0644\u0639\u0644\u0627\u062c\u064a\u0629. \u0633\u0646\u0643\u0648\u0646 \u0633\u0639\u062f\u0627\u0621 \u0628\u0645\u0633\u0627\u0639\u062f\u062a\u0643 \u0641\u064a \u0627\u0644\u0639\u062b\u0648\u0631 \u0639\u0644\u0649 \u0637\u0628\u064a\u0628 \u0623\u0633\u0646\u0627\u0646 \u0645\u0646\u0627\u0633\u0628 \u0648\u0627\u0644\u062a\u062e\u0637\u064a\u0637 \u0644\u0631\u062d\u0644\u062a\u0643 \u0644\u0639\u0644\u0627\u062c \u0623\u0633\u0646\u0627\u0646\u0643.<\/p>\t\t\t\t\t\t\t\t<\/div>\n\t\t\t\t<\/div>\n\t\t\t\t\t<\/div>\n\t\t\t\t<\/div>\n\t\t\t\t<section class=\"elementor-section elementor-top-section elementor-element elementor-element-cfed380 elementor-section-content-middle elementor-section-boxed elementor-section-height-default elementor-section-height-default tp-parallax-no syd-sticky-section-no\" data-id=\"cfed380\" data-element_type=\"section\" data-settings=\"{&quot;background_background&quot;:&quot;classic&quot;,&quot;tp_sticky_sec_effect_enable&quot;:false}\">\n\t\t\t\t\t\t<div class=\"elementor-container elementor-column-gap-default\">\n\t\t\t\t\t<div data-aos=\"\" class=\"elementor-column elementor-col-50 elementor-top-column elementor-element elementor-element-d8fac92 syd-sticky-section-no\" data-id=\"d8fac92\" data-element_type=\"column\" data-settings=\"{&quot;tp_sticky_col_effect_enable&quot;:false}\">\n\t\t\t<div class=\"elementor-widget-wrap elementor-element-populated\">\n\t\t\t\t\t\t<div class=\"elementor-element elementor-element-ea4173f syd-sticky-section-no elementor-widget elementor-widget-heading\" data-id=\"ea4173f\" data-element_type=\"widget\" data-widget_type=\"heading.default\">\n\t\t\t\t<div class=\"elementor-widget-container\">\n\t\t\t\t\t<h2 class=\"elementor-heading-title elementor-size-default\">\u0647\u0644 \u0644\u062f\u064a\u0643 \u0623\u064a \u0623\u0633\u0626\u0644\u0629\u061f<\/h2>\t\t\t\t<\/div>\n\t\t\t\t<\/div>\n\t\t\t\t\t<\/div>\n\t\t<\/div>\n\t\t\t\t<div data-aos=\"\" class=\"elementor-column elementor-col-50 elementor-top-column elementor-element elementor-element-7aa5769 syd-sticky-section-no\" data-id=\"7aa5769\" data-element_type=\"column\" data-settings=\"{&quot;tp_sticky_col_effect_enable&quot;:false}\">\n\t\t\t<div class=\"elementor-widget-wrap elementor-element-populated\">\n\t\t\t\t\t\t<div class=\"elementor-element elementor-element-9c6e3e1 elementor-align-right elementor-mobile-align-center syd-sticky-section-no elementor-widget elementor-widget-button\" data-id=\"9c6e3e1\" data-element_type=\"widget\" data-widget_type=\"button.default\">\n\t\t\t\t<div class=\"elementor-widget-container\">\n\t\t\t\t\t\t\t\t\t<div class=\"elementor-button-wrapper\">\n\t\t\t\t\t<a class=\"elementor-button elementor-button-link elementor-size-sm\" href=\"https:\/\/healthagentsturkey.com\/ar\/iletisim\/\">\n\t\t\t\t\t\t<span class=\"elementor-button-content-wrapper\">\n\t\t\t\t\t\t\t\t\t<span class=\"elementor-button-text\">\u0627\u062a\u0635\u0644 \u0628\u0646\u0627<\/span>\n\t\t\t\t\t<\/span>\n\t\t\t\t\t<\/a>\n\t\t\t\t<\/div>\n\t\t\t\t\t\t\t\t<\/div>\n\t\t\t\t<\/div>\n\t\t\t\t\t<\/div>\n\t\t<\/div>\n\t\t\t\t\t<\/div>\n\t\t<\/section>\n\t\t\t\t<\/div>","protected":false},"excerpt":{"rendered":"<p>Restoratif Di\u015f Hekimli\u011fi Restoratif Di\u015f Hekimli\u011fi Nedir? Restoratif di\u015f hekimli\u011fi, hasarl\u0131 veya eksik di\u015fleri yeniden in\u015fa etme veya de\u011fi\u015ftirmeye odaklanan bir di\u015f [&hellip;]<\/p>","protected":false},"author":1,"featured_media":0,"parent":1439,"menu_order":0,"comment_status":"closed","ping_status":"closed","template":"elementor_header_footer","meta":{"_eb_attr":"","footnotes":""},"class_list":["post-1622","page","type-page","status-publish","hentry"],"_links":{"self":[{"href":"https:\/\/healthagentsturkey.com\/ar\/wp-json\/wp\/v2\/pages\/1622","targetHints":{"allow":["GET"]}}],"collection":[{"href":"https:\/\/healthagentsturkey.com\/ar\/wp-json\/wp\/v2\/pages"}],"about":[{"href":"https:\/\/healthagentsturkey.com\/ar\/wp-json\/wp\/v2\/types\/page"}],"author":[{"embeddable":true,"href":"https:\/\/healthagentsturkey.com\/ar\/wp-json\/wp\/v2\/users\/1"}],"replies":[{"embeddable":true,"href":"https:\/\/healthagentsturkey.com\/ar\/wp-json\/wp\/v2\/comments?post=1622"}],"version-history":[{"count":1,"href":"https:\/\/healthagentsturkey.com\/ar\/wp-json\/wp\/v2\/pages\/1622\/revisions"}],"predecessor-version":[{"id":4778,"href":"https:\/\/healthagentsturkey.com\/ar\/wp-json\/wp\/v2\/pages\/1622\/revisions\/4778"}],"up":[{"embeddable":true,"href":"https:\/\/healthagentsturkey.com\/ar\/wp-json\/wp\/v2\/pages\/1439"}],"wp:attachment":[{"href":"https:\/\/healthagentsturkey.com\/ar\/wp-json\/wp\/v2\/media?parent=1622"}],"curies":[{"name":"wp","href":"https:\/\/api.w.org\/{rel}","templated":true}]}}