{"id":1582,"date":"2023-11-18T23:25:44","date_gmt":"2023-11-18T23:25:44","guid":{"rendered":"https:\/\/healthagentsturkey.com\/?page_id=1582"},"modified":"2026-02-25T10:31:57","modified_gmt":"2026-02-25T07:31:57","slug":"sac-lazeri","status":"publish","type":"page","link":"https:\/\/healthagentsturkey.com\/ar\/tedavi\/sac-ekimi\/sac-lazeri\/","title":{"rendered":"\u0644\u064a\u0632\u0631 \u0627\u0644\u0634\u0639\u0631"},"content":{"rendered":"<div data-elementor-type=\"wp-page\" data-elementor-id=\"1582\" class=\"elementor elementor-1582\" data-elementor-post-type=\"page\">\n\t\t\t\t\t\t<section class=\"elementor-section elementor-top-section elementor-element elementor-element-eedafb9 elementor-section-content-middle elementor-section-boxed elementor-section-height-default elementor-section-height-default tp-parallax-no syd-sticky-section-no\" data-id=\"eedafb9\" data-element_type=\"section\" data-settings=\"{&quot;tp_sticky_sec_effect_enable&quot;:false}\">\n\t\t\t\t\t\t<div class=\"elementor-container elementor-column-gap-default\">\n\t\t\t\t\t<div data-aos=\"\" class=\"elementor-column elementor-col-50 elementor-top-column elementor-element elementor-element-571508b syd-sticky-section-no\" data-id=\"571508b\" data-element_type=\"column\" data-settings=\"{&quot;tp_sticky_col_effect_enable&quot;:false}\">\n\t\t\t<div class=\"elementor-widget-wrap elementor-element-populated\">\n\t\t\t\t\t\t<div class=\"elementor-element elementor-element-2fc2cb6 syd-sticky-section-no elementor-widget elementor-widget-heading\" data-id=\"2fc2cb6\" data-element_type=\"widget\" data-widget_type=\"heading.default\">\n\t\t\t\t<div class=\"elementor-widget-container\">\n\t\t\t\t\t<h2 class=\"elementor-heading-title elementor-size-default\">\u0645\u0627 \u0647\u0648 \u0644\u064a\u0632\u0631 \u0627\u0644\u0634\u0639\u0631\u061f<\/h2>\t\t\t\t<\/div>\n\t\t\t\t<\/div>\n\t\t\t\t<div class=\"elementor-element elementor-element-1cf0f1c elementor-widget__width-initial syd-sticky-section-no elementor-widget elementor-widget-text-editor\" data-id=\"1cf0f1c\" data-element_type=\"widget\" data-widget_type=\"text-editor.default\">\n\t\t\t\t<div class=\"elementor-widget-container\">\n\t\t\t\t\t\t\t\t\t<p><b><i>\u0644\u064a\u0632\u0631 \u0627\u0644\u0634\u0639\u0631<\/i><\/b>,\u00a0<a href=\"https:\/\/tr.wikipedia.org\/wiki\/Sa%C3%A7_d%C3%B6k%C3%BClmesi\">\u062a\u0633\u0627\u0642\u0637 \u0627\u0644\u0634\u0639\u0631<\/a>\u0647\u0648 \u0646\u0648\u0639 \u0645\u0646 \u0627\u0644\u0639\u0644\u0627\u062c \u0628\u0627\u0644\u0644\u064a\u0632\u0631 \u064a\u064f\u0633\u062a\u062e\u062f\u0645 \u0644\u0645\u0646\u0639 \u0646\u0645\u0648 \u0627\u0644\u0634\u0639\u0631 \u0623\u0648 \u0625\u064a\u0642\u0627\u0641\u0647. \u064a\u0647\u062f\u0641 \u0647\u0630\u0627 \u0627\u0644\u0639\u0644\u0627\u062c \u0625\u0644\u0649 \u0632\u064a\u0627\u062f\u0629 \u0646\u0645\u0648 \u0627\u0644\u0634\u0639\u0631 \u0639\u0646 \u0637\u0631\u064a\u0642 \u062a\u0648\u0635\u064a\u0644 \u0636\u0648\u0621 \u0627\u0644\u0644\u064a\u0632\u0631 \u0628\u0627\u0644\u0637\u0648\u0644 \u0627\u0644\u0645\u0648\u062c\u064a \u0627\u0644\u0645\u0646\u0627\u0633\u0628 \u0644\u0628\u0635\u064a\u0644\u0627\u062a \u0627\u0644\u0634\u0639\u0631.\u00a0<b><i>\u0644\u064a\u0632\u0631 \u0627\u0644\u0634\u0639\u0631<\/i><\/b>\u00a0\u0639\u0627\u062f\u0629\u064b \u0645\u0627 \u064a\u062a\u0645 \u062a\u0637\u0628\u064a\u0642 \u0627\u0644\u0639\u0644\u0627\u062c \u0639\u0644\u0649 \u062c\u0644\u0633\u0627\u062a \u0648\u0644\u0639\u062f\u0629 \u0623\u0634\u0647\u0631. \u062a\u064f\u0633\u062a\u062e\u062f\u0645 \u0637\u0631\u064a\u0642\u0629 \u0627\u0644\u0639\u0644\u0627\u062c \u0647\u0630\u0647 \u0641\u064a \u0627\u0644\u0645\u0631\u0627\u062d\u0644 \u0627\u0644\u0645\u0628\u0643\u0631\u0629 \u0645\u0646 \u062a\u0633\u0627\u0642\u0637 \u0627\u0644\u0634\u0639\u0631 \u0645\u062b\u0644 \u0627\u0644\u0635\u0644\u0639 \u0627\u0644\u0630\u0643\u0648\u0631\u064a.<\/p><p><b>\u0643\u064a\u0641 \u064a\u062a\u0645 \u0625\u062c\u0631\u0627\u0621 \u0644\u064a\u0632\u0631 \u0627\u0644\u0634\u0639\u0631 \u0628\u0627\u0644\u0644\u064a\u0632\u0631\u061f<\/b><\/p><p><b><i>\u0644\u064a\u0632\u0631 \u0627\u0644\u0634\u0639\u0631<\/i><\/b>\u00a0\u064a\u062a\u0645 \u0627\u0644\u0639\u0644\u0627\u062c \u0639\u0646 \u0637\u0631\u064a\u0642 \u0625\u0631\u0633\u0627\u0644 \u0636\u0648\u0621 \u0644\u064a\u0632\u0631 \u0645\u0646\u062e\u0641\u0636 \u0627\u0644\u0645\u0633\u062a\u0648\u0649 \u0628\u0637\u0648\u0644 \u0645\u0648\u062c\u064a \u0635\u062d\u064a\u062d \u0625\u0644\u0649 \u0627\u0644\u062c\u0644\u062f \u0645\u0646 \u062e\u0644\u0627\u0644 \u062c\u0647\u0627\u0632 \u062e\u0627\u0635. \u064a\u062a\u0645 \u0625\u062c\u0631\u0627\u0621 \u062c\u0644\u0633\u0627\u062a \u0627\u0644\u0639\u0644\u0627\u062c \u0628\u0648\u0627\u0633\u0637\u0629 \u0623\u062e\u0635\u0627\u0626\u064a \u0648\u064a\u062a\u0645 \u0625\u062c\u0631\u0627\u0624\u0647\u0627 \u0639\u0627\u062f\u0629\u064b \u0639\u062f\u0629 \u0645\u0631\u0627\u062a \u0641\u064a \u0627\u0644\u0623\u0633\u0628\u0648\u0639 \u0644\u0639\u062f\u0629 \u0623\u0634\u0647\u0631.<\/p><p>\u00a0<\/p>\t\t\t\t\t\t\t\t<\/div>\n\t\t\t\t<\/div>\n\t\t\t\t\t<\/div>\n\t\t<\/div>\n\t\t\t\t<div data-aos=\"\" class=\"elementor-column elementor-col-50 elementor-top-column elementor-element elementor-element-bc4d4c0 syd-sticky-section-no\" data-id=\"bc4d4c0\" data-element_type=\"column\" data-settings=\"{&quot;tp_sticky_col_effect_enable&quot;:false}\">\n\t\t\t<div class=\"elementor-widget-wrap elementor-element-populated\">\n\t\t\t\t\t\t<div class=\"elementor-element elementor-element-48dd569 syd-sticky-section-no elementor-widget elementor-widget-image\" data-id=\"48dd569\" data-element_type=\"widget\" data-widget_type=\"image.default\">\n\t\t\t\t<div class=\"elementor-widget-container\">\n\t\t\t\t\t\t\t\t\t<\/div>\n\t\t\t\t<\/div>\n\t\t\t\t\t<\/div>\n\t\t<\/div>\n\t\t\t\t\t<\/div>\n\t\t<\/section>\n\t\t<div class=\"elementor-element elementor-element-0260b06 e-flex e-con-boxed syd-sticky-section-no e-con e-parent\" data-id=\"0260b06\" data-element_type=\"container\">\n\t\t\t\t\t<div class=\"e-con-inner\">\n\t\t\t\t<div class=\"elementor-element elementor-element-ebb047d syd-sticky-section-no elementor-widget elementor-widget-text-editor\" data-id=\"ebb047d\" data-element_type=\"widget\" data-widget_type=\"text-editor.default\">\n\t\t\t\t<div class=\"elementor-widget-container\">\n\t\t\t\t\t\t\t\t\t<p>\u0623\u062b\u0646\u0627\u0621 \u0627\u0644\u0639\u0644\u0627\u062c\u060c \u064a\u0631\u062a\u062f\u064a \u0627\u0644\u0634\u062e\u0635 \u0642\u0628\u0639\u0629 \u062e\u0627\u0635\u0629 \u0648\u064a\u062a\u0645 \u062a\u0648\u062c\u064a\u0647 \u062c\u0647\u0627\u0632 \u0627\u0644\u0644\u064a\u0632\u0631 \u0625\u0644\u0649 \u0627\u0644\u062c\u0644\u062f. \u064a\u0635\u0644 \u0627\u0644\u062c\u0647\u0627\u0632 \u0625\u0644\u0649 \u0628\u0635\u064a\u0644\u0627\u062a \u0627\u0644\u0634\u0639\u0631 \u0648\u064a\u0646\u062a\u062c \u0645\u0633\u062a\u0648\u0649 \u0645\u0646\u062e\u0641\u0636\u064b\u0627 \u0645\u0646\u00a0<b><i>\u0636\u0648\u0621 \u0627\u0644\u0644\u064a\u0632\u0631<\/i><\/b>\u00a0\u0644\u062a\u062d\u0641\u064a\u0632 \u0646\u0645\u0648 \u0627\u0644\u0634\u0639\u0631. \u064a\u0647\u062f\u0641 \u0636\u0648\u0621 \u0627\u0644\u0644\u064a\u0632\u0631 \u0625\u0644\u0649 \u062a\u062d\u0641\u064a\u0632 \u0646\u0645\u0648 \u0627\u0644\u0634\u0639\u0631 \u0639\u0646 \u0637\u0631\u064a\u0642 \u062a\u062d\u0641\u064a\u0632 \u0628\u0635\u064a\u0644\u0627\u062a \u0627\u0644\u0634\u0639\u0631.<\/p><p>\u062a\u0633\u062a\u063a\u0631\u0642 \u062c\u0644\u0633\u0627\u062a \u0627\u0644\u0639\u0644\u0627\u062c \u0639\u0627\u062f\u0629\u064b \u0645\u0646 15 \u0625\u0644\u0649 30 \u062f\u0642\u064a\u0642\u0629 \u0648\u0647\u064a \u063a\u064a\u0631 \u0645\u0624\u0644\u0645\u0629.\u00a0<b><i>\u0639\u0644\u0627\u062c \u0627\u0644\u0634\u0639\u0631 \u0628\u0627\u0644\u0644\u064a\u0632\u0631<\/i><\/b>\u0648\u0639\u0627\u062f\u0629\u064b \u0645\u0627 \u062a\u0633\u062a\u063a\u0631\u0642 \u0627\u0644\u0639\u0645\u0644\u064a\u0629 \u0639\u062f\u0629 \u0623\u0634\u0647\u0631 \u0648\u0642\u062f \u062a\u062d\u062a\u0627\u062c \u0625\u0644\u0649 \u0639\u062f\u0629 \u062c\u0644\u0633\u0627\u062a \u0644\u0644\u062d\u0635\u0648\u0644 \u0639\u0644\u0649 \u0646\u062a\u0627\u0626\u062c \u0643\u0627\u0645\u0644\u0629.<\/p><p><b>\u0645\u0627 \u0647\u064a \u0645\u0632\u0627\u064a\u0627 \u0639\u0644\u0627\u062c \u0627\u0644\u0634\u0639\u0631 \u0628\u0627\u0644\u0644\u064a\u0632\u0631\u061f<\/b><\/p><ul><li aria-level=\"1\">\u0644\u0627 \u062a\u0634\u0639\u0631 \u0628\u0623\u064a \u0623\u0644\u0645 \u0623\u0648 \u0627\u0646\u0632\u0639\u0627\u062c \u0623\u062b\u0646\u0627\u0621 \u0639\u0644\u0627\u062c \u0627\u0644\u0634\u0639\u0631 \u0628\u0627\u0644\u0644\u064a\u0632\u0631.<\/li><li aria-level=\"1\">\u0644\u0627 \u064a\u0633\u0628\u0628 \u0627\u0644\u0639\u0644\u0627\u062c \u0623\u064a \u0622\u062b\u0627\u0631 \u062c\u0627\u0646\u0628\u064a\u0629 \u062e\u0637\u064a\u0631\u0629.<\/li><li aria-level=\"1\">\u064a\u0633\u0627\u0639\u062f \u0639\u0644\u0649 \u0645\u0646\u0639 \u062a\u0633\u0627\u0642\u0637 \u0627\u0644\u0634\u0639\u0631.<\/li><li aria-level=\"1\">\u0639\u0644\u0627\u062c \u0627\u0644\u0634\u0639\u0631 \u0628\u0627\u0644\u0644\u064a\u0632\u0631,\u00a0<a href=\"https:\/\/tr.wikipedia.org\/wiki\/Sa%C3%A7\">\u0627\u0644\u0634\u0639\u0631<\/a>\u00a0\u064a\u0632\u064a\u062f \u0645\u0646 \u0646\u0645\u0648 \u0627\u0644\u0634\u0639\u0631 \u0639\u0646 \u0637\u0631\u064a\u0642 \u062a\u0648\u0635\u064a\u0644 \u0636\u0648\u0621 \u0627\u0644\u0644\u064a\u0632\u0631 \u0645\u0646\u062e\u0641\u0636 \u0627\u0644\u0645\u0633\u062a\u0648\u0649 \u0625\u0644\u0649 \u0627\u0644\u062c\u0630\u0648\u0631.<\/li><li aria-level=\"1\">\u0646\u0638\u0631\u064b\u0627 \u0644\u0623\u0646\u0647 \u0639\u0644\u0627\u062c \u0622\u0645\u0646\u060c \u064a\u0633\u062a\u062e\u062f\u0645\u0647 \u0627\u0644\u0639\u062f\u064a\u062f \u0645\u0646 \u0627\u0644\u0623\u0634\u062e\u0627\u0635.<\/li><\/ul><p><b><br \/>\u0645\u0627 \u0647\u064a \u0639\u064a\u0648\u0628 \u0639\u0645\u0644\u064a\u0629 \u0625\u0632\u0627\u0644\u0629 \u0627\u0644\u0634\u0639\u0631 \u0628\u0627\u0644\u0644\u064a\u0632\u0631\u061f<\/b><\/p><ul><li aria-level=\"1\">\u0642\u062f \u062a\u0633\u062a\u063a\u0631\u0642 \u0627\u0644\u0646\u062a\u0627\u0626\u062c \u0627\u0644\u0641\u0639\u0627\u0644\u0629 \u0648\u0642\u062a\u0627\u064b \u0637\u0648\u064a\u0644\u0627\u064b.<\/li><li aria-level=\"1\"><a href=\"https:\/\/tr.wikipedia.org\/wiki\/Enfeksiyon_hastal%C4%B1klar%C4%B1\">\u0625\u0645\u0643\u0627\u0646\u064a\u0629 \u0627\u0644\u0625\u0635\u0627\u0628\u0629 \u0628\u0627\u0644\u0639\u062f\u0648\u0649<\/a>\u00a0\u064a\u0648\u062c\u062f.<\/li><li aria-level=\"1\">\u0628\u0627\u0644\u0643\u0627\u0645\u0644\u00a0<a href=\"https:\/\/tr.wikipedia.org\/wiki\/Sa%C3%A7\">\u0627\u0644\u0634\u0639\u0631<\/a>\u00a0\u0644\u0627 \u064a\u0645\u0643\u0646 \u0623\u0646 \u064a\u0645\u0646\u0639 \u0641\u0642\u062f\u0627\u0646\u0647\u0627.<\/li><li aria-level=\"1\">\u064a\u0645\u0643\u0646 \u0623\u0646 \u064a\u0643\u0648\u0646 \u0627\u0644\u0639\u0644\u0627\u062c \u0645\u0643\u0644\u0641\u0627\u064b.<\/li><li aria-level=\"1\">\u0642\u062f \u0644\u0627 \u064a\u0643\u0648\u0646 \u0647\u0646\u0627\u0643 \u0639\u0644\u0627\u062c \u0645\u0646\u0627\u0633\u0628 \u0644\u0644\u062c\u0645\u064a\u0639.<\/li><li aria-level=\"1\">\u0646\u0627\u062f\u0631\u064b\u0627 \u0645\u0627 \u064a\u062d\u062f\u062b \u0627\u062d\u0645\u0631\u0627\u0631 \u0628\u0639\u062f \u0639\u0644\u0627\u062c \u0627\u0644\u0634\u0639\u0631 \u0628\u0627\u0644\u0644\u064a\u0632\u0631,\u00a0<a href=\"https:\/\/tr.wikipedia.org\/wiki\/Ka%C5%9F%C4%B1nt%C4%B1\">\u0627\u0644\u062d\u0643\u0629<\/a>\u00a0\u0623\u0648 \u0642\u062f \u062a\u062d\u062f\u062b \u0622\u062b\u0627\u0631 \u062c\u0627\u0646\u0628\u064a\u0629 \u0645\u062b\u0644 \u0627\u0644\u062a\u0648\u0631\u0645.<\/li><\/ul><p><b><br \/>\u0623\u064a\u0646 \u064a\u0645\u0643\u0646\u0646\u064a \u0627\u0644\u0630\u0647\u0627\u0628 \u0644\u0644\u062d\u0635\u0648\u0644 \u0639\u0644\u0649 \u0644\u064a\u0632\u0631 \u0627\u0644\u0634\u0639\u0631\u061f<\/b><\/p><p><a href=\"https:\/\/tr.wikipedia.org\/wiki\/Sa%C4%9Fl%C4%B1k\">\u0627\u0644\u0635\u062d\u0629<\/a>\u00a0\u0644\u0637\u0627\u0644\u0645\u0627 \u0643\u0627\u0646\u062a \u0623\u0648\u0644\u0648\u064a\u062a\u0646\u0627 \u0641\u064a \u0647\u0630\u0627 \u0627\u0644\u0642\u0637\u0627\u0639 \u0647\u064a \u0631\u0636\u0627 \u0627\u0644\u0645\u0631\u0636\u0649 \u0648\u0635\u062d\u062a\u0647\u0645.\u00a0<b>\u0648\u0643\u0644\u0627\u0621 \u0627\u0644\u0635\u062d\u0629;<\/b>\u00a0\u064a\u0642\u062f\u0645\u0647\u0627 \u0623\u0637\u0628\u0627\u0621 \u0645\u062a\u062e\u0635\u0635\u0648\u0646 \u0641\u064a \u0628\u064a\u0626\u0629 \u0645\u062c\u0647\u0632\u0629 \u0628\u0623\u062d\u062f\u062b \u0627\u0644\u062a\u0642\u0646\u064a\u0627\u062a \u0627\u0644\u062d\u062f\u064a\u062b\u0629 \u0648\u0623\u062d\u062f\u062b \u0627\u0644\u0627\u0628\u062a\u0643\u0627\u0631\u0627\u062a \u0627\u0644\u0637\u0628\u064a\u0629. \u0646\u062d\u0646 \u062f\u0627\u0626\u0645\u0627\u064b \u0625\u0644\u0649 \u062c\u0627\u0646\u0628\u0643 \u0644\u0646\u0642\u062f\u0645 \u0644\u0643 \u0623\u0641\u0636\u0644 \u062e\u062f\u0645\u0629 \u0648\u0646\u062d\u0646 \u0641\u062e\u0648\u0631\u0648\u0646 \u0628\u0627\u0644\u0646\u062c\u0627\u062d\u0627\u062a \u0627\u0644\u062a\u064a \u062d\u0642\u0642\u0646\u0627\u0647\u0627 \u0641\u064a \u0627\u0644\u0639\u0645\u0644\u064a\u0627\u062a \u0627\u0644\u062c\u0631\u0627\u062d\u064a\u0629 \u0627\u0644\u062a\u064a \u0646\u062c\u0631\u064a\u0647\u0627. \u0648\u0644\u0647\u0630\u0627 \u0627\u0644\u0633\u0628\u0628\u00a0<b>\u0648\u0643\u0644\u0627\u0621 \u0627\u0644\u0635\u062d\u0629<\/b>\u00a0\u0623\u0637\u0628\u0627\u0626\u0646\u0627\u060c \u0628\u0641\u0636\u0644 \u062e\u0628\u0631\u062a\u0647\u0645 \u0648\u062a\u062c\u0631\u0628\u062a\u0647\u0645\u060c \u0643\u0645\u0627 \u0647\u0648 \u0627\u0644\u062d\u0627\u0644 \u0641\u064a \u062c\u0645\u064a\u0639 \u0627\u0644\u0625\u062c\u0631\u0627\u0621\u0627\u062a \u0627\u0644\u0637\u0628\u064a\u0629\u00a0<b><i>\u0644\u064a\u0632\u0631 \u0627\u0644\u0634\u0639\u0631<\/i><\/b>\u00a0\u0643\u0645\u0627 \u0623\u0646\u0647\u0627 \u0645\u0641\u0636\u0644\u0629 \u0641\u064a \u0643\u062b\u064a\u0631 \u0645\u0646 \u0627\u0644\u0623\u062d\u064a\u0627\u0646 \u0644\u0639\u0645\u0644\u064a\u0627\u062a\u0647\u0627. \u064a\u0645\u0643\u0646\u0643 \u0623\u064a\u0636\u0627\u064b \u0627\u062e\u062a\u064a\u0627\u0631\u0646\u0627 \u0628\u0643\u0644 \u062b\u0642\u0629.<\/p>\t\t\t\t\t\t\t\t<\/div>\n\t\t\t\t<\/div>\n\t\t\t\t\t<\/div>\n\t\t\t\t<\/div>\n\t\t\t\t<section class=\"elementor-section elementor-top-section elementor-element elementor-element-cfed380 elementor-section-content-middle elementor-section-boxed elementor-section-height-default elementor-section-height-default tp-parallax-no syd-sticky-section-no\" data-id=\"cfed380\" data-element_type=\"section\" data-settings=\"{&quot;background_background&quot;:&quot;classic&quot;,&quot;tp_sticky_sec_effect_enable&quot;:false}\">\n\t\t\t\t\t\t<div class=\"elementor-container elementor-column-gap-default\">\n\t\t\t\t\t<div data-aos=\"\" class=\"elementor-column elementor-col-50 elementor-top-column elementor-element elementor-element-d8fac92 syd-sticky-section-no\" data-id=\"d8fac92\" data-element_type=\"column\" data-settings=\"{&quot;tp_sticky_col_effect_enable&quot;:false}\">\n\t\t\t<div class=\"elementor-widget-wrap elementor-element-populated\">\n\t\t\t\t\t\t<div class=\"elementor-element elementor-element-ea4173f syd-sticky-section-no elementor-widget elementor-widget-heading\" data-id=\"ea4173f\" data-element_type=\"widget\" data-widget_type=\"heading.default\">\n\t\t\t\t<div class=\"elementor-widget-container\">\n\t\t\t\t\t<h2 class=\"elementor-heading-title elementor-size-default\">\u0647\u0644 \u0644\u062f\u064a\u0643 \u0623\u064a \u0623\u0633\u0626\u0644\u0629\u061f<\/h2>\t\t\t\t<\/div>\n\t\t\t\t<\/div>\n\t\t\t\t\t<\/div>\n\t\t<\/div>\n\t\t\t\t<div data-aos=\"\" class=\"elementor-column elementor-col-50 elementor-top-column elementor-element elementor-element-7aa5769 syd-sticky-section-no\" data-id=\"7aa5769\" data-element_type=\"column\" data-settings=\"{&quot;tp_sticky_col_effect_enable&quot;:false}\">\n\t\t\t<div class=\"elementor-widget-wrap elementor-element-populated\">\n\t\t\t\t\t\t<div class=\"elementor-element elementor-element-9c6e3e1 elementor-align-right elementor-mobile-align-center syd-sticky-section-no elementor-widget elementor-widget-button\" data-id=\"9c6e3e1\" data-element_type=\"widget\" data-widget_type=\"button.default\">\n\t\t\t\t<div class=\"elementor-widget-container\">\n\t\t\t\t\t\t\t\t\t<div class=\"elementor-button-wrapper\">\n\t\t\t\t\t<a class=\"elementor-button elementor-button-link elementor-size-sm\" href=\"https:\/\/healthagentsturkey.com\/ar\/iletisim\/\">\n\t\t\t\t\t\t<span class=\"elementor-button-content-wrapper\">\n\t\t\t\t\t\t\t\t\t<span class=\"elementor-button-text\">\u0627\u062a\u0635\u0644 \u0628\u0646\u0627<\/span>\n\t\t\t\t\t<\/span>\n\t\t\t\t\t<\/a>\n\t\t\t\t<\/div>\n\t\t\t\t\t\t\t\t<\/div>\n\t\t\t\t<\/div>\n\t\t\t\t\t<\/div>\n\t\t<\/div>\n\t\t\t\t\t<\/div>\n\t\t<\/section>\n\t\t\t\t<\/div>","protected":false},"excerpt":{"rendered":"<p>Sa\u00e7 Lazeri Nedir? Sa\u00e7 lazeri,\u00a0sa\u00e7 d\u00f6k\u00fclmesini \u00f6nlemek veya durdurmak i\u00e7in kullan\u0131lan bir t\u00fcr lazer terapisidir. Bu terapi, sa\u00e7 k\u00f6klerine do\u011fru dalga boyunda [&hellip;]<\/p>","protected":false},"author":1,"featured_media":0,"parent":1407,"menu_order":0,"comment_status":"closed","ping_status":"closed","template":"elementor_header_footer","meta":{"_eb_attr":"","footnotes":""},"class_list":["post-1582","page","type-page","status-publish","hentry"],"_links":{"self":[{"href":"https:\/\/healthagentsturkey.com\/ar\/wp-json\/wp\/v2\/pages\/1582","targetHints":{"allow":["GET"]}}],"collection":[{"href":"https:\/\/healthagentsturkey.com\/ar\/wp-json\/wp\/v2\/pages"}],"about":[{"href":"https:\/\/healthagentsturkey.com\/ar\/wp-json\/wp\/v2\/types\/page"}],"author":[{"embeddable":true,"href":"https:\/\/healthagentsturkey.com\/ar\/wp-json\/wp\/v2\/users\/1"}],"replies":[{"embeddable":true,"href":"https:\/\/healthagentsturkey.com\/ar\/wp-json\/wp\/v2\/comments?post=1582"}],"version-history":[{"count":1,"href":"https:\/\/healthagentsturkey.com\/ar\/wp-json\/wp\/v2\/pages\/1582\/revisions"}],"predecessor-version":[{"id":4803,"href":"https:\/\/healthagentsturkey.com\/ar\/wp-json\/wp\/v2\/pages\/1582\/revisions\/4803"}],"up":[{"embeddable":true,"href":"https:\/\/healthagentsturkey.com\/ar\/wp-json\/wp\/v2\/pages\/1407"}],"wp:attachment":[{"href":"https:\/\/healthagentsturkey.com\/ar\/wp-json\/wp\/v2\/media?parent=1582"}],"curies":[{"name":"wp","href":"https:\/\/api.w.org\/{rel}","templated":true}]}}