{"id":1439,"date":"2023-11-18T03:26:27","date_gmt":"2023-11-18T03:26:27","guid":{"rendered":"https:\/\/healthagentsturkey.com\/?page_id=1439"},"modified":"2026-02-25T10:31:54","modified_gmt":"2026-02-25T07:31:54","slug":"dis","status":"publish","type":"page","link":"https:\/\/healthagentsturkey.com\/ar\/tedavi\/dis\/","title":{"rendered":"\u0639\u0644\u0627\u062c\u0627\u062a \u0627\u0644\u0623\u0633\u0646\u0627\u0646"},"content":{"rendered":"<div data-elementor-type=\"wp-page\" data-elementor-id=\"1439\" class=\"elementor elementor-1439\" data-elementor-post-type=\"page\">\n\t\t\t\t\t\t<section class=\"elementor-section elementor-top-section elementor-element elementor-element-eedafb9 elementor-section-content-middle elementor-section-boxed elementor-section-height-default elementor-section-height-default tp-parallax-no syd-sticky-section-no\" data-id=\"eedafb9\" data-element_type=\"section\" data-settings=\"{&quot;tp_sticky_sec_effect_enable&quot;:false}\">\n\t\t\t\t\t\t<div class=\"elementor-container elementor-column-gap-default\">\n\t\t\t\t\t<div data-aos=\"\" class=\"elementor-column elementor-col-50 elementor-top-column elementor-element elementor-element-571508b syd-sticky-section-no\" data-id=\"571508b\" data-element_type=\"column\" data-settings=\"{&quot;tp_sticky_col_effect_enable&quot;:false}\">\n\t\t\t<div class=\"elementor-widget-wrap elementor-element-populated\">\n\t\t\t\t\t\t<div class=\"elementor-element elementor-element-2fc2cb6 syd-sticky-section-no elementor-widget elementor-widget-heading\" data-id=\"2fc2cb6\" data-element_type=\"widget\" data-widget_type=\"heading.default\">\n\t\t\t\t<div class=\"elementor-widget-container\">\n\t\t\t\t\t<h2 class=\"elementor-heading-title elementor-size-default\">\u0639\u0644\u0627\u062c\u0627\u062a \u0627\u0644\u0623\u0633\u0646\u0627\u0646<\/h2>\t\t\t\t<\/div>\n\t\t\t\t<\/div>\n\t\t\t\t<div class=\"elementor-element elementor-element-1cf0f1c syd-sticky-section-no elementor-widget elementor-widget-text-editor\" data-id=\"1cf0f1c\" data-element_type=\"widget\" data-widget_type=\"text-editor.default\">\n\t\t\t\t<div class=\"elementor-widget-container\">\n\t\t\t\t\t\t\t\t\t<p>\u062a\u063a\u0637\u064a \u0639\u0644\u0627\u062c\u0627\u062a \u0627\u0644\u0623\u0633\u0646\u0627\u0646 \u0645\u062c\u0645\u0648\u0639\u0629 \u0648\u0627\u0633\u0639\u0629 \u0645\u0646 \u0627\u0644\u062a\u062e\u0635\u0635\u0627\u062a \u0627\u0644\u0637\u0628\u064a\u0629 \u0627\u0644\u062a\u064a \u062a\u0647\u062f\u0641 \u0625\u0644\u0649 \u0627\u0644\u062d\u0641\u0627\u0638 \u0639\u0644\u0649 \u0635\u062d\u0629 \u0627\u0644\u0641\u0645 \u0648\u0627\u0644\u0623\u0633\u0646\u0627\u0646. \u064a\u0642\u062f\u0645 \u0623\u0637\u0628\u0627\u0621 \u0627\u0644\u0623\u0633\u0646\u0627\u0646 \u0627\u0644\u0639\u0627\u0645\u0644\u0648\u0646 \u0641\u064a \u0647\u0630\u0627 \u0627\u0644\u0645\u062c\u0627\u0644 \u0645\u062c\u0645\u0648\u0639\u0629 \u0645\u062a\u0646\u0648\u0639\u0629 \u0645\u0646 \u0627\u0644\u062e\u062f\u0645\u0627\u062a \u0627\u0644\u062a\u064a \u062a\u062a\u0631\u0627\u0648\u062d \u0628\u064a\u0646 \u0627\u0644\u0639\u0646\u0627\u064a\u0629 \u0627\u0644\u0639\u0627\u0645\u0629 \u0628\u0627\u0644\u0623\u0633\u0646\u0627\u0646 \u0648\u062c\u0631\u0627\u062d\u0629 \u0627\u0644\u0641\u0645. \u0641\u064a \u062d\u064a\u0646 \u062a\u0634\u0645\u0644 \u0627\u0644\u0631\u0639\u0627\u064a\u0629 \u0627\u0644\u0639\u0627\u0645\u0629 \u0644\u0644\u0623\u0633\u0646\u0627\u0646 \u0627\u0644\u0639\u0644\u0627\u062c\u0627\u062a \u0627\u0644\u0623\u0633\u0627\u0633\u064a\u0629 \u0645\u062b\u0644 \u062a\u0646\u0638\u064a\u0641 \u0627\u0644\u0623\u0633\u0646\u0627\u0646 \u0648\u062d\u0634\u0648\u0647\u0627 \u0648\u062e\u0644\u0639 \u0627\u0644\u0623\u0633\u0646\u0627\u0646 \u0648\u062a\u0642\u0648\u064a\u0645 \u0627\u0644\u0623\u0633\u0646\u0627\u0646 \u0648\u062a\u0642\u0648\u064a\u0645 \u0627\u0644\u0623\u0633\u0646\u0627\u0646 \u0648\u062a\u0642\u0648\u064a\u0645 \u0627\u0644\u0623\u0633\u0646\u0627\u0646 \u0648\u0637\u0628 \u0627\u0644\u0623\u0633\u0646\u0627\u0646 \u0627\u0644\u062a\u062c\u0645\u064a\u0644\u064a. \u0648\u0641\u064a \u0627\u0644\u0648\u0642\u062a \u0646\u0641\u0633\u0647\u060c \u0641\u0625\u0646 \u0627\u0644\u0639\u0645\u0644\u064a\u0627\u062a \u0627\u0644\u062c\u0631\u0627\u062d\u064a\u0629 \u0645\u062b\u0644 \u0632\u0631\u0627\u0639\u0629 \u0627\u0644\u0623\u0633\u0646\u0627\u0646 \u0648\u0627\u0644\u062a\u0631\u0643\u064a\u0628\u0627\u062a \u0627\u0644\u0633\u0646\u064a\u0629 \u0648\u062c\u0631\u0627\u062d\u0629 \u0627\u0644\u0648\u062c\u0647 \u0648\u0627\u0644\u0641\u0643\u064a\u0646 \u0647\u064a \u0623\u064a\u0636\u0627\u064b \u0636\u0645\u0646 \u062a\u062e\u0635\u0635 \u0623\u0637\u0628\u0627\u0621 \u0627\u0644\u0623\u0633\u0646\u0627\u0646. \u062a\u0647\u062f\u0641 \u0639\u0644\u0627\u062c\u0627\u062a \u0627\u0644\u0623\u0633\u0646\u0627\u0646 \u0625\u0644\u0649 \u062a\u0632\u0648\u064a\u062f \u0627\u0644\u0645\u0631\u0636\u0649 \u0628\u0627\u0628\u062a\u0633\u0627\u0645\u0629 \u0635\u062d\u064a\u0629 \u0648\u062d\u0645\u0627\u064a\u0629 \u0635\u062d\u0629 \u0627\u0644\u0641\u0645 \u0648\u0627\u0644\u0623\u0633\u0646\u0627\u0646 \u0645\u0646 \u062e\u0644\u0627\u0644 \u0627\u0633\u062a\u0647\u062f\u0627\u0641 \u0643\u0644 \u0645\u0646 \u0627\u0644\u062a\u062d\u0633\u064a\u0646\u0627\u062a \u0627\u0644\u062c\u0645\u0627\u0644\u064a\u0629 \u0648\u0627\u0644\u0648\u0638\u064a\u0641\u064a\u0629. \u0648\u0641\u064a \u0647\u0630\u0627 \u0627\u0644\u0633\u064a\u0627\u0642\u060c \u064a\u0642\u062f\u0645 \u0623\u0637\u0628\u0627\u0621 \u0627\u0644\u0623\u0633\u0646\u0627\u0646 \u0645\u062c\u0645\u0648\u0639\u0629 \u0648\u0627\u0633\u0639\u0629 \u0645\u0646 \u062e\u064a\u0627\u0631\u0627\u062a \u0627\u0644\u0639\u0644\u0627\u062c \u0644\u062a\u0646\u0627\u0633\u0628 \u0627\u0644\u0627\u062d\u062a\u064a\u0627\u062c\u0627\u062a \u0627\u0644\u0641\u0631\u062f\u064a\u0629 \u0644\u0644\u0645\u0631\u0636\u0649.<\/p>\t\t\t\t\t\t\t\t<\/div>\n\t\t\t\t<\/div>\n\t\t\t\t\t<\/div>\n\t\t<\/div>\n\t\t\t\t<div data-aos=\"\" class=\"elementor-column elementor-col-50 elementor-top-column elementor-element elementor-element-bc4d4c0 syd-sticky-section-no\" data-id=\"bc4d4c0\" data-element_type=\"column\" data-settings=\"{&quot;tp_sticky_col_effect_enable&quot;:false}\">\n\t\t\t<div class=\"elementor-widget-wrap elementor-element-populated\">\n\t\t\t\t\t\t<div class=\"elementor-element elementor-element-48dd569 syd-sticky-section-no elementor-widget elementor-widget-image\" data-id=\"48dd569\" data-element_type=\"widget\" data-widget_type=\"image.default\">\n\t\t\t\t<div class=\"elementor-widget-container\">\n\t\t\t\t\t\t\t\t\t<\/div>\n\t\t\t\t<\/div>\n\t\t\t\t\t<\/div>\n\t\t<\/div>\n\t\t\t\t\t<\/div>\n\t\t<\/section>\n\t\t\t\t<section class=\"elementor-section elementor-top-section elementor-element elementor-element-cfed380 elementor-section-content-middle elementor-section-boxed elementor-section-height-default elementor-section-height-default tp-parallax-no syd-sticky-section-no\" data-id=\"cfed380\" data-element_type=\"section\" data-settings=\"{&quot;background_background&quot;:&quot;classic&quot;,&quot;tp_sticky_sec_effect_enable&quot;:false}\">\n\t\t\t\t\t\t<div class=\"elementor-container elementor-column-gap-default\">\n\t\t\t\t\t<div data-aos=\"\" class=\"elementor-column elementor-col-50 elementor-top-column elementor-element elementor-element-d8fac92 syd-sticky-section-no\" data-id=\"d8fac92\" data-element_type=\"column\" data-settings=\"{&quot;tp_sticky_col_effect_enable&quot;:false}\">\n\t\t\t<div class=\"elementor-widget-wrap elementor-element-populated\">\n\t\t\t\t\t\t<div class=\"elementor-element elementor-element-ea4173f syd-sticky-section-no elementor-widget elementor-widget-heading\" data-id=\"ea4173f\" data-element_type=\"widget\" data-widget_type=\"heading.default\">\n\t\t\t\t<div class=\"elementor-widget-container\">\n\t\t\t\t\t<h2 class=\"elementor-heading-title elementor-size-default\">\u0647\u0644 \u0644\u062f\u064a\u0643 \u0623\u064a \u0623\u0633\u0626\u0644\u0629\u061f<\/h2>\t\t\t\t<\/div>\n\t\t\t\t<\/div>\n\t\t\t\t\t<\/div>\n\t\t<\/div>\n\t\t\t\t<div data-aos=\"\" class=\"elementor-column elementor-col-50 elementor-top-column elementor-element elementor-element-7aa5769 syd-sticky-section-no\" data-id=\"7aa5769\" data-element_type=\"column\" data-settings=\"{&quot;tp_sticky_col_effect_enable&quot;:false}\">\n\t\t\t<div class=\"elementor-widget-wrap elementor-element-populated\">\n\t\t\t\t\t\t<div class=\"elementor-element elementor-element-9c6e3e1 elementor-align-right elementor-mobile-align-center syd-sticky-section-no elementor-widget elementor-widget-button\" data-id=\"9c6e3e1\" data-element_type=\"widget\" data-widget_type=\"button.default\">\n\t\t\t\t<div class=\"elementor-widget-container\">\n\t\t\t\t\t\t\t\t\t<div class=\"elementor-button-wrapper\">\n\t\t\t\t\t<a class=\"elementor-button elementor-button-link elementor-size-sm\" href=\"https:\/\/healthagentsturkey.com\/ar\/iletisim\/\">\n\t\t\t\t\t\t<span class=\"elementor-button-content-wrapper\">\n\t\t\t\t\t\t\t\t\t<span class=\"elementor-button-text\">\u0627\u062a\u0635\u0644 \u0628\u0646\u0627<\/span>\n\t\t\t\t\t<\/span>\n\t\t\t\t\t<\/a>\n\t\t\t\t<\/div>\n\t\t\t\t\t\t\t\t<\/div>\n\t\t\t\t<\/div>\n\t\t\t\t\t<\/div>\n\t\t<\/div>\n\t\t\t\t\t<\/div>\n\t\t<\/section>\n\t\t\t\t<\/div>","protected":false},"excerpt":{"rendered":"<p>Di\u015f Tedavileri Di\u015f tedavileri, a\u011f\u0131z ve di\u015f sa\u011fl\u0131\u011f\u0131n\u0131 korumay\u0131 ama\u00e7layan geni\u015f bir t\u0131bbi disiplini kapsar. Bu alanda faaliyet g\u00f6steren di\u015f hekimleri, genel [&hellip;]<\/p>","protected":false},"author":1,"featured_media":0,"parent":899,"menu_order":0,"comment_status":"closed","ping_status":"closed","template":"elementor_header_footer","meta":{"_eb_attr":"","footnotes":""},"class_list":["post-1439","page","type-page","status-publish","hentry"],"_links":{"self":[{"href":"https:\/\/healthagentsturkey.com\/ar\/wp-json\/wp\/v2\/pages\/1439","targetHints":{"allow":["GET"]}}],"collection":[{"href":"https:\/\/healthagentsturkey.com\/ar\/wp-json\/wp\/v2\/pages"}],"about":[{"href":"https:\/\/healthagentsturkey.com\/ar\/wp-json\/wp\/v2\/types\/page"}],"author":[{"embeddable":true,"href":"https:\/\/healthagentsturkey.com\/ar\/wp-json\/wp\/v2\/users\/1"}],"replies":[{"embeddable":true,"href":"https:\/\/healthagentsturkey.com\/ar\/wp-json\/wp\/v2\/comments?post=1439"}],"version-history":[{"count":1,"href":"https:\/\/healthagentsturkey.com\/ar\/wp-json\/wp\/v2\/pages\/1439\/revisions"}],"predecessor-version":[{"id":4763,"href":"https:\/\/healthagentsturkey.com\/ar\/wp-json\/wp\/v2\/pages\/1439\/revisions\/4763"}],"up":[{"embeddable":true,"href":"https:\/\/healthagentsturkey.com\/ar\/wp-json\/wp\/v2\/pages\/899"}],"wp:attachment":[{"href":"https:\/\/healthagentsturkey.com\/ar\/wp-json\/wp\/v2\/media?parent=1439"}],"curies":[{"name":"wp","href":"https:\/\/api.w.org\/{rel}","templated":true}]}}