{"id":1407,"date":"2023-11-18T01:32:58","date_gmt":"2023-11-18T01:32:58","guid":{"rendered":"https:\/\/healthagentsturkey.com\/?page_id=1407"},"modified":"2026-02-25T10:31:57","modified_gmt":"2026-02-25T07:31:57","slug":"sac-ekimi","status":"publish","type":"page","link":"https:\/\/healthagentsturkey.com\/ar\/tedavi\/sac-ekimi\/","title":{"rendered":"\u0632\u0631\u0627\u0639\u0629 \u0627\u0644\u0634\u0639\u0631"},"content":{"rendered":"<div data-elementor-type=\"wp-page\" data-elementor-id=\"1407\" class=\"elementor elementor-1407\" data-elementor-post-type=\"page\">\n\t\t\t\t\t\t<section class=\"elementor-section elementor-top-section elementor-element elementor-element-eedafb9 elementor-section-content-middle elementor-section-boxed elementor-section-height-default elementor-section-height-default tp-parallax-no syd-sticky-section-no\" data-id=\"eedafb9\" data-element_type=\"section\" data-settings=\"{&quot;tp_sticky_sec_effect_enable&quot;:false}\">\n\t\t\t\t\t\t<div class=\"elementor-container elementor-column-gap-default\">\n\t\t\t\t\t<div data-aos=\"\" class=\"elementor-column elementor-col-50 elementor-top-column elementor-element elementor-element-571508b syd-sticky-section-no\" data-id=\"571508b\" data-element_type=\"column\" data-settings=\"{&quot;tp_sticky_col_effect_enable&quot;:false}\">\n\t\t\t<div class=\"elementor-widget-wrap elementor-element-populated\">\n\t\t\t\t\t\t<div class=\"elementor-element elementor-element-2fc2cb6 syd-sticky-section-no elementor-widget elementor-widget-heading\" data-id=\"2fc2cb6\" data-element_type=\"widget\" data-widget_type=\"heading.default\">\n\t\t\t\t<div class=\"elementor-widget-container\">\n\t\t\t\t\t<h2 class=\"elementor-heading-title elementor-size-default\">\u0632\u0631\u0627\u0639\u0629 \u0627\u0644\u0634\u0639\u0631<\/h2>\t\t\t\t<\/div>\n\t\t\t\t<\/div>\n\t\t\t\t<div class=\"elementor-element elementor-element-1cf0f1c syd-sticky-section-no elementor-widget elementor-widget-text-editor\" data-id=\"1cf0f1c\" data-element_type=\"widget\" data-widget_type=\"text-editor.default\">\n\t\t\t\t<div class=\"elementor-widget-container\">\n\t\t\t\t\t\t\t\t\t<div class=\"flex-1 overflow-hidden\"><div class=\"react-scroll-to-bottom--css-vtjeu-79elbk h-full\"><div class=\"react-scroll-to-bottom--css-vtjeu-1n7m0yu\"><div class=\"flex flex-col text-sm gizmo:pb-9 dark:bg-gray-800 gizmo:dark:bg-transparent\"><div class=\"w-full text-token-text-primary border-b border-black\/10 gizmo:border-0 dark:border-gray-900\/50 gizmo:dark:border-0 bg-gray-50 gizmo:bg-transparent dark:bg-[#444654] gizmo:dark:bg-transparent\" data-testid=\"conversation-turn-15\"><div class=\"p-4 gizmo:py-2 justify-center text-base md:gap-6 md:py-6 m-auto\"><div class=\"flex flex-1 gap-4 text-base mx-auto md:gap-6 gizmo:gap-3 gizmo:md:px-5 gizmo:lg:px-1 gizmo:xl:px-5 md:max-w-2xl lg:max-w-[38rem] gizmo:md:max-w-3xl gizmo:lg:max-w-[40rem] gizmo:xl:max-w-[48rem] xl:max-w-3xl } group final-completion\"><div class=\"relative flex w-[calc(100%-50px)] flex-col gizmo:w-full lg:w-[calc(100%-115px)] agent-turn\"><div class=\"flex-col gap-1 md:gap-3\"><div class=\"flex flex-grow flex-col max-w-full gap-3 gizmo:gap-0\"><div class=\"min-h-[20px] text-message flex flex-col items-start gap-3 whitespace-pre-wrap break-words [.text-message+&amp;]:mt-5 overflow-x-auto\" data-message-author-role=\"assistant\" data-message-id=\"6ed2dfa6-2d88-4a42-adb1-3dbd1da889c9\"><div class=\"markdown prose w-full break-words dark:prose-invert dark\"><p><strong>\u0632\u0631\u0627\u0639\u0629 \u0627\u0644\u0634\u0639\u0631<\/strong>\u0647\u0648 \u0625\u062c\u0631\u0627\u0621 \u062c\u0631\u0627\u062d\u064a \u0644\u0639\u0644\u0627\u062c \u062a\u0633\u0627\u0642\u0637 \u0627\u0644\u0634\u0639\u0631. \u064a\u064f\u0641\u0636\u0644 \u0647\u0630\u0627 \u0627\u0644\u0625\u062c\u0631\u0627\u0621 \u0628\u0634\u0643\u0644 \u0639\u0627\u0645 \u0644\u0644\u0623\u0641\u0631\u0627\u062f \u0627\u0644\u0630\u064a\u0646 \u064a\u0639\u0627\u0646\u0648\u0646 \u0645\u0646 \u062a\u0631\u0642\u0642 \u0627\u0644\u0634\u0639\u0631 \u0646\u062a\u064a\u062c\u0629 \u0627\u0644\u062b\u0639\u0644\u0628\u0629 \u0627\u0644\u0623\u0646\u062f\u0631\u0648\u062c\u064a\u0646\u064a\u0629 \u0623\u0648 \u063a\u064a\u0631\u0647\u0627 \u0645\u0646 \u0623\u0633\u0628\u0627\u0628 \u062a\u0633\u0627\u0642\u0637 \u0627\u0644\u0634\u0639\u0631. \u064a\u0633\u062a\u062e\u062f\u0645 \u0623\u062e\u0635\u0627\u0626\u064a\u0648 \u0632\u0631\u0627\u0639\u0629 \u0627\u0644\u0634\u0639\u0631 \u0639\u062f\u062f\u0627\u064b \u0645\u0646 \u0627\u0644\u062a\u0642\u0646\u064a\u0627\u062a \u0627\u0644\u062a\u064a \u062a\u062a\u0636\u0645\u0646 \u0639\u0627\u062f\u0629\u064b \u0625\u0632\u0627\u0644\u0629 \u0627\u0644\u0634\u0639\u0631 \u0645\u0646 \u0627\u0644\u0638\u0647\u0631 \u0623\u0648 \u0627\u0644\u062c\u0627\u0646\u0628\u064a\u0646 \u0648\u0632\u0631\u0639\u0647 \u0641\u064a \u0627\u0644\u0645\u0646\u0637\u0642\u0629 \u0627\u0644\u0645\u0631\u0627\u062f \u0632\u0631\u0639\u0647\u0627. \u062a\u0647\u062f\u0641 \u0627\u0644\u062a\u0642\u0646\u064a\u0627\u062a \u0627\u0644\u0634\u0627\u0626\u0639\u0629 \u0645\u062b\u0644 FUT (\u0632\u0631\u0627\u0639\u0629 \u0627\u0644\u0648\u062d\u062f\u0629 \u0627\u0644\u062c\u0631\u0627\u0628\u064a\u0629) \u0648 FUE (\u0627\u0633\u062a\u062e\u0631\u0627\u062c \u0627\u0644\u0648\u062d\u062f\u0629 \u0627\u0644\u062c\u0631\u0627\u0628\u064a\u0629) \u0625\u0644\u0649 \u062a\u062d\u0642\u064a\u0642 \u0645\u0638\u0647\u0631 \u0637\u0628\u064a\u0639\u064a \u0645\u0646 \u062e\u0644\u0627\u0644 \u062a\u062d\u0631\u064a\u0643 \u0628\u0635\u064a\u0644\u0627\u062a \u0627\u0644\u0634\u0639\u0631 \u0641\u064a \u0645\u062c\u0645\u0648\u0639\u0627\u062a \u0637\u0628\u064a\u0639\u064a\u0629. \u064a\u0647\u062f\u0641 \u0647\u0630\u0627 \u0627\u0644\u062a\u062f\u062e\u0644 \u0627\u0644\u062c\u0631\u0627\u062d\u064a \u0625\u0644\u0649 \u062a\u0635\u062d\u064a\u062d \u062e\u0637 \u0627\u0644\u0634\u0639\u0631 \u0643\u0625\u062c\u0631\u0627\u0621 \u062a\u062c\u0645\u064a\u0644\u064a \u0648\u0625\u0635\u0644\u0627\u062d \u0625\u0635\u0627\u0628\u0627\u062a \u0641\u0631\u0648\u0629 \u0627\u0644\u0631\u0623\u0633 \u0648\u0639\u0644\u0627\u062c \u062a\u0633\u0627\u0642\u0637 \u0627\u0644\u0634\u0639\u0631 \u0628\u0633\u0628\u0628 \u0639\u0648\u0627\u0645\u0644 \u0648\u0631\u0627\u062b\u064a\u0629. \u064a\u0645\u0643\u0646 \u0623\u0646 \u062a\u0633\u0627\u0639\u062f \u0632\u0631\u0627\u0639\u0629 \u0627\u0644\u0634\u0639\u0631 \u0641\u064a \u0632\u064a\u0627\u062f\u0629 \u062b\u0642\u0629 \u0627\u0644\u0645\u0631\u0636\u0649 \u0628\u0623\u0646\u0641\u0633\u0647\u0645 \u0648\u062a\u0642\u0644\u064a\u0644 \u0627\u0644\u0622\u062b\u0627\u0631 \u0627\u0644\u0646\u0641\u0633\u064a\u0629 \u0644\u062a\u0633\u0627\u0642\u0637 \u0627\u0644\u0634\u0639\u0631.<\/p><\/div><\/div><\/div><\/div><\/div><\/div><\/div><\/div><\/div><\/div><\/div><\/div>\t\t\t\t\t\t\t\t<\/div>\n\t\t\t\t<\/div>\n\t\t\t\t\t<\/div>\n\t\t<\/div>\n\t\t\t\t<div data-aos=\"\" class=\"elementor-column elementor-col-50 elementor-top-column elementor-element elementor-element-bc4d4c0 syd-sticky-section-no\" data-id=\"bc4d4c0\" data-element_type=\"column\" data-settings=\"{&quot;tp_sticky_col_effect_enable&quot;:false}\">\n\t\t\t<div class=\"elementor-widget-wrap elementor-element-populated\">\n\t\t\t\t\t\t<div class=\"elementor-element elementor-element-48dd569 syd-sticky-section-no elementor-widget elementor-widget-image\" data-id=\"48dd569\" data-element_type=\"widget\" data-widget_type=\"image.default\">\n\t\t\t\t<div class=\"elementor-widget-container\">\n\t\t\t\t\t\t\t\t\t<\/div>\n\t\t\t\t<\/div>\n\t\t\t\t\t<\/div>\n\t\t<\/div>\n\t\t\t\t\t<\/div>\n\t\t<\/section>\n\t\t\t\t<section class=\"elementor-section elementor-top-section elementor-element elementor-element-cfed380 elementor-section-content-middle elementor-section-boxed elementor-section-height-default elementor-section-height-default tp-parallax-no syd-sticky-section-no\" data-id=\"cfed380\" data-element_type=\"section\" data-settings=\"{&quot;background_background&quot;:&quot;classic&quot;,&quot;tp_sticky_sec_effect_enable&quot;:false}\">\n\t\t\t\t\t\t<div class=\"elementor-container elementor-column-gap-default\">\n\t\t\t\t\t<div data-aos=\"\" class=\"elementor-column elementor-col-50 elementor-top-column elementor-element elementor-element-d8fac92 syd-sticky-section-no\" data-id=\"d8fac92\" data-element_type=\"column\" data-settings=\"{&quot;tp_sticky_col_effect_enable&quot;:false}\">\n\t\t\t<div class=\"elementor-widget-wrap elementor-element-populated\">\n\t\t\t\t\t\t<div class=\"elementor-element elementor-element-ea4173f syd-sticky-section-no elementor-widget elementor-widget-heading\" data-id=\"ea4173f\" data-element_type=\"widget\" data-widget_type=\"heading.default\">\n\t\t\t\t<div class=\"elementor-widget-container\">\n\t\t\t\t\t<h2 class=\"elementor-heading-title elementor-size-default\">\u0647\u0644 \u0644\u062f\u064a\u0643 \u0623\u064a \u0623\u0633\u0626\u0644\u0629\u061f<\/h2>\t\t\t\t<\/div>\n\t\t\t\t<\/div>\n\t\t\t\t\t<\/div>\n\t\t<\/div>\n\t\t\t\t<div data-aos=\"\" class=\"elementor-column elementor-col-50 elementor-top-column elementor-element elementor-element-7aa5769 syd-sticky-section-no\" data-id=\"7aa5769\" data-element_type=\"column\" data-settings=\"{&quot;tp_sticky_col_effect_enable&quot;:false}\">\n\t\t\t<div class=\"elementor-widget-wrap elementor-element-populated\">\n\t\t\t\t\t\t<div class=\"elementor-element elementor-element-9c6e3e1 elementor-align-right elementor-mobile-align-center syd-sticky-section-no elementor-widget elementor-widget-button\" data-id=\"9c6e3e1\" data-element_type=\"widget\" data-widget_type=\"button.default\">\n\t\t\t\t<div class=\"elementor-widget-container\">\n\t\t\t\t\t\t\t\t\t<div class=\"elementor-button-wrapper\">\n\t\t\t\t\t<a class=\"elementor-button elementor-button-link elementor-size-sm\" href=\"https:\/\/healthagentsturkey.com\/ar\/iletisim\/\">\n\t\t\t\t\t\t<span class=\"elementor-button-content-wrapper\">\n\t\t\t\t\t\t\t\t\t<span class=\"elementor-button-text\">\u0627\u062a\u0635\u0644 \u0628\u0646\u0627<\/span>\n\t\t\t\t\t<\/span>\n\t\t\t\t\t<\/a>\n\t\t\t\t<\/div>\n\t\t\t\t\t\t\t\t<\/div>\n\t\t\t\t<\/div>\n\t\t\t\t\t<\/div>\n\t\t<\/div>\n\t\t\t\t\t<\/div>\n\t\t<\/section>\n\t\t\t\t<\/div>","protected":false},"excerpt":{"rendered":"<p>SA\u00c7 EK\u0130M\u0130 Sa\u00e7 ekimi, sa\u00e7 kayb\u0131n\u0131n tedavisi i\u00e7in uygulanan cerrahi bir prosed\u00fcrd\u00fcr. Bu i\u015flem genellikle androjenetik alopesi veya di\u011fer sa\u00e7 d\u00f6k\u00fclme nedenleri [&hellip;]<\/p>","protected":false},"author":1,"featured_media":0,"parent":899,"menu_order":0,"comment_status":"closed","ping_status":"closed","template":"elementor_header_footer","meta":{"_eb_attr":"","footnotes":""},"class_list":["post-1407","page","type-page","status-publish","hentry"],"_links":{"self":[{"href":"https:\/\/healthagentsturkey.com\/ar\/wp-json\/wp\/v2\/pages\/1407","targetHints":{"allow":["GET"]}}],"collection":[{"href":"https:\/\/healthagentsturkey.com\/ar\/wp-json\/wp\/v2\/pages"}],"about":[{"href":"https:\/\/healthagentsturkey.com\/ar\/wp-json\/wp\/v2\/types\/page"}],"author":[{"embeddable":true,"href":"https:\/\/healthagentsturkey.com\/ar\/wp-json\/wp\/v2\/users\/1"}],"replies":[{"embeddable":true,"href":"https:\/\/healthagentsturkey.com\/ar\/wp-json\/wp\/v2\/comments?post=1407"}],"version-history":[{"count":1,"href":"https:\/\/healthagentsturkey.com\/ar\/wp-json\/wp\/v2\/pages\/1407\/revisions"}],"predecessor-version":[{"id":4799,"href":"https:\/\/healthagentsturkey.com\/ar\/wp-json\/wp\/v2\/pages\/1407\/revisions\/4799"}],"up":[{"embeddable":true,"href":"https:\/\/healthagentsturkey.com\/ar\/wp-json\/wp\/v2\/pages\/899"}],"wp:attachment":[{"href":"https:\/\/healthagentsturkey.com\/ar\/wp-json\/wp\/v2\/media?parent=1407"}],"curies":[{"name":"wp","href":"https:\/\/api.w.org\/{rel}","templated":true}]}}