{"id":1339,"date":"2023-11-16T13:59:28","date_gmt":"2023-11-16T13:59:28","guid":{"rendered":"https:\/\/healthagentsturkey.com\/?page_id=1339"},"modified":"2023-11-24T19:55:06","modified_gmt":"2023-11-24T16:55:06","slug":"biz","status":"publish","type":"page","link":"https:\/\/healthagentsturkey.com\/ar\/hakkimizda\/biz\/","title":{"rendered":"\u0645\u0646 \u0646\u062d\u0646\u061f"},"content":{"rendered":"<div data-elementor-type=\"wp-page\" data-elementor-id=\"1339\" class=\"elementor elementor-1339\" data-elementor-post-type=\"page\">\n\t\t\t\t<div class=\"elementor-element elementor-element-cd92900 e-flex e-con-boxed syd-sticky-section-no e-con e-parent\" data-id=\"cd92900\" data-element_type=\"container\">\n\t\t\t\t\t<div class=\"e-con-inner\">\n\t\t<div class=\"elementor-element elementor-element-061bc86 e-con-full e-flex syd-sticky-section-no e-con e-child\" data-id=\"061bc86\" data-element_type=\"container\">\n\t\t\t\t<div class=\"elementor-element elementor-element-11a8724 syd-sticky-section-no elementor-widget elementor-widget-heading\" data-id=\"11a8724\" data-element_type=\"widget\" data-widget_type=\"heading.default\">\n\t\t\t\t<div class=\"elementor-widget-container\">\n\t\t\t\t\t<h2 class=\"elementor-heading-title elementor-size-default\">\u0645\u0646 \u0646\u062d\u0646<\/h2>\t\t\t\t<\/div>\n\t\t\t\t<\/div>\n\t\t\t\t<div class=\"elementor-element elementor-element-da00dac elementor-drop-cap-yes elementor-drop-cap-view-default syd-sticky-section-no elementor-widget elementor-widget-text-editor\" data-id=\"da00dac\" data-element_type=\"widget\" data-settings=\"{&quot;drop_cap&quot;:&quot;yes&quot;}\" data-widget_type=\"text-editor.default\">\n\t\t\t\t<div class=\"elementor-widget-container\">\n\t\t\t\t\t\t\t\t\t<p style=\"text-align: left;\">H<b>\u0648\u0643\u0644\u0627\u0621 \u0627\u0644\u0635\u062d\u0629<\/b> \u0647\u064a \u0645\u0624\u0633\u0633\u0629 \u0635\u062d\u064a\u0629 \u0631\u0627\u0626\u062f\u0629 \u062a\u0642\u062f\u0645 \u062e\u062f\u0645\u0627\u062a \u0639\u0627\u0644\u064a\u0629 \u0627\u0644\u062c\u0648\u062f\u0629 \u0644\u0645\u0631\u0636\u0627\u0647\u0627 \u0645\u0646 \u062e\u0644\u0627\u0644 \u062a\u062e\u0635\u0635\u0647\u0627 \u0641\u064a \u0643\u0644 \u0641\u0631\u0639 \u0637\u0628\u064a \u0645\u0637\u0644\u0648\u0628. <b>\u0648\u0643\u0644\u0627\u0621 \u0627\u0644\u0635\u062d\u0629 <\/b>\u064a\u0642\u062f\u0645 \u0627\u0644\u0637\u0627\u0642\u0645 \u0627\u0644\u0637\u0628\u064a\u060c \u0648\u0647\u0645 \u062e\u0628\u0631\u0627\u0621 \u0641\u064a \u0645\u062c\u0627\u0644\u0627\u062a\u0647\u0645\u060c \u0645\u0631\u0641\u0642\u0627\u064b \u062d\u062f\u064a\u062b\u0627\u064b \u0645\u062c\u0647\u0632\u0627\u064b \u0628\u0623\u062d\u062f\u062b \u0627\u0644\u0623\u062c\u0647\u0632\u0629 \u0627\u0644\u062a\u0643\u0646\u0648\u0644\u0648\u062c\u064a\u0629 \u0644\u062a\u0644\u0628\u064a\u0629 \u0627\u062d\u062a\u064a\u0627\u062c\u0627\u062a \u0627\u0644\u0645\u0631\u0636\u0649 \u0627\u0644\u0635\u062d\u064a\u0629 \u0648\u0627\u0644\u062a\u062c\u0645\u064a\u0644\u064a\u0629 \u0639\u0644\u0649 \u0623\u0639\u0644\u0649 \u0645\u0633\u062a\u0648\u0649.<\/p><p><b>\u0648\u0643\u0644\u0627\u0621 \u0627\u0644\u0635\u062d\u0629<\/b> \u064a\u062a\u0633\u0639 \u0646\u0637\u0627\u0642 \u0627\u0644\u062e\u062f\u0645\u0627\u062a \u0627\u0644\u0635\u062d\u064a\u0629 \u0645\u0646 \u0627\u0644\u0625\u062c\u0631\u0627\u0621\u0627\u062a \u0627\u0644\u062a\u062c\u0645\u064a\u0644\u064a\u0629 \u063a\u064a\u0631 \u0627\u0644\u062c\u0631\u0627\u062d\u064a\u0629 \u0625\u0644\u0649 \u0625\u062c\u0631\u0627\u0621\u0627\u062a \u0627\u0644\u062c\u0631\u0627\u062d\u0629 \u0627\u0644\u062a\u062c\u0645\u064a\u0644\u064a\u0629 \u0627\u0644\u0634\u0627\u0626\u0639\u0629 \u0645\u062b\u0644 \u062a\u062c\u0645\u064a\u0644 \u0627\u0644\u062b\u062f\u064a \u0648\u0634\u062f \u0627\u0644\u0628\u0637\u0646 \u0648\u062a\u062c\u0645\u064a\u0644 \u0627\u0644\u0623\u0646\u0641 \u0648\u0634\u0641\u0637 \u0627\u0644\u062f\u0647\u0648\u0646. \u0628\u0627\u0644\u0625\u0636\u0627\u0641\u0629 \u0625\u0644\u0649 \u0630\u0644\u0643\u060c \u064a\u0642\u062f\u0645 \u0648\u0643\u0644\u0627\u0621 \u0627\u0644\u0635\u062d\u0629 \u0623\u064a\u0636\u0627\u064b \u062e\u062f\u0645\u0627\u062a \u062c\u0631\u0627\u062d\u0629 \u0627\u0644\u062a\u0645\u062b\u064a\u0644 \u0627\u0644\u063a\u0630\u0627\u0626\u064a. \u064a\u0642\u062f\u0645 \u0623\u0637\u0628\u0627\u0624\u0646\u0627 \u0627\u0644\u0645\u062a\u062e\u0635\u0635\u0648\u0646 \u062e\u062f\u0645\u0627\u062a \u0630\u0627\u062a \u062e\u0628\u0631\u0629 \u0639\u0627\u0644\u064a\u0629 \u0641\u064a \u0627\u0644\u0639\u062f\u064a\u062f \u0645\u0646 \u0627\u0644\u0645\u062c\u0627\u0644\u0627\u062a \u0645\u062b\u0644 \u0639\u0644\u0627\u062c \u0627\u0644\u0633\u0645\u0646\u0629 \u0648\u062c\u0631\u0627\u062d\u0629 \u0627\u0644\u0623\u064a\u0636 \u0648\u0639\u0644\u0627\u062c \u0627\u0644\u0633\u0643\u0631\u064a.<\/p>\t\t\t\t\t\t\t\t<\/div>\n\t\t\t\t<\/div>\n\t\t\t\t<div class=\"elementor-element elementor-element-d0f6c3a syd-sticky-section-no elementor-widget elementor-widget-heading\" data-id=\"d0f6c3a\" data-element_type=\"widget\" data-widget_type=\"heading.default\">\n\t\t\t\t<div class=\"elementor-widget-container\">\n\t\t\t\t\t<h6 class=\"elementor-heading-title elementor-size-default\">\u0627\u0644\u0648\u0643\u0644\u0627\u0621 \u0627\u0644\u0635\u062d\u064a\u0648\u0646<\/h6>\t\t\t\t<\/div>\n\t\t\t\t<\/div>\n\t\t\t\t<\/div>\n\t\t<div class=\"elementor-element elementor-element-41e8977 e-con-full e-flex syd-sticky-section-no e-con e-child\" data-id=\"41e8977\" data-element_type=\"container\">\n\t\t\t\t<div class=\"elementor-element elementor-element-f4b4211 syd-sticky-section-no elementor-widget elementor-widget-image\" data-id=\"f4b4211\" data-element_type=\"widget\" data-widget_type=\"image.default\">\n\t\t\t\t<div class=\"elementor-widget-container\">\n\t\t\t\t\t\t\t\t\t\t\t\t\t\t\t<img fetchpriority=\"high\" decoding=\"async\" width=\"628\" height=\"428\" src=\"https:\/\/healthagentsturkey.com\/wp-content\/uploads\/2023\/11\/Varlik-1@4x-1.png\" class=\"attachment-large size-large wp-image-764\" alt=\"\" srcset=\"https:\/\/healthagentsturkey.com\/wp-content\/uploads\/2023\/11\/Varlik-1@4x-1.png 628w, https:\/\/healthagentsturkey.com\/wp-content\/uploads\/2023\/11\/Varlik-1@4x-1-300x204.png 300w, https:\/\/healthagentsturkey.com\/wp-content\/uploads\/2023\/11\/Varlik-1@4x-1-230x157.png 230w, https:\/\/healthagentsturkey.com\/wp-content\/uploads\/2023\/11\/Varlik-1@4x-1-350x239.png 350w, https:\/\/healthagentsturkey.com\/wp-content\/uploads\/2023\/11\/Varlik-1@4x-1-480x327.png 480w\" sizes=\"(max-width: 628px) 100vw, 628px\" \/>\t\t\t\t\t\t\t\t\t\t\t\t\t\t\t<\/div>\n\t\t\t\t<\/div>\n\t\t\t\t<\/div>\n\t\t<div class=\"elementor-element elementor-element-44d51ab e-con-full e-flex syd-sticky-section-no e-con e-child\" data-id=\"44d51ab\" data-element_type=\"container\">\n\t\t\t\t<div class=\"elementor-element elementor-element-4c17323 syd-sticky-section-no elementor-widget elementor-widget-text-editor\" data-id=\"4c17323\" data-element_type=\"widget\" data-widget_type=\"text-editor.default\">\n\t\t\t\t<div class=\"elementor-widget-container\">\n\t\t\t\t\t\t\t\t\t<p>\u062a\u0642\u0639 \u0641\u064a \u0625\u0633\u0637\u0646\u0628\u0648\u0644<b> \u0648\u0643\u0644\u0627\u0621 \u0627\u0644\u0635\u062d\u0629<\/b>\u062a\u0642\u062f\u0645 \u0627\u0644\u0639\u064a\u0627\u062f\u0629 \u0644\u0645\u0631\u0636\u0627\u0647\u0627 \u0644\u064a\u0633 \u0641\u0642\u0637 \u0623\u0639\u0644\u0649 \u0645\u0633\u062a\u0648\u064a\u0627\u062a \u0627\u0644\u062c\u0648\u062f\u0629 \u0641\u064a \u0627\u0644\u062e\u062f\u0645\u0629\u060c \u0648\u0644\u0643\u0646 \u0623\u064a\u0636\u0627\u064b \u0628\u064a\u0626\u0629 \u0639\u064a\u0627\u062f\u0629 \u0645\u0635\u0645\u0645\u0629 \u0628\u0639\u0646\u0627\u064a\u0629 \u0644\u0631\u0627\u062d\u0629 \u0645\u0631\u0636\u0627\u0647\u0627 \u0648\u0631\u0627\u062d\u062a\u0647\u0645. <b>\u0648\u0643\u0644\u0627\u0621 \u0627\u0644\u0635\u062d\u0629<\/b>\u061b \u062a\u0642\u062f\u0645 \u062e\u062f\u0645\u0629 \u0644\u0627 \u062a\u0634\u0648\u0628\u0647\u0627 \u0634\u0627\u0626\u0628\u0629 \u0644\u0645\u0631\u0636\u0627\u0647\u0627\u060c \u0648\u062a\u0648\u0641\u0631 \u062a\u062c\u0631\u0628\u0629 \u0645\u0646 \u0627\u0644\u062f\u0631\u062c\u0629 \u0627\u0644\u0623\u0648\u0644\u0649 \u0641\u064a \u0627\u0644\u0639\u062f\u064a\u062f \u0645\u0646 \u0627\u0644\u0645\u062c\u0627\u0644\u0627\u062a \u0645\u062b\u0644 \u0627\u0644\u062c\u0631\u0627\u062d\u0629 \u0627\u0644\u062a\u062c\u0645\u064a\u0644\u064a\u0629 \u0648\u0627\u0644\u0627\u0633\u062a\u0642\u0644\u0627\u0628\u064a\u0629. <b>\u0648\u0643\u0644\u0627\u0621 \u0627\u0644\u0635\u062d\u0629<\/b> \u0628\u0641\u0636\u0644 \u0637\u0627\u0642\u0645\u0646\u0627 \u0627\u0644\u0637\u0628\u064a \u0627\u0644\u062e\u0628\u064a\u0631 \u0648\u0623\u062c\u0647\u0632\u062a\u0646\u0627 \u0627\u0644\u062a\u0643\u0646\u0648\u0644\u0648\u062c\u064a\u0629 \u0648\u0645\u0631\u0627\u0641\u0642\u0646\u0627 \u0627\u0644\u062d\u062f\u064a\u062b\u0629\u060c \u062a\u0645\u0643\u0646 \u0627\u0644\u0645\u0631\u0643\u0632 \u0645\u0646 \u0643\u0633\u0628 \u062b\u0642\u0629 \u0627\u0644\u0645\u0631\u0636\u0649. \u0625\u0630\u0627 \u0643\u0646\u062a \u062a\u0628\u062d\u062b \u0639\u0646 \u062e\u062f\u0645\u0629 \u0630\u0627\u062a \u062e\u0628\u0631\u0629 \u0648\u062c\u0648\u062f\u0629 \u0639\u0627\u0644\u064a\u0629 \u0645\u062a\u062e\u0635\u0635\u0629 \u0641\u064a \u0627\u0644\u0635\u062d\u0629 \u0648\u0627\u0644\u062c\u0645\u0627\u0644,<\/p><blockquote><p><b>\u0648\u0643\u0644\u0627\u0621 \u0627\u0644\u0635\u062d\u0629<\/b> \u0645\u0646 \u0623\u062c\u0644\u0643<\/p><\/blockquote>\t\t\t\t\t\t\t\t<\/div>\n\t\t\t\t<\/div>\n\t\t\t\t<\/div>\n\t\t\t\t\t<\/div>\n\t\t\t\t<\/div>\n\t\t\t\t<\/div>","protected":false},"excerpt":{"rendered":"<p>Biz Kimiz Health Agents ihtiya\u00e7 duyulan her t\u0131bbi bran\u015fta uzmanla\u015farak hastalar\u0131na\u00a0 kaliteli hizmetler sunan \u00f6nc\u00fc bir sa\u011fl\u0131k kurulu\u015fu. Health Agents b\u00fcnyesinde bulunan [&hellip;]<\/p>","protected":false},"author":1,"featured_media":0,"parent":401,"menu_order":0,"comment_status":"closed","ping_status":"closed","template":"page-templates\/page_front-page.php","meta":{"_eb_attr":"","footnotes":""},"class_list":["post-1339","page","type-page","status-publish","hentry"],"_links":{"self":[{"href":"https:\/\/healthagentsturkey.com\/ar\/wp-json\/wp\/v2\/pages\/1339","targetHints":{"allow":["GET"]}}],"collection":[{"href":"https:\/\/healthagentsturkey.com\/ar\/wp-json\/wp\/v2\/pages"}],"about":[{"href":"https:\/\/healthagentsturkey.com\/ar\/wp-json\/wp\/v2\/types\/page"}],"author":[{"embeddable":true,"href":"https:\/\/healthagentsturkey.com\/ar\/wp-json\/wp\/v2\/users\/1"}],"replies":[{"embeddable":true,"href":"https:\/\/healthagentsturkey.com\/ar\/wp-json\/wp\/v2\/comments?post=1339"}],"version-history":[{"count":0,"href":"https:\/\/healthagentsturkey.com\/ar\/wp-json\/wp\/v2\/pages\/1339\/revisions"}],"up":[{"embeddable":true,"href":"https:\/\/healthagentsturkey.com\/ar\/wp-json\/wp\/v2\/pages\/401"}],"wp:attachment":[{"href":"https:\/\/healthagentsturkey.com\/ar\/wp-json\/wp\/v2\/media?parent=1339"}],"curies":[{"name":"wp","href":"https:\/\/api.w.org\/{rel}","templated":true}]}}