{"id":1093,"date":"2023-11-12T16:44:20","date_gmt":"2023-11-12T16:44:20","guid":{"rendered":"https:\/\/healthagentsturkey.com\/?page_id=1093"},"modified":"2023-12-29T05:46:54","modified_gmt":"2023-12-29T02:46:54","slug":"baskandan","status":"publish","type":"page","link":"https:\/\/healthagentsturkey.com\/ar\/hakkimizda\/baskandan\/","title":{"rendered":"\u0631\u0633\u0627\u0644\u0629 \u0645\u0646 \u0627\u0644\u0631\u0626\u064a\u0633"},"content":{"rendered":"<div data-elementor-type=\"wp-page\" data-elementor-id=\"1093\" class=\"elementor elementor-1093\" data-elementor-post-type=\"page\">\n\t\t\t\t<div class=\"elementor-element elementor-element-cd92900 e-flex e-con-boxed syd-sticky-section-no e-con e-parent\" data-id=\"cd92900\" data-element_type=\"container\">\n\t\t\t\t\t<div class=\"e-con-inner\">\n\t\t<div class=\"elementor-element elementor-element-061bc86 e-con-full e-flex syd-sticky-section-no e-con e-child\" data-id=\"061bc86\" data-element_type=\"container\">\n\t\t\t\t<div class=\"elementor-element elementor-element-11a8724 syd-sticky-section-no elementor-widget elementor-widget-heading\" data-id=\"11a8724\" data-element_type=\"widget\" data-widget_type=\"heading.default\">\n\t\t\t\t<div class=\"elementor-widget-container\">\n\t\t\t\t\t<h2 class=\"elementor-heading-title elementor-size-default\">\u0631\u0633\u0627\u0644\u0629 \u0645\u0646 \u0627\u0644\u0631\u0626\u064a\u0633<\/h2>\t\t\t\t<\/div>\n\t\t\t\t<\/div>\n\t\t\t\t<div class=\"elementor-element elementor-element-da00dac syd-sticky-section-no elementor-widget elementor-widget-text-editor\" data-id=\"da00dac\" data-element_type=\"widget\" data-widget_type=\"text-editor.default\">\n\t\t\t\t<div class=\"elementor-widget-container\">\n\t\t\t\t\t\t\t\t\t<p><strong>\u0648\u0641\u0642\u064b\u0627 \u0644\u0644\u062f\u0633\u062a\u0648\u0631 \u0627\u0644\u0630\u064a \u0646\u0634\u0631\u062a\u0647 \u0645\u0646\u0638\u0645\u0629 \u0627\u0644\u0635\u062d\u0629 \u0627\u0644\u0639\u0627\u0644\u0645\u064a\u0629 \u0641\u064a \u0639\u0627\u0645 1946\u060c \u0641\u0625\u0646 \u0627\u0644\u062d\u0642 \u0641\u064a \u0627\u0644\u0635\u062d\u0629 \u0647\u0648 \u0623\u062d\u062f \u0627\u0644\u062d\u0642\u0648\u0642 \u0627\u0644\u0623\u0633\u0627\u0633\u064a\u0629 \u0644\u0643\u0644 \u0641\u0631\u062f\u060c \u0628\u063a\u0636 \u0627\u0644\u0646\u0638\u0631 \u0639\u0646 \u0627\u0644\u0639\u0631\u0642 \u0648\u0627\u0644\u062f\u064a\u0646 \u0648\u0627\u0644\u0645\u0639\u062a\u0642\u062f \u0627\u0644\u0633\u064a\u0627\u0633\u064a \u0648\u0627\u0644\u0645\u0631\u0643\u0632 \u0627\u0644\u0627\u0642\u062a\u0635\u0627\u062f\u064a \u0648\u0627\u0644\u0627\u062c\u062a\u0645\u0627\u0639\u064a\u060c \u0628\u0647\u062f\u0641 \u062a\u062d\u0642\u064a\u0642 \u0623\u0639\u0644\u0649 \u0645\u0633\u062a\u0648\u0649 \u0645\u0645\u0643\u0646 \u0645\u0646 \u0627\u0644\u0635\u062d\u0629.<\/strong><\/p><p>\u0643\u0637\u0628\u064a\u0628 \u0623\u0639\u0635\u0627\u0628\u060c \u0648\u0637\u0648\u0627\u0644 20 \u0639\u0627\u0645\u064b\u0627 \u0645\u0646 \u062d\u064a\u0627\u062a\u064a \u0627\u0644\u0645\u0647\u0646\u064a\u0629 \u0641\u064a \u062a\u0631\u0643\u064a\u0627\u060c \u0643\u0646\u062a \u0623\u0624\u0645\u0646 \u062f\u0627\u0626\u0645\u064b\u0627 \u0628\u0623\u0646 \u0627\u0644\u0631\u0639\u0627\u064a\u0629 \u0627\u0644\u0635\u062d\u064a\u0629 \u0627\u0644\u062c\u064a\u062f\u0629 \u0648\u0627\u0644\u0645\u062a\u0627\u062d\u0629 \u0647\u064a \u062d\u0642 \u0644\u0643\u0644 \u0641\u0631\u062f\u060c \u0648\u0642\u062f \u062e\u062f\u0645\u062a \u0645\u0631\u0636\u0627\u064a \u0641\u064a \u0647\u0630\u0627 \u0627\u0644\u0625\u0637\u0627\u0631.<br \/>\u0648\u0628\u0635\u0641\u062a\u0646\u0627 \u0648\u0643\u0644\u0627\u0621 \u0635\u062d\u0629\u060c \u0646\u0647\u062f\u0641 \u0625\u0644\u0649 \u0636\u0645\u0627\u0646 \u062d\u0635\u0648\u0644 \u0627\u0644\u0645\u0631\u0636\u0649\u060c \u0623\u064a\u0646\u0645\u0627 \u0643\u0627\u0646\u0648\u0627 \u0641\u064a \u0627\u0644\u0639\u0627\u0644\u0645\u060c \u0639\u0644\u0649 \u062e\u062f\u0645\u0627\u062a \u0631\u0639\u0627\u064a\u0629 \u0635\u062d\u064a\u0629 \u0639\u0627\u0644\u064a\u0629 \u0627\u0644\u062c\u0648\u062f\u0629 \u0648\u0645\u064a\u0633\u0648\u0631\u0629 \u0627\u0642\u062a\u0635\u0627\u062f\u064a\u0627\u064b\u060c \u062d\u064a\u062b \u064a\u062a\u0645 \u062a\u0634\u062e\u064a\u0635\u0647\u0645 \u0628\u0633\u0631\u0639\u0629 \u0648\u062f\u0642\u0629 \u0648\u064a\u062a\u0644\u0642\u0648\u0646 \u0627\u0644\u0639\u0644\u0627\u062c \u0627\u0644\u0644\u0627\u0632\u0645.<\/p><p>\u0623\u062b\u0646\u0627\u0621 \u062a\u0648\u0641\u064a\u0631 \u0625\u0645\u0643\u0627\u0646\u064a\u0629 \u0627\u0644\u0648\u0635\u0648\u0644 \u0625\u0644\u0649 \u0627\u0644\u062e\u062f\u0645\u0627\u062a \u0627\u0644\u0635\u062d\u064a\u0629\u060c \u0646\u0639\u062a\u0628\u0631 \u0623\u0646 \u0645\u0646 \u0648\u0627\u062c\u0628\u0646\u0627 \u0636\u0645\u0627\u0646 \u062a\u0642\u062f\u064a\u0645 \u062e\u062f\u0645\u0627\u062a \u0639\u0627\u0644\u064a\u0629 \u0627\u0644\u062c\u0648\u062f\u0629 \u062f\u0648\u0646 \u062a\u0645\u064a\u064a\u0632 \u0639\u0644\u0649 \u0623\u0633\u0627\u0633 \u0627\u0644\u0639\u0631\u0642 \u0623\u0648 \u0627\u0644\u0644\u063a\u0629 \u0623\u0648 \u0627\u0644\u062f\u064a\u0646 \u0623\u0648 \u0627\u0644\u062c\u0646\u0633 \u0648\u0648\u0641\u0642\u0627\u064b \u0644\u0644\u0642\u064a\u0645 \u0627\u0644\u0623\u062e\u0644\u0627\u0642\u064a\u0629 \u0627\u0644\u0623\u0633\u0627\u0633\u064a\u0629.<\/p>\t\t\t\t\t\t\t\t<\/div>\n\t\t\t\t<\/div>\n\t\t\t\t<div class=\"elementor-element elementor-element-d0f6c3a syd-sticky-section-no elementor-widget elementor-widget-heading\" data-id=\"d0f6c3a\" data-element_type=\"widget\" data-widget_type=\"heading.default\">\n\t\t\t\t<div class=\"elementor-widget-container\">\n\t\t\t\t\t<h6 class=\"elementor-heading-title elementor-size-default\">\u0648\u0643\u0644\u0627\u0621 \u0627\u0644\u0635\u062d\u0629 \u062a\u0631\u0643\u064a\u0627<\/h6>\t\t\t\t<\/div>\n\t\t\t\t<\/div>\n\t\t\t\t<\/div>\n\t\t<div class=\"elementor-element elementor-element-41e8977 e-con-full e-flex syd-sticky-section-no e-con e-child\" data-id=\"41e8977\" data-element_type=\"container\">\n\t\t\t\t<div class=\"elementor-element elementor-element-f4b4211 syd-sticky-section-no elementor-widget elementor-widget-image\" data-id=\"f4b4211\" data-element_type=\"widget\" data-widget_type=\"image.default\">\n\t\t\t\t<div class=\"elementor-widget-container\">\n\t\t\t\t\t\t\t\t\t\t\t\t\t\t\t<img fetchpriority=\"high\" decoding=\"async\" width=\"450\" height=\"450\" src=\"https:\/\/healthagentsturkey.com\/wp-content\/uploads\/2023\/11\/binnur.png\" class=\"attachment-large size-large wp-image-1026\" alt=\"\" srcset=\"https:\/\/healthagentsturkey.com\/wp-content\/uploads\/2023\/11\/binnur.png.webp 450w, https:\/\/healthagentsturkey.com\/wp-content\/uploads\/2023\/11\/binnur-300x300.png.webp 300w, https:\/\/healthagentsturkey.com\/wp-content\/uploads\/2023\/11\/binnur-150x150.png.webp 150w, https:\/\/healthagentsturkey.com\/wp-content\/uploads\/2023\/11\/binnur-230x230.png.webp 230w, https:\/\/healthagentsturkey.com\/wp-content\/uploads\/2023\/11\/binnur-350x350.png.webp 350w\" sizes=\"(max-width: 450px) 100vw, 450px\" \/>\t\t\t\t\t\t\t\t\t\t\t\t\t\t\t<\/div>\n\t\t\t\t<\/div>\n\t\t\t\t<\/div>\n\t\t<div class=\"elementor-element elementor-element-44d51ab e-con-full e-flex syd-sticky-section-no e-con e-child\" data-id=\"44d51ab\" data-element_type=\"container\">\n\t\t\t\t<div class=\"elementor-element elementor-element-4c17323 syd-sticky-section-no elementor-widget elementor-widget-text-editor\" data-id=\"4c17323\" data-element_type=\"widget\" data-widget_type=\"text-editor.default\">\n\t\t\t\t<div class=\"elementor-widget-container\">\n\t\t\t\t\t\t\t\t\t<p>\u0646\u062d\u0646 \u0645\u0644\u062a\u0632\u0645\u0648\u0646 \u0628\u062d\u0642 \u0627\u0644\u0645\u0631\u0636\u0649 \u0641\u064a \u0627\u0644\u062d\u0635\u0648\u0644 \u0639\u0644\u0649 \u0645\u0639\u0644\u0648\u0645\u0627\u062a \u0645\u0648\u062b\u0648\u0642\u0629 \u0648\u0645\u0631\u0636\u064a\u0629 \u0639\u0646 \u0635\u062d\u062a\u0647\u0645 \u0645\u0646 \u0645\u0624\u0633\u0633\u0629 \u0627\u0644\u0631\u0639\u0627\u064a\u0629 \u0627\u0644\u0635\u062d\u064a\u0629 \u0627\u0644\u062a\u064a \u064a\u062a\u0644\u0642\u0648\u0646 \u0645\u0646\u0647\u0627 \u0627\u0644\u062e\u062f\u0645\u0627\u062a\u060c \u0645\u0639 \u0636\u0645\u0627\u0646 \u062d\u0645\u0627\u064a\u0629 \u0628\u064a\u0627\u0646\u0627\u062a\u0647\u0645 \u0627\u0644\u0634\u062e\u0635\u064a\u0629 \u0641\u064a \u0627\u0644\u0648\u0642\u062a \u0646\u0641\u0633\u0647.<\/p>\n<p>\u064a\u062c\u0628 \u0623\u0646 \u062a\u0641\u064a \u0627\u0644\u0645\u0624\u0633\u0633\u0627\u062a \u0627\u0644\u0635\u062d\u064a\u0629 \u0627\u0644\u062a\u064a \u0646\u062a\u0639\u0627\u0648\u0646 \u0645\u0639\u0647\u0627 \u0628\u0627\u0644\u0645\u062a\u0637\u0644\u0628\u0627\u062a \u0627\u0644\u0639\u0644\u0645\u064a\u0629 \u0648\u0627\u0644\u0637\u0628\u064a\u0629\u060c \u0648\u0623\u0646 \u064a\u0643\u0648\u0646 \u0644\u062f\u064a\u0647\u0627 \u0643\u0648\u0627\u062f\u0631 \u0635\u062d\u064a\u0629 \u0645\u0624\u0647\u0644\u0629 \u0648\u0623\u062f\u0648\u064a\u0629 \u0645\u0639\u062a\u0645\u062f\u0629 \u0639\u0644\u0645\u064a\u0627\u064b \u0648\u062a\u062c\u0647\u064a\u0632\u0627\u062a \u0627\u0633\u062a\u0634\u0641\u0627\u0626\u064a\u0629. \u0648\u0628\u0635\u0641\u062a\u0646\u0627 \u0648\u0643\u0627\u0644\u0627\u062a \u0635\u062d\u064a\u0629\u060c \u0641\u0625\u0646\u0646\u0627 \u0646\u0639\u0645\u0644 \u0645\u0639 \u0627\u0644\u0645\u0624\u0633\u0633\u0627\u062a \u0627\u0644\u0635\u062d\u064a\u0629 \u0627\u0644\u062a\u064a \u062e\u0636\u0639\u062a \u0644\u0644\u062a\u0641\u062a\u064a\u0634 \u0645\u0646 \u0642\u0650\u0628\u0644 \u0648\u0632\u0627\u0631\u0629 \u0627\u0644\u0635\u062d\u0629 \u0648\u062d\u0635\u0644\u062a \u0639\u0644\u0649 \u0634\u0647\u0627\u062f\u0629 \u062a\u0631\u062e\u064a\u0635 \u0627\u0644\u0633\u064a\u0627\u062d\u0629 \u0627\u0644\u0635\u062d\u064a\u0629.<\/p>\n<p>\u0627\u0644\u062d\u0642 \u0641\u064a \u0627\u0644\u0635\u062d\u0629 \u0647\u0648 \u0623\u062d\u062f \u0623\u0647\u0645 \u0642\u064a\u0645\u0646\u0627 \u0627\u0644\u0625\u0646\u0633\u0627\u0646\u064a\u0629 \u0627\u0644\u0623\u0633\u0627\u0633\u064a\u0629\u060c \u0648\u0641\u064a \u0625\u0637\u0627\u0631 \u0627\u062d\u062a\u0631\u0627\u0645\u0646\u0627 \u0644\u0647\u0630\u0647 \u0627\u0644\u0642\u064a\u0645\u0629\u060c \u0646\u0642\u0648\u0645 \u0628\u062a\u0642\u064a\u064a\u0645 \u0645\u0644\u0627\u062d\u0638\u0627\u062a\u0643\u0645 \u0645\u0646 \u0623\u062c\u0644 \u062a\u062d\u0633\u064a\u0646 \u062c\u0648\u062f\u0629 \u062e\u062f\u0645\u0627\u062a\u0646\u0627 \u0648\u0627\u0644\u062d\u0641\u0627\u0638 \u0639\u0644\u064a\u0647\u0627 \u0628\u0627\u0633\u062a\u0645\u0631\u0627\u0631. \u062a\u064f\u0639\u062f \u0637\u0644\u0628\u0627\u062a\u0643 \u0641\u0631\u0635\u0629 \u0644\u0645\u0632\u064a\u062f \u0645\u0646 \u0627\u0644\u062a\u062d\u0633\u064a\u0646.<\/p>\n<p>\u0623\u062a\u0645\u0646\u0649 \u0644\u0643\u0645 \u062c\u0645\u064a\u0639\u064b\u0627 \u064a\u0648\u0645\u064b\u0627 \u0635\u062d\u064a\u064b\u0627 \u0633\u0639\u064a\u062f\u064b\u0627.<\/p>\n<p><strong>\u062f. \u0628\u0646\u0648\u0631 \u0623\u0648\u0632\u0643\u0627\u0631<\/strong><\/p>\n<p><strong style=\"text-align: var(--text-align);\">\u0637\u0628\u064a\u0628 \u0623\u0639\u0635\u0627\u0628<\/strong><\/p><p><strong style=\"text-align: var(--text-align);\">\u0631\u0626\u064a\u0633 \u0645\u062c\u0645\u0648\u0639\u0629 \u0648\u0643\u0644\u0627\u0621 \u0627\u0644\u0635\u062d\u0629<\/strong><br><\/p>\t\t\t\t\t\t\t\t<\/div>\n\t\t\t\t<\/div>\n\t\t\t\t<\/div>\n\t\t\t\t\t<\/div>\n\t\t\t\t<\/div>\n\t\t\t\t<\/div>","protected":false},"excerpt":{"rendered":"<p>Ba\u015fkan\u0131n Mesaj\u0131 D\u00fcnya Sa\u011fl\u0131k \u00d6rg\u00fct\u00fc taraf\u0131ndan 1946 y\u0131l\u0131nda yay\u0131nlanan anayasaya g\u00f6re sa\u011fl\u0131k hakk\u0131, \u0131rk, din, siyasi inan\u00e7, ekonomik ve sosyal stat\u00fc fark\u0131 [&hellip;]<\/p>","protected":false},"author":1,"featured_media":0,"parent":401,"menu_order":0,"comment_status":"closed","ping_status":"closed","template":"page-templates\/page_front-page.php","meta":{"_eb_attr":"","footnotes":""},"class_list":["post-1093","page","type-page","status-publish","hentry"],"_links":{"self":[{"href":"https:\/\/healthagentsturkey.com\/ar\/wp-json\/wp\/v2\/pages\/1093","targetHints":{"allow":["GET"]}}],"collection":[{"href":"https:\/\/healthagentsturkey.com\/ar\/wp-json\/wp\/v2\/pages"}],"about":[{"href":"https:\/\/healthagentsturkey.com\/ar\/wp-json\/wp\/v2\/types\/page"}],"author":[{"embeddable":true,"href":"https:\/\/healthagentsturkey.com\/ar\/wp-json\/wp\/v2\/users\/1"}],"replies":[{"embeddable":true,"href":"https:\/\/healthagentsturkey.com\/ar\/wp-json\/wp\/v2\/comments?post=1093"}],"version-history":[{"count":0,"href":"https:\/\/healthagentsturkey.com\/ar\/wp-json\/wp\/v2\/pages\/1093\/revisions"}],"up":[{"embeddable":true,"href":"https:\/\/healthagentsturkey.com\/ar\/wp-json\/wp\/v2\/pages\/401"}],"wp:attachment":[{"href":"https:\/\/healthagentsturkey.com\/ar\/wp-json\/wp\/v2\/media?parent=1093"}],"curies":[{"name":"wp","href":"https:\/\/api.w.org\/{rel}","templated":true}]}}