{"id":934,"date":"2023-11-12T08:56:31","date_gmt":"2023-11-12T08:56:31","guid":{"rendered":"https:\/\/healthagentsturkey.com\/?page_id=934"},"modified":"2026-02-25T10:31:55","modified_gmt":"2026-02-25T07:31:55","slug":"estetik","status":"publish","type":"page","link":"http:\/\/healthagentsturkey.com\/tr\/tedavi\/estetik\/","title":{"rendered":"Estetik ve Plastik Cerrahi"},"content":{"rendered":"\t\t<div data-elementor-type=\"wp-page\" data-elementor-id=\"934\" class=\"elementor elementor-934\" data-elementor-post-type=\"page\">\n\t\t\t\t\t\t<section class=\"elementor-section elementor-top-section elementor-element elementor-element-eedafb9 elementor-section-content-middle elementor-section-boxed elementor-section-height-default elementor-section-height-default tp-parallax-no syd-sticky-section-no\" data-id=\"eedafb9\" data-element_type=\"section\" data-settings=\"{&quot;tp_sticky_sec_effect_enable&quot;:false}\">\n\t\t\t\t\t\t<div class=\"elementor-container elementor-column-gap-default\">\n\t\t\t\t\t<div data-aos=\"\" class=\"elementor-column elementor-col-50 elementor-top-column elementor-element elementor-element-571508b syd-sticky-section-no\" data-id=\"571508b\" data-element_type=\"column\" data-settings=\"{&quot;tp_sticky_col_effect_enable&quot;:false}\">\n\t\t\t<div class=\"elementor-widget-wrap elementor-element-populated\">\n\t\t\t\t\t\t<div class=\"elementor-element elementor-element-2fc2cb6 syd-sticky-section-no elementor-widget elementor-widget-heading\" data-id=\"2fc2cb6\" data-element_type=\"widget\" data-widget_type=\"heading.default\">\n\t\t\t\t<div class=\"elementor-widget-container\">\n\t\t\t\t\t<h2 class=\"elementor-heading-title elementor-size-default\">Estetik ve Plastik Cerrahi<\/h2>\t\t\t\t<\/div>\n\t\t\t\t<\/div>\n\t\t\t\t<div class=\"elementor-element elementor-element-1cf0f1c syd-sticky-section-no elementor-widget elementor-widget-text-editor\" data-id=\"1cf0f1c\" data-element_type=\"widget\" data-widget_type=\"text-editor.default\">\n\t\t\t\t<div class=\"elementor-widget-container\">\n\t\t\t\t\t\t\t\t\t<p><strong>Estetik ve plastik cerrahi<\/strong>, v\u00fccut \u015fekillendirme, g\u00fczellik restorasyonu ve fonksiyonel iyile\u015ftirmeleri i\u00e7eren geni\u015f bir t\u0131bbi dal\u0131 temsil eder. Bu cerrahi alan, genellikle estetik g\u00f6r\u00fcn\u00fcm\u00fc iyile\u015ftirmek, ya\u015flanma belirtileriyle ba\u015fa \u00e7\u0131kmak veya do\u011fu\u015ftan gelen deformiteleri d\u00fczeltmek amac\u0131yla uygulanan \u00e7e\u015fitli cerrahi i\u015flemleri i\u00e7erir. Estetik ve plastik cerrahlar, y\u00fcz germe, meme b\u00fcy\u00fctme veya k\u00fc\u00e7\u00fcltme, burun esteti\u011fi, liposuction, kar\u0131n germe gibi estetik prosed\u00fcrler yan\u0131 s\u0131ra rekonstr\u00fcktif cerrahi operasyonlar da ger\u00e7ekle\u015ftirebilirler. Rekonstr\u00fcktif cerrahi, travma sonras\u0131 yaralanmalar, kanser cerrahisi sonras\u0131 deformiteler veya do\u011fu\u015ftan gelen anormallikler gibi durumlar\u0131 d\u00fczeltmeyi ama\u00e7lar. <strong>Estetik ve plastik cerrahi<\/strong>, bireylerin kendine g\u00fcvenlerini art\u0131rmalar\u0131na ve ya\u015fam kalitelerini iyile\u015ftirmelerine yard\u0131mc\u0131 olan kapsaml\u0131 bir t\u0131bbi disiplindir.<\/p>\t\t\t\t\t\t\t\t<\/div>\n\t\t\t\t<\/div>\n\t\t\t\t\t<\/div>\n\t\t<\/div>\n\t\t\t\t<div data-aos=\"\" class=\"elementor-column elementor-col-50 elementor-top-column elementor-element elementor-element-bc4d4c0 syd-sticky-section-no\" data-id=\"bc4d4c0\" data-element_type=\"column\" data-settings=\"{&quot;tp_sticky_col_effect_enable&quot;:false}\">\n\t\t\t<div class=\"elementor-widget-wrap elementor-element-populated\">\n\t\t\t\t\t\t<div class=\"elementor-element elementor-element-48dd569 syd-sticky-section-no elementor-widget elementor-widget-image\" data-id=\"48dd569\" data-element_type=\"widget\" data-widget_type=\"image.default\">\n\t\t\t\t<div class=\"elementor-widget-container\">\n\t\t\t\t\t\t\t\t\t<\/div>\n\t\t\t\t<\/div>\n\t\t\t\t\t<\/div>\n\t\t<\/div>\n\t\t\t\t\t<\/div>\n\t\t<\/section>\n\t\t<div class=\"elementor-element elementor-element-6c1827e e-flex e-con-boxed syd-sticky-section-no e-con e-parent\" data-id=\"6c1827e\" data-element_type=\"container\">\n\t\t\t\t\t<div class=\"e-con-inner\">\n\t\t<div class=\"elementor-element elementor-element-a31258a e-flex e-con-boxed syd-sticky-section-no e-con e-child\" data-id=\"a31258a\" data-element_type=\"container\">\n\t\t\t\t\t<div class=\"e-con-inner\">\n\t\t<div class=\"elementor-element elementor-element-22006c2 e-con-full e-flex syd-sticky-section-no e-con e-child\" data-id=\"22006c2\" data-element_type=\"container\">\n\t\t\t\t<div class=\"elementor-element elementor-element-4f44cd9 elementor-flip-box--effect-flip elementor-flip-box--direction-up syd-sticky-section-no elementor-widget elementor-widget-flip-box\" data-id=\"4f44cd9\" data-element_type=\"widget\" data-widget_type=\"flip-box.default\">\n\t\t\t\t<div class=\"elementor-widget-container\">\n\t\t\t\t\t\t\t<div class=\"elementor-flip-box\" tabindex=\"0\">\n\t\t\t<div class=\"elementor-flip-box__layer elementor-flip-box__front\">\n\t\t\t\t<div class=\"elementor-flip-box__layer__overlay\">\n\t\t\t\t\t<div class=\"elementor-flip-box__layer__inner\">\n\t\t\t\t\t\t\t\t\t\t\t\t\t<div class=\"elementor-icon-wrapper elementor-view-default\">\n\t\t\t\t\t\t\t\t<div class=\"elementor-icon\">\n\t\t\t\t\t\t\t\t\t<i class=\"icon icon-man\"><\/i>\t\t\t\t\t\t\t\t<\/div>\n\t\t\t\t\t\t\t<\/div>\n\t\t\t\t\t\t\n\t\t\t\t\t\t\t\t\t\t\t\t\t<h3 class=\"elementor-flip-box__layer__title\">\n\t\t\t\t\t\t\t\tSA\u00c7 EK\u0130M\u0130\t\t\t\t\t\t\t<\/h3>\n\t\t\t\t\t\t\n\t\t\t\t\t\t\t\t\t\t\t\t\t<div class=\"elementor-flip-box__layer__description\">\n\t\t\t\t\t\t\t\tCildinizin G\u00fczelli\u011fi, Bizimle Ba\u015flar\t\t\t\t\t\t\t<\/div>\n\t\t\t\t\t\t\t\t\t\t\t<\/div>\n\t\t\t\t<\/div>\n\t\t\t<\/div>\n\t\t\t<a class=\"elementor-flip-box__layer elementor-flip-box__back\" href=\"https:\/\/healthagentsturkey.com\/tedavi\/sac-ekimi\/\">\n\t\t\t<div class=\"elementor-flip-box__layer__overlay\">\n\t\t\t\t<div class=\"elementor-flip-box__layer__inner\">\n\t\t\t\t\t\n\t\t\t\t\t\t\t\t\t\t\t<div class=\"elementor-flip-box__layer__description\">\n\t\t\t\t\t\t\tUzman doktorlar\u0131m\u0131z\u0131n \u00f6nerileri ve  tedavilerimiz hakk\u0131nda bilgi almak i\u00e7in l\u00fctfen bize ula\u015f\u0131n.\t\t\t\t\t\t<\/div>\n\t\t\t\t\t\n\t\t\t\t\t\t\t\t\t\t\t<span class=\"elementor-flip-box__button elementor-button elementor-size-sm\">\n\t\t\t\t\t\t\tDAHA FAZLA\t\t\t\t\t\t<\/span>\n\t\t\t\t\t\t\t\t<\/div>\n\t\t<\/div>\n\t\t<\/a>\n\t\t<\/div>\n\t\t\t\t\t\t<\/div>\n\t\t\t\t<\/div>\n\t\t\t\t<\/div>\n\t\t<div class=\"elementor-element elementor-element-14ce0ef e-con-full e-flex syd-sticky-section-no e-con e-child\" data-id=\"14ce0ef\" data-element_type=\"container\">\n\t\t\t\t<div class=\"elementor-element elementor-element-2c18a4e elementor-flip-box--effect-flip elementor-flip-box--direction-up syd-sticky-section-no elementor-widget elementor-widget-flip-box\" data-id=\"2c18a4e\" data-element_type=\"widget\" data-widget_type=\"flip-box.default\">\n\t\t\t\t<div class=\"elementor-widget-container\">\n\t\t\t\t\t\t\t<div class=\"elementor-flip-box\" tabindex=\"0\">\n\t\t\t<div class=\"elementor-flip-box__layer elementor-flip-box__front\">\n\t\t\t\t<div class=\"elementor-flip-box__layer__overlay\">\n\t\t\t\t\t<div class=\"elementor-flip-box__layer__inner\">\n\t\t\t\t\t\t\t\t\t\t\t\t\t<div class=\"elementor-icon-wrapper elementor-view-default\">\n\t\t\t\t\t\t\t\t<div class=\"elementor-icon\">\n\t\t\t\t\t\t\t\t\t<svg class=\"e-font-icon-svg e-fas-tooth\" viewBox=\"0 0 448 512\" xmlns=\"http:\/\/www.w3.org\/2000\/svg\"><path d=\"M443.98 96.25c-11.01-45.22-47.11-82.06-92.01-93.72-32.19-8.36-63 5.1-89.14 24.33-3.25 2.39-6.96 3.73-10.5 5.48l28.32 18.21c7.42 4.77 9.58 14.67 4.8 22.11-4.46 6.95-14.27 9.86-22.11 4.8L162.83 12.84c-20.7-10.85-43.38-16.4-66.81-10.31-44.9 11.67-81 48.5-92.01 93.72-10.13 41.62-.42 80.81 21.5 110.43 23.36 31.57 32.68 68.66 36.29 107.35 4.4 47.16 10.33 94.16 20.94 140.32l7.8 33.95c3.19 13.87 15.49 23.7 29.67 23.7 13.97 0 26.15-9.55 29.54-23.16l34.47-138.42c4.56-18.32 20.96-31.16 39.76-31.16s35.2 12.85 39.76 31.16l34.47 138.42c3.39 13.61 15.57 23.16 29.54 23.16 14.18 0 26.48-9.83 29.67-23.7l7.8-33.95c10.61-46.15 16.53-93.16 20.94-140.32 3.61-38.7 12.93-75.78 36.29-107.35 21.95-29.61 31.66-68.8 21.53-110.43z\"><\/path><\/svg>\t\t\t\t\t\t\t\t<\/div>\n\t\t\t\t\t\t\t<\/div>\n\t\t\t\t\t\t\n\t\t\t\t\t\t\t\t\t\t\t\t\t<h3 class=\"elementor-flip-box__layer__title\">\n\t\t\t\t\t\t\t\tD\u0130\u015e\t\t\t\t\t\t\t<\/h3>\n\t\t\t\t\t\t\n\t\t\t\t\t\t\t\t\t\t\t\t\t<div class=\"elementor-flip-box__layer__description\">\n\t\t\t\t\t\t\t\tG\u00fcl\u00fcmsemenizin G\u00fczelli\u011fi, Bizimle Ba\u015flar\t\t\t\t\t\t\t<\/div>\n\t\t\t\t\t\t\t\t\t\t\t<\/div>\n\t\t\t\t<\/div>\n\t\t\t<\/div>\n\t\t\t<a class=\"elementor-flip-box__layer elementor-flip-box__back\" href=\"https:\/\/healthagentsturkey.com\/tedavi\/dis\/\">\n\t\t\t<div class=\"elementor-flip-box__layer__overlay\">\n\t\t\t\t<div class=\"elementor-flip-box__layer__inner\">\n\t\t\t\t\t\n\t\t\t\t\t\t\t\t\t\t\t<div class=\"elementor-flip-box__layer__description\">\n\t\t\t\t\t\t\tUzman doktorlar\u0131m\u0131z\u0131n \u00f6nerileri ve  tedavilerimiz hakk\u0131nda bilgi almak i\u00e7in l\u00fctfen bize ula\u015f\u0131n.\t\t\t\t\t\t<\/div>\n\t\t\t\t\t\n\t\t\t\t\t\t\t\t\t\t\t<span class=\"elementor-flip-box__button elementor-button elementor-size-sm\">\n\t\t\t\t\t\t\tDAHA FAZLA\t\t\t\t\t\t<\/span>\n\t\t\t\t\t\t\t\t<\/div>\n\t\t<\/div>\n\t\t<\/a>\n\t\t<\/div>\n\t\t\t\t\t\t<\/div>\n\t\t\t\t<\/div>\n\t\t\t\t<\/div>\n\t\t<div class=\"elementor-element elementor-element-2a76d77 e-con-full e-flex syd-sticky-section-no e-con e-child\" data-id=\"2a76d77\" data-element_type=\"container\">\n\t\t\t\t<div class=\"elementor-element elementor-element-35fdfe3 elementor-flip-box--effect-flip elementor-flip-box--direction-up syd-sticky-section-no elementor-widget elementor-widget-flip-box\" data-id=\"35fdfe3\" data-element_type=\"widget\" data-widget_type=\"flip-box.default\">\n\t\t\t\t<div class=\"elementor-widget-container\">\n\t\t\t\t\t\t\t<div class=\"elementor-flip-box\" tabindex=\"0\">\n\t\t\t<div class=\"elementor-flip-box__layer elementor-flip-box__front\">\n\t\t\t\t<div class=\"elementor-flip-box__layer__overlay\">\n\t\t\t\t\t<div class=\"elementor-flip-box__layer__inner\">\n\t\t\t\t\t\t\t\t\t\t\t\t\t<div class=\"elementor-icon-wrapper elementor-view-default\">\n\t\t\t\t\t\t\t\t<div class=\"elementor-icon\">\n\t\t\t\t\t\t\t\t\t<svg xmlns=\"http:\/\/www.w3.org\/2000\/svg\" id=\"katman_1\" data-name=\"katman 1\" viewBox=\"0 0 235.91 206.9\"><defs><style>      .cls-1 {        fill: #fff;        stroke-width: 0px;      }    <\/style><\/defs><path class=\"cls-1\" d=\"m153.57,103c9.6,0,19.1-3.4,25.4-10.1,2.3-2.5,2.2-6.4-.3-8.8-2.5-2.3-6.4-2.2-8.8.3-7.9,8.5-24.2,7.6-31.5,1-2.6-2.3-6.5-2.1-8.8.5s-2.1,6.5.5,8.8c6.3,5.6,14.9,8.3,23.5,8.3Z\"><\/path><path class=\"cls-1\" d=\"m230.77,11.8c-.6-3.4-3.8-5.6-7.2-5s-5.6,3.8-5,7.2c6.4,36.8,9,57.6-7.6,92.1l-2,4.1c-10.9,22.6-20.6,42.6-16.3,61.7-5.1-2.4-10.7-6.4-13.4-13.1,15.7-25.6,25.1-59.9,27.9-88.4,0-.2-.1-.4-.1-.6,0-.4,0-.8-.1-1.3-.1-.4-.2-.7-.3-1.1-.2-.4-.3-.7-.6-1-.2-.3-.5-.6-.7-.9-.3-.3-.6-.5-.9-.7-.3-.2-.7-.4-1.1-.6-.2-.1-.3-.2-.6-.3-32.3-9.7-55.8-37.5-59.8-58.8-.6-3.4-3.8-5.6-7.2-5s-5.6,3.9-5,7.2c4.4,23.5,28.1,53.8,63.5,66.4-4.6,38.3-21.1,85.6-48.5,103.8-21.2,14-28.5,17-30.9,17-5.9,0-18.4-8.5-25.9-13.5l-4.4-2.9c-16.8-11.1-26-34.1-36.7-60.8l-2.5-6.3c-1.3-3.2-4.9-4.7-8.1-3.4s-4.7,4.9-3.4,8.1l2.5,6.2c5.2,13,10.3,25.6,16.3,36.7-13.4-8-31.1-24.1-40.5-56.2-1-3.3-4.4-5.2-7.7-4.2s-5.2,4.4-4.2,7.7c16.4,55.9,56,69.4,65.4,71.8,3.6,4.1,7.6,7.8,12.1,10.8l4.3,2.8c13.1,8.9,23.9,15.6,32.8,15.6,7.5,0,20-7.3,38.2-19.3,6.7-4.4,12.8-10.5,18.3-17.5,10.4,14.9,30,17.2,30.9,17.3h.6c2.1,0,4-1.1,5.2-2.8,1.3-2,1.3-4.5.1-6.5-10.1-17.2-.4-37.2,11.8-62.6l2-4.1c18.4-37.9,15.5-61.4,8.8-99.6Z\"><\/path><path class=\"cls-1\" d=\"m90.77,157.8c-1.8,2.9-.8,6.7,2.1,8.5.6.3,9.6,5.6,21.8,5.6,6.6,0,14.1-1.5,21.7-6.2,2.9-1.8,3.8-5.6,2-8.5s-5.6-3.9-8.5-2c-15.3,9.4-30,.9-30.7.5-2.8-1.8-6.6-.8-8.4,2.1Z\"><\/path><path class=\"cls-1\" d=\"m31.97,56.5l23.3,8.7,9,30.2c.8,2.6,3.2,4.4,5.9,4.4h0c2.7,0,5.2-1.8,5.9-4.5l8.7-30.2,23.5-8.7c2.4-.9,4-3.2,4-5.9s-1.7-4.9-4.1-5.8l-23.4-8.5-8.7-30.4c-.7-2.6-3.2-4.5-5.9-4.5h0c-2.7,0-5.2,1.8-5.9,4.5l-9,30.4-23.3,8.6c-2.4.9-4,3.2-4.1,5.8.1,2.6,1.7,4.9,4.1,5.9Zm30.5-9.6c1.9-.7,3.3-2.2,3.8-4.1l3.8-12.9,3.7,12.9c.6,1.9,2,3.4,3.9,4.1l10.5,3.8-10.6,3.9c-1.9.7-3.3,2.2-3.8,4.1l-3.7,12.8-3.8-12.8c-.6-1.9-2-3.4-3.8-4l-10.5-4,10.5-3.8Z\"><\/path><\/svg>\t\t\t\t\t\t\t\t<\/div>\n\t\t\t\t\t\t\t<\/div>\n\t\t\t\t\t\t\n\t\t\t\t\t\t\t\t\t\t\t\t\t<h3 class=\"elementor-flip-box__layer__title\">\n\t\t\t\t\t\t\t\tEstetik ve Plastik Cerrahi\t\t\t\t\t\t\t<\/h3>\n\t\t\t\t\t\t\n\t\t\t\t\t\t\t\t\t\t\t\t\t<div class=\"elementor-flip-box__layer__description\">\n\t\t\t\t\t\t\t\tG\u00fczelli\u011finiz, Bizimle Ba\u015flar\t\t\t\t\t\t\t<\/div>\n\t\t\t\t\t\t\t\t\t\t\t<\/div>\n\t\t\t\t<\/div>\n\t\t\t<\/div>\n\t\t\t<a class=\"elementor-flip-box__layer elementor-flip-box__back\" href=\"https:\/\/healthagentsturkey.com\/tedavi\/estetik\/\">\n\t\t\t<div class=\"elementor-flip-box__layer__overlay\">\n\t\t\t\t<div class=\"elementor-flip-box__layer__inner\">\n\t\t\t\t\t\n\t\t\t\t\t\t\t\t\t\t\t<div class=\"elementor-flip-box__layer__description\">\n\t\t\t\t\t\t\tUzman doktorlar\u0131m\u0131z\u0131n \u00f6nerileri ve  tedavilerimiz hakk\u0131nda bilgi almak i\u00e7in l\u00fctfen bize ula\u015f\u0131n.\t\t\t\t\t\t<\/div>\n\t\t\t\t\t\n\t\t\t\t\t\t\t\t\t\t\t<span class=\"elementor-flip-box__button elementor-button elementor-size-sm\">\n\t\t\t\t\t\t\tDAHA FAZLA\t\t\t\t\t\t<\/span>\n\t\t\t\t\t\t\t\t<\/div>\n\t\t<\/div>\n\t\t<\/a>\n\t\t<\/div>\n\t\t\t\t\t\t<\/div>\n\t\t\t\t<\/div>\n\t\t\t\t<\/div>\n\t\t<div class=\"elementor-element elementor-element-412850b e-con-full e-flex syd-sticky-section-no e-con e-child\" data-id=\"412850b\" data-element_type=\"container\">\n\t\t\t\t<div class=\"elementor-element elementor-element-d21e3b4 elementor-flip-box--effect-flip elementor-flip-box--direction-up syd-sticky-section-no elementor-widget elementor-widget-flip-box\" data-id=\"d21e3b4\" data-element_type=\"widget\" data-widget_type=\"flip-box.default\">\n\t\t\t\t<div class=\"elementor-widget-container\">\n\t\t\t\t\t\t\t<div class=\"elementor-flip-box\" tabindex=\"0\">\n\t\t\t<div class=\"elementor-flip-box__layer elementor-flip-box__front\">\n\t\t\t\t<div class=\"elementor-flip-box__layer__overlay\">\n\t\t\t\t\t<div class=\"elementor-flip-box__layer__inner\">\n\t\t\t\t\t\t\t\t\t\t\t\t\t<div class=\"elementor-icon-wrapper elementor-view-default\">\n\t\t\t\t\t\t\t\t<div class=\"elementor-icon\">\n\t\t\t\t\t\t\t\t\t<svg class=\"e-font-icon-svg e-fas-hiking\" viewBox=\"0 0 384 512\" xmlns=\"http:\/\/www.w3.org\/2000\/svg\"><path d=\"M80.95 472.23c-4.28 17.16 6.14 34.53 23.28 38.81 2.61.66 5.22.95 7.8.95 14.33 0 27.37-9.7 31.02-24.23l25.24-100.97-52.78-52.78-34.56 138.22zm14.89-196.12L137 117c2.19-8.42-3.14-16.95-11.92-19.06-43.88-10.52-88.35 15.07-99.32 57.17L.49 253.24c-2.19 8.42 3.14 16.95 11.92 19.06l63.56 15.25c8.79 2.1 17.68-3.02 19.87-11.44zM368 160h-16c-8.84 0-16 7.16-16 16v16h-34.75l-46.78-46.78C243.38 134.11 228.61 128 212.91 128c-27.02 0-50.47 18.3-57.03 44.52l-26.92 107.72a32.012 32.012 0 0 0 8.42 30.39L224 397.25V480c0 17.67 14.33 32 32 32s32-14.33 32-32v-82.75c0-17.09-6.66-33.16-18.75-45.25l-46.82-46.82c.15-.5.49-.89.62-1.41l19.89-79.57 22.43 22.43c6 6 14.14 9.38 22.62 9.38h48v240c0 8.84 7.16 16 16 16h16c8.84 0 16-7.16 16-16V176c.01-8.84-7.15-16-15.99-16zM240 96c26.51 0 48-21.49 48-48S266.51 0 240 0s-48 21.49-48 48 21.49 48 48 48z\"><\/path><\/svg>\t\t\t\t\t\t\t\t<\/div>\n\t\t\t\t\t\t\t<\/div>\n\t\t\t\t\t\t\n\t\t\t\t\t\t\t\t\t\t\t\t\t<h3 class=\"elementor-flip-box__layer__title\">\n\t\t\t\t\t\t\t\tOrtopedi ve Travmatoloji\t\t\t\t\t\t\t<\/h3>\n\t\t\t\t\t\t\n\t\t\t\t\t\t\t\t\t\t\t\t\t<div class=\"elementor-flip-box__layer__description\">\n\t\t\t\t\t\t\t\tEksiklikleriniz, Kusurlar\u0131n\u0131z De\u011fildir\t\t\t\t\t\t\t<\/div>\n\t\t\t\t\t\t\t\t\t\t\t<\/div>\n\t\t\t\t<\/div>\n\t\t\t<\/div>\n\t\t\t<a class=\"elementor-flip-box__layer elementor-flip-box__back\" href=\"https:\/\/healthagentsturkey.com\/tedavi\/ortopedi\/\">\n\t\t\t<div class=\"elementor-flip-box__layer__overlay\">\n\t\t\t\t<div class=\"elementor-flip-box__layer__inner\">\n\t\t\t\t\t\n\t\t\t\t\t\t\t\t\t\t\t<div class=\"elementor-flip-box__layer__description\">\n\t\t\t\t\t\t\tUzman doktorlar\u0131m\u0131z\u0131n \u00f6nerileri ve  tedavilerimiz hakk\u0131nda bilgi almak i\u00e7in l\u00fctfen bize ula\u015f\u0131n.\t\t\t\t\t\t<\/div>\n\t\t\t\t\t\n\t\t\t\t\t\t\t\t\t\t\t<span class=\"elementor-flip-box__button elementor-button elementor-size-sm\">\n\t\t\t\t\t\t\tDAHA FAZLA\t\t\t\t\t\t<\/span>\n\t\t\t\t\t\t\t\t<\/div>\n\t\t<\/div>\n\t\t<\/a>\n\t\t<\/div>\n\t\t\t\t\t\t<\/div>\n\t\t\t\t<\/div>\n\t\t\t\t<\/div>\n\t\t<div class=\"elementor-element elementor-element-26b56b6 e-con-full e-flex syd-sticky-section-no e-con e-child\" data-id=\"26b56b6\" data-element_type=\"container\">\n\t\t\t\t<div class=\"elementor-element elementor-element-6d60bf3 elementor-flip-box--effect-flip elementor-flip-box--direction-up syd-sticky-section-no elementor-widget elementor-widget-flip-box\" data-id=\"6d60bf3\" data-element_type=\"widget\" data-widget_type=\"flip-box.default\">\n\t\t\t\t<div class=\"elementor-widget-container\">\n\t\t\t\t\t\t\t<div class=\"elementor-flip-box\" tabindex=\"0\">\n\t\t\t<div class=\"elementor-flip-box__layer elementor-flip-box__front\">\n\t\t\t\t<div class=\"elementor-flip-box__layer__overlay\">\n\t\t\t\t\t<div class=\"elementor-flip-box__layer__inner\">\n\t\t\t\t\t\t\t\t\t\t\t\t\t<div class=\"elementor-icon-wrapper elementor-view-default\">\n\t\t\t\t\t\t\t\t<div class=\"elementor-icon\">\n\t\t\t\t\t\t\t\t\t<svg class=\"e-font-icon-svg e-fas-leaf\" viewBox=\"0 0 576 512\" xmlns=\"http:\/\/www.w3.org\/2000\/svg\"><path d=\"M546.2 9.7c-5.6-12.5-21.6-13-28.3-1.2C486.9 62.4 431.4 96 368 96h-80C182 96 96 182 96 288c0 7 .8 13.7 1.5 20.5C161.3 262.8 253.4 224 384 224c8.8 0 16 7.2 16 16s-7.2 16-16 16C132.6 256 26 410.1 2.4 468c-6.6 16.3 1.2 34.9 17.5 41.6 16.4 6.8 35-1.1 41.8-17.3 1.5-3.6 20.9-47.9 71.9-90.6 32.4 43.9 94 85.8 174.9 77.2C465.5 467.5 576 326.7 576 154.3c0-50.2-10.8-102.2-29.8-144.6z\"><\/path><\/svg>\t\t\t\t\t\t\t\t<\/div>\n\t\t\t\t\t\t\t<\/div>\n\t\t\t\t\t\t\n\t\t\t\t\t\t\t\t\t\t\t\t\t<h3 class=\"elementor-flip-box__layer__title\">\n\t\t\t\t\t\t\t\tJ\u0130NEKOLOJ\u0130\t\t\t\t\t\t\t<\/h3>\n\t\t\t\t\t\t\n\t\t\t\t\t\t\t\t\t\t\t\t\t<div class=\"elementor-flip-box__layer__description\">\n\t\t\t\t\t\t\t\tSize \u00d6zel, Sizin \u0130\u00e7in. Bizimle Kendinize De\u011fer Verin\t\t\t\t\t\t\t<\/div>\n\t\t\t\t\t\t\t\t\t\t\t<\/div>\n\t\t\t\t<\/div>\n\t\t\t<\/div>\n\t\t\t<a class=\"elementor-flip-box__layer elementor-flip-box__back\" href=\"https:\/\/healthagentsturkey.com\/tedavi\/jinekoloji\/\">\n\t\t\t<div class=\"elementor-flip-box__layer__overlay\">\n\t\t\t\t<div class=\"elementor-flip-box__layer__inner\">\n\t\t\t\t\t\n\t\t\t\t\t\t\t\t\t\t\t<div class=\"elementor-flip-box__layer__description\">\n\t\t\t\t\t\t\tUzman doktorlar\u0131m\u0131z\u0131n \u00f6nerileri ve  tedavilerimiz hakk\u0131nda bilgi almak i\u00e7in l\u00fctfen bize ula\u015f\u0131n.\t\t\t\t\t\t<\/div>\n\t\t\t\t\t\n\t\t\t\t\t\t\t\t\t\t\t<span class=\"elementor-flip-box__button elementor-button elementor-size-sm\">\n\t\t\t\t\t\t\tDAHA FAZLA\t\t\t\t\t\t<\/span>\n\t\t\t\t\t\t\t\t<\/div>\n\t\t<\/div>\n\t\t<\/a>\n\t\t<\/div>\n\t\t\t\t\t\t<\/div>\n\t\t\t\t<\/div>\n\t\t\t\t<\/div>\n\t\t<div class=\"elementor-element elementor-element-74e3d07 e-con-full e-flex syd-sticky-section-no e-con e-child\" data-id=\"74e3d07\" data-element_type=\"container\">\n\t\t\t\t<div class=\"elementor-element elementor-element-b7a7c95 elementor-flip-box--effect-flip elementor-flip-box--direction-up syd-sticky-section-no elementor-widget elementor-widget-flip-box\" data-id=\"b7a7c95\" data-element_type=\"widget\" data-widget_type=\"flip-box.default\">\n\t\t\t\t<div class=\"elementor-widget-container\">\n\t\t\t\t\t\t\t<div class=\"elementor-flip-box\" tabindex=\"0\">\n\t\t\t<div class=\"elementor-flip-box__layer elementor-flip-box__front\">\n\t\t\t\t<div class=\"elementor-flip-box__layer__overlay\">\n\t\t\t\t\t<div class=\"elementor-flip-box__layer__inner\">\n\t\t\t\t\t\t\t\t\t\t\t\t\t<div class=\"elementor-icon-wrapper elementor-view-default\">\n\t\t\t\t\t\t\t\t<div class=\"elementor-icon\">\n\t\t\t\t\t\t\t\t\t<svg class=\"e-font-icon-svg e-fas-crown\" viewBox=\"0 0 640 512\" xmlns=\"http:\/\/www.w3.org\/2000\/svg\"><path d=\"M528 448H112c-8.8 0-16 7.2-16 16v32c0 8.8 7.2 16 16 16h416c8.8 0 16-7.2 16-16v-32c0-8.8-7.2-16-16-16zm64-320c-26.5 0-48 21.5-48 48 0 7.1 1.6 13.7 4.4 19.8L476 239.2c-15.4 9.2-35.3 4-44.2-11.6L350.3 85C361 76.2 368 63 368 48c0-26.5-21.5-48-48-48s-48 21.5-48 48c0 15 7 28.2 17.7 37l-81.5 142.6c-8.9 15.6-28.9 20.8-44.2 11.6l-72.3-43.4c2.7-6 4.4-12.7 4.4-19.8 0-26.5-21.5-48-48-48S0 149.5 0 176s21.5 48 48 48c2.6 0 5.2-.4 7.7-.8L128 416h384l72.3-192.8c2.5.4 5.1.8 7.7.8 26.5 0 48-21.5 48-48s-21.5-48-48-48z\"><\/path><\/svg>\t\t\t\t\t\t\t\t<\/div>\n\t\t\t\t\t\t\t<\/div>\n\t\t\t\t\t\t\n\t\t\t\t\t\t\t\t\t\t\t\t\t<h3 class=\"elementor-flip-box__layer__title\">\n\t\t\t\t\t\t\t\t\u00dcROLOJ\u0130\t\t\t\t\t\t\t<\/h3>\n\t\t\t\t\t\t\n\t\t\t\t\t\t\t\t\t\t\t\t\t<div class=\"elementor-flip-box__layer__description\">\n\t\t\t\t\t\t\t\tBizimle \u00c7\u00f6z\u00fcms\u00fcz De\u011filsiniz\t\t\t\t\t\t\t<\/div>\n\t\t\t\t\t\t\t\t\t\t\t<\/div>\n\t\t\t\t<\/div>\n\t\t\t<\/div>\n\t\t\t<a class=\"elementor-flip-box__layer elementor-flip-box__back\" href=\"https:\/\/healthagentsturkey.com\/tedavi\/uroloji\/\">\n\t\t\t<div class=\"elementor-flip-box__layer__overlay\">\n\t\t\t\t<div class=\"elementor-flip-box__layer__inner\">\n\t\t\t\t\t\n\t\t\t\t\t\t\t\t\t\t\t<div class=\"elementor-flip-box__layer__description\">\n\t\t\t\t\t\t\tUzman doktorlar\u0131m\u0131z\u0131n \u00f6nerileri ve  tedavilerimiz hakk\u0131nda bilgi almak i\u00e7in l\u00fctfen bize ula\u015f\u0131n.\t\t\t\t\t\t<\/div>\n\t\t\t\t\t\n\t\t\t\t\t\t\t\t\t\t\t<span class=\"elementor-flip-box__button elementor-button elementor-size-sm\">\n\t\t\t\t\t\t\tDAHA FAZLA\t\t\t\t\t\t<\/span>\n\t\t\t\t\t\t\t\t<\/div>\n\t\t<\/div>\n\t\t<\/a>\n\t\t<\/div>\n\t\t\t\t\t\t<\/div>\n\t\t\t\t<\/div>\n\t\t\t\t<\/div>\n\t\t\t\t\t<\/div>\n\t\t\t\t<\/div>\n\t\t\t\t\t<\/div>\n\t\t\t\t<\/div>\n\t\t\t\t<\/div>\n\t\t","protected":false},"excerpt":{"rendered":"<p>Estetik ve Plastik Cerrahi Estetik ve plastik cerrahi, v\u00fccut \u015fekillendirme, g\u00fczellik restorasyonu ve fonksiyonel iyile\u015ftirmeleri i\u00e7eren geni\u015f bir t\u0131bbi dal\u0131 temsil eder. [&hellip;]<\/p>\n","protected":false},"author":1,"featured_media":0,"parent":899,"menu_order":0,"comment_status":"closed","ping_status":"closed","template":"elementor_header_footer","meta":{"_eb_attr":"","footnotes":""},"class_list":["post-934","page","type-page","status-publish","hentry"],"_links":{"self":[{"href":"http:\/\/healthagentsturkey.com\/tr\/wp-json\/wp\/v2\/pages\/934","targetHints":{"allow":["GET"]}}],"collection":[{"href":"http:\/\/healthagentsturkey.com\/tr\/wp-json\/wp\/v2\/pages"}],"about":[{"href":"http:\/\/healthagentsturkey.com\/tr\/wp-json\/wp\/v2\/types\/page"}],"author":[{"embeddable":true,"href":"http:\/\/healthagentsturkey.com\/tr\/wp-json\/wp\/v2\/users\/1"}],"replies":[{"embeddable":true,"href":"http:\/\/healthagentsturkey.com\/tr\/wp-json\/wp\/v2\/comments?post=934"}],"version-history":[{"count":1,"href":"http:\/\/healthagentsturkey.com\/tr\/wp-json\/wp\/v2\/pages\/934\/revisions"}],"predecessor-version":[{"id":4783,"href":"http:\/\/healthagentsturkey.com\/tr\/wp-json\/wp\/v2\/pages\/934\/revisions\/4783"}],"up":[{"embeddable":true,"href":"http:\/\/healthagentsturkey.com\/tr\/wp-json\/wp\/v2\/pages\/899"}],"wp:attachment":[{"href":"http:\/\/healthagentsturkey.com\/tr\/wp-json\/wp\/v2\/media?parent=934"}],"curies":[{"name":"wp","href":"https:\/\/api.w.org\/{rel}","templated":true}]}}