{"id":933,"date":"2023-11-12T08:56:31","date_gmt":"2023-11-12T08:56:31","guid":{"rendered":"https:\/\/healthagentsturkey.com\/?page_id=933"},"modified":"2026-02-25T10:31:56","modified_gmt":"2026-02-25T07:31:56","slug":"ortopedi","status":"publish","type":"page","link":"http:\/\/healthagentsturkey.com\/tr\/tedavi\/ortopedi\/","title":{"rendered":"Ortopedi ve Travmatoloji"},"content":{"rendered":"\t\t<div data-elementor-type=\"wp-page\" data-elementor-id=\"933\" class=\"elementor elementor-933\" data-elementor-post-type=\"page\">\n\t\t\t\t\t\t<section class=\"elementor-section elementor-top-section elementor-element elementor-element-eedafb9 elementor-section-content-middle elementor-section-boxed elementor-section-height-default elementor-section-height-default tp-parallax-no syd-sticky-section-no\" data-id=\"eedafb9\" data-element_type=\"section\" data-settings=\"{&quot;tp_sticky_sec_effect_enable&quot;:false}\">\n\t\t\t\t\t\t<div class=\"elementor-container elementor-column-gap-default\">\n\t\t\t\t\t<div data-aos=\"\" class=\"elementor-column elementor-col-50 elementor-top-column elementor-element elementor-element-571508b syd-sticky-section-no\" data-id=\"571508b\" data-element_type=\"column\" data-settings=\"{&quot;tp_sticky_col_effect_enable&quot;:false}\">\n\t\t\t<div class=\"elementor-widget-wrap elementor-element-populated\">\n\t\t\t\t\t\t<div class=\"elementor-element elementor-element-2fc2cb6 elementor-widget__width-initial syd-sticky-section-no elementor-widget elementor-widget-heading\" data-id=\"2fc2cb6\" data-element_type=\"widget\" data-widget_type=\"heading.default\">\n\t\t\t\t<div class=\"elementor-widget-container\">\n\t\t\t\t\t<h2 class=\"elementor-heading-title elementor-size-default\">Ortopedi ve Travmatoloji<\/h2>\t\t\t\t<\/div>\n\t\t\t\t<\/div>\n\t\t\t\t<div class=\"elementor-element elementor-element-1cf0f1c syd-sticky-section-no elementor-widget elementor-widget-text-editor\" data-id=\"1cf0f1c\" data-element_type=\"widget\" data-widget_type=\"text-editor.default\">\n\t\t\t\t<div class=\"elementor-widget-container\">\n\t\t\t\t\t\t\t\t\t<p><strong>Ortopedi ve Travmatoloji<\/strong>, kemik, eklem, kas ve ba\u011f dokular\u0131yla ilgili sorunlar\u0131 inceleyen ve tedavi eden t\u0131p dal\u0131n\u0131n genel ad\u0131n\u0131 ifade eder. Ortopedi uzmanlar\u0131, k\u0131r\u0131klar, \u00e7\u0131k\u0131klar, romatizmal hastal\u0131klar, spor yaralanmalar\u0131, dejeneratif eklem hastal\u0131klar\u0131 ve di\u011fer ortopedik sorunlar gibi geni\u015f bir yelpazedeki durumlarla ilgilenirler. Hizmet alanlar\u0131 aras\u0131nda cerrahi ve cerrahi olmayan tedavi y\u00f6ntemleri bulunur. Cerrahi m\u00fcdahaleler aras\u0131nda eklem protezi, kire\u00e7lenmi\u015f eklemlerin temizlenmesi, kemik k\u0131r\u0131klar\u0131n\u0131n d\u00fczeltilmesi gibi prosed\u00fcrler yer al\u0131r. Ortopedik cerrahi, genellikle kapsaml\u0131 rehabilitasyon s\u00fcre\u00e7leri ve fizik tedavi ile birle\u015ftirilir. Ayr\u0131ca, sporcularda s\u0131k\u00e7a g\u00f6r\u00fclen yaralanmalar\u0131n tedavisi, kas-iskelet sistemi sorunlar\u0131 ve do\u011fu\u015ftan gelen deformitelerin d\u00fczeltilmesi de ortopedi ve travmatolojinin ilgi alan\u0131na girer. Bu uzmanl\u0131k alan\u0131, hastalar\u0131n fonksiyonel hareketlili\u011fini ve ya\u015fam kalitesini art\u0131rmay\u0131 hedefleyerek geni\u015f bir sa\u011fl\u0131k spektrumunu kapsar.<\/p>\t\t\t\t\t\t\t\t<\/div>\n\t\t\t\t<\/div>\n\t\t\t\t\t<\/div>\n\t\t<\/div>\n\t\t\t\t<div data-aos=\"\" class=\"elementor-column elementor-col-50 elementor-top-column elementor-element elementor-element-bc4d4c0 syd-sticky-section-no\" data-id=\"bc4d4c0\" data-element_type=\"column\" data-settings=\"{&quot;tp_sticky_col_effect_enable&quot;:false}\">\n\t\t\t<div class=\"elementor-widget-wrap elementor-element-populated\">\n\t\t\t\t\t\t<div class=\"elementor-element elementor-element-48dd569 syd-sticky-section-no elementor-widget elementor-widget-image\" data-id=\"48dd569\" data-element_type=\"widget\" data-widget_type=\"image.default\">\n\t\t\t\t<div class=\"elementor-widget-container\">\n\t\t\t\t\t\t\t\t\t<\/div>\n\t\t\t\t<\/div>\n\t\t\t\t\t<\/div>\n\t\t<\/div>\n\t\t\t\t\t<\/div>\n\t\t<\/section>\n\t\t\t\t<section class=\"elementor-section elementor-top-section elementor-element elementor-element-cfed380 elementor-section-content-middle elementor-section-boxed elementor-section-height-default elementor-section-height-default tp-parallax-no syd-sticky-section-no\" data-id=\"cfed380\" data-element_type=\"section\" data-settings=\"{&quot;background_background&quot;:&quot;classic&quot;,&quot;tp_sticky_sec_effect_enable&quot;:false}\">\n\t\t\t\t\t\t<div class=\"elementor-container elementor-column-gap-default\">\n\t\t\t\t\t<div data-aos=\"\" class=\"elementor-column elementor-col-50 elementor-top-column elementor-element elementor-element-d8fac92 syd-sticky-section-no\" data-id=\"d8fac92\" data-element_type=\"column\" data-settings=\"{&quot;tp_sticky_col_effect_enable&quot;:false}\">\n\t\t\t<div class=\"elementor-widget-wrap elementor-element-populated\">\n\t\t\t\t\t\t<div class=\"elementor-element elementor-element-ea4173f syd-sticky-section-no elementor-widget elementor-widget-heading\" data-id=\"ea4173f\" data-element_type=\"widget\" data-widget_type=\"heading.default\">\n\t\t\t\t<div class=\"elementor-widget-container\">\n\t\t\t\t\t<h2 class=\"elementor-heading-title elementor-size-default\">Sorular\u0131n\u0131z m\u0131 var?<\/h2>\t\t\t\t<\/div>\n\t\t\t\t<\/div>\n\t\t\t\t\t<\/div>\n\t\t<\/div>\n\t\t\t\t<div data-aos=\"\" class=\"elementor-column elementor-col-50 elementor-top-column elementor-element elementor-element-7aa5769 syd-sticky-section-no\" data-id=\"7aa5769\" data-element_type=\"column\" data-settings=\"{&quot;tp_sticky_col_effect_enable&quot;:false}\">\n\t\t\t<div class=\"elementor-widget-wrap elementor-element-populated\">\n\t\t\t\t\t\t<div class=\"elementor-element elementor-element-9c6e3e1 elementor-align-right elementor-mobile-align-center syd-sticky-section-no elementor-widget elementor-widget-button\" data-id=\"9c6e3e1\" data-element_type=\"widget\" data-widget_type=\"button.default\">\n\t\t\t\t<div class=\"elementor-widget-container\">\n\t\t\t\t\t\t\t\t\t<div class=\"elementor-button-wrapper\">\n\t\t\t\t\t<a class=\"elementor-button elementor-button-link elementor-size-sm\" href=\"https:\/\/healthagentsturkey.com\/iletisim\/\">\n\t\t\t\t\t\t<span class=\"elementor-button-content-wrapper\">\n\t\t\t\t\t\t\t\t\t<span class=\"elementor-button-text\">Bize Ula\u015f\u0131n<\/span>\n\t\t\t\t\t<\/span>\n\t\t\t\t\t<\/a>\n\t\t\t\t<\/div>\n\t\t\t\t\t\t\t\t<\/div>\n\t\t\t\t<\/div>\n\t\t\t\t\t<\/div>\n\t\t<\/div>\n\t\t\t\t\t<\/div>\n\t\t<\/section>\n\t\t\t\t<\/div>\n\t\t","protected":false},"excerpt":{"rendered":"<p>Ortopedi ve Travmatoloji Ortopedi ve Travmatoloji, kemik, eklem, kas ve ba\u011f dokular\u0131yla ilgili sorunlar\u0131 inceleyen ve tedavi eden t\u0131p dal\u0131n\u0131n genel ad\u0131n\u0131 [&hellip;]<\/p>\n","protected":false},"author":1,"featured_media":0,"parent":899,"menu_order":0,"comment_status":"closed","ping_status":"closed","template":"elementor_header_footer","meta":{"_eb_attr":"","footnotes":""},"class_list":["post-933","page","type-page","status-publish","hentry"],"_links":{"self":[{"href":"http:\/\/healthagentsturkey.com\/tr\/wp-json\/wp\/v2\/pages\/933","targetHints":{"allow":["GET"]}}],"collection":[{"href":"http:\/\/healthagentsturkey.com\/tr\/wp-json\/wp\/v2\/pages"}],"about":[{"href":"http:\/\/healthagentsturkey.com\/tr\/wp-json\/wp\/v2\/types\/page"}],"author":[{"embeddable":true,"href":"http:\/\/healthagentsturkey.com\/tr\/wp-json\/wp\/v2\/users\/1"}],"replies":[{"embeddable":true,"href":"http:\/\/healthagentsturkey.com\/tr\/wp-json\/wp\/v2\/comments?post=933"}],"version-history":[{"count":1,"href":"http:\/\/healthagentsturkey.com\/tr\/wp-json\/wp\/v2\/pages\/933\/revisions"}],"predecessor-version":[{"id":4796,"href":"http:\/\/healthagentsturkey.com\/tr\/wp-json\/wp\/v2\/pages\/933\/revisions\/4796"}],"up":[{"embeddable":true,"href":"http:\/\/healthagentsturkey.com\/tr\/wp-json\/wp\/v2\/pages\/899"}],"wp:attachment":[{"href":"http:\/\/healthagentsturkey.com\/tr\/wp-json\/wp\/v2\/media?parent=933"}],"curies":[{"name":"wp","href":"https:\/\/api.w.org\/{rel}","templated":true}]}}