{"id":3165,"date":"2023-12-22T04:12:46","date_gmt":"2023-12-22T01:12:46","guid":{"rendered":"https:\/\/healthagentsturkey.com\/?page_id=3165"},"modified":"2026-02-25T10:31:56","modified_gmt":"2026-02-25T07:31:56","slug":"rinoplasti","status":"publish","type":"page","link":"http:\/\/healthagentsturkey.com\/tr\/tedavi\/estetik\/rinoplasti\/","title":{"rendered":"Rhinoplasty"},"content":{"rendered":"\t\t<div data-elementor-type=\"wp-page\" data-elementor-id=\"3165\" class=\"elementor elementor-3165\" data-elementor-post-type=\"page\">\n\t\t\t\t\t\t<section class=\"elementor-section elementor-top-section elementor-element elementor-element-eedafb9 elementor-section-content-middle elementor-section-boxed elementor-section-height-default elementor-section-height-default tp-parallax-no syd-sticky-section-no\" data-id=\"eedafb9\" data-element_type=\"section\" data-settings=\"{&quot;tp_sticky_sec_effect_enable&quot;:false}\">\n\t\t\t\t\t\t<div class=\"elementor-container elementor-column-gap-default\">\n\t\t\t\t\t<div data-aos=\"\" class=\"elementor-column elementor-col-50 elementor-top-column elementor-element elementor-element-571508b syd-sticky-section-no\" data-id=\"571508b\" data-element_type=\"column\" data-settings=\"{&quot;tp_sticky_col_effect_enable&quot;:false}\">\n\t\t\t<div class=\"elementor-widget-wrap elementor-element-populated\">\n\t\t\t\t\t\t<div class=\"elementor-element elementor-element-2fc2cb6 syd-sticky-section-no elementor-widget elementor-widget-heading\" data-id=\"2fc2cb6\" data-element_type=\"widget\" data-widget_type=\"heading.default\">\n\t\t\t\t<div class=\"elementor-widget-container\">\n\t\t\t\t\t<h2 class=\"elementor-heading-title elementor-size-default\">Burun Esteti\u011fi<\/h2>\t\t\t\t<\/div>\n\t\t\t\t<\/div>\n\t\t\t\t<div class=\"elementor-element elementor-element-6e5f253 syd-sticky-section-no elementor-widget elementor-widget-heading\" data-id=\"6e5f253\" data-element_type=\"widget\" data-widget_type=\"heading.default\">\n\t\t\t\t<div class=\"elementor-widget-container\">\n\t\t\t\t\t<h6 class=\"elementor-heading-title elementor-size-default\">Rh\u0131noplasty<\/h6>\t\t\t\t<\/div>\n\t\t\t\t<\/div>\n\t\t\t\t<div class=\"elementor-element elementor-element-1cf0f1c elementor-widget__width-initial syd-sticky-section-no elementor-widget elementor-widget-text-editor\" data-id=\"1cf0f1c\" data-element_type=\"widget\" data-widget_type=\"text-editor.default\">\n\t\t\t\t<div class=\"elementor-widget-container\">\n\t\t\t\t\t\t\t\t\t<p><strong>Rinoplasti Nedir?<\/strong><\/p><p><strong>Rinoplasti<\/strong>, burnu yeniden yap\u0131land\u0131rma, yeniden \u015fekil verme i\u015flemidir. Burnu estetik ve fonksiyonel olarak daha iyi hale getirmek ama\u00e7lan\u0131r. Estetik burun ameliyat\u0131 t\u0131ptaki ad\u0131yla <strong>rinoplasti<\/strong>, g\u00fcn\u00fcm\u00fczde olduk\u00e7a yayg\u0131n estetik ameliyatlardan biridir. Kad\u0131nlar ve erkekler yayg\u0131n olarak <strong>rinoplasti<\/strong> yapt\u0131r\u0131rlar.<\/p><p>Burnun alt k\u0131sm\u0131 k\u0131k\u0131rdaktan ve \u00fcst k\u0131sm\u0131m kemikten olu\u015fur. <strong>Rinoplasti<\/strong>, kemi\u011fi, k\u0131k\u0131rda\u011f\u0131, deriyi ya da gerekli g\u00f6r\u00fcl\u00fcrse her \u00fc\u00e7\u00fcn\u00fc birden tekrar \u015fekillendirme i\u015flemidir.<\/p>\t\t\t\t\t\t\t\t<\/div>\n\t\t\t\t<\/div>\n\t\t\t\t\t<\/div>\n\t\t<\/div>\n\t\t\t\t<div data-aos=\"\" class=\"elementor-column elementor-col-50 elementor-top-column elementor-element elementor-element-bc4d4c0 syd-sticky-section-no\" data-id=\"bc4d4c0\" data-element_type=\"column\" data-settings=\"{&quot;tp_sticky_col_effect_enable&quot;:false}\">\n\t\t\t<div class=\"elementor-widget-wrap elementor-element-populated\">\n\t\t\t\t\t\t<div class=\"elementor-element elementor-element-48dd569 syd-sticky-section-no elementor-widget elementor-widget-image\" data-id=\"48dd569\" data-element_type=\"widget\" data-widget_type=\"image.default\">\n\t\t\t\t<div class=\"elementor-widget-container\">\n\t\t\t\t\t\t\t\t\t<\/div>\n\t\t\t\t<\/div>\n\t\t\t\t\t<\/div>\n\t\t<\/div>\n\t\t\t\t\t<\/div>\n\t\t<\/section>\n\t\t<div class=\"elementor-element elementor-element-99fe56d e-flex e-con-boxed syd-sticky-section-no e-con e-parent\" data-id=\"99fe56d\" data-element_type=\"container\">\n\t\t\t\t\t<div class=\"e-con-inner\">\n\t\t\t\t<div class=\"elementor-element elementor-element-def30c4 syd-sticky-section-no elementor-widget elementor-widget-text-editor\" data-id=\"def30c4\" data-element_type=\"widget\" data-widget_type=\"text-editor.default\">\n\t\t\t\t<div class=\"elementor-widget-container\">\n\t\t\t\t\t\t\t\t\t<p><span style=\"font-weight: 600;\">Rinoplasti Neden Yap\u0131l\u0131r<\/span>?<\/p><p><b>Rinoplasti<\/b>, yani burun esteti\u011fi operasyonu, hem estetik hem de fonksiyonel nedenlerle tercih edilen bir prosed\u00fcrd\u00fcr. Bu operasyonun ger\u00e7ekle\u015ftirilme sebepleri \u00e7e\u015fitlilik g\u00f6stermektedir. \u0130\u015fte en yayg\u0131n nedenler:&#8221;<\/p><ul><li>Yaralanmalar s\u0131ras\u0131nda olu\u015fan deformasyonlar\u0131n d\u00fczeltilmesi,<\/li><li>\u015eekilden kaynaklanan solunum g\u00fc\u00e7l\u00fcklerinin giderilmesi,<\/li><li>Do\u011fu\u015ftan gelen veya sonradan olu\u015fan burun kusurlar\u0131n\u0131n d\u00fczeltilmesi,<\/li><li>Daha rahat nefes alabilmek,<\/li><\/ul><ul><li>Estetik a\u00e7\u0131dan daha ho\u015f bir g\u00f6r\u00fcn\u00fcm elde etmek<\/li><\/ul><p><b>Rinoplasti <\/b>operasyonlar\u0131, bu ve benzeri nedenlerle ki\u015finin ya\u015fam kalitesini art\u0131rmak ve burun b\u00f6lgesinin fonksiyonel ve estetik a\u00e7\u0131dan iyile\u015ftirilmesi amac\u0131yla uygulanmaktad\u0131r. Bu s\u00fcre\u00e7, ki\u015finin \u00f6zel ihtiya\u00e7 ve beklentilerine g\u00f6re \u015fekillendirilir.<\/p><p><strong>Rinoplasti Nas\u0131l Yap\u0131l\u0131r?<\/strong><\/p><p><strong>Rinoplasti<\/strong>, burundaki k\u0131k\u0131rdak, kemik ve deri tabakas\u0131n\u0131 de\u011fi\u015ftirme i\u015flemidir. Ameliyat planlanmadan \u00f6nce cerrah ki\u015finin y\u00fcz\u00fcn\u00fc inceler. Burundaki cildi, y\u00fcz\u00fcn yap\u0131s\u0131n\u0131 ve bireyin tercihlerini de\u011ferlendirir. Ki\u015fiye \u00f6zel bir plan ve \u015fekil belirlenir.<\/p><p><strong>Rinoplasti<\/strong> ameliyat\u0131 iki \u015fekilde yap\u0131l\u0131r. A\u00e7\u0131k ve kapal\u0131 olarak yap\u0131l\u0131r.<\/p><p>Kapal\u0131da cerrah burnun i\u00e7inden \u00e7al\u0131\u015f\u0131r. A\u00e7\u0131kta ise burnun ucunu 3 cm kadar kesip a\u00e7ar ve burnun ucundan \u00e7al\u0131\u015f\u0131r. Hangisinin tercih edilmesi konusu cerrah ve hastan\u0131n se\u00e7imidir.<\/p><p>Burnun ucundaki k\u0131k\u0131rdak, cilt kal\u0131nl\u0131\u011f\u0131, <b>rinoplasti<\/b>nin solunuma etkileri belirlenir.<\/p><p>G\u00fcn\u00fcm\u00fczde geli\u015fen teknoloji ile hastan\u0131n burnunun foto\u011fraf\u0131 \u00e7ekilir. Bilgisayar program\u0131 yard\u0131m\u0131yla <b>rinoplasti<\/b> sonras\u0131 burnun sonucu incelenir. \u00d6rne\u011fin ki\u015finin k\u00fc\u00e7\u00fck bir \u00e7enesi varsa hekim \u00e7ene b\u00fcy\u00fctme konusunu da hastayla g\u00f6r\u00fc\u015f\u00fcr. Burun ameliyat\u0131 sonras\u0131nda hasta genellikle ayn\u0131 g\u00fcn hastaneden taburcu edilir.<\/p><p>T\u00fcm cerrahi operasyonlarda oldu\u011fu \u00fczere rinoplastide de kanama, enfeksiyon, anesteziye duyarl\u0131l\u0131k riskleri d\u00fc\u015f\u00fck de olsa hep vard\u0131r.<\/p><p>Bazende operasyona \u00f6zg\u00fc;<\/p><ul><li>Nefes almada zorluk<\/li><li>Burun t\u0131kan\u0131kl\u0131\u011f\u0131<\/li><li>\u015ei\u015flik<\/li><li>E\u015fit g\u00f6r\u00fcn\u00fcml\u00fc olmayan burun yap\u0131s\u0131<\/li><li>Renk de\u011fi\u015fimi veya morluk<\/li><li>Burun ve \u00e7evresinde uyu\u015fma<\/li><\/ul><ul><li>Septum perforasyonu<\/li><\/ul><p>Bu gibi durumlarda belirtinin derecesine g\u00f6re tekrar m\u00fcdahale gerekebilir.<\/p><p><strong>Rinoplasti<\/strong> ameliyatlar\u0131 kapal\u0131 bir kutu gibidir.. Burundaki k\u0131k\u0131rdak ve kemik birbirinden ba\u011f\u0131ms\u0131z ve farkl\u0131 s\u00fcrelerde iyile\u015fir. Cerrah burnun bir taraf\u0131ndan tamam\u0131n\u0131 kesip bazen ekleyip \u015fekillendirir.<\/p><p><strong>Rinoplasti Sonras\u0131 Neler Olur?<\/strong><\/p><ul><li>Sigara i\u00e7iliyorsa b\u0131rakmak ya da ara vermek gerekir. Sigara i\u00e7mek, ameliyat sonras\u0131 iyile\u015fme s\u00fcrecini uzat\u0131r ve enfeksiyon kapma olas\u0131l\u0131\u011f\u0131n\u0131 artt\u0131r\u0131r.<\/li><li><strong>Rinoplasti<\/strong> ameliyat\u0131 sonras\u0131, i\u00e7 pansumanlar ortalama bir hafta kadar kal\u0131r. Destek ve koruma i\u00e7in cerrah bazen buruna bir atel de takabilir.<\/li><\/ul><div>\u00a0<\/div><div><p><strong>Rinoplasti Fiyatlar\u0131<\/strong><\/p><\/div><div><span style=\"color: #374151; font-family: S\u00f6hne, ui-sans-serif, system-ui, -apple-system, 'Segoe UI', Roboto, Ubuntu, Cantarell, 'Noto Sans', sans-serif, 'Helvetica Neue', Arial, 'Apple Color Emoji', 'Segoe UI Emoji', 'Segoe UI Symbol', 'Noto Color Emoji'; white-space-collapse: preserve;\">Rinoplasti, yani burun esteti\u011fi operasyonlar\u0131n\u0131n fiyatlar\u0131, \u00e7e\u015fitli fakt\u00f6rlere ba\u011fl\u0131 olarak de\u011fi\u015fiklik g\u00f6stermektedir. Bu fakt\u00f6rler aras\u0131nda doktorun deneyimi, tercih edilen hastanenin standartlar\u0131, operasyonda kullan\u0131lan ekipman ve malzemelerin kalitesi gibi unsurlar yer almaktad\u0131r. Bu nedenle, rinoplasti fiyatlar\u0131 ki\u015fiye \u00f6zel olarak belirlenmektedir.<\/span><span style=\"text-align: var(--text-align);\">\u00a0<\/span><\/div><p>Unutmay\u0131n her hasta benzersizdir. Size \u00f6zel tedavi plan\u0131n\u0131z ve teklifiniz i\u00e7in uzmanlar\u0131m\u0131za ula\u015f\u0131n\u0131z.<\/p>\t\t\t\t\t\t\t\t<\/div>\n\t\t\t\t<\/div>\n\t\t\t\t\t<\/div>\n\t\t\t\t<\/div>\n\t\t\t\t<section class=\"elementor-section elementor-top-section elementor-element elementor-element-cfed380 elementor-section-content-middle elementor-section-boxed elementor-section-height-default elementor-section-height-default tp-parallax-no syd-sticky-section-no\" data-id=\"cfed380\" data-element_type=\"section\" data-settings=\"{&quot;background_background&quot;:&quot;classic&quot;,&quot;tp_sticky_sec_effect_enable&quot;:false}\">\n\t\t\t\t\t\t<div class=\"elementor-container elementor-column-gap-default\">\n\t\t\t\t\t<div data-aos=\"\" class=\"elementor-column elementor-col-50 elementor-top-column elementor-element elementor-element-d8fac92 syd-sticky-section-no\" data-id=\"d8fac92\" data-element_type=\"column\" data-settings=\"{&quot;tp_sticky_col_effect_enable&quot;:false}\">\n\t\t\t<div class=\"elementor-widget-wrap elementor-element-populated\">\n\t\t\t\t\t\t<div class=\"elementor-element elementor-element-ea4173f syd-sticky-section-no elementor-widget elementor-widget-heading\" data-id=\"ea4173f\" data-element_type=\"widget\" data-widget_type=\"heading.default\">\n\t\t\t\t<div class=\"elementor-widget-container\">\n\t\t\t\t\t<h2 class=\"elementor-heading-title elementor-size-default\">Sorular\u0131n\u0131z m\u0131 var?<\/h2>\t\t\t\t<\/div>\n\t\t\t\t<\/div>\n\t\t\t\t\t<\/div>\n\t\t<\/div>\n\t\t\t\t<div data-aos=\"\" class=\"elementor-column elementor-col-50 elementor-top-column elementor-element elementor-element-7aa5769 syd-sticky-section-no\" data-id=\"7aa5769\" data-element_type=\"column\" data-settings=\"{&quot;tp_sticky_col_effect_enable&quot;:false}\">\n\t\t\t<div class=\"elementor-widget-wrap elementor-element-populated\">\n\t\t\t\t\t\t<div class=\"elementor-element elementor-element-9c6e3e1 elementor-align-right elementor-mobile-align-center syd-sticky-section-no elementor-widget elementor-widget-button\" data-id=\"9c6e3e1\" data-element_type=\"widget\" data-widget_type=\"button.default\">\n\t\t\t\t<div class=\"elementor-widget-container\">\n\t\t\t\t\t\t\t\t\t<div class=\"elementor-button-wrapper\">\n\t\t\t\t\t<a class=\"elementor-button elementor-button-link elementor-size-sm\" href=\"https:\/\/healthagentsturkey.com\/iletisim\/\">\n\t\t\t\t\t\t<span class=\"elementor-button-content-wrapper\">\n\t\t\t\t\t\t\t\t\t<span class=\"elementor-button-text\">Bize Ula\u015f\u0131n<\/span>\n\t\t\t\t\t<\/span>\n\t\t\t\t\t<\/a>\n\t\t\t\t<\/div>\n\t\t\t\t\t\t\t\t<\/div>\n\t\t\t\t<\/div>\n\t\t\t\t\t<\/div>\n\t\t<\/div>\n\t\t\t\t\t<\/div>\n\t\t<\/section>\n\t\t\t\t<\/div>\n\t\t","protected":false},"excerpt":{"rendered":"<p>Burun Esteti\u011fi Rh\u0131noplasty Rinoplasti Nedir? Rinoplasti, burnu yeniden yap\u0131land\u0131rma, yeniden \u015fekil verme i\u015flemidir. Burnu estetik ve fonksiyonel olarak daha iyi hale getirmek [&hellip;]<\/p>\n","protected":false},"author":1,"featured_media":0,"parent":934,"menu_order":0,"comment_status":"closed","ping_status":"closed","template":"elementor_header_footer","meta":{"_eb_attr":"","footnotes":""},"class_list":["post-3165","page","type-page","status-publish","hentry"],"_links":{"self":[{"href":"http:\/\/healthagentsturkey.com\/tr\/wp-json\/wp\/v2\/pages\/3165","targetHints":{"allow":["GET"]}}],"collection":[{"href":"http:\/\/healthagentsturkey.com\/tr\/wp-json\/wp\/v2\/pages"}],"about":[{"href":"http:\/\/healthagentsturkey.com\/tr\/wp-json\/wp\/v2\/types\/page"}],"author":[{"embeddable":true,"href":"http:\/\/healthagentsturkey.com\/tr\/wp-json\/wp\/v2\/users\/1"}],"replies":[{"embeddable":true,"href":"http:\/\/healthagentsturkey.com\/tr\/wp-json\/wp\/v2\/comments?post=3165"}],"version-history":[{"count":1,"href":"http:\/\/healthagentsturkey.com\/tr\/wp-json\/wp\/v2\/pages\/3165\/revisions"}],"predecessor-version":[{"id":4789,"href":"http:\/\/healthagentsturkey.com\/tr\/wp-json\/wp\/v2\/pages\/3165\/revisions\/4789"}],"up":[{"embeddable":true,"href":"http:\/\/healthagentsturkey.com\/tr\/wp-json\/wp\/v2\/pages\/934"}],"wp:attachment":[{"href":"http:\/\/healthagentsturkey.com\/tr\/wp-json\/wp\/v2\/media?parent=3165"}],"curies":[{"name":"wp","href":"https:\/\/api.w.org\/{rel}","templated":true}]}}