{"id":2956,"date":"2023-12-02T19:01:14","date_gmt":"2023-12-02T16:01:14","guid":{"rendered":"https:\/\/healthagentsturkey.com\/?page_id=2956"},"modified":"2026-02-25T10:31:57","modified_gmt":"2026-02-25T07:31:57","slug":"genital-estetik","status":"publish","type":"page","link":"http:\/\/healthagentsturkey.com\/tr\/tedavi\/uroloji\/genital-estetik\/","title":{"rendered":"Genital Estetik"},"content":{"rendered":"\t\t<div data-elementor-type=\"wp-page\" data-elementor-id=\"2956\" class=\"elementor elementor-2956\" data-elementor-post-type=\"page\">\n\t\t\t\t\t\t<section class=\"elementor-section elementor-top-section elementor-element elementor-element-eedafb9 elementor-section-content-middle elementor-section-boxed elementor-section-height-default elementor-section-height-default tp-parallax-no syd-sticky-section-no\" data-id=\"eedafb9\" data-element_type=\"section\" data-settings=\"{&quot;tp_sticky_sec_effect_enable&quot;:false}\">\n\t\t\t\t\t\t<div class=\"elementor-container elementor-column-gap-default\">\n\t\t\t\t\t<div data-aos=\"\" class=\"elementor-column elementor-col-50 elementor-top-column elementor-element elementor-element-571508b syd-sticky-section-no\" data-id=\"571508b\" data-element_type=\"column\" data-settings=\"{&quot;tp_sticky_col_effect_enable&quot;:false}\">\n\t\t\t<div class=\"elementor-widget-wrap elementor-element-populated\">\n\t\t\t\t\t\t<div class=\"elementor-element elementor-element-2fc2cb6 syd-sticky-section-no elementor-widget elementor-widget-heading\" data-id=\"2fc2cb6\" data-element_type=\"widget\" data-widget_type=\"heading.default\">\n\t\t\t\t<div class=\"elementor-widget-container\">\n\t\t\t\t\t<h2 class=\"elementor-heading-title elementor-size-default\">Genital Estetik<\/h2>\t\t\t\t<\/div>\n\t\t\t\t<\/div>\n\t\t\t\t<div class=\"elementor-element elementor-element-cc5cdb2 syd-sticky-section-no elementor-widget elementor-widget-heading\" data-id=\"cc5cdb2\" data-element_type=\"widget\" data-widget_type=\"heading.default\">\n\t\t\t\t<div class=\"elementor-widget-container\">\n\t\t\t\t\t<h6 class=\"elementor-heading-title elementor-size-default\">#<\/h6>\t\t\t\t<\/div>\n\t\t\t\t<\/div>\n\t\t\t\t<div class=\"elementor-element elementor-element-1cf0f1c syd-sticky-section-no elementor-widget elementor-widget-text-editor\" data-id=\"1cf0f1c\" data-element_type=\"widget\" data-widget_type=\"text-editor.default\">\n\t\t\t\t<div class=\"elementor-widget-container\">\n\t\t\t\t\t\t\t\t\t<p>Cinsel estetik konusundaki uzmanl\u0131k alan\u0131m\u0131z, hastalar\u0131m\u0131za kendilerini daha iyi hissetmeleri ve \u00f6zg\u00fcvenlerini yeniden kazanmalar\u0131 i\u00e7in geni\u015f bir yelpazede hizmet sunmaktad\u0131r. Genital estetik uygulamalar\u0131m\u0131z, modern cerrahi teknikler ve g\u00fcvenilir estetik prosed\u00fcrlerle desteklenmektedir. Uzman ekibimiz, ki\u015fisel ihtiya\u00e7lar\u0131n\u0131za odaklanarak, sa\u011fl\u0131kl\u0131 ve tatmin edici bir cinsel ya\u015fam i\u00e7in size \u00f6zel \u00e7\u00f6z\u00fcmler sunmay\u0131 ama\u00e7lamaktad\u0131r.<\/p>\t\t\t\t\t\t\t\t<\/div>\n\t\t\t\t<\/div>\n\t\t\t\t\t<\/div>\n\t\t<\/div>\n\t\t\t\t<div data-aos=\"\" class=\"elementor-column elementor-col-50 elementor-top-column elementor-element elementor-element-bc4d4c0 syd-sticky-section-no\" data-id=\"bc4d4c0\" data-element_type=\"column\" data-settings=\"{&quot;tp_sticky_col_effect_enable&quot;:false}\">\n\t\t\t<div class=\"elementor-widget-wrap elementor-element-populated\">\n\t\t\t\t\t\t<div class=\"elementor-element elementor-element-48dd569 syd-sticky-section-no elementor-widget elementor-widget-image\" data-id=\"48dd569\" data-element_type=\"widget\" data-widget_type=\"image.default\">\n\t\t\t\t<div class=\"elementor-widget-container\">\n\t\t\t\t\t\t\t\t\t<\/div>\n\t\t\t\t<\/div>\n\t\t\t\t\t<\/div>\n\t\t<\/div>\n\t\t\t\t\t<\/div>\n\t\t<\/section>\n\t\t\t\t<\/div>\n\t\t","protected":false},"excerpt":{"rendered":"<p>Genital Estetik # Cinsel estetik konusundaki uzmanl\u0131k alan\u0131m\u0131z, hastalar\u0131m\u0131za kendilerini daha iyi hissetmeleri ve \u00f6zg\u00fcvenlerini yeniden kazanmalar\u0131 i\u00e7in geni\u015f bir yelpazede hizmet [&hellip;]<\/p>\n","protected":false},"author":1,"featured_media":0,"parent":932,"menu_order":0,"comment_status":"closed","ping_status":"closed","template":"elementor_header_footer","meta":{"_eb_attr":"","footnotes":""},"class_list":["post-2956","page","type-page","status-publish","hentry"],"_links":{"self":[{"href":"http:\/\/healthagentsturkey.com\/tr\/wp-json\/wp\/v2\/pages\/2956","targetHints":{"allow":["GET"]}}],"collection":[{"href":"http:\/\/healthagentsturkey.com\/tr\/wp-json\/wp\/v2\/pages"}],"about":[{"href":"http:\/\/healthagentsturkey.com\/tr\/wp-json\/wp\/v2\/types\/page"}],"author":[{"embeddable":true,"href":"http:\/\/healthagentsturkey.com\/tr\/wp-json\/wp\/v2\/users\/1"}],"replies":[{"embeddable":true,"href":"http:\/\/healthagentsturkey.com\/tr\/wp-json\/wp\/v2\/comments?post=2956"}],"version-history":[{"count":1,"href":"http:\/\/healthagentsturkey.com\/tr\/wp-json\/wp\/v2\/pages\/2956\/revisions"}],"predecessor-version":[{"id":4810,"href":"http:\/\/healthagentsturkey.com\/tr\/wp-json\/wp\/v2\/pages\/2956\/revisions\/4810"}],"up":[{"embeddable":true,"href":"http:\/\/healthagentsturkey.com\/tr\/wp-json\/wp\/v2\/pages\/932"}],"wp:attachment":[{"href":"http:\/\/healthagentsturkey.com\/tr\/wp-json\/wp\/v2\/media?parent=2956"}],"curies":[{"name":"wp","href":"https:\/\/api.w.org\/{rel}","templated":true}]}}