{"id":2910,"date":"2023-12-02T16:51:35","date_gmt":"2023-12-02T13:51:35","guid":{"rendered":"https:\/\/healthagentsturkey.com\/?page_id=2910"},"modified":"2026-02-25T10:31:57","modified_gmt":"2026-02-25T07:31:57","slug":"diz-cerrahisi","status":"publish","type":"page","link":"http:\/\/healthagentsturkey.com\/tr\/tedavi\/ortopedi\/diz-cerrahisi\/","title":{"rendered":"Diz Cerrahisi"},"content":{"rendered":"\t\t<div data-elementor-type=\"wp-page\" data-elementor-id=\"2910\" class=\"elementor elementor-2910\" data-elementor-post-type=\"page\">\n\t\t\t\t\t\t<section class=\"elementor-section elementor-top-section elementor-element elementor-element-eedafb9 elementor-section-content-middle elementor-section-boxed elementor-section-height-default elementor-section-height-default tp-parallax-no syd-sticky-section-no\" data-id=\"eedafb9\" data-element_type=\"section\" data-settings=\"{&quot;tp_sticky_sec_effect_enable&quot;:false}\">\n\t\t\t\t\t\t<div class=\"elementor-container elementor-column-gap-default\">\n\t\t\t\t\t<div data-aos=\"\" class=\"elementor-column elementor-col-50 elementor-top-column elementor-element elementor-element-571508b syd-sticky-section-no\" data-id=\"571508b\" data-element_type=\"column\" data-settings=\"{&quot;tp_sticky_col_effect_enable&quot;:false}\">\n\t\t\t<div class=\"elementor-widget-wrap elementor-element-populated\">\n\t\t\t\t\t\t<div class=\"elementor-element elementor-element-2fc2cb6 syd-sticky-section-no elementor-widget elementor-widget-heading\" data-id=\"2fc2cb6\" data-element_type=\"widget\" data-widget_type=\"heading.default\">\n\t\t\t\t<div class=\"elementor-widget-container\">\n\t\t\t\t\t<h2 class=\"elementor-heading-title elementor-size-default\">Diz Cerrahisi<\/h2>\t\t\t\t<\/div>\n\t\t\t\t<\/div>\n\t\t\t\t<div class=\"elementor-element elementor-element-cc5cdb2 syd-sticky-section-no elementor-widget elementor-widget-heading\" data-id=\"cc5cdb2\" data-element_type=\"widget\" data-widget_type=\"heading.default\">\n\t\t\t\t<div class=\"elementor-widget-container\">\n\t\t\t\t\t<h6 class=\"elementor-heading-title elementor-size-default\">HealthAgents ile YEN\u0130DEN HAREKETE GE\u00c7\u0130N<\/h6>\t\t\t\t<\/div>\n\t\t\t\t<\/div>\n\t\t\t\t<div class=\"elementor-element elementor-element-1cf0f1c syd-sticky-section-no elementor-widget elementor-widget-text-editor\" data-id=\"1cf0f1c\" data-element_type=\"widget\" data-widget_type=\"text-editor.default\">\n\t\t\t\t<div class=\"elementor-widget-container\">\n\t\t\t\t\t\t\t\t\t<p>Sa\u011fl\u0131k turizmiyle ilgili uzmanl\u0131\u011f\u0131m\u0131z, d\u00fcnyan\u0131n d\u00f6rt bir yan\u0131ndan gelen hastalar\u0131m\u0131za en iyi ortopedik hizmetleri sunmay\u0131 ama\u00e7lamaktad\u0131r. Diz cerrahisi, hareket \u00f6zg\u00fcrl\u00fc\u011f\u00fcn\u00fc engelleyen bir dizi soruna etkili bir \u00e7\u00f6z\u00fcm sunabilir. Uzman ekibimiz, son teknoloji cerrahi y\u00f6ntemleri ve ki\u015fiye \u00f6zel tedavi planlar\u0131 ile hastalar\u0131m\u0131z\u0131n sa\u011fl\u0131kl\u0131 ve aktif bir ya\u015fama geri d\u00f6nmesine yard\u0131mc\u0131 olmaktad\u0131r.<\/p><p>Diz cerrahisindeki geli\u015fmeler, daha h\u0131zl\u0131 iyile\u015fme s\u00fcre\u00e7leri ve minimal invaziv yakla\u015f\u0131mlar sunarak hastalar\u0131n rahatlamas\u0131na olanak tan\u0131maktad\u0131r. Size \u00f6zel bir tedavi plan\u0131 olu\u015fturarak, uzman cerrahlar\u0131m\u0131z\u0131n deneyimleriyle desteklenen bu yenilik\u00e7i yakla\u015f\u0131mlar sayesinde, diz sa\u011fl\u0131\u011f\u0131n\u0131z\u0131 en \u00fcst d\u00fczeye \u00e7\u0131karmay\u0131 hedefliyoruz.<\/p>\t\t\t\t\t\t\t\t<\/div>\n\t\t\t\t<\/div>\n\t\t\t\t\t<\/div>\n\t\t<\/div>\n\t\t\t\t<div data-aos=\"\" class=\"elementor-column elementor-col-50 elementor-top-column elementor-element elementor-element-bc4d4c0 syd-sticky-section-no\" data-id=\"bc4d4c0\" data-element_type=\"column\" data-settings=\"{&quot;tp_sticky_col_effect_enable&quot;:false}\">\n\t\t\t<div class=\"elementor-widget-wrap elementor-element-populated\">\n\t\t\t\t\t\t<div class=\"elementor-element elementor-element-48dd569 syd-sticky-section-no elementor-widget elementor-widget-image\" data-id=\"48dd569\" data-element_type=\"widget\" data-widget_type=\"image.default\">\n\t\t\t\t<div class=\"elementor-widget-container\">\n\t\t\t\t\t\t\t\t\t<\/div>\n\t\t\t\t<\/div>\n\t\t\t\t\t<\/div>\n\t\t<\/div>\n\t\t\t\t\t<\/div>\n\t\t<\/section>\n\t\t\t\t<\/div>\n\t\t","protected":false},"excerpt":{"rendered":"<p>Diz Cerrahisi HealthAgents ile YEN\u0130DEN HAREKETE GE\u00c7\u0130N Sa\u011fl\u0131k turizmiyle ilgili uzmanl\u0131\u011f\u0131m\u0131z, d\u00fcnyan\u0131n d\u00f6rt bir yan\u0131ndan gelen hastalar\u0131m\u0131za en iyi ortopedik hizmetleri sunmay\u0131 [&hellip;]<\/p>\n","protected":false},"author":1,"featured_media":0,"parent":933,"menu_order":0,"comment_status":"closed","ping_status":"closed","template":"elementor_header_footer","meta":{"_eb_attr":"","footnotes":""},"class_list":["post-2910","page","type-page","status-publish","hentry"],"_links":{"self":[{"href":"http:\/\/healthagentsturkey.com\/tr\/wp-json\/wp\/v2\/pages\/2910","targetHints":{"allow":["GET"]}}],"collection":[{"href":"http:\/\/healthagentsturkey.com\/tr\/wp-json\/wp\/v2\/pages"}],"about":[{"href":"http:\/\/healthagentsturkey.com\/tr\/wp-json\/wp\/v2\/types\/page"}],"author":[{"embeddable":true,"href":"http:\/\/healthagentsturkey.com\/tr\/wp-json\/wp\/v2\/users\/1"}],"replies":[{"embeddable":true,"href":"http:\/\/healthagentsturkey.com\/tr\/wp-json\/wp\/v2\/comments?post=2910"}],"version-history":[{"count":1,"href":"http:\/\/healthagentsturkey.com\/tr\/wp-json\/wp\/v2\/pages\/2910\/revisions"}],"predecessor-version":[{"id":4797,"href":"http:\/\/healthagentsturkey.com\/tr\/wp-json\/wp\/v2\/pages\/2910\/revisions\/4797"}],"up":[{"embeddable":true,"href":"http:\/\/healthagentsturkey.com\/tr\/wp-json\/wp\/v2\/pages\/933"}],"wp:attachment":[{"href":"http:\/\/healthagentsturkey.com\/tr\/wp-json\/wp\/v2\/media?parent=2910"}],"curies":[{"name":"wp","href":"https:\/\/api.w.org\/{rel}","templated":true}]}}