{"id":1911,"date":"2023-11-21T00:34:51","date_gmt":"2023-11-21T00:34:51","guid":{"rendered":"https:\/\/healthagentsturkey.com\/?page_id=1911"},"modified":"2026-02-25T10:31:56","modified_gmt":"2026-02-25T07:31:56","slug":"meme-implanti","status":"publish","type":"page","link":"http:\/\/healthagentsturkey.com\/tr\/tedavi\/estetik\/meme-implanti\/","title":{"rendered":"Meme \u0130mplant\u0131"},"content":{"rendered":"\t\t<div data-elementor-type=\"wp-page\" data-elementor-id=\"1911\" class=\"elementor elementor-1911\" data-elementor-post-type=\"page\">\n\t\t\t\t\t\t<section class=\"elementor-section elementor-top-section elementor-element elementor-element-eedafb9 elementor-section-content-middle elementor-section-boxed elementor-section-height-default elementor-section-height-default tp-parallax-no syd-sticky-section-no\" data-id=\"eedafb9\" data-element_type=\"section\" data-settings=\"{&quot;tp_sticky_sec_effect_enable&quot;:false}\">\n\t\t\t\t\t\t<div class=\"elementor-container elementor-column-gap-default\">\n\t\t\t\t\t<div data-aos=\"\" class=\"elementor-column elementor-col-50 elementor-top-column elementor-element elementor-element-571508b syd-sticky-section-no\" data-id=\"571508b\" data-element_type=\"column\" data-settings=\"{&quot;tp_sticky_col_effect_enable&quot;:false}\">\n\t\t\t<div class=\"elementor-widget-wrap elementor-element-populated\">\n\t\t\t\t\t\t<div class=\"elementor-element elementor-element-2fc2cb6 syd-sticky-section-no elementor-widget elementor-widget-heading\" data-id=\"2fc2cb6\" data-element_type=\"widget\" data-widget_type=\"heading.default\">\n\t\t\t\t<div class=\"elementor-widget-container\">\n\t\t\t\t\t<h2 class=\"elementor-heading-title elementor-size-default\">Meme \u0130mplant\u0131 \u0130\u015flemi Nedir?<\/h2>\t\t\t\t<\/div>\n\t\t\t\t<\/div>\n\t\t\t\t<div class=\"elementor-element elementor-element-1cf0f1c elementor-widget__width-initial syd-sticky-section-no elementor-widget elementor-widget-text-editor\" data-id=\"1cf0f1c\" data-element_type=\"widget\" data-widget_type=\"text-editor.default\">\n\t\t\t\t<div class=\"elementor-widget-container\">\n\t\t\t\t\t\t\t\t\t<p><b>Meme implant\u0131<\/b>\u00a0i\u015flemi,\u00a0<a href=\"https:\/\/tr.wikipedia.org\/wiki\/Meme\">meme<\/a>lerin boyutunu ve \u015feklini art\u0131rmak i\u00e7in yap\u0131lan bir estetik ameliyatt\u0131r. \u0130\u015flem s\u0131ras\u0131nda bir cerrahi uzman, silikon ya da salin doldurulmu\u015f bir\u00a0<a href=\"https:\/\/tr.wikipedia.org\/wiki\/%C4%B0mplant\">implant<\/a>\u0131; kas alt\u0131(pektoral kas denilen g\u00f6\u011f\u00fcs kas\u0131), kas \u00fcst\u00fc ya da dual plan dedi\u011fimiz yar\u0131 kas alt\u0131 yar\u0131 kas \u00fcst\u00fc k\u0131s\u0131mlar\u0131na yerle\u015ftirilebilir. B\u00f6ylece meme implant\u0131 ile memeler b\u00fcy\u00fct\u00fcl\u00fcr ve \u015fekillendirilir.<\/p><p><b>Meme implant\u0131 i\u015flemi nas\u0131l yap\u0131l\u0131r?<\/b><\/p><p>Meme implant\u0131 i\u015flemi genellikle anestezi alt\u0131nda yap\u0131l\u0131yor ve a\u015fa\u011f\u0131daki ad\u0131mlar\u0131 i\u00e7erebiliyor:<\/p>\t\t\t\t\t\t\t\t<\/div>\n\t\t\t\t<\/div>\n\t\t\t\t\t<\/div>\n\t\t<\/div>\n\t\t\t\t<div data-aos=\"\" class=\"elementor-column elementor-col-50 elementor-top-column elementor-element elementor-element-bc4d4c0 syd-sticky-section-no\" data-id=\"bc4d4c0\" data-element_type=\"column\" data-settings=\"{&quot;tp_sticky_col_effect_enable&quot;:false}\">\n\t\t\t<div class=\"elementor-widget-wrap elementor-element-populated\">\n\t\t\t\t\t\t<div class=\"elementor-element elementor-element-48dd569 syd-sticky-section-no elementor-widget elementor-widget-image\" data-id=\"48dd569\" data-element_type=\"widget\" data-widget_type=\"image.default\">\n\t\t\t\t<div class=\"elementor-widget-container\">\n\t\t\t\t\t\t\t\t\t<\/div>\n\t\t\t\t<\/div>\n\t\t\t\t\t<\/div>\n\t\t<\/div>\n\t\t\t\t\t<\/div>\n\t\t<\/section>\n\t\t<div class=\"elementor-element elementor-element-99fe56d e-flex e-con-boxed syd-sticky-section-no e-con e-parent\" data-id=\"99fe56d\" data-element_type=\"container\">\n\t\t\t\t\t<div class=\"e-con-inner\">\n\t\t\t\t<div class=\"elementor-element elementor-element-def30c4 syd-sticky-section-no elementor-widget elementor-widget-text-editor\" data-id=\"def30c4\" data-element_type=\"widget\" data-widget_type=\"text-editor.default\">\n\t\t\t\t<div class=\"elementor-widget-container\">\n\t\t\t\t\t\t\t\t\t<ul><li aria-level=\"1\"><b><i>Kesi:<\/i><\/b>\u00a0Cerrahi uzman, gizli veya belirgin olmayan bir kesi yapar ve\u00a0<a href=\"https:\/\/tr.wikipedia.org\/wiki\/%C4%B0mplant\">implant<\/a>\u0131n yerle\u015ftirilece\u011fi b\u00f6lgeyi belirler.<\/li><li aria-level=\"1\"><b><i>\u0130mplant yerle\u015ftirme<\/i><\/b>: \u0130\u015flem s\u0131ras\u0131nda, cerrahi uzman, silikon ya da salin doldurulmu\u015f bir\u00a0<a href=\"https:\/\/tr.wikipedia.org\/wiki\/%C4%B0mplant\">implant<\/a>\u0131 belirlenen b\u00f6lgeye yerle\u015ftirir.<\/li><li aria-level=\"1\"><b><i>\u0130mplant\u0131n pozisyonland\u0131r\u0131lmas\u0131<\/i><\/b>: Cerahi uzman, implant\u0131n do\u011fru pozisyonda kalmas\u0131n\u0131 sa\u011flar ve implant\u0131 meme dokusunun \u00fczerine yerle\u015ftirir.<\/li><li aria-level=\"1\"><b><i>Kesi kapatma<\/i><\/b>: \u0130\u015flem tamamland\u0131ktan sonra, cerrahi uzman kesiyi kapat\u0131r; bantlar ya da bandajlar ile gerekli prosed\u00fcrleri tamamlar.<\/li><\/ul><p><b>Meme implant\u0131 i\u015fleminin avantajlar\u0131 nelerdir?<\/b><\/p><ul><li aria-level=\"1\"><b><i>Meme boyutunu art\u0131rma<\/i><\/b>: \u0130\u015flem, hastalar\u0131n istedikleri meme boyutuna sahip olmas\u0131na yard\u0131mc\u0131 olur.<\/li><li aria-level=\"1\"><b><i>Meme \u015feklini koruma<\/i><\/b>: Memeler bu sayede d\u00fczg\u00fcn ve istenen \u015fekle sahip olabilir.<\/li><li aria-level=\"1\"><b><i>Kendine g\u00fcven kazanma<\/i><\/b>: Hastalar, kendilerine daha fazla g\u00fcven duyabilir ve daha pozitif bir tutum kazanabilir.<\/li><li aria-level=\"1\"><b><i>Uyumlu g\u00f6r\u00fcn\u00fcm<\/i><\/b>: Hastan\u0131n v\u00fccut tipine ve \u015fekline uygun olarak yap\u0131lan\u00a0<i>meme implant\u0131<\/i>\u00a0ile istenen uyumlu g\u00f6r\u00fcn\u00fcm elde edilebilir.<\/li><\/ul><p><b><br \/>Meme implant\u0131 i\u015fleminin dezavantajlar\u0131 nelerdir?<\/b><\/p><ul><li aria-level=\"1\">A\u011fr\u0131 ve \u015fi\u015flik<\/li><li aria-level=\"1\">Kesi izi<\/li><li aria-level=\"1\">\u0130mplant\u0131n yerinden kaymas\u0131<\/li><li aria-level=\"1\">\u0130mplant\u0131n bozulmas\u0131<\/li><li aria-level=\"1\">\u0130mplant\u0131n yan etkileri<\/li><li aria-level=\"1\"><a href=\"https:\/\/tr.wikipedia.org\/wiki\/Enfeksiyon_hastal%C4%B1klar%C4%B1#:~:text=Enfeksiyon%20hastal%C4%B1klar%C4%B1%2C%20bula%C5%9F%C4%B1c%C4%B1%20hastal%C4%B1klar%20ve,d%C4%B1%C5%9F%C4%B1nda%20geli%C5%9Fen%20salg%C4%B1nlarla%20m%C3%BCcadele%20eder.\">Enfeksiyon hastal\u0131klar\u0131<\/a>\u00a0riski<\/li><\/ul><p><b>Meme implant\u0131 i\u015flemi i\u00e7in nereye gidebilirim?<\/b><\/p><p>Sa\u011fl\u0131k sekt\u00f6r\u00fcnde \u00f6nceli\u011fimiz her zaman hasta memnuniyeti ve sa\u011fl\u0131\u011f\u0131 olmu\u015ftur.\u00a0<b>Health Agents<\/b>; modern teknoloji ve en son t\u0131bbi yeniliklerle donat\u0131lm\u0131\u015f bir ortamda, alan\u0131nda uzman doktorlar taraf\u0131ndan hizmet veriyor. Size en iyi hizmeti sunmak i\u00e7in her zaman yan\u0131n\u0131zday\u0131z ve ger\u00e7ekle\u015ftirdi\u011fimiz cerrahi i\u015flemlerde elde etti\u011fimiz ba\u015far\u0131larla gurur duyuyoruz. Bu nedenle\u00a0<b>Health Agents<\/b>\u00a0b\u00fcnyesindeki doktorlar\u0131m\u0131z, uzmanl\u0131klar\u0131 ve deneyimleri sayesinde t\u00fcm t\u0131bbi i\u015flemlerde oldu\u011fu gibi\u00a0<b><i>meme implant\u0131<\/i><\/b>\u00a0i\u015flemi i\u00e7in de s\u0131kl\u0131kla tercih ediliyor. Siz de g\u00fcvenle bizi tercih edebilirsiniz.<\/p>\t\t\t\t\t\t\t\t<\/div>\n\t\t\t\t<\/div>\n\t\t\t\t\t<\/div>\n\t\t\t\t<\/div>\n\t\t\t\t<section class=\"elementor-section elementor-top-section elementor-element elementor-element-cfed380 elementor-section-content-middle elementor-section-boxed elementor-section-height-default elementor-section-height-default tp-parallax-no syd-sticky-section-no\" data-id=\"cfed380\" data-element_type=\"section\" data-settings=\"{&quot;background_background&quot;:&quot;classic&quot;,&quot;tp_sticky_sec_effect_enable&quot;:false}\">\n\t\t\t\t\t\t<div class=\"elementor-container elementor-column-gap-default\">\n\t\t\t\t\t<div data-aos=\"\" class=\"elementor-column elementor-col-50 elementor-top-column elementor-element elementor-element-d8fac92 syd-sticky-section-no\" data-id=\"d8fac92\" data-element_type=\"column\" data-settings=\"{&quot;tp_sticky_col_effect_enable&quot;:false}\">\n\t\t\t<div class=\"elementor-widget-wrap elementor-element-populated\">\n\t\t\t\t\t\t<div class=\"elementor-element elementor-element-ea4173f syd-sticky-section-no elementor-widget elementor-widget-heading\" data-id=\"ea4173f\" data-element_type=\"widget\" data-widget_type=\"heading.default\">\n\t\t\t\t<div class=\"elementor-widget-container\">\n\t\t\t\t\t<h2 class=\"elementor-heading-title elementor-size-default\">Sorular\u0131n\u0131z m\u0131 var?<\/h2>\t\t\t\t<\/div>\n\t\t\t\t<\/div>\n\t\t\t\t\t<\/div>\n\t\t<\/div>\n\t\t\t\t<div data-aos=\"\" class=\"elementor-column elementor-col-50 elementor-top-column elementor-element elementor-element-7aa5769 syd-sticky-section-no\" data-id=\"7aa5769\" data-element_type=\"column\" data-settings=\"{&quot;tp_sticky_col_effect_enable&quot;:false}\">\n\t\t\t<div class=\"elementor-widget-wrap elementor-element-populated\">\n\t\t\t\t\t\t<div class=\"elementor-element elementor-element-9c6e3e1 elementor-align-right elementor-mobile-align-center syd-sticky-section-no elementor-widget elementor-widget-button\" data-id=\"9c6e3e1\" data-element_type=\"widget\" data-widget_type=\"button.default\">\n\t\t\t\t<div class=\"elementor-widget-container\">\n\t\t\t\t\t\t\t\t\t<div class=\"elementor-button-wrapper\">\n\t\t\t\t\t<a class=\"elementor-button elementor-button-link elementor-size-sm\" href=\"https:\/\/healthagentsturkey.com\/iletisim\/\">\n\t\t\t\t\t\t<span class=\"elementor-button-content-wrapper\">\n\t\t\t\t\t\t\t\t\t<span class=\"elementor-button-text\">Bize Ula\u015f\u0131n<\/span>\n\t\t\t\t\t<\/span>\n\t\t\t\t\t<\/a>\n\t\t\t\t<\/div>\n\t\t\t\t\t\t\t\t<\/div>\n\t\t\t\t<\/div>\n\t\t\t\t\t<\/div>\n\t\t<\/div>\n\t\t\t\t\t<\/div>\n\t\t<\/section>\n\t\t\t\t<\/div>\n\t\t","protected":false},"excerpt":{"rendered":"<p>Meme \u0130mplant\u0131 \u0130\u015flemi Nedir? Meme implant\u0131\u00a0i\u015flemi,\u00a0memelerin boyutunu ve \u015feklini art\u0131rmak i\u00e7in yap\u0131lan bir estetik ameliyatt\u0131r. \u0130\u015flem s\u0131ras\u0131nda bir cerrahi uzman, silikon ya [&hellip;]<\/p>\n","protected":false},"author":1,"featured_media":0,"parent":934,"menu_order":0,"comment_status":"closed","ping_status":"closed","template":"elementor_header_footer","meta":{"_eb_attr":"","footnotes":""},"class_list":["post-1911","page","type-page","status-publish","hentry"],"_links":{"self":[{"href":"http:\/\/healthagentsturkey.com\/tr\/wp-json\/wp\/v2\/pages\/1911","targetHints":{"allow":["GET"]}}],"collection":[{"href":"http:\/\/healthagentsturkey.com\/tr\/wp-json\/wp\/v2\/pages"}],"about":[{"href":"http:\/\/healthagentsturkey.com\/tr\/wp-json\/wp\/v2\/types\/page"}],"author":[{"embeddable":true,"href":"http:\/\/healthagentsturkey.com\/tr\/wp-json\/wp\/v2\/users\/1"}],"replies":[{"embeddable":true,"href":"http:\/\/healthagentsturkey.com\/tr\/wp-json\/wp\/v2\/comments?post=1911"}],"version-history":[{"count":1,"href":"http:\/\/healthagentsturkey.com\/tr\/wp-json\/wp\/v2\/pages\/1911\/revisions"}],"predecessor-version":[{"id":4788,"href":"http:\/\/healthagentsturkey.com\/tr\/wp-json\/wp\/v2\/pages\/1911\/revisions\/4788"}],"up":[{"embeddable":true,"href":"http:\/\/healthagentsturkey.com\/tr\/wp-json\/wp\/v2\/pages\/934"}],"wp:attachment":[{"href":"http:\/\/healthagentsturkey.com\/tr\/wp-json\/wp\/v2\/media?parent=1911"}],"curies":[{"name":"wp","href":"https:\/\/api.w.org\/{rel}","templated":true}]}}