{"id":1905,"date":"2023-11-21T00:27:31","date_gmt":"2023-11-21T00:27:31","guid":{"rendered":"https:\/\/healthagentsturkey.com\/?page_id=1905"},"modified":"2026-02-25T10:31:56","modified_gmt":"2026-02-25T07:31:56","slug":"meme-buyutme","status":"publish","type":"page","link":"http:\/\/healthagentsturkey.com\/tr\/tedavi\/estetik\/meme-buyutme\/","title":{"rendered":"Meme B\u00fcy\u00fctme"},"content":{"rendered":"\t\t<div data-elementor-type=\"wp-page\" data-elementor-id=\"1905\" class=\"elementor elementor-1905\" data-elementor-post-type=\"page\">\n\t\t\t\t\t\t<section class=\"elementor-section elementor-top-section elementor-element elementor-element-eedafb9 elementor-section-content-middle elementor-section-boxed elementor-section-height-default elementor-section-height-default tp-parallax-no syd-sticky-section-no\" data-id=\"eedafb9\" data-element_type=\"section\" data-settings=\"{&quot;tp_sticky_sec_effect_enable&quot;:false}\">\n\t\t\t\t\t\t<div class=\"elementor-container elementor-column-gap-default\">\n\t\t\t\t\t<div data-aos=\"\" class=\"elementor-column elementor-col-50 elementor-top-column elementor-element elementor-element-571508b syd-sticky-section-no\" data-id=\"571508b\" data-element_type=\"column\" data-settings=\"{&quot;tp_sticky_col_effect_enable&quot;:false}\">\n\t\t\t<div class=\"elementor-widget-wrap elementor-element-populated\">\n\t\t\t\t\t\t<div class=\"elementor-element elementor-element-2fc2cb6 syd-sticky-section-no elementor-widget elementor-widget-heading\" data-id=\"2fc2cb6\" data-element_type=\"widget\" data-widget_type=\"heading.default\">\n\t\t\t\t<div class=\"elementor-widget-container\">\n\t\t\t\t\t<h2 class=\"elementor-heading-title elementor-size-default\">Meme B\u00fcy\u00fctme \u0130\u015flemi Nedir?<\/h2>\t\t\t\t<\/div>\n\t\t\t\t<\/div>\n\t\t\t\t<div class=\"elementor-element elementor-element-1cf0f1c elementor-widget__width-initial syd-sticky-section-no elementor-widget elementor-widget-text-editor\" data-id=\"1cf0f1c\" data-element_type=\"widget\" data-widget_type=\"text-editor.default\">\n\t\t\t\t<div class=\"elementor-widget-container\">\n\t\t\t\t\t\t\t\t\t<p><a href=\"https:\/\/tr.wikipedia.org\/wiki\/Meme_b%C3%BCy%C3%BCtme\"><b>Meme b\u00fcy\u00fctme<\/b><\/a> i\u015flemi, plastik cerrahi yoluyla meme doku veya implantlar\u0131 kullan\u0131larak memelerin b\u00fcy\u00fct\u00fclmesini ama\u00e7layan bir prosed\u00fcrd\u00fcr. Bu i\u015flem, memelerin boyutunu ve \u015feklini art\u0131rmak i\u00e7in yap\u0131l\u0131r, ayr\u0131ca hastalar\u0131n \u00f6zg\u00fcvenlerini art\u0131rmas\u0131na yard\u0131mc\u0131 olur. Hastan\u0131n tercihine g\u00f6re silikon implantlar veya di\u011fer materyaller kullan\u0131larak yap\u0131labilir; memelerin boyutunu, \u015feklini ve a\u011f\u0131rl\u0131\u011f\u0131n\u0131 kontrol etme imk\u00e2n\u0131 sa\u011flar.<\/p><p><b>Meme b\u00fcy\u00fctme i\u015flemi nas\u0131l yap\u0131l\u0131r?<\/b><\/p><p><a href=\"https:\/\/tr.wikipedia.org\/wiki\/Meme_b%C3%BCy%C3%BCtme\">Meme b\u00fcy\u00fctme<\/a>\u00a0i\u015flemi, genellikle hastan\u0131n tercihine g\u00f6re birka\u00e7 farkl\u0131 y\u00f6ntemle yap\u0131labilir:<\/p><p>\u00a0<\/p>\t\t\t\t\t\t\t\t<\/div>\n\t\t\t\t<\/div>\n\t\t\t\t\t<\/div>\n\t\t<\/div>\n\t\t\t\t<div data-aos=\"\" class=\"elementor-column elementor-col-50 elementor-top-column elementor-element elementor-element-bc4d4c0 syd-sticky-section-no\" data-id=\"bc4d4c0\" data-element_type=\"column\" data-settings=\"{&quot;tp_sticky_col_effect_enable&quot;:false}\">\n\t\t\t<div class=\"elementor-widget-wrap elementor-element-populated\">\n\t\t\t\t\t\t<div class=\"elementor-element elementor-element-48dd569 syd-sticky-section-no elementor-widget elementor-widget-image\" data-id=\"48dd569\" data-element_type=\"widget\" data-widget_type=\"image.default\">\n\t\t\t\t<div class=\"elementor-widget-container\">\n\t\t\t\t\t\t\t\t\t<\/div>\n\t\t\t\t<\/div>\n\t\t\t\t\t<\/div>\n\t\t<\/div>\n\t\t\t\t\t<\/div>\n\t\t<\/section>\n\t\t<div class=\"elementor-element elementor-element-99fe56d e-flex e-con-boxed syd-sticky-section-no e-con e-parent\" data-id=\"99fe56d\" data-element_type=\"container\">\n\t\t\t\t\t<div class=\"e-con-inner\">\n\t\t\t\t<div class=\"elementor-element elementor-element-def30c4 syd-sticky-section-no elementor-widget elementor-widget-text-editor\" data-id=\"def30c4\" data-element_type=\"widget\" data-widget_type=\"text-editor.default\">\n\t\t\t\t<div class=\"elementor-widget-container\">\n\t\t\t\t\t\t\t\t\t<ul><li><b><i>Silikon implantlar<\/i><\/b>: Bu y\u00f6ntemde, silikon implantlar meme dokusu alt\u0131na yerle\u015ftirilir ve memelerin boyutunu ve \u015feklini art\u0131r\u0131r.<\/li><li><b><i>Otolog ya\u011f dokusu transferi<\/i><\/b>: Bu y\u00f6ntemde; hastan\u0131n v\u00fccudundan al\u0131nan ya\u011f dokusu memelere transfer edilir, memelerin boyutunu ve \u015feklini art\u0131r\u0131r.<\/li><li><b><i>Dermal dolgu maddeleri<\/i><\/b>: Bu y\u00f6ntemde, hastan\u0131n memelerine belirli bir madde enjekte edilir, b\u00f6ylece memelerin boyut ve \u015fekli yeniden d\u00fczenlenir.<\/li><\/ul><p><b>Meme b\u00fcy\u00fctme i\u015fleminin avantajlar\u0131 nelerdir?<\/b><\/p><ul><li aria-level=\"1\">Memelerin boyut ve \u015feklinde d\u00fczelme<\/li><li aria-level=\"1\">\u00d6zg\u00fcven art\u0131\u015f\u0131<\/li><li aria-level=\"1\">Do\u011fal ve estetik g\u00f6r\u00fcn\u00fcm<\/li><li aria-level=\"1\">Meme formunu koruma<\/li><\/ul><p><b>Meme b\u00fcy\u00fctme i\u015fleminin dezavantajlar\u0131 nelerdir?<\/b><\/p><ul><li><a href=\"https:\/\/tr.wikipedia.org\/wiki\/Enfeksiyon_hastal%C4%B1klar%C4%B1#:~:text=Enfeksiyon%20hastal%C4%B1klar%C4%B1%2C%20bula%C5%9F%C4%B1c%C4%B1%20hastal%C4%B1klar%20ve,d%C4%B1%C5%9F%C4%B1nda%20geli%C5%9Fen%20salg%C4%B1nlarla%20m%C3%BCcadele%20eder.\">Enfeksiyon<\/a>\u00a0riski<\/li><li>Kanama<\/li><li aria-level=\"1\">K\u0131zar\u0131kl\u0131k veya \u015fi\u015fme<\/li><li aria-level=\"1\">A\u011fr\u0131<\/li><li aria-level=\"1\">Asimetri<\/li><li aria-level=\"1\">\u0130mplantlar\u0131n bozulmas\u0131<\/li><li aria-level=\"1\">Alerjik reaksiyonlar\u00a0<\/li><li aria-level=\"1\">Y\u00fcksek maliyet<\/li><\/ul><p><b><br \/>Meme b\u00fcy\u00fctme i\u015flemi i\u00e7in nereye gidebilirim?<\/b><\/p><p>Sa\u011fl\u0131k sekt\u00f6r\u00fcnde \u00f6nceli\u011fimiz her zaman hasta memnuniyeti ve sa\u011fl\u0131\u011f\u0131 olmu\u015ftur.\u00a0<b>Health Agents<\/b>; modern teknoloji ve en son t\u0131bbi yeniliklerle donat\u0131lm\u0131\u015f bir ortamda, alan\u0131nda uzman doktorlar taraf\u0131ndan hizmet veriyor. Size en iyi hizmeti sunmak i\u00e7in her zaman yan\u0131n\u0131zday\u0131z ve ger\u00e7ekle\u015ftirdi\u011fimiz cerrahi i\u015flemlerde elde etti\u011fimiz ba\u015far\u0131larla gurur duyuyoruz. Bu nedenle\u00a0<b>Health Agents<\/b>\u00a0b\u00fcnyesindeki doktorlar\u0131m\u0131z, uzmanl\u0131klar\u0131 ve deneyimleri sayesinde t\u00fcm t\u0131bbi i\u015flemlerde oldu\u011fu gibi\u00a0<a href=\"https:\/\/tr.wikipedia.org\/wiki\/Meme_b%C3%BCy%C3%BCtme\"><b><i>meme b\u00fcy\u00fctme<\/i><\/b><\/a>\u00a0i\u015flemi i\u00e7in de s\u0131kl\u0131kla tercih ediliyor. Siz de g\u00fcvenle bizi tercih edebilirsiniz.<\/p>\t\t\t\t\t\t\t\t<\/div>\n\t\t\t\t<\/div>\n\t\t\t\t\t<\/div>\n\t\t\t\t<\/div>\n\t\t\t\t<section class=\"elementor-section elementor-top-section elementor-element elementor-element-cfed380 elementor-section-content-middle elementor-section-boxed elementor-section-height-default elementor-section-height-default tp-parallax-no syd-sticky-section-no\" data-id=\"cfed380\" data-element_type=\"section\" data-settings=\"{&quot;background_background&quot;:&quot;classic&quot;,&quot;tp_sticky_sec_effect_enable&quot;:false}\">\n\t\t\t\t\t\t<div class=\"elementor-container elementor-column-gap-default\">\n\t\t\t\t\t<div data-aos=\"\" class=\"elementor-column elementor-col-50 elementor-top-column elementor-element elementor-element-d8fac92 syd-sticky-section-no\" data-id=\"d8fac92\" data-element_type=\"column\" data-settings=\"{&quot;tp_sticky_col_effect_enable&quot;:false}\">\n\t\t\t<div class=\"elementor-widget-wrap elementor-element-populated\">\n\t\t\t\t\t\t<div class=\"elementor-element elementor-element-ea4173f syd-sticky-section-no elementor-widget elementor-widget-heading\" data-id=\"ea4173f\" data-element_type=\"widget\" data-widget_type=\"heading.default\">\n\t\t\t\t<div class=\"elementor-widget-container\">\n\t\t\t\t\t<h2 class=\"elementor-heading-title elementor-size-default\">Sorular\u0131n\u0131z m\u0131 var?<\/h2>\t\t\t\t<\/div>\n\t\t\t\t<\/div>\n\t\t\t\t\t<\/div>\n\t\t<\/div>\n\t\t\t\t<div data-aos=\"\" class=\"elementor-column elementor-col-50 elementor-top-column elementor-element elementor-element-7aa5769 syd-sticky-section-no\" data-id=\"7aa5769\" data-element_type=\"column\" data-settings=\"{&quot;tp_sticky_col_effect_enable&quot;:false}\">\n\t\t\t<div class=\"elementor-widget-wrap elementor-element-populated\">\n\t\t\t\t\t\t<div class=\"elementor-element elementor-element-9c6e3e1 elementor-align-right elementor-mobile-align-center syd-sticky-section-no elementor-widget elementor-widget-button\" data-id=\"9c6e3e1\" data-element_type=\"widget\" data-widget_type=\"button.default\">\n\t\t\t\t<div class=\"elementor-widget-container\">\n\t\t\t\t\t\t\t\t\t<div class=\"elementor-button-wrapper\">\n\t\t\t\t\t<a class=\"elementor-button elementor-button-link elementor-size-sm\" href=\"https:\/\/healthagentsturkey.com\/iletisim\/\">\n\t\t\t\t\t\t<span class=\"elementor-button-content-wrapper\">\n\t\t\t\t\t\t\t\t\t<span class=\"elementor-button-text\">Bize Ula\u015f\u0131n<\/span>\n\t\t\t\t\t<\/span>\n\t\t\t\t\t<\/a>\n\t\t\t\t<\/div>\n\t\t\t\t\t\t\t\t<\/div>\n\t\t\t\t<\/div>\n\t\t\t\t\t<\/div>\n\t\t<\/div>\n\t\t\t\t\t<\/div>\n\t\t<\/section>\n\t\t\t\t<\/div>\n\t\t","protected":false},"excerpt":{"rendered":"<p>Meme B\u00fcy\u00fctme \u0130\u015flemi Nedir? Meme b\u00fcy\u00fctme i\u015flemi, plastik cerrahi yoluyla meme doku veya implantlar\u0131 kullan\u0131larak memelerin b\u00fcy\u00fct\u00fclmesini ama\u00e7layan bir prosed\u00fcrd\u00fcr. Bu i\u015flem, [&hellip;]<\/p>\n","protected":false},"author":1,"featured_media":0,"parent":934,"menu_order":0,"comment_status":"closed","ping_status":"closed","template":"elementor_header_footer","meta":{"_eb_attr":"","footnotes":""},"class_list":["post-1905","page","type-page","status-publish","hentry"],"_links":{"self":[{"href":"http:\/\/healthagentsturkey.com\/tr\/wp-json\/wp\/v2\/pages\/1905","targetHints":{"allow":["GET"]}}],"collection":[{"href":"http:\/\/healthagentsturkey.com\/tr\/wp-json\/wp\/v2\/pages"}],"about":[{"href":"http:\/\/healthagentsturkey.com\/tr\/wp-json\/wp\/v2\/types\/page"}],"author":[{"embeddable":true,"href":"http:\/\/healthagentsturkey.com\/tr\/wp-json\/wp\/v2\/users\/1"}],"replies":[{"embeddable":true,"href":"http:\/\/healthagentsturkey.com\/tr\/wp-json\/wp\/v2\/comments?post=1905"}],"version-history":[{"count":1,"href":"http:\/\/healthagentsturkey.com\/tr\/wp-json\/wp\/v2\/pages\/1905\/revisions"}],"predecessor-version":[{"id":4787,"href":"http:\/\/healthagentsturkey.com\/tr\/wp-json\/wp\/v2\/pages\/1905\/revisions\/4787"}],"up":[{"embeddable":true,"href":"http:\/\/healthagentsturkey.com\/tr\/wp-json\/wp\/v2\/pages\/934"}],"wp:attachment":[{"href":"http:\/\/healthagentsturkey.com\/tr\/wp-json\/wp\/v2\/media?parent=1905"}],"curies":[{"name":"wp","href":"https:\/\/api.w.org\/{rel}","templated":true}]}}