{"id":1888,"date":"2023-11-20T23:39:53","date_gmt":"2023-11-20T23:39:53","guid":{"rendered":"https:\/\/healthagentsturkey.com\/?page_id=1888"},"modified":"2026-02-25T10:31:56","modified_gmt":"2026-02-25T07:31:56","slug":"liposuction","status":"publish","type":"page","link":"http:\/\/healthagentsturkey.com\/tr\/tedavi\/estetik\/liposuction\/","title":{"rendered":"Liposuction"},"content":{"rendered":"\t\t<div data-elementor-type=\"wp-page\" data-elementor-id=\"1888\" class=\"elementor elementor-1888\" data-elementor-post-type=\"page\">\n\t\t\t\t\t\t<section class=\"elementor-section elementor-top-section elementor-element elementor-element-eedafb9 elementor-section-content-middle elementor-section-boxed elementor-section-height-default elementor-section-height-default tp-parallax-no syd-sticky-section-no\" data-id=\"eedafb9\" data-element_type=\"section\" data-settings=\"{&quot;tp_sticky_sec_effect_enable&quot;:false}\">\n\t\t\t\t\t\t<div class=\"elementor-container elementor-column-gap-default\">\n\t\t\t\t\t<div data-aos=\"\" class=\"elementor-column elementor-col-50 elementor-top-column elementor-element elementor-element-571508b syd-sticky-section-no\" data-id=\"571508b\" data-element_type=\"column\" data-settings=\"{&quot;tp_sticky_col_effect_enable&quot;:false}\">\n\t\t\t<div class=\"elementor-widget-wrap elementor-element-populated\">\n\t\t\t\t\t\t<div class=\"elementor-element elementor-element-2fc2cb6 syd-sticky-section-no elementor-widget elementor-widget-heading\" data-id=\"2fc2cb6\" data-element_type=\"widget\" data-widget_type=\"heading.default\">\n\t\t\t\t<div class=\"elementor-widget-container\">\n\t\t\t\t\t<h2 class=\"elementor-heading-title elementor-size-default\">Liposuction \u0130\u015flemi Nedir?<\/h2>\t\t\t\t<\/div>\n\t\t\t\t<\/div>\n\t\t\t\t<div class=\"elementor-element elementor-element-1cf0f1c elementor-widget__width-initial syd-sticky-section-no elementor-widget elementor-widget-text-editor\" data-id=\"1cf0f1c\" data-element_type=\"widget\" data-widget_type=\"text-editor.default\">\n\t\t\t\t<div class=\"elementor-widget-container\">\n\t\t\t\t\t\t\t\t\t<p><a href=\"https:\/\/tr.wikipedia.org\/wiki\/Liposak%C5%9F%C4%B1n\"><b><i>Liposuction<\/i><\/b><\/a>, bir estetik ameliyat t\u00fcr\u00fcd\u00fcr ve v\u00fccudun belirli b\u00f6lgelerinde fazla ya\u011f depolanmas\u0131 sorununu \u00e7\u00f6zmek i\u00e7in kullan\u0131l\u0131r. \u0130\u015flem genel olarak a\u015fa\u011f\u0131daki ad\u0131mlar\u0131 i\u00e7erir:<\/p><ul><li aria-level=\"1\"><a href=\"https:\/\/tr.wikipedia.org\/wiki\/Anestezi\">Anestezi<\/a>: \u0130\u015flem s\u0131ras\u0131nda\u00a0<a href=\"https:\/\/tr.wikipedia.org\/wiki\/Lokal_anestezi\">lokal anestezi<\/a>\u00a0veya\u00a0<a href=\"https:\/\/tr.wikipedia.org\/wiki\/Sedasyon\">sedasyon<\/a>\u00a0kullan\u0131l\u0131r.\u00a0<\/li><li aria-level=\"1\">\u0130nce kesiler: \u0130\u015flem b\u00f6lgesine ince bir kesi a\u00e7\u0131l\u0131r.<\/li><li aria-level=\"1\">Ya\u011f aspirasyonu: Ya\u011f h\u00fccreleri vakum aspirat\u00f6r yard\u0131m\u0131yla bu ke\u015fiden \u00e7ekilir.<\/li><li aria-level=\"1\">Diki\u015fler: \u0130nce kesiler diki\u015flenir.<\/li><\/ul><p><a href=\"https:\/\/tr.wikipedia.org\/wiki\/Liposak%C5%9F%C4%B1n\"><b>Liposuction<\/b><\/a> i\u015flemi v\u00fccudun belirli b\u00f6lgelerinde ya\u011f birikiminin azalt\u0131lmas\u0131n\u0131\u00a0<\/p>\t\t\t\t\t\t\t\t<\/div>\n\t\t\t\t<\/div>\n\t\t\t\t\t<\/div>\n\t\t<\/div>\n\t\t\t\t<div data-aos=\"\" class=\"elementor-column elementor-col-50 elementor-top-column elementor-element elementor-element-bc4d4c0 syd-sticky-section-no\" data-id=\"bc4d4c0\" data-element_type=\"column\" data-settings=\"{&quot;tp_sticky_col_effect_enable&quot;:false}\">\n\t\t\t<div class=\"elementor-widget-wrap elementor-element-populated\">\n\t\t\t\t\t\t<div class=\"elementor-element elementor-element-48dd569 syd-sticky-section-no elementor-widget elementor-widget-image\" data-id=\"48dd569\" data-element_type=\"widget\" data-widget_type=\"image.default\">\n\t\t\t\t<div class=\"elementor-widget-container\">\n\t\t\t\t\t\t\t\t\t<\/div>\n\t\t\t\t<\/div>\n\t\t\t\t\t<\/div>\n\t\t<\/div>\n\t\t\t\t\t<\/div>\n\t\t<\/section>\n\t\t<div class=\"elementor-element elementor-element-99fe56d e-flex e-con-boxed syd-sticky-section-no e-con e-parent\" data-id=\"99fe56d\" data-element_type=\"container\">\n\t\t\t\t\t<div class=\"e-con-inner\">\n\t\t\t\t<div class=\"elementor-element elementor-element-def30c4 syd-sticky-section-no elementor-widget elementor-widget-text-editor\" data-id=\"def30c4\" data-element_type=\"widget\" data-widget_type=\"text-editor.default\">\n\t\t\t\t<div class=\"elementor-widget-container\">\n\t\t\t\t\t\t\t\t\t<p>\u00a0 \u00a0 \u00a0 \u00a0 \u00a0 \u00a0 \u00a0 \u00a0 \u00a0 \u00a0 \u00a0ve daha d\u00fczg\u00fcn bir g\u00f6r\u00fcn\u00fcm elde etmeyi ama\u00e7lar. Ancak, i\u015flem sonras\u0131 dikkatli bir diyet program\u0131 uygulamak ve egzersiz yapmak gerekir, aksi takdirde ya\u011f birikimi tekrar olu\u015fabilir. <a href=\"https:\/\/tr.wikipedia.org\/wiki\/Liposak%C5%9F%C4%B1n\"><b>Liposuction<\/b><\/a>\u00a0i\u015fleminin potansiyel riskleri ve dezavantajlar\u0131 vard\u0131r; bir\u00a0 plastik cerrahi uzman\u0131 size bu konuda ayr\u0131nt\u0131l\u0131 bilgi verebilir.<\/p><p><b>Liposuction i\u015fleminin avantajlar\u0131 nelerdir?<\/b><\/p><ul><li aria-level=\"1\"><b><i>Ya\u011f birikiminin azalt\u0131lmas\u0131<\/i><\/b>:\u00a0<a href=\"https:\/\/tr.wikipedia.org\/wiki\/Liposak%C5%9F%C4%B1n\">Liposuction<\/a>\u00a0i\u015flemi, v\u00fccudun belirli b\u00f6lgelerinde ya\u011f birikiminin azalt\u0131lmas\u0131n\u0131 ve daha d\u00fczg\u00fcn bir g\u00f6r\u00fcn\u00fcm elde etmeyi ama\u00e7l\u0131yor.<\/li><li aria-level=\"1\"><b><i>Daha d\u00fczg\u00fcn bir v\u00fccut \u015fekli<\/i><\/b>:\u00a0<a href=\"https:\/\/tr.wikipedia.org\/wiki\/Liposak%C5%9F%C4%B1n\">Liposuction<\/a>, fazla ya\u011f depolanmas\u0131 olan belirli b\u00f6lgelerin d\u00fczg\u00fcnle\u015ftirilmesine yard\u0131mc\u0131 oluyor ve v\u00fccudun daha d\u00fczg\u00fcn bir \u015fekle kavu\u015fmas\u0131n\u0131 sa\u011fl\u0131yor.<\/li><li aria-level=\"1\"><b><i>Kal\u0131c\u0131 sonu\u00e7lar<\/i><\/b>:\u00a0<a href=\"https:\/\/tr.wikipedia.org\/wiki\/Liposak%C5%9F%C4%B1n\">Liposuction<\/a>\u00a0i\u015fleminin sonu\u00e7lar\u0131 genellikle kal\u0131c\u0131, ancak ki\u015filerin dikkatli bir diyet ve egzersiz program\u0131na uymas\u0131 gerekiyor, aksi takdirde ya\u011f birikimi tekrar olu\u015fuyor.<\/li><li aria-level=\"1\"><b>Daha fazla \u00f6zg\u00fcven<\/b>:\u00a0<a href=\"https:\/\/tr.wikipedia.org\/wiki\/Liposak%C5%9F%C4%B1n\">Liposuction<\/a>\u00a0i\u015flemi sonras\u0131 bireyler, kendilerine olan g\u00fcvende bir art\u0131\u015f ya\u015fad\u0131\u011f\u0131n\u0131 ifade ediyor.\u00a0<\/li><\/ul><p><b><br \/>Liposuction i\u015fleminin dezavantajlar\u0131 nelerdir?<\/b><\/p><ul><li>A\u011fr\u0131 ve \u015fi\u015flik<\/li><li>\u0130yile\u015fme s\u00fcrecinin uzun s\u00fcrmesi<\/li><li>Yara izleri<\/li><li>Cildin sarkmas\u0131<\/li><li><a href=\"https:\/\/tr.wikipedia.org\/wiki\/Enfeksiyon_hastal%C4%B1klar%C4%B1\">Enfeksiyon<\/a>\u00a0riski<\/li><li>Kanama\u00a0<\/li><li>\u0130stenmeyen sonu\u00e7lar<\/li><\/ul><p><b><br \/>Liposuction i\u015flemi i\u00e7in nereye gidebilirim?<\/b><\/p><p>Sa\u011fl\u0131k sekt\u00f6r\u00fcnde \u00f6nceli\u011fimiz her zaman hasta memnuniyeti ve sa\u011fl\u0131\u011f\u0131 olmu\u015ftur.\u00a0<b>Health Agents<\/b>; modern teknoloji ve en son t\u0131bbi yeniliklerle donat\u0131lm\u0131\u015f bir ortamda, alan\u0131nda uzman doktorlar taraf\u0131ndan hizmet veriyor. Size en iyi hizmeti sunmak i\u00e7in her zaman yan\u0131n\u0131zday\u0131z ve ger\u00e7ekle\u015ftirdi\u011fimiz cerrahi i\u015flemlerde elde etti\u011fimiz ba\u015far\u0131larla gurur duyuyoruz. Bu nedenle\u00a0<b>Health Agents<\/b>\u00a0b\u00fcnyesindeki doktorlar\u0131m\u0131z, uzmanl\u0131klar\u0131 ve deneyimleri sayesinde t\u00fcm t\u0131bbi i\u015flemlerde oldu\u011fu gibi\u00a0<a href=\"https:\/\/tr.wikipedia.org\/wiki\/Liposak%C5%9F%C4%B1n\"><b><i>liposuction<\/i><\/b><\/a>\u00a0i\u015flemi i\u00e7in de s\u0131kl\u0131kla tercih ediliyor. Siz de g\u00fcvenle bizi tercih edebilirsiniz.<\/p>\t\t\t\t\t\t\t\t<\/div>\n\t\t\t\t<\/div>\n\t\t\t\t\t<\/div>\n\t\t\t\t<\/div>\n\t\t\t\t<section class=\"elementor-section elementor-top-section elementor-element elementor-element-cfed380 elementor-section-content-middle elementor-section-boxed elementor-section-height-default elementor-section-height-default tp-parallax-no syd-sticky-section-no\" data-id=\"cfed380\" data-element_type=\"section\" data-settings=\"{&quot;background_background&quot;:&quot;classic&quot;,&quot;tp_sticky_sec_effect_enable&quot;:false}\">\n\t\t\t\t\t\t<div class=\"elementor-container elementor-column-gap-default\">\n\t\t\t\t\t<div data-aos=\"\" class=\"elementor-column elementor-col-50 elementor-top-column elementor-element elementor-element-d8fac92 syd-sticky-section-no\" data-id=\"d8fac92\" data-element_type=\"column\" data-settings=\"{&quot;tp_sticky_col_effect_enable&quot;:false}\">\n\t\t\t<div class=\"elementor-widget-wrap elementor-element-populated\">\n\t\t\t\t\t\t<div class=\"elementor-element elementor-element-ea4173f syd-sticky-section-no elementor-widget elementor-widget-heading\" data-id=\"ea4173f\" data-element_type=\"widget\" data-widget_type=\"heading.default\">\n\t\t\t\t<div class=\"elementor-widget-container\">\n\t\t\t\t\t<h2 class=\"elementor-heading-title elementor-size-default\">Sorular\u0131n\u0131z m\u0131 var?<\/h2>\t\t\t\t<\/div>\n\t\t\t\t<\/div>\n\t\t\t\t\t<\/div>\n\t\t<\/div>\n\t\t\t\t<div data-aos=\"\" class=\"elementor-column elementor-col-50 elementor-top-column elementor-element elementor-element-7aa5769 syd-sticky-section-no\" data-id=\"7aa5769\" data-element_type=\"column\" data-settings=\"{&quot;tp_sticky_col_effect_enable&quot;:false}\">\n\t\t\t<div class=\"elementor-widget-wrap elementor-element-populated\">\n\t\t\t\t\t\t<div class=\"elementor-element elementor-element-9c6e3e1 elementor-align-right elementor-mobile-align-center syd-sticky-section-no elementor-widget elementor-widget-button\" data-id=\"9c6e3e1\" data-element_type=\"widget\" data-widget_type=\"button.default\">\n\t\t\t\t<div class=\"elementor-widget-container\">\n\t\t\t\t\t\t\t\t\t<div class=\"elementor-button-wrapper\">\n\t\t\t\t\t<a class=\"elementor-button elementor-button-link elementor-size-sm\" href=\"https:\/\/healthagentsturkey.com\/iletisim\/\">\n\t\t\t\t\t\t<span class=\"elementor-button-content-wrapper\">\n\t\t\t\t\t\t\t\t\t<span class=\"elementor-button-text\">Bize Ula\u015f\u0131n<\/span>\n\t\t\t\t\t<\/span>\n\t\t\t\t\t<\/a>\n\t\t\t\t<\/div>\n\t\t\t\t\t\t\t\t<\/div>\n\t\t\t\t<\/div>\n\t\t\t\t\t<\/div>\n\t\t<\/div>\n\t\t\t\t\t<\/div>\n\t\t<\/section>\n\t\t\t\t<\/div>\n\t\t","protected":false},"excerpt":{"rendered":"<p>Liposuction \u0130\u015flemi Nedir? Liposuction, bir estetik ameliyat t\u00fcr\u00fcd\u00fcr ve v\u00fccudun belirli b\u00f6lgelerinde fazla ya\u011f depolanmas\u0131 sorununu \u00e7\u00f6zmek i\u00e7in kullan\u0131l\u0131r. \u0130\u015flem genel olarak [&hellip;]<\/p>\n","protected":false},"author":1,"featured_media":0,"parent":934,"menu_order":0,"comment_status":"closed","ping_status":"closed","template":"elementor_header_footer","meta":{"_eb_attr":"","footnotes":""},"class_list":["post-1888","page","type-page","status-publish","hentry"],"_links":{"self":[{"href":"http:\/\/healthagentsturkey.com\/tr\/wp-json\/wp\/v2\/pages\/1888","targetHints":{"allow":["GET"]}}],"collection":[{"href":"http:\/\/healthagentsturkey.com\/tr\/wp-json\/wp\/v2\/pages"}],"about":[{"href":"http:\/\/healthagentsturkey.com\/tr\/wp-json\/wp\/v2\/types\/page"}],"author":[{"embeddable":true,"href":"http:\/\/healthagentsturkey.com\/tr\/wp-json\/wp\/v2\/users\/1"}],"replies":[{"embeddable":true,"href":"http:\/\/healthagentsturkey.com\/tr\/wp-json\/wp\/v2\/comments?post=1888"}],"version-history":[{"count":1,"href":"http:\/\/healthagentsturkey.com\/tr\/wp-json\/wp\/v2\/pages\/1888\/revisions"}],"predecessor-version":[{"id":4786,"href":"http:\/\/healthagentsturkey.com\/tr\/wp-json\/wp\/v2\/pages\/1888\/revisions\/4786"}],"up":[{"embeddable":true,"href":"http:\/\/healthagentsturkey.com\/tr\/wp-json\/wp\/v2\/pages\/934"}],"wp:attachment":[{"href":"http:\/\/healthagentsturkey.com\/tr\/wp-json\/wp\/v2\/media?parent=1888"}],"curies":[{"name":"wp","href":"https:\/\/api.w.org\/{rel}","templated":true}]}}