{"id":1882,"date":"2023-11-20T23:17:48","date_gmt":"2023-11-20T23:17:48","guid":{"rendered":"https:\/\/healthagentsturkey.com\/?page_id=1882"},"modified":"2026-02-25T10:31:56","modified_gmt":"2026-02-25T07:31:56","slug":"yuz-germe","status":"publish","type":"page","link":"http:\/\/healthagentsturkey.com\/tr\/tedavi\/estetik\/yuz-germe\/","title":{"rendered":"Y\u00fcz Germe"},"content":{"rendered":"\t\t<div data-elementor-type=\"wp-page\" data-elementor-id=\"1882\" class=\"elementor elementor-1882\" data-elementor-post-type=\"page\">\n\t\t\t\t\t\t<section class=\"elementor-section elementor-top-section elementor-element elementor-element-eedafb9 elementor-section-content-middle elementor-section-boxed elementor-section-height-default elementor-section-height-default tp-parallax-no syd-sticky-section-no\" data-id=\"eedafb9\" data-element_type=\"section\" data-settings=\"{&quot;tp_sticky_sec_effect_enable&quot;:false}\">\n\t\t\t\t\t\t<div class=\"elementor-container elementor-column-gap-default\">\n\t\t\t\t\t<div data-aos=\"\" class=\"elementor-column elementor-col-50 elementor-top-column elementor-element elementor-element-571508b syd-sticky-section-no\" data-id=\"571508b\" data-element_type=\"column\" data-settings=\"{&quot;tp_sticky_col_effect_enable&quot;:false}\">\n\t\t\t<div class=\"elementor-widget-wrap elementor-element-populated\">\n\t\t\t\t\t\t<div class=\"elementor-element elementor-element-2fc2cb6 syd-sticky-section-no elementor-widget elementor-widget-heading\" data-id=\"2fc2cb6\" data-element_type=\"widget\" data-widget_type=\"heading.default\">\n\t\t\t\t<div class=\"elementor-widget-container\">\n\t\t\t\t\t<h2 class=\"elementor-heading-title elementor-size-default\">Y\u00fcz Germe \u0130\u015flemi Nedir?<\/h2>\t\t\t\t<\/div>\n\t\t\t\t<\/div>\n\t\t\t\t<div class=\"elementor-element elementor-element-1cf0f1c elementor-widget__width-initial syd-sticky-section-no elementor-widget elementor-widget-text-editor\" data-id=\"1cf0f1c\" data-element_type=\"widget\" data-widget_type=\"text-editor.default\">\n\t\t\t\t<div class=\"elementor-widget-container\">\n\t\t\t\t\t\t\t\t\t<p><b><i>Y\u00fcz germe<\/i><\/b>\u00a0i\u015flemi, y\u00fcz ve g\u00f6z \u00e7evresindeki dokular\u0131n sarkmas\u0131 nedeniyle olu\u015fan ya\u015flanma belirtilerinin giderilmesi amac\u0131yla yap\u0131lan bir cerrahi giri\u015fimdir. \u0130\u015flem, y\u00fcz ile g\u00f6z \u00e7evresindeki liflerin gerilmesi ve\u00a0<a href=\"https:\/\/tr.wikipedia.org\/wiki\/Ya%C4%9F_(beslenme)\">ya\u011f<\/a>\u00a0dokusunun \u00e7\u0131kar\u0131lmas\u0131 ile yap\u0131labilir.\u00a0<i>Y\u00fcz germe<\/i>\u00a0i\u015flemi, y\u00fcz\u00fcn gen\u00e7 g\u00f6r\u00fcnmesini ve daha ferah bir g\u00f6r\u00fcn\u00fcm kazanmas\u0131n\u0131 ama\u00e7lar.<\/p><p><b>Y\u00fcz germe i\u015flemi nas\u0131l yap\u0131l\u0131r?<\/b><\/p><p>Y\u00fcz germe i\u015flemi, genel anestezi\u00a0ile yap\u0131labilir; i\u015flem s\u00fcresi i\u015flem yap\u0131lmak istenen alana ve ameliyat\u0131n detaylar\u0131na g\u00f6re de\u011fi\u015febilir. \u0130\u015flem, genellikle a\u015fa\u011f\u0131daki ad\u0131mlardan olu\u015fur:<\/p>\t\t\t\t\t\t\t\t<\/div>\n\t\t\t\t<\/div>\n\t\t\t\t\t<\/div>\n\t\t<\/div>\n\t\t\t\t<div data-aos=\"\" class=\"elementor-column elementor-col-50 elementor-top-column elementor-element elementor-element-bc4d4c0 syd-sticky-section-no\" data-id=\"bc4d4c0\" data-element_type=\"column\" data-settings=\"{&quot;tp_sticky_col_effect_enable&quot;:false}\">\n\t\t\t<div class=\"elementor-widget-wrap elementor-element-populated\">\n\t\t\t\t\t\t<div class=\"elementor-element elementor-element-48dd569 syd-sticky-section-no elementor-widget elementor-widget-image\" data-id=\"48dd569\" data-element_type=\"widget\" data-widget_type=\"image.default\">\n\t\t\t\t<div class=\"elementor-widget-container\">\n\t\t\t\t\t\t\t\t\t<\/div>\n\t\t\t\t<\/div>\n\t\t\t\t\t<\/div>\n\t\t<\/div>\n\t\t\t\t\t<\/div>\n\t\t<\/section>\n\t\t<div class=\"elementor-element elementor-element-99fe56d e-flex e-con-boxed syd-sticky-section-no e-con e-parent\" data-id=\"99fe56d\" data-element_type=\"container\">\n\t\t\t\t\t<div class=\"e-con-inner\">\n\t\t\t\t<div class=\"elementor-element elementor-element-def30c4 syd-sticky-section-no elementor-widget elementor-widget-text-editor\" data-id=\"def30c4\" data-element_type=\"widget\" data-widget_type=\"text-editor.default\">\n\t\t\t\t<div class=\"elementor-widget-container\">\n\t\t\t\t\t\t\t\t\t<ul><li aria-level=\"1\"><b><i>Anestezi uygulamas\u0131<\/i><\/b>: \u0130\u015flem s\u0131ras\u0131nda genel anestezi\u00a0uygulan\u0131r.<\/li><li aria-level=\"1\"><b><i>Kesi yap\u0131lmas\u0131<\/i><\/b>: \u0130\u015flem alan\u0131na g\u00f6re kesi yap\u0131l\u0131r; prosed\u00fcr\u00fcn g\u00fcvenli ve steril bir \u015fekilde yap\u0131lmas\u0131 sa\u011flan\u0131r.<\/li><li aria-level=\"1\"><b><i>Doku gerilmesi<\/i><\/b>: \u0130\u015flem alan\u0131ndaki dokular gerilir; y\u00fcz ve g\u00f6z \u00e7evresindeki sarkma belirtileri giderilir.<\/li><li aria-level=\"1\"><b><i>Ya\u011f dokusunun \u00e7\u0131kar\u0131lmas\u0131<\/i><\/b>: \u0130stenmeyen\u00a0<a href=\"https:\/\/tr.wikipedia.org\/wiki\/Ya%C4%9F_(beslenme)\">ya\u011f<\/a>\u00a0dokular\u0131 \u00e7\u0131kar\u0131labilir ve y\u00fcz\u00fcn daha belirgin hale gelmesi sa\u011flanabilir.<\/li><li aria-level=\"1\"><b><i>Kesinin kapat\u0131lmas\u0131<\/i><\/b>: \u0130\u015flem sonras\u0131 kesi kapat\u0131l\u0131r.<\/li><\/ul><p>Y\u00fcz germe i\u015flemi, her cerrahi i\u015flem gibi birtak\u0131m riskleri de bar\u0131nd\u0131rabilir. Ayr\u0131ca, y\u00fcz germe i\u015flemi farkl\u0131 \u015fekillerde yap\u0131labilir ve herkes i\u00e7in ayr\u0131 bir prosed\u00fcr planlanabilir.<\/p><p><b>Y\u00fcz germe i\u015fleminin avantajlar\u0131 nelerdir?<\/b><\/p><ul><li aria-level=\"1\">Ya\u015flanma belirtilerinin giderilmesi<\/li><li aria-level=\"1\">Daha belirgin bir y\u00fcz g\u00f6r\u00fcn\u00fcm\u00fc<\/li><li aria-level=\"1\">Sarkman\u0131n \u00f6nlenmesi<\/li><li aria-level=\"1\">\u00d6zg\u00fcven art\u0131\u015f\u0131<\/li><\/ul><p><b><br \/>Y\u00fcz germe i\u015fleminin dezavantajlar\u0131 nelerdir?<\/b><\/p><ul><li>A\u011fr\u0131 ve \u015fi\u015fme<\/li><li><a href=\"https:\/\/tr.wikipedia.org\/wiki\/Enfeksiyon_hastal%C4%B1klar%C4%B1#:~:text=Enfeksiyon%20hastal%C4%B1klar%C4%B1%2C%20bula%C5%9F%C4%B1c%C4%B1%20hastal%C4%B1klar%20ve,d%C4%B1%C5%9F%C4%B1nda%20geli%C5%9Fen%20salg%C4%B1nlarla%20m%C3%BCcadele%20eder.\">Enfeksiyon<\/a>\u00a0riski<\/li><li>Cildin gerilmesi<\/li><li>Cerrahi izleri<\/li><\/ul><p><b><i><br \/>Y\u00fcz germe<\/i><\/b>\u00a0i\u015flemi kapsam\u0131nda ge\u00e7en risk ve dezavantajlar nadiren meydana geliyor ve operasyon \u00f6ncesi uzman doktorlar\u0131m\u0131z, olu\u015fabilecek riskler hakk\u0131nda hastalar\u0131na bilgi veriyor. \u0130yi bir sa\u011fl\u0131k ekibiyle bahsi ge\u00e7en riskleri \u00f6nlemek m\u00fcmk\u00fcn.<\/p><p><b>Y\u00fcz germe i\u015flemi i\u00e7in nereye gidebilirim?<\/b><\/p><p>Sa\u011fl\u0131k sekt\u00f6r\u00fcnde \u00f6nceli\u011fimiz her zaman hasta memnuniyeti ve sa\u011fl\u0131\u011f\u0131 olmu\u015ftur.\u00a0<b>Health Agents<\/b>; modern teknoloji ve en son t\u0131bbi yeniliklerle donat\u0131lm\u0131\u015f bir ortamda, alan\u0131nda uzman doktorlar taraf\u0131ndan hizmet veriyor. Size en iyi hizmeti sunmak i\u00e7in her zaman yan\u0131n\u0131zday\u0131z ve ger\u00e7ekle\u015ftirdi\u011fimiz cerrahi i\u015flemlerde elde etti\u011fimiz ba\u015far\u0131larla gurur duyuyoruz. Bu nedenle\u00a0<b>Health Agents<\/b>\u00a0b\u00fcnyesindeki doktorlar\u0131m\u0131z, uzmanl\u0131klar\u0131 ve deneyimleri sayesinde t\u00fcm t\u0131bbi i\u015flemlerde oldu\u011fu gibi\u00a0<b><i>y\u00fcz germe<\/i><\/b>\u00a0i\u015flemi i\u00e7in de s\u0131kl\u0131kla tercih ediliyor. Siz de g\u00fcvenle bizi tercih edebilirsiniz.<\/p>\t\t\t\t\t\t\t\t<\/div>\n\t\t\t\t<\/div>\n\t\t\t\t\t<\/div>\n\t\t\t\t<\/div>\n\t\t\t\t<section class=\"elementor-section elementor-top-section elementor-element elementor-element-cfed380 elementor-section-content-middle elementor-section-boxed elementor-section-height-default elementor-section-height-default tp-parallax-no syd-sticky-section-no\" data-id=\"cfed380\" data-element_type=\"section\" data-settings=\"{&quot;background_background&quot;:&quot;classic&quot;,&quot;tp_sticky_sec_effect_enable&quot;:false}\">\n\t\t\t\t\t\t<div class=\"elementor-container elementor-column-gap-default\">\n\t\t\t\t\t<div data-aos=\"\" class=\"elementor-column elementor-col-50 elementor-top-column elementor-element elementor-element-d8fac92 syd-sticky-section-no\" data-id=\"d8fac92\" data-element_type=\"column\" data-settings=\"{&quot;tp_sticky_col_effect_enable&quot;:false}\">\n\t\t\t<div class=\"elementor-widget-wrap elementor-element-populated\">\n\t\t\t\t\t\t<div class=\"elementor-element elementor-element-ea4173f syd-sticky-section-no elementor-widget elementor-widget-heading\" data-id=\"ea4173f\" data-element_type=\"widget\" data-widget_type=\"heading.default\">\n\t\t\t\t<div class=\"elementor-widget-container\">\n\t\t\t\t\t<h2 class=\"elementor-heading-title elementor-size-default\">Sorular\u0131n\u0131z m\u0131 var?<\/h2>\t\t\t\t<\/div>\n\t\t\t\t<\/div>\n\t\t\t\t\t<\/div>\n\t\t<\/div>\n\t\t\t\t<div data-aos=\"\" class=\"elementor-column elementor-col-50 elementor-top-column elementor-element elementor-element-7aa5769 syd-sticky-section-no\" data-id=\"7aa5769\" data-element_type=\"column\" data-settings=\"{&quot;tp_sticky_col_effect_enable&quot;:false}\">\n\t\t\t<div class=\"elementor-widget-wrap elementor-element-populated\">\n\t\t\t\t\t\t<div class=\"elementor-element elementor-element-9c6e3e1 elementor-align-right elementor-mobile-align-center syd-sticky-section-no elementor-widget elementor-widget-button\" data-id=\"9c6e3e1\" data-element_type=\"widget\" data-widget_type=\"button.default\">\n\t\t\t\t<div class=\"elementor-widget-container\">\n\t\t\t\t\t\t\t\t\t<div class=\"elementor-button-wrapper\">\n\t\t\t\t\t<a class=\"elementor-button elementor-button-link elementor-size-sm\" href=\"https:\/\/healthagentsturkey.com\/iletisim\/\">\n\t\t\t\t\t\t<span class=\"elementor-button-content-wrapper\">\n\t\t\t\t\t\t\t\t\t<span class=\"elementor-button-text\">Bize Ula\u015f\u0131n<\/span>\n\t\t\t\t\t<\/span>\n\t\t\t\t\t<\/a>\n\t\t\t\t<\/div>\n\t\t\t\t\t\t\t\t<\/div>\n\t\t\t\t<\/div>\n\t\t\t\t\t<\/div>\n\t\t<\/div>\n\t\t\t\t\t<\/div>\n\t\t<\/section>\n\t\t\t\t<\/div>\n\t\t","protected":false},"excerpt":{"rendered":"<p>Y\u00fcz Germe \u0130\u015flemi Nedir? Y\u00fcz germe\u00a0i\u015flemi, y\u00fcz ve g\u00f6z \u00e7evresindeki dokular\u0131n sarkmas\u0131 nedeniyle olu\u015fan ya\u015flanma belirtilerinin giderilmesi amac\u0131yla yap\u0131lan bir cerrahi giri\u015fimdir. [&hellip;]<\/p>\n","protected":false},"author":1,"featured_media":0,"parent":934,"menu_order":0,"comment_status":"closed","ping_status":"closed","template":"elementor_header_footer","meta":{"_eb_attr":"","footnotes":""},"class_list":["post-1882","page","type-page","status-publish","hentry"],"_links":{"self":[{"href":"http:\/\/healthagentsturkey.com\/tr\/wp-json\/wp\/v2\/pages\/1882","targetHints":{"allow":["GET"]}}],"collection":[{"href":"http:\/\/healthagentsturkey.com\/tr\/wp-json\/wp\/v2\/pages"}],"about":[{"href":"http:\/\/healthagentsturkey.com\/tr\/wp-json\/wp\/v2\/types\/page"}],"author":[{"embeddable":true,"href":"http:\/\/healthagentsturkey.com\/tr\/wp-json\/wp\/v2\/users\/1"}],"replies":[{"embeddable":true,"href":"http:\/\/healthagentsturkey.com\/tr\/wp-json\/wp\/v2\/comments?post=1882"}],"version-history":[{"count":1,"href":"http:\/\/healthagentsturkey.com\/tr\/wp-json\/wp\/v2\/pages\/1882\/revisions"}],"predecessor-version":[{"id":4790,"href":"http:\/\/healthagentsturkey.com\/tr\/wp-json\/wp\/v2\/pages\/1882\/revisions\/4790"}],"up":[{"embeddable":true,"href":"http:\/\/healthagentsturkey.com\/tr\/wp-json\/wp\/v2\/pages\/934"}],"wp:attachment":[{"href":"http:\/\/healthagentsturkey.com\/tr\/wp-json\/wp\/v2\/media?parent=1882"}],"curies":[{"name":"wp","href":"https:\/\/api.w.org\/{rel}","templated":true}]}}