{"id":1830,"date":"2023-11-20T14:58:09","date_gmt":"2023-11-20T14:58:09","guid":{"rendered":"https:\/\/healthagentsturkey.com\/?page_id=1830"},"modified":"2026-02-25T10:31:55","modified_gmt":"2026-02-25T07:31:55","slug":"fiber-posts","status":"publish","type":"page","link":"http:\/\/healthagentsturkey.com\/tr\/tedavi\/dis\/restoratif-dis-hekimligi\/fiber-posts\/","title":{"rendered":"Fiber Posts"},"content":{"rendered":"\t\t<div data-elementor-type=\"wp-page\" data-elementor-id=\"1830\" class=\"elementor elementor-1830\" data-elementor-post-type=\"page\">\n\t\t\t\t\t\t<section class=\"elementor-section elementor-top-section elementor-element elementor-element-eedafb9 elementor-section-content-middle elementor-section-boxed elementor-section-height-default elementor-section-height-default tp-parallax-no syd-sticky-section-no\" data-id=\"eedafb9\" data-element_type=\"section\" data-settings=\"{&quot;tp_sticky_sec_effect_enable&quot;:false}\">\n\t\t\t\t\t\t<div class=\"elementor-container elementor-column-gap-default\">\n\t\t\t\t\t<div data-aos=\"\" class=\"elementor-column elementor-col-50 elementor-top-column elementor-element elementor-element-571508b syd-sticky-section-no\" data-id=\"571508b\" data-element_type=\"column\" data-settings=\"{&quot;tp_sticky_col_effect_enable&quot;:false}\">\n\t\t\t<div class=\"elementor-widget-wrap elementor-element-populated\">\n\t\t\t\t\t\t<div class=\"elementor-element elementor-element-2fc2cb6 syd-sticky-section-no elementor-widget elementor-widget-heading\" data-id=\"2fc2cb6\" data-element_type=\"widget\" data-widget_type=\"heading.default\">\n\t\t\t\t<div class=\"elementor-widget-container\">\n\t\t\t\t\t<h2 class=\"elementor-heading-title elementor-size-default\">Fiber Post Tedavisi<\/h2>\t\t\t\t<\/div>\n\t\t\t\t<\/div>\n\t\t\t\t<div class=\"elementor-element elementor-element-1cf0f1c elementor-widget__width-initial syd-sticky-section-no elementor-widget elementor-widget-text-editor\" data-id=\"1cf0f1c\" data-element_type=\"widget\" data-widget_type=\"text-editor.default\">\n\t\t\t\t<div class=\"elementor-widget-container\">\n\t\t\t\t\t\t\t\t\t<p>Fiber post veya cam fiber post olarak da bilinen fiber post, k\u00f6k kanal tedavisi g\u00f6rm\u00fc\u015f bir di\u015fe destek ve stabilite sa\u011flamak i\u00e7in kullan\u0131lan bir di\u015f restorasyonu t\u00fcr\u00fcd\u00fcr. Di\u015f kronu gibi geleneksel bir di\u015f restorasyonunu desteklemek i\u00e7in do\u011fal di\u015f yap\u0131s\u0131 yetersiz oldu\u011funda yayg\u0131n olarak kullan\u0131l\u0131r.<\/p><p>Fiber postlar\u0131n baz\u0131 \u00f6nemli y\u00f6nleri:<\/p><p>1. Bile\u015fim: Fiber postlar, bir rezin matrisine g\u00f6m\u00fclm\u00fc\u015f k\u00fc\u00e7\u00fck, dokuma cam fiberlerden yap\u0131lm\u0131\u015ft\u0131r. Bu malzeme kombinasyonu, post i\u00e7in g\u00fc\u00e7 ve esneklik sa\u011flar.<\/p>\t\t\t\t\t\t\t\t<\/div>\n\t\t\t\t<\/div>\n\t\t\t\t\t<\/div>\n\t\t<\/div>\n\t\t\t\t<div data-aos=\"\" class=\"elementor-column elementor-col-50 elementor-top-column elementor-element elementor-element-bc4d4c0 syd-sticky-section-no\" data-id=\"bc4d4c0\" data-element_type=\"column\" data-settings=\"{&quot;tp_sticky_col_effect_enable&quot;:false}\">\n\t\t\t<div class=\"elementor-widget-wrap elementor-element-populated\">\n\t\t\t\t\t\t<div class=\"elementor-element elementor-element-48dd569 syd-sticky-section-no elementor-widget elementor-widget-image\" data-id=\"48dd569\" data-element_type=\"widget\" data-widget_type=\"image.default\">\n\t\t\t\t<div class=\"elementor-widget-container\">\n\t\t\t\t\t\t\t\t\t<\/div>\n\t\t\t\t<\/div>\n\t\t\t\t\t<\/div>\n\t\t<\/div>\n\t\t\t\t\t<\/div>\n\t\t<\/section>\n\t\t<div class=\"elementor-element elementor-element-99fe56d e-flex e-con-boxed syd-sticky-section-no e-con e-parent\" data-id=\"99fe56d\" data-element_type=\"container\">\n\t\t\t\t\t<div class=\"e-con-inner\">\n\t\t\t\t<div class=\"elementor-element elementor-element-def30c4 syd-sticky-section-no elementor-widget elementor-widget-text-editor\" data-id=\"def30c4\" data-element_type=\"widget\" data-widget_type=\"text-editor.default\">\n\t\t\t\t<div class=\"elementor-widget-container\">\n\t\t\t\t\t\t\t\t\t<p>2. Ama\u00e7: Kanal tedavisinden sonra di\u015fin i\u00e7i temizlenir ve enfekte ya da hasar g\u00f6rm\u00fc\u015f pulpay\u0131 uzakla\u015ft\u0131rmak i\u00e7in dolgu yap\u0131l\u0131r. Ancak bu di\u015f yap\u0131s\u0131n\u0131 zay\u0131flatabilir. Di\u015fin k\u00f6k kanal\u0131n\u0131n i\u00e7ine, onu g\u00fc\u00e7lendirmek ve bir kron veya ba\u015fka bir restoratif se\u00e7enek i\u00e7in destek sa\u011flamak \u00fczere bir fiber post yerle\u015ftirilir.<\/p><p>3. Fiber postlar\u0131n avantajlar\u0131:<br \/>\u2013 Estetik \u00e7ekicilik: Fiber postlar di\u015f rengindedir ve kalan di\u015f yap\u0131s\u0131yla do\u011fal olarak kar\u0131\u015farak daha estetik bir sonu\u00e7 olu\u015fturur.- Esneklik: Fiber postlar\u0131n esnekli\u011fi, kuvvetlerin daha iyi da\u011f\u0131t\u0131lmas\u0131na izin vererek kalan di\u015f yap\u0131s\u0131nda k\u0131r\u0131lma veya \u00e7atlak riskini azalt\u0131r.<br \/>\u2013 Yap\u0131\u015ft\u0131rma kapasitesi: Fiber postlar, di\u015f yap\u0131\u015ft\u0131r\u0131c\u0131lar\u0131 kullan\u0131larak di\u015f yap\u0131s\u0131na yap\u0131\u015ft\u0131r\u0131labilir, bu da g\u00fc\u00e7l\u00fc bir ba\u011f sa\u011flar ve di\u015fi g\u00fc\u00e7lendirmeye yard\u0131mc\u0131 olur.<br \/>\u2013 Azalt\u0131lm\u0131\u015f k\u00f6k k\u0131r\u0131lma riski: Fiber postlar, esneklikleri sayesinde stresi k\u00f6k boyunca daha e\u015fit da\u011f\u0131t\u0131r ve bu da sert metal postlara k\u0131yasla k\u00f6k k\u0131r\u0131lmas\u0131 riskini en aza indirmeye yard\u0131mc\u0131 olabilir.<br \/><br \/>4. Yerle\u015ftirme prosed\u00fcr\u00fc: Bir fiber postun yerle\u015ftirilmesi tipik olarak a\u015fa\u011f\u0131daki ad\u0131mlar\u0131 i\u00e7erir:<br \/>\u2013 Post bo\u015flu\u011funun haz\u0131rlanmas\u0131: K\u00f6k kanal\u0131, fiber postu yerle\u015ftirmek i\u00e7in \u015fekillendirilir ve haz\u0131rlan\u0131r. Bu, kalan g\u00fcta-perka veya di\u011fer dolgu malzemelerinin \u00e7\u0131kar\u0131lmas\u0131n\u0131 i\u00e7erebilir.<br \/>\u2013 Post se\u00e7imi ve boyutland\u0131rma: Fiber postun boyutu ve uzunlu\u011fu, belirli bir di\u015fe uyacak \u015fekilde se\u00e7ilir.<br \/>\u2013 Simantasyon: Fiber post, di\u015f dolgu malzemesi veya yap\u0131\u015ft\u0131r\u0131c\u0131 ile kaplan\u0131r ve haz\u0131rlanan k\u00f6k kanal bo\u015flu\u011funa dikkatlice yerle\u015ftirilir. Fazla dolgu malzemesi \u00e7\u0131kar\u0131l\u0131r ve post uygun \u015fekilde konumland\u0131r\u0131l\u0131r.<br \/>\u2013 Dolgunun Haz\u0131rlanmas\u0131: Kompozit rezin gibi bir dolgu yap\u0131m materyali, postun \u00fczerine yerle\u015ftirilecek di\u015f restorasyonu i\u00e7in bir temel (\u00f6rn. kuron) olu\u015fturmak i\u00e7in kullan\u0131l\u0131r.<br \/>\u2013 Son restorasyon: Dolgu malzemesi sertle\u015ftikten sonra, kaplama veya ba\u015fka bir restorasyon yap\u0131l\u0131r ve stabilite ve destek i\u00e7in fiber post kullan\u0131larak prepare edilen di\u015fin \u00fczerine yerle\u015ftirilir.<br \/><br \/>Fiber postlar her vaka i\u00e7in uygun de\u011fildir ve kullan\u0131mlar\u0131 di\u015fin durumu, kalan di\u015f yap\u0131s\u0131 ve tedavi plan\u0131 gibi \u00e7e\u015fitli fakt\u00f6rlere ba\u011fl\u0131d\u0131r. Bir di\u015f hekimi, \u00f6zel durumunuzu de\u011ferlendirecek ve di\u015finizi restore etmek ve g\u00fc\u00e7lendirmek i\u00e7in en uygun yakla\u015f\u0131m\u0131 belirleyecektir.<br \/>Uygun a\u011f\u0131z hijyeni uygulamalar\u0131n\u0131n, d\u00fczenli di\u015f muayenelerinin ve di\u015f hekiminiz taraf\u0131ndan verilen tedavi sonras\u0131 talimatlara ba\u011fl\u0131 kalman\u0131n, fiber post restorasyonlar\u0131n\u0131n ve genel di\u015f sa\u011fl\u0131\u011f\u0131n\u0131n uzun vadeli korunmas\u0131 i\u00e7in gerekli oldu\u011funu unutmamak \u00f6nemlidir.<\/p>\t\t\t\t\t\t\t\t<\/div>\n\t\t\t\t<\/div>\n\t\t\t\t\t<\/div>\n\t\t\t\t<\/div>\n\t\t\t\t<section class=\"elementor-section elementor-top-section elementor-element elementor-element-cfed380 elementor-section-content-middle elementor-section-boxed elementor-section-height-default elementor-section-height-default tp-parallax-no syd-sticky-section-no\" data-id=\"cfed380\" data-element_type=\"section\" data-settings=\"{&quot;background_background&quot;:&quot;classic&quot;,&quot;tp_sticky_sec_effect_enable&quot;:false}\">\n\t\t\t\t\t\t<div class=\"elementor-container elementor-column-gap-default\">\n\t\t\t\t\t<div data-aos=\"\" class=\"elementor-column elementor-col-50 elementor-top-column elementor-element elementor-element-d8fac92 syd-sticky-section-no\" data-id=\"d8fac92\" data-element_type=\"column\" data-settings=\"{&quot;tp_sticky_col_effect_enable&quot;:false}\">\n\t\t\t<div class=\"elementor-widget-wrap elementor-element-populated\">\n\t\t\t\t\t\t<div class=\"elementor-element elementor-element-ea4173f syd-sticky-section-no elementor-widget elementor-widget-heading\" data-id=\"ea4173f\" data-element_type=\"widget\" data-widget_type=\"heading.default\">\n\t\t\t\t<div class=\"elementor-widget-container\">\n\t\t\t\t\t<h2 class=\"elementor-heading-title elementor-size-default\">Sorular\u0131n\u0131z m\u0131 var?<\/h2>\t\t\t\t<\/div>\n\t\t\t\t<\/div>\n\t\t\t\t\t<\/div>\n\t\t<\/div>\n\t\t\t\t<div data-aos=\"\" class=\"elementor-column elementor-col-50 elementor-top-column elementor-element elementor-element-7aa5769 syd-sticky-section-no\" data-id=\"7aa5769\" data-element_type=\"column\" data-settings=\"{&quot;tp_sticky_col_effect_enable&quot;:false}\">\n\t\t\t<div class=\"elementor-widget-wrap elementor-element-populated\">\n\t\t\t\t\t\t<div class=\"elementor-element elementor-element-9c6e3e1 elementor-align-right elementor-mobile-align-center syd-sticky-section-no elementor-widget elementor-widget-button\" data-id=\"9c6e3e1\" data-element_type=\"widget\" data-widget_type=\"button.default\">\n\t\t\t\t<div class=\"elementor-widget-container\">\n\t\t\t\t\t\t\t\t\t<div class=\"elementor-button-wrapper\">\n\t\t\t\t\t<a class=\"elementor-button elementor-button-link elementor-size-sm\" href=\"https:\/\/healthagentsturkey.com\/iletisim\/\">\n\t\t\t\t\t\t<span class=\"elementor-button-content-wrapper\">\n\t\t\t\t\t\t\t\t\t<span class=\"elementor-button-text\">Bize Ula\u015f\u0131n<\/span>\n\t\t\t\t\t<\/span>\n\t\t\t\t\t<\/a>\n\t\t\t\t<\/div>\n\t\t\t\t\t\t\t\t<\/div>\n\t\t\t\t<\/div>\n\t\t\t\t\t<\/div>\n\t\t<\/div>\n\t\t\t\t\t<\/div>\n\t\t<\/section>\n\t\t\t\t<\/div>\n\t\t","protected":false},"excerpt":{"rendered":"<p>Fiber Post Tedavisi Fiber post veya cam fiber post olarak da bilinen fiber post, k\u00f6k kanal tedavisi g\u00f6rm\u00fc\u015f bir di\u015fe destek ve [&hellip;]<\/p>\n","protected":false},"author":1,"featured_media":0,"parent":1622,"menu_order":0,"comment_status":"closed","ping_status":"closed","template":"elementor_header_footer","meta":{"_eb_attr":"","footnotes":""},"class_list":["post-1830","page","type-page","status-publish","hentry"],"_links":{"self":[{"href":"http:\/\/healthagentsturkey.com\/tr\/wp-json\/wp\/v2\/pages\/1830","targetHints":{"allow":["GET"]}}],"collection":[{"href":"http:\/\/healthagentsturkey.com\/tr\/wp-json\/wp\/v2\/pages"}],"about":[{"href":"http:\/\/healthagentsturkey.com\/tr\/wp-json\/wp\/v2\/types\/page"}],"author":[{"embeddable":true,"href":"http:\/\/healthagentsturkey.com\/tr\/wp-json\/wp\/v2\/users\/1"}],"replies":[{"embeddable":true,"href":"http:\/\/healthagentsturkey.com\/tr\/wp-json\/wp\/v2\/comments?post=1830"}],"version-history":[{"count":1,"href":"http:\/\/healthagentsturkey.com\/tr\/wp-json\/wp\/v2\/pages\/1830\/revisions"}],"predecessor-version":[{"id":4780,"href":"http:\/\/healthagentsturkey.com\/tr\/wp-json\/wp\/v2\/pages\/1830\/revisions\/4780"}],"up":[{"embeddable":true,"href":"http:\/\/healthagentsturkey.com\/tr\/wp-json\/wp\/v2\/pages\/1622"}],"wp:attachment":[{"href":"http:\/\/healthagentsturkey.com\/tr\/wp-json\/wp\/v2\/media?parent=1830"}],"curies":[{"name":"wp","href":"https:\/\/api.w.org\/{rel}","templated":true}]}}