{"id":1694,"date":"2023-11-20T00:02:03","date_gmt":"2023-11-20T00:02:03","guid":{"rendered":"https:\/\/healthagentsturkey.com\/?page_id=1694"},"modified":"2026-02-25T10:31:55","modified_gmt":"2026-02-25T07:31:55","slug":"all-on-6-ve-all-on-4-tedavileri","status":"publish","type":"page","link":"http:\/\/healthagentsturkey.com\/tr\/tedavi\/dis\/implant-dis-hekimligi\/all-on-6-ve-all-on-4-tedavileri\/","title":{"rendered":"All On 6 ve All On 4 Tedavileri"},"content":{"rendered":"\t\t<div data-elementor-type=\"wp-page\" data-elementor-id=\"1694\" class=\"elementor elementor-1694\" data-elementor-post-type=\"page\">\n\t\t\t\t\t\t<section class=\"elementor-section elementor-top-section elementor-element elementor-element-eedafb9 elementor-section-content-middle elementor-section-boxed elementor-section-height-default elementor-section-height-default tp-parallax-no syd-sticky-section-no\" data-id=\"eedafb9\" data-element_type=\"section\" data-settings=\"{&quot;tp_sticky_sec_effect_enable&quot;:false}\">\n\t\t\t\t\t\t<div class=\"elementor-container elementor-column-gap-default\">\n\t\t\t\t\t<div data-aos=\"\" class=\"elementor-column elementor-col-50 elementor-top-column elementor-element elementor-element-571508b syd-sticky-section-no\" data-id=\"571508b\" data-element_type=\"column\" data-settings=\"{&quot;tp_sticky_col_effect_enable&quot;:false}\">\n\t\t\t<div class=\"elementor-widget-wrap elementor-element-populated\">\n\t\t\t\t\t\t<div class=\"elementor-element elementor-element-2fc2cb6 syd-sticky-section-no elementor-widget elementor-widget-heading\" data-id=\"2fc2cb6\" data-element_type=\"widget\" data-widget_type=\"heading.default\">\n\t\t\t\t<div class=\"elementor-widget-container\">\n\t\t\t\t\t<h2 class=\"elementor-heading-title elementor-size-default\">All on Six ve All on Four Tedavisi<\/h2>\t\t\t\t<\/div>\n\t\t\t\t<\/div>\n\t\t\t\t<div class=\"elementor-element elementor-element-1cf0f1c elementor-widget__width-initial syd-sticky-section-no elementor-widget elementor-widget-text-editor\" data-id=\"1cf0f1c\" data-element_type=\"widget\" data-widget_type=\"text-editor.default\">\n\t\t\t\t<div class=\"elementor-widget-container\">\n\t\t\t\t\t\t\t\t\t<p>\u201cAll-on-Six\u201d tedavisi, \u00fcst veya alt \u00e7enede di\u015flerinin \u00e7o\u011funu veya tamam\u0131n\u0131 kaybetmi\u015f hastalar i\u00e7in tam bir ark restorasyonu sa\u011flayan bir di\u015f prosed\u00fcr\u00fcd\u00fcr. Pop\u00fcler All-on-4 tedavi konseptinin bir \u00e7e\u015fididir.<\/p><p>All-on-Six tedavisi, sabit bir di\u015f k\u00f6pr\u00fcs\u00fcn\u00fc veya takma di\u015fi desteklemek i\u00e7in \u00e7ene kemi\u011fine alt\u0131 di\u015f implant\u0131n\u0131n yerle\u015ftirilmesini i\u00e7erir. \u0130mplantlar, protez di\u015flerin stabilitesini ve deste\u011fini en \u00fcst d\u00fczeye \u00e7\u0131karmak i\u00e7in stratejik olarak konumland\u0131r\u0131lm\u0131\u015ft\u0131r. \u201cAll-on-Six\u201d ad\u0131, arktaki t\u00fcm di\u015flerin bu alt\u0131 implant taraf\u0131ndan desteklenmesini ifade eder.<\/p><p>All-on-Six tedavisinde yer alan temel ad\u0131mlar \u015funlard\u0131r:<\/p>\t\t\t\t\t\t\t\t<\/div>\n\t\t\t\t<\/div>\n\t\t\t\t\t<\/div>\n\t\t<\/div>\n\t\t\t\t<div data-aos=\"\" class=\"elementor-column elementor-col-50 elementor-top-column elementor-element elementor-element-bc4d4c0 syd-sticky-section-no\" data-id=\"bc4d4c0\" data-element_type=\"column\" data-settings=\"{&quot;tp_sticky_col_effect_enable&quot;:false}\">\n\t\t\t<div class=\"elementor-widget-wrap elementor-element-populated\">\n\t\t\t\t\t\t<div class=\"elementor-element elementor-element-48dd569 syd-sticky-section-no elementor-widget elementor-widget-image\" data-id=\"48dd569\" data-element_type=\"widget\" data-widget_type=\"image.default\">\n\t\t\t\t<div class=\"elementor-widget-container\">\n\t\t\t\t\t\t\t\t\t<\/div>\n\t\t\t\t<\/div>\n\t\t\t\t\t<\/div>\n\t\t<\/div>\n\t\t\t\t\t<\/div>\n\t\t<\/section>\n\t\t<div class=\"elementor-element elementor-element-99fe56d e-flex e-con-boxed syd-sticky-section-no e-con e-parent\" data-id=\"99fe56d\" data-element_type=\"container\">\n\t\t\t\t\t<div class=\"e-con-inner\">\n\t\t\t\t<div class=\"elementor-element elementor-element-def30c4 syd-sticky-section-no elementor-widget elementor-widget-text-editor\" data-id=\"def30c4\" data-element_type=\"widget\" data-widget_type=\"text-editor.default\">\n\t\t\t\t<div class=\"elementor-widget-container\">\n\t\t\t\t\t\t\t\t\t<ol><li>\u0130lk kons\u00fcltasyon: Di\u015f r\u00f6ntgenleri, \u00f6l\u00e7\u00fcler ve muhtemelen bir CT taramas\u0131 dahil olmak \u00fczere a\u011f\u0131z sa\u011fl\u0131\u011f\u0131n\u0131z\u0131n kapsaml\u0131 bir muayenesi yap\u0131l\u0131r.<\/li><li>Tedavi planlamas\u0131: Di\u015f hekimi veya a\u011f\u0131z cerrah\u0131, \u00e7ene kemi\u011finizin durumuna ve istenen sonuca g\u00f6re alt\u0131 di\u015f implant\u0131n\u0131n en uygun yerle\u015fimini planlayacakt\u0131r.<\/li><li>\u0130mplant yerle\u015ftirme: Di\u015f implantlar\u0131, lokal anestezi veya sedasyon alt\u0131nda cerrahi olarak \u00e7ene kemi\u011fine yerle\u015ftirilir. \u0130mplantlar\u0131n, genellikle birka\u00e7 ay s\u00fcren osseointegrasyon ad\u0131 verilen bir s\u00fcre\u00e7le kemikle b\u00fct\u00fcnle\u015fmesi i\u00e7in zamana ihtiyac\u0131 vard\u0131r.<\/li><li>Ge\u00e7ici restorasyon: Baz\u0131 durumlarda, iyile\u015fme s\u00fcrecinde estetik ve fonksiyonel destek sa\u011flamak i\u00e7in implantlar\u0131n \u00fczerine ge\u00e7ici bir protez veya k\u00f6pr\u00fc yerle\u015ftirilir.<\/li><li>Son Restorasyon: \u0130mplantlar \u00e7ene kemi\u011fi ile tamamen kayna\u015ft\u0131ktan sonra, ge\u00e7ici restorasyonun yerine ki\u015fiye \u00f6zel, kal\u0131c\u0131 bir di\u015f k\u00f6pr\u00fcs\u00fc veya takma di\u015f konur. Son restorasyon, do\u011fal di\u015fler gibi g\u00f6r\u00fcnecek ve i\u015flev g\u00f6recek \u015fekilde tasarlanm\u0131\u015ft\u0131r.<\/li><\/ol><p>All-on-Six tedavisi, geleneksel hareketli protezlere k\u0131yasla geli\u015ftirilmi\u015f stabilite ve \u00e7i\u011fneme i\u015flevi dahil olmak \u00fczere \u00e7e\u015fitli avantajlar sunar. Alt\u0131 implant kullan\u0131larak protez di\u015fler i\u00e7in g\u00fc\u00e7l\u00fc bir temel olu\u015fturulur ve \u0131s\u0131rma ve \u00e7i\u011fneme s\u0131ras\u0131nda kuvvetlerin daha iyi da\u011f\u0131lmas\u0131 sa\u011flan\u0131r.<\/p><p>All-on-Six tedavisinin spesifik detaylar\u0131n\u0131n ki\u015finin durumuna ve ilgili di\u015f hekimlerinin tavsiyelerine ba\u011fl\u0131 olarak de\u011fi\u015febilece\u011fini unutmamak \u00f6nemlidir. Bu tedaviyi d\u00fc\u015f\u00fcn\u00fcyorsan\u0131z, a\u011f\u0131z sa\u011fl\u0131\u011f\u0131n\u0131z\u0131 de\u011ferlendirebilecek ve ki\u015fisel rehberlik sa\u011flayabilecek kalifiye bir di\u015f hekimine veya a\u011f\u0131z cerrah\u0131na dan\u0131\u015fmak en iyisidir.<\/p><h2><strong>All on Four Tedavisi<\/strong><\/h2><p>\u201cBir G\u00fcnde Di\u015f\u201d olarak da bilinen All-on-4 tedavisi, yaln\u0131zca d\u00f6rt di\u015f implant\u0131 kullanarak tam bir ark protezi yerle\u015ftirmek i\u00e7in tasarlanm\u0131\u015f bir implant prosed\u00fcr\u00fcd\u00fcr. \u00dcst veya alt \u00e7enedeki di\u015flerinin \u00e7o\u011funu veya tamam\u0131n\u0131 kaybetmi\u015f ve sabit, uzun s\u00fcreli di\u015f restorasyonu isteyen ki\u015filer i\u00e7in pop\u00fcler ve etkili bir \u00e7\u00f6z\u00fcmd\u00fcr.<\/p><p>All-on-4 tedavi s\u00fcrecine genel bir bak\u0131\u015f:<\/p><p>1. De\u011ferlendirme ve Tedavi Planlamas\u0131: \u0130lk ad\u0131m, di\u015f durumunuzun kapsaml\u0131 bir \u015fekilde incelenmesini i\u00e7erir. Bu inceleme, kemik yo\u011funlu\u011funu de\u011ferlendirmek ve di\u015f implantlar\u0131n\u0131n ideal yerle\u015fimini belirlemek i\u00e7in r\u00f6ntgen, CT taramalar\u0131 ve dijital \u00f6l\u00e7\u00fcleri i\u00e7erebilir.<br \/>2. \u00c7ekim (gerekirse): Kalan di\u015flerin \u00e7ekilmesi gerekiyorsa, implant yerle\u015ftirmeye haz\u0131rl\u0131k olarak \u00e7ekilirler.<br \/>3. \u0130mplant Yerle\u015ftirme: D\u00f6rt di\u015f implant\u0131, \u00e7ene kemi\u011finize stratejik olarak yerle\u015ftirilir. Tipik olarak, iki implant \u00e7enenin \u00f6n\u00fcne dikey olarak yerle\u015ftirilirken, iki implant a\u011fz\u0131n arkas\u0131na do\u011fru a\u00e7\u0131l\u0131d\u0131r. Bu a\u00e7\u0131lanma, mevcut kemikle temas\u0131 maksimize eder ve bir\u00e7ok durumda kemik grefti ihtiyac\u0131n\u0131 ortadan kald\u0131r\u0131r.<br \/>4. Ge\u00e7ici Restorasyon: \u0130mplantlar yerle\u015ftirildikten sonra ayn\u0131 g\u00fcn i\u00e7erisinde ge\u00e7ici di\u015f protezi (k\u00f6pr\u00fc) tak\u0131l\u0131r. Bu ge\u00e7ici restorasyon, implantlar kemikle b\u00fct\u00fcnle\u015firken fonksiyonel di\u015flere sahip olman\u0131z\u0131 sa\u011flar.<br \/>5. \u0130yile\u015fme S\u00fcreci: \u00d6n\u00fcm\u00fczdeki birka\u00e7 ay i\u00e7inde osseointegrasyon ad\u0131 verilen bir s\u00fcre\u00e7 ger\u00e7ekle\u015fir ve bu s\u00fcre\u00e7te implantlar \u00e7ene kemi\u011fi ile kayna\u015farak stabilite ve destek sa\u011flar.<br \/>6. Son Restorasyon: \u0130mplantlar tamamen osseoentegre olduktan sonra, ge\u00e7ici k\u00f6pr\u00fc, \u00f6zel olarak tasarlanm\u0131\u015f kal\u0131c\u0131 bir di\u015f protezi ile de\u011fi\u015ftirilir. Bu son restorasyon, estetik ve i\u015flevsellik a\u00e7\u0131s\u0131ndan do\u011fal di\u015finize uyacak \u015fekilde yap\u0131l\u0131r.<\/p><p>All-on-4 tedavisi, geleneksel implant y\u00f6ntemlerine k\u0131yasla daha az tedavi s\u00fcresi ve maliyetler de dahil olmak \u00fczere \u00e7e\u015fitli avantajlar sunar. A\u00e7\u0131l\u0131 yerle\u015ftirme mevcut kemi\u011fi verimli bir \u015fekilde kulland\u0131\u011f\u0131ndan, bir\u00e7ok durumda kemik grefti ihtiyac\u0131n\u0131 da ortadan kald\u0131r\u0131r.<\/p><p>Her hastan\u0131n benzersiz oldu\u011funu ve tedavi planlar\u0131n\u0131n bireysel ko\u015fullara ve prosed\u00fcr\u00fc ger\u00e7ekle\u015ftiren di\u015f hekiminin tavsiyelerine g\u00f6re de\u011fi\u015febilece\u011fini unutmamak \u00f6nemlidir. All-on-4 tedavisinin sizin durumunuza uygun olup olmad\u0131\u011f\u0131n\u0131 belirlemek i\u00e7in implant di\u015f hekimli\u011finde uzmanla\u015fm\u0131\u015f bir di\u015f hekimine veya protez uzman\u0131na dan\u0131\u015fmak en iyi \u00e7\u00f6z\u00fcm\u00fc alman\u0131z\u0131 sa\u011flar.<\/p>\t\t\t\t\t\t\t\t<\/div>\n\t\t\t\t<\/div>\n\t\t\t\t\t<\/div>\n\t\t\t\t<\/div>\n\t\t\t\t<section class=\"elementor-section elementor-top-section elementor-element elementor-element-cfed380 elementor-section-content-middle elementor-section-boxed elementor-section-height-default elementor-section-height-default tp-parallax-no syd-sticky-section-no\" data-id=\"cfed380\" data-element_type=\"section\" data-settings=\"{&quot;background_background&quot;:&quot;classic&quot;,&quot;tp_sticky_sec_effect_enable&quot;:false}\">\n\t\t\t\t\t\t<div class=\"elementor-container elementor-column-gap-default\">\n\t\t\t\t\t<div data-aos=\"\" class=\"elementor-column elementor-col-50 elementor-top-column elementor-element elementor-element-d8fac92 syd-sticky-section-no\" data-id=\"d8fac92\" data-element_type=\"column\" data-settings=\"{&quot;tp_sticky_col_effect_enable&quot;:false}\">\n\t\t\t<div class=\"elementor-widget-wrap elementor-element-populated\">\n\t\t\t\t\t\t<div class=\"elementor-element elementor-element-ea4173f syd-sticky-section-no elementor-widget elementor-widget-heading\" data-id=\"ea4173f\" data-element_type=\"widget\" data-widget_type=\"heading.default\">\n\t\t\t\t<div class=\"elementor-widget-container\">\n\t\t\t\t\t<h2 class=\"elementor-heading-title elementor-size-default\">Sorular\u0131n\u0131z m\u0131 var?<\/h2>\t\t\t\t<\/div>\n\t\t\t\t<\/div>\n\t\t\t\t\t<\/div>\n\t\t<\/div>\n\t\t\t\t<div data-aos=\"\" class=\"elementor-column elementor-col-50 elementor-top-column elementor-element elementor-element-7aa5769 syd-sticky-section-no\" data-id=\"7aa5769\" data-element_type=\"column\" data-settings=\"{&quot;tp_sticky_col_effect_enable&quot;:false}\">\n\t\t\t<div class=\"elementor-widget-wrap elementor-element-populated\">\n\t\t\t\t\t\t<div class=\"elementor-element elementor-element-9c6e3e1 elementor-align-right elementor-mobile-align-center syd-sticky-section-no elementor-widget elementor-widget-button\" data-id=\"9c6e3e1\" data-element_type=\"widget\" data-widget_type=\"button.default\">\n\t\t\t\t<div class=\"elementor-widget-container\">\n\t\t\t\t\t\t\t\t\t<div class=\"elementor-button-wrapper\">\n\t\t\t\t\t<a class=\"elementor-button elementor-button-link elementor-size-sm\" href=\"https:\/\/healthagentsturkey.com\/iletisim\/\">\n\t\t\t\t\t\t<span class=\"elementor-button-content-wrapper\">\n\t\t\t\t\t\t\t\t\t<span class=\"elementor-button-text\">Bize Ula\u015f\u0131n<\/span>\n\t\t\t\t\t<\/span>\n\t\t\t\t\t<\/a>\n\t\t\t\t<\/div>\n\t\t\t\t\t\t\t\t<\/div>\n\t\t\t\t<\/div>\n\t\t\t\t\t<\/div>\n\t\t<\/div>\n\t\t\t\t\t<\/div>\n\t\t<\/section>\n\t\t\t\t<\/div>\n\t\t","protected":false},"excerpt":{"rendered":"<p>All on Six ve All on Four Tedavisi \u201cAll-on-Six\u201d tedavisi, \u00fcst veya alt \u00e7enede di\u015flerinin \u00e7o\u011funu veya tamam\u0131n\u0131 kaybetmi\u015f hastalar i\u00e7in tam [&hellip;]<\/p>\n","protected":false},"author":1,"featured_media":0,"parent":1620,"menu_order":0,"comment_status":"closed","ping_status":"closed","template":"elementor_header_footer","meta":{"_eb_attr":"","footnotes":""},"class_list":["post-1694","page","type-page","status-publish","hentry"],"_links":{"self":[{"href":"http:\/\/healthagentsturkey.com\/tr\/wp-json\/wp\/v2\/pages\/1694","targetHints":{"allow":["GET"]}}],"collection":[{"href":"http:\/\/healthagentsturkey.com\/tr\/wp-json\/wp\/v2\/pages"}],"about":[{"href":"http:\/\/healthagentsturkey.com\/tr\/wp-json\/wp\/v2\/types\/page"}],"author":[{"embeddable":true,"href":"http:\/\/healthagentsturkey.com\/tr\/wp-json\/wp\/v2\/users\/1"}],"replies":[{"embeddable":true,"href":"http:\/\/healthagentsturkey.com\/tr\/wp-json\/wp\/v2\/comments?post=1694"}],"version-history":[{"count":1,"href":"http:\/\/healthagentsturkey.com\/tr\/wp-json\/wp\/v2\/pages\/1694\/revisions"}],"predecessor-version":[{"id":4774,"href":"http:\/\/healthagentsturkey.com\/tr\/wp-json\/wp\/v2\/pages\/1694\/revisions\/4774"}],"up":[{"embeddable":true,"href":"http:\/\/healthagentsturkey.com\/tr\/wp-json\/wp\/v2\/pages\/1620"}],"wp:attachment":[{"href":"http:\/\/healthagentsturkey.com\/tr\/wp-json\/wp\/v2\/media?parent=1694"}],"curies":[{"name":"wp","href":"https:\/\/api.w.org\/{rel}","templated":true}]}}