{"id":1690,"date":"2023-11-19T23:04:44","date_gmt":"2023-11-19T23:04:44","guid":{"rendered":"https:\/\/healthagentsturkey.com\/?page_id=1690"},"modified":"2026-02-25T10:31:55","modified_gmt":"2026-02-25T07:31:55","slug":"mini-implantlar","status":"publish","type":"page","link":"http:\/\/healthagentsturkey.com\/tr\/tedavi\/dis\/implant-dis-hekimligi\/mini-implantlar\/","title":{"rendered":"Mini \u0130mplantlar"},"content":{"rendered":"\t\t<div data-elementor-type=\"wp-page\" data-elementor-id=\"1690\" class=\"elementor elementor-1690\" data-elementor-post-type=\"page\">\n\t\t\t\t\t\t<section class=\"elementor-section elementor-top-section elementor-element elementor-element-eedafb9 elementor-section-content-middle elementor-section-boxed elementor-section-height-default elementor-section-height-default tp-parallax-no syd-sticky-section-no\" data-id=\"eedafb9\" data-element_type=\"section\" data-settings=\"{&quot;tp_sticky_sec_effect_enable&quot;:false}\">\n\t\t\t\t\t\t<div class=\"elementor-container elementor-column-gap-default\">\n\t\t\t\t\t<div data-aos=\"\" class=\"elementor-column elementor-col-50 elementor-top-column elementor-element elementor-element-571508b syd-sticky-section-no\" data-id=\"571508b\" data-element_type=\"column\" data-settings=\"{&quot;tp_sticky_col_effect_enable&quot;:false}\">\n\t\t\t<div class=\"elementor-widget-wrap elementor-element-populated\">\n\t\t\t\t\t\t<div class=\"elementor-element elementor-element-2fc2cb6 syd-sticky-section-no elementor-widget elementor-widget-heading\" data-id=\"2fc2cb6\" data-element_type=\"widget\" data-widget_type=\"heading.default\">\n\t\t\t\t<div class=\"elementor-widget-container\">\n\t\t\t\t\t<h2 class=\"elementor-heading-title elementor-size-default\">Mini \u0130mplantlar<\/h2>\t\t\t\t<\/div>\n\t\t\t\t<\/div>\n\t\t\t\t<div class=\"elementor-element elementor-element-1cf0f1c elementor-widget__width-initial syd-sticky-section-no elementor-widget elementor-widget-text-editor\" data-id=\"1cf0f1c\" data-element_type=\"widget\" data-widget_type=\"text-editor.default\">\n\t\t\t\t<div class=\"elementor-widget-container\">\n\t\t\t\t\t\t\t\t\t<p>Mini dental implant (MDI) olarak da bilinen mini implant, geleneksel dental implant\u0131n daha k\u00fc\u00e7\u00fck bir versiyonudur. Eksik di\u015flerin yerini almak veya kuron veya k\u00f6pr\u00fc gibi di\u015f protezlerinin stabilitesini sa\u011flamak i\u00e7in kullan\u0131l\u0131r. Mini implantlar, normal dental implantlarla ayn\u0131 temel konsepti payla\u015f\u0131r, ancak boyutlar\u0131, tasar\u0131mlar\u0131 ve uygulamalar\u0131 bak\u0131m\u0131ndan farkl\u0131l\u0131k g\u00f6sterirler.<br \/><br \/>Mini implantlar\u0131n baz\u0131 temel \u00f6zellikleri ve kullan\u0131mlar\u0131:<\/p>\t\t\t\t\t\t\t\t<\/div>\n\t\t\t\t<\/div>\n\t\t\t\t\t<\/div>\n\t\t<\/div>\n\t\t\t\t<div data-aos=\"\" class=\"elementor-column elementor-col-50 elementor-top-column elementor-element elementor-element-bc4d4c0 syd-sticky-section-no\" data-id=\"bc4d4c0\" data-element_type=\"column\" data-settings=\"{&quot;tp_sticky_col_effect_enable&quot;:false}\">\n\t\t\t<div class=\"elementor-widget-wrap elementor-element-populated\">\n\t\t\t\t\t\t<div class=\"elementor-element elementor-element-48dd569 syd-sticky-section-no elementor-widget elementor-widget-image\" data-id=\"48dd569\" data-element_type=\"widget\" data-widget_type=\"image.default\">\n\t\t\t\t<div class=\"elementor-widget-container\">\n\t\t\t\t\t\t\t\t\t<\/div>\n\t\t\t\t<\/div>\n\t\t\t\t\t<\/div>\n\t\t<\/div>\n\t\t\t\t\t<\/div>\n\t\t<\/section>\n\t\t<div class=\"elementor-element elementor-element-99fe56d e-flex e-con-boxed syd-sticky-section-no e-con e-parent\" data-id=\"99fe56d\" data-element_type=\"container\">\n\t\t\t\t\t<div class=\"e-con-inner\">\n\t\t\t\t<div class=\"elementor-element elementor-element-def30c4 syd-sticky-section-no elementor-widget elementor-widget-text-editor\" data-id=\"def30c4\" data-element_type=\"widget\" data-widget_type=\"text-editor.default\">\n\t\t\t\t<div class=\"elementor-widget-container\">\n\t\t\t\t\t\t\t\t\t<p>1. Boyut: Mini implantlar, geleneksel implantlara k\u0131yasla daha k\u00fc\u00e7\u00fck bir \u00e7apa sahiptir ve tipik olarak 1,8 ila 3,0 milimetre aras\u0131ndad\u0131r. Uzunluklar\u0131 da daha k\u0131sad\u0131r, genellikle yakla\u015f\u0131k 10 ila 15 milimetredir.<br \/>2. Yap\u0131: Mini implantlar, normal implantlara benzer \u015fekilde genellikle titanyumdan yap\u0131l\u0131r. \u00c7ene kemi\u011fine yerle\u015ftirilen bir titanyum post veya vidadan ve di\u015f eti \u00e7izgisinin \u00fczerinde eklenmi\u015f, \u00e7\u0131k\u0131nt\u0131 yapan k\u00fc\u00e7\u00fck bir top veya soketten olu\u015furlar.<br \/>3. Yerle\u015ftirme: Mini implantlar, standart implantlara k\u0131yasla daha az invaziv prosed\u00fcrlerle yerle\u015ftirilmek \u00fczere tasarlanm\u0131\u015ft\u0131r. \u00c7o\u011fu durumda, karma\u015f\u0131k kemik grefti veya kapsaml\u0131 cerrahiye ihtiya\u00e7 duymadan do\u011frudan \u00e7ene kemi\u011fine yerle\u015ftirilebilirler.<br \/>4. Stabilite ve i\u015flev: Mini implantlar normal implantlarla ayn\u0131 d\u00fczeyde stabilite sa\u011flamasa da, yine de di\u015f restorasyonlar\u0131 i\u00e7in yeterli deste\u011fi sunarlar. Protezlerin, k\u00f6pr\u00fclerin veya kronlar\u0131n stabilitelerini ve fonksiyonlar\u0131n\u0131 geli\u015ftirerek, onlar\u0131n yerlerinde sabitlenmesine yard\u0131mc\u0131 olurlar.<br \/>5. \u0130\u015flem S\u00fcresi: Mini implantlar genellikle geleneksel implantlara k\u0131yasla daha k\u0131sa bir zaman diliminde yerle\u015ftirilebilir ve restore edilebilir. Hatta baz\u0131 vakalar an\u0131nda yerle\u015ftirmeye ve y\u00fcklenmeye izin verir, yani restorasyon ayn\u0131 g\u00fcn implanta tak\u0131labilir.<br \/>Mini implantlar genellikle a\u015fa\u011f\u0131daki durumlarda kullan\u0131l\u0131rlar:<br \/>1. Protez sabitleme: Mini implantlar gev\u015fek veya tam oturmayan protezleri sabitlemek etmek i\u00e7in kullan\u0131labilir. \u0130mplantlar stratejik olarak \u00e7ene kemi\u011fine yerle\u015ftirilir ve protez di\u015f, daha fazla tutuculuk ve stabilite sa\u011flayan, implant ba\u015flar\u0131na tak\u0131lan par\u00e7alarla donat\u0131l\u0131r.<br \/>2. Tek di\u015f restorasyonu: K\u00fc\u00e7\u00fck bir di\u015fin eksik oldu\u011fu veya de\u011fi\u015ftirilmesi gerekti\u011fi durumlarda, tek di\u015f kuronunu desteklemek i\u00e7in mini bir implant yerle\u015ftirilebilir.<br \/>3. K\u0131s\u0131tl\u0131 kemik hacmi: \u00c7ene kemi\u011finde k\u0131s\u0131tl\u0131 kemik hacmi veya yo\u011funlu\u011fu oldu\u011funda, mini implantlar implantasyon i\u00e7in daha az kemi\u011fe ihtiya\u00e7 duyduklar\u0131ndan dolay\u0131 tercih edilirler.<br \/><br \/>Mini implantlar\u0131n her vaka i\u00e7in uygun olmayabilece\u011fini unutmamak \u00f6nemlidir. Kemik kalitesi, a\u011f\u0131z sa\u011fl\u0131\u011f\u0131 ve spesifik restorasyonlar\u0131n gerekli olmas\u0131 gibi fakt\u00f6rler, mini implantlar\u0131n uygun bir tedavi se\u00e7ene\u011fi olup olmad\u0131\u011f\u0131n\u0131 belirleyecektir. Tecr\u00fcbeli bir di\u015f hekiminin yapaca\u011f\u0131 kapsaml\u0131 bir muayene ve kons\u00fcltasyon, eksik di\u015flerin tedavisi veya protezlerinin sabitlenmesi i\u00e7in en iyi yakla\u015f\u0131m\u0131n belirlenmesine yard\u0131mc\u0131 olacakt\u0131r.<\/p>\t\t\t\t\t\t\t\t<\/div>\n\t\t\t\t<\/div>\n\t\t\t\t\t<\/div>\n\t\t\t\t<\/div>\n\t\t\t\t<section class=\"elementor-section elementor-top-section elementor-element elementor-element-cfed380 elementor-section-content-middle elementor-section-boxed elementor-section-height-default elementor-section-height-default tp-parallax-no syd-sticky-section-no\" data-id=\"cfed380\" data-element_type=\"section\" data-settings=\"{&quot;background_background&quot;:&quot;classic&quot;,&quot;tp_sticky_sec_effect_enable&quot;:false}\">\n\t\t\t\t\t\t<div class=\"elementor-container elementor-column-gap-default\">\n\t\t\t\t\t<div data-aos=\"\" class=\"elementor-column elementor-col-50 elementor-top-column elementor-element elementor-element-d8fac92 syd-sticky-section-no\" data-id=\"d8fac92\" data-element_type=\"column\" data-settings=\"{&quot;tp_sticky_col_effect_enable&quot;:false}\">\n\t\t\t<div class=\"elementor-widget-wrap elementor-element-populated\">\n\t\t\t\t\t\t<div class=\"elementor-element elementor-element-ea4173f syd-sticky-section-no elementor-widget elementor-widget-heading\" data-id=\"ea4173f\" data-element_type=\"widget\" data-widget_type=\"heading.default\">\n\t\t\t\t<div class=\"elementor-widget-container\">\n\t\t\t\t\t<h2 class=\"elementor-heading-title elementor-size-default\">Sorular\u0131n\u0131z m\u0131 var?<\/h2>\t\t\t\t<\/div>\n\t\t\t\t<\/div>\n\t\t\t\t\t<\/div>\n\t\t<\/div>\n\t\t\t\t<div data-aos=\"\" class=\"elementor-column elementor-col-50 elementor-top-column elementor-element elementor-element-7aa5769 syd-sticky-section-no\" data-id=\"7aa5769\" data-element_type=\"column\" data-settings=\"{&quot;tp_sticky_col_effect_enable&quot;:false}\">\n\t\t\t<div class=\"elementor-widget-wrap elementor-element-populated\">\n\t\t\t\t\t\t<div class=\"elementor-element elementor-element-9c6e3e1 elementor-align-right elementor-mobile-align-center syd-sticky-section-no elementor-widget elementor-widget-button\" data-id=\"9c6e3e1\" data-element_type=\"widget\" data-widget_type=\"button.default\">\n\t\t\t\t<div class=\"elementor-widget-container\">\n\t\t\t\t\t\t\t\t\t<div class=\"elementor-button-wrapper\">\n\t\t\t\t\t<a class=\"elementor-button elementor-button-link elementor-size-sm\" href=\"https:\/\/healthagentsturkey.com\/iletisim\/\">\n\t\t\t\t\t\t<span class=\"elementor-button-content-wrapper\">\n\t\t\t\t\t\t\t\t\t<span class=\"elementor-button-text\">Bize Ula\u015f\u0131n<\/span>\n\t\t\t\t\t<\/span>\n\t\t\t\t\t<\/a>\n\t\t\t\t<\/div>\n\t\t\t\t\t\t\t\t<\/div>\n\t\t\t\t<\/div>\n\t\t\t\t\t<\/div>\n\t\t<\/div>\n\t\t\t\t\t<\/div>\n\t\t<\/section>\n\t\t\t\t<\/div>\n\t\t","protected":false},"excerpt":{"rendered":"<p>Mini \u0130mplantlar Mini dental implant (MDI) olarak da bilinen mini implant, geleneksel dental implant\u0131n daha k\u00fc\u00e7\u00fck bir versiyonudur. Eksik di\u015flerin yerini almak [&hellip;]<\/p>\n","protected":false},"author":1,"featured_media":0,"parent":1620,"menu_order":0,"comment_status":"closed","ping_status":"closed","template":"elementor_header_footer","meta":{"_eb_attr":"","footnotes":""},"class_list":["post-1690","page","type-page","status-publish","hentry"],"_links":{"self":[{"href":"http:\/\/healthagentsturkey.com\/tr\/wp-json\/wp\/v2\/pages\/1690","targetHints":{"allow":["GET"]}}],"collection":[{"href":"http:\/\/healthagentsturkey.com\/tr\/wp-json\/wp\/v2\/pages"}],"about":[{"href":"http:\/\/healthagentsturkey.com\/tr\/wp-json\/wp\/v2\/types\/page"}],"author":[{"embeddable":true,"href":"http:\/\/healthagentsturkey.com\/tr\/wp-json\/wp\/v2\/users\/1"}],"replies":[{"embeddable":true,"href":"http:\/\/healthagentsturkey.com\/tr\/wp-json\/wp\/v2\/comments?post=1690"}],"version-history":[{"count":1,"href":"http:\/\/healthagentsturkey.com\/tr\/wp-json\/wp\/v2\/pages\/1690\/revisions"}],"predecessor-version":[{"id":4777,"href":"http:\/\/healthagentsturkey.com\/tr\/wp-json\/wp\/v2\/pages\/1690\/revisions\/4777"}],"up":[{"embeddable":true,"href":"http:\/\/healthagentsturkey.com\/tr\/wp-json\/wp\/v2\/pages\/1620"}],"wp:attachment":[{"href":"http:\/\/healthagentsturkey.com\/tr\/wp-json\/wp\/v2\/media?parent=1690"}],"curies":[{"name":"wp","href":"https:\/\/api.w.org\/{rel}","templated":true}]}}