{"id":1680,"date":"2023-11-19T22:28:07","date_gmt":"2023-11-19T22:28:07","guid":{"rendered":"https:\/\/healthagentsturkey.com\/?page_id=1680"},"modified":"2026-02-25T10:31:55","modified_gmt":"2026-02-25T07:31:55","slug":"dis-implanti","status":"publish","type":"page","link":"http:\/\/healthagentsturkey.com\/tr\/tedavi\/dis\/implant-dis-hekimligi\/dis-implanti\/","title":{"rendered":"Di\u015f \u0130mplant\u0131"},"content":{"rendered":"\t\t<div data-elementor-type=\"wp-page\" data-elementor-id=\"1680\" class=\"elementor elementor-1680\" data-elementor-post-type=\"page\">\n\t\t\t\t\t\t<section class=\"elementor-section elementor-top-section elementor-element elementor-element-eedafb9 elementor-section-content-middle elementor-section-boxed elementor-section-height-default elementor-section-height-default tp-parallax-no syd-sticky-section-no\" data-id=\"eedafb9\" data-element_type=\"section\" data-settings=\"{&quot;tp_sticky_sec_effect_enable&quot;:false}\">\n\t\t\t\t\t\t<div class=\"elementor-container elementor-column-gap-default\">\n\t\t\t\t\t<div data-aos=\"\" class=\"elementor-column elementor-col-50 elementor-top-column elementor-element elementor-element-571508b syd-sticky-section-no\" data-id=\"571508b\" data-element_type=\"column\" data-settings=\"{&quot;tp_sticky_col_effect_enable&quot;:false}\">\n\t\t\t<div class=\"elementor-widget-wrap elementor-element-populated\">\n\t\t\t\t\t\t<div class=\"elementor-element elementor-element-2fc2cb6 syd-sticky-section-no elementor-widget elementor-widget-heading\" data-id=\"2fc2cb6\" data-element_type=\"widget\" data-widget_type=\"heading.default\">\n\t\t\t\t<div class=\"elementor-widget-container\">\n\t\t\t\t\t<h2 class=\"elementor-heading-title elementor-size-default\">Di\u015f \u0130mplant\u0131 Nedir?<\/h2>\t\t\t\t<\/div>\n\t\t\t\t<\/div>\n\t\t\t\t<div class=\"elementor-element elementor-element-1cf0f1c elementor-widget__width-initial syd-sticky-section-no elementor-widget elementor-widget-text-editor\" data-id=\"1cf0f1c\" data-element_type=\"widget\" data-widget_type=\"text-editor.default\">\n\t\t\t\t<div class=\"elementor-widget-container\">\n\t\t\t\t\t\t\t\t\t<p><a href=\"https:\/\/tr.wikipedia.org\/wiki\/Di%C5%9F_implant%C4%B1\"><b>Di\u015f implant\u0131<\/b><\/a>; eksik bir di\u015fin k\u00f6k\u00fcn\u00fcn yerini almas\u0131 i\u00e7in \u00e7ene kemi\u011fine cerrahi olarak yerle\u015ftirilen ve genellikle titanyumdan yap\u0131lm\u0131\u015f k\u00fc\u00e7\u00fck bir metal direktir. \u0130mplant yerle\u015ftirildikten sonra, \u201c<b>osseointegrasyon<\/b>\u201d ad\u0131 verilen bir s\u00fcre\u00e7le zamanla \u00e7evredeki kemikle kayna\u015f\u0131yor, bir yedek di\u015f veya kron, k\u00f6pr\u00fc veya protez gibi di\u015f protezleri i\u00e7in g\u00fc\u00e7l\u00fc ve sa\u011flam bir temel olu\u015fturuyor.<\/p><p><a href=\"https:\/\/tr.wikipedia.org\/wiki\/Di%C5%9F_implant%C4%B1\"><b>Di\u015f implant\u0131<\/b><\/a>\u00a0tek bir eksik di\u015fin veya birka\u00e7 eksik di\u015fin yerine kullan\u0131labiliyor; protez veya k\u00f6pr\u00fc gibi di\u011fer di\u015f protezi se\u00e7eneklerine g\u00f6re \u00e7e\u015fitli avantajlar sunuyor. \u00d6rne\u011fin; di\u015f implant\u0131 daha sa\u011flam ve dayan\u0131kl\u0131, kom\u015fu di\u015flerin deste\u011fine ihtiya\u00e7 duymuyor ve kemik kayb\u0131n\u0131 \u00f6nlemeye, \u00e7enenin do\u011fal yap\u0131s\u0131n\u0131 korumaya yard\u0131mc\u0131 olabiliyor.<\/p>\t\t\t\t\t\t\t\t<\/div>\n\t\t\t\t<\/div>\n\t\t\t\t\t<\/div>\n\t\t<\/div>\n\t\t\t\t<div data-aos=\"\" class=\"elementor-column elementor-col-50 elementor-top-column elementor-element elementor-element-bc4d4c0 syd-sticky-section-no\" data-id=\"bc4d4c0\" data-element_type=\"column\" data-settings=\"{&quot;tp_sticky_col_effect_enable&quot;:false}\">\n\t\t\t<div class=\"elementor-widget-wrap elementor-element-populated\">\n\t\t\t\t\t\t<div class=\"elementor-element elementor-element-48dd569 syd-sticky-section-no elementor-widget elementor-widget-image\" data-id=\"48dd569\" data-element_type=\"widget\" data-widget_type=\"image.default\">\n\t\t\t\t<div class=\"elementor-widget-container\">\n\t\t\t\t\t\t\t\t\t<\/div>\n\t\t\t\t<\/div>\n\t\t\t\t\t<\/div>\n\t\t<\/div>\n\t\t\t\t\t<\/div>\n\t\t<\/section>\n\t\t<div class=\"elementor-element elementor-element-99fe56d e-flex e-con-boxed syd-sticky-section-no e-con e-parent\" data-id=\"99fe56d\" data-element_type=\"container\">\n\t\t\t\t\t<div class=\"e-con-inner\">\n\t\t\t\t<div class=\"elementor-element elementor-element-def30c4 syd-sticky-section-no elementor-widget elementor-widget-text-editor\" data-id=\"def30c4\" data-element_type=\"widget\" data-widget_type=\"text-editor.default\">\n\t\t\t\t<div class=\"elementor-widget-container\">\n\t\t\t\t\t\t\t\t\t<p><b>Di\u015f implant\u0131 i\u00e7in en uygun ya\u015f ka\u00e7t\u0131r?<\/b><\/p><p><a href=\"https:\/\/tr.wikipedia.org\/wiki\/Di%C5%9F_implant%C4%B1\"><b>Di\u015f implant\u0131<\/b><\/a>\u00a0i\u00e7in en uygun ya\u015f; bireyin genel sa\u011fl\u0131\u011f\u0131, \u00e7ene kemi\u011finin kalitesi, miktar\u0131 ve di\u015f kayb\u0131n\u0131n boyutu d\u00e2hil olmak \u00fczere \u00e7e\u015fitli fakt\u00f6rlere ba\u011fl\u0131.<\/p><p>\u00a0<a href=\"https:\/\/tr.wikipedia.org\/wiki\/Di%C5%9F_implant%C4%B1\"><b><i>Di\u015f implant\u0131<\/i><\/b><\/a>\u00a0farkl\u0131 ya\u015flardaki bir\u00e7ok ki\u015fi i\u00e7in uygun bir se\u00e7enek olabiliyor, ancak zamanlama ve uygunluk ki\u015finin ko\u015fullar\u0131na ba\u011fl\u0131 olarak de\u011fi\u015febiliyor.<\/p><p>Genel olarak, \u00e7ene kemi\u011fi tam olarak olgunla\u015fmam\u0131\u015f ve implantlar\u0131 destekleyecek kadar stabil olmayabilece\u011finden \u00e7eneleri hala geli\u015fmekte olan \u00e7ocuklar veya gen\u00e7ler i\u00e7in\u00a0<a href=\"https:\/\/tr.wikipedia.org\/wiki\/Di%C5%9F_implant%C4%B1\"><b>di\u015f implant\u0131<\/b><\/a>\u00a0\u00f6nerilmiyor. Bununla birlikte, genel sa\u011fl\u0131k durumlar\u0131 iyi ve implantlar\u0131 desteklemek i\u00e7in yeterli \u00e7ene kemi\u011fi yo\u011funlu\u011funa ve hacmine sahip oldu\u011fu s\u00fcrece,\u00a0<a href=\"https:\/\/tr.wikipedia.org\/wiki\/Di%C5%9F_implant%C4%B1\">di\u015f implantlar\u0131<\/a>\u00a0her ya\u015ftan yeti\u015fkin i\u00e7in uygun bir se\u00e7enek olabiliyor. Bunun i\u00e7in klini\u011fimizdeki uzman di\u015f hekimlerimizle \u00f6n muayeneler ger\u00e7ekle\u015ftirebilir ve di\u015f implant\u0131 i\u00e7in uygun olup olmad\u0131\u011f\u0131n\u0131z\u0131 g\u00f6rebilirsiniz.<\/p><p><b>Di\u015f implant\u0131 i\u00e7in nereye gidebilirim?<\/b><\/p><p><a href=\"https:\/\/tr.wikipedia.org\/wiki\/Sa%C4%9Fl%C4%B1k\">Sa\u011fl\u0131k<\/a>\u00a0sekt\u00f6r\u00fcnde \u00f6nceli\u011fimiz her zaman hasta memnuniyeti ve sa\u011fl\u0131\u011f\u0131 olmu\u015ftur.\u00a0<b>Health Agents;<\/b>\u00a0modern teknoloji ve en son t\u0131bbi yeniliklerle donat\u0131lm\u0131\u015f bir ortamda, alan\u0131nda uzman doktorlar taraf\u0131ndan hizmet veriyor. Size en iyi hizmeti sunmak i\u00e7in her zaman yan\u0131n\u0131zday\u0131z ve ger\u00e7ekle\u015ftirdi\u011fimiz cerrahi i\u015flemlerde elde etti\u011fimiz ba\u015far\u0131larla gurur duyuyoruz. Bu nedenle\u00a0<b>Health Agents<\/b>\u00a0b\u00fcnyesindeki doktorlar\u0131m\u0131z, uzmanl\u0131klar\u0131 ve deneyimleri sayesinde t\u00fcm t\u0131bbi i\u015flemlerde oldu\u011fu gibi\u00a0<a href=\"https:\/\/tr.wikipedia.org\/wiki\/Di%C5%9F_implant%C4%B1\"><b><i>di\u015f implant\u0131<\/i><\/b><\/a>\u00a0i\u015flemi i\u00e7in de s\u0131kl\u0131kla tercih ediliyor. Siz de g\u00fcvenle bizi tercih edebilirsiniz.<\/p>\t\t\t\t\t\t\t\t<\/div>\n\t\t\t\t<\/div>\n\t\t\t\t\t<\/div>\n\t\t\t\t<\/div>\n\t\t\t\t<section class=\"elementor-section elementor-top-section elementor-element elementor-element-cfed380 elementor-section-content-middle elementor-section-boxed elementor-section-height-default elementor-section-height-default tp-parallax-no syd-sticky-section-no\" data-id=\"cfed380\" data-element_type=\"section\" data-settings=\"{&quot;background_background&quot;:&quot;classic&quot;,&quot;tp_sticky_sec_effect_enable&quot;:false}\">\n\t\t\t\t\t\t<div class=\"elementor-container elementor-column-gap-default\">\n\t\t\t\t\t<div data-aos=\"\" class=\"elementor-column elementor-col-50 elementor-top-column elementor-element elementor-element-d8fac92 syd-sticky-section-no\" data-id=\"d8fac92\" data-element_type=\"column\" data-settings=\"{&quot;tp_sticky_col_effect_enable&quot;:false}\">\n\t\t\t<div class=\"elementor-widget-wrap elementor-element-populated\">\n\t\t\t\t\t\t<div class=\"elementor-element elementor-element-ea4173f syd-sticky-section-no elementor-widget elementor-widget-heading\" data-id=\"ea4173f\" data-element_type=\"widget\" data-widget_type=\"heading.default\">\n\t\t\t\t<div class=\"elementor-widget-container\">\n\t\t\t\t\t<h2 class=\"elementor-heading-title elementor-size-default\">Sorular\u0131n\u0131z m\u0131 var?<\/h2>\t\t\t\t<\/div>\n\t\t\t\t<\/div>\n\t\t\t\t\t<\/div>\n\t\t<\/div>\n\t\t\t\t<div data-aos=\"\" class=\"elementor-column elementor-col-50 elementor-top-column elementor-element elementor-element-7aa5769 syd-sticky-section-no\" data-id=\"7aa5769\" data-element_type=\"column\" data-settings=\"{&quot;tp_sticky_col_effect_enable&quot;:false}\">\n\t\t\t<div class=\"elementor-widget-wrap elementor-element-populated\">\n\t\t\t\t\t\t<div class=\"elementor-element elementor-element-9c6e3e1 elementor-align-right elementor-mobile-align-center syd-sticky-section-no elementor-widget elementor-widget-button\" data-id=\"9c6e3e1\" data-element_type=\"widget\" data-widget_type=\"button.default\">\n\t\t\t\t<div class=\"elementor-widget-container\">\n\t\t\t\t\t\t\t\t\t<div class=\"elementor-button-wrapper\">\n\t\t\t\t\t<a class=\"elementor-button elementor-button-link elementor-size-sm\" href=\"https:\/\/healthagentsturkey.com\/iletisim\/\">\n\t\t\t\t\t\t<span class=\"elementor-button-content-wrapper\">\n\t\t\t\t\t\t\t\t\t<span class=\"elementor-button-text\">Bize Ula\u015f\u0131n<\/span>\n\t\t\t\t\t<\/span>\n\t\t\t\t\t<\/a>\n\t\t\t\t<\/div>\n\t\t\t\t\t\t\t\t<\/div>\n\t\t\t\t<\/div>\n\t\t\t\t\t<\/div>\n\t\t<\/div>\n\t\t\t\t\t<\/div>\n\t\t<\/section>\n\t\t\t\t<\/div>\n\t\t","protected":false},"excerpt":{"rendered":"<p>Di\u015f \u0130mplant\u0131 Nedir? Di\u015f implant\u0131 eksik bir di\u015fin k\u00f6k\u00fcn\u00fcn yerini almas\u0131 i\u00e7in \u00e7ene kemi\u011fine cerrahi olarak yerle\u015ftirilen ve genellikle titanyumdan yap\u0131lm\u0131\u015f k\u00fc\u00e7\u00fck [&hellip;]<\/p>\n","protected":false},"author":1,"featured_media":0,"parent":1620,"menu_order":0,"comment_status":"closed","ping_status":"closed","template":"elementor_header_footer","meta":{"_eb_attr":"","footnotes":""},"class_list":["post-1680","page","type-page","status-publish","hentry"],"_links":{"self":[{"href":"http:\/\/healthagentsturkey.com\/tr\/wp-json\/wp\/v2\/pages\/1680","targetHints":{"allow":["GET"]}}],"collection":[{"href":"http:\/\/healthagentsturkey.com\/tr\/wp-json\/wp\/v2\/pages"}],"about":[{"href":"http:\/\/healthagentsturkey.com\/tr\/wp-json\/wp\/v2\/types\/page"}],"author":[{"embeddable":true,"href":"http:\/\/healthagentsturkey.com\/tr\/wp-json\/wp\/v2\/users\/1"}],"replies":[{"embeddable":true,"href":"http:\/\/healthagentsturkey.com\/tr\/wp-json\/wp\/v2\/comments?post=1680"}],"version-history":[{"count":1,"href":"http:\/\/healthagentsturkey.com\/tr\/wp-json\/wp\/v2\/pages\/1680\/revisions"}],"predecessor-version":[{"id":4775,"href":"http:\/\/healthagentsturkey.com\/tr\/wp-json\/wp\/v2\/pages\/1680\/revisions\/4775"}],"up":[{"embeddable":true,"href":"http:\/\/healthagentsturkey.com\/tr\/wp-json\/wp\/v2\/pages\/1620"}],"wp:attachment":[{"href":"http:\/\/healthagentsturkey.com\/tr\/wp-json\/wp\/v2\/media?parent=1680"}],"curies":[{"name":"wp","href":"https:\/\/api.w.org\/{rel}","templated":true}]}}