{"id":1644,"date":"2023-11-19T20:42:49","date_gmt":"2023-11-19T20:42:49","guid":{"rendered":"https:\/\/healthagentsturkey.com\/?page_id=1644"},"modified":"2026-02-25T10:31:55","modified_gmt":"2026-02-25T07:31:55","slug":"porselen-dis-kaplama","status":"publish","type":"page","link":"http:\/\/healthagentsturkey.com\/tr\/tedavi\/dis\/estetik-dis-hekimligi\/porselen-dis-kaplama\/","title":{"rendered":"Porselen Di\u015f Kaplama"},"content":{"rendered":"\t\t<div data-elementor-type=\"wp-page\" data-elementor-id=\"1644\" class=\"elementor elementor-1644\" data-elementor-post-type=\"page\">\n\t\t\t\t\t\t<section class=\"elementor-section elementor-top-section elementor-element elementor-element-eedafb9 elementor-section-content-middle elementor-section-boxed elementor-section-height-default elementor-section-height-default tp-parallax-no syd-sticky-section-no\" data-id=\"eedafb9\" data-element_type=\"section\" data-settings=\"{&quot;tp_sticky_sec_effect_enable&quot;:false}\">\n\t\t\t\t\t\t<div class=\"elementor-container elementor-column-gap-default\">\n\t\t\t\t\t<div data-aos=\"\" class=\"elementor-column elementor-col-50 elementor-top-column elementor-element elementor-element-571508b syd-sticky-section-no\" data-id=\"571508b\" data-element_type=\"column\" data-settings=\"{&quot;tp_sticky_col_effect_enable&quot;:false}\">\n\t\t\t<div class=\"elementor-widget-wrap elementor-element-populated\">\n\t\t\t\t\t\t<div class=\"elementor-element elementor-element-2fc2cb6 syd-sticky-section-no elementor-widget elementor-widget-heading\" data-id=\"2fc2cb6\" data-element_type=\"widget\" data-widget_type=\"heading.default\">\n\t\t\t\t<div class=\"elementor-widget-container\">\n\t\t\t\t\t<h2 class=\"elementor-heading-title elementor-size-default\">Porselen Di\u015f Kaplama<\/h2>\t\t\t\t<\/div>\n\t\t\t\t<\/div>\n\t\t\t\t<div class=\"elementor-element elementor-element-1cf0f1c syd-sticky-section-no elementor-widget elementor-widget-text-editor\" data-id=\"1cf0f1c\" data-element_type=\"widget\" data-widget_type=\"text-editor.default\">\n\t\t\t\t<div class=\"elementor-widget-container\">\n\t\t\t\t\t\t\t\t\t<p><a href=\"https:\/\/tr.wikipedia.org\/wiki\/Porselen_di%C5%9F\"><b><i>Porselen di\u015f<\/i><\/b><\/a><b><i>\u00a0kaplama;<\/i><\/b>\u00a0di\u015fin d\u0131\u015f y\u00fczeyini kaplayan ve di\u015fin g\u00f6r\u00fcn\u00fcm\u00fcn\u00fc, rengini, \u015feklini ve boyutunu de\u011fi\u015ftirmeye yard\u0131mc\u0131 olan bir restoratif\u00a0<a href=\"https:\/\/tr.wikipedia.org\/wiki\/Di%C5%9F_hekimli%C4%9Fi\">di\u015f hekimli\u011fi<\/a>\u00a0i\u015flemidir. Bu i\u015flemde, \u00f6ncelikle di\u015fin \u00fcst tabakas\u0131 al\u0131narak di\u015fin boyutu azalt\u0131l\u0131yor ve daha sonra bir porselen kaplama, di\u015fin \u00fcst\u00fcne yap\u0131\u015ft\u0131r\u0131l\u0131yor.<\/p><p><a href=\"https:\/\/tr.wikipedia.org\/wiki\/Porselen_di%C5%9F\"><b><i>Porselen di\u015f<\/i><\/b><\/a><b><i>\u00a0kaplamalar\u0131<\/i><\/b>, do\u011fal di\u015f rengine benzer bir renk se\u00e7ene\u011fi sunuyor ve di\u015flerin do\u011fal \u0131\u015f\u0131k ge\u00e7irgenli\u011fini koruyor; b\u00f6ylece di\u015fler daha do\u011fal ve ger\u00e7ek\u00e7i bir g\u00f6r\u00fcn\u00fcme sahip oluyor. Ayr\u0131ca, porselen di\u015f kaplamalar\u0131, dayan\u0131kl\u0131 ve uzun \u00f6m\u00fcrl\u00fc bir kullan\u0131ma sahip, iyi bir bak\u0131mla y\u0131llarca dayanabiliyor.<\/p>\t\t\t\t\t\t\t\t<\/div>\n\t\t\t\t<\/div>\n\t\t\t\t\t<\/div>\n\t\t<\/div>\n\t\t\t\t<div data-aos=\"\" class=\"elementor-column elementor-col-50 elementor-top-column elementor-element elementor-element-bc4d4c0 syd-sticky-section-no\" data-id=\"bc4d4c0\" data-element_type=\"column\" data-settings=\"{&quot;tp_sticky_col_effect_enable&quot;:false}\">\n\t\t\t<div class=\"elementor-widget-wrap elementor-element-populated\">\n\t\t\t\t\t\t<div class=\"elementor-element elementor-element-48dd569 syd-sticky-section-no elementor-widget elementor-widget-image\" data-id=\"48dd569\" data-element_type=\"widget\" data-widget_type=\"image.default\">\n\t\t\t\t<div class=\"elementor-widget-container\">\n\t\t\t\t\t\t\t\t\t<\/div>\n\t\t\t\t<\/div>\n\t\t\t\t\t<\/div>\n\t\t<\/div>\n\t\t\t\t\t<\/div>\n\t\t<\/section>\n\t\t<div class=\"elementor-element elementor-element-99fe56d e-flex e-con-boxed syd-sticky-section-no e-con e-parent\" data-id=\"99fe56d\" data-element_type=\"container\">\n\t\t\t\t\t<div class=\"e-con-inner\">\n\t\t\t\t<div class=\"elementor-element elementor-element-def30c4 syd-sticky-section-no elementor-widget elementor-widget-text-editor\" data-id=\"def30c4\" data-element_type=\"widget\" data-widget_type=\"text-editor.default\">\n\t\t\t\t<div class=\"elementor-widget-container\">\n\t\t\t\t\t\t\t\t\t<p><a href=\"https:\/\/tr.wikipedia.org\/wiki\/Porselen_di%C5%9F\"><b>Porselen di\u015f<\/b><\/a>\u00a0kaplamalar\u0131 genellikle di\u015flerdeki \u00e7atlama, renk de\u011fi\u015fimi, a\u015f\u0131nma veya\u00a0<a href=\"https:\/\/tr.wikipedia.org\/wiki\/%C3%87%C3%BCr%C3%BCk#:~:text=Di%C5%9F%20%C3%A7%C3%BCr%C3%BC%C4%9F%C3%BC%2C%20bakterilerin%20%C3%BCrettikleri%20asitle,(oyulmu%C5%9F%20bo%C5%9Fluklar)%20meydana%20gelmektedir.\">\u00e7\u00fcr\u00fck<\/a>\u00a0gibi kozmetik veya estetik problemlerini d\u00fczeltmek i\u00e7in kullan\u0131l\u0131yor.<\/p><p><b>Porselen di\u015f kaplama nas\u0131l yap\u0131l\u0131r?<\/b><\/p><ul><li aria-level=\"1\"><b><i>Haz\u0131rl\u0131k a\u015famas\u0131<\/i><\/b>: \u0130lk a\u015fama, di\u015flerin i\u015fleme haz\u0131rlanmas\u0131. Bu a\u015famada, di\u015fin \u00fcst tabakas\u0131 al\u0131narak di\u015fin boyutu azalt\u0131l\u0131yor ve di\u015f \u015fekillendiriliyor. Ayr\u0131ca di\u015f hekimi, di\u015fin do\u011fal rengine uygun bir porselen kaplama rengi se\u00e7iyor ve di\u015fin \u00f6l\u00e7\u00fcs\u00fcn\u00fc al\u0131yor.<\/li><li aria-level=\"1\"><b><i>Porselen kaplama yap\u0131m\u0131 ve tak\u0131lmas\u0131<\/i><\/b>: \u00d6l\u00e7\u00fcler di\u015f laboratuvar\u0131na g\u00f6nderiliyor ve laboratuvarda \u00f6zel olarak planlanan\u00a0<a href=\"https:\/\/tr.wikipedia.org\/wiki\/Porselen_di%C5%9F\"><b><i>porselen di\u015f<\/i><\/b><\/a><b><i>\u00a0kaplamas\u0131<\/i><\/b>\u00a0yap\u0131l\u0131yor. Daha sonra kaplama; di\u015f hekimli\u011fi klini\u011fine geri g\u00f6nderiliyor ve di\u015f hekimi taraf\u0131ndan di\u015fe yap\u0131\u015ft\u0131r\u0131l\u0131yor. Porselen kaplama, di\u015fin \u00fcst y\u00fczeyine \u00f6zel bir yap\u0131\u015ft\u0131r\u0131c\u0131 ile sabitleniyor. Son olarak di\u015f hekimi, kaplaman\u0131n kenarlar\u0131n\u0131 cilal\u0131yor ve son kontrolleri yap\u0131yor.<\/li><\/ul><p><b><br \/>Sar\u0131 di\u015flerden nas\u0131l kurtulabilirim?<\/b><\/p><ul><li aria-level=\"1\">Pla\u011f\u0131 \u00e7\u0131karmak ve lekelerin olu\u015fmas\u0131n\u0131 \u00f6nlemek i\u00e7in di\u015flerinizi g\u00fcnde en az iki kez f\u0131r\u00e7alay\u0131n ve g\u00fcnde en az bir kez di\u015f ipi kullan\u0131n.<\/li><li aria-level=\"1\">Lekeye neden olan yiyecek ve i\u00e7eceklerden ka\u00e7\u0131n\u0131n.<\/li><li aria-level=\"1\">Beyazlat\u0131c\u0131 di\u015f macunu kullan\u0131n.<\/li><li aria-level=\"1\">Di\u015fleriniz ciddi \u015fekilde lekelenmi\u015fse, profesyonel di\u015f beyazlatma yapt\u0131rmay\u0131 d\u00fc\u015f\u00fcnebilirsiniz.<\/li><li aria-level=\"1\">Sigaray\u0131 b\u0131rak\u0131n. Sigara b\u0131rakmak ileride olu\u015fabilecek lekeleri \u00f6nlemeye yard\u0131mc\u0131 olabilir.<\/li><li aria-level=\"1\"><a href=\"https:\/\/tr.wikipedia.org\/wiki\/Porselen_di%C5%9F\"><b><i>Porselen di\u015f<\/i><\/b><\/a><b><i>\u00a0kaplama<\/i><\/b>\u00a0i\u015flemi yapt\u0131r\u0131n. Porselen kaplama ile sar\u0131 di\u015flerinizden kurtulabilir, bembeyaz ve sa\u011fl\u0131kl\u0131 bir g\u00fcl\u00fcmsemeye sahip olabilirsiniz.<\/li><\/ul><p>Unutmay\u0131n, bu ad\u0131mlar sar\u0131 di\u015flerin g\u00f6r\u00fcn\u00fcm\u00fcn\u00fc iyile\u015ftirmeye yard\u0131mc\u0131 olabilir, ancak gelecekteki lekelenmeyi \u00f6nlemek i\u00e7in a\u011f\u0131z hijyenine de dikkat etmeniz gerekiyor.<\/p><p><b>Porselen di\u015f kaplama i\u00e7in nereye gidebilirim?<\/b><\/p><p>Sa\u011fl\u0131k sekt\u00f6r\u00fcnde \u00f6nceli\u011fimiz her zaman hasta memnuniyeti ve sa\u011fl\u0131\u011f\u0131 olmu\u015ftur.\u00a0<b>Health Agents;<\/b>\u00a0modern teknoloji ve en son t\u0131bbi yeniliklerle donat\u0131lm\u0131\u015f bir ortamda, alan\u0131nda uzman doktorlar taraf\u0131ndan hizmet veriyor. Size en iyi hizmeti sunmak i\u00e7in her zaman yan\u0131n\u0131zday\u0131z ve ger\u00e7ekle\u015ftirdi\u011fimiz cerrahi i\u015flemlerde elde etti\u011fimiz ba\u015far\u0131larla gurur duyuyoruz. Bu nedenle\u00a0<b>Health Agents<\/b>\u00a0b\u00fcnyesindeki doktorlar\u0131m\u0131z, uzmanl\u0131klar\u0131 ve deneyimleri sayesinde t\u00fcm t\u0131bbi i\u015flemlerde oldu\u011fu gibi\u00a0<a href=\"https:\/\/tr.wikipedia.org\/wiki\/Porselen_di%C5%9F\"><b><i>porselen di\u015f<\/i><\/b><\/a><b><i>\u00a0kaplama<\/i><\/b>\u00a0i\u015flemleri i\u00e7in de s\u0131kl\u0131kla tercih ediliyor. Siz de g\u00fcvenle bizi tercih edebilirsiniz.<\/p>\t\t\t\t\t\t\t\t<\/div>\n\t\t\t\t<\/div>\n\t\t\t\t\t<\/div>\n\t\t\t\t<\/div>\n\t\t\t\t<section class=\"elementor-section elementor-top-section elementor-element elementor-element-cfed380 elementor-section-content-middle elementor-section-boxed elementor-section-height-default elementor-section-height-default tp-parallax-no syd-sticky-section-no\" data-id=\"cfed380\" data-element_type=\"section\" data-settings=\"{&quot;background_background&quot;:&quot;classic&quot;,&quot;tp_sticky_sec_effect_enable&quot;:false}\">\n\t\t\t\t\t\t<div class=\"elementor-container elementor-column-gap-default\">\n\t\t\t\t\t<div data-aos=\"\" class=\"elementor-column elementor-col-50 elementor-top-column elementor-element elementor-element-d8fac92 syd-sticky-section-no\" data-id=\"d8fac92\" data-element_type=\"column\" data-settings=\"{&quot;tp_sticky_col_effect_enable&quot;:false}\">\n\t\t\t<div class=\"elementor-widget-wrap elementor-element-populated\">\n\t\t\t\t\t\t<div class=\"elementor-element elementor-element-ea4173f syd-sticky-section-no elementor-widget elementor-widget-heading\" data-id=\"ea4173f\" data-element_type=\"widget\" data-widget_type=\"heading.default\">\n\t\t\t\t<div class=\"elementor-widget-container\">\n\t\t\t\t\t<h2 class=\"elementor-heading-title elementor-size-default\">Sorular\u0131n\u0131z m\u0131 var?<\/h2>\t\t\t\t<\/div>\n\t\t\t\t<\/div>\n\t\t\t\t\t<\/div>\n\t\t<\/div>\n\t\t\t\t<div data-aos=\"\" class=\"elementor-column elementor-col-50 elementor-top-column elementor-element elementor-element-7aa5769 syd-sticky-section-no\" data-id=\"7aa5769\" data-element_type=\"column\" data-settings=\"{&quot;tp_sticky_col_effect_enable&quot;:false}\">\n\t\t\t<div class=\"elementor-widget-wrap elementor-element-populated\">\n\t\t\t\t\t\t<div class=\"elementor-element elementor-element-9c6e3e1 elementor-align-right elementor-mobile-align-center syd-sticky-section-no elementor-widget elementor-widget-button\" data-id=\"9c6e3e1\" data-element_type=\"widget\" data-widget_type=\"button.default\">\n\t\t\t\t<div class=\"elementor-widget-container\">\n\t\t\t\t\t\t\t\t\t<div class=\"elementor-button-wrapper\">\n\t\t\t\t\t<a class=\"elementor-button elementor-button-link elementor-size-sm\" href=\"https:\/\/healthagentsturkey.com\/iletisim\/\">\n\t\t\t\t\t\t<span class=\"elementor-button-content-wrapper\">\n\t\t\t\t\t\t\t\t\t<span class=\"elementor-button-text\">Bize Ula\u015f\u0131n<\/span>\n\t\t\t\t\t<\/span>\n\t\t\t\t\t<\/a>\n\t\t\t\t<\/div>\n\t\t\t\t\t\t\t\t<\/div>\n\t\t\t\t<\/div>\n\t\t\t\t\t<\/div>\n\t\t<\/div>\n\t\t\t\t\t<\/div>\n\t\t<\/section>\n\t\t\t\t<\/div>\n\t\t","protected":false},"excerpt":{"rendered":"<p>Porselen Di\u015f Kaplama Porselen di\u015f\u00a0kaplama\u00a0di\u015fin d\u0131\u015f y\u00fczeyini kaplayan ve di\u015fin g\u00f6r\u00fcn\u00fcm\u00fcn\u00fc, rengini, \u015feklini ve boyutunu de\u011fi\u015ftirmeye yard\u0131mc\u0131 olan bir restoratif\u00a0di\u015f hekimli\u011fi\u00a0i\u015flemidir. Bu [&hellip;]<\/p>\n","protected":false},"author":1,"featured_media":0,"parent":1618,"menu_order":0,"comment_status":"closed","ping_status":"closed","template":"elementor_header_footer","meta":{"_eb_attr":"","footnotes":""},"class_list":["post-1644","page","type-page","status-publish","hentry"],"_links":{"self":[{"href":"http:\/\/healthagentsturkey.com\/tr\/wp-json\/wp\/v2\/pages\/1644","targetHints":{"allow":["GET"]}}],"collection":[{"href":"http:\/\/healthagentsturkey.com\/tr\/wp-json\/wp\/v2\/pages"}],"about":[{"href":"http:\/\/healthagentsturkey.com\/tr\/wp-json\/wp\/v2\/types\/page"}],"author":[{"embeddable":true,"href":"http:\/\/healthagentsturkey.com\/tr\/wp-json\/wp\/v2\/users\/1"}],"replies":[{"embeddable":true,"href":"http:\/\/healthagentsturkey.com\/tr\/wp-json\/wp\/v2\/comments?post=1644"}],"version-history":[{"count":1,"href":"http:\/\/healthagentsturkey.com\/tr\/wp-json\/wp\/v2\/pages\/1644\/revisions"}],"predecessor-version":[{"id":4770,"href":"http:\/\/healthagentsturkey.com\/tr\/wp-json\/wp\/v2\/pages\/1644\/revisions\/4770"}],"up":[{"embeddable":true,"href":"http:\/\/healthagentsturkey.com\/tr\/wp-json\/wp\/v2\/pages\/1618"}],"wp:attachment":[{"href":"http:\/\/healthagentsturkey.com\/tr\/wp-json\/wp\/v2\/media?parent=1644"}],"curies":[{"name":"wp","href":"https:\/\/api.w.org\/{rel}","templated":true}]}}