{"id":1642,"date":"2023-11-19T20:41:55","date_gmt":"2023-11-19T20:41:55","guid":{"rendered":"https:\/\/healthagentsturkey.com\/?page_id=1642"},"modified":"2026-02-25T10:31:55","modified_gmt":"2026-02-25T07:31:55","slug":"tam-zirkonyum-kronlar","status":"publish","type":"page","link":"http:\/\/healthagentsturkey.com\/tr\/tedavi\/dis\/estetik-dis-hekimligi\/tam-zirkonyum-kronlar\/","title":{"rendered":"Tam Zirkonyum Kronlar"},"content":{"rendered":"\t\t<div data-elementor-type=\"wp-page\" data-elementor-id=\"1642\" class=\"elementor elementor-1642\" data-elementor-post-type=\"page\">\n\t\t\t\t\t\t<section class=\"elementor-section elementor-top-section elementor-element elementor-element-eedafb9 elementor-section-content-middle elementor-section-boxed elementor-section-height-default elementor-section-height-default tp-parallax-no syd-sticky-section-no\" data-id=\"eedafb9\" data-element_type=\"section\" data-settings=\"{&quot;tp_sticky_sec_effect_enable&quot;:false}\">\n\t\t\t\t\t\t<div class=\"elementor-container elementor-column-gap-default\">\n\t\t\t\t\t<div data-aos=\"\" class=\"elementor-column elementor-col-50 elementor-top-column elementor-element elementor-element-571508b syd-sticky-section-no\" data-id=\"571508b\" data-element_type=\"column\" data-settings=\"{&quot;tp_sticky_col_effect_enable&quot;:false}\">\n\t\t\t<div class=\"elementor-widget-wrap elementor-element-populated\">\n\t\t\t\t\t\t<div class=\"elementor-element elementor-element-2fc2cb6 syd-sticky-section-no elementor-widget elementor-widget-heading\" data-id=\"2fc2cb6\" data-element_type=\"widget\" data-widget_type=\"heading.default\">\n\t\t\t\t<div class=\"elementor-widget-container\">\n\t\t\t\t\t<h2 class=\"elementor-heading-title elementor-size-default\">Tam Zirkonyum Kronlar<\/h2>\t\t\t\t<\/div>\n\t\t\t\t<\/div>\n\t\t\t\t<div class=\"elementor-element elementor-element-1cf0f1c elementor-widget__width-initial syd-sticky-section-no elementor-widget elementor-widget-text-editor\" data-id=\"1cf0f1c\" data-element_type=\"widget\" data-widget_type=\"text-editor.default\">\n\t\t\t\t<div class=\"elementor-widget-container\">\n\t\t\t\t\t\t\t\t\t<p>Zirkonya kaplama olarak da bilinen tam zirkonyum kron, dayan\u0131kl\u0131 ve estetik a\u00e7\u0131dan ho\u015f bir seramik malzeme olan tamamen zirkonyumdan yap\u0131lm\u0131\u015f bir di\u015f kaplama t\u00fcr\u00fcd\u00fcr. Di\u015f kronlar\u0131, g\u00fcc\u00fcn\u00fc, i\u015flevini ve g\u00f6r\u00fcn\u00fcm\u00fcn\u00fc eski haline getirmek i\u00e7in hasarl\u0131 veya zay\u0131flam\u0131\u015f bir di\u015fin \u00fczerine yerle\u015ftirilen di\u015f \u015feklindeki kaplamalard\u0131r.<\/p>\t\t\t\t\t\t\t\t<\/div>\n\t\t\t\t<\/div>\n\t\t\t\t\t<\/div>\n\t\t<\/div>\n\t\t\t\t<div data-aos=\"\" class=\"elementor-column elementor-col-50 elementor-top-column elementor-element elementor-element-bc4d4c0 syd-sticky-section-no\" data-id=\"bc4d4c0\" data-element_type=\"column\" data-settings=\"{&quot;tp_sticky_col_effect_enable&quot;:false}\">\n\t\t\t<div class=\"elementor-widget-wrap elementor-element-populated\">\n\t\t\t\t\t\t<div class=\"elementor-element elementor-element-48dd569 syd-sticky-section-no elementor-widget elementor-widget-image\" data-id=\"48dd569\" data-element_type=\"widget\" data-widget_type=\"image.default\">\n\t\t\t\t<div class=\"elementor-widget-container\">\n\t\t\t\t\t\t\t\t\t<\/div>\n\t\t\t\t<\/div>\n\t\t\t\t\t<\/div>\n\t\t<\/div>\n\t\t\t\t\t<\/div>\n\t\t<\/section>\n\t\t<div class=\"elementor-element elementor-element-99fe56d e-flex e-con-boxed syd-sticky-section-no e-con e-parent\" data-id=\"99fe56d\" data-element_type=\"container\">\n\t\t\t\t\t<div class=\"e-con-inner\">\n\t\t\t\t<div class=\"elementor-element elementor-element-def30c4 syd-sticky-section-no elementor-widget elementor-widget-text-editor\" data-id=\"def30c4\" data-element_type=\"widget\" data-widget_type=\"text-editor.default\">\n\t\t\t\t<div class=\"elementor-widget-container\">\n\t\t\t\t\t\t\t\t\t<p>Genel olarak zirkonya olarak adland\u0131r\u0131lan zirkonyum dioksit, ola\u011fan\u00fcst\u00fc g\u00fc\u00e7 ve dayan\u0131kl\u0131l\u0131\u011fa sahip beyaz, yar\u0131 saydam bir malzemedir. Biyo uyumlulu\u011fu ile bilinir, yani v\u00fccut taraf\u0131ndan iyi tolere edilir ve yan etkilere veya alerjilere neden olmaz. Zirkonya kronlar, m\u00fckemmel mekanik \u00f6zellikleri ve do\u011fal g\u00f6r\u00fcn\u00fcml\u00fc estetikleri nedeniyle di\u015f hekimli\u011finde giderek daha pop\u00fcler hale gelmi\u015ftir.<\/p><p>Tam bir zirkonyum kron olu\u015fturma ve yerle\u015ftirme i\u015flemi tipik olarak a\u015fa\u011f\u0131daki ad\u0131mlar\u0131 i\u00e7erir:<br \/><br \/>1. Di\u015flerin preparasyonu: \u0130lgili di\u015fin, \u00e7\u00fcr\u00fcm\u00fc\u015f veya hasar g\u00f6rm\u00fc\u015f k\u0131s\u0131mlar\u0131 \u00e7\u0131kar\u0131larak ve kurona uyacak \u015fekilde yeniden \u015fekillendirilerek haz\u0131rlan\u0131r.<br \/>2. \u00d6l\u00e7\u00fc: Prepare edilen di\u015ften, zirkonyum kronunun di\u015f laboratuvar\u0131nda tasarlanmas\u0131 i\u00e7in k\u0131lavuz g\u00f6revi g\u00f6recek bir \u00f6l\u00e7\u00fc veya dijital tarama al\u0131n\u0131r.<br \/>3. Kron yap\u0131m\u0131: Bir di\u015f laboratuvar\u0131ndaki deneyimli di\u015f teknisyenleri, zirkonya kronu tasarlamak ve \u00fcretmek i\u00e7in \u00f6l\u00e7\u00fc veya dijital taramay\u0131 kullan\u0131r. Tam oturma ve optimum estetik sa\u011flamak i\u00e7in bilgisayar destekli tasar\u0131m ve bilgisayar destekli imalat (CAD\/CAM) teknolojisi kullan\u0131labilir.<br \/>4. Ge\u00e7ici kuron: Zirkonyum kuron yap\u0131l\u0131rken, haz\u0131rlanan di\u015fin \u00fczerine onu korumak ve i\u015flevselli\u011fini s\u00fcrd\u00fcrmek i\u00e7in ge\u00e7ici bir kuron yerle\u015ftirilebilir.<br \/>5. Kron yerle\u015ftirme: Zirkonyum kron haz\u0131r oldu\u011funda oturmas\u0131, \u015fekli ve rengi test edilir. Kal\u0131c\u0131 olarak yerle\u015ftirmeden \u00f6nce gerekli d\u00fczeltmeler yap\u0131labilir. Di\u015f temizlenir ve zirkonya kron, di\u015f dolgu malzemesi veya yap\u0131\u015ft\u0131r\u0131c\u0131 ajan kullan\u0131larak di\u015fe kal\u0131c\u0131 olarak yap\u0131\u015ft\u0131r\u0131l\u0131r.<br \/><br \/>Tam zirkonyum kronlar\u0131n faydalar\u0131 \u015funlar\u0131 i\u00e7erir:<br \/><br \/>1. Mukavemet ve dayan\u0131kl\u0131l\u0131k: Zirkonya, k\u0131r\u0131lmalara ve a\u015f\u0131nmaya kar\u015f\u0131 olduk\u00e7a diren\u00e7lidir ve bu da onu uzun \u00f6m\u00fcrl\u00fc bir restorasyon se\u00e7ene\u011fi haline getirir.<br \/>2. Estetik: Zirkonya, do\u011fal di\u015flerle sorunsuz bir \u015fekilde uyum sa\u011flayan di\u015f benzeri bir saydaml\u0131\u011fa sahiptir ve bu \u00f6zelli\u011fi de olduk\u00e7a estetik bir restorasyon sa\u011flar.<br \/>3. Biyouyumluluk: Zirkonya biyolojik olarak uyumludur, yani v\u00fccut taraf\u0131ndan iyi tolere edilir ve olumsuz reaksiyonlara, alerjilere neden olmaz.<br \/>4. Konservatif di\u015f haz\u0131rl\u0131\u011f\u0131: Geleneksel kronlarla kar\u015f\u0131la\u015ft\u0131r\u0131ld\u0131\u011f\u0131nda, zirkonya kronlar, do\u011fal di\u015fi daha fazla koruyarak genellikle di\u015f yap\u0131s\u0131n\u0131n minimum d\u00fczeyde a\u015f\u0131nd\u0131r\u0131lmas\u0131n\u0131 gerektirir.<br \/>Dental durumunuz i\u00e7in zirkonyum kronun uygun tedavi se\u00e7ene\u011fi olup olmad\u0131\u011f\u0131n\u0131 belirlenmesinde, ilgili bir di\u015f hekimine dan\u0131\u015fman\u0131z \u00f6nemlidir.<\/p>\t\t\t\t\t\t\t\t<\/div>\n\t\t\t\t<\/div>\n\t\t\t\t\t<\/div>\n\t\t\t\t<\/div>\n\t\t\t\t<section class=\"elementor-section elementor-top-section elementor-element elementor-element-cfed380 elementor-section-content-middle elementor-section-boxed elementor-section-height-default elementor-section-height-default tp-parallax-no syd-sticky-section-no\" data-id=\"cfed380\" data-element_type=\"section\" data-settings=\"{&quot;background_background&quot;:&quot;classic&quot;,&quot;tp_sticky_sec_effect_enable&quot;:false}\">\n\t\t\t\t\t\t<div class=\"elementor-container elementor-column-gap-default\">\n\t\t\t\t\t<div data-aos=\"\" class=\"elementor-column elementor-col-50 elementor-top-column elementor-element elementor-element-d8fac92 syd-sticky-section-no\" data-id=\"d8fac92\" data-element_type=\"column\" data-settings=\"{&quot;tp_sticky_col_effect_enable&quot;:false}\">\n\t\t\t<div class=\"elementor-widget-wrap elementor-element-populated\">\n\t\t\t\t\t\t<div class=\"elementor-element elementor-element-ea4173f syd-sticky-section-no elementor-widget elementor-widget-heading\" data-id=\"ea4173f\" data-element_type=\"widget\" data-widget_type=\"heading.default\">\n\t\t\t\t<div class=\"elementor-widget-container\">\n\t\t\t\t\t<h2 class=\"elementor-heading-title elementor-size-default\">Sorular\u0131n\u0131z m\u0131 var?<\/h2>\t\t\t\t<\/div>\n\t\t\t\t<\/div>\n\t\t\t\t\t<\/div>\n\t\t<\/div>\n\t\t\t\t<div data-aos=\"\" class=\"elementor-column elementor-col-50 elementor-top-column elementor-element elementor-element-7aa5769 syd-sticky-section-no\" data-id=\"7aa5769\" data-element_type=\"column\" data-settings=\"{&quot;tp_sticky_col_effect_enable&quot;:false}\">\n\t\t\t<div class=\"elementor-widget-wrap elementor-element-populated\">\n\t\t\t\t\t\t<div class=\"elementor-element elementor-element-9c6e3e1 elementor-align-right elementor-mobile-align-center syd-sticky-section-no elementor-widget elementor-widget-button\" data-id=\"9c6e3e1\" data-element_type=\"widget\" data-widget_type=\"button.default\">\n\t\t\t\t<div class=\"elementor-widget-container\">\n\t\t\t\t\t\t\t\t\t<div class=\"elementor-button-wrapper\">\n\t\t\t\t\t<a class=\"elementor-button elementor-button-link elementor-size-sm\" href=\"https:\/\/healthagentsturkey.com\/iletisim\/\">\n\t\t\t\t\t\t<span class=\"elementor-button-content-wrapper\">\n\t\t\t\t\t\t\t\t\t<span class=\"elementor-button-text\">Bize Ula\u015f\u0131n<\/span>\n\t\t\t\t\t<\/span>\n\t\t\t\t\t<\/a>\n\t\t\t\t<\/div>\n\t\t\t\t\t\t\t\t<\/div>\n\t\t\t\t<\/div>\n\t\t\t\t\t<\/div>\n\t\t<\/div>\n\t\t\t\t\t<\/div>\n\t\t<\/section>\n\t\t\t\t<\/div>\n\t\t","protected":false},"excerpt":{"rendered":"<p>Tam Zirkonyum Kronlar Zirkonya kaplama olarak da bilinen tam zirkonyum kron, dayan\u0131kl\u0131 ve estetik a\u00e7\u0131dan ho\u015f bir seramik malzeme olan tamamen zirkonyumdan [&hellip;]<\/p>\n","protected":false},"author":1,"featured_media":0,"parent":1618,"menu_order":0,"comment_status":"closed","ping_status":"closed","template":"elementor_header_footer","meta":{"_eb_attr":"","footnotes":""},"class_list":["post-1642","page","type-page","status-publish","hentry"],"_links":{"self":[{"href":"http:\/\/healthagentsturkey.com\/tr\/wp-json\/wp\/v2\/pages\/1642","targetHints":{"allow":["GET"]}}],"collection":[{"href":"http:\/\/healthagentsturkey.com\/tr\/wp-json\/wp\/v2\/pages"}],"about":[{"href":"http:\/\/healthagentsturkey.com\/tr\/wp-json\/wp\/v2\/types\/page"}],"author":[{"embeddable":true,"href":"http:\/\/healthagentsturkey.com\/tr\/wp-json\/wp\/v2\/users\/1"}],"replies":[{"embeddable":true,"href":"http:\/\/healthagentsturkey.com\/tr\/wp-json\/wp\/v2\/comments?post=1642"}],"version-history":[{"count":1,"href":"http:\/\/healthagentsturkey.com\/tr\/wp-json\/wp\/v2\/pages\/1642\/revisions"}],"predecessor-version":[{"id":4771,"href":"http:\/\/healthagentsturkey.com\/tr\/wp-json\/wp\/v2\/pages\/1642\/revisions\/4771"}],"up":[{"embeddable":true,"href":"http:\/\/healthagentsturkey.com\/tr\/wp-json\/wp\/v2\/pages\/1618"}],"wp:attachment":[{"href":"http:\/\/healthagentsturkey.com\/tr\/wp-json\/wp\/v2\/media?parent=1642"}],"curies":[{"name":"wp","href":"https:\/\/api.w.org\/{rel}","templated":true}]}}