{"id":1635,"date":"2023-11-19T20:05:26","date_gmt":"2023-11-19T20:05:26","guid":{"rendered":"https:\/\/healthagentsturkey.com\/?page_id=1635"},"modified":"2026-02-25T10:31:54","modified_gmt":"2026-02-25T07:31:54","slug":"hazirliksiz-kaplamalar","status":"publish","type":"page","link":"http:\/\/healthagentsturkey.com\/tr\/tedavi\/dis\/estetik-dis-hekimligi\/hazirliksiz-kaplamalar\/","title":{"rendered":"Haz\u0131rl\u0131ks\u0131z Kaplamalar"},"content":{"rendered":"\t\t<div data-elementor-type=\"wp-page\" data-elementor-id=\"1635\" class=\"elementor elementor-1635\" data-elementor-post-type=\"page\">\n\t\t\t\t\t\t<section class=\"elementor-section elementor-top-section elementor-element elementor-element-eedafb9 elementor-section-content-middle elementor-section-boxed elementor-section-height-default elementor-section-height-default tp-parallax-no syd-sticky-section-no\" data-id=\"eedafb9\" data-element_type=\"section\" data-settings=\"{&quot;tp_sticky_sec_effect_enable&quot;:false}\">\n\t\t\t\t\t\t<div class=\"elementor-container elementor-column-gap-default\">\n\t\t\t\t\t<div data-aos=\"\" class=\"elementor-column elementor-col-50 elementor-top-column elementor-element elementor-element-571508b syd-sticky-section-no\" data-id=\"571508b\" data-element_type=\"column\" data-settings=\"{&quot;tp_sticky_col_effect_enable&quot;:false}\">\n\t\t\t<div class=\"elementor-widget-wrap elementor-element-populated\">\n\t\t\t\t\t\t<div class=\"elementor-element elementor-element-2fc2cb6 syd-sticky-section-no elementor-widget elementor-widget-heading\" data-id=\"2fc2cb6\" data-element_type=\"widget\" data-widget_type=\"heading.default\">\n\t\t\t\t<div class=\"elementor-widget-container\">\n\t\t\t\t\t<h2 class=\"elementor-heading-title elementor-size-default\">Kesimsiz Lamine Kaplamalar<\/h2>\t\t\t\t<\/div>\n\t\t\t\t<\/div>\n\t\t\t\t<div class=\"elementor-element elementor-element-1cf0f1c syd-sticky-section-no elementor-widget elementor-widget-text-editor\" data-id=\"1cf0f1c\" data-element_type=\"widget\" data-widget_type=\"text-editor.default\">\n\t\t\t\t<div class=\"elementor-widget-container\">\n\t\t\t\t\t\t\t\t\t<p>Minimum a\u015f\u0131nd\u0131rmal\u0131 veya a\u015f\u0131nd\u0131rma yap\u0131lmayan veneerler olarak da bilinen a\u015f\u0131nd\u0131rmas\u0131z veneerler, yerle\u015ftirmeden \u00f6nce do\u011fal di\u015flerde \u00e7ok az a\u015f\u0131nd\u0131rma gerektiren veya hi\u00e7 a\u015f\u0131nd\u0131rma yap\u0131lmas\u0131n\u0131 gerektirmeyen bir lamina veneer t\u00fcr\u00fcd\u00fcr. Veneerler; g\u00f6r\u00fcn\u00fcmlerini iyile\u015ftirmek i\u00e7in di\u015flerin \u00f6n y\u00fczeyine yap\u0131\u015ft\u0131r\u0131lan, genellikle porselen veya kompozit rezinden yap\u0131lm\u0131\u015f restoratif materyallerdir.<\/p><p>Geleneksel veneerler, tipik olarak, veneer i\u00e7in alan olu\u015fturmak ve uygun \u015fekilde yerle\u015fmesini sa\u011flamak i\u00e7in az miktarda di\u015f minesinin a\u015f\u0131nd\u0131r\u0131lmas\u0131n\u0131 gerektirir. Bu i\u015flem geri d\u00f6nd\u00fcr\u00fclemez ve mine a\u015f\u0131nd\u0131r\u0131ld\u0131ktan sonra eski haline d\u00f6nd\u00fcr\u00fclemez.\u00a0<\/p>\t\t\t\t\t\t\t\t<\/div>\n\t\t\t\t<\/div>\n\t\t\t\t\t<\/div>\n\t\t<\/div>\n\t\t\t\t<div data-aos=\"\" class=\"elementor-column elementor-col-50 elementor-top-column elementor-element elementor-element-bc4d4c0 syd-sticky-section-no\" data-id=\"bc4d4c0\" data-element_type=\"column\" data-settings=\"{&quot;tp_sticky_col_effect_enable&quot;:false}\">\n\t\t\t<div class=\"elementor-widget-wrap elementor-element-populated\">\n\t\t\t\t\t\t<div class=\"elementor-element elementor-element-48dd569 syd-sticky-section-no elementor-widget elementor-widget-image\" data-id=\"48dd569\" data-element_type=\"widget\" data-widget_type=\"image.default\">\n\t\t\t\t<div class=\"elementor-widget-container\">\n\t\t\t\t\t\t\t\t\t<\/div>\n\t\t\t\t<\/div>\n\t\t\t\t\t<\/div>\n\t\t<\/div>\n\t\t\t\t\t<\/div>\n\t\t<\/section>\n\t\t<div class=\"elementor-element elementor-element-99fe56d e-flex e-con-boxed syd-sticky-section-no e-con e-parent\" data-id=\"99fe56d\" data-element_type=\"container\">\n\t\t\t\t\t<div class=\"e-con-inner\">\n\t\t\t\t<div class=\"elementor-element elementor-element-def30c4 syd-sticky-section-no elementor-widget elementor-widget-text-editor\" data-id=\"def30c4\" data-element_type=\"widget\" data-widget_type=\"text-editor.default\">\n\t\t\t\t<div class=\"elementor-widget-container\">\n\t\t\t\t\t\t\t\t\t<p>Bununla birlikte, a\u015f\u0131nd\u0131rma yap\u0131lmayan veneerler ultra ince olacak \u015fekilde tasarlanm\u0131\u015ft\u0131r ve minede \u00e7ok az veya hi\u00e7 a\u015f\u0131nd\u0131rma gerektirmez.<\/p><p>Di\u015fin a\u015f\u0131nd\u0131r\u0131lmas\u0131na ihtiya\u00e7 duymadan do\u011frudan do\u011fal di\u015flerin \u00fczerine oturacak \u015fekilde ki\u015fiye \u00f6zel olarak \u00fcretilirler.<\/p><p>A\u015f\u0131nd\u0131rmas\u0131z kaplamalar\u0131n avantajlar\u0131:<\/p><p>1. Di\u015f a\u015f\u0131nd\u0131rmas\u0131 minimumdur veya hi\u00e7 yap\u0131lmaz: Kesimsiz, ultra ince laminalar, \u00e7ok az miktarda minenin \u00e7\u0131kar\u0131lmas\u0131n\u0131 gerektirdi\u011finden veya hi\u00e7 gerektirmedi\u011finden, do\u011fal di\u015f yap\u0131s\u0131 korunur.<br \/>2. Geri d\u00f6nd\u00fcr\u00fclebilir: Di\u015f minesi bozulmadan kald\u0131\u011f\u0131 i\u00e7in ileride istenirse a\u015f\u0131nd\u0131rmas\u0131z veneerler \u00e7\u0131kart\u0131labilir ve di\u015fler eski hallerine geri d\u00f6ner.<br \/>3. Daha az invaziv: A\u015f\u0131nd\u0131rmas\u0131z veneerlerin yerle\u015ftirme i\u015flemi genellikle daha az invazivdir ve geleneksel veneerlere k\u0131yasla daha az rahats\u0131zl\u0131k i\u00e7erebilir.<br \/>4. H\u0131zl\u0131 ve etkili: A\u015f\u0131nd\u0131rmas\u0131z veneerler genellikle minimum say\u0131da klinik ziyaretinde yerle\u015ftirilir ve hasta i\u00e7in zamandan tasarruf sa\u011flar.<br \/>5. Estetik a\u00e7\u0131dan memnuniyet oran\u0131 y\u00fcksek: Kesimsiz lamina veneerler, di\u015flerin \u015feklini, rengini ve hizalamas\u0131n\u0131 iyile\u015ftirerek, di\u015f g\u00f6r\u00fcn\u00fcm\u00fcn\u00fc de iyile\u015ftir.<br \/>T\u00fcm vakalar\u0131n kesimsiz veneerler i\u00e7in uygun olamayaca\u011f\u0131na dikkat etmek \u00f6nemlidir. Genellikle k\u00fc\u00e7\u00fck \u00e7entikler, hafif renk solmas\u0131 veya hafif kayma gibi k\u00fc\u00e7\u00fck kozmetik kayg\u0131lar\u0131 olan hastalar i\u00e7in \u00f6nerilir. Daha \u00f6nemli de\u011fi\u015fikliklerin gerekli oldu\u011fu durumlarda veya di\u015f hizalanmas\u0131 veya \u0131s\u0131rmayla ilgili sorunlar oldu\u011funda, geleneksel veneerler veya di\u011fer di\u015f tedavileri daha uygun olabilir. Tecr\u00fcbeli bir di\u015f hekimine veya kozmetik di\u015f hekimine dan\u0131\u015fmak, bireysel ihtiya\u00e7lar i\u00e7in en iyi tedavi se\u00e7ene\u011fini belirlemede \u00e7ok \u00f6nemlidir.<\/p>\t\t\t\t\t\t\t\t<\/div>\n\t\t\t\t<\/div>\n\t\t\t\t\t<\/div>\n\t\t\t\t<\/div>\n\t\t\t\t<section class=\"elementor-section elementor-top-section elementor-element elementor-element-cfed380 elementor-section-content-middle elementor-section-boxed elementor-section-height-default elementor-section-height-default tp-parallax-no syd-sticky-section-no\" data-id=\"cfed380\" data-element_type=\"section\" data-settings=\"{&quot;background_background&quot;:&quot;classic&quot;,&quot;tp_sticky_sec_effect_enable&quot;:false}\">\n\t\t\t\t\t\t<div class=\"elementor-container elementor-column-gap-default\">\n\t\t\t\t\t<div data-aos=\"\" class=\"elementor-column elementor-col-50 elementor-top-column elementor-element elementor-element-d8fac92 syd-sticky-section-no\" data-id=\"d8fac92\" data-element_type=\"column\" data-settings=\"{&quot;tp_sticky_col_effect_enable&quot;:false}\">\n\t\t\t<div class=\"elementor-widget-wrap elementor-element-populated\">\n\t\t\t\t\t\t<div class=\"elementor-element elementor-element-ea4173f syd-sticky-section-no elementor-widget elementor-widget-heading\" data-id=\"ea4173f\" data-element_type=\"widget\" data-widget_type=\"heading.default\">\n\t\t\t\t<div class=\"elementor-widget-container\">\n\t\t\t\t\t<h2 class=\"elementor-heading-title elementor-size-default\">Sorular\u0131n\u0131z m\u0131 var?<\/h2>\t\t\t\t<\/div>\n\t\t\t\t<\/div>\n\t\t\t\t\t<\/div>\n\t\t<\/div>\n\t\t\t\t<div data-aos=\"\" class=\"elementor-column elementor-col-50 elementor-top-column elementor-element elementor-element-7aa5769 syd-sticky-section-no\" data-id=\"7aa5769\" data-element_type=\"column\" data-settings=\"{&quot;tp_sticky_col_effect_enable&quot;:false}\">\n\t\t\t<div class=\"elementor-widget-wrap elementor-element-populated\">\n\t\t\t\t\t\t<div class=\"elementor-element elementor-element-9c6e3e1 elementor-align-right elementor-mobile-align-center syd-sticky-section-no elementor-widget elementor-widget-button\" data-id=\"9c6e3e1\" data-element_type=\"widget\" data-widget_type=\"button.default\">\n\t\t\t\t<div class=\"elementor-widget-container\">\n\t\t\t\t\t\t\t\t\t<div class=\"elementor-button-wrapper\">\n\t\t\t\t\t<a class=\"elementor-button elementor-button-link elementor-size-sm\" href=\"https:\/\/healthagentsturkey.com\/iletisim\/\">\n\t\t\t\t\t\t<span class=\"elementor-button-content-wrapper\">\n\t\t\t\t\t\t\t\t\t<span class=\"elementor-button-text\">Bize Ula\u015f\u0131n<\/span>\n\t\t\t\t\t<\/span>\n\t\t\t\t\t<\/a>\n\t\t\t\t<\/div>\n\t\t\t\t\t\t\t\t<\/div>\n\t\t\t\t<\/div>\n\t\t\t\t\t<\/div>\n\t\t<\/div>\n\t\t\t\t\t<\/div>\n\t\t<\/section>\n\t\t\t\t<\/div>\n\t\t","protected":false},"excerpt":{"rendered":"<p>Kesimsiz Lamine Kaplamalar Minimum a\u015f\u0131nd\u0131rmal\u0131 veya a\u015f\u0131nd\u0131rma yap\u0131lmayan veneerler olarak da bilinen a\u015f\u0131nd\u0131rmas\u0131z veneerler, yerle\u015ftirmeden \u00f6nce do\u011fal di\u015flerde \u00e7ok az a\u015f\u0131nd\u0131rma gerektiren [&hellip;]<\/p>\n","protected":false},"author":1,"featured_media":0,"parent":1618,"menu_order":0,"comment_status":"closed","ping_status":"closed","template":"elementor_header_footer","meta":{"_eb_attr":"","footnotes":""},"class_list":["post-1635","page","type-page","status-publish","hentry"],"_links":{"self":[{"href":"http:\/\/healthagentsturkey.com\/tr\/wp-json\/wp\/v2\/pages\/1635","targetHints":{"allow":["GET"]}}],"collection":[{"href":"http:\/\/healthagentsturkey.com\/tr\/wp-json\/wp\/v2\/pages"}],"about":[{"href":"http:\/\/healthagentsturkey.com\/tr\/wp-json\/wp\/v2\/types\/page"}],"author":[{"embeddable":true,"href":"http:\/\/healthagentsturkey.com\/tr\/wp-json\/wp\/v2\/users\/1"}],"replies":[{"embeddable":true,"href":"http:\/\/healthagentsturkey.com\/tr\/wp-json\/wp\/v2\/comments?post=1635"}],"version-history":[{"count":1,"href":"http:\/\/healthagentsturkey.com\/tr\/wp-json\/wp\/v2\/pages\/1635\/revisions"}],"predecessor-version":[{"id":4768,"href":"http:\/\/healthagentsturkey.com\/tr\/wp-json\/wp\/v2\/pages\/1635\/revisions\/4768"}],"up":[{"embeddable":true,"href":"http:\/\/healthagentsturkey.com\/tr\/wp-json\/wp\/v2\/pages\/1618"}],"wp:attachment":[{"href":"http:\/\/healthagentsturkey.com\/tr\/wp-json\/wp\/v2\/media?parent=1635"}],"curies":[{"name":"wp","href":"https:\/\/api.w.org\/{rel}","templated":true}]}}