{"id":1622,"date":"2023-11-19T19:50:04","date_gmt":"2023-11-19T19:50:04","guid":{"rendered":"https:\/\/healthagentsturkey.com\/?page_id=1622"},"modified":"2026-02-25T10:31:55","modified_gmt":"2026-02-25T07:31:55","slug":"restoratif-dis-hekimligi","status":"publish","type":"page","link":"http:\/\/healthagentsturkey.com\/tr\/tedavi\/dis\/restoratif-dis-hekimligi\/","title":{"rendered":"Restoratif Di\u015f Hekimli\u011fi"},"content":{"rendered":"\t\t<div data-elementor-type=\"wp-page\" data-elementor-id=\"1622\" class=\"elementor elementor-1622\" data-elementor-post-type=\"page\">\n\t\t\t\t\t\t<section class=\"elementor-section elementor-top-section elementor-element elementor-element-eedafb9 elementor-section-content-middle elementor-section-boxed elementor-section-height-default elementor-section-height-default tp-parallax-no syd-sticky-section-no\" data-id=\"eedafb9\" data-element_type=\"section\" data-settings=\"{&quot;tp_sticky_sec_effect_enable&quot;:false}\">\n\t\t\t\t\t\t<div class=\"elementor-container elementor-column-gap-default\">\n\t\t\t\t\t<div data-aos=\"\" class=\"elementor-column elementor-col-50 elementor-top-column elementor-element elementor-element-571508b syd-sticky-section-no\" data-id=\"571508b\" data-element_type=\"column\" data-settings=\"{&quot;tp_sticky_col_effect_enable&quot;:false}\">\n\t\t\t<div class=\"elementor-widget-wrap elementor-element-populated\">\n\t\t\t\t\t\t<div class=\"elementor-element elementor-element-2fc2cb6 syd-sticky-section-no elementor-widget elementor-widget-heading\" data-id=\"2fc2cb6\" data-element_type=\"widget\" data-widget_type=\"heading.default\">\n\t\t\t\t<div class=\"elementor-widget-container\">\n\t\t\t\t\t<h2 class=\"elementor-heading-title elementor-size-default\">Restoratif Di\u015f Hekimli\u011fi<\/h2>\t\t\t\t<\/div>\n\t\t\t\t<\/div>\n\t\t\t\t<div class=\"elementor-element elementor-element-1cf0f1c syd-sticky-section-no elementor-widget elementor-widget-text-editor\" data-id=\"1cf0f1c\" data-element_type=\"widget\" data-widget_type=\"text-editor.default\">\n\t\t\t\t<div class=\"elementor-widget-container\">\n\t\t\t\t\t\t\t\t\t<p data-sourcepos=\"1:1-1:35\"><strong>Restoratif Di\u015f Hekimli\u011fi Nedir?<\/strong><\/p><p data-sourcepos=\"3:1-3:421\">Restoratif di\u015f hekimli\u011fi, hasarl\u0131 veya eksik di\u015fleri yeniden in\u015fa etme veya de\u011fi\u015ftirmeye odaklanan bir di\u015f hekimli\u011fi dal\u0131d\u0131r. Bu, di\u015f \u00e7\u00fcr\u00fc\u011f\u00fc, di\u015f k\u0131r\u0131klar\u0131, di\u015f kayb\u0131 ve di\u011fer di\u015f problemlerini tedavi etmek i\u00e7in kullan\u0131l\u0131r. Restoratif di\u015f hekimli\u011fi, di\u015flerinizin sa\u011fl\u0131\u011f\u0131n\u0131 ve g\u00f6r\u00fcn\u00fcm\u00fcn\u00fc iyile\u015ftirmenin ve yemek yeme, g\u00fcl\u00fcmseme ve konu\u015fma gibi g\u00fcnl\u00fck aktivitelerinizin keyfini \u00e7\u0131karman\u0131z\u0131 sa\u011flaman\u0131n \u00f6nemli bir par\u00e7as\u0131d\u0131r.<\/p><p data-sourcepos=\"6:1-6:44\"><strong>Restoratif di\u015f hekimli\u011finin amac\u0131 nedir?<\/strong><\/p><p data-sourcepos=\"8:1-8:275\">Restoratif di\u015f hekimli\u011finin amac\u0131, di\u015flerin i\u015flevini ve esteti\u011fini iyile\u015ftirmektir. Hasarl\u0131 veya kaybolmu\u015f di\u015fler, yemeyi, konu\u015fmay\u0131 ve g\u00fcl\u00fcmsemeyi zorla\u015ft\u0131rabilir. Restoratif di\u015f hekimli\u011fi, bu di\u015fleri onararak veya de\u011fi\u015ftirerek bu i\u015flevleri geri kazanmaya yard\u0131mc\u0131 olabilir.<\/p><p data-sourcepos=\"20:1-20:43\"><strong>Restoratif Di\u015f Hekimli\u011fi Nas\u0131l Yap\u0131l\u0131r?<\/strong><\/p><p data-sourcepos=\"22:1-22:301\">Restoratif di\u015f hekimli\u011fi prosed\u00fcrleri, di\u015f hekiminizin \u00e7\u00fcr\u00fck veya hasarl\u0131 dokuyu temizlemesi ve ard\u0131ndan bo\u015flu\u011fu doldurmak veya kaplamak i\u00e7in bir malzeme yerle\u015ftirmesiyle ba\u015flar. Dolgu veya kaplama, di\u015f renginde veya do\u011fal di\u015flerinizin rengiyle e\u015fle\u015fmesi i\u00e7in \u00f6zel olarak \u015fekillendirilir ve cilalan\u0131r.<\/p><p data-sourcepos=\"24:1-24:41\">\u00a0<\/p>\t\t\t\t\t\t\t\t<\/div>\n\t\t\t\t<\/div>\n\t\t\t\t\t<\/div>\n\t\t<\/div>\n\t\t\t\t<div data-aos=\"\" class=\"elementor-column elementor-col-50 elementor-top-column elementor-element elementor-element-bc4d4c0 syd-sticky-section-no\" data-id=\"bc4d4c0\" data-element_type=\"column\" data-settings=\"{&quot;tp_sticky_col_effect_enable&quot;:false}\">\n\t\t\t<div class=\"elementor-widget-wrap elementor-element-populated\">\n\t\t\t\t\t\t<div class=\"elementor-element elementor-element-48dd569 syd-sticky-section-no elementor-widget elementor-widget-image\" data-id=\"48dd569\" data-element_type=\"widget\" data-widget_type=\"image.default\">\n\t\t\t\t<div class=\"elementor-widget-container\">\n\t\t\t\t\t\t\t\t\t<\/div>\n\t\t\t\t<\/div>\n\t\t\t\t<div class=\"elementor-element elementor-element-513bba3 syd-sticky-section-no elementor-widget elementor-widget-text-editor\" data-id=\"513bba3\" data-element_type=\"widget\" data-widget_type=\"text-editor.default\">\n\t\t\t\t<div class=\"elementor-widget-container\">\n\t\t\t\t\t\t\t\t\t<p data-sourcepos=\"5:1-5:36\"><strong>Restoratif Di\u015f Hekimli\u011fi T\u00fcrleri<\/strong><\/p><p data-sourcepos=\"7:1-7:69\">Restoratif di\u015f hekimli\u011fi, a\u015fa\u011f\u0131daki gibi \u00e7e\u015fitli prosed\u00fcrleri i\u00e7erir:<\/p><ul data-sourcepos=\"9:1-19:0\"><li data-sourcepos=\"9:1-10:22\"><strong>Dolgular:<\/strong>\u00a0Di\u015f \u00e7\u00fcr\u00fc\u011f\u00fc veya di\u011fer hasarlar\u0131 onarmak i\u00e7in kullan\u0131lan k\u00fc\u00e7\u00fck, di\u015f renginde dolgular.<\/li><li data-sourcepos=\"11:1-12:24\"><strong>Kaplamalar:<\/strong>\u00a0Hasarl\u0131 veya eksik di\u015fleri kaplamak i\u00e7in kullan\u0131lan daha b\u00fcy\u00fck, di\u015f renginde kaplamalar.<\/li><li data-sourcepos=\"13:1-14:20\"><strong>Kronlar:<\/strong>\u00a0Hasarl\u0131 veya eksik di\u015fleri tamamen kaplamak ve desteklemek i\u00e7in kullan\u0131lan daha da b\u00fcy\u00fck, di\u015f renginde kaplamalar.<\/li><li data-sourcepos=\"15:1-16:22\"><strong>K\u00f6pr\u00fcler:<\/strong>\u00a0\u0130ki veya daha fazla eksik di\u015fi birbirine ba\u011flamak i\u00e7in kullan\u0131lan bir dizi kron.<\/li><li data-sourcepos=\"17:1-19:0\"><strong>Protezler:<\/strong>\u00a0T\u00fcm di\u015fleri veya bir k\u0131sm\u0131n\u0131 eksik olan hastalar i\u00e7in kullan\u0131lan \u00e7\u0131kar\u0131labilir di\u015f protezleri.<\/li><\/ul><p data-sourcepos=\"20:1-20:43\">\u00a0<\/p>\t\t\t\t\t\t\t\t<\/div>\n\t\t\t\t<\/div>\n\t\t\t\t\t<\/div>\n\t\t<\/div>\n\t\t\t\t\t<\/div>\n\t\t<\/section>\n\t\t<div class=\"elementor-element elementor-element-f0780d3 e-flex e-con-boxed syd-sticky-section-no e-con e-parent\" data-id=\"f0780d3\" data-element_type=\"container\">\n\t\t\t\t\t<div class=\"e-con-inner\">\n\t\t\t\t<div class=\"elementor-element elementor-element-0cf0749 syd-sticky-section-no elementor-widget elementor-widget-text-editor\" data-id=\"0cf0749\" data-element_type=\"widget\" data-widget_type=\"text-editor.default\">\n\t\t\t\t<div class=\"elementor-widget-container\">\n\t\t\t\t\t\t\t\t\t<p data-sourcepos=\"24:1-24:41\"><strong>Restoratif Di\u015f Hekimli\u011finin Faydalar\u0131<\/strong><\/p><p data-sourcepos=\"26:1-26:425\">Restoratif di\u015f hekimli\u011fi, di\u015flerinizin sa\u011fl\u0131\u011f\u0131n\u0131 ve g\u00f6r\u00fcn\u00fcm\u00fcn\u00fc iyile\u015ftirmenin bir\u00e7ok faydas\u0131 vard\u0131r. Bu prosed\u00fcrler, di\u015f \u00e7\u00fcr\u00fc\u011f\u00fc veya di\u015f kayb\u0131 gibi di\u015f problemlerini tedavi ederek di\u015f a\u011fr\u0131s\u0131n\u0131 ve di\u011fer rahats\u0131zl\u0131klar\u0131 azaltmaya yard\u0131mc\u0131 olabilir. Ayr\u0131ca, di\u015flerinizin i\u015flevini ve g\u00f6r\u00fcn\u00fcm\u00fcn\u00fc iyile\u015ftirmeye yard\u0131mc\u0131 olarak yemek yeme, g\u00fcl\u00fcmseme ve konu\u015fma gibi g\u00fcnl\u00fck aktivitelerinizin keyfini \u00e7\u0131karman\u0131za yard\u0131mc\u0131 olabilirler.<\/p><p data-sourcepos=\"28:1-28:74\"><strong>Restoratif Di\u015f Hekimli\u011fi i\u00e7in \u0130stanbul, T\u00fcrkiye&#8217;ye Neden Gelmelisiniz?<\/strong><\/p><p data-sourcepos=\"30:1-30:120\">\u0130stanbul, T\u00fcrkiye, restoratif di\u015f hekimli\u011fi i\u00e7in pop\u00fcler bir sa\u011fl\u0131k turizmi destinasyonudur. Bunun birka\u00e7 nedeni vard\u0131r:<\/p><ul data-sourcepos=\"32:1-35:0\"><li data-sourcepos=\"32:1-32:82\">\u0130stanbul, d\u00fcnyan\u0131n en iyi di\u015f hekimlerinden baz\u0131lar\u0131na ev sahipli\u011fi yapmaktad\u0131r.<\/li><li data-sourcepos=\"33:1-33:95\">\u0130stanbul&#8217;daki di\u015f hekimli\u011fi hizmetleri, d\u00fcnyan\u0131n di\u011fer bir\u00e7ok yerinden daha uygun fiyatl\u0131d\u0131r.<\/li><li data-sourcepos=\"34:1-35:0\">\u0130stanbul, ziyaret\u00e7ilere sunacak \u00e7ok \u015feye sahip canl\u0131 ve kozmopolit bir \u015fehirdir.<\/li><\/ul><p data-sourcepos=\"36:1-36:239\">\u0130stanbul&#8217;da restoratif di\u015f hekimli\u011fi yapt\u0131rmay\u0131 d\u00fc\u015f\u00fcn\u00fcyorsan\u0131z, sa\u011fl\u0131k turizmi acentemizle ileti\u015fime ge\u00e7mekten \u00e7ekinmeyin. Size uygun bir di\u015f hekimi bulman\u0131za ve di\u015f hekimli\u011fi seyahatinizi planlaman\u0131za yard\u0131mc\u0131 olmaktan memnuniyet duyar\u0131z.<\/p>\t\t\t\t\t\t\t\t<\/div>\n\t\t\t\t<\/div>\n\t\t\t\t\t<\/div>\n\t\t\t\t<\/div>\n\t\t\t\t<section class=\"elementor-section elementor-top-section elementor-element elementor-element-cfed380 elementor-section-content-middle elementor-section-boxed elementor-section-height-default elementor-section-height-default tp-parallax-no syd-sticky-section-no\" data-id=\"cfed380\" data-element_type=\"section\" data-settings=\"{&quot;background_background&quot;:&quot;classic&quot;,&quot;tp_sticky_sec_effect_enable&quot;:false}\">\n\t\t\t\t\t\t<div class=\"elementor-container elementor-column-gap-default\">\n\t\t\t\t\t<div data-aos=\"\" class=\"elementor-column elementor-col-50 elementor-top-column elementor-element elementor-element-d8fac92 syd-sticky-section-no\" data-id=\"d8fac92\" data-element_type=\"column\" data-settings=\"{&quot;tp_sticky_col_effect_enable&quot;:false}\">\n\t\t\t<div class=\"elementor-widget-wrap elementor-element-populated\">\n\t\t\t\t\t\t<div class=\"elementor-element elementor-element-ea4173f syd-sticky-section-no elementor-widget elementor-widget-heading\" data-id=\"ea4173f\" data-element_type=\"widget\" data-widget_type=\"heading.default\">\n\t\t\t\t<div class=\"elementor-widget-container\">\n\t\t\t\t\t<h2 class=\"elementor-heading-title elementor-size-default\">Sorular\u0131n\u0131z m\u0131 var?<\/h2>\t\t\t\t<\/div>\n\t\t\t\t<\/div>\n\t\t\t\t\t<\/div>\n\t\t<\/div>\n\t\t\t\t<div data-aos=\"\" class=\"elementor-column elementor-col-50 elementor-top-column elementor-element elementor-element-7aa5769 syd-sticky-section-no\" data-id=\"7aa5769\" data-element_type=\"column\" data-settings=\"{&quot;tp_sticky_col_effect_enable&quot;:false}\">\n\t\t\t<div class=\"elementor-widget-wrap elementor-element-populated\">\n\t\t\t\t\t\t<div class=\"elementor-element elementor-element-9c6e3e1 elementor-align-right elementor-mobile-align-center syd-sticky-section-no elementor-widget elementor-widget-button\" data-id=\"9c6e3e1\" data-element_type=\"widget\" data-widget_type=\"button.default\">\n\t\t\t\t<div class=\"elementor-widget-container\">\n\t\t\t\t\t\t\t\t\t<div class=\"elementor-button-wrapper\">\n\t\t\t\t\t<a class=\"elementor-button elementor-button-link elementor-size-sm\" href=\"https:\/\/healthagentsturkey.com\/iletisim\/\">\n\t\t\t\t\t\t<span class=\"elementor-button-content-wrapper\">\n\t\t\t\t\t\t\t\t\t<span class=\"elementor-button-text\">Bize Ula\u015f\u0131n<\/span>\n\t\t\t\t\t<\/span>\n\t\t\t\t\t<\/a>\n\t\t\t\t<\/div>\n\t\t\t\t\t\t\t\t<\/div>\n\t\t\t\t<\/div>\n\t\t\t\t\t<\/div>\n\t\t<\/div>\n\t\t\t\t\t<\/div>\n\t\t<\/section>\n\t\t\t\t<\/div>\n\t\t","protected":false},"excerpt":{"rendered":"<p>Restoratif Di\u015f Hekimli\u011fi Restoratif Di\u015f Hekimli\u011fi Nedir? Restoratif di\u015f hekimli\u011fi, hasarl\u0131 veya eksik di\u015fleri yeniden in\u015fa etme veya de\u011fi\u015ftirmeye odaklanan bir di\u015f [&hellip;]<\/p>\n","protected":false},"author":1,"featured_media":0,"parent":1439,"menu_order":0,"comment_status":"closed","ping_status":"closed","template":"elementor_header_footer","meta":{"_eb_attr":"","footnotes":""},"class_list":["post-1622","page","type-page","status-publish","hentry"],"_links":{"self":[{"href":"http:\/\/healthagentsturkey.com\/tr\/wp-json\/wp\/v2\/pages\/1622","targetHints":{"allow":["GET"]}}],"collection":[{"href":"http:\/\/healthagentsturkey.com\/tr\/wp-json\/wp\/v2\/pages"}],"about":[{"href":"http:\/\/healthagentsturkey.com\/tr\/wp-json\/wp\/v2\/types\/page"}],"author":[{"embeddable":true,"href":"http:\/\/healthagentsturkey.com\/tr\/wp-json\/wp\/v2\/users\/1"}],"replies":[{"embeddable":true,"href":"http:\/\/healthagentsturkey.com\/tr\/wp-json\/wp\/v2\/comments?post=1622"}],"version-history":[{"count":1,"href":"http:\/\/healthagentsturkey.com\/tr\/wp-json\/wp\/v2\/pages\/1622\/revisions"}],"predecessor-version":[{"id":4778,"href":"http:\/\/healthagentsturkey.com\/tr\/wp-json\/wp\/v2\/pages\/1622\/revisions\/4778"}],"up":[{"embeddable":true,"href":"http:\/\/healthagentsturkey.com\/tr\/wp-json\/wp\/v2\/pages\/1439"}],"wp:attachment":[{"href":"http:\/\/healthagentsturkey.com\/tr\/wp-json\/wp\/v2\/media?parent=1622"}],"curies":[{"name":"wp","href":"https:\/\/api.w.org\/{rel}","templated":true}]}}