{"id":1620,"date":"2023-11-19T19:49:33","date_gmt":"2023-11-19T19:49:33","guid":{"rendered":"https:\/\/healthagentsturkey.com\/?page_id=1620"},"modified":"2026-02-25T10:31:55","modified_gmt":"2026-02-25T07:31:55","slug":"implant-dis-hekimligi","status":"publish","type":"page","link":"http:\/\/healthagentsturkey.com\/tr\/tedavi\/dis\/implant-dis-hekimligi\/","title":{"rendered":"\u0130mplant Di\u015f Hekimli\u011fi"},"content":{"rendered":"\t\t<div data-elementor-type=\"wp-page\" data-elementor-id=\"1620\" class=\"elementor elementor-1620\" data-elementor-post-type=\"page\">\n\t\t\t\t\t\t<section class=\"elementor-section elementor-top-section elementor-element elementor-element-eedafb9 elementor-section-content-middle elementor-section-boxed elementor-section-height-default elementor-section-height-default tp-parallax-no syd-sticky-section-no\" data-id=\"eedafb9\" data-element_type=\"section\" data-settings=\"{&quot;tp_sticky_sec_effect_enable&quot;:false}\">\n\t\t\t\t\t\t<div class=\"elementor-container elementor-column-gap-default\">\n\t\t\t\t\t<div data-aos=\"\" class=\"elementor-column elementor-col-50 elementor-top-column elementor-element elementor-element-571508b syd-sticky-section-no\" data-id=\"571508b\" data-element_type=\"column\" data-settings=\"{&quot;tp_sticky_col_effect_enable&quot;:false}\">\n\t\t\t<div class=\"elementor-widget-wrap elementor-element-populated\">\n\t\t\t\t\t\t<div class=\"elementor-element elementor-element-2fc2cb6 syd-sticky-section-no elementor-widget elementor-widget-heading\" data-id=\"2fc2cb6\" data-element_type=\"widget\" data-widget_type=\"heading.default\">\n\t\t\t\t<div class=\"elementor-widget-container\">\n\t\t\t\t\t<h2 class=\"elementor-heading-title elementor-size-default\">\u0130mplant<\/h2>\t\t\t\t<\/div>\n\t\t\t\t<\/div>\n\t\t\t\t<div class=\"elementor-element elementor-element-1cf0f1c syd-sticky-section-no elementor-widget elementor-widget-text-editor\" data-id=\"1cf0f1c\" data-element_type=\"widget\" data-widget_type=\"text-editor.default\">\n\t\t\t\t<div class=\"elementor-widget-container\">\n\t\t\t\t\t\t\t\t\t<p data-sourcepos=\"1:1-1:26\"><strong>Di\u015f \u0130mplantlar\u0131 Nedir?<\/strong><\/p><p data-sourcepos=\"3:1-3:253\">Di\u015f implantlar\u0131, eksik di\u015fleri yerine koymak i\u00e7in kullan\u0131lan titanyumdan yap\u0131lm\u0131\u015f yapay k\u00f6klerdir. \u0130mplantlar, \u00e7ene kemi\u011fine yerle\u015ftirilir ve do\u011fal di\u015f k\u00f6kleri gibi i\u015flev g\u00f6r\u00fcrler. \u0130mplantlar, eksik di\u015fleri yerine koyman\u0131n en do\u011fal ve dayan\u0131kl\u0131 yoludur.<\/p><p data-sourcepos=\"5:1-5:92\"><strong>Di\u015f implantlar\u0131, eksik di\u015flerin neden oldu\u011fu a\u015fa\u011f\u0131daki sorunlar\u0131 \u00e7\u00f6zmek i\u00e7in kullan\u0131l\u0131r:<\/strong><\/p><ul data-sourcepos=\"7:1-10:0\"><li data-sourcepos=\"7:1-7:24\"><strong>G\u0131da yerken zorluk<\/strong><\/li><li data-sourcepos=\"8:1-8:21\"><strong>Konu\u015fma zorlu\u011fu<\/strong><\/li><li data-sourcepos=\"9:1-10:0\"><strong>Estetik g\u00f6r\u00fcn\u00fcm kayb\u0131<\/strong><\/li><\/ul><p data-sourcepos=\"5:1-5:32\"><strong>Di\u015f \u0130mplantlar\u0131n\u0131n Faydalar\u0131<\/strong><\/p><p data-sourcepos=\"5:1-5:32\">Di\u015f implantlar\u0131n\u0131n bir\u00e7ok faydas\u0131 vard\u0131r. Bunlar \u015funlar\u0131 i\u00e7erir:<\/p><ul data-sourcepos=\"9:1-13:0\"><li data-sourcepos=\"9:1-9:159\"><strong>Do\u011fal g\u00f6r\u00fcn\u00fcml\u00fc g\u00fcl\u00fcmseme:<\/strong>\u00a0\u0130mplantlar, do\u011fal di\u015f k\u00f6kleri gibi i\u015flev g\u00f6rd\u00fckleri i\u00e7in, implantlarla restore edilmi\u015f di\u015fler, do\u011fal di\u015flerden ay\u0131rt edilemez.<\/li><li data-sourcepos=\"10:1-10:111\"><strong>Di\u015f kayb\u0131n\u0131 \u00f6nleme:<\/strong>\u00a0\u0130mplantlar, di\u015f kayb\u0131n\u0131n neden oldu\u011fu \u00e7ene kemi\u011fi kayb\u0131n\u0131 \u00f6nlemeye yard\u0131mc\u0131 olabilir.<\/li><li data-sourcepos=\"11:1-11:116\"><strong>Di\u015f a\u011fr\u0131s\u0131n\u0131 azaltma:<\/strong>\u00a0\u0130mplantlar, \u00e7\u00fcr\u00fck veya hasarl\u0131 di\u015flerin neden oldu\u011fu a\u011fr\u0131y\u0131 azaltmaya yard\u0131mc\u0131 olabilir.<\/li><li data-sourcepos=\"12:1-13:0\"><strong>Yemek yemeyi kolayla\u015ft\u0131rma:<\/strong>\u00a0\u0130mplantlar, do\u011fal di\u015fler gibi \u00e7i\u011fneme i\u015flevini yerine getirebilir, bu da yemek yemeyi daha kolay ve keyifli hale getirebilir.<\/li><\/ul>\t\t\t\t\t\t\t\t<\/div>\n\t\t\t\t<\/div>\n\t\t\t\t\t<\/div>\n\t\t<\/div>\n\t\t\t\t<div data-aos=\"\" class=\"elementor-column elementor-col-50 elementor-top-column elementor-element elementor-element-bc4d4c0 syd-sticky-section-no\" data-id=\"bc4d4c0\" data-element_type=\"column\" data-settings=\"{&quot;tp_sticky_col_effect_enable&quot;:false}\">\n\t\t\t<div class=\"elementor-widget-wrap elementor-element-populated\">\n\t\t\t\t\t\t<div class=\"elementor-element elementor-element-48dd569 syd-sticky-section-no elementor-widget elementor-widget-image\" data-id=\"48dd569\" data-element_type=\"widget\" data-widget_type=\"image.default\">\n\t\t\t\t<div class=\"elementor-widget-container\">\n\t\t\t\t\t\t\t\t\t<\/div>\n\t\t\t\t<\/div>\n\t\t\t\t<div class=\"elementor-element elementor-element-2539c9c syd-sticky-section-no elementor-widget elementor-widget-text-editor\" data-id=\"2539c9c\" data-element_type=\"widget\" data-widget_type=\"text-editor.default\">\n\t\t\t\t<div class=\"elementor-widget-container\">\n\t\t\t\t\t\t\t\t\t<p data-sourcepos=\"14:1-14:36\"><strong>Di\u015f \u0130mplant Uygulama Ad\u0131mlar\u0131.<\/strong><\/p><p data-sourcepos=\"16:1-16:66\">Di\u015f implant\u0131 prosed\u00fcr\u00fc genellikle iki veya \u00fc\u00e7 a\u015famada ger\u00e7ekle\u015fir:<\/p><ol data-sourcepos=\"18:1-22:0\"><li data-sourcepos=\"18:1-19:35\"><strong>\u0130mplant yerle\u015ftirme:<\/strong> \u0130lk a\u015famada, di\u015f hekimi \u00e7ene kemi\u011fine implantlar\u0131 yerle\u015ftirir. Bu prosed\u00fcr, genellikle lokal anestezi alt\u0131nda yap\u0131l\u0131r.<\/li><li data-sourcepos=\"20:1-20:161\"><strong>\u0130mplant iyile\u015fmesi:<\/strong>\u00a0Implantlar \u00e7ene kemi\u011fine kayna\u015f\u0131rken, di\u015f hekimi ge\u00e7ici bir di\u015f veya k\u00f6pr\u00fc yerle\u015ftirir. Bu iyile\u015fme s\u00fcresi genellikle birka\u00e7 ay s\u00fcrer.<\/li><li data-sourcepos=\"21:1-22:0\"><strong>Ta\u00e7 veya k\u00f6pr\u00fc yerle\u015ftirme:<\/strong>\u00a0Son a\u015famada, di\u015f hekimi implantlara kal\u0131c\u0131 bir ta\u00e7 veya k\u00f6pr\u00fc yerle\u015ftirir. Bu prosed\u00fcr genellikle lokal anestezi alt\u0131nda yap\u0131l\u0131r.<\/li><\/ol><p>\u00a0<\/p>\t\t\t\t\t\t\t\t<\/div>\n\t\t\t\t<\/div>\n\t\t\t\t\t<\/div>\n\t\t<\/div>\n\t\t\t\t\t<\/div>\n\t\t<\/section>\n\t\t<div class=\"elementor-element elementor-element-34d01ae e-flex e-con-boxed syd-sticky-section-no e-con e-parent\" data-id=\"34d01ae\" data-element_type=\"container\">\n\t\t\t\t\t<div class=\"e-con-inner\">\n\t\t\t\t<div class=\"elementor-element elementor-element-1e67feb syd-sticky-section-no elementor-widget elementor-widget-text-editor\" data-id=\"1e67feb\" data-element_type=\"widget\" data-widget_type=\"text-editor.default\">\n\t\t\t\t<div class=\"elementor-widget-container\">\n\t\t\t\t\t\t\t\t\t<p data-sourcepos=\"23:1-23:26\"><strong>Di\u015f \u0130mplant\u0131 Tedavisinde Fiyatlamay\u0131 Etkileyen Fakt\u00f6rler Nelerdir?<\/strong><\/p><p data-sourcepos=\"25:1-25:251\">Di\u015f implant\u0131 fiyatlar\u0131, implant\u0131n t\u00fcr\u00fcne, implant\u0131n yerle\u015ftirilece\u011fi b\u00f6lgeye ve di\u015f hekiminin \u00fccretlerine g\u00f6re de\u011fi\u015fir. Genel olarak, di\u015f implant\u0131 fiyatlar\u0131, di\u015f \u00e7\u00fcr\u00fc\u011f\u00fc veya di\u015f kayb\u0131n\u0131 tedavi etmek i\u00e7in kullan\u0131lan di\u011fer prosed\u00fcrlerden daha y\u00fcksektir.<\/p><p data-sourcepos=\"27:1-27:31\"><strong>\u0130stanbul&#8217;da Di\u015f \u0130mplantlar\u0131<\/strong><\/p><p data-sourcepos=\"29:1-29:102\">\u0130stanbul, di\u015f implantlar\u0131 i\u00e7in pop\u00fcler bir sa\u011fl\u0131k turizmi destinasyonudur. Bunun birka\u00e7 nedeni vard\u0131r:<\/p><ul data-sourcepos=\"31:1-33:0\"><li data-sourcepos=\"31:1-31:82\">\u0130stanbul, d\u00fcnyan\u0131n en iyi di\u015f hekimlerinden baz\u0131lar\u0131na ev sahipli\u011fi yapmaktad\u0131r.<\/li><li data-sourcepos=\"32:1-33:0\">\u0130stanbul&#8217;daki di\u015f implant\u0131 hizmetleri, d\u00fcnyan\u0131n di\u011fer bir\u00e7ok yerinden daha uygun fiyatl\u0131d\u0131r.<\/li><\/ul><p data-sourcepos=\"34:1-34:226\">\u0130stanbul&#8217;da di\u015f implant\u0131 yapt\u0131rmay\u0131 <a href=\"https:\/\/healthagentsturkey.com\/iletisim\/\">bizimle ileti\u015fime ge\u00e7<\/a>mekten \u00e7ekinmeyin. Size uygun bir di\u015f hekimi bulman\u0131za ve di\u015f implant\u0131 seyahatinizi planlaman\u0131za yard\u0131mc\u0131 olmaktan memnuniyet duyar\u0131z.<\/p>\t\t\t\t\t\t\t\t<\/div>\n\t\t\t\t<\/div>\n\t\t\t\t\t<\/div>\n\t\t\t\t<\/div>\n\t\t\t\t<section class=\"elementor-section elementor-top-section elementor-element elementor-element-7dd23a9 elementor-section-content-middle elementor-section-boxed elementor-section-height-default elementor-section-height-default tp-parallax-no syd-sticky-section-no\" data-id=\"7dd23a9\" data-element_type=\"section\" data-settings=\"{&quot;background_background&quot;:&quot;classic&quot;,&quot;tp_sticky_sec_effect_enable&quot;:false}\">\n\t\t\t\t\t\t<div class=\"elementor-container elementor-column-gap-default\">\n\t\t\t\t\t<div data-aos=\"\" class=\"elementor-column elementor-col-50 elementor-top-column elementor-element elementor-element-76493f1 syd-sticky-section-no\" data-id=\"76493f1\" data-element_type=\"column\" data-settings=\"{&quot;tp_sticky_col_effect_enable&quot;:false}\">\n\t\t\t<div class=\"elementor-widget-wrap elementor-element-populated\">\n\t\t\t\t\t\t<div class=\"elementor-element elementor-element-73a746f syd-sticky-section-no elementor-widget elementor-widget-heading\" data-id=\"73a746f\" data-element_type=\"widget\" data-widget_type=\"heading.default\">\n\t\t\t\t<div class=\"elementor-widget-container\">\n\t\t\t\t\t<h2 class=\"elementor-heading-title elementor-size-default\">Sorular\u0131n\u0131z m\u0131 var?<\/h2>\t\t\t\t<\/div>\n\t\t\t\t<\/div>\n\t\t\t\t\t<\/div>\n\t\t<\/div>\n\t\t\t\t<div data-aos=\"\" class=\"elementor-column elementor-col-50 elementor-top-column elementor-element elementor-element-78e52ef syd-sticky-section-no\" data-id=\"78e52ef\" data-element_type=\"column\" data-settings=\"{&quot;tp_sticky_col_effect_enable&quot;:false}\">\n\t\t\t<div class=\"elementor-widget-wrap elementor-element-populated\">\n\t\t\t\t\t\t<div class=\"elementor-element elementor-element-3db0366 elementor-align-right elementor-mobile-align-center syd-sticky-section-no elementor-widget elementor-widget-button\" data-id=\"3db0366\" data-element_type=\"widget\" data-widget_type=\"button.default\">\n\t\t\t\t<div class=\"elementor-widget-container\">\n\t\t\t\t\t\t\t\t\t<div class=\"elementor-button-wrapper\">\n\t\t\t\t\t<a class=\"elementor-button elementor-button-link elementor-size-sm\" href=\"https:\/\/healthagentsturkey.com\/iletisim\/\">\n\t\t\t\t\t\t<span class=\"elementor-button-content-wrapper\">\n\t\t\t\t\t\t\t\t\t<span class=\"elementor-button-text\">Bize Ula\u015f\u0131n<\/span>\n\t\t\t\t\t<\/span>\n\t\t\t\t\t<\/a>\n\t\t\t\t<\/div>\n\t\t\t\t\t\t\t\t<\/div>\n\t\t\t\t<\/div>\n\t\t\t\t\t<\/div>\n\t\t<\/div>\n\t\t\t\t\t<\/div>\n\t\t<\/section>\n\t\t\t\t<\/div>\n\t\t","protected":false},"excerpt":{"rendered":"<p>\u0130mplant Di\u015f \u0130mplantlar\u0131 Nedir? Di\u015f implantlar\u0131, eksik di\u015fleri yerine koymak i\u00e7in kullan\u0131lan titanyumdan yap\u0131lm\u0131\u015f yapay k\u00f6klerdir. \u0130mplantlar, \u00e7ene kemi\u011fine yerle\u015ftirilir ve do\u011fal [&hellip;]<\/p>\n","protected":false},"author":1,"featured_media":0,"parent":1439,"menu_order":0,"comment_status":"closed","ping_status":"closed","template":"elementor_header_footer","meta":{"_eb_attr":"","footnotes":""},"class_list":["post-1620","page","type-page","status-publish","hentry"],"_links":{"self":[{"href":"http:\/\/healthagentsturkey.com\/tr\/wp-json\/wp\/v2\/pages\/1620","targetHints":{"allow":["GET"]}}],"collection":[{"href":"http:\/\/healthagentsturkey.com\/tr\/wp-json\/wp\/v2\/pages"}],"about":[{"href":"http:\/\/healthagentsturkey.com\/tr\/wp-json\/wp\/v2\/types\/page"}],"author":[{"embeddable":true,"href":"http:\/\/healthagentsturkey.com\/tr\/wp-json\/wp\/v2\/users\/1"}],"replies":[{"embeddable":true,"href":"http:\/\/healthagentsturkey.com\/tr\/wp-json\/wp\/v2\/comments?post=1620"}],"version-history":[{"count":1,"href":"http:\/\/healthagentsturkey.com\/tr\/wp-json\/wp\/v2\/pages\/1620\/revisions"}],"predecessor-version":[{"id":4772,"href":"http:\/\/healthagentsturkey.com\/tr\/wp-json\/wp\/v2\/pages\/1620\/revisions\/4772"}],"up":[{"embeddable":true,"href":"http:\/\/healthagentsturkey.com\/tr\/wp-json\/wp\/v2\/pages\/1439"}],"wp:attachment":[{"href":"http:\/\/healthagentsturkey.com\/tr\/wp-json\/wp\/v2\/media?parent=1620"}],"curies":[{"name":"wp","href":"https:\/\/api.w.org\/{rel}","templated":true}]}}