{"id":1606,"date":"2023-11-19T00:01:22","date_gmt":"2023-11-19T00:01:22","guid":{"rendered":"https:\/\/healthagentsturkey.com\/?page_id=1606"},"modified":"2026-02-25T10:31:57","modified_gmt":"2026-02-25T07:31:57","slug":"biyik-ekimi","status":"publish","type":"page","link":"http:\/\/healthagentsturkey.com\/tr\/tedavi\/sac-ekimi\/biyik-ekimi\/","title":{"rendered":"B\u0131y\u0131k Ekimi"},"content":{"rendered":"\t\t<div data-elementor-type=\"wp-page\" data-elementor-id=\"1606\" class=\"elementor elementor-1606\" data-elementor-post-type=\"page\">\n\t\t\t\t\t\t<section class=\"elementor-section elementor-top-section elementor-element elementor-element-eedafb9 elementor-section-content-middle elementor-section-boxed elementor-section-height-default elementor-section-height-default tp-parallax-no syd-sticky-section-no\" data-id=\"eedafb9\" data-element_type=\"section\" data-settings=\"{&quot;tp_sticky_sec_effect_enable&quot;:false}\">\n\t\t\t\t\t\t<div class=\"elementor-container elementor-column-gap-default\">\n\t\t\t\t\t<div data-aos=\"\" class=\"elementor-column elementor-col-50 elementor-top-column elementor-element elementor-element-571508b syd-sticky-section-no\" data-id=\"571508b\" data-element_type=\"column\" data-settings=\"{&quot;tp_sticky_col_effect_enable&quot;:false}\">\n\t\t\t<div class=\"elementor-widget-wrap elementor-element-populated\">\n\t\t\t\t\t\t<div class=\"elementor-element elementor-element-2fc2cb6 syd-sticky-section-no elementor-widget elementor-widget-heading\" data-id=\"2fc2cb6\" data-element_type=\"widget\" data-widget_type=\"heading.default\">\n\t\t\t\t<div class=\"elementor-widget-container\">\n\t\t\t\t\t<h2 class=\"elementor-heading-title elementor-size-default\">B\u0131y\u0131k Ekimi Nedir?<\/h2>\t\t\t\t<\/div>\n\t\t\t\t<\/div>\n\t\t\t\t<div class=\"elementor-element elementor-element-1cf0f1c elementor-widget__width-initial syd-sticky-section-no elementor-widget elementor-widget-text-editor\" data-id=\"1cf0f1c\" data-element_type=\"widget\" data-widget_type=\"text-editor.default\">\n\t\t\t\t<div class=\"elementor-widget-container\">\n\t\t\t\t\t\t\t\t\t<p><b><i>B\u0131y\u0131k ekimi<\/i><\/b>, b\u0131y\u0131k olu\u015fturmak veya geli\u015ftirmek i\u00e7in\u00a0<a href=\"https:\/\/tr.wikipedia.org\/wiki\/Sa%C3%A7\">sa\u00e7<\/a>\u00a0k\u00f6klerinin kafa derisinin bir b\u00f6lgesinden \u00fcst duda\u011fa nakledildi\u011fi cerrahi bir prosed\u00fcr. Bu prosed\u00fcr \u00fcst dudaklar\u0131nda y\u00fcz k\u0131llar\u0131n\u0131 b\u00fcy\u00fctmekte veya korumakta zorluk \u00e7eken erkeklere uygulan\u0131yor.<\/p><p>B\u0131y\u0131k ekimi i\u015flemi,\u00a0<a href=\"https:\/\/tr.wikipedia.org\/wiki\/Sa%C3%A7\">sa\u00e7<\/a>\u00a0k\u00f6klerinin kafa derisindeki\u00a0<b><i>don\u00f6r\u00a0<\/i><\/b>b\u00f6lgesinden, toplanmas\u0131n\u0131 ve ard\u0131ndan b\u0131y\u0131k b\u00f6lgesine nakledilmesini i\u00e7eriyor. Nakledilen sa\u00e7 k\u00f6kleri, b\u0131y\u0131\u011f\u0131n do\u011fal b\u00fcy\u00fcme \u015feklini taklit edecek \u015fekilde dikkatlice yerle\u015ftiriliyor. Bireyler genellikle birka\u00e7 g\u00fcn i\u00e7inde i\u015flerine ve di\u011fer normal aktivitelerine d\u00f6nebiliyor. \u0130\u015flem sonu\u00e7lar\u0131n\u0131n tam olarak geli\u015fmesi birka\u00e7 ay s\u00fcrebiliyor.<\/p>\t\t\t\t\t\t\t\t<\/div>\n\t\t\t\t<\/div>\n\t\t\t\t\t<\/div>\n\t\t<\/div>\n\t\t\t\t<div data-aos=\"\" class=\"elementor-column elementor-col-50 elementor-top-column elementor-element elementor-element-bc4d4c0 syd-sticky-section-no\" data-id=\"bc4d4c0\" data-element_type=\"column\" data-settings=\"{&quot;tp_sticky_col_effect_enable&quot;:false}\">\n\t\t\t<div class=\"elementor-widget-wrap elementor-element-populated\">\n\t\t\t\t\t\t<div class=\"elementor-element elementor-element-48dd569 syd-sticky-section-no elementor-widget elementor-widget-image\" data-id=\"48dd569\" data-element_type=\"widget\" data-widget_type=\"image.default\">\n\t\t\t\t<div class=\"elementor-widget-container\">\n\t\t\t\t\t\t\t\t\t<\/div>\n\t\t\t\t<\/div>\n\t\t\t\t\t<\/div>\n\t\t<\/div>\n\t\t\t\t\t<\/div>\n\t\t<\/section>\n\t\t<div class=\"elementor-element elementor-element-0260b06 e-flex e-con-boxed syd-sticky-section-no e-con e-parent\" data-id=\"0260b06\" data-element_type=\"container\">\n\t\t\t\t\t<div class=\"e-con-inner\">\n\t\t\t\t<div class=\"elementor-element elementor-element-ebb047d syd-sticky-section-no elementor-widget elementor-widget-text-editor\" data-id=\"ebb047d\" data-element_type=\"widget\" data-widget_type=\"text-editor.default\">\n\t\t\t\t<div class=\"elementor-widget-container\">\n\t\t\t\t\t\t\t\t\t<p><b><i>B\u0131y\u0131k ekimi<\/i><\/b>\u00a0sonras\u0131 ya\u015fanan rahats\u0131zl\u0131\u011f\u0131n seviyesi ki\u015fiye ve prosed\u00fcr\u00fcn kapsam\u0131na ba\u011fl\u0131 olarak de\u011fi\u015febiliyor. \u00c7o\u011fu hasta rahats\u0131zl\u0131\u011f\u0131n hafif oldu\u011funu ve birka\u00e7 g\u00fcn ila bir hafta i\u00e7inde azald\u0131\u011f\u0131n\u0131 ifade ediyor.<\/p><p>\u0130\u015flemden sonra hastalara genellikle yorucu aktivitelerden ka\u00e7\u0131nmalar\u0131 ve b\u0131y\u0131k b\u00f6lgesini y\u0131karken dikkatli olmalar\u0131 tavsiye ediliyor. Ayr\u0131ca, k\u0131l b\u00fcy\u00fcmesini etkileyebilecek baz\u0131 ila\u00e7lardan ve takviyelerden ka\u00e7\u0131nmalar\u0131 da \u00f6neriliyor. Klini\u011fimizdeki uzman doktorlar\u0131m\u0131z\u00a0<b><i>b\u0131y\u0131k ekimi<\/i><\/b>\u00a0\u00f6ncesi ve sonras\u0131nda ya\u015fanabileceklerle ilgili hastalar\u0131na gerekli bilgileri veriyor; ayr\u0131ca operasyon sonras\u0131 ek randevularla s\u00fcre\u00e7 yak\u0131ndan takip ediliyor.<\/p><p><b>B\u0131y\u0131k ekimi i\u015flemi i\u00e7in nereye gidebilirim?<\/b><\/p><p><a href=\"https:\/\/tr.wikipedia.org\/wiki\/Sa%C4%9Fl%C4%B1k\">Sa\u011fl\u0131k<\/a>\u00a0sekt\u00f6r\u00fcnde \u00f6nceli\u011fimiz her zaman hasta memnuniyeti ve sa\u011fl\u0131\u011f\u0131 olmu\u015ftur.\u00a0<b>Health Agents;<\/b>\u00a0modern teknoloji ve en son t\u0131bbi yeniliklerle donat\u0131lm\u0131\u015f bir ortamda, alan\u0131nda uzman doktorlar taraf\u0131ndan hizmet veriyor. Size en iyi hizmeti sunmak i\u00e7in her zaman yan\u0131n\u0131zday\u0131z ve ger\u00e7ekle\u015ftirdi\u011fimiz cerrahi i\u015flemlerde elde etti\u011fimiz ba\u015far\u0131larla gurur duyuyoruz. Bu nedenle\u00a0<b>Health Agents<\/b>\u00a0b\u00fcnyesindeki doktorlar\u0131m\u0131z, uzmanl\u0131klar\u0131 ve deneyimleri sayesinde t\u00fcm t\u0131bbi i\u015flemlerde oldu\u011fu gibi\u00a0<b><i>b\u0131y\u0131k ekimi<\/i><\/b>\u00a0i\u015flemi i\u00e7in de s\u0131kl\u0131kla tercih ediliyor. Siz de g\u00fcvenle bizi tercih edebilirsiniz.<\/p>\t\t\t\t\t\t\t\t<\/div>\n\t\t\t\t<\/div>\n\t\t\t\t\t<\/div>\n\t\t\t\t<\/div>\n\t\t\t\t<section class=\"elementor-section elementor-top-section elementor-element elementor-element-cfed380 elementor-section-content-middle elementor-section-boxed elementor-section-height-default elementor-section-height-default tp-parallax-no syd-sticky-section-no\" data-id=\"cfed380\" data-element_type=\"section\" data-settings=\"{&quot;background_background&quot;:&quot;classic&quot;,&quot;tp_sticky_sec_effect_enable&quot;:false}\">\n\t\t\t\t\t\t<div class=\"elementor-container elementor-column-gap-default\">\n\t\t\t\t\t<div data-aos=\"\" class=\"elementor-column elementor-col-50 elementor-top-column elementor-element elementor-element-d8fac92 syd-sticky-section-no\" data-id=\"d8fac92\" data-element_type=\"column\" data-settings=\"{&quot;tp_sticky_col_effect_enable&quot;:false}\">\n\t\t\t<div class=\"elementor-widget-wrap elementor-element-populated\">\n\t\t\t\t\t\t<div class=\"elementor-element elementor-element-ea4173f syd-sticky-section-no elementor-widget elementor-widget-heading\" data-id=\"ea4173f\" data-element_type=\"widget\" data-widget_type=\"heading.default\">\n\t\t\t\t<div class=\"elementor-widget-container\">\n\t\t\t\t\t<h2 class=\"elementor-heading-title elementor-size-default\">Sorular\u0131n\u0131z m\u0131 var?<\/h2>\t\t\t\t<\/div>\n\t\t\t\t<\/div>\n\t\t\t\t\t<\/div>\n\t\t<\/div>\n\t\t\t\t<div data-aos=\"\" class=\"elementor-column elementor-col-50 elementor-top-column elementor-element elementor-element-7aa5769 syd-sticky-section-no\" data-id=\"7aa5769\" data-element_type=\"column\" data-settings=\"{&quot;tp_sticky_col_effect_enable&quot;:false}\">\n\t\t\t<div class=\"elementor-widget-wrap elementor-element-populated\">\n\t\t\t\t\t\t<div class=\"elementor-element elementor-element-9c6e3e1 elementor-align-right elementor-mobile-align-center syd-sticky-section-no elementor-widget elementor-widget-button\" data-id=\"9c6e3e1\" data-element_type=\"widget\" data-widget_type=\"button.default\">\n\t\t\t\t<div class=\"elementor-widget-container\">\n\t\t\t\t\t\t\t\t\t<div class=\"elementor-button-wrapper\">\n\t\t\t\t\t<a class=\"elementor-button elementor-button-link elementor-size-sm\" href=\"https:\/\/healthagentsturkey.com\/iletisim\/\">\n\t\t\t\t\t\t<span class=\"elementor-button-content-wrapper\">\n\t\t\t\t\t\t\t\t\t<span class=\"elementor-button-text\">Bize Ula\u015f\u0131n<\/span>\n\t\t\t\t\t<\/span>\n\t\t\t\t\t<\/a>\n\t\t\t\t<\/div>\n\t\t\t\t\t\t\t\t<\/div>\n\t\t\t\t<\/div>\n\t\t\t\t\t<\/div>\n\t\t<\/div>\n\t\t\t\t\t<\/div>\n\t\t<\/section>\n\t\t\t\t<\/div>\n\t\t","protected":false},"excerpt":{"rendered":"<p>B\u0131y\u0131k Ekimi Nedir? B\u0131y\u0131k ekimi, b\u0131y\u0131k olu\u015fturmak veya geli\u015ftirmek i\u00e7in\u00a0sa\u00e7\u00a0k\u00f6klerinin kafa derisinin bir b\u00f6lgesinden \u00fcst duda\u011fa nakledildi\u011fi cerrahi bir prosed\u00fcr. Bu prosed\u00fcr [&hellip;]<\/p>\n","protected":false},"author":1,"featured_media":0,"parent":1407,"menu_order":0,"comment_status":"closed","ping_status":"closed","template":"elementor_header_footer","meta":{"_eb_attr":"","footnotes":""},"class_list":["post-1606","page","type-page","status-publish","hentry"],"_links":{"self":[{"href":"http:\/\/healthagentsturkey.com\/tr\/wp-json\/wp\/v2\/pages\/1606","targetHints":{"allow":["GET"]}}],"collection":[{"href":"http:\/\/healthagentsturkey.com\/tr\/wp-json\/wp\/v2\/pages"}],"about":[{"href":"http:\/\/healthagentsturkey.com\/tr\/wp-json\/wp\/v2\/types\/page"}],"author":[{"embeddable":true,"href":"http:\/\/healthagentsturkey.com\/tr\/wp-json\/wp\/v2\/users\/1"}],"replies":[{"embeddable":true,"href":"http:\/\/healthagentsturkey.com\/tr\/wp-json\/wp\/v2\/comments?post=1606"}],"version-history":[{"count":1,"href":"http:\/\/healthagentsturkey.com\/tr\/wp-json\/wp\/v2\/pages\/1606\/revisions"}],"predecessor-version":[{"id":4800,"href":"http:\/\/healthagentsturkey.com\/tr\/wp-json\/wp\/v2\/pages\/1606\/revisions\/4800"}],"up":[{"embeddable":true,"href":"http:\/\/healthagentsturkey.com\/tr\/wp-json\/wp\/v2\/pages\/1407"}],"wp:attachment":[{"href":"http:\/\/healthagentsturkey.com\/tr\/wp-json\/wp\/v2\/media?parent=1606"}],"curies":[{"name":"wp","href":"https:\/\/api.w.org\/{rel}","templated":true}]}}