{"id":1599,"date":"2023-11-18T23:51:19","date_gmt":"2023-11-18T23:51:19","guid":{"rendered":"https:\/\/healthagentsturkey.com\/?page_id=1599"},"modified":"2026-02-25T10:31:57","modified_gmt":"2026-02-25T07:31:57","slug":"kas-ekimi","status":"publish","type":"page","link":"http:\/\/healthagentsturkey.com\/tr\/tedavi\/sac-ekimi\/kas-ekimi\/","title":{"rendered":"Ka\u015f Ekimi"},"content":{"rendered":"\t\t<div data-elementor-type=\"wp-page\" data-elementor-id=\"1599\" class=\"elementor elementor-1599\" data-elementor-post-type=\"page\">\n\t\t\t\t\t\t<section class=\"elementor-section elementor-top-section elementor-element elementor-element-eedafb9 elementor-section-content-middle elementor-section-boxed elementor-section-height-default elementor-section-height-default tp-parallax-no syd-sticky-section-no\" data-id=\"eedafb9\" data-element_type=\"section\" data-settings=\"{&quot;tp_sticky_sec_effect_enable&quot;:false}\">\n\t\t\t\t\t\t<div class=\"elementor-container elementor-column-gap-default\">\n\t\t\t\t\t<div data-aos=\"\" class=\"elementor-column elementor-col-50 elementor-top-column elementor-element elementor-element-571508b syd-sticky-section-no\" data-id=\"571508b\" data-element_type=\"column\" data-settings=\"{&quot;tp_sticky_col_effect_enable&quot;:false}\">\n\t\t\t<div class=\"elementor-widget-wrap elementor-element-populated\">\n\t\t\t\t\t\t<div class=\"elementor-element elementor-element-2fc2cb6 syd-sticky-section-no elementor-widget elementor-widget-heading\" data-id=\"2fc2cb6\" data-element_type=\"widget\" data-widget_type=\"heading.default\">\n\t\t\t\t<div class=\"elementor-widget-container\">\n\t\t\t\t\t<h2 class=\"elementor-heading-title elementor-size-default\">Ka\u015f Ekimi Nedir?<\/h2>\t\t\t\t<\/div>\n\t\t\t\t<\/div>\n\t\t\t\t<div class=\"elementor-element elementor-element-1cf0f1c elementor-widget__width-initial syd-sticky-section-no elementor-widget elementor-widget-text-editor\" data-id=\"1cf0f1c\" data-element_type=\"widget\" data-widget_type=\"text-editor.default\">\n\t\t\t\t<div class=\"elementor-widget-container\">\n\t\t\t\t\t\t\t\t\t<p><b><i>Ka\u015f ekimi<\/i><\/b>, daha dolgun ve belirgin bir\u00a0<a href=\"https:\/\/tr.wikipedia.org\/wiki\/Ka%C5%9F\">ka\u015f<\/a>\u00a0g\u00f6r\u00fcn\u00fcm\u00fc olu\u015fturmak i\u00e7in sa\u00e7 k\u00f6klerinin v\u00fccudun bir b\u00f6lgesinden (genellikle kafa derisinden) ka\u015flara nakledildi\u011fi kozmetik bir prosed\u00fcr. \u0130\u015flem do\u011fal olarak seyrek ka\u015flara sahip olan, yaralanma veya t\u0131bbi bir durum nedeniyle ka\u015flar\u0131n\u0131 kaybeden veya ge\u00e7mi\u015fte ka\u015flar\u0131n\u0131 fazla alan ki\u015filer i\u00e7in harika bir tedavi y\u00f6ntemi.<\/p><p>Ka\u015f ekimi i\u015flemi s\u0131ras\u0131nda, don\u00f6r b\u00f6lgeden tek tek sa\u00e7 k\u00f6kleri al\u0131n\u0131yor ve dikkatlice ka\u015f b\u00f6lgesine naklediliyor. Ekilen sa\u00e7lar daha sonra b\u00fcy\u00fcyor ve do\u011fal ka\u015f k\u0131l\u0131 gibi g\u00f6r\u00fcn\u00fcyor. Prosed\u00fcr,\u00a0<a href=\"https:\/\/tr.wikipedia.org\/wiki\/Folik%C3%BCler_%C3%BCnite_nakli\">folik\u00fcler \u00fcnite transplantasyonu\u00a0<b><i>(FUT)<\/i><\/b><\/a>\u00a0veya\u00a0<a href=\"https:\/\/tr.wikipedia.org\/wiki\/Folik%C3%BCler_%C3%BCnite_ekstraksiyonu\"><b><i>folik\u00fcler \u00fcnite ekstraksiyonu (FUE)<\/i><\/b><\/a>\u00a0gibi farkl\u0131 teknikler kullan\u0131larak ger\u00e7ekle\u015ftirilebiliyor.<\/p><p>\u0130yile\u015fme s\u00fcresi nispeten k\u0131sa, bireyler genellikle i\u015flemden sonraki birka\u00e7 g\u00fcn i\u00e7inde normal aktivitelerine d\u00f6nebiliyor.\u00a0<b>Ka\u015f ekimi<\/b>nin sonu\u00e7lar\u0131 \u00f6zenli bir bak\u0131mla uzun \u00f6m\u00fcrl\u00fc olabiliyor, ka\u015flar\u0131n g\u00f6r\u00fcn\u00fcm\u00fcnde \u00f6nemli bir iyile\u015fme sa\u011flan\u0131yor.<\/p>\t\t\t\t\t\t\t\t<\/div>\n\t\t\t\t<\/div>\n\t\t\t\t\t<\/div>\n\t\t<\/div>\n\t\t\t\t<div data-aos=\"\" class=\"elementor-column elementor-col-50 elementor-top-column elementor-element elementor-element-bc4d4c0 syd-sticky-section-no\" data-id=\"bc4d4c0\" data-element_type=\"column\" data-settings=\"{&quot;tp_sticky_col_effect_enable&quot;:false}\">\n\t\t\t<div class=\"elementor-widget-wrap elementor-element-populated\">\n\t\t\t\t\t\t<div class=\"elementor-element elementor-element-48dd569 syd-sticky-section-no elementor-widget elementor-widget-image\" data-id=\"48dd569\" data-element_type=\"widget\" data-widget_type=\"image.default\">\n\t\t\t\t<div class=\"elementor-widget-container\">\n\t\t\t\t\t\t\t\t\t<\/div>\n\t\t\t\t<\/div>\n\t\t\t\t\t<\/div>\n\t\t<\/div>\n\t\t\t\t\t<\/div>\n\t\t<\/section>\n\t\t<div class=\"elementor-element elementor-element-0260b06 e-flex e-con-boxed syd-sticky-section-no e-con e-parent\" data-id=\"0260b06\" data-element_type=\"container\">\n\t\t\t\t\t<div class=\"e-con-inner\">\n\t\t\t\t<div class=\"elementor-element elementor-element-ebb047d syd-sticky-section-no elementor-widget elementor-widget-text-editor\" data-id=\"ebb047d\" data-element_type=\"widget\" data-widget_type=\"text-editor.default\">\n\t\t\t\t<div class=\"elementor-widget-container\">\n\t\t\t\t\t\t\t\t\t<p><b>Ka\u015f ekimi do\u011fal g\u00f6r\u00fcn\u00fcyor mu?<\/b><\/p><p>Evet,\u00a0<b><i>ka\u015f ekimi<\/i><\/b>\u00a0deneyimli bir doktor ve sa\u011fl\u0131k ekibi taraf\u0131ndan yap\u0131ld\u0131\u011f\u0131nda \u00e7ok do\u011fal g\u00f6r\u00fcnebiliyor. Prosed\u00fcr\u00fcn sonu\u00e7lar\u0131; don\u00f6r sa\u00e7\u0131n kalite ve miktar\u0131, nakledilen folik\u00fcllerin yerle\u015fimi ve ka\u015flar\u0131n genel \u015fekli ve boyutu gibi \u00e7e\u015fitli fakt\u00f6rlere ba\u011fl\u0131.<\/p><p>Do\u011fal g\u00f6r\u00fcn\u00fcml\u00fc bir sonu\u00e7 elde etmek i\u00e7in doktor genellikle hastayla birlikte \u00e7al\u0131\u015farak, hastan\u0131n bireysel y\u00fcz \u00f6zelliklerine ve\u00a0<a href=\"https:\/\/tr.wikipedia.org\/wiki\/Estetik\">estetik<\/a>\u00a0hedeflerine g\u00f6re \u00f6zelle\u015ftirilmi\u015f bir ka\u015f tasar\u0131m\u0131 olu\u015fturuyor. Doktor, ka\u015f k\u0131llar\u0131n\u0131n a\u00e7\u0131s\u0131 ve y\u00f6n\u00fc, k\u0131llar aras\u0131ndaki bo\u015fluk, ka\u015flar\u0131n genel \u015fekli ve simetrisi gibi fakt\u00f6rleri dikkate al\u0131yor.<\/p><p>\u0130\u015flemden sonra, ekilen sa\u00e7 normal bir b\u00fcy\u00fcme d\u00f6ng\u00fcs\u00fcnden ge\u00e7iyor, bu da tam sonu\u00e7lar\u0131n ortaya \u00e7\u0131kmas\u0131n\u0131n birka\u00e7 ay alabilece\u011fi anlam\u0131na geliyor. Bununla birlikte\u00a0<b>ka\u015f ekimi<\/b>nin sonu\u00e7lar\u0131 tamamen ortaya \u00e7\u0131kt\u0131\u011f\u0131nda, t\u0131pk\u0131 do\u011fal ka\u015f k\u0131llar\u0131 gibi g\u00f6r\u00fcn\u00fcyor.<\/p><p><b>Ka\u015f ekimi i\u00e7in nereye gidebilirim?<\/b><\/p><p>Sa\u011fl\u0131k sekt\u00f6r\u00fcnde \u00f6nceli\u011fimiz her zaman hasta memnuniyeti ve sa\u011fl\u0131\u011f\u0131 olmu\u015ftur.\u00a0<b>Health Agents;<\/b>\u00a0modern teknoloji ve en son t\u0131bbi yeniliklerle donat\u0131lm\u0131\u015f bir ortamda, alan\u0131nda uzman doktorlar taraf\u0131ndan hizmet veriyor. Size en iyi hizmeti sunmak i\u00e7in her zaman yan\u0131n\u0131zday\u0131z ve ger\u00e7ekle\u015ftirdi\u011fimiz cerrahi i\u015flemlerde elde etti\u011fimiz ba\u015far\u0131larla gurur duyuyoruz. Bu nedenle\u00a0<b>Health Agents<\/b>\u00a0b\u00fcnyesindeki doktorlar\u0131m\u0131z, uzmanl\u0131klar\u0131 ve deneyimleri sayesinde t\u00fcm t\u0131bbi i\u015flemlerde oldu\u011fu gibi\u00a0<b><i>ka\u015f ekimi<\/i><\/b>\u00a0i\u015flemleri i\u00e7in de s\u0131kl\u0131kla tercih ediliyor. Siz de g\u00fcvenle bizi tercih edebilirsiniz.<\/p>\t\t\t\t\t\t\t\t<\/div>\n\t\t\t\t<\/div>\n\t\t\t\t\t<\/div>\n\t\t\t\t<\/div>\n\t\t\t\t<section class=\"elementor-section elementor-top-section elementor-element elementor-element-cfed380 elementor-section-content-middle elementor-section-boxed elementor-section-height-default elementor-section-height-default tp-parallax-no syd-sticky-section-no\" data-id=\"cfed380\" data-element_type=\"section\" data-settings=\"{&quot;background_background&quot;:&quot;classic&quot;,&quot;tp_sticky_sec_effect_enable&quot;:false}\">\n\t\t\t\t\t\t<div class=\"elementor-container elementor-column-gap-default\">\n\t\t\t\t\t<div data-aos=\"\" class=\"elementor-column elementor-col-50 elementor-top-column elementor-element elementor-element-d8fac92 syd-sticky-section-no\" data-id=\"d8fac92\" data-element_type=\"column\" data-settings=\"{&quot;tp_sticky_col_effect_enable&quot;:false}\">\n\t\t\t<div class=\"elementor-widget-wrap elementor-element-populated\">\n\t\t\t\t\t\t<div class=\"elementor-element elementor-element-ea4173f syd-sticky-section-no elementor-widget elementor-widget-heading\" data-id=\"ea4173f\" data-element_type=\"widget\" data-widget_type=\"heading.default\">\n\t\t\t\t<div class=\"elementor-widget-container\">\n\t\t\t\t\t<h2 class=\"elementor-heading-title elementor-size-default\">Sorular\u0131n\u0131z m\u0131 var?<\/h2>\t\t\t\t<\/div>\n\t\t\t\t<\/div>\n\t\t\t\t\t<\/div>\n\t\t<\/div>\n\t\t\t\t<div data-aos=\"\" class=\"elementor-column elementor-col-50 elementor-top-column elementor-element elementor-element-7aa5769 syd-sticky-section-no\" data-id=\"7aa5769\" data-element_type=\"column\" data-settings=\"{&quot;tp_sticky_col_effect_enable&quot;:false}\">\n\t\t\t<div class=\"elementor-widget-wrap elementor-element-populated\">\n\t\t\t\t\t\t<div class=\"elementor-element elementor-element-9c6e3e1 elementor-align-right elementor-mobile-align-center syd-sticky-section-no elementor-widget elementor-widget-button\" data-id=\"9c6e3e1\" data-element_type=\"widget\" data-widget_type=\"button.default\">\n\t\t\t\t<div class=\"elementor-widget-container\">\n\t\t\t\t\t\t\t\t\t<div class=\"elementor-button-wrapper\">\n\t\t\t\t\t<a class=\"elementor-button elementor-button-link elementor-size-sm\" href=\"https:\/\/healthagentsturkey.com\/iletisim\/\">\n\t\t\t\t\t\t<span class=\"elementor-button-content-wrapper\">\n\t\t\t\t\t\t\t\t\t<span class=\"elementor-button-text\">Bize Ula\u015f\u0131n<\/span>\n\t\t\t\t\t<\/span>\n\t\t\t\t\t<\/a>\n\t\t\t\t<\/div>\n\t\t\t\t\t\t\t\t<\/div>\n\t\t\t\t<\/div>\n\t\t\t\t\t<\/div>\n\t\t<\/div>\n\t\t\t\t\t<\/div>\n\t\t<\/section>\n\t\t\t\t<\/div>\n\t\t","protected":false},"excerpt":{"rendered":"<p>Ka\u015f Ekimi Nedir? Ka\u015f ekimi, daha dolgun ve belirgin bir\u00a0ka\u015f\u00a0g\u00f6r\u00fcn\u00fcm\u00fc olu\u015fturmak i\u00e7in sa\u00e7 k\u00f6klerinin v\u00fccudun bir b\u00f6lgesinden (genellikle kafa derisinden) ka\u015flara nakledildi\u011fi [&hellip;]<\/p>\n","protected":false},"author":1,"featured_media":0,"parent":1407,"menu_order":0,"comment_status":"closed","ping_status":"closed","template":"elementor_header_footer","meta":{"_eb_attr":"","footnotes":""},"class_list":["post-1599","page","type-page","status-publish","hentry"],"_links":{"self":[{"href":"http:\/\/healthagentsturkey.com\/tr\/wp-json\/wp\/v2\/pages\/1599","targetHints":{"allow":["GET"]}}],"collection":[{"href":"http:\/\/healthagentsturkey.com\/tr\/wp-json\/wp\/v2\/pages"}],"about":[{"href":"http:\/\/healthagentsturkey.com\/tr\/wp-json\/wp\/v2\/types\/page"}],"author":[{"embeddable":true,"href":"http:\/\/healthagentsturkey.com\/tr\/wp-json\/wp\/v2\/users\/1"}],"replies":[{"embeddable":true,"href":"http:\/\/healthagentsturkey.com\/tr\/wp-json\/wp\/v2\/comments?post=1599"}],"version-history":[{"count":1,"href":"http:\/\/healthagentsturkey.com\/tr\/wp-json\/wp\/v2\/pages\/1599\/revisions"}],"predecessor-version":[{"id":4801,"href":"http:\/\/healthagentsturkey.com\/tr\/wp-json\/wp\/v2\/pages\/1599\/revisions\/4801"}],"up":[{"embeddable":true,"href":"http:\/\/healthagentsturkey.com\/tr\/wp-json\/wp\/v2\/pages\/1407"}],"wp:attachment":[{"href":"http:\/\/healthagentsturkey.com\/tr\/wp-json\/wp\/v2\/media?parent=1599"}],"curies":[{"name":"wp","href":"https:\/\/api.w.org\/{rel}","templated":true}]}}