{"id":1449,"date":"2023-11-18T03:48:29","date_gmt":"2023-11-18T03:48:29","guid":{"rendered":"https:\/\/healthagentsturkey.com\/?page_id=1449"},"modified":"2026-02-25T10:31:54","modified_gmt":"2026-02-25T07:31:54","slug":"dt","status":"publish","type":"page","link":"http:\/\/healthagentsturkey.com\/tr\/tedavi\/dis\/dt\/","title":{"rendered":"Di\u015f Temizleme"},"content":{"rendered":"\t\t<div data-elementor-type=\"wp-page\" data-elementor-id=\"1449\" class=\"elementor elementor-1449\" data-elementor-post-type=\"page\">\n\t\t\t\t\t\t<section class=\"elementor-section elementor-top-section elementor-element elementor-element-eedafb9 elementor-section-content-middle elementor-section-boxed elementor-section-height-default elementor-section-height-default tp-parallax-no syd-sticky-section-no\" data-id=\"eedafb9\" data-element_type=\"section\" data-settings=\"{&quot;tp_sticky_sec_effect_enable&quot;:false}\">\n\t\t\t\t\t\t<div class=\"elementor-container elementor-column-gap-default\">\n\t\t\t\t\t<div data-aos=\"\" class=\"elementor-column elementor-col-50 elementor-top-column elementor-element elementor-element-571508b syd-sticky-section-no\" data-id=\"571508b\" data-element_type=\"column\" data-settings=\"{&quot;tp_sticky_col_effect_enable&quot;:false}\">\n\t\t\t<div class=\"elementor-widget-wrap elementor-element-populated\">\n\t\t\t\t\t\t<div class=\"elementor-element elementor-element-2fc2cb6 syd-sticky-section-no elementor-widget elementor-widget-heading\" data-id=\"2fc2cb6\" data-element_type=\"widget\" data-widget_type=\"heading.default\">\n\t\t\t\t<div class=\"elementor-widget-container\">\n\t\t\t\t\t<h2 class=\"elementor-heading-title elementor-size-default\">Di\u015f Temizleme<\/h2>\t\t\t\t<\/div>\n\t\t\t\t<\/div>\n\t\t\t\t<div class=\"elementor-element elementor-element-1cf0f1c syd-sticky-section-no elementor-widget elementor-widget-text-editor\" data-id=\"1cf0f1c\" data-element_type=\"widget\" data-widget_type=\"text-editor.default\">\n\t\t\t\t<div class=\"elementor-widget-container\">\n\t\t\t\t\t\t\t\t\t<p><b><i>Di\u015f temizleme<\/i><\/b>; di\u015flerdeki\u00a0<a href=\"https:\/\/tr.wikipedia.org\/wiki\/Di%C5%9F_ta%C5%9F%C4%B1\">plak, tartar<\/a>\u00a0ve lekelerin giderilmesi i\u015flemidir. \u0130yi bir a\u011f\u0131z hijyeni sa\u011flamak,\u00a0<a href=\"https:\/\/tr.wikipedia.org\/wiki\/%C3%87%C3%BCr%C3%BCk\">\u00e7\u00fcr\u00fck<\/a>ler ve\u00a0<a href=\"https:\/\/tr.wikipedia.org\/wiki\/Di%C5%9F_eti\">di\u015f eti<\/a>\u00a0hastal\u0131klar\u0131 gibi di\u015f sorunlar\u0131n\u0131 \u00f6nlemek i\u00e7in di\u015f temizleme \u00e7ok \u00f6nemli bir prosed\u00fcrd\u00fcr.\u00a0<span style=\"font-weight: bold;\"><i>Di\u015f temizleme<\/i><\/span>\u00a0randevusu s\u0131ras\u0131nda di\u015f hekimi, yaln\u0131zca f\u0131r\u00e7alama ve di\u015f ipi ile giderilemeyen plak ve tartar birikimini gidermek i\u00e7in \u00f6zel aletler kullan\u0131yor. Temizleme i\u015flemi genellikle\u00a0<a style=\"background-color: #ffffff; outline: 0px;\" href=\"https:\/\/tr.wikipedia.org\/wiki\/Di%C5%9F_ta%C5%9F%C4%B1\">plak ve tartar\u0131n<\/a>\u00a0di\u015f y\u00fczeyinden uzakla\u015ft\u0131r\u0131lmas\u0131ndan olu\u015fuyor; plak ve bakterilerin bir daha di\u015flere yap\u0131\u015fmas\u0131n\u0131 daha zor bir hale getirmek i\u00e7in di\u015f y\u00fczeyi p\u00fcr\u00fczs\u00fczle\u015ftiriliyor.\u00a0<\/p><p>\u00a0<\/p>\t\t\t\t\t\t\t\t<\/div>\n\t\t\t\t<\/div>\n\t\t\t\t\t<\/div>\n\t\t<\/div>\n\t\t\t\t<div data-aos=\"\" class=\"elementor-column elementor-col-50 elementor-top-column elementor-element elementor-element-bc4d4c0 syd-sticky-section-no\" data-id=\"bc4d4c0\" data-element_type=\"column\" data-settings=\"{&quot;tp_sticky_col_effect_enable&quot;:false}\">\n\t\t\t<div class=\"elementor-widget-wrap elementor-element-populated\">\n\t\t\t\t\t\t<div class=\"elementor-element elementor-element-48dd569 syd-sticky-section-no elementor-widget elementor-widget-image\" data-id=\"48dd569\" data-element_type=\"widget\" data-widget_type=\"image.default\">\n\t\t\t\t<div class=\"elementor-widget-container\">\n\t\t\t\t\t\t\t\t\t<\/div>\n\t\t\t\t<\/div>\n\t\t\t\t\t<\/div>\n\t\t<\/div>\n\t\t\t\t\t<\/div>\n\t\t<\/section>\n\t\t<div class=\"elementor-element elementor-element-99fe56d e-flex e-con-boxed syd-sticky-section-no e-con e-parent\" data-id=\"99fe56d\" data-element_type=\"container\">\n\t\t\t\t\t<div class=\"e-con-inner\">\n\t\t\t\t<div class=\"elementor-element elementor-element-def30c4 syd-sticky-section-no elementor-widget elementor-widget-text-editor\" data-id=\"def30c4\" data-element_type=\"widget\" data-widget_type=\"text-editor.default\">\n\t\t\t\t<div class=\"elementor-widget-container\">\n\t\t\t\t\t\t\t\t\t<p><b><i>Di\u015f temizleme<\/i><\/b>\u00a0randevusu s\u0131ras\u0131nda di\u015f hekimi, yaln\u0131zca f\u0131r\u00e7alama ve di\u015f ipi ile giderilemeyen plak ve tartar birikimini gidermek i\u00e7in \u00f6zel aletler kullan\u0131yor. Temizleme i\u015flemi genellikle\u00a0<a href=\"https:\/\/tr.wikipedia.org\/wiki\/Di%C5%9F_ta%C5%9F%C4%B1\">plak ve tartar\u0131n<\/a>\u00a0di\u015f y\u00fczeyinden uzakla\u015ft\u0131r\u0131lmas\u0131ndan olu\u015fuyor; plak ve bakterilerin bir daha di\u015flere yap\u0131\u015fmas\u0131n\u0131 daha zor bir hale getirmek i\u00e7in di\u015f y\u00fczeyi p\u00fcr\u00fczs\u00fczle\u015ftiriliyor.\u00a0<\/p><p><b><i>Di\u015f temizleme<\/i><\/b>\u00a0ayr\u0131ca ki\u015fide herhangi bir di\u015f problemi belirtisi olup olmad\u0131\u011f\u0131n\u0131 kontrol etmek i\u00e7in di\u015flerin ve di\u015f etlerinin muayenesini de i\u00e7eriyor. Baz\u0131 durumlarda, g\u00f6rsel muayene s\u0131ras\u0131nda g\u00f6r\u00fclemeyen ve altta yatan sorunlar\u0131 kontrol etmek i\u00e7in di\u015f\u00a0<a href=\"https:\/\/tr.wikipedia.org\/wiki\/R%C3%B6ntgen\">r\u00f6ntgen<\/a>leri \u00e7ekilebiliyor. Genellikle alt\u0131 ayda bir \u00f6nerilen d\u00fczenli\u00a0<b><i>di\u015f temizleme<\/i><\/b>, di\u015f sorunlar\u0131n\u0131n \u00f6nlenmesine ve a\u011f\u0131z sa\u011fl\u0131\u011f\u0131n\u0131n korunmas\u0131na yard\u0131mc\u0131 olabiliyor.<\/p><p><b>Di\u015f temizleme<\/b>\u00a0<b>gerekli mi?<\/b><\/p><p>Evet, iyi bir a\u011f\u0131z sa\u011fl\u0131\u011f\u0131 edinmek ve \u00e7\u00fcr\u00fck gibi di\u015f sorunlar\u0131n\u0131 \u00f6nlemek i\u00e7in di\u015f temizleme gerekli. Evde di\u015f f\u0131r\u00e7alamak ve di\u015f ipi kullanmak pla\u011f\u0131 uzakla\u015ft\u0131rmak ve tartar olu\u015fumunu \u00f6nlemek i\u00e7in iyi bir y\u00f6ntem; ancak di\u015flerinizi ve di\u015f etlerinizi sa\u011fl\u0131kl\u0131 tutmak i\u00e7in her zaman yeterli de\u011fil. Zamanla plak sertle\u015ferek\u00a0<a href=\"https:\/\/tr.wikipedia.org\/wiki\/Di%C5%9F_ta%C5%9F%C4%B1\">tartar<\/a>a d\u00f6n\u00fc\u015febiliyor ve bu da yaln\u0131zca bir di\u015f hekimi taraf\u0131ndan giderilebiliyor. Tartar birikimi tedavi edilmezse di\u015f \u00e7\u00fcr\u00fcmesine, di\u015f eti hastal\u0131\u011f\u0131na ve di\u011fer a\u011f\u0131z sa\u011fl\u0131\u011f\u0131 sorunlar\u0131na yol a\u00e7abiliyor.<\/p><p><b><i>Di\u015f temizleme<\/i><\/b>;\u00a0<a href=\"https:\/\/tr.wikipedia.org\/wiki\/Di%C5%9F_ta%C5%9F%C4%B1\">plak ve tartar\u0131<\/a>\u00a0temizlemenin yan\u0131 s\u0131ra di\u015f hekiminizin di\u015f ve di\u015f etlerinizi herhangi bir di\u015f sorunu belirtisi a\u00e7\u0131s\u0131ndan incelemesine de olanak tan\u0131yor. Di\u015f sorunlar\u0131n\u0131n erken tespiti ve tedavisi, gelecekte daha ciddi sorunlar\u0131n ortaya \u00e7\u0131kmas\u0131n\u0131 \u00f6nlemeye yard\u0131mc\u0131 olabiliyor.<\/p><p><b>Di\u015f temizleme i\u015flemi i\u00e7in nereye gidebilirim?<\/b><\/p><p><a href=\"https:\/\/tr.wikipedia.org\/wiki\/Sa%C4%9Fl%C4%B1k\">Sa\u011fl\u0131k<\/a>\u00a0sekt\u00f6r\u00fcnde \u00f6nceli\u011fimiz her zaman hasta memnuniyeti ve sa\u011fl\u0131\u011f\u0131 olmu\u015ftur.\u00a0<b>Health Agents;<\/b>\u00a0modern teknoloji ve en son t\u0131bbi yeniliklerle donat\u0131lm\u0131\u015f bir ortamda, alan\u0131nda uzman doktorlar taraf\u0131ndan hizmet veriyor. Size en iyi hizmeti sunmak i\u00e7in her zaman yan\u0131n\u0131zday\u0131z ve ger\u00e7ekle\u015ftirdi\u011fimiz cerrahi i\u015flemlerde elde etti\u011fimiz ba\u015far\u0131larla gurur duyuyoruz. Bu nedenle\u00a0<b>Health Agents<\/b>\u00a0b\u00fcnyesindeki doktorlar\u0131m\u0131z, uzmanl\u0131klar\u0131 ve deneyimleri sayesinde t\u00fcm t\u0131bbi i\u015flemlerde oldu\u011fu gibi\u00a0<b><i>di\u015f temizleme<\/i><\/b>\u00a0i\u015flemi i\u00e7in de s\u0131kl\u0131kla tercih ediliyor. Siz de g\u00fcvenle bizi tercih edebilirsiniz.<\/p>\t\t\t\t\t\t\t\t<\/div>\n\t\t\t\t<\/div>\n\t\t\t\t\t<\/div>\n\t\t\t\t<\/div>\n\t\t\t\t<section class=\"elementor-section elementor-top-section elementor-element elementor-element-cfed380 elementor-section-content-middle elementor-section-boxed elementor-section-height-default elementor-section-height-default tp-parallax-no syd-sticky-section-no\" data-id=\"cfed380\" data-element_type=\"section\" data-settings=\"{&quot;background_background&quot;:&quot;classic&quot;,&quot;tp_sticky_sec_effect_enable&quot;:false}\">\n\t\t\t\t\t\t<div class=\"elementor-container elementor-column-gap-default\">\n\t\t\t\t\t<div data-aos=\"\" class=\"elementor-column elementor-col-50 elementor-top-column elementor-element elementor-element-d8fac92 syd-sticky-section-no\" data-id=\"d8fac92\" data-element_type=\"column\" data-settings=\"{&quot;tp_sticky_col_effect_enable&quot;:false}\">\n\t\t\t<div class=\"elementor-widget-wrap elementor-element-populated\">\n\t\t\t\t\t\t<div class=\"elementor-element elementor-element-ea4173f syd-sticky-section-no elementor-widget elementor-widget-heading\" data-id=\"ea4173f\" data-element_type=\"widget\" data-widget_type=\"heading.default\">\n\t\t\t\t<div class=\"elementor-widget-container\">\n\t\t\t\t\t<h2 class=\"elementor-heading-title elementor-size-default\">Sorular\u0131n\u0131z m\u0131 var?<\/h2>\t\t\t\t<\/div>\n\t\t\t\t<\/div>\n\t\t\t\t\t<\/div>\n\t\t<\/div>\n\t\t\t\t<div data-aos=\"\" class=\"elementor-column elementor-col-50 elementor-top-column elementor-element elementor-element-7aa5769 syd-sticky-section-no\" data-id=\"7aa5769\" data-element_type=\"column\" data-settings=\"{&quot;tp_sticky_col_effect_enable&quot;:false}\">\n\t\t\t<div class=\"elementor-widget-wrap elementor-element-populated\">\n\t\t\t\t\t\t<div class=\"elementor-element elementor-element-9c6e3e1 elementor-align-right elementor-mobile-align-center syd-sticky-section-no elementor-widget elementor-widget-button\" data-id=\"9c6e3e1\" data-element_type=\"widget\" data-widget_type=\"button.default\">\n\t\t\t\t<div class=\"elementor-widget-container\">\n\t\t\t\t\t\t\t\t\t<div class=\"elementor-button-wrapper\">\n\t\t\t\t\t<a class=\"elementor-button elementor-button-link elementor-size-sm\" href=\"https:\/\/healthagentsturkey.com\/iletisim\/\">\n\t\t\t\t\t\t<span class=\"elementor-button-content-wrapper\">\n\t\t\t\t\t\t\t\t\t<span class=\"elementor-button-text\">Bize Ula\u015f\u0131n<\/span>\n\t\t\t\t\t<\/span>\n\t\t\t\t\t<\/a>\n\t\t\t\t<\/div>\n\t\t\t\t\t\t\t\t<\/div>\n\t\t\t\t<\/div>\n\t\t\t\t\t<\/div>\n\t\t<\/div>\n\t\t\t\t\t<\/div>\n\t\t<\/section>\n\t\t\t\t<\/div>\n\t\t","protected":false},"excerpt":{"rendered":"<p>Di\u015f Temizleme Di\u015f temizleme di\u015flerdeki\u00a0plak, tartar\u00a0ve lekelerin giderilmesi i\u015flemidir. \u0130yi bir a\u011f\u0131z hijyeni sa\u011flamak,\u00a0\u00e7\u00fcr\u00fckler ve\u00a0di\u015f eti\u00a0hastal\u0131klar\u0131 gibi di\u015f sorunlar\u0131n\u0131 \u00f6nlemek i\u00e7in di\u015f [&hellip;]<\/p>\n","protected":false},"author":1,"featured_media":0,"parent":1439,"menu_order":0,"comment_status":"closed","ping_status":"closed","template":"elementor_header_footer","meta":{"_eb_attr":"","footnotes":""},"class_list":["post-1449","page","type-page","status-publish","hentry"],"_links":{"self":[{"href":"http:\/\/healthagentsturkey.com\/tr\/wp-json\/wp\/v2\/pages\/1449","targetHints":{"allow":["GET"]}}],"collection":[{"href":"http:\/\/healthagentsturkey.com\/tr\/wp-json\/wp\/v2\/pages"}],"about":[{"href":"http:\/\/healthagentsturkey.com\/tr\/wp-json\/wp\/v2\/types\/page"}],"author":[{"embeddable":true,"href":"http:\/\/healthagentsturkey.com\/tr\/wp-json\/wp\/v2\/users\/1"}],"replies":[{"embeddable":true,"href":"http:\/\/healthagentsturkey.com\/tr\/wp-json\/wp\/v2\/comments?post=1449"}],"version-history":[{"count":1,"href":"http:\/\/healthagentsturkey.com\/tr\/wp-json\/wp\/v2\/pages\/1449\/revisions"}],"predecessor-version":[{"id":4765,"href":"http:\/\/healthagentsturkey.com\/tr\/wp-json\/wp\/v2\/pages\/1449\/revisions\/4765"}],"up":[{"embeddable":true,"href":"http:\/\/healthagentsturkey.com\/tr\/wp-json\/wp\/v2\/pages\/1439"}],"wp:attachment":[{"href":"http:\/\/healthagentsturkey.com\/tr\/wp-json\/wp\/v2\/media?parent=1449"}],"curies":[{"name":"wp","href":"https:\/\/api.w.org\/{rel}","templated":true}]}}