{"id":905,"date":"2023-11-12T08:49:17","date_gmt":"2023-11-12T08:49:17","guid":{"rendered":"https:\/\/healthagentsturkey.com\/?page_id=905"},"modified":"2023-12-23T14:40:08","modified_gmt":"2023-12-23T11:40:08","slug":"tibbi","status":"publish","type":"page","link":"http:\/\/healthagentsturkey.com\/ru\/hizmetler\/tibbi\/","title":{"rendered":"\u041c\u0435\u0434\u0438\u0446\u0438\u043d\u0441\u043a\u0438\u0435 \u0443\u0441\u043b\u0443\u0433\u0438"},"content":{"rendered":"<div data-elementor-type=\"wp-page\" data-elementor-id=\"905\" class=\"elementor elementor-905\" data-elementor-post-type=\"page\">\n\t\t\t\t\t\t<section class=\"elementor-section elementor-top-section elementor-element elementor-element-eedafb9 elementor-section-content-middle elementor-section-boxed elementor-section-height-default elementor-section-height-default tp-parallax-no syd-sticky-section-no\" data-id=\"eedafb9\" data-element_type=\"section\" data-settings=\"{&quot;tp_sticky_sec_effect_enable&quot;:false}\">\n\t\t\t\t\t\t<div class=\"elementor-container elementor-column-gap-default\">\n\t\t\t\t\t<div data-aos=\"\" class=\"elementor-column elementor-col-50 elementor-top-column elementor-element elementor-element-571508b syd-sticky-section-no\" data-id=\"571508b\" data-element_type=\"column\" data-settings=\"{&quot;tp_sticky_col_effect_enable&quot;:false}\">\n\t\t\t<div class=\"elementor-widget-wrap elementor-element-populated\">\n\t\t\t\t\t\t<div class=\"elementor-element elementor-element-2fc2cb6 syd-sticky-section-no elementor-widget elementor-widget-heading\" data-id=\"2fc2cb6\" data-element_type=\"widget\" data-widget_type=\"heading.default\">\n\t\t\t\t<div class=\"elementor-widget-container\">\n\t\t\t\t\t<h2 class=\"elementor-heading-title elementor-size-default\">\u041c\u0435\u0434\u0438\u0446\u0438\u043d\u0441\u043a\u0438\u0435 \u0443\u0441\u043b\u0443\u0433\u0438<\/h2>\t\t\t\t<\/div>\n\t\t\t\t<\/div>\n\t\t\t\t<div class=\"elementor-element elementor-element-1cf0f1c syd-sticky-section-no elementor-widget elementor-widget-text-editor\" data-id=\"1cf0f1c\" data-element_type=\"widget\" data-widget_type=\"text-editor.default\">\n\t\t\t\t<div class=\"elementor-widget-container\">\n\t\t\t\t\t\t\t\t\t<p><strong>\u041c\u0435\u0434\u0438\u0446\u0438\u043d\u0441\u043a\u0438\u0435 \u0443\u0441\u043b\u0443\u0433\u0438<\/strong>\u044d\u0442\u043e \u043a\u043e\u043c\u043f\u043b\u0435\u043a\u0441\u043d\u044b\u0439 \u0441\u0435\u043a\u0442\u043e\u0440, \u043e\u0445\u0432\u0430\u0442\u044b\u0432\u0430\u044e\u0449\u0438\u0439 \u0448\u0438\u0440\u043e\u043a\u0438\u0439 \u0441\u043f\u0435\u043a\u0442\u0440 \u0443\u0441\u043b\u0443\u0433 \u0434\u043b\u044f \u0440\u0435\u0448\u0435\u043d\u0438\u044f \u0441\u0430\u043c\u044b\u0445 \u0440\u0430\u0437\u043d\u044b\u0445 \u043f\u0440\u043e\u0431\u043b\u0435\u043c \u0441\u043e \u0437\u0434\u043e\u0440\u043e\u0432\u044c\u0435\u043c. \u041c\u0435\u0434\u0438\u0446\u0438\u043d\u0441\u043a\u0438\u0435 \u0440\u0430\u0431\u043e\u0442\u043d\u0438\u043a\u0438, \u0440\u0430\u0431\u043e\u0442\u0430\u044e\u0449\u0438\u0435 \u0432 \u044d\u0442\u043e\u0439 \u0441\u0444\u0435\u0440\u0435, \u043f\u0440\u0435\u0434\u043e\u0441\u0442\u0430\u0432\u043b\u044f\u044e\u0442 \u0443\u0441\u043b\u0443\u0433\u0438 \u0432 \u0440\u0430\u0437\u043b\u0438\u0447\u043d\u044b\u0445 \u043e\u0431\u043b\u0430\u0441\u0442\u044f\u0445, \u0442\u0430\u043a\u0438\u0445 \u043a\u0430\u043a \u043e\u0431\u0449\u0438\u0435 \u043c\u0435\u0434\u0438\u0446\u0438\u043d\u0441\u043a\u0438\u0435 \u0443\u0441\u043b\u0443\u0433\u0438, \u0441\u043f\u0435\u0446\u0438\u0430\u043b\u0438\u0437\u0438\u0440\u043e\u0432\u0430\u043d\u043d\u044b\u0435 \u043e\u0442\u0434\u0435\u043b\u0435\u043d\u0438\u044f \u0438 \u0445\u0438\u0440\u0443\u0440\u0433\u0438\u0447\u0435\u0441\u043a\u0438\u0435 \u0432\u043c\u0435\u0448\u0430\u0442\u0435\u043b\u044c\u0441\u0442\u0432\u0430. \u041e\u0431\u0449\u0438\u0435 \u043c\u0435\u0434\u0438\u0446\u0438\u043d\u0441\u043a\u0438\u0435 \u0443\u0441\u043b\u0443\u0433\u0438, \u0442\u0430\u043a\u0438\u0435 \u043a\u0430\u043a \u0441\u0435\u043c\u0435\u0439\u043d\u0430\u044f \u043c\u0435\u0434\u0438\u0446\u0438\u043d\u0430, \u0432\u043d\u0443\u0442\u0440\u0435\u043d\u043d\u0438\u0435 \u0431\u043e\u043b\u0435\u0437\u043d\u0438, \u043f\u0435\u0434\u0438\u0430\u0442\u0440\u0438\u044f, \u0433\u0438\u043d\u0435\u043a\u043e\u043b\u043e\u0433\u0438\u044f, \u043e\u0440\u0442\u043e\u043f\u0435\u0434\u0438\u044f, \u043d\u0430\u043f\u0440\u0430\u0432\u043b\u0435\u043d\u044b \u043d\u0430 \u0437\u0430\u0449\u0438\u0442\u0443 \u0438 \u0443\u043b\u0443\u0447\u0448\u0435\u043d\u0438\u0435 \u043e\u0431\u0449\u0435\u0433\u043e \u0441\u043e\u0441\u0442\u043e\u044f\u043d\u0438\u044f \u0437\u0434\u043e\u0440\u043e\u0432\u044c\u044f \u043b\u044e\u0434\u0435\u0439. \u0421\u043f\u0435\u0446\u0438\u0430\u043b\u0438\u0437\u0430\u0446\u0438\u0438 \u0432\u043a\u043b\u044e\u0447\u0430\u044e\u0442 \u043a\u0430\u0440\u0434\u0438\u043e\u043b\u043e\u0433\u0438\u044e, \u043d\u0435\u0432\u0440\u043e\u043b\u043e\u0433\u0438\u044e, \u043e\u043d\u043a\u043e\u043b\u043e\u0433\u0438\u044e, \u0434\u0435\u0440\u043c\u0430\u0442\u043e\u043b\u043e\u0433\u0438\u044e, \u043e\u043d\u043a\u043e\u043b\u043e\u0433\u0438\u044e \u0438 \u043d\u0435\u0432\u0440\u043e\u043b\u043e\u0433\u0438\u044e, \u043a\u043e\u0442\u043e\u0440\u044b\u0435 \u0441\u043e\u0441\u0440\u0435\u0434\u043e\u0442\u043e\u0447\u0435\u043d\u044b \u043d\u0430 \u043a\u043e\u043d\u043a\u0440\u0435\u0442\u043d\u044b\u0445 \u043f\u0440\u043e\u0431\u043b\u0435\u043c\u0430\u0445 \u0441\u043e \u0437\u0434\u043e\u0440\u043e\u0432\u044c\u0435\u043c \u0438 \u043e\u0431\u0435\u0441\u043f\u0435\u0447\u0438\u0432\u0430\u044e\u0442 \u0441\u043f\u0435\u0446\u0438\u0430\u043b\u0438\u0437\u0438\u0440\u043e\u0432\u0430\u043d\u043d\u043e\u0435 \u043b\u0435\u0447\u0435\u043d\u0438\u0435 \u0438 \u0432\u0435\u0434\u0435\u043d\u0438\u0435. \u0425\u0438\u0440\u0443\u0440\u0433\u0438\u0447\u0435\u0441\u043a\u0438\u0435 \u0432\u043c\u0435\u0448\u0430\u0442\u0435\u043b\u044c\u0441\u0442\u0432\u0430 \u043f\u0440\u043e\u0432\u043e\u0434\u044f\u0442\u0441\u044f \u0432 \u0442\u0430\u043a\u0438\u0445 \u043e\u0431\u043b\u0430\u0441\u0442\u044f\u0445, \u043a\u0430\u043a \u043e\u0440\u0442\u043e\u043f\u0435\u0434\u0438\u044f, \u043a\u0430\u0440\u0434\u0438\u043e\u0445\u0438\u0440\u0443\u0440\u0433\u0438\u044f, \u043d\u0435\u0439\u0440\u043e\u0445\u0438\u0440\u0443\u0440\u0433\u0438\u044f, \u0438 \u0432\u043a\u043b\u044e\u0447\u0430\u044e\u0442 \u0432 \u0441\u0435\u0431\u044f \u043b\u0435\u0447\u0435\u043d\u0438\u0435 \u0440\u0430\u0437\u043b\u0438\u0447\u043d\u044b\u0445 \u043f\u0440\u043e\u0431\u043b\u0435\u043c \u0441\u043e \u0437\u0434\u043e\u0440\u043e\u0432\u044c\u0435\u043c \u0441 \u043f\u043e\u043c\u043e\u0449\u044c\u044e \u0445\u0438\u0440\u0443\u0440\u0433\u0438\u0447\u0435\u0441\u043a\u0438\u0445 \u043c\u0435\u0442\u043e\u0434\u043e\u0432. \u041a\u0440\u043e\u043c\u0435 \u0442\u043e\u0433\u043e, \u043d\u0435\u043e\u0442\u044a\u0435\u043c\u043b\u0435\u043c\u043e\u0439 \u0447\u0430\u0441\u0442\u044c\u044e \u0441\u043e\u0432\u0440\u0435\u043c\u0435\u043d\u043d\u044b\u0445 \u043c\u0435\u0434\u0438\u0446\u0438\u043d\u0441\u043a\u0438\u0445 \u0443\u0441\u043b\u0443\u0433 \u044f\u0432\u043b\u044f\u044e\u0442\u0441\u044f \u0432\u0441\u043f\u043e\u043c\u043e\u0433\u0430\u0442\u0435\u043b\u044c\u043d\u044b\u0435 \u0443\u0441\u043b\u0443\u0433\u0438, \u0442\u0430\u043a\u0438\u0435 \u043a\u0430\u043a \u0434\u0438\u0430\u0433\u043d\u043e\u0441\u0442\u0438\u0447\u0435\u0441\u043a\u0430\u044f \u0432\u0438\u0437\u0443\u0430\u043b\u0438\u0437\u0430\u0446\u0438\u044f, \u043b\u0430\u0431\u043e\u0440\u0430\u0442\u043e\u0440\u043d\u044b\u0435 \u0438\u0441\u0441\u043b\u0435\u0434\u043e\u0432\u0430\u043d\u0438\u044f \u0438 \u0440\u0435\u0430\u0431\u0438\u043b\u0438\u0442\u0430\u0446\u0438\u043e\u043d\u043d\u044b\u0435 \u0443\u0441\u043b\u0443\u0433\u0438. \u041c\u0435\u0434\u0438\u0446\u0438\u043d\u0441\u043a\u0438\u0435 \u0443\u0441\u043b\u0443\u0433\u0438 \u043d\u0430\u043f\u0440\u0430\u0432\u043b\u0435\u043d\u044b \u043d\u0430 \u0443\u043b\u0443\u0447\u0448\u0435\u043d\u0438\u0435 \u043e\u0431\u0449\u0435\u0433\u043e \u0441\u043e\u0441\u0442\u043e\u044f\u043d\u0438\u044f \u0437\u0434\u043e\u0440\u043e\u0432\u044c\u044f \u0438 \u043a\u0430\u0447\u0435\u0441\u0442\u0432\u0430 \u0436\u0438\u0437\u043d\u0438 \u043f\u0443\u0442\u0435\u043c \u043e\u0431\u0435\u0441\u043f\u0435\u0447\u0435\u043d\u0438\u044f \u043a\u043e\u043c\u043f\u043b\u0435\u043a\u0441\u043d\u043e\u0433\u043e \u043f\u043e\u0434\u0445\u043e\u0434\u0430 \u043a \u043f\u043e\u0442\u0440\u0435\u0431\u043d\u043e\u0441\u0442\u044f\u043c \u043f\u0430\u0446\u0438\u0435\u043d\u0442\u043e\u0432 \u0432 \u0437\u0434\u043e\u0440\u043e\u0432\u044c\u0435.<\/p>\t\t\t\t\t\t\t\t<\/div>\n\t\t\t\t<\/div>\n\t\t\t\t\t<\/div>\n\t\t<\/div>\n\t\t\t\t<div data-aos=\"\" class=\"elementor-column elementor-col-50 elementor-top-column elementor-element elementor-element-bc4d4c0 syd-sticky-section-no\" data-id=\"bc4d4c0\" data-element_type=\"column\" data-settings=\"{&quot;tp_sticky_col_effect_enable&quot;:false}\">\n\t\t\t<div class=\"elementor-widget-wrap elementor-element-populated\">\n\t\t\t\t\t\t<div class=\"elementor-element elementor-element-48dd569 syd-sticky-section-no elementor-widget elementor-widget-image\" data-id=\"48dd569\" data-element_type=\"widget\" data-widget_type=\"image.default\">\n\t\t\t\t<div class=\"elementor-widget-container\">\n\t\t\t\t\t\t\t\t\t\t\t\t\t\t\t<img fetchpriority=\"high\" decoding=\"async\" width=\"1000\" height=\"619\" src=\"https:\/\/healthagentsturkey.com\/wp-content\/uploads\/2023\/11\/tibbihizmetler.jpg\" class=\"attachment-large size-large wp-image-1928\" alt=\"\" srcset=\"https:\/\/healthagentsturkey.com\/wp-content\/uploads\/2023\/11\/tibbihizmetler.jpg.webp 1000w, https:\/\/healthagentsturkey.com\/wp-content\/uploads\/2023\/11\/tibbihizmetler-300x186.jpg.webp 300w, https:\/\/healthagentsturkey.com\/wp-content\/uploads\/2023\/11\/tibbihizmetler-768x475.jpg.webp 768w, https:\/\/healthagentsturkey.com\/wp-content\/uploads\/2023\/11\/tibbihizmetler-230x142.jpg.webp 230w, https:\/\/healthagentsturkey.com\/wp-content\/uploads\/2023\/11\/tibbihizmetler-350x217.jpg.webp 350w, https:\/\/healthagentsturkey.com\/wp-content\/uploads\/2023\/11\/tibbihizmetler-480x297.jpg.webp 480w\" sizes=\"(max-width: 1000px) 100vw, 1000px\" \/>\t\t\t\t\t\t\t\t\t\t\t\t\t\t\t<\/div>\n\t\t\t\t<\/div>\n\t\t\t\t\t<\/div>\n\t\t<\/div>\n\t\t\t\t\t<\/div>\n\t\t<\/section>\n\t\t\t\t<section class=\"elementor-section elementor-top-section elementor-element elementor-element-39a86fc elementor-section-content-middle elementor-section-boxed elementor-section-height-default elementor-section-height-default tp-parallax-no syd-sticky-section-no\" data-id=\"39a86fc\" data-element_type=\"section\" data-settings=\"{&quot;background_background&quot;:&quot;classic&quot;,&quot;tp_sticky_sec_effect_enable&quot;:false}\">\n\t\t\t\t\t\t<div class=\"elementor-container elementor-column-gap-default\">\n\t\t\t\t\t<div data-aos=\"\" class=\"elementor-column elementor-col-50 elementor-top-column elementor-element elementor-element-2f5508e syd-sticky-section-no\" data-id=\"2f5508e\" data-element_type=\"column\" data-settings=\"{&quot;tp_sticky_col_effect_enable&quot;:false}\">\n\t\t\t<div class=\"elementor-widget-wrap elementor-element-populated\">\n\t\t\t\t\t\t<div class=\"elementor-element elementor-element-8986813 syd-sticky-section-no elementor-widget elementor-widget-heading\" data-id=\"8986813\" data-element_type=\"widget\" data-widget_type=\"heading.default\">\n\t\t\t\t<div class=\"elementor-widget-container\">\n\t\t\t\t\t<h2 class=\"elementor-heading-title elementor-size-default\">\u0423 \u0432\u0430\u0441 \u0435\u0441\u0442\u044c \u0432\u043e\u043f\u0440\u043e\u0441\u044b?<\/h2>\t\t\t\t<\/div>\n\t\t\t\t<\/div>\n\t\t\t\t\t<\/div>\n\t\t<\/div>\n\t\t\t\t<div data-aos=\"\" class=\"elementor-column elementor-col-50 elementor-top-column elementor-element elementor-element-f6db6ca syd-sticky-section-no\" data-id=\"f6db6ca\" data-element_type=\"column\" data-settings=\"{&quot;tp_sticky_col_effect_enable&quot;:false}\">\n\t\t\t<div class=\"elementor-widget-wrap elementor-element-populated\">\n\t\t\t\t\t\t<div class=\"elementor-element elementor-element-a89ea7a elementor-align-right elementor-mobile-align-center syd-sticky-section-no elementor-widget elementor-widget-button\" data-id=\"a89ea7a\" data-element_type=\"widget\" data-widget_type=\"button.default\">\n\t\t\t\t<div class=\"elementor-widget-container\">\n\t\t\t\t\t\t\t\t\t<div class=\"elementor-button-wrapper\">\n\t\t\t\t\t<a class=\"elementor-button elementor-button-link elementor-size-sm\" href=\"http:\/\/healthagentsturkey.com\/ru\/iletisim\/\">\n\t\t\t\t\t\t<span class=\"elementor-button-content-wrapper\">\n\t\t\t\t\t\t\t\t\t<span class=\"elementor-button-text\">\u0421\u0432\u044f\u0436\u0438\u0442\u0435\u0441\u044c \u0441 \u043d\u0430\u043c\u0438<\/span>\n\t\t\t\t\t<\/span>\n\t\t\t\t\t<\/a>\n\t\t\t\t<\/div>\n\t\t\t\t\t\t\t\t<\/div>\n\t\t\t\t<\/div>\n\t\t\t\t\t<\/div>\n\t\t<\/div>\n\t\t\t\t\t<\/div>\n\t\t<\/section>\n\t\t\t\t<\/div>","protected":false},"excerpt":{"rendered":"<p>T\u0131bbi Hizmetler T\u0131bbi hizmetler, geni\u015f bir yelpazede sa\u011fl\u0131k sorunlar\u0131na y\u00f6nelik \u00e7e\u015fitli hizmetleri kapsayan kapsaml\u0131 bir sekt\u00f6rd\u00fcr. Bu alanda faaliyet g\u00f6steren sa\u011fl\u0131k profesyonelleri, [&hellip;]<\/p>","protected":false},"author":1,"featured_media":0,"parent":556,"menu_order":0,"comment_status":"closed","ping_status":"closed","template":"page-templates\/page_front-page.php","meta":{"_eb_attr":"","footnotes":""},"class_list":["post-905","page","type-page","status-publish","hentry"],"_links":{"self":[{"href":"http:\/\/healthagentsturkey.com\/ru\/wp-json\/wp\/v2\/pages\/905","targetHints":{"allow":["GET"]}}],"collection":[{"href":"http:\/\/healthagentsturkey.com\/ru\/wp-json\/wp\/v2\/pages"}],"about":[{"href":"http:\/\/healthagentsturkey.com\/ru\/wp-json\/wp\/v2\/types\/page"}],"author":[{"embeddable":true,"href":"http:\/\/healthagentsturkey.com\/ru\/wp-json\/wp\/v2\/users\/1"}],"replies":[{"embeddable":true,"href":"http:\/\/healthagentsturkey.com\/ru\/wp-json\/wp\/v2\/comments?post=905"}],"version-history":[{"count":0,"href":"http:\/\/healthagentsturkey.com\/ru\/wp-json\/wp\/v2\/pages\/905\/revisions"}],"up":[{"embeddable":true,"href":"http:\/\/healthagentsturkey.com\/ru\/wp-json\/wp\/v2\/pages\/556"}],"wp:attachment":[{"href":"http:\/\/healthagentsturkey.com\/ru\/wp-json\/wp\/v2\/media?parent=905"}],"curies":[{"name":"wp","href":"https:\/\/api.w.org\/{rel}","templated":true}]}}