{"id":2956,"date":"2023-12-02T19:01:14","date_gmt":"2023-12-02T16:01:14","guid":{"rendered":"https:\/\/healthagentsturkey.com\/?page_id=2956"},"modified":"2026-02-25T10:31:57","modified_gmt":"2026-02-25T07:31:57","slug":"genital-estetik","status":"publish","type":"page","link":"http:\/\/healthagentsturkey.com\/ru\/tedavi\/uroloji\/genital-estetik\/","title":{"rendered":"\u042d\u0441\u0442\u0435\u0442\u0438\u043a\u0430 \u0433\u0435\u043d\u0438\u0442\u0430\u043b\u0438\u0439"},"content":{"rendered":"<div data-elementor-type=\"wp-page\" data-elementor-id=\"2956\" class=\"elementor elementor-2956\" data-elementor-post-type=\"page\">\n\t\t\t\t\t\t<section class=\"elementor-section elementor-top-section elementor-element elementor-element-eedafb9 elementor-section-content-middle elementor-section-boxed elementor-section-height-default elementor-section-height-default tp-parallax-no syd-sticky-section-no\" data-id=\"eedafb9\" data-element_type=\"section\" data-settings=\"{&quot;tp_sticky_sec_effect_enable&quot;:false}\">\n\t\t\t\t\t\t<div class=\"elementor-container elementor-column-gap-default\">\n\t\t\t\t\t<div data-aos=\"\" class=\"elementor-column elementor-col-50 elementor-top-column elementor-element elementor-element-571508b syd-sticky-section-no\" data-id=\"571508b\" data-element_type=\"column\" data-settings=\"{&quot;tp_sticky_col_effect_enable&quot;:false}\">\n\t\t\t<div class=\"elementor-widget-wrap elementor-element-populated\">\n\t\t\t\t\t\t<div class=\"elementor-element elementor-element-2fc2cb6 syd-sticky-section-no elementor-widget elementor-widget-heading\" data-id=\"2fc2cb6\" data-element_type=\"widget\" data-widget_type=\"heading.default\">\n\t\t\t\t<div class=\"elementor-widget-container\">\n\t\t\t\t\t<h2 class=\"elementor-heading-title elementor-size-default\">\u042d\u0441\u0442\u0435\u0442\u0438\u043a\u0430 \u0433\u0435\u043d\u0438\u0442\u0430\u043b\u0438\u0439<\/h2>\t\t\t\t<\/div>\n\t\t\t\t<\/div>\n\t\t\t\t<div class=\"elementor-element elementor-element-cc5cdb2 syd-sticky-section-no elementor-widget elementor-widget-heading\" data-id=\"cc5cdb2\" data-element_type=\"widget\" data-widget_type=\"heading.default\">\n\t\t\t\t<div class=\"elementor-widget-container\">\n\t\t\t\t\t<h6 class=\"elementor-heading-title elementor-size-default\">#<\/h6>\t\t\t\t<\/div>\n\t\t\t\t<\/div>\n\t\t\t\t<div class=\"elementor-element elementor-element-1cf0f1c syd-sticky-section-no elementor-widget elementor-widget-text-editor\" data-id=\"1cf0f1c\" data-element_type=\"widget\" data-widget_type=\"text-editor.default\">\n\t\t\t\t<div class=\"elementor-widget-container\">\n\t\t\t\t\t\t\t\t\t<p>\u041d\u0430\u0448\u0430 \u0441\u043f\u0435\u0446\u0438\u0430\u043b\u0438\u0437\u0430\u0446\u0438\u044f \u0432 \u043e\u0431\u043b\u0430\u0441\u0442\u0438 \u0441\u0435\u043a\u0441\u0443\u0430\u043b\u044c\u043d\u043e\u0439 \u044d\u0441\u0442\u0435\u0442\u0438\u043a\u0438 \u043f\u0440\u0435\u0434\u043b\u0430\u0433\u0430\u0435\u0442 \u0448\u0438\u0440\u043e\u043a\u0438\u0439 \u0441\u043f\u0435\u043a\u0442\u0440 \u0443\u0441\u043b\u0443\u0433, \u043f\u043e\u0437\u0432\u043e\u043b\u044f\u044e\u0449\u0438\u0445 \u043d\u0430\u0448\u0438\u043c \u043f\u0430\u0446\u0438\u0435\u043d\u0442\u0430\u043c \u043f\u043e\u0447\u0443\u0432\u0441\u0442\u0432\u043e\u0432\u0430\u0442\u044c \u0441\u0435\u0431\u044f \u043b\u0443\u0447\u0448\u0435 \u0438 \u0432\u0435\u0440\u043d\u0443\u0442\u044c \u0443\u0432\u0435\u0440\u0435\u043d\u043d\u043e\u0441\u0442\u044c \u0432 \u0441\u0435\u0431\u0435. \u041d\u0430\u0448\u0430 \u044d\u0441\u0442\u0435\u0442\u0438\u043a\u0430 \u043f\u043e\u043b\u043e\u0432\u044b\u0445 \u043e\u0440\u0433\u0430\u043d\u043e\u0432 \u043e\u043f\u0438\u0440\u0430\u0435\u0442\u0441\u044f \u043d\u0430 \u0441\u043e\u0432\u0440\u0435\u043c\u0435\u043d\u043d\u044b\u0435 \u0445\u0438\u0440\u0443\u0440\u0433\u0438\u0447\u0435\u0441\u043a\u0438\u0435 \u0442\u0435\u0445\u043d\u043e\u043b\u043e\u0433\u0438\u0438 \u0438 \u043d\u0430\u0434\u0435\u0436\u043d\u044b\u0435 \u044d\u0441\u0442\u0435\u0442\u0438\u0447\u0435\u0441\u043a\u0438\u0435 \u043f\u0440\u043e\u0446\u0435\u0434\u0443\u0440\u044b. \u041d\u0430\u0448\u0430 \u043a\u043e\u043c\u0430\u043d\u0434\u0430 \u044d\u043a\u0441\u043f\u0435\u0440\u0442\u043e\u0432 \u0441\u0442\u0440\u0435\u043c\u0438\u0442\u0441\u044f \u043f\u0440\u0435\u0434\u043b\u043e\u0436\u0438\u0442\u044c \u0438\u043d\u0434\u0438\u0432\u0438\u0434\u0443\u0430\u043b\u044c\u043d\u044b\u0435 \u0440\u0435\u0448\u0435\u043d\u0438\u044f \u0434\u043b\u044f \u0437\u0434\u043e\u0440\u043e\u0432\u043e\u0439 \u0438 \u0443\u0434\u043e\u0432\u043b\u0435\u0442\u0432\u043e\u0440\u0438\u0442\u0435\u043b\u044c\u043d\u043e\u0439 \u0441\u0435\u043a\u0441\u0443\u0430\u043b\u044c\u043d\u043e\u0439 \u0436\u0438\u0437\u043d\u0438, \u043e\u0440\u0438\u0435\u043d\u0442\u0438\u0440\u0443\u044f\u0441\u044c \u043d\u0430 \u0432\u0430\u0448\u0438 \u043b\u0438\u0447\u043d\u044b\u0435 \u043f\u043e\u0442\u0440\u0435\u0431\u043d\u043e\u0441\u0442\u0438.<\/p>\t\t\t\t\t\t\t\t<\/div>\n\t\t\t\t<\/div>\n\t\t\t\t\t<\/div>\n\t\t<\/div>\n\t\t\t\t<div data-aos=\"\" class=\"elementor-column elementor-col-50 elementor-top-column elementor-element elementor-element-bc4d4c0 syd-sticky-section-no\" data-id=\"bc4d4c0\" data-element_type=\"column\" data-settings=\"{&quot;tp_sticky_col_effect_enable&quot;:false}\">\n\t\t\t<div class=\"elementor-widget-wrap elementor-element-populated\">\n\t\t\t\t\t\t<div class=\"elementor-element elementor-element-48dd569 syd-sticky-section-no elementor-widget elementor-widget-image\" data-id=\"48dd569\" data-element_type=\"widget\" data-widget_type=\"image.default\">\n\t\t\t\t<div class=\"elementor-widget-container\">\n\t\t\t\t\t\t\t\t\t<\/div>\n\t\t\t\t<\/div>\n\t\t\t\t\t<\/div>\n\t\t<\/div>\n\t\t\t\t\t<\/div>\n\t\t<\/section>\n\t\t\t\t<\/div>","protected":false},"excerpt":{"rendered":"<p>Genital Estetik # Cinsel estetik konusundaki uzmanl\u0131k alan\u0131m\u0131z, hastalar\u0131m\u0131za kendilerini daha iyi hissetmeleri ve \u00f6zg\u00fcvenlerini yeniden kazanmalar\u0131 i\u00e7in geni\u015f bir yelpazede hizmet [&hellip;]<\/p>","protected":false},"author":1,"featured_media":0,"parent":932,"menu_order":0,"comment_status":"closed","ping_status":"closed","template":"elementor_header_footer","meta":{"_eb_attr":"","footnotes":""},"class_list":["post-2956","page","type-page","status-publish","hentry"],"_links":{"self":[{"href":"http:\/\/healthagentsturkey.com\/ru\/wp-json\/wp\/v2\/pages\/2956","targetHints":{"allow":["GET"]}}],"collection":[{"href":"http:\/\/healthagentsturkey.com\/ru\/wp-json\/wp\/v2\/pages"}],"about":[{"href":"http:\/\/healthagentsturkey.com\/ru\/wp-json\/wp\/v2\/types\/page"}],"author":[{"embeddable":true,"href":"http:\/\/healthagentsturkey.com\/ru\/wp-json\/wp\/v2\/users\/1"}],"replies":[{"embeddable":true,"href":"http:\/\/healthagentsturkey.com\/ru\/wp-json\/wp\/v2\/comments?post=2956"}],"version-history":[{"count":1,"href":"http:\/\/healthagentsturkey.com\/ru\/wp-json\/wp\/v2\/pages\/2956\/revisions"}],"predecessor-version":[{"id":4810,"href":"http:\/\/healthagentsturkey.com\/ru\/wp-json\/wp\/v2\/pages\/2956\/revisions\/4810"}],"up":[{"embeddable":true,"href":"http:\/\/healthagentsturkey.com\/ru\/wp-json\/wp\/v2\/pages\/932"}],"wp:attachment":[{"href":"http:\/\/healthagentsturkey.com\/ru\/wp-json\/wp\/v2\/media?parent=2956"}],"curies":[{"name":"wp","href":"https:\/\/api.w.org\/{rel}","templated":true}]}}