{"id":1690,"date":"2023-11-19T23:04:44","date_gmt":"2023-11-19T23:04:44","guid":{"rendered":"https:\/\/healthagentsturkey.com\/?page_id=1690"},"modified":"2026-02-25T10:31:55","modified_gmt":"2026-02-25T07:31:55","slug":"mini-implantlar","status":"publish","type":"page","link":"http:\/\/healthagentsturkey.com\/ru\/tedavi\/dis\/implant-dis-hekimligi\/mini-implantlar\/","title":{"rendered":"\u041c\u0438\u043d\u0438-\u0438\u043c\u043f\u043b\u0430\u043d\u0442\u0430\u0442\u044b"},"content":{"rendered":"<div data-elementor-type=\"wp-page\" data-elementor-id=\"1690\" class=\"elementor elementor-1690\" data-elementor-post-type=\"page\">\n\t\t\t\t\t\t<section class=\"elementor-section elementor-top-section elementor-element elementor-element-eedafb9 elementor-section-content-middle elementor-section-boxed elementor-section-height-default elementor-section-height-default tp-parallax-no syd-sticky-section-no\" data-id=\"eedafb9\" data-element_type=\"section\" data-settings=\"{&quot;tp_sticky_sec_effect_enable&quot;:false}\">\n\t\t\t\t\t\t<div class=\"elementor-container elementor-column-gap-default\">\n\t\t\t\t\t<div data-aos=\"\" class=\"elementor-column elementor-col-50 elementor-top-column elementor-element elementor-element-571508b syd-sticky-section-no\" data-id=\"571508b\" data-element_type=\"column\" data-settings=\"{&quot;tp_sticky_col_effect_enable&quot;:false}\">\n\t\t\t<div class=\"elementor-widget-wrap elementor-element-populated\">\n\t\t\t\t\t\t<div class=\"elementor-element elementor-element-2fc2cb6 syd-sticky-section-no elementor-widget elementor-widget-heading\" data-id=\"2fc2cb6\" data-element_type=\"widget\" data-widget_type=\"heading.default\">\n\t\t\t\t<div class=\"elementor-widget-container\">\n\t\t\t\t\t<h2 class=\"elementor-heading-title elementor-size-default\">\u041c\u0438\u043d\u0438-\u0438\u043c\u043f\u043b\u0430\u043d\u0442\u0430\u0442\u044b<\/h2>\t\t\t\t<\/div>\n\t\t\t\t<\/div>\n\t\t\t\t<div class=\"elementor-element elementor-element-1cf0f1c elementor-widget__width-initial syd-sticky-section-no elementor-widget elementor-widget-text-editor\" data-id=\"1cf0f1c\" data-element_type=\"widget\" data-widget_type=\"text-editor.default\">\n\t\t\t\t<div class=\"elementor-widget-container\">\n\t\t\t\t\t\t\t\t\t<p>\u041c\u0438\u043d\u0438-\u0438\u043c\u043f\u043b\u0430\u043d\u0442\u0430\u0442, \u0442\u0430\u043a\u0436\u0435 \u0438\u0437\u0432\u0435\u0441\u0442\u043d\u044b\u0439 \u043a\u0430\u043a \u043c\u0438\u043d\u0438-\u0437\u0443\u0431\u043d\u043e\u0439 \u0438\u043c\u043f\u043b\u0430\u043d\u0442\u0430\u0442 (MDI), - \u044d\u0442\u043e \u0443\u043c\u0435\u043d\u044c\u0448\u0435\u043d\u043d\u0430\u044f \u0432\u0435\u0440\u0441\u0438\u044f \u0442\u0440\u0430\u0434\u0438\u0446\u0438\u043e\u043d\u043d\u043e\u0433\u043e \u0437\u0443\u0431\u043d\u043e\u0433\u043e \u0438\u043c\u043f\u043b\u0430\u043d\u0442\u0430\u0442\u0430. \u041e\u043d \u0438\u0441\u043f\u043e\u043b\u044c\u0437\u0443\u0435\u0442\u0441\u044f \u0434\u043b\u044f \u0437\u0430\u043c\u0435\u0449\u0435\u043d\u0438\u044f \u043e\u0442\u0441\u0443\u0442\u0441\u0442\u0432\u0443\u044e\u0449\u0438\u0445 \u0437\u0443\u0431\u043e\u0432 \u0438\u043b\u0438 \u0434\u043b\u044f \u043e\u0431\u0435\u0441\u043f\u0435\u0447\u0435\u043d\u0438\u044f \u0441\u0442\u0430\u0431\u0438\u043b\u044c\u043d\u043e\u0441\u0442\u0438 \u0437\u0443\u0431\u043d\u044b\u0445 \u043f\u0440\u043e\u0442\u0435\u0437\u043e\u0432, \u0442\u0430\u043a\u0438\u0445 \u043a\u0430\u043a \u043a\u043e\u0440\u043e\u043d\u043a\u0438 \u0438\u043b\u0438 \u043c\u043e\u0441\u0442\u044b. \u041c\u0438\u043d\u0438-\u0438\u043c\u043f\u043b\u0430\u043d\u0442\u0430\u0442\u044b \u0438\u043c\u0435\u044e\u0442 \u0442\u0443 \u0436\u0435 \u043e\u0441\u043d\u043e\u0432\u043d\u0443\u044e \u043a\u043e\u043d\u0446\u0435\u043f\u0446\u0438\u044e, \u0447\u0442\u043e \u0438 \u043e\u0431\u044b\u0447\u043d\u044b\u0435 \u0437\u0443\u0431\u043d\u044b\u0435 \u0438\u043c\u043f\u043b\u0430\u043d\u0442\u0430\u0442\u044b, \u043d\u043e \u043e\u0442\u043b\u0438\u0447\u0430\u044e\u0442\u0441\u044f \u043f\u043e \u0440\u0430\u0437\u043c\u0435\u0440\u0443, \u0434\u0438\u0437\u0430\u0439\u043d\u0443 \u0438 \u043f\u0440\u0438\u043c\u0435\u043d\u0435\u043d\u0438\u044e.<br \/><br \/>\u041d\u0435\u043a\u043e\u0442\u043e\u0440\u044b\u0435 \u043e\u0441\u043d\u043e\u0432\u043d\u044b\u0435 \u0445\u0430\u0440\u0430\u043a\u0442\u0435\u0440\u0438\u0441\u0442\u0438\u043a\u0438 \u0438 \u0441\u043f\u043e\u0441\u043e\u0431\u044b \u043f\u0440\u0438\u043c\u0435\u043d\u0435\u043d\u0438\u044f \u043c\u0438\u043d\u0438-\u0438\u043c\u043f\u043b\u0430\u043d\u0442\u0430\u0442\u043e\u0432:<\/p>\t\t\t\t\t\t\t\t<\/div>\n\t\t\t\t<\/div>\n\t\t\t\t\t<\/div>\n\t\t<\/div>\n\t\t\t\t<div data-aos=\"\" class=\"elementor-column elementor-col-50 elementor-top-column elementor-element elementor-element-bc4d4c0 syd-sticky-section-no\" data-id=\"bc4d4c0\" data-element_type=\"column\" data-settings=\"{&quot;tp_sticky_col_effect_enable&quot;:false}\">\n\t\t\t<div class=\"elementor-widget-wrap elementor-element-populated\">\n\t\t\t\t\t\t<div class=\"elementor-element elementor-element-48dd569 syd-sticky-section-no elementor-widget elementor-widget-image\" data-id=\"48dd569\" data-element_type=\"widget\" data-widget_type=\"image.default\">\n\t\t\t\t<div class=\"elementor-widget-container\">\n\t\t\t\t\t\t\t\t\t<\/div>\n\t\t\t\t<\/div>\n\t\t\t\t\t<\/div>\n\t\t<\/div>\n\t\t\t\t\t<\/div>\n\t\t<\/section>\n\t\t<div class=\"elementor-element elementor-element-99fe56d e-flex e-con-boxed syd-sticky-section-no e-con e-parent\" data-id=\"99fe56d\" data-element_type=\"container\">\n\t\t\t\t\t<div class=\"e-con-inner\">\n\t\t\t\t<div class=\"elementor-element elementor-element-def30c4 syd-sticky-section-no elementor-widget elementor-widget-text-editor\" data-id=\"def30c4\" data-element_type=\"widget\" data-widget_type=\"text-editor.default\">\n\t\t\t\t<div class=\"elementor-widget-container\">\n\t\t\t\t\t\t\t\t\t<p>1. \u0440\u0430\u0437\u043c\u0435\u0440: \u041c\u0438\u043d\u0438-\u0438\u043c\u043f\u043b\u0430\u043d\u0442\u0430\u0442\u044b \u0438\u043c\u0435\u044e\u0442 \u043c\u0435\u043d\u044c\u0448\u0438\u0439 \u0434\u0438\u0430\u043c\u0435\u0442\u0440 \u043f\u043e \u0441\u0440\u0430\u0432\u043d\u0435\u043d\u0438\u044e \u0441 \u043e\u0431\u044b\u0447\u043d\u044b\u043c\u0438 \u0438\u043c\u043f\u043b\u0430\u043d\u0442\u0430\u0442\u0430\u043c\u0438, \u043e\u0431\u044b\u0447\u043d\u043e \u043e\u0442 1,8 \u0434\u043e 3,0 \u043c\u0438\u043b\u043b\u0438\u043c\u0435\u0442\u0440\u043e\u0432. \u041e\u043d\u0438 \u0442\u0430\u043a\u0436\u0435 \u043a\u043e\u0440\u043e\u0447\u0435 \u043f\u043e \u0434\u043b\u0438\u043d\u0435, \u043e\u0431\u044b\u0447\u043d\u043e \u043e\u0442 10 \u0434\u043e 15 \u043c\u0438\u043b\u043b\u0438\u043c\u0435\u0442\u0440\u043e\u0432.<br \/>2. \u0421\u0442\u0440\u0443\u043a\u0442\u0443\u0440\u0430: \u041c\u0438\u043d\u0438-\u0438\u043c\u043f\u043b\u0430\u043d\u0442\u0430\u0442\u044b \u043e\u0431\u044b\u0447\u043d\u043e \u0438\u0437\u0433\u043e\u0442\u0430\u0432\u043b\u0438\u0432\u0430\u044e\u0442\u0441\u044f \u0438\u0437 \u0442\u0438\u0442\u0430\u043d\u0430, \u043a\u0430\u043a \u0438 \u043e\u0431\u044b\u0447\u043d\u044b\u0435 \u0438\u043c\u043f\u043b\u0430\u043d\u0442\u0430\u0442\u044b. \u041e\u043d\u0438 \u0441\u043e\u0441\u0442\u043e\u044f\u0442 \u0438\u0437 \u0442\u0438\u0442\u0430\u043d\u043e\u0432\u043e\u0433\u043e \u0448\u0442\u0438\u0444\u0442\u0430 \u0438\u043b\u0438 \u0432\u0438\u043d\u0442\u0430, \u0432\u0441\u0442\u0430\u0432\u043b\u044f\u0435\u043c\u043e\u0433\u043e \u0432 \u0447\u0435\u043b\u044e\u0441\u0442\u043d\u0443\u044e \u043a\u043e\u0441\u0442\u044c, \u0438 \u043d\u0435\u0431\u043e\u043b\u044c\u0448\u043e\u0433\u043e \u0432\u044b\u0441\u0442\u0443\u043f\u0430\u044e\u0449\u0435\u0433\u043e \u0448\u0430\u0440\u0438\u043a\u0430 \u0438\u043b\u0438 \u0433\u043d\u0435\u0437\u0434\u0430, \u0437\u0430\u043a\u0440\u0435\u043f\u043b\u0435\u043d\u043d\u043e\u0433\u043e \u043d\u0430\u0434 \u043b\u0438\u043d\u0438\u0435\u0439 \u0434\u0435\u0441\u043d\u044b.<br \/>3. \u0443\u0441\u0442\u0430\u043d\u043e\u0432\u043a\u0430: \u041c\u0438\u043d\u0438-\u0438\u043c\u043f\u043b\u0430\u043d\u0442\u0430\u0442\u044b \u0440\u0430\u0437\u0440\u0430\u0431\u043e\u0442\u0430\u043d\u044b \u0434\u043b\u044f \u0443\u0441\u0442\u0430\u043d\u043e\u0432\u043a\u0438 \u0441 \u0438\u0441\u043f\u043e\u043b\u044c\u0437\u043e\u0432\u0430\u043d\u0438\u0435\u043c \u043c\u0435\u043d\u0435\u0435 \u0438\u043d\u0432\u0430\u0437\u0438\u0432\u043d\u044b\u0445 \u043f\u0440\u043e\u0446\u0435\u0434\u0443\u0440 \u043f\u043e \u0441\u0440\u0430\u0432\u043d\u0435\u043d\u0438\u044e \u0441\u043e \u0441\u0442\u0430\u043d\u0434\u0430\u0440\u0442\u043d\u044b\u043c\u0438 \u0438\u043c\u043f\u043b\u0430\u043d\u0442\u0430\u0442\u0430\u043c\u0438. \u0412 \u0431\u043e\u043b\u044c\u0448\u0438\u043d\u0441\u0442\u0432\u0435 \u0441\u043b\u0443\u0447\u0430\u0435\u0432 \u0438\u0445 \u043c\u043e\u0436\u043d\u043e \u0443\u0441\u0442\u0430\u043d\u043e\u0432\u0438\u0442\u044c \u043d\u0435\u043f\u043e\u0441\u0440\u0435\u0434\u0441\u0442\u0432\u0435\u043d\u043d\u043e \u0432 \u0447\u0435\u043b\u044e\u0441\u0442\u043d\u0443\u044e \u043a\u043e\u0441\u0442\u044c \u0431\u0435\u0437 \u043d\u0435\u043e\u0431\u0445\u043e\u0434\u0438\u043c\u043e\u0441\u0442\u0438 \u043f\u0440\u043e\u0432\u0435\u0434\u0435\u043d\u0438\u044f \u0441\u043b\u043e\u0436\u043d\u043e\u0439 \u043a\u043e\u0441\u0442\u043d\u043e\u0439 \u043f\u043b\u0430\u0441\u0442\u0438\u043a\u0438 \u0438\u043b\u0438 \u043e\u0431\u0448\u0438\u0440\u043d\u043e\u0439 \u043e\u043f\u0435\u0440\u0430\u0446\u0438\u0438.<br \/>4. \u0421\u0442\u0430\u0431\u0438\u043b\u044c\u043d\u043e\u0441\u0442\u044c \u0438 \u0444\u0443\u043d\u043a\u0446\u0438\u043e\u043d\u0430\u043b\u044c\u043d\u043e\u0441\u0442\u044c: \u0445\u043e\u0442\u044f \u043c\u0438\u043d\u0438-\u0438\u043c\u043f\u043b\u0430\u043d\u0442\u0430\u0442\u044b \u043d\u0435 \u043e\u0431\u0435\u0441\u043f\u0435\u0447\u0438\u0432\u0430\u044e\u0442 \u0442\u0430\u043a\u043e\u0439 \u0436\u0435 \u0443\u0440\u043e\u0432\u0435\u043d\u044c \u0441\u0442\u0430\u0431\u0438\u043b\u044c\u043d\u043e\u0441\u0442\u0438, \u043a\u0430\u043a \u043e\u0431\u044b\u0447\u043d\u044b\u0435 \u0438\u043c\u043f\u043b\u0430\u043d\u0442\u0430\u0442\u044b, \u043e\u043d\u0438 \u0432\u0441\u0435 \u0436\u0435 \u043e\u0431\u0435\u0441\u043f\u0435\u0447\u0438\u0432\u0430\u044e\u0442 \u0434\u043e\u0441\u0442\u0430\u0442\u043e\u0447\u043d\u0443\u044e \u043f\u043e\u0434\u0434\u0435\u0440\u0436\u043a\u0443 \u0434\u043b\u044f \u0437\u0443\u0431\u043d\u044b\u0445 \u043f\u0440\u043e\u0442\u0435\u0437\u043e\u0432. \u041e\u043d\u0438 \u0443\u043b\u0443\u0447\u0448\u0430\u044e\u0442 \u0441\u0442\u0430\u0431\u0438\u043b\u044c\u043d\u043e\u0441\u0442\u044c \u0438 \u0444\u0443\u043d\u043a\u0446\u0438\u043e\u043d\u0430\u043b\u044c\u043d\u043e\u0441\u0442\u044c \u0437\u0443\u0431\u043d\u044b\u0445 \u043f\u0440\u043e\u0442\u0435\u0437\u043e\u0432, \u043c\u043e\u0441\u0442\u043e\u0432 \u0438\u043b\u0438 \u043a\u043e\u0440\u043e\u043d\u043e\u043a, \u043f\u043e\u043c\u043e\u0433\u0430\u044f \u0437\u0430\u043a\u0440\u0435\u043f\u0438\u0442\u044c \u0438\u0445 \u043d\u0430 \u043c\u0435\u0441\u0442\u0435.<br \/>5. \u0432\u0440\u0435\u043c\u044f \u043f\u0440\u043e\u0446\u0435\u0434\u0443\u0440\u044b: \u041c\u0438\u043d\u0438-\u0438\u043c\u043f\u043b\u0430\u043d\u0442\u0430\u0442\u044b \u043e\u0431\u044b\u0447\u043d\u043e \u0443\u0441\u0442\u0430\u043d\u0430\u0432\u043b\u0438\u0432\u0430\u044e\u0442\u0441\u044f \u0438 \u0432\u043e\u0441\u0441\u0442\u0430\u043d\u0430\u0432\u043b\u0438\u0432\u0430\u044e\u0442\u0441\u044f \u0432 \u0431\u043e\u043b\u0435\u0435 \u043a\u043e\u0440\u043e\u0442\u043a\u0438\u0435 \u0441\u0440\u043e\u043a\u0438 \u043f\u043e \u0441\u0440\u0430\u0432\u043d\u0435\u043d\u0438\u044e \u0441 \u0442\u0440\u0430\u0434\u0438\u0446\u0438\u043e\u043d\u043d\u044b\u043c\u0438 \u0438\u043c\u043f\u043b\u0430\u043d\u0442\u0430\u0442\u0430\u043c\u0438. \u0412 \u043d\u0435\u043a\u043e\u0442\u043e\u0440\u044b\u0445 \u0441\u043b\u0443\u0447\u0430\u044f\u0445 \u0434\u0430\u0436\u0435 \u0432\u043e\u0437\u043c\u043e\u0436\u043d\u0430 \u043d\u0435\u043c\u0435\u0434\u043b\u0435\u043d\u043d\u0430\u044f \u0443\u0441\u0442\u0430\u043d\u043e\u0432\u043a\u0430 \u0438 \u043d\u0430\u0433\u0440\u0443\u0437\u043a\u0430, \u0442\u043e \u0435\u0441\u0442\u044c \u043f\u0440\u043e\u0442\u0435\u0437 \u043c\u043e\u0436\u0435\u0442 \u0431\u044b\u0442\u044c \u043f\u0440\u0438\u043a\u0440\u0435\u043f\u043b\u0435\u043d \u043a \u0438\u043c\u043f\u043b\u0430\u043d\u0442\u0430\u0442\u0443 \u0432 \u0442\u043e\u0442 \u0436\u0435 \u0434\u0435\u043d\u044c.<br \/>\u041c\u0438\u043d\u0438-\u0438\u043c\u043f\u043b\u0430\u043d\u0442\u0430\u0442\u044b \u043e\u0431\u044b\u0447\u043d\u043e \u0438\u0441\u043f\u043e\u043b\u044c\u0437\u0443\u044e\u0442\u0441\u044f \u0432 \u0441\u043b\u0435\u0434\u0443\u044e\u0449\u0438\u0445 \u0441\u043b\u0443\u0447\u0430\u044f\u0445<br \/>1. \u0444\u0438\u043a\u0441\u0430\u0446\u0438\u044f \u0437\u0443\u0431\u043d\u044b\u0445 \u043f\u0440\u043e\u0442\u0435\u0437\u043e\u0432: \u043c\u0438\u043d\u0438-\u0438\u043c\u043f\u043b\u0430\u043d\u0442\u0430\u0442\u044b \u043c\u043e\u0436\u043d\u043e \u0438\u0441\u043f\u043e\u043b\u044c\u0437\u043e\u0432\u0430\u0442\u044c \u0434\u043b\u044f \u0444\u0438\u043a\u0441\u0430\u0446\u0438\u0438 \u0440\u0430\u0441\u0448\u0430\u0442\u0430\u043d\u043d\u044b\u0445 \u0438\u043b\u0438 \u043f\u043b\u043e\u0445\u043e \u0441\u0438\u0434\u044f\u0449\u0438\u0445 \u0437\u0443\u0431\u043d\u044b\u0445 \u043f\u0440\u043e\u0442\u0435\u0437\u043e\u0432. \u0418\u043c\u043f\u043b\u0430\u043d\u0442\u0430\u0442\u044b \u0441\u0442\u0440\u0430\u0442\u0435\u0433\u0438\u0447\u0435\u0441\u043a\u0438 \u0440\u0430\u0437\u043c\u0435\u0449\u0430\u044e\u0442\u0441\u044f \u0432 \u0447\u0435\u043b\u044e\u0441\u0442\u043d\u043e\u0439 \u043a\u043e\u0441\u0442\u0438, \u0430 \u0437\u0443\u0431\u043d\u043e\u0439 \u043f\u0440\u043e\u0442\u0435\u0437 \u043e\u0441\u043d\u0430\u0449\u0430\u0435\u0442\u0441\u044f \u0447\u0430\u0441\u0442\u044f\u043c\u0438, \u043a\u043e\u0442\u043e\u0440\u044b\u0435 \u043a\u0440\u0435\u043f\u044f\u0442\u0441\u044f \u043a \u0433\u043e\u043b\u043e\u0432\u043a\u0430\u043c \u0438\u043c\u043f\u043b\u0430\u043d\u0442\u0430\u0442\u043e\u0432, \u043e\u0431\u0435\u0441\u043f\u0435\u0447\u0438\u0432\u0430\u044f \u0431\u043e\u043b\u044c\u0448\u0443\u044e \u0444\u0438\u043a\u0441\u0430\u0446\u0438\u044e \u0438 \u0441\u0442\u0430\u0431\u0438\u043b\u044c\u043d\u043e\u0441\u0442\u044c.<br \/>2. \u0420\u0435\u0441\u0442\u0430\u0432\u0440\u0430\u0446\u0438\u044f \u043e\u0434\u043d\u043e\u0433\u043e \u0437\u0443\u0431\u0430: \u0412 \u0441\u043b\u0443\u0447\u0430\u044f\u0445, \u043a\u043e\u0433\u0434\u0430 \u043e\u0442\u0441\u0443\u0442\u0441\u0442\u0432\u0443\u0435\u0442 \u0438\u043b\u0438 \u043d\u0443\u0436\u0434\u0430\u0435\u0442\u0441\u044f \u0432 \u0437\u0430\u043c\u0435\u043d\u0435 \u043d\u0435\u0431\u043e\u043b\u044c\u0448\u043e\u0439 \u0437\u0443\u0431, \u043c\u043e\u0436\u043d\u043e \u0443\u0441\u0442\u0430\u043d\u043e\u0432\u0438\u0442\u044c \u043c\u0438\u043d\u0438-\u0438\u043c\u043f\u043b\u0430\u043d\u0442\u0430\u0442 \u0434\u043b\u044f \u043f\u043e\u0434\u0434\u0435\u0440\u0436\u043a\u0438 \u043a\u043e\u0440\u043e\u043d\u043a\u0438 \u043e\u0434\u043d\u043e\u0433\u043e \u0437\u0443\u0431\u0430.<br \/>3. \u043e\u0433\u0440\u0430\u043d\u0438\u0447\u0435\u043d\u043d\u044b\u0439 \u043e\u0431\u044a\u0435\u043c \u043a\u043e\u0441\u0442\u0438: \u041f\u0440\u0438 \u043e\u0433\u0440\u0430\u043d\u0438\u0447\u0435\u043d\u043d\u043e\u043c \u043e\u0431\u044a\u0435\u043c\u0435 \u0438\u043b\u0438 \u043f\u043b\u043e\u0442\u043d\u043e\u0441\u0442\u0438 \u0447\u0435\u043b\u044e\u0441\u0442\u043d\u043e\u0439 \u043a\u043e\u0441\u0442\u0438 \u043f\u0440\u0435\u0434\u043f\u043e\u0447\u0442\u0438\u0442\u0435\u043b\u044c\u043d\u0435\u0435 \u0438\u0441\u043f\u043e\u043b\u044c\u0437\u043e\u0432\u0430\u0442\u044c \u043c\u0438\u043d\u0438-\u0438\u043c\u043f\u043b\u0430\u043d\u0442\u0430\u0442\u044b, \u043f\u043e\u0441\u043a\u043e\u043b\u044c\u043a\u0443 \u0434\u043b\u044f \u0438\u0445 \u0443\u0441\u0442\u0430\u043d\u043e\u0432\u043a\u0438 \u0442\u0440\u0435\u0431\u0443\u0435\u0442\u0441\u044f \u043c\u0435\u043d\u044c\u0448\u0435 \u043a\u043e\u0441\u0442\u043d\u043e\u0439 \u0442\u043a\u0430\u043d\u0438.<br \/><br \/>\u0412\u0430\u0436\u043d\u043e \u043f\u043e\u043c\u043d\u0438\u0442\u044c, \u0447\u0442\u043e \u043c\u0438\u043d\u0438-\u0438\u043c\u043f\u043b\u0430\u043d\u0442\u0430\u0442\u044b \u043c\u043e\u0433\u0443\u0442 \u043f\u043e\u0434\u043e\u0439\u0442\u0438 \u043d\u0435 \u0434\u043b\u044f \u043a\u0430\u0436\u0434\u043e\u0433\u043e \u0441\u043b\u0443\u0447\u0430\u044f. \u0422\u0430\u043a\u0438\u0435 \u0444\u0430\u043a\u0442\u043e\u0440\u044b, \u043a\u0430\u043a \u043a\u0430\u0447\u0435\u0441\u0442\u0432\u043e \u043a\u043e\u0441\u0442\u043d\u043e\u0439 \u0442\u043a\u0430\u043d\u0438, \u0441\u043e\u0441\u0442\u043e\u044f\u043d\u0438\u0435 \u043f\u043e\u043b\u043e\u0441\u0442\u0438 \u0440\u0442\u0430 \u0438 \u043d\u0435\u043e\u0431\u0445\u043e\u0434\u0438\u043c\u043e\u0441\u0442\u044c \u0441\u043f\u0435\u0446\u0438\u0430\u043b\u044c\u043d\u044b\u0445 \u0440\u0435\u0441\u0442\u0430\u0432\u0440\u0430\u0446\u0438\u0439, \u043e\u043f\u0440\u0435\u0434\u0435\u043b\u044f\u044e\u0442, \u044f\u0432\u043b\u044f\u044e\u0442\u0441\u044f \u043b\u0438 \u043c\u0438\u043d\u0438-\u0438\u043c\u043f\u043b\u0430\u043d\u0442\u0430\u0442\u044b \u043f\u043e\u0434\u0445\u043e\u0434\u044f\u0449\u0438\u043c \u0432\u0430\u0440\u0438\u0430\u043d\u0442\u043e\u043c \u043b\u0435\u0447\u0435\u043d\u0438\u044f. \u0422\u0449\u0430\u0442\u0435\u043b\u044c\u043d\u044b\u0439 \u043e\u0441\u043c\u043e\u0442\u0440 \u0438 \u043a\u043e\u043d\u0441\u0443\u043b\u044c\u0442\u0430\u0446\u0438\u044f \u0441 \u043e\u043f\u044b\u0442\u043d\u044b\u043c \u0441\u0442\u043e\u043c\u0430\u0442\u043e\u043b\u043e\u0433\u043e\u043c \u043f\u043e\u043c\u043e\u0433\u0443\u0442 \u043e\u043f\u0440\u0435\u0434\u0435\u043b\u0438\u0442\u044c \u043d\u0430\u0438\u043b\u0443\u0447\u0448\u0438\u0439 \u043f\u043e\u0434\u0445\u043e\u0434 \u043a \u043b\u0435\u0447\u0435\u043d\u0438\u044e \u043e\u0442\u0441\u0443\u0442\u0441\u0442\u0432\u0443\u044e\u0449\u0438\u0445 \u0437\u0443\u0431\u043e\u0432 \u0438\u043b\u0438 \u0438\u0445 \u043f\u0440\u043e\u0442\u0435\u0437\u0438\u0440\u043e\u0432\u0430\u043d\u0438\u044e.<\/p>\t\t\t\t\t\t\t\t<\/div>\n\t\t\t\t<\/div>\n\t\t\t\t\t<\/div>\n\t\t\t\t<\/div>\n\t\t\t\t<section class=\"elementor-section elementor-top-section elementor-element elementor-element-cfed380 elementor-section-content-middle elementor-section-boxed elementor-section-height-default elementor-section-height-default tp-parallax-no syd-sticky-section-no\" data-id=\"cfed380\" data-element_type=\"section\" data-settings=\"{&quot;background_background&quot;:&quot;classic&quot;,&quot;tp_sticky_sec_effect_enable&quot;:false}\">\n\t\t\t\t\t\t<div class=\"elementor-container elementor-column-gap-default\">\n\t\t\t\t\t<div data-aos=\"\" class=\"elementor-column elementor-col-50 elementor-top-column elementor-element elementor-element-d8fac92 syd-sticky-section-no\" data-id=\"d8fac92\" data-element_type=\"column\" data-settings=\"{&quot;tp_sticky_col_effect_enable&quot;:false}\">\n\t\t\t<div class=\"elementor-widget-wrap elementor-element-populated\">\n\t\t\t\t\t\t<div class=\"elementor-element elementor-element-ea4173f syd-sticky-section-no elementor-widget elementor-widget-heading\" data-id=\"ea4173f\" data-element_type=\"widget\" data-widget_type=\"heading.default\">\n\t\t\t\t<div class=\"elementor-widget-container\">\n\t\t\t\t\t<h2 class=\"elementor-heading-title elementor-size-default\">\u0423 \u0432\u0430\u0441 \u0435\u0441\u0442\u044c \u0432\u043e\u043f\u0440\u043e\u0441\u044b?<\/h2>\t\t\t\t<\/div>\n\t\t\t\t<\/div>\n\t\t\t\t\t<\/div>\n\t\t<\/div>\n\t\t\t\t<div data-aos=\"\" class=\"elementor-column elementor-col-50 elementor-top-column elementor-element elementor-element-7aa5769 syd-sticky-section-no\" data-id=\"7aa5769\" data-element_type=\"column\" data-settings=\"{&quot;tp_sticky_col_effect_enable&quot;:false}\">\n\t\t\t<div class=\"elementor-widget-wrap elementor-element-populated\">\n\t\t\t\t\t\t<div class=\"elementor-element elementor-element-9c6e3e1 elementor-align-right elementor-mobile-align-center syd-sticky-section-no elementor-widget elementor-widget-button\" data-id=\"9c6e3e1\" data-element_type=\"widget\" data-widget_type=\"button.default\">\n\t\t\t\t<div class=\"elementor-widget-container\">\n\t\t\t\t\t\t\t\t\t<div class=\"elementor-button-wrapper\">\n\t\t\t\t\t<a class=\"elementor-button elementor-button-link elementor-size-sm\" href=\"http:\/\/healthagentsturkey.com\/ru\/iletisim\/\">\n\t\t\t\t\t\t<span class=\"elementor-button-content-wrapper\">\n\t\t\t\t\t\t\t\t\t<span class=\"elementor-button-text\">\u0421\u0432\u044f\u0436\u0438\u0442\u0435\u0441\u044c \u0441 \u043d\u0430\u043c\u0438<\/span>\n\t\t\t\t\t<\/span>\n\t\t\t\t\t<\/a>\n\t\t\t\t<\/div>\n\t\t\t\t\t\t\t\t<\/div>\n\t\t\t\t<\/div>\n\t\t\t\t\t<\/div>\n\t\t<\/div>\n\t\t\t\t\t<\/div>\n\t\t<\/section>\n\t\t\t\t<\/div>","protected":false},"excerpt":{"rendered":"<p>Mini \u0130mplantlar Mini dental implant (MDI) olarak da bilinen mini implant, geleneksel dental implant\u0131n daha k\u00fc\u00e7\u00fck bir versiyonudur. Eksik di\u015flerin yerini almak [&hellip;]<\/p>","protected":false},"author":1,"featured_media":0,"parent":1620,"menu_order":0,"comment_status":"closed","ping_status":"closed","template":"elementor_header_footer","meta":{"_eb_attr":"","footnotes":""},"class_list":["post-1690","page","type-page","status-publish","hentry"],"_links":{"self":[{"href":"http:\/\/healthagentsturkey.com\/ru\/wp-json\/wp\/v2\/pages\/1690","targetHints":{"allow":["GET"]}}],"collection":[{"href":"http:\/\/healthagentsturkey.com\/ru\/wp-json\/wp\/v2\/pages"}],"about":[{"href":"http:\/\/healthagentsturkey.com\/ru\/wp-json\/wp\/v2\/types\/page"}],"author":[{"embeddable":true,"href":"http:\/\/healthagentsturkey.com\/ru\/wp-json\/wp\/v2\/users\/1"}],"replies":[{"embeddable":true,"href":"http:\/\/healthagentsturkey.com\/ru\/wp-json\/wp\/v2\/comments?post=1690"}],"version-history":[{"count":1,"href":"http:\/\/healthagentsturkey.com\/ru\/wp-json\/wp\/v2\/pages\/1690\/revisions"}],"predecessor-version":[{"id":4777,"href":"http:\/\/healthagentsturkey.com\/ru\/wp-json\/wp\/v2\/pages\/1690\/revisions\/4777"}],"up":[{"embeddable":true,"href":"http:\/\/healthagentsturkey.com\/ru\/wp-json\/wp\/v2\/pages\/1620"}],"wp:attachment":[{"href":"http:\/\/healthagentsturkey.com\/ru\/wp-json\/wp\/v2\/media?parent=1690"}],"curies":[{"name":"wp","href":"https:\/\/api.w.org\/{rel}","templated":true}]}}