{"id":1592,"date":"2023-11-18T23:42:47","date_gmt":"2023-11-18T23:42:47","guid":{"rendered":"https:\/\/healthagentsturkey.com\/?page_id=1592"},"modified":"2026-02-25T10:31:57","modified_gmt":"2026-02-25T07:31:57","slug":"sakal-ekimi","status":"publish","type":"page","link":"http:\/\/healthagentsturkey.com\/ru\/tedavi\/sac-ekimi\/sakal-ekimi\/","title":{"rendered":"\u041f\u0435\u0440\u0435\u0441\u0430\u0434\u043a\u0430 \u0431\u043e\u0440\u043e\u0434\u044b"},"content":{"rendered":"<div data-elementor-type=\"wp-page\" data-elementor-id=\"1592\" class=\"elementor elementor-1592\" data-elementor-post-type=\"page\">\n\t\t\t\t\t\t<section class=\"elementor-section elementor-top-section elementor-element elementor-element-eedafb9 elementor-section-content-middle elementor-section-boxed elementor-section-height-default elementor-section-height-default tp-parallax-no syd-sticky-section-no\" data-id=\"eedafb9\" data-element_type=\"section\" data-settings=\"{&quot;tp_sticky_sec_effect_enable&quot;:false}\">\n\t\t\t\t\t\t<div class=\"elementor-container elementor-column-gap-default\">\n\t\t\t\t\t<div data-aos=\"\" class=\"elementor-column elementor-col-50 elementor-top-column elementor-element elementor-element-571508b syd-sticky-section-no\" data-id=\"571508b\" data-element_type=\"column\" data-settings=\"{&quot;tp_sticky_col_effect_enable&quot;:false}\">\n\t\t\t<div class=\"elementor-widget-wrap elementor-element-populated\">\n\t\t\t\t\t\t<div class=\"elementor-element elementor-element-2fc2cb6 syd-sticky-section-no elementor-widget elementor-widget-heading\" data-id=\"2fc2cb6\" data-element_type=\"widget\" data-widget_type=\"heading.default\">\n\t\t\t\t<div class=\"elementor-widget-container\">\n\t\t\t\t\t<h2 class=\"elementor-heading-title elementor-size-default\">\u0427\u0442\u043e \u0442\u0430\u043a\u043e\u0435 \u0442\u0440\u0430\u043d\u0441\u043f\u043b\u0430\u043d\u0442\u0430\u0446\u0438\u044f \u0431\u043e\u0440\u043e\u0434\u044b?<\/h2>\t\t\t\t<\/div>\n\t\t\t\t<\/div>\n\t\t\t\t<div class=\"elementor-element elementor-element-1cf0f1c elementor-widget__width-initial syd-sticky-section-no elementor-widget elementor-widget-text-editor\" data-id=\"1cf0f1c\" data-element_type=\"widget\" data-widget_type=\"text-editor.default\">\n\t\t\t\t<div class=\"elementor-widget-container\">\n\t\t\t\t\t\t\t\t\t<p>\u041f\u0435\u0440\u0435\u0441\u0430\u0434\u043a\u0430 \u0431\u043e\u0440\u043e\u0434\u044b: \u0440\u0435\u0434\u043a\u0430\u044f, \u0441\u043b\u0430\u0431\u0430\u044f \u0438\u043b\u0438 \u043d\u0435 \u0440\u0430\u0441\u0442\u0443\u0449\u0430\u044f \u0432 \u043e\u0431\u043b\u0430\u0441\u0442\u0438 \u043b\u0438\u0446\u0430\u00a0<a href=\"https:\/\/tr.wikipedia.org\/wiki\/Sakal\">\u0411\u043e\u0440\u043e\u0434\u0430<\/a>\u00a0\u044d\u0442\u043e \u043f\u0440\u043e\u0446\u0435\u0434\u0443\u0440\u0430 \u043a\u043e\u0441\u043c\u0435\u0442\u0438\u0447\u0435\u0441\u043a\u043e\u0439 \u0445\u0438\u0440\u0443\u0440\u0433\u0438\u0438, \u043d\u0430\u043f\u0440\u0430\u0432\u043b\u0435\u043d\u043d\u0430\u044f \u043d\u0430 \u043f\u043e\u0441\u0442\u043e\u044f\u043d\u043d\u043e\u0435 \u043d\u0430\u0440\u0430\u0449\u0438\u0432\u0430\u043d\u0438\u0435 \u0432\u043e\u043b\u043e\u0441. \u041f\u0435\u0440\u0435\u0441\u0430\u0434\u043a\u0430 \u0431\u043e\u0440\u043e\u0434\u044b; \u0441 \u0435\u0435 \u043f\u043e\u043c\u043e\u0449\u044c\u044e \u043c\u043e\u0436\u043d\u043e \u0443\u043b\u0443\u0447\u0448\u0438\u0442\u044c \u0444\u043e\u0440\u043c\u0443 \u043b\u0438\u0446\u0430 \u0438 \u043f\u043e\u0434\u0431\u043e\u0440\u043e\u0434\u043a\u0430, \u0430 \u0442\u0430\u043a\u0436\u0435 \u0441\u0434\u0435\u043b\u0430\u0442\u044c \u0431\u043e\u0440\u043e\u0434\u0443 \u0431\u043e\u043b\u0435\u0435 \u0433\u0443\u0441\u0442\u043e\u0439 \u0438 \u043e\u0431\u044a\u0435\u043c\u043d\u043e\u0439.<\/p><p><b>\u041a\u0430\u043a \u043f\u0440\u043e\u0432\u043e\u0434\u0438\u0442\u0441\u044f \u043f\u0435\u0440\u0435\u0441\u0430\u0434\u043a\u0430 \u0431\u043e\u0440\u043e\u0434\u044b?<\/b><\/p><p>\u041f\u0435\u0440\u0435\u0441\u0430\u0434\u043a\u0430 \u0431\u043e\u0440\u043e\u0434\u044b,\u00a0<a href=\"https:\/\/tr.wikipedia.org\/wiki\/Folik%C3%BCler_%C3%BCnite_ekstraksiyonu\">\u044d\u043a\u0441\u0442\u0440\u0430\u043a\u0446\u0438\u044f \u0444\u043e\u043b\u043b\u0438\u043a\u0443\u043b\u044f\u0440\u043d\u044b\u0445 \u0443\u0437\u043b\u043e\u0432 (FUE)<\/a>\u00a0\u043e\u0441\u0443\u0449\u0435\u0441\u0442\u0432\u043b\u044f\u0435\u0442\u0441\u044f \u0441 \u043f\u043e\u043c\u043e\u0449\u044c\u044e \u043c\u0435\u0442\u043e\u0434\u0430, \u043d\u0430\u0437\u044b\u0432\u0430\u0435\u043c\u043e\u0433\u043e \"\u043c\u0435\u0442\u043e\u0434\".\u00a0<a href=\"https:\/\/tr.wikipedia.org\/wiki\/Folik%C3%BCler_%C3%BCnite_ekstraksiyonu\">\u041c\u0435\u0442\u043e\u0434 FUE<\/a>\u041f\u0440\u043e\u0446\u0435\u0434\u0443\u0440\u0430 \u0437\u0430\u043a\u043b\u044e\u0447\u0430\u0435\u0442\u0441\u044f \u0432 \u0443\u0434\u0430\u043b\u0435\u043d\u0438\u0438 \u043e\u0442\u0434\u0435\u043b\u044c\u043d\u044b\u0445 \u0432\u043e\u043b\u043e\u0441\u044f\u043d\u044b\u0445 \u0444\u043e\u043b\u043b\u0438\u043a\u0443\u043b\u043e\u0432 \u0438 \u043f\u043e\u043c\u0435\u0449\u0435\u043d\u0438\u0438 \u0438\u0445 \u0432 \u043e\u0431\u043b\u0430\u0441\u0442\u044c \u0431\u043e\u0440\u043e\u0434\u044b. \u0412\u043e \u0432\u0440\u0435\u043c\u044f \u043f\u0440\u043e\u0446\u0435\u0434\u0443\u0440\u044b \u0441\u043d\u0430\u0447\u0430\u043b\u0430 \u0438\u0437 \u0434\u043e\u043d\u043e\u0440\u0441\u043a\u043e\u0439 \u0437\u043e\u043d\u044b (\u043e\u0431\u044b\u0447\u043d\u043e \u044d\u0442\u043e \u043e\u0431\u043b\u0430\u0441\u0442\u044c \u0437\u0430\u0442\u044b\u043b\u043a\u0430) \u0431\u0435\u0440\u0443\u0442\u0441\u044f \u0432\u043e\u043b\u043e\u0441\u044f\u043d\u044b\u0435 \u0444\u043e\u043b\u043b\u0438\u043a\u0443\u043b\u044b, \u043a\u043e\u0442\u043e\u0440\u044b\u0435 \u043d\u0435\u043e\u0431\u0445\u043e\u0434\u0438\u043c\u043e \u0443\u0434\u0430\u043b\u0438\u0442\u044c, \u0430 \u0437\u0430\u0442\u0435\u043c \u0444\u043e\u043b\u043b\u0438\u043a\u0443\u043b\u044b \u043f\u043e \u043e\u0434\u043d\u043e\u043c\u0443 \u043f\u043e\u043c\u0435\u0449\u0430\u044e\u0442\u0441\u044f \u0432 \u043e\u0431\u043b\u0430\u0441\u0442\u044c \u0431\u043e\u0440\u043e\u0434\u044b.<\/p><p>\u041f\u0435\u0440\u0435\u0441\u0430\u0434\u043a\u0430 \u0431\u043e\u0440\u043e\u0434\u044b \u043e\u0431\u044b\u0447\u043d\u043e \u043f\u0440\u043e\u0432\u043e\u0434\u0438\u0442\u0441\u044f \u043f\u043e\u0434 \u043c\u0435\u0441\u0442\u043d\u043e\u0439 \u0430\u043d\u0435\u0441\u0442\u0435\u0437\u0438\u0435\u0439 \u0438 \u0437\u0430\u043d\u0438\u043c\u0430\u0435\u0442 \u043e\u0442 4 \u0434\u043e 8 \u0447\u0430\u0441\u043e\u0432. \u0414\u043b\u0438\u0442\u0435\u043b\u044c\u043d\u043e\u0441\u0442\u044c \u043f\u0440\u043e\u0446\u0435\u0434\u0443\u0440\u044b \u043c\u043e\u0436\u0435\u0442 \u0432\u0430\u0440\u044c\u0438\u0440\u043e\u0432\u0430\u0442\u044c\u0441\u044f \u0432 \u0437\u0430\u0432\u0438\u0441\u0438\u043c\u043e\u0441\u0442\u0438 \u043e\u0442 \u043a\u043e\u043b\u0438\u0447\u0435\u0441\u0442\u0432\u0430 \u0438 \u043f\u043b\u043e\u0449\u0430\u0434\u0438 \u043f\u0435\u0440\u0435\u0441\u0430\u0436\u0438\u0432\u0430\u0435\u043c\u043e\u0439 \u0431\u043e\u0440\u043e\u0434\u044b. \u041f\u043e \u043e\u043a\u043e\u043d\u0447\u0430\u043d\u0438\u0438 \u043f\u0440\u043e\u0446\u0435\u0441\u0441\u0430 \u0437\u0430\u0436\u0438\u0432\u043b\u0435\u043d\u0438\u044f \u0431\u043e\u0440\u043e\u0434\u0430 \u043f\u0440\u0438\u043e\u0431\u0440\u0435\u0442\u0430\u0435\u0442 \u0435\u0441\u0442\u0435\u0441\u0442\u0432\u0435\u043d\u043d\u044b\u0439 \u0432\u0438\u0434, \u0441\u043e\u043e\u0442\u0432\u0435\u0442\u0441\u0442\u0432\u0443\u044e\u0449\u0438\u0439 \u0447\u0435\u0440\u0442\u0430\u043c \u043b\u0438\u0446\u0430 \u0447\u0435\u043b\u043e\u0432\u0435\u043a\u0430. \u0420\u0435\u0437\u0443\u043b\u044c\u0442\u0430\u0442\u044b \u043f\u043e\u043b\u043d\u043e\u0441\u0442\u044c\u044e \u0437\u0430\u043c\u0435\u0442\u043d\u044b \u043f\u0440\u0438\u043c\u0435\u0440\u043d\u043e \u0447\u0435\u0440\u0435\u0437 6-12 \u043c\u0435\u0441\u044f\u0446\u0435\u0432.<\/p>\t\t\t\t\t\t\t\t<\/div>\n\t\t\t\t<\/div>\n\t\t\t\t\t<\/div>\n\t\t<\/div>\n\t\t\t\t<div data-aos=\"\" class=\"elementor-column elementor-col-50 elementor-top-column elementor-element elementor-element-bc4d4c0 syd-sticky-section-no\" data-id=\"bc4d4c0\" data-element_type=\"column\" data-settings=\"{&quot;tp_sticky_col_effect_enable&quot;:false}\">\n\t\t\t<div class=\"elementor-widget-wrap elementor-element-populated\">\n\t\t\t\t\t\t<div class=\"elementor-element elementor-element-48dd569 syd-sticky-section-no elementor-widget elementor-widget-image\" data-id=\"48dd569\" data-element_type=\"widget\" data-widget_type=\"image.default\">\n\t\t\t\t<div class=\"elementor-widget-container\">\n\t\t\t\t\t\t\t\t\t<\/div>\n\t\t\t\t<\/div>\n\t\t\t\t\t<\/div>\n\t\t<\/div>\n\t\t\t\t\t<\/div>\n\t\t<\/section>\n\t\t<div class=\"elementor-element elementor-element-0260b06 e-flex e-con-boxed syd-sticky-section-no e-con e-parent\" data-id=\"0260b06\" data-element_type=\"container\">\n\t\t\t\t\t<div class=\"e-con-inner\">\n\t\t\t\t<div class=\"elementor-element elementor-element-ebb047d syd-sticky-section-no elementor-widget elementor-widget-text-editor\" data-id=\"ebb047d\" data-element_type=\"widget\" data-widget_type=\"text-editor.default\">\n\t\t\t\t<div class=\"elementor-widget-container\">\n\t\t\t\t\t\t\t\t\t<p><b>\u0412 \u0447\u0435\u043c \u043f\u0440\u0435\u0438\u043c\u0443\u0449\u0435\u0441\u0442\u0432\u0430 \u0442\u0440\u0430\u043d\u0441\u043f\u043b\u0430\u043d\u0442\u0430\u0446\u0438\u0438 \u0431\u043e\u0440\u043e\u0434\u044b?<\/b><\/p><ul><li aria-level=\"1\">\u041f\u0435\u0440\u0435\u0441\u0430\u0434\u043a\u0430 \u0431\u043e\u0440\u043e\u0434\u044b \u0443\u043b\u0443\u0447\u0448\u0430\u0435\u0442 \u043a\u043e\u043d\u0442\u0443\u0440\u044b \u043b\u0438\u0446\u0430 \u0438 \u0437\u0430\u043e\u0441\u0442\u0440\u044f\u0435\u0442 \u0444\u043e\u0440\u043c\u0443 \u043f\u043e\u0434\u0431\u043e\u0440\u043e\u0434\u043a\u0430.<\/li><li aria-level=\"1\">\u041f\u0435\u0440\u0435\u0441\u0430\u0434\u043a\u0430 \u0431\u043e\u0440\u043e\u0434\u044b \u043f\u043e\u043c\u043e\u0433\u0430\u0435\u0442 \u0447\u0435\u043b\u043e\u0432\u0435\u043a\u0443 \u0447\u0443\u0432\u0441\u0442\u0432\u043e\u0432\u0430\u0442\u044c \u0441\u0435\u0431\u044f \u043b\u0443\u0447\u0448\u0435, \u0443\u0441\u0442\u0440\u0430\u043d\u044f\u044f \u043d\u0435\u0434\u043e\u0441\u0442\u0430\u0442\u043a\u0438 \u043d\u0430 \u043b\u0438\u0446\u0435.<\/li><li aria-level=\"1\"><a href=\"https:\/\/tr.wikipedia.org\/wiki\/Sakal\">\u0411\u043e\u0440\u043e\u0434\u0430<\/a>\u00a0\u0438\u0441\u043f\u0440\u0430\u0432\u043b\u044f\u0435\u0442 \u0440\u0430\u0437\u0440\u0435\u0436\u0435\u043d\u043d\u043e\u0441\u0442\u044c \u0432 \u043e\u0431\u043b\u0430\u0441\u0442\u0438.<\/li><li aria-level=\"1\">\u041f\u0435\u0440\u0435\u0441\u0430\u0434\u043a\u0430 \u0431\u043e\u0440\u043e\u0434\u044b - \u044d\u0442\u043e \u043f\u0440\u043e\u0446\u0435\u0434\u0443\u0440\u0430, \u043a\u043e\u0442\u043e\u0440\u0430\u044f \u043e\u0431\u0435\u0441\u043f\u0435\u0447\u0438\u0432\u0430\u0435\u0442 \u043f\u043e\u0441\u0442\u043e\u044f\u043d\u043d\u044b\u0439 \u0440\u0435\u0437\u0443\u043b\u044c\u0442\u0430\u0442. \u041f\u0435\u0440\u0435\u0441\u0430\u0436\u0435\u043d\u043d\u044b\u0435 \u0432\u043e\u043b\u043e\u0441\u044f\u043d\u044b\u0435 \u0444\u043e\u043b\u043b\u0438\u043a\u0443\u043b\u044b \u0440\u0430\u0441\u0442\u0443\u0442 \u0435\u0441\u0442\u0435\u0441\u0442\u0432\u0435\u043d\u043d\u044b\u043c \u043e\u0431\u0440\u0430\u0437\u043e\u043c \u0438 \u0441\u043e\u0445\u0440\u0430\u043d\u044f\u044e\u0442\u0441\u044f \u043d\u0430 \u0432\u0441\u044e \u0436\u0438\u0437\u043d\u044c \u043f\u0440\u0438 \u0443\u0441\u043b\u043e\u0432\u0438\u0438 \u0440\u0435\u0433\u0443\u043b\u044f\u0440\u043d\u043e\u0433\u043e \u0443\u0445\u043e\u0434\u0430 \u0437\u0430 \u0431\u043e\u0440\u043e\u0434\u043e\u0439.<\/li><li aria-level=\"1\">\u0412 \u043f\u043e\u0441\u043b\u0435\u043f\u0440\u043e\u0446\u0435\u0434\u0443\u0440\u043d\u044b\u0439 \u043f\u0435\u0440\u0438\u043e\u0434 \u0431\u043e\u043b\u044c \u043e\u0431\u044b\u0447\u043d\u043e \u043d\u0435 \u043e\u0449\u0443\u0449\u0430\u0435\u0442\u0441\u044f, \u0430 \u0435\u0441\u043b\u0438 \u0438 \u043e\u0449\u0443\u0449\u0430\u0435\u0442\u0441\u044f, \u0442\u043e \u043d\u043e\u0441\u0438\u0442 \u0432\u0440\u0435\u043c\u0435\u043d\u043d\u044b\u0439 \u0445\u0430\u0440\u0430\u043a\u0442\u0435\u0440.<\/li><\/ul><p><b>\u041a\u0430\u043a\u043e\u0432\u044b \u043d\u0435\u0434\u043e\u0441\u0442\u0430\u0442\u043a\u0438 \u0442\u0440\u0430\u043d\u0441\u043f\u043b\u0430\u043d\u0442\u0430\u0446\u0438\u0438 \u0431\u043e\u0440\u043e\u0434\u044b?<\/b><\/p><ul><li aria-level=\"1\">\u041e\u0442\u0435\u043a \u0438 \u043f\u043e\u043a\u0440\u0430\u0441\u043d\u0435\u043d\u0438\u0435 \u043f\u043e\u0441\u043b\u0435 \u043f\u0440\u043e\u0446\u0435\u0434\u0443\u0440\u044b<\/li><li aria-level=\"1\">\u041e\u0431\u0440\u0430\u0437\u043e\u0432\u0430\u043d\u0438\u0435 \u043a\u043e\u0440\u043e\u0447\u043a\u0438 \u0438 \u0437\u0443\u0434<\/li><li aria-level=\"1\">\u0412 \u0442\u0435\u0445\u043d\u043e\u043b\u043e\u0433\u0438\u0447\u0435\u0441\u043a\u043e\u0439 \u0437\u043e\u043d\u0435\u00a0<a href=\"https:\/\/tr.wikipedia.org\/wiki\/Enfeksiyon_hastal%C4%B1klar%C4%B1#:~:text=Enfeksiyon%20hastal%C4%B1klar%C4%B1%2C%20bula%C5%9F%C4%B1c%C4%B1%20hastal%C4%B1klar%20ve,d%C4%B1%C5%9F%C4%B1nda%20geli%C5%9Fen%20salg%C4%B1nlarla%20m%C3%BCcadele%20eder.\">\u0438\u043d\u0444\u0435\u043a\u0446\u0438\u044f<\/a>\u00a0\u0440\u0438\u0441\u043a<\/li><li aria-level=\"1\">\u0412\u044b\u043f\u0430\u0434\u0435\u043d\u0438\u0435 \u0432\u043e\u043b\u043e\u0441<\/li><li aria-level=\"1\">\u0412\u044b\u0441\u043e\u043a\u0430\u044f \u0441\u0442\u043e\u0438\u043c\u043e\u0441\u0442\u044c<\/li><\/ul><p><b><br \/>\u041a\u0443\u0434\u0430 \u043c\u043e\u0436\u043d\u043e \u043e\u0431\u0440\u0430\u0442\u0438\u0442\u044c\u0441\u044f \u0434\u043b\u044f \u043f\u0435\u0440\u0435\u0441\u0430\u0434\u043a\u0438 \u0431\u043e\u0440\u043e\u0434\u044b?<\/b><\/p><p>\u041d\u0430\u0448\u0438\u043c \u043f\u0440\u0438\u043e\u0440\u0438\u0442\u0435\u0442\u043e\u043c \u0432 \u0441\u0444\u0435\u0440\u0435 \u0437\u0434\u0440\u0430\u0432\u043e\u043e\u0445\u0440\u0430\u043d\u0435\u043d\u0438\u044f \u0432\u0441\u0435\u0433\u0434\u0430 \u0431\u044b\u043b\u0438 \u0443\u0434\u043e\u0432\u043b\u0435\u0442\u0432\u043e\u0440\u0435\u043d\u043d\u043e\u0441\u0442\u044c \u043f\u0430\u0446\u0438\u0435\u043d\u0442\u043e\u0432 \u0438 \u0438\u0445 \u0437\u0434\u043e\u0440\u043e\u0432\u044c\u0435.\u00a0<b>\u0410\u0433\u0435\u043d\u0442\u044b \u0437\u0434\u043e\u0440\u043e\u0432\u044c\u044f;<\/b>\u00a0\u043f\u0440\u0435\u0434\u043e\u0441\u0442\u0430\u0432\u043b\u044f\u044e\u0442 \u0432\u0440\u0430\u0447\u0438, \u0441\u043f\u0435\u0446\u0438\u0430\u043b\u0438\u0437\u0438\u0440\u0443\u044e\u0449\u0438\u0435\u0441\u044f \u0432 \u0441\u0432\u043e\u0435\u0439 \u043e\u0431\u043b\u0430\u0441\u0442\u0438, \u0432 \u0443\u0441\u043b\u043e\u0432\u0438\u044f\u0445, \u043e\u0441\u043d\u0430\u0449\u0435\u043d\u043d\u044b\u0445 \u0441\u043e\u0432\u0440\u0435\u043c\u0435\u043d\u043d\u043e\u0439 \u0442\u0435\u0445\u043d\u0438\u043a\u043e\u0439 \u0438 \u043f\u043e\u0441\u043b\u0435\u0434\u043d\u0438\u043c\u0438 \u043c\u0435\u0434\u0438\u0446\u0438\u043d\u0441\u043a\u0438\u043c\u0438 \u0438\u043d\u043d\u043e\u0432\u0430\u0446\u0438\u044f\u043c\u0438. \u041c\u044b \u0432\u0441\u0435\u0433\u0434\u0430 \u043d\u0430 \u0432\u0430\u0448\u0435\u0439 \u0441\u0442\u043e\u0440\u043e\u043d\u0435, \u0447\u0442\u043e\u0431\u044b \u043f\u0440\u0435\u0434\u043b\u043e\u0436\u0438\u0442\u044c \u0432\u0430\u043c \u043b\u0443\u0447\u0448\u0438\u0439 \u0441\u0435\u0440\u0432\u0438\u0441, \u0438 \u043c\u044b \u0433\u043e\u0440\u0434\u0438\u043c\u0441\u044f \u0443\u0441\u043f\u0435\u0445\u0430\u043c\u0438, \u043a\u043e\u0442\u043e\u0440\u044b\u0445 \u043c\u044b \u0434\u043e\u0441\u0442\u0438\u0433\u043b\u0438 \u0432 \u0445\u0438\u0440\u0443\u0440\u0433\u0438\u0447\u0435\u0441\u043a\u0438\u0445 \u043f\u0440\u043e\u0446\u0435\u0434\u0443\u0440\u0430\u0445, \u043a\u043e\u0442\u043e\u0440\u044b\u0435 \u043c\u044b \u043f\u0440\u043e\u0432\u043e\u0434\u0438\u043c. \u041f\u043e \u044d\u0442\u043e\u0439 \u043f\u0440\u0438\u0447\u0438\u043d\u0435\u00a0<b>\u0410\u0433\u0435\u043d\u0442\u044b \u0437\u0434\u0440\u0430\u0432\u043e\u043e\u0445\u0440\u0430\u043d\u0435\u043d\u0438\u044f<\/b>\u00a0\u043d\u0430\u0448\u0438 \u0432\u0440\u0430\u0447\u0438, \u0431\u043b\u0430\u0433\u043e\u0434\u0430\u0440\u044f \u0441\u0432\u043e\u0438\u043c \u0437\u043d\u0430\u043d\u0438\u044f\u043c \u0438 \u043e\u043f\u044b\u0442\u0443, \u043a\u0430\u043a \u0438 \u0432\u043e \u0432\u0441\u0435\u0445 \u043c\u0435\u0434\u0438\u0446\u0438\u043d\u0441\u043a\u0438\u0445 \u043f\u0440\u043e\u0446\u0435\u0434\u0443\u0440\u0430\u0445\u00a0<b><i>\u043f\u0435\u0440\u0435\u0441\u0430\u0434\u043a\u0430 \u0431\u043e\u0440\u043e\u0434\u044b<\/i><\/b>\u00a0\u042d\u0442\u043e\u043c\u0443 \u043f\u0440\u043e\u0446\u0435\u0441\u0441\u0443 \u0442\u0430\u043a\u0436\u0435 \u0447\u0430\u0441\u0442\u043e \u043e\u0442\u0434\u0430\u044e\u0442 \u043f\u0440\u0435\u0434\u043f\u043e\u0447\u0442\u0435\u043d\u0438\u0435. \u0412\u044b \u043c\u043e\u0436\u0435\u0442\u0435 \u0441\u043c\u0435\u043b\u043e \u0432\u044b\u0431\u0438\u0440\u0430\u0442\u044c \u043d\u0430\u0441.<\/p>\t\t\t\t\t\t\t\t<\/div>\n\t\t\t\t<\/div>\n\t\t\t\t\t<\/div>\n\t\t\t\t<\/div>\n\t\t\t\t<section class=\"elementor-section elementor-top-section elementor-element elementor-element-cfed380 elementor-section-content-middle elementor-section-boxed elementor-section-height-default elementor-section-height-default tp-parallax-no syd-sticky-section-no\" data-id=\"cfed380\" data-element_type=\"section\" data-settings=\"{&quot;background_background&quot;:&quot;classic&quot;,&quot;tp_sticky_sec_effect_enable&quot;:false}\">\n\t\t\t\t\t\t<div class=\"elementor-container elementor-column-gap-default\">\n\t\t\t\t\t<div data-aos=\"\" class=\"elementor-column elementor-col-50 elementor-top-column elementor-element elementor-element-d8fac92 syd-sticky-section-no\" data-id=\"d8fac92\" data-element_type=\"column\" data-settings=\"{&quot;tp_sticky_col_effect_enable&quot;:false}\">\n\t\t\t<div class=\"elementor-widget-wrap elementor-element-populated\">\n\t\t\t\t\t\t<div class=\"elementor-element elementor-element-ea4173f syd-sticky-section-no elementor-widget elementor-widget-heading\" data-id=\"ea4173f\" data-element_type=\"widget\" data-widget_type=\"heading.default\">\n\t\t\t\t<div class=\"elementor-widget-container\">\n\t\t\t\t\t<h2 class=\"elementor-heading-title elementor-size-default\">\u0423 \u0432\u0430\u0441 \u0435\u0441\u0442\u044c \u0432\u043e\u043f\u0440\u043e\u0441\u044b?<\/h2>\t\t\t\t<\/div>\n\t\t\t\t<\/div>\n\t\t\t\t\t<\/div>\n\t\t<\/div>\n\t\t\t\t<div data-aos=\"\" class=\"elementor-column elementor-col-50 elementor-top-column elementor-element elementor-element-7aa5769 syd-sticky-section-no\" data-id=\"7aa5769\" data-element_type=\"column\" data-settings=\"{&quot;tp_sticky_col_effect_enable&quot;:false}\">\n\t\t\t<div class=\"elementor-widget-wrap elementor-element-populated\">\n\t\t\t\t\t\t<div class=\"elementor-element elementor-element-9c6e3e1 elementor-align-right elementor-mobile-align-center syd-sticky-section-no elementor-widget elementor-widget-button\" data-id=\"9c6e3e1\" data-element_type=\"widget\" data-widget_type=\"button.default\">\n\t\t\t\t<div class=\"elementor-widget-container\">\n\t\t\t\t\t\t\t\t\t<div class=\"elementor-button-wrapper\">\n\t\t\t\t\t<a class=\"elementor-button elementor-button-link elementor-size-sm\" href=\"http:\/\/healthagentsturkey.com\/ru\/iletisim\/\">\n\t\t\t\t\t\t<span class=\"elementor-button-content-wrapper\">\n\t\t\t\t\t\t\t\t\t<span class=\"elementor-button-text\">\u0421\u0432\u044f\u0436\u0438\u0442\u0435\u0441\u044c \u0441 \u043d\u0430\u043c\u0438<\/span>\n\t\t\t\t\t<\/span>\n\t\t\t\t\t<\/a>\n\t\t\t\t<\/div>\n\t\t\t\t\t\t\t\t<\/div>\n\t\t\t\t<\/div>\n\t\t\t\t\t<\/div>\n\t\t<\/div>\n\t\t\t\t\t<\/div>\n\t\t<\/section>\n\t\t\t\t<\/div>","protected":false},"excerpt":{"rendered":"<p>Sakal Ekimi Nedir? Sakal ekimi y\u00fcz b\u00f6lgesinde seyrek, zay\u0131f veya \u00e7\u0131kmayan\u00a0sakal\u00a0t\u00fcylerini kal\u0131c\u0131 olarak doldurmay\u0131 ama\u00e7layan bir estetik cerrahi i\u015flemidir. Sakal ekimi ki\u015finin [&hellip;]<\/p>","protected":false},"author":1,"featured_media":0,"parent":1407,"menu_order":0,"comment_status":"closed","ping_status":"closed","template":"elementor_header_footer","meta":{"_eb_attr":"","footnotes":""},"class_list":["post-1592","page","type-page","status-publish","hentry"],"_links":{"self":[{"href":"http:\/\/healthagentsturkey.com\/ru\/wp-json\/wp\/v2\/pages\/1592","targetHints":{"allow":["GET"]}}],"collection":[{"href":"http:\/\/healthagentsturkey.com\/ru\/wp-json\/wp\/v2\/pages"}],"about":[{"href":"http:\/\/healthagentsturkey.com\/ru\/wp-json\/wp\/v2\/types\/page"}],"author":[{"embeddable":true,"href":"http:\/\/healthagentsturkey.com\/ru\/wp-json\/wp\/v2\/users\/1"}],"replies":[{"embeddable":true,"href":"http:\/\/healthagentsturkey.com\/ru\/wp-json\/wp\/v2\/comments?post=1592"}],"version-history":[{"count":1,"href":"http:\/\/healthagentsturkey.com\/ru\/wp-json\/wp\/v2\/pages\/1592\/revisions"}],"predecessor-version":[{"id":4805,"href":"http:\/\/healthagentsturkey.com\/ru\/wp-json\/wp\/v2\/pages\/1592\/revisions\/4805"}],"up":[{"embeddable":true,"href":"http:\/\/healthagentsturkey.com\/ru\/wp-json\/wp\/v2\/pages\/1407"}],"wp:attachment":[{"href":"http:\/\/healthagentsturkey.com\/ru\/wp-json\/wp\/v2\/media?parent=1592"}],"curies":[{"name":"wp","href":"https:\/\/api.w.org\/{rel}","templated":true}]}}