{"id":1455,"date":"2023-11-18T04:16:04","date_gmt":"2023-11-18T04:16:04","guid":{"rendered":"https:\/\/healthagentsturkey.com\/?page_id=1455"},"modified":"2026-02-25T10:31:54","modified_gmt":"2026-02-25T07:31:54","slug":"tw","status":"publish","type":"page","link":"http:\/\/healthagentsturkey.com\/ru\/tedavi\/dis\/tw\/","title":{"rendered":"\u041e\u0442\u0431\u0435\u043b\u0438\u0432\u0430\u043d\u0438\u0435 \u0437\u0443\u0431\u043e\u0432"},"content":{"rendered":"<div data-elementor-type=\"wp-page\" data-elementor-id=\"1455\" class=\"elementor elementor-1455\" data-elementor-post-type=\"page\">\n\t\t\t\t\t\t<section class=\"elementor-section elementor-top-section elementor-element elementor-element-eedafb9 elementor-section-content-middle elementor-section-boxed elementor-section-height-default elementor-section-height-default tp-parallax-no syd-sticky-section-no\" data-id=\"eedafb9\" data-element_type=\"section\" data-settings=\"{&quot;tp_sticky_sec_effect_enable&quot;:false}\">\n\t\t\t\t\t\t<div class=\"elementor-container elementor-column-gap-default\">\n\t\t\t\t\t<div data-aos=\"\" class=\"elementor-column elementor-col-50 elementor-top-column elementor-element elementor-element-571508b syd-sticky-section-no\" data-id=\"571508b\" data-element_type=\"column\" data-settings=\"{&quot;tp_sticky_col_effect_enable&quot;:false}\">\n\t\t\t<div class=\"elementor-widget-wrap elementor-element-populated\">\n\t\t\t\t\t\t<div class=\"elementor-element elementor-element-2fc2cb6 syd-sticky-section-no elementor-widget elementor-widget-heading\" data-id=\"2fc2cb6\" data-element_type=\"widget\" data-widget_type=\"heading.default\">\n\t\t\t\t<div class=\"elementor-widget-container\">\n\t\t\t\t\t<h2 class=\"elementor-heading-title elementor-size-default\">\u041e\u0442\u0431\u0435\u043b\u0438\u0432\u0430\u043d\u0438\u0435 \u0437\u0443\u0431\u043e\u0432<\/h2>\t\t\t\t<\/div>\n\t\t\t\t<\/div>\n\t\t\t\t<div class=\"elementor-element elementor-element-1cf0f1c syd-sticky-section-no elementor-widget elementor-widget-text-editor\" data-id=\"1cf0f1c\" data-element_type=\"widget\" data-widget_type=\"text-editor.default\">\n\t\t\t\t<div class=\"elementor-widget-container\">\n\t\t\t\t\t\t\t\t\t<p><b><i>\u041e\u0442\u0431\u0435\u043b\u0438\u0432\u0430\u043d\u0438\u0435 \u0437\u0443\u0431\u043e\u0432<\/i><\/b>\u043a\u043e\u0441\u043c\u0435\u0442\u0438\u0447\u0435\u0441\u043a\u0430\u044f \u0441\u0442\u043e\u043c\u0430\u0442\u043e\u043b\u043e\u0433\u0438\u0447\u0435\u0441\u043a\u0430\u044f \u043f\u0440\u043e\u0446\u0435\u0434\u0443\u0440\u0430, \u043d\u0430\u043f\u0440\u0430\u0432\u043b\u0435\u043d\u043d\u0430\u044f \u043d\u0430 \u0443\u043b\u0443\u0447\u0448\u0435\u043d\u0438\u0435 \u0432\u043d\u0435\u0448\u043d\u0435\u0433\u043e \u0432\u0438\u0434\u0430 \u043e\u0431\u0435\u0441\u0446\u0432\u0435\u0447\u0435\u043d\u043d\u044b\u0445 \u0438\u043b\u0438 \u043e\u043a\u0440\u0430\u0448\u0435\u043d\u043d\u044b\u0445 \u0437\u0443\u0431\u043e\u0432 \u043f\u0443\u0442\u0435\u043c \u0443\u0434\u0430\u043b\u0435\u043d\u0438\u044f \u043f\u043e\u0432\u0435\u0440\u0445\u043d\u043e\u0441\u0442\u043d\u044b\u0445 \u043f\u044f\u0442\u0435\u043d \u0438 \u043e\u0441\u0432\u0435\u0442\u043b\u0435\u043d\u0438\u044f \u0446\u0432\u0435\u0442\u0430 \u0437\u0443\u0431\u043e\u0432. \u042d\u0442\u0430 \u043f\u0440\u043e\u0446\u0435\u0434\u0443\u0440\u0430 \u043e\u0431\u044b\u0447\u043d\u043e\u00a0<a href=\"https:\/\/tr.wikipedia.org\/wiki\/Hidrojen_peroksit\">\u043f\u0435\u0440\u0435\u043a\u0438\u0441\u044c \u0432\u043e\u0434\u043e\u0440\u043e\u0434\u0430<\/a>\u00a0\u0441\u043e\u0434\u0435\u0440\u0436\u0430\u0449\u0438\u0435 \u043e\u0442\u0431\u0435\u043b\u0438\u0432\u0430\u044e\u0449\u0438\u0439 \u0430\u0433\u0435\u043d\u0442.<\/p><p>\u0421\u0443\u0449\u0435\u0441\u0442\u0432\u0443\u0435\u0442 \u043d\u0435\u0441\u043a\u043e\u043b\u044c\u043a\u043e \u043c\u0435\u0442\u043e\u0434\u043e\u0432 \u043e\u0442\u0431\u0435\u043b\u0438\u0432\u0430\u043d\u0438\u044f \u0437\u0443\u0431\u043e\u0432, \u0432\u043a\u043b\u044e\u0447\u0430\u044f \u043f\u0440\u043e\u0446\u0435\u0434\u0443\u0440\u044b \u0432 \u043a\u0430\u0431\u0438\u043d\u0435\u0442\u0435, \u0434\u043e\u043c\u0430\u0448\u043d\u0438\u0435 \u043f\u0440\u043e\u0446\u0435\u0434\u0443\u0440\u044b \u0438 \u0431\u0435\u0437\u0440\u0435\u0446\u0435\u043f\u0442\u0443\u0440\u043d\u044b\u0435 \u0441\u0440\u0435\u0434\u0441\u0442\u0432\u0430. \u041f\u0440\u043e\u0446\u0435\u0434\u0443\u0440\u044b \u0432 \u043a\u0430\u0431\u0438\u043d\u0435\u0442\u0435 \u043d\u0430\u0438\u0431\u043e\u043b\u0435\u0435 \u044d\u0444\u0444\u0435\u043a\u0442\u0438\u0432\u043d\u044b, \u043f\u043e\u0441\u043a\u043e\u043b\u044c\u043a\u0443 \u0432 \u043d\u0438\u0445 \u0438\u0441\u043f\u043e\u043b\u044c\u0437\u0443\u0435\u0442\u0441\u044f \u0431\u043e\u043b\u0435\u0435 \u0432\u044b\u0441\u043e\u043a\u0430\u044f \u043a\u043e\u043d\u0446\u0435\u043d\u0442\u0440\u0430\u0446\u0438\u044f \u043e\u0442\u0431\u0435\u043b\u0438\u0432\u0430\u044e\u0449\u0438\u0445 \u0432\u0435\u0449\u0435\u0441\u0442\u0432 \u0438 \u043f\u0440\u043e\u0432\u043e\u0434\u044f\u0442\u0441\u044f \u0441\u0442\u043e\u043c\u0430\u0442\u043e\u043b\u043e\u0433\u043e\u043c. \u0414\u043e\u043c\u0430\u0448\u043d\u0438\u0435 \u043f\u0440\u043e\u0446\u0435\u0434\u0443\u0440\u044b \u0442\u0430\u043a\u0436\u0435 \u043c\u043e\u0433\u0443\u0442 \u0431\u044b\u0442\u044c \u044d\u0444\u0444\u0435\u043a\u0442\u0438\u0432\u043d\u044b\u043c\u0438, \u043d\u043e \u0447\u0430\u0441\u0442\u043e \u043d\u0435 \u0434\u0430\u044e\u0442 \u0436\u0435\u043b\u0430\u0435\u043c\u044b\u0445 \u0440\u0435\u0437\u0443\u043b\u044c\u0442\u0430\u0442\u043e\u0432.<\/p>\t\t\t\t\t\t\t\t<\/div>\n\t\t\t\t<\/div>\n\t\t\t\t\t<\/div>\n\t\t<\/div>\n\t\t\t\t<div data-aos=\"\" class=\"elementor-column elementor-col-50 elementor-top-column elementor-element elementor-element-bc4d4c0 syd-sticky-section-no\" data-id=\"bc4d4c0\" data-element_type=\"column\" data-settings=\"{&quot;tp_sticky_col_effect_enable&quot;:false}\">\n\t\t\t<div class=\"elementor-widget-wrap elementor-element-populated\">\n\t\t\t\t\t\t<div class=\"elementor-element elementor-element-48dd569 syd-sticky-section-no elementor-widget elementor-widget-image\" data-id=\"48dd569\" data-element_type=\"widget\" data-widget_type=\"image.default\">\n\t\t\t\t<div class=\"elementor-widget-container\">\n\t\t\t\t\t\t\t\t\t<\/div>\n\t\t\t\t<\/div>\n\t\t\t\t\t<\/div>\n\t\t<\/div>\n\t\t\t\t\t<\/div>\n\t\t<\/section>\n\t\t<div class=\"elementor-element elementor-element-99fe56d e-flex e-con-boxed syd-sticky-section-no e-con e-parent\" data-id=\"99fe56d\" data-element_type=\"container\">\n\t\t\t\t\t<div class=\"e-con-inner\">\n\t\t\t\t<div class=\"elementor-element elementor-element-def30c4 syd-sticky-section-no elementor-widget elementor-widget-text-editor\" data-id=\"def30c4\" data-element_type=\"widget\" data-widget_type=\"text-editor.default\">\n\t\t\t\t<div class=\"elementor-widget-container\">\n\t\t\t\t\t\t\t\t\t<p><b>\u042f\u0432\u043b\u044f\u0435\u0442\u0441\u044f \u043b\u0438 \u043e\u0442\u0431\u0435\u043b\u0438\u0432\u0430\u043d\u0438\u0435 \u0437\u0443\u0431\u043e\u0432 \u043f\u043e\u0441\u0442\u043e\u044f\u043d\u043d\u044b\u043c?<\/b><\/p><p><b><i>\u041e\u0442\u0431\u0435\u043b\u0438\u0432\u0430\u043d\u0438\u0435 \u0437\u0443\u0431\u043e\u0432<\/i><\/b>\u00a0\u042d\u0442\u043e \u043d\u0435 \u043f\u043e\u0441\u0442\u043e\u044f\u043d\u043d\u0430\u044f \u043f\u0440\u043e\u0446\u0435\u0434\u0443\u0440\u0430, \u0442\u0430\u043a \u043a\u0430\u043a \u044d\u0444\u0444\u0435\u043a\u0442 \u043e\u0442 \u043b\u0435\u0447\u0435\u043d\u0438\u044f \u043c\u043e\u0436\u0435\u0442 \u0441\u043e \u0432\u0440\u0435\u043c\u0435\u043d\u0435\u043c \u0438\u0441\u0447\u0435\u0437\u043d\u0443\u0442\u044c.\u00a0<b><i>\u041e\u0442\u0431\u0435\u043b\u0438\u0432\u0430\u043d\u0438\u0435 \u0437\u0443\u0431\u043e\u0432<\/i><\/b>\u00a0\u0414\u043b\u0438\u0442\u0435\u043b\u044c\u043d\u043e\u0441\u0442\u044c \u0440\u0435\u0437\u0443\u043b\u044c\u0442\u0430\u0442\u0430 \u043c\u043e\u0436\u0435\u0442 \u0432\u0430\u0440\u044c\u0438\u0440\u043e\u0432\u0430\u0442\u044c\u0441\u044f \u0432 \u0437\u0430\u0432\u0438\u0441\u0438\u043c\u043e\u0441\u0442\u0438 \u043e\u0442 \u0440\u0430\u0437\u043b\u0438\u0447\u043d\u044b\u0445 \u0444\u0430\u043a\u0442\u043e\u0440\u043e\u0432, \u0432\u043a\u043b\u044e\u0447\u0430\u044f \u0442\u0438\u043f \u0438\u0441\u043f\u043e\u043b\u044c\u0437\u0443\u0435\u043c\u043e\u0439 \u043f\u0440\u043e\u0446\u0435\u0434\u0443\u0440\u044b, \u0441\u0442\u0435\u043f\u0435\u043d\u044c \u043e\u0431\u0435\u0441\u0446\u0432\u0435\u0447\u0438\u0432\u0430\u043d\u0438\u044f, \u0430 \u0442\u0430\u043a\u0436\u0435 \u0438\u043d\u0434\u0438\u0432\u0438\u0434\u0443\u0430\u043b\u044c\u043d\u044b\u0435 \u043f\u0440\u0438\u0432\u044b\u0447\u043a\u0438 \u0438 \u043e\u0431\u0440\u0430\u0437 \u0436\u0438\u0437\u043d\u0438.<\/p><p>\u0412 \u0446\u0435\u043b\u043e\u043c \u044d\u0444\u0444\u0435\u043a\u0442 \u043e\u0442 \u043e\u0442\u0431\u0435\u043b\u0438\u0432\u0430\u043d\u0438\u044f \u0437\u0443\u0431\u043e\u0432 \u043c\u043e\u0436\u0435\u0442 \u0434\u043b\u0438\u0442\u044c\u0441\u044f \u043e\u0442 \u043d\u0435\u0441\u043a\u043e\u043b\u044c\u043a\u0438\u0445 \u043c\u0435\u0441\u044f\u0446\u0435\u0432 \u0434\u043e \u043d\u0435\u0441\u043a\u043e\u043b\u044c\u043a\u0438\u0445 \u043b\u0435\u0442, \u0432 \u0437\u0430\u0432\u0438\u0441\u0438\u043c\u043e\u0441\u0442\u0438 \u043e\u0442 \u043a\u043e\u043d\u043a\u0440\u0435\u0442\u043d\u043e\u0433\u043e \u0447\u0435\u043b\u043e\u0432\u0435\u043a\u0430. \u0414\u043b\u044f \u043f\u043e\u0434\u0434\u0435\u0440\u0436\u0430\u043d\u0438\u044f \u0440\u0435\u0437\u0443\u043b\u044c\u0442\u0430\u0442\u043e\u0432 \u043e\u0442\u0431\u0435\u043b\u0438\u0432\u0430\u043d\u0438\u044f \u0437\u0443\u0431\u043e\u0432 \u043d\u0435\u043e\u0431\u0445\u043e\u0434\u0438\u043c\u043e \u0440\u0435\u0433\u0443\u043b\u044f\u0440\u043d\u043e \u0447\u0438\u0441\u0442\u0438\u0442\u044c \u0437\u0443\u0431\u044b,\u00a0<a href=\"https:\/\/tr.wikipedia.org\/wiki\/Di%C5%9F_ipi\">\u0437\u0443\u0431\u043d\u0430\u044f \u043d\u0438\u0442\u044c<\/a>\u00a0\u041f\u043e\u043c\u0438\u043c\u043e \u0442\u0430\u043a\u0438\u0445 \u043f\u0440\u043e\u0446\u0435\u0434\u0443\u0440, \u043a\u0430\u043a \u043e\u0441\u043c\u043e\u0442\u0440 \u0437\u0443\u0431\u043e\u0432, \u043d\u0435\u043e\u0431\u0445\u043e\u0434\u0438\u043c\u043e \u0442\u0430\u043a\u0436\u0435 \u0438\u0437\u0431\u0435\u0433\u0430\u0442\u044c \u043f\u0440\u0438\u0432\u044b\u0447\u0435\u043a, \u043a\u043e\u0442\u043e\u0440\u044b\u0435 \u043c\u043e\u0433\u0443\u0442 \u0432\u044b\u0437\u0432\u0430\u0442\u044c \u043e\u043a\u0440\u0430\u0448\u0438\u0432\u0430\u043d\u0438\u0435 \u0437\u0443\u0431\u043e\u0432, \u0442\u0430\u043a\u0438\u0445 \u043a\u0430\u043a \u043a\u0443\u0440\u0435\u043d\u0438\u0435 \u0438 \u0447\u0440\u0435\u0437\u043c\u0435\u0440\u043d\u043e\u0435 \u0443\u043f\u043e\u0442\u0440\u0435\u0431\u043b\u0435\u043d\u0438\u0435 \u043d\u0435\u043a\u043e\u0442\u043e\u0440\u044b\u0445 \u043f\u0440\u043e\u0434\u0443\u043a\u0442\u043e\u0432 \u0438 \u043d\u0430\u043f\u0438\u0442\u043a\u043e\u0432, \u0442\u0430\u043a\u0438\u0445 \u043a\u0430\u043a \u043a\u043e\u0444\u0435, \u0447\u0430\u0439 \u0438 \u043a\u0440\u0430\u0441\u043d\u043e\u0435 \u0432\u0438\u043d\u043e.<\/p><p><b><i>\u041e\u0442\u0431\u0435\u043b\u0438\u0432\u0430\u043d\u0438\u0435 \u0437\u0443\u0431\u043e\u0432<\/i><\/b>\u00a0\u0415\u0441\u043b\u0438 \u0432\u044b \u0445\u043e\u0442\u0438\u0442\u0435 \u0441\u043e\u0445\u0440\u0430\u043d\u0438\u0442\u044c \u0441\u0432\u043e\u044e \u044f\u0440\u043a\u0443\u044e \u0443\u043b\u044b\u0431\u043a\u0443 \u043f\u043e\u0441\u043b\u0435 \u043f\u0440\u043e\u0446\u0435\u0434\u0443\u0440\u044b, \u0432\u0430\u043c \u043c\u043e\u0436\u0435\u0442 \u043f\u043e\u0442\u0440\u0435\u0431\u043e\u0432\u0430\u0442\u044c\u0441\u044f \u043f\u0435\u0440\u0438\u043e\u0434\u0438\u0447\u0435\u0441\u043a\u0438\u0439 \u0443\u0445\u043e\u0434. \u041d\u0430\u0448\u0438 \u0441\u0442\u043e\u043c\u0430\u0442\u043e\u043b\u043e\u0433\u0438 \u0440\u0435\u043a\u043e\u043c\u0435\u043d\u0434\u0443\u044e\u0442 \u043e\u043f\u0442\u0438\u043c\u0430\u043b\u044c\u043d\u044b\u0439 \u043f\u043b\u0430\u043d \u043b\u0435\u0447\u0435\u043d\u0438\u044f \u0432 \u0441\u043e\u043e\u0442\u0432\u0435\u0442\u0441\u0442\u0432\u0438\u0438 \u0441 \u0432\u0430\u0448\u0438\u043c\u0438 \u0438\u043d\u0434\u0438\u0432\u0438\u0434\u0443\u0430\u043b\u044c\u043d\u044b\u043c\u0438 \u043f\u043e\u0442\u0440\u0435\u0431\u043d\u043e\u0441\u0442\u044f\u043c\u0438 \u0438 \u043f\u043e\u0436\u0435\u043b\u0430\u043d\u0438\u044f\u043c\u0438.<\/p><p><b>\u0413\u0434\u0435 \u043c\u043e\u0436\u043d\u043e \u043f\u0440\u043e\u0439\u0442\u0438 \u043f\u0440\u043e\u0446\u0435\u0434\u0443\u0440\u0443 \u043e\u0442\u0431\u0435\u043b\u0438\u0432\u0430\u043d\u0438\u044f \u0437\u0443\u0431\u043e\u0432?<\/b><\/p><p><a href=\"https:\/\/tr.wikipedia.org\/wiki\/Sa%C4%9Fl%C4%B1k\">\u0417\u0434\u043e\u0440\u043e\u0432\u044c\u0435<\/a>\u00a0\u041d\u0430\u0448\u0438\u043c \u043f\u0440\u0438\u043e\u0440\u0438\u0442\u0435\u0442\u043e\u043c \u0432 \u044d\u0442\u043e\u043c \u0441\u0435\u043a\u0442\u043e\u0440\u0435 \u0432\u0441\u0435\u0433\u0434\u0430 \u0431\u044b\u043b\u0438 \u0443\u0434\u043e\u0432\u043b\u0435\u0442\u0432\u043e\u0440\u0435\u043d\u043d\u043e\u0441\u0442\u044c \u043f\u0430\u0446\u0438\u0435\u043d\u0442\u043e\u0432 \u0438 \u0438\u0445 \u0437\u0434\u043e\u0440\u043e\u0432\u044c\u0435.\u00a0<b>\u0410\u0433\u0435\u043d\u0442\u044b \u0437\u0434\u043e\u0440\u043e\u0432\u044c\u044f;<\/b>\u00a0\u043f\u0440\u0435\u0434\u043e\u0441\u0442\u0430\u0432\u043b\u044f\u044e\u0442 \u0432\u0440\u0430\u0447\u0438, \u0441\u043f\u0435\u0446\u0438\u0430\u043b\u0438\u0437\u0438\u0440\u0443\u044e\u0449\u0438\u0435\u0441\u044f \u0432 \u0441\u0432\u043e\u0435\u0439 \u043e\u0431\u043b\u0430\u0441\u0442\u0438, \u0432 \u0443\u0441\u043b\u043e\u0432\u0438\u044f\u0445, \u043e\u0441\u043d\u0430\u0449\u0435\u043d\u043d\u044b\u0445 \u0441\u043e\u0432\u0440\u0435\u043c\u0435\u043d\u043d\u043e\u0439 \u0442\u0435\u0445\u043d\u0438\u043a\u043e\u0439 \u0438 \u043f\u043e\u0441\u043b\u0435\u0434\u043d\u0438\u043c\u0438 \u043c\u0435\u0434\u0438\u0446\u0438\u043d\u0441\u043a\u0438\u043c\u0438 \u0438\u043d\u043d\u043e\u0432\u0430\u0446\u0438\u044f\u043c\u0438. \u041c\u044b \u0432\u0441\u0435\u0433\u0434\u0430 \u043d\u0430 \u0432\u0430\u0448\u0435\u0439 \u0441\u0442\u043e\u0440\u043e\u043d\u0435, \u0447\u0442\u043e\u0431\u044b \u043f\u0440\u0435\u0434\u043b\u043e\u0436\u0438\u0442\u044c \u0432\u0430\u043c \u043b\u0443\u0447\u0448\u0438\u0439 \u0441\u0435\u0440\u0432\u0438\u0441, \u0438 \u043c\u044b \u0433\u043e\u0440\u0434\u0438\u043c\u0441\u044f \u0443\u0441\u043f\u0435\u0445\u0430\u043c\u0438, \u043a\u043e\u0442\u043e\u0440\u044b\u0445 \u043c\u044b \u0434\u043e\u0441\u0442\u0438\u0433\u043b\u0438 \u0432 \u0445\u0438\u0440\u0443\u0440\u0433\u0438\u0447\u0435\u0441\u043a\u0438\u0445 \u043f\u0440\u043e\u0446\u0435\u0434\u0443\u0440\u0430\u0445, \u043a\u043e\u0442\u043e\u0440\u044b\u0435 \u043c\u044b \u043f\u0440\u043e\u0432\u043e\u0434\u0438\u043c. \u041f\u043e \u044d\u0442\u043e\u0439 \u043f\u0440\u0438\u0447\u0438\u043d\u0435\u00a0<b>\u0410\u0433\u0435\u043d\u0442\u044b \u0437\u0434\u0440\u0430\u0432\u043e\u043e\u0445\u0440\u0430\u043d\u0435\u043d\u0438\u044f<\/b>\u00a0\u043d\u0430\u0448\u0438 \u0432\u0440\u0430\u0447\u0438, \u0431\u043b\u0430\u0433\u043e\u0434\u0430\u0440\u044f \u0441\u0432\u043e\u0438\u043c \u0437\u043d\u0430\u043d\u0438\u044f\u043c \u0438 \u043e\u043f\u044b\u0442\u0443, \u043a\u0430\u043a \u0438 \u0432\u043e \u0432\u0441\u0435\u0445 \u043c\u0435\u0434\u0438\u0446\u0438\u043d\u0441\u043a\u0438\u0445 \u043f\u0440\u043e\u0446\u0435\u0434\u0443\u0440\u0430\u0445\u00a0<b><i>\u043e\u0442\u0431\u0435\u043b\u0438\u0432\u0430\u043d\u0438\u0435 \u0437\u0443\u0431\u043e\u0432<\/i><\/b>\u00a0\u042d\u0442\u043e\u043c\u0443 \u043f\u0440\u043e\u0446\u0435\u0441\u0441\u0443 \u0442\u0430\u043a\u0436\u0435 \u0447\u0430\u0441\u0442\u043e \u043e\u0442\u0434\u0430\u044e\u0442 \u043f\u0440\u0435\u0434\u043f\u043e\u0447\u0442\u0435\u043d\u0438\u0435. \u0412\u044b \u043c\u043e\u0436\u0435\u0442\u0435 \u0441\u043c\u0435\u043b\u043e \u0432\u044b\u0431\u0438\u0440\u0430\u0442\u044c \u043d\u0430\u0441.<\/p>\t\t\t\t\t\t\t\t<\/div>\n\t\t\t\t<\/div>\n\t\t\t\t\t<\/div>\n\t\t\t\t<\/div>\n\t\t\t\t<section class=\"elementor-section elementor-top-section elementor-element elementor-element-cfed380 elementor-section-content-middle elementor-section-boxed elementor-section-height-default elementor-section-height-default tp-parallax-no syd-sticky-section-no\" data-id=\"cfed380\" data-element_type=\"section\" data-settings=\"{&quot;background_background&quot;:&quot;classic&quot;,&quot;tp_sticky_sec_effect_enable&quot;:false}\">\n\t\t\t\t\t\t<div class=\"elementor-container elementor-column-gap-default\">\n\t\t\t\t\t<div data-aos=\"\" class=\"elementor-column elementor-col-50 elementor-top-column elementor-element elementor-element-d8fac92 syd-sticky-section-no\" data-id=\"d8fac92\" data-element_type=\"column\" data-settings=\"{&quot;tp_sticky_col_effect_enable&quot;:false}\">\n\t\t\t<div class=\"elementor-widget-wrap elementor-element-populated\">\n\t\t\t\t\t\t<div class=\"elementor-element elementor-element-ea4173f syd-sticky-section-no elementor-widget elementor-widget-heading\" data-id=\"ea4173f\" data-element_type=\"widget\" data-widget_type=\"heading.default\">\n\t\t\t\t<div class=\"elementor-widget-container\">\n\t\t\t\t\t<h2 class=\"elementor-heading-title elementor-size-default\">\u0423 \u0432\u0430\u0441 \u0435\u0441\u0442\u044c \u0432\u043e\u043f\u0440\u043e\u0441\u044b?<\/h2>\t\t\t\t<\/div>\n\t\t\t\t<\/div>\n\t\t\t\t\t<\/div>\n\t\t<\/div>\n\t\t\t\t<div data-aos=\"\" class=\"elementor-column elementor-col-50 elementor-top-column elementor-element elementor-element-7aa5769 syd-sticky-section-no\" data-id=\"7aa5769\" data-element_type=\"column\" data-settings=\"{&quot;tp_sticky_col_effect_enable&quot;:false}\">\n\t\t\t<div class=\"elementor-widget-wrap elementor-element-populated\">\n\t\t\t\t\t\t<div class=\"elementor-element elementor-element-9c6e3e1 elementor-align-right elementor-mobile-align-center syd-sticky-section-no elementor-widget elementor-widget-button\" data-id=\"9c6e3e1\" data-element_type=\"widget\" data-widget_type=\"button.default\">\n\t\t\t\t<div class=\"elementor-widget-container\">\n\t\t\t\t\t\t\t\t\t<div class=\"elementor-button-wrapper\">\n\t\t\t\t\t<a class=\"elementor-button elementor-button-link elementor-size-sm\" href=\"http:\/\/healthagentsturkey.com\/ru\/iletisim\/\">\n\t\t\t\t\t\t<span class=\"elementor-button-content-wrapper\">\n\t\t\t\t\t\t\t\t\t<span class=\"elementor-button-text\">\u0421\u0432\u044f\u0436\u0438\u0442\u0435\u0441\u044c \u0441 \u043d\u0430\u043c\u0438<\/span>\n\t\t\t\t\t<\/span>\n\t\t\t\t\t<\/a>\n\t\t\t\t<\/div>\n\t\t\t\t\t\t\t\t<\/div>\n\t\t\t\t<\/div>\n\t\t\t\t\t<\/div>\n\t\t<\/div>\n\t\t\t\t\t<\/div>\n\t\t<\/section>\n\t\t\t\t<\/div>","protected":false},"excerpt":{"rendered":"<p>Di\u015f Beyazlatma Di\u015f beyazlatma, y\u00fczey lekelerini gidererek ve di\u015flerin rengini a\u00e7arak renksiz veya lekeli di\u015flerin g\u00f6r\u00fcn\u00fcm\u00fcn\u00fc iyile\u015ftirmek i\u00e7in tasarlanm\u0131\u015f kozmetik bir di\u015f [&hellip;]<\/p>","protected":false},"author":1,"featured_media":0,"parent":1439,"menu_order":0,"comment_status":"closed","ping_status":"closed","template":"elementor_header_footer","meta":{"_eb_attr":"","footnotes":""},"class_list":["post-1455","page","type-page","status-publish","hentry"],"_links":{"self":[{"href":"http:\/\/healthagentsturkey.com\/ru\/wp-json\/wp\/v2\/pages\/1455","targetHints":{"allow":["GET"]}}],"collection":[{"href":"http:\/\/healthagentsturkey.com\/ru\/wp-json\/wp\/v2\/pages"}],"about":[{"href":"http:\/\/healthagentsturkey.com\/ru\/wp-json\/wp\/v2\/types\/page"}],"author":[{"embeddable":true,"href":"http:\/\/healthagentsturkey.com\/ru\/wp-json\/wp\/v2\/users\/1"}],"replies":[{"embeddable":true,"href":"http:\/\/healthagentsturkey.com\/ru\/wp-json\/wp\/v2\/comments?post=1455"}],"version-history":[{"count":1,"href":"http:\/\/healthagentsturkey.com\/ru\/wp-json\/wp\/v2\/pages\/1455\/revisions"}],"predecessor-version":[{"id":4764,"href":"http:\/\/healthagentsturkey.com\/ru\/wp-json\/wp\/v2\/pages\/1455\/revisions\/4764"}],"up":[{"embeddable":true,"href":"http:\/\/healthagentsturkey.com\/ru\/wp-json\/wp\/v2\/pages\/1439"}],"wp:attachment":[{"href":"http:\/\/healthagentsturkey.com\/ru\/wp-json\/wp\/v2\/media?parent=1455"}],"curies":[{"name":"wp","href":"https:\/\/api.w.org\/{rel}","templated":true}]}}