{"id":1407,"date":"2023-11-18T01:32:58","date_gmt":"2023-11-18T01:32:58","guid":{"rendered":"https:\/\/healthagentsturkey.com\/?page_id=1407"},"modified":"2026-02-25T10:31:57","modified_gmt":"2026-02-25T07:31:57","slug":"sac-ekimi","status":"publish","type":"page","link":"http:\/\/healthagentsturkey.com\/ru\/tedavi\/sac-ekimi\/","title":{"rendered":"\u041f\u0435\u0440\u0435\u0441\u0430\u0434\u043a\u0430 \u0432\u043e\u043b\u043e\u0441"},"content":{"rendered":"<div data-elementor-type=\"wp-page\" data-elementor-id=\"1407\" class=\"elementor elementor-1407\" data-elementor-post-type=\"page\">\n\t\t\t\t\t\t<section class=\"elementor-section elementor-top-section elementor-element elementor-element-eedafb9 elementor-section-content-middle elementor-section-boxed elementor-section-height-default elementor-section-height-default tp-parallax-no syd-sticky-section-no\" data-id=\"eedafb9\" data-element_type=\"section\" data-settings=\"{&quot;tp_sticky_sec_effect_enable&quot;:false}\">\n\t\t\t\t\t\t<div class=\"elementor-container elementor-column-gap-default\">\n\t\t\t\t\t<div data-aos=\"\" class=\"elementor-column elementor-col-50 elementor-top-column elementor-element elementor-element-571508b syd-sticky-section-no\" data-id=\"571508b\" data-element_type=\"column\" data-settings=\"{&quot;tp_sticky_col_effect_enable&quot;:false}\">\n\t\t\t<div class=\"elementor-widget-wrap elementor-element-populated\">\n\t\t\t\t\t\t<div class=\"elementor-element elementor-element-2fc2cb6 syd-sticky-section-no elementor-widget elementor-widget-heading\" data-id=\"2fc2cb6\" data-element_type=\"widget\" data-widget_type=\"heading.default\">\n\t\t\t\t<div class=\"elementor-widget-container\">\n\t\t\t\t\t<h2 class=\"elementor-heading-title elementor-size-default\">\u041f\u0415\u0420\u0415\u0421\u0410\u0414\u041a\u0410 \u0412\u041e\u041b\u041e\u0421<\/h2>\t\t\t\t<\/div>\n\t\t\t\t<\/div>\n\t\t\t\t<div class=\"elementor-element elementor-element-1cf0f1c syd-sticky-section-no elementor-widget elementor-widget-text-editor\" data-id=\"1cf0f1c\" data-element_type=\"widget\" data-widget_type=\"text-editor.default\">\n\t\t\t\t<div class=\"elementor-widget-container\">\n\t\t\t\t\t\t\t\t\t<div class=\"flex-1 overflow-hidden\"><div class=\"react-scroll-to-bottom--css-vtjeu-79elbk h-full\"><div class=\"react-scroll-to-bottom--css-vtjeu-1n7m0yu\"><div class=\"flex flex-col text-sm gizmo:pb-9 dark:bg-gray-800 gizmo:dark:bg-transparent\"><div class=\"w-full text-token-text-primary border-b border-black\/10 gizmo:border-0 dark:border-gray-900\/50 gizmo:dark:border-0 bg-gray-50 gizmo:bg-transparent dark:bg-[#444654] gizmo:dark:bg-transparent\" data-testid=\"conversation-turn-15\"><div class=\"p-4 gizmo:py-2 justify-center text-base md:gap-6 md:py-6 m-auto\"><div class=\"flex flex-1 gap-4 text-base mx-auto md:gap-6 gizmo:gap-3 gizmo:md:px-5 gizmo:lg:px-1 gizmo:xl:px-5 md:max-w-2xl lg:max-w-[38rem] gizmo:md:max-w-3xl gizmo:lg:max-w-[40rem] gizmo:xl:max-w-[48rem] xl:max-w-3xl } group final-completion\"><div class=\"relative flex w-[calc(100%-50px)] flex-col gizmo:w-full lg:w-[calc(100%-115px)] agent-turn\"><div class=\"flex-col gap-1 md:gap-3\"><div class=\"flex flex-grow flex-col max-w-full gap-3 gizmo:gap-0\"><div class=\"min-h-[20px] text-message flex flex-col items-start gap-3 whitespace-pre-wrap break-words [.text-message+&amp;]:mt-5 overflow-x-auto\" data-message-author-role=\"assistant\" data-message-id=\"6ed2dfa6-2d88-4a42-adb1-3dbd1da889c9\"><div class=\"markdown prose w-full break-words dark:prose-invert dark\"><p><strong>\u041f\u0435\u0440\u0435\u0441\u0430\u0434\u043a\u0430 \u0432\u043e\u043b\u043e\u0441<\/strong>\u044d\u0442\u043e \u0445\u0438\u0440\u0443\u0440\u0433\u0438\u0447\u0435\u0441\u043a\u0430\u044f \u043f\u0440\u043e\u0446\u0435\u0434\u0443\u0440\u0430, \u043d\u0430\u043f\u0440\u0430\u0432\u043b\u0435\u043d\u043d\u0430\u044f \u043d\u0430 \u043b\u0435\u0447\u0435\u043d\u0438\u0435 \u0432\u044b\u043f\u0430\u0434\u0435\u043d\u0438\u044f \u0432\u043e\u043b\u043e\u0441. \u042d\u0442\u0430 \u043f\u0440\u043e\u0446\u0435\u0434\u0443\u0440\u0430 \u043e\u0431\u044b\u0447\u043d\u043e \u043f\u0440\u0435\u0434\u043f\u043e\u0447\u0442\u0438\u0442\u0435\u043b\u044c\u043d\u0430 \u0434\u043b\u044f \u043b\u044e\u0434\u0435\u0439 \u0441 \u043f\u043e\u0440\u0435\u0434\u0435\u043d\u0438\u0435\u043c \u0432\u043e\u043b\u043e\u0441 \u0432 \u0440\u0435\u0437\u0443\u043b\u044c\u0442\u0430\u0442\u0435 \u0430\u043d\u0434\u0440\u043e\u0433\u0435\u043d\u0435\u0442\u0438\u0447\u0435\u0441\u043a\u043e\u0439 \u0430\u043b\u043e\u043f\u0435\u0446\u0438\u0438 \u0438\u043b\u0438 \u0434\u0440\u0443\u0433\u0438\u0445 \u043f\u0440\u0438\u0447\u0438\u043d \u0432\u044b\u043f\u0430\u0434\u0435\u043d\u0438\u044f \u0432\u043e\u043b\u043e\u0441. \u0421\u043f\u0435\u0446\u0438\u0430\u043b\u0438\u0441\u0442\u044b \u043f\u043e \u043f\u0435\u0440\u0435\u0441\u0430\u0434\u043a\u0435 \u0432\u043e\u043b\u043e\u0441 \u0438\u0441\u043f\u043e\u043b\u044c\u0437\u0443\u044e\u0442 \u043d\u0435\u0441\u043a\u043e\u043b\u044c\u043a\u043e \u043c\u0435\u0442\u043e\u0434\u0438\u043a, \u043a\u043e\u0442\u043e\u0440\u044b\u0435 \u043e\u0431\u044b\u0447\u043d\u043e \u0432\u043a\u043b\u044e\u0447\u0430\u044e\u0442 \u0432 \u0441\u0435\u0431\u044f \u0443\u0434\u0430\u043b\u0435\u043d\u0438\u0435 \u0432\u043e\u043b\u043e\u0441 \u0441\u0437\u0430\u0434\u0438 \u0438\u043b\u0438 \u0441 \u0431\u043e\u043a\u043e\u0432 \u0438 \u043f\u0435\u0440\u0435\u0441\u0430\u0434\u043a\u0443 \u0438\u0445 \u0432 \u0437\u043e\u043d\u0443, \u043f\u043e\u0434\u043b\u0435\u0436\u0430\u0449\u0443\u044e \u043f\u0435\u0440\u0435\u0441\u0430\u0434\u043a\u0435. \u0422\u0430\u043a\u0438\u0435 \u0440\u0430\u0441\u043f\u0440\u043e\u0441\u0442\u0440\u0430\u043d\u0435\u043d\u043d\u044b\u0435 \u043c\u0435\u0442\u043e\u0434\u044b, \u043a\u0430\u043a FUT (\u0442\u0440\u0430\u043d\u0441\u043f\u043b\u0430\u043d\u0442\u0430\u0446\u0438\u044f \u0444\u043e\u043b\u043b\u0438\u043a\u0443\u043b\u044f\u0440\u043d\u044b\u0445 \u0435\u0434\u0438\u043d\u0438\u0446) \u0438 FUE (\u044d\u043a\u0441\u0442\u0440\u0430\u043a\u0446\u0438\u044f \u0444\u043e\u043b\u043b\u0438\u043a\u0443\u043b\u044f\u0440\u043d\u044b\u0445 \u0435\u0434\u0438\u043d\u0438\u0446), \u043d\u0430\u043f\u0440\u0430\u0432\u043b\u0435\u043d\u044b \u043d\u0430 \u0434\u043e\u0441\u0442\u0438\u0436\u0435\u043d\u0438\u0435 \u0435\u0441\u0442\u0435\u0441\u0442\u0432\u0435\u043d\u043d\u043e\u0433\u043e \u0432\u0438\u0434\u0430 \u043f\u0443\u0442\u0435\u043c \u043f\u0435\u0440\u0435\u043c\u0435\u0449\u0435\u043d\u0438\u044f \u0432\u043e\u043b\u043e\u0441\u044f\u043d\u044b\u0445 \u0444\u043e\u043b\u043b\u0438\u043a\u0443\u043b\u043e\u0432 \u0432 \u0435\u0441\u0442\u0435\u0441\u0442\u0432\u0435\u043d\u043d\u044b\u0435 \u0433\u0440\u0443\u043f\u043f\u044b. \u042d\u0442\u043e \u0445\u0438\u0440\u0443\u0440\u0433\u0438\u0447\u0435\u0441\u043a\u043e\u0435 \u0432\u043c\u0435\u0448\u0430\u0442\u0435\u043b\u044c\u0441\u0442\u0432\u043e \u043d\u0430\u043f\u0440\u0430\u0432\u043b\u0435\u043d\u043e \u043d\u0430 \u043a\u043e\u0440\u0440\u0435\u043a\u0446\u0438\u044e \u043b\u0438\u043d\u0438\u0438 \u0440\u043e\u0441\u0442\u0430 \u0432\u043e\u043b\u043e\u0441 \u0432 \u043a\u0430\u0447\u0435\u0441\u0442\u0432\u0435 \u044d\u0441\u0442\u0435\u0442\u0438\u0447\u0435\u0441\u043a\u043e\u0439 \u043f\u0440\u043e\u0446\u0435\u0434\u0443\u0440\u044b, \u0443\u0441\u0442\u0440\u0430\u043d\u0435\u043d\u0438\u0435 \u043f\u043e\u0432\u0440\u0435\u0436\u0434\u0435\u043d\u0438\u0439 \u043a\u043e\u0436\u0438 \u0433\u043e\u043b\u043e\u0432\u044b \u0438 \u043b\u0435\u0447\u0435\u043d\u0438\u0435 \u0432\u044b\u043f\u0430\u0434\u0435\u043d\u0438\u044f \u0432\u043e\u043b\u043e\u0441 \u0438\u0437-\u0437\u0430 \u0433\u0435\u043d\u0435\u0442\u0438\u0447\u0435\u0441\u043a\u0438\u0445 \u0444\u0430\u043a\u0442\u043e\u0440\u043e\u0432. \u0422\u0440\u0430\u043d\u0441\u043f\u043b\u0430\u043d\u0442\u0430\u0446\u0438\u044f \u0432\u043e\u043b\u043e\u0441 \u043f\u043e\u043c\u043e\u0433\u0430\u0435\u0442 \u043f\u043e\u0432\u044b\u0441\u0438\u0442\u044c \u0443\u0432\u0435\u0440\u0435\u043d\u043d\u043e\u0441\u0442\u044c \u043f\u0430\u0446\u0438\u0435\u043d\u0442\u043e\u0432 \u0432 \u0441\u0435\u0431\u0435 \u0438 \u0443\u043c\u0435\u043d\u044c\u0448\u0438\u0442\u044c \u043f\u0441\u0438\u0445\u043e\u043b\u043e\u0433\u0438\u0447\u0435\u0441\u043a\u0438\u0435 \u043f\u043e\u0441\u043b\u0435\u0434\u0441\u0442\u0432\u0438\u044f \u043f\u043e\u0442\u0435\u0440\u0438 \u0432\u043e\u043b\u043e\u0441.<\/p><\/div><\/div><\/div><\/div><\/div><\/div><\/div><\/div><\/div><\/div><\/div><\/div>\t\t\t\t\t\t\t\t<\/div>\n\t\t\t\t<\/div>\n\t\t\t\t\t<\/div>\n\t\t<\/div>\n\t\t\t\t<div data-aos=\"\" class=\"elementor-column elementor-col-50 elementor-top-column elementor-element elementor-element-bc4d4c0 syd-sticky-section-no\" data-id=\"bc4d4c0\" data-element_type=\"column\" data-settings=\"{&quot;tp_sticky_col_effect_enable&quot;:false}\">\n\t\t\t<div class=\"elementor-widget-wrap elementor-element-populated\">\n\t\t\t\t\t\t<div class=\"elementor-element elementor-element-48dd569 syd-sticky-section-no elementor-widget elementor-widget-image\" data-id=\"48dd569\" data-element_type=\"widget\" data-widget_type=\"image.default\">\n\t\t\t\t<div class=\"elementor-widget-container\">\n\t\t\t\t\t\t\t\t\t<\/div>\n\t\t\t\t<\/div>\n\t\t\t\t\t<\/div>\n\t\t<\/div>\n\t\t\t\t\t<\/div>\n\t\t<\/section>\n\t\t\t\t<section class=\"elementor-section elementor-top-section elementor-element elementor-element-cfed380 elementor-section-content-middle elementor-section-boxed elementor-section-height-default elementor-section-height-default tp-parallax-no syd-sticky-section-no\" data-id=\"cfed380\" data-element_type=\"section\" data-settings=\"{&quot;background_background&quot;:&quot;classic&quot;,&quot;tp_sticky_sec_effect_enable&quot;:false}\">\n\t\t\t\t\t\t<div class=\"elementor-container elementor-column-gap-default\">\n\t\t\t\t\t<div data-aos=\"\" class=\"elementor-column elementor-col-50 elementor-top-column elementor-element elementor-element-d8fac92 syd-sticky-section-no\" data-id=\"d8fac92\" data-element_type=\"column\" data-settings=\"{&quot;tp_sticky_col_effect_enable&quot;:false}\">\n\t\t\t<div class=\"elementor-widget-wrap elementor-element-populated\">\n\t\t\t\t\t\t<div class=\"elementor-element elementor-element-ea4173f syd-sticky-section-no elementor-widget elementor-widget-heading\" data-id=\"ea4173f\" data-element_type=\"widget\" data-widget_type=\"heading.default\">\n\t\t\t\t<div class=\"elementor-widget-container\">\n\t\t\t\t\t<h2 class=\"elementor-heading-title elementor-size-default\">\u0423 \u0432\u0430\u0441 \u0435\u0441\u0442\u044c \u0432\u043e\u043f\u0440\u043e\u0441\u044b?<\/h2>\t\t\t\t<\/div>\n\t\t\t\t<\/div>\n\t\t\t\t\t<\/div>\n\t\t<\/div>\n\t\t\t\t<div data-aos=\"\" class=\"elementor-column elementor-col-50 elementor-top-column elementor-element elementor-element-7aa5769 syd-sticky-section-no\" data-id=\"7aa5769\" data-element_type=\"column\" data-settings=\"{&quot;tp_sticky_col_effect_enable&quot;:false}\">\n\t\t\t<div class=\"elementor-widget-wrap elementor-element-populated\">\n\t\t\t\t\t\t<div class=\"elementor-element elementor-element-9c6e3e1 elementor-align-right elementor-mobile-align-center syd-sticky-section-no elementor-widget elementor-widget-button\" data-id=\"9c6e3e1\" data-element_type=\"widget\" data-widget_type=\"button.default\">\n\t\t\t\t<div class=\"elementor-widget-container\">\n\t\t\t\t\t\t\t\t\t<div class=\"elementor-button-wrapper\">\n\t\t\t\t\t<a class=\"elementor-button elementor-button-link elementor-size-sm\" href=\"http:\/\/healthagentsturkey.com\/ru\/iletisim\/\">\n\t\t\t\t\t\t<span class=\"elementor-button-content-wrapper\">\n\t\t\t\t\t\t\t\t\t<span class=\"elementor-button-text\">\u0421\u0432\u044f\u0436\u0438\u0442\u0435\u0441\u044c \u0441 \u043d\u0430\u043c\u0438<\/span>\n\t\t\t\t\t<\/span>\n\t\t\t\t\t<\/a>\n\t\t\t\t<\/div>\n\t\t\t\t\t\t\t\t<\/div>\n\t\t\t\t<\/div>\n\t\t\t\t\t<\/div>\n\t\t<\/div>\n\t\t\t\t\t<\/div>\n\t\t<\/section>\n\t\t\t\t<\/div>","protected":false},"excerpt":{"rendered":"<p>SA\u00c7 EK\u0130M\u0130 Sa\u00e7 ekimi, sa\u00e7 kayb\u0131n\u0131n tedavisi i\u00e7in uygulanan cerrahi bir prosed\u00fcrd\u00fcr. Bu i\u015flem genellikle androjenetik alopesi veya di\u011fer sa\u00e7 d\u00f6k\u00fclme nedenleri [&hellip;]<\/p>","protected":false},"author":1,"featured_media":0,"parent":899,"menu_order":0,"comment_status":"closed","ping_status":"closed","template":"elementor_header_footer","meta":{"_eb_attr":"","footnotes":""},"class_list":["post-1407","page","type-page","status-publish","hentry"],"_links":{"self":[{"href":"http:\/\/healthagentsturkey.com\/ru\/wp-json\/wp\/v2\/pages\/1407","targetHints":{"allow":["GET"]}}],"collection":[{"href":"http:\/\/healthagentsturkey.com\/ru\/wp-json\/wp\/v2\/pages"}],"about":[{"href":"http:\/\/healthagentsturkey.com\/ru\/wp-json\/wp\/v2\/types\/page"}],"author":[{"embeddable":true,"href":"http:\/\/healthagentsturkey.com\/ru\/wp-json\/wp\/v2\/users\/1"}],"replies":[{"embeddable":true,"href":"http:\/\/healthagentsturkey.com\/ru\/wp-json\/wp\/v2\/comments?post=1407"}],"version-history":[{"count":1,"href":"http:\/\/healthagentsturkey.com\/ru\/wp-json\/wp\/v2\/pages\/1407\/revisions"}],"predecessor-version":[{"id":4799,"href":"http:\/\/healthagentsturkey.com\/ru\/wp-json\/wp\/v2\/pages\/1407\/revisions\/4799"}],"up":[{"embeddable":true,"href":"http:\/\/healthagentsturkey.com\/ru\/wp-json\/wp\/v2\/pages\/899"}],"wp:attachment":[{"href":"http:\/\/healthagentsturkey.com\/ru\/wp-json\/wp\/v2\/media?parent=1407"}],"curies":[{"name":"wp","href":"https:\/\/api.w.org\/{rel}","templated":true}]}}