{"id":556,"date":"2021-11-02T08:56:58","date_gmt":"2021-11-02T08:56:58","guid":{"rendered":"https:\/\/demo.athemes.com\/sydney-main\/?page_id=556"},"modified":"2023-12-24T00:02:31","modified_gmt":"2023-12-23T21:02:31","slug":"hizmetler","status":"publish","type":"page","link":"http:\/\/healthagentsturkey.com\/fr\/hizmetler\/","title":{"rendered":"NOS SERVICES"},"content":{"rendered":"<div data-elementor-type=\"wp-page\" data-elementor-id=\"556\" class=\"elementor elementor-556\" data-elementor-post-type=\"page\">\n\t\t\t\t<div class=\"elementor-element elementor-element-3f10615 e-flex e-con-boxed syd-sticky-section-no e-con e-parent\" data-id=\"3f10615\" data-element_type=\"container\" data-settings=\"{&quot;animation&quot;:&quot;none&quot;}\">\n\t\t\t\t\t<div class=\"e-con-inner\">\n\t\t<div class=\"elementor-element elementor-element-9ecf30a e-con-full e-flex syd-sticky-section-no e-con e-child\" data-id=\"9ecf30a\" data-element_type=\"container\">\n\t\t\t\t<div class=\"elementor-element elementor-element-fa421ff ekit-equal-height-enable syd-sticky-section-no elementor-invisible elementor-widget elementor-widget-elementskit-icon-box\" data-id=\"fa421ff\" data-element_type=\"widget\" data-settings=\"{&quot;_animation&quot;:&quot;fadeIn&quot;,&quot;_animation_delay&quot;:100}\" data-widget_type=\"elementskit-icon-box.default\">\n\t\t\t\t<div class=\"elementor-widget-container\">\n\t\t\t\t\t<div class=\"ekit-wid-con\" >        <!-- link opening -->\n                <a href=\"http:\/\/healthagentsturkey.com\/fr\/hizmetler\/tibbi\/\" class=\"ekit_global_links\">\n                <!-- end link opening -->\n\n        <div class=\"elementskit-infobox text-left text- icon-lef-right-aligin elementor-animation-  gradient-active  hover_from_left\">\n                        <div class=\"box-body\">\n                            <h3 class=\"elementskit-info-box-title\">\n                    SERVICES M\u00c9DICAUX                <\/h3>\n                        \t\t  \t<p>Pour plus d'informations sur nos traitements...<\/p>\n                                <\/div>\n        \n        <div class=\"icon-hover\">\n            <i aria-hidden=\"true\" class=\"icon icon-medicine-1\"><\/i>        <\/div>\n\n        \n        \n                <\/div>\n                <\/a>\n        <\/div>\t\t\t\t<\/div>\n\t\t\t\t<\/div>\n\t\t\t\t<\/div>\n\t\t<div class=\"elementor-element elementor-element-94638c6 e-con-full e-flex syd-sticky-section-no e-con e-child\" data-id=\"94638c6\" data-element_type=\"container\">\n\t\t\t\t<div class=\"elementor-element elementor-element-66cdc24 ekit-equal-height-enable syd-sticky-section-no elementor-invisible elementor-widget elementor-widget-elementskit-icon-box\" data-id=\"66cdc24\" data-element_type=\"widget\" data-settings=\"{&quot;_animation&quot;:&quot;fadeIn&quot;,&quot;_animation_delay&quot;:200}\" data-widget_type=\"elementskit-icon-box.default\">\n\t\t\t\t<div class=\"elementor-widget-container\">\n\t\t\t\t\t<div class=\"ekit-wid-con\" >        <!-- link opening -->\n                <a href=\"http:\/\/healthagentsturkey.com\/fr\/hizmetler\/ulasim\/\" class=\"ekit_global_links\">\n                <!-- end link opening -->\n\n        <div class=\"elementskit-infobox text-left text- icon-lef-right-aligin elementor-animation-  gradient-active  hover_from_left\">\n                        <div class=\"box-body\">\n                            <h3 class=\"elementskit-info-box-title\">\n                    SERVICES DE TRANSPORT                <\/h3>\n                        \t\t  \t<p>Transfert VIP \u00e0 l'a\u00e9roport et plus encore...<\/p>\n                                <\/div>\n        \n        <div class=\"icon-hover\">\n            <i aria-hidden=\"true\" class=\"icon icon-van\"><\/i>        <\/div>\n\n        \n        \n                <\/div>\n                <\/a>\n        <\/div>\t\t\t\t<\/div>\n\t\t\t\t<\/div>\n\t\t\t\t<\/div>\n\t\t<div class=\"elementor-element elementor-element-04229a1 e-con-full e-flex syd-sticky-section-no e-con e-child\" data-id=\"04229a1\" data-element_type=\"container\">\n\t\t\t\t<div class=\"elementor-element elementor-element-76b182f ekit-equal-height-enable syd-sticky-section-no elementor-invisible elementor-widget elementor-widget-elementskit-icon-box\" data-id=\"76b182f\" data-element_type=\"widget\" data-settings=\"{&quot;_animation&quot;:&quot;fadeIn&quot;,&quot;_animation_delay&quot;:300}\" data-widget_type=\"elementskit-icon-box.default\">\n\t\t\t\t<div class=\"elementor-widget-container\">\n\t\t\t\t\t<div class=\"ekit-wid-con\" >        <!-- link opening -->\n                <a href=\"http:\/\/healthagentsturkey.com\/fr\/hizmetler\/konaklama\/\" class=\"ekit_global_links\">\n                <!-- end link opening -->\n\n        <div class=\"elementskit-infobox text-left text- icon-lef-right-aligin elementor-animation-  gradient-active  hover_from_left\">\n                        <div class=\"box-body\">\n                            <h3 class=\"elementskit-info-box-title\">\n                    SERVICES D'H\u00c9BERGEMENT                <\/h3>\n                        \t\t  \t<p>Tout comme l'ensemble du processus de traitement, planifiez votre h\u00e9bergement avec nos experts.<\/p>\n                                <\/div>\n        \n        <div class=\"icon-hover\">\n            <i aria-hidden=\"true\" class=\"material-icons md-hotel\"><\/i>        <\/div>\n\n        \n        \n                <\/div>\n                <\/a>\n        <\/div>\t\t\t\t<\/div>\n\t\t\t\t<\/div>\n\t\t\t\t<\/div>\n\t\t<div class=\"elementor-element elementor-element-9acb761 e-con-full e-flex syd-sticky-section-no e-con e-child\" data-id=\"9acb761\" data-element_type=\"container\">\n\t\t\t\t<div class=\"elementor-element elementor-element-7daddf6 ekit-equal-height-enable syd-sticky-section-no elementor-invisible elementor-widget elementor-widget-elementskit-icon-box\" data-id=\"7daddf6\" data-element_type=\"widget\" data-settings=\"{&quot;_animation&quot;:&quot;fadeIn&quot;,&quot;_animation_delay&quot;:400}\" data-widget_type=\"elementskit-icon-box.default\">\n\t\t\t\t<div class=\"elementor-widget-container\">\n\t\t\t\t\t<div class=\"ekit-wid-con\" >        <!-- link opening -->\n                <a href=\"http:\/\/healthagentsturkey.com\/fr\/hizmetler\/bakim\/\" class=\"ekit_global_links\">\n                <!-- end link opening -->\n\n        <div class=\"elementskit-infobox text-left text- icon-lef-right-aligin elementor-animation-  gradient-active  hover_from_left\">\n                        <div class=\"box-body\">\n                            <h3 class=\"elementskit-info-box-title\">\n                    SERVICES DE MAINTENANCE                <\/h3>\n                        \t\t  \t<p>Pour en savoir plus sur nos services de soins et d'assistance dont vous avez besoin \u00e0 l'h\u00f4pital...<\/p>\n                                <\/div>\n        \n        <div class=\"icon-hover\">\n            <i aria-hidden=\"true\" class=\"icon icon-leaf\"><\/i>        <\/div>\n\n        \n        \n                <\/div>\n                <\/a>\n        <\/div>\t\t\t\t<\/div>\n\t\t\t\t<\/div>\n\t\t\t\t<\/div>\n\t\t<div class=\"elementor-element elementor-element-ec1dd0e e-con-full e-flex syd-sticky-section-no e-con e-child\" data-id=\"ec1dd0e\" data-element_type=\"container\">\n\t\t\t\t<div class=\"elementor-element elementor-element-ae82fb7 ekit-equal-height-enable syd-sticky-section-no elementor-invisible elementor-widget elementor-widget-elementskit-icon-box\" data-id=\"ae82fb7\" data-element_type=\"widget\" data-settings=\"{&quot;_animation&quot;:&quot;fadeIn&quot;,&quot;_animation_delay&quot;:500}\" data-widget_type=\"elementskit-icon-box.default\">\n\t\t\t\t<div class=\"elementor-widget-container\">\n\t\t\t\t\t<div class=\"ekit-wid-con\" >        <!-- link opening -->\n                <a href=\"http:\/\/healthagentsturkey.com\/fr\/hizmetler\/tibbi\/\" class=\"ekit_global_links\">\n                <!-- end link opening -->\n\n        <div class=\"elementskit-infobox text-left text- icon-lef-right-aligin elementor-animation-  gradient-active  hover_from_left\">\n                        <div class=\"box-body\">\n                            <h3 class=\"elementskit-info-box-title\">\n                    CONSEILS                <\/h3>\n                        \t\t  \t<p>Nos experts r\u00e9pondront \u00e0 toutes vos questions sur le tourisme de sant\u00e9 et les traitements.<\/p>\n                                <\/div>\n        \n        <div class=\"icon-hover\">\n            <i aria-hidden=\"true\" class=\"icon icon-information\"><\/i>        <\/div>\n\n        \n        \n                <\/div>\n                <\/a>\n        <\/div>\t\t\t\t<\/div>\n\t\t\t\t<\/div>\n\t\t\t\t<\/div>\n\t\t<div class=\"elementor-element elementor-element-40da546 e-con-full e-flex syd-sticky-section-no e-con e-child\" data-id=\"40da546\" data-element_type=\"container\">\n\t\t\t\t<div class=\"elementor-element elementor-element-4e7c864 ekit-equal-height-enable syd-sticky-section-no elementor-invisible elementor-widget elementor-widget-elementskit-icon-box\" data-id=\"4e7c864\" data-element_type=\"widget\" data-settings=\"{&quot;_animation&quot;:&quot;fadeIn&quot;,&quot;_animation_delay&quot;:600}\" data-widget_type=\"elementskit-icon-box.default\">\n\t\t\t\t<div class=\"elementor-widget-container\">\n\t\t\t\t\t<div class=\"ekit-wid-con\" >        <!-- link opening -->\n                <a href=\"http:\/\/healthagentsturkey.com\/fr\/hizmetler\/tibbi\/\" class=\"ekit_global_links\">\n                <!-- end link opening -->\n\n        <div class=\"elementskit-infobox text-left text- icon-lef-right-aligin elementor-animation-  gradient-active  hover_from_left\">\n                        <div class=\"box-body\">\n                            <h3 class=\"elementskit-info-box-title\">\n                    SERVICES EN LIGNE                <\/h3>\n                        \t\t  \t<p>Examen et consultation en ligne avec nos sp\u00e9cialistes...<\/p>\n                                <\/div>\n        \n        <div class=\"icon-hover\">\n            <i aria-hidden=\"true\" class=\"icon icon-internet\"><\/i>        <\/div>\n\n        \n        \n                <\/div>\n                <\/a>\n        <\/div>\t\t\t\t<\/div>\n\t\t\t\t<\/div>\n\t\t\t\t<\/div>\n\t\t\t\t\t<\/div>\n\t\t\t\t<\/div>\n\t\t\t\t<\/div>","protected":false},"excerpt":{"rendered":"<p>TIBB\u0130 H\u0130ZMETLER Tedavilerimiz ve daha fazlas\u0131 hakk\u0131nda bilgi i\u00e7in&#8230; ULA\u015eIM H\u0130ZMETLER\u0130 VIP havaalan\u0131 transfer ve daha fazlas\u0131&#8230; KONAKLAMA H\u0130ZMETLER\u0130 Tedavi s\u00fcrecinizin tamam\u0131 [&hellip;]<\/p>","protected":false},"author":1,"featured_media":0,"parent":0,"menu_order":0,"comment_status":"closed","ping_status":"closed","template":"page-templates\/page_front-page.php","meta":{"_eb_attr":"","footnotes":""},"class_list":["post-556","page","type-page","status-publish","hentry"],"_links":{"self":[{"href":"http:\/\/healthagentsturkey.com\/fr\/wp-json\/wp\/v2\/pages\/556","targetHints":{"allow":["GET"]}}],"collection":[{"href":"http:\/\/healthagentsturkey.com\/fr\/wp-json\/wp\/v2\/pages"}],"about":[{"href":"http:\/\/healthagentsturkey.com\/fr\/wp-json\/wp\/v2\/types\/page"}],"author":[{"embeddable":true,"href":"http:\/\/healthagentsturkey.com\/fr\/wp-json\/wp\/v2\/users\/1"}],"replies":[{"embeddable":true,"href":"http:\/\/healthagentsturkey.com\/fr\/wp-json\/wp\/v2\/comments?post=556"}],"version-history":[{"count":0,"href":"http:\/\/healthagentsturkey.com\/fr\/wp-json\/wp\/v2\/pages\/556\/revisions"}],"wp:attachment":[{"href":"http:\/\/healthagentsturkey.com\/fr\/wp-json\/wp\/v2\/media?parent=556"}],"curies":[{"name":"wp","href":"https:\/\/api.w.org\/{rel}","templated":true}]}}