{"id":3273,"date":"2023-12-25T13:18:24","date_gmt":"2023-12-25T10:18:24","guid":{"rendered":"https:\/\/healthagentsturkey.com\/?page_id=3273"},"modified":"2026-02-25T10:31:56","modified_gmt":"2026-02-25T07:31:56","slug":"infertilite","status":"publish","type":"page","link":"http:\/\/healthagentsturkey.com\/fr\/tedavi\/infertilite\/","title":{"rendered":"Infertilit\u00e9"},"content":{"rendered":"<div data-elementor-type=\"wp-page\" data-elementor-id=\"3273\" class=\"elementor elementor-3273\" data-elementor-post-type=\"page\">\n\t\t\t\t\t\t<section class=\"elementor-section elementor-top-section elementor-element elementor-element-eedafb9 elementor-section-content-middle elementor-section-boxed elementor-section-height-default elementor-section-height-default tp-parallax-no syd-sticky-section-no\" data-id=\"eedafb9\" data-element_type=\"section\" data-settings=\"{&quot;tp_sticky_sec_effect_enable&quot;:false}\">\n\t\t\t\t\t\t<div class=\"elementor-container elementor-column-gap-default\">\n\t\t\t\t\t<div data-aos=\"\" class=\"elementor-column elementor-col-50 elementor-top-column elementor-element elementor-element-571508b syd-sticky-section-no\" data-id=\"571508b\" data-element_type=\"column\" data-settings=\"{&quot;tp_sticky_col_effect_enable&quot;:false}\">\n\t\t\t<div class=\"elementor-widget-wrap elementor-element-populated\">\n\t\t\t\t\t\t<div class=\"elementor-element elementor-element-2fc2cb6 syd-sticky-section-no elementor-widget elementor-widget-heading\" data-id=\"2fc2cb6\" data-element_type=\"widget\" data-widget_type=\"heading.default\">\n\t\t\t\t<div class=\"elementor-widget-container\">\n\t\t\t\t\t<h2 class=\"elementor-heading-title elementor-size-default\">INFERTILITE<\/h2>\t\t\t\t<\/div>\n\t\t\t\t<\/div>\n\t\t\t\t<div class=\"elementor-element elementor-element-1cf0f1c elementor-widget__width-initial syd-sticky-section-no elementor-widget elementor-widget-text-editor\" data-id=\"1cf0f1c\" data-element_type=\"widget\" data-widget_type=\"text-editor.default\">\n\t\t\t\t<div class=\"elementor-widget-container\">\n\t\t\t\t\t\t\t\t\t<p>Health Agents, leader dans le domaine du tourisme de sant\u00e9, se veut \u00eatre une lueur d'espoir pour vous dans les traitements de l'infertilit\u00e9 gyn\u00e9cologique (infertilit\u00e9). Les difficult\u00e9s rencontr\u00e9es sur le chemin de la procr\u00e9ation sont une \u00e9tape importante dans la vie de chaque couple. Nous sommes l\u00e0 pour vous soutenir et vous guider dans votre d\u00e9marche. Gr\u00e2ce \u00e0 nos m\u00e9thodes de traitement innovantes et \u00e0 notre \u00e9quipe d'experts, nous proposons des solutions adapt\u00e9es aux besoins uniques de chaque couple.<\/p><p>Voici les principales m\u00e9thodes de traitement que nous proposons.<\/p>\t\t\t\t\t\t\t\t<\/div>\n\t\t\t\t<\/div>\n\t\t\t\t\t<\/div>\n\t\t<\/div>\n\t\t\t\t<div data-aos=\"\" class=\"elementor-column elementor-col-50 elementor-top-column elementor-element elementor-element-bc4d4c0 syd-sticky-section-no\" data-id=\"bc4d4c0\" data-element_type=\"column\" data-settings=\"{&quot;tp_sticky_col_effect_enable&quot;:false}\">\n\t\t\t<div class=\"elementor-widget-wrap elementor-element-populated\">\n\t\t\t\t\t\t<div class=\"elementor-element elementor-element-48dd569 syd-sticky-section-no elementor-widget elementor-widget-image\" data-id=\"48dd569\" data-element_type=\"widget\" data-widget_type=\"image.default\">\n\t\t\t\t<div class=\"elementor-widget-container\">\n\t\t\t\t\t\t\t\t\t<\/div>\n\t\t\t\t<\/div>\n\t\t\t\t\t<\/div>\n\t\t<\/div>\n\t\t\t\t\t<\/div>\n\t\t<\/section>\n\t\t<div class=\"elementor-element elementor-element-99fe56d e-flex e-con-boxed syd-sticky-section-no e-con e-parent\" data-id=\"99fe56d\" data-element_type=\"container\">\n\t\t\t\t\t<div class=\"e-con-inner\">\n\t\t\t\t<div class=\"elementor-element elementor-element-def30c4 syd-sticky-section-no elementor-widget elementor-widget-text-editor\" data-id=\"def30c4\" data-element_type=\"widget\" data-widget_type=\"text-editor.default\">\n\t\t\t\t<div class=\"elementor-widget-container\">\n\t\t\t\t\t\t\t\t\t<ol><li><strong>Inoculation (IUI) :<\/strong> Cette m\u00e9thode consiste \u00e0 placer les spermatozo\u00efdes directement dans l'ut\u00e9rus. Cette m\u00e9thode, appliqu\u00e9e pour augmenter les chances de grossesse de mani\u00e8re naturelle, offre une solution simple et efficace.<\/li><li><strong><a href=\"https:\/\/healthagentsturkey.com\/fr\/tedavi\/infertilite__trashed\/ivf\/\">Traitement FIV<\/a>:<\/strong> Cette m\u00e9thode, \u00e9galement connue sous le nom de f\u00e9condation in vitro, implique une f\u00e9condation en laboratoire. L'embryon f\u00e9cond\u00e9 est ensuite transf\u00e9r\u00e9 dans l'ut\u00e9rus de la future m\u00e8re. La FIV est connue pour ses taux de r\u00e9ussite \u00e9lev\u00e9s.<\/li><li><strong>Traitement FIV personnalis\u00e9 :<\/strong> Adapt\u00e9 aux besoins de chaque patient, le traitement par FIV offre une approche personnalis\u00e9e. Cette m\u00e9thode est adapt\u00e9e aux caract\u00e9ristiques et aux besoins du patient, ce qui permet de maximiser les chances de r\u00e9ussite.<\/li><li><strong>Micro-injection - ICSI :<\/strong> L'injection intracytoplasmique de spermatozo\u00efdes (ICSI) consiste \u00e0 injecter un seul spermatozo\u00efde directement dans un ovule. Cette m\u00e9thode, particuli\u00e8rement appr\u00e9ci\u00e9e dans les cas de st\u00e9rilit\u00e9 masculine, augmente les taux de r\u00e9ussite.<\/li><li><strong>IMSI - Micro-injection de sperme :<\/strong> L'IMSI est une forme avanc\u00e9e d'ICSI et implique un examen d\u00e9taill\u00e9 des spermatozo\u00efdes au microscope. En s\u00e9lectionnant le spermatozo\u00efde le plus sain, les chances de f\u00e9condation sont accrues.<\/li><li><strong>Embryoscope<\/strong> Cet appareil de haute technologie surveille en permanence le d\u00e9veloppement des embryons. Cette m\u00e9thode permet de s\u00e9lectionner plus pr\u00e9cis\u00e9ment les embryons sains, ce qui augmente les chances de grossesse.<\/li><li><strong>Transfert de blastocystes :<\/strong> L'embryon est transf\u00e9r\u00e9 dans l'ut\u00e9rus lorsqu'il atteint le stade de blastocyste (g\u00e9n\u00e9ralement le cinqui\u00e8me jour apr\u00e8s la f\u00e9condation). Cela augmente les chances que l'embryon se fixe \u00e0 la paroi ut\u00e9rine et que la grossesse se d\u00e9roule dans de bonnes conditions.<\/li><\/ol><p>En tant qu'agents de sant\u00e9, nous nous effor\u00e7ons d'assurer le bon d\u00e9part d'une petite vie qui fera partie de vous et de votre avenir. Votre voyage n'est pas seulement un processus de traitement pour nous, mais aussi une \u00e9tape pr\u00e9cieuse vers la r\u00e9alisation de vos r\u00eaves. Notre objectif est de vous offrir le meilleur service possible gr\u00e2ce aux possibilit\u00e9s de la m\u00e9decine moderne et au travail m\u00e9ticuleux de notre \u00e9quipe d'experts. Pour plus d'informations sur le traitement de l'infertilit\u00e9 et nos autres services et pour contacter nos sp\u00e9cialistes exp\u00e9riment\u00e9s <a href=\"http:\/\/healthagentsturkey.com\/fr\/iletisim\/\">healthagentsturkey.com\/iletisim<\/a> Vous pouvez nous contacter \u00e0 l'adresse suivante<\/p><p><strong>Faisons le premier pas vers un avenir sain et heureux ensemble.<\/strong><\/p>\t\t\t\t\t\t\t\t<\/div>\n\t\t\t\t<\/div>\n\t\t\t\t\t<\/div>\n\t\t\t\t<\/div>\n\t\t\t\t<section class=\"elementor-section elementor-top-section elementor-element elementor-element-cfed380 elementor-section-content-middle elementor-section-boxed elementor-section-height-default elementor-section-height-default tp-parallax-no syd-sticky-section-no\" data-id=\"cfed380\" data-element_type=\"section\" data-settings=\"{&quot;background_background&quot;:&quot;classic&quot;,&quot;tp_sticky_sec_effect_enable&quot;:false}\">\n\t\t\t\t\t\t<div class=\"elementor-container elementor-column-gap-default\">\n\t\t\t\t\t<div data-aos=\"\" class=\"elementor-column elementor-col-50 elementor-top-column elementor-element elementor-element-d8fac92 syd-sticky-section-no\" data-id=\"d8fac92\" data-element_type=\"column\" data-settings=\"{&quot;tp_sticky_col_effect_enable&quot;:false}\">\n\t\t\t<div class=\"elementor-widget-wrap elementor-element-populated\">\n\t\t\t\t\t\t<div class=\"elementor-element elementor-element-ea4173f syd-sticky-section-no elementor-widget elementor-widget-heading\" data-id=\"ea4173f\" data-element_type=\"widget\" data-widget_type=\"heading.default\">\n\t\t\t\t<div class=\"elementor-widget-container\">\n\t\t\t\t\t<h2 class=\"elementor-heading-title elementor-size-default\">Avez-vous des questions ?<\/h2>\t\t\t\t<\/div>\n\t\t\t\t<\/div>\n\t\t\t\t\t<\/div>\n\t\t<\/div>\n\t\t\t\t<div data-aos=\"\" class=\"elementor-column elementor-col-50 elementor-top-column elementor-element elementor-element-7aa5769 syd-sticky-section-no\" data-id=\"7aa5769\" data-element_type=\"column\" data-settings=\"{&quot;tp_sticky_col_effect_enable&quot;:false}\">\n\t\t\t<div class=\"elementor-widget-wrap elementor-element-populated\">\n\t\t\t\t\t\t<div class=\"elementor-element elementor-element-9c6e3e1 elementor-align-right elementor-mobile-align-center syd-sticky-section-no elementor-widget elementor-widget-button\" data-id=\"9c6e3e1\" data-element_type=\"widget\" data-widget_type=\"button.default\">\n\t\t\t\t<div class=\"elementor-widget-container\">\n\t\t\t\t\t\t\t\t\t<div class=\"elementor-button-wrapper\">\n\t\t\t\t\t<a class=\"elementor-button elementor-button-link elementor-size-sm\" href=\"http:\/\/healthagentsturkey.com\/fr\/iletisim\/\">\n\t\t\t\t\t\t<span class=\"elementor-button-content-wrapper\">\n\t\t\t\t\t\t\t\t\t<span class=\"elementor-button-text\">Contactez nous<\/span>\n\t\t\t\t\t<\/span>\n\t\t\t\t\t<\/a>\n\t\t\t\t<\/div>\n\t\t\t\t\t\t\t\t<\/div>\n\t\t\t\t<\/div>\n\t\t\t\t\t<\/div>\n\t\t<\/div>\n\t\t\t\t\t<\/div>\n\t\t<\/section>\n\t\t\t\t<\/div>","protected":false},"excerpt":{"rendered":"<p>INFERTILITE Sa\u011fl\u0131k turizmi alan\u0131nda lider konumda olan Health Agents, jinekolojik infertilite (k\u0131s\u0131rl\u0131k) tedavilerinde size umut \u0131\u015f\u0131\u011f\u0131 olmay\u0131 hedefler. \u00c7ocuk sahibi olma yolculu\u011funda [&hellip;]<\/p>","protected":false},"author":1,"featured_media":0,"parent":899,"menu_order":0,"comment_status":"closed","ping_status":"closed","template":"elementor_header_footer","meta":{"_eb_attr":"","footnotes":""},"class_list":["post-3273","page","type-page","status-publish","hentry"],"_links":{"self":[{"href":"http:\/\/healthagentsturkey.com\/fr\/wp-json\/wp\/v2\/pages\/3273","targetHints":{"allow":["GET"]}}],"collection":[{"href":"http:\/\/healthagentsturkey.com\/fr\/wp-json\/wp\/v2\/pages"}],"about":[{"href":"http:\/\/healthagentsturkey.com\/fr\/wp-json\/wp\/v2\/types\/page"}],"author":[{"embeddable":true,"href":"http:\/\/healthagentsturkey.com\/fr\/wp-json\/wp\/v2\/users\/1"}],"replies":[{"embeddable":true,"href":"http:\/\/healthagentsturkey.com\/fr\/wp-json\/wp\/v2\/comments?post=3273"}],"version-history":[{"count":1,"href":"http:\/\/healthagentsturkey.com\/fr\/wp-json\/wp\/v2\/pages\/3273\/revisions"}],"predecessor-version":[{"id":4791,"href":"http:\/\/healthagentsturkey.com\/fr\/wp-json\/wp\/v2\/pages\/3273\/revisions\/4791"}],"up":[{"embeddable":true,"href":"http:\/\/healthagentsturkey.com\/fr\/wp-json\/wp\/v2\/pages\/899"}],"wp:attachment":[{"href":"http:\/\/healthagentsturkey.com\/fr\/wp-json\/wp\/v2\/media?parent=3273"}],"curies":[{"name":"wp","href":"https:\/\/api.w.org\/{rel}","templated":true}]}}