{"id":2910,"date":"2023-12-02T16:51:35","date_gmt":"2023-12-02T13:51:35","guid":{"rendered":"https:\/\/healthagentsturkey.com\/?page_id=2910"},"modified":"2026-02-25T10:31:57","modified_gmt":"2026-02-25T07:31:57","slug":"diz-cerrahisi","status":"publish","type":"page","link":"http:\/\/healthagentsturkey.com\/fr\/tedavi\/ortopedi\/diz-cerrahisi\/","title":{"rendered":"Chirurgie du genou"},"content":{"rendered":"<div data-elementor-type=\"wp-page\" data-elementor-id=\"2910\" class=\"elementor elementor-2910\" data-elementor-post-type=\"page\">\n\t\t\t\t\t\t<section class=\"elementor-section elementor-top-section elementor-element elementor-element-eedafb9 elementor-section-content-middle elementor-section-boxed elementor-section-height-default elementor-section-height-default tp-parallax-no syd-sticky-section-no\" data-id=\"eedafb9\" data-element_type=\"section\" data-settings=\"{&quot;tp_sticky_sec_effect_enable&quot;:false}\">\n\t\t\t\t\t\t<div class=\"elementor-container elementor-column-gap-default\">\n\t\t\t\t\t<div data-aos=\"\" class=\"elementor-column elementor-col-50 elementor-top-column elementor-element elementor-element-571508b syd-sticky-section-no\" data-id=\"571508b\" data-element_type=\"column\" data-settings=\"{&quot;tp_sticky_col_effect_enable&quot;:false}\">\n\t\t\t<div class=\"elementor-widget-wrap elementor-element-populated\">\n\t\t\t\t\t\t<div class=\"elementor-element elementor-element-2fc2cb6 syd-sticky-section-no elementor-widget elementor-widget-heading\" data-id=\"2fc2cb6\" data-element_type=\"widget\" data-widget_type=\"heading.default\">\n\t\t\t\t<div class=\"elementor-widget-container\">\n\t\t\t\t\t<h2 class=\"elementor-heading-title elementor-size-default\">Chirurgie du genou<\/h2>\t\t\t\t<\/div>\n\t\t\t\t<\/div>\n\t\t\t\t<div class=\"elementor-element elementor-element-cc5cdb2 syd-sticky-section-no elementor-widget elementor-widget-heading\" data-id=\"cc5cdb2\" data-element_type=\"widget\" data-widget_type=\"heading.default\">\n\t\t\t\t<div class=\"elementor-widget-container\">\n\t\t\t\t\t<h6 class=\"elementor-heading-title elementor-size-default\">Se revigorer avec HealthAgents<\/h6>\t\t\t\t<\/div>\n\t\t\t\t<\/div>\n\t\t\t\t<div class=\"elementor-element elementor-element-1cf0f1c syd-sticky-section-no elementor-widget elementor-widget-text-editor\" data-id=\"1cf0f1c\" data-element_type=\"widget\" data-widget_type=\"text-editor.default\">\n\t\t\t\t<div class=\"elementor-widget-container\">\n\t\t\t\t\t\t\t\t\t<p>Notre expertise en mati\u00e8re de tourisme de sant\u00e9 vise \u00e0 fournir les meilleurs services orthop\u00e9diques \u00e0 nos patients du monde entier. La chirurgie du genou peut offrir une solution efficace \u00e0 toute une s\u00e9rie de probl\u00e8mes qui entravent la libert\u00e9 de mouvement. Notre \u00e9quipe d'experts aide nos patients \u00e0 retrouver une vie saine et active gr\u00e2ce \u00e0 des m\u00e9thodes chirurgicales de pointe et \u00e0 des plans de traitement personnalis\u00e9s.<\/p><p>Les progr\u00e8s de la chirurgie du genou permettent des processus de gu\u00e9rison plus rapides et des approches peu invasives, ce qui permet aux patients de se d\u00e9tendre. Notre objectif est d'optimiser la sant\u00e9 de votre genou gr\u00e2ce \u00e0 ces approches innovantes et \u00e0 l'exp\u00e9rience de nos chirurgiens experts, en cr\u00e9ant un plan de traitement sur mesure.<\/p>\t\t\t\t\t\t\t\t<\/div>\n\t\t\t\t<\/div>\n\t\t\t\t\t<\/div>\n\t\t<\/div>\n\t\t\t\t<div data-aos=\"\" class=\"elementor-column elementor-col-50 elementor-top-column elementor-element elementor-element-bc4d4c0 syd-sticky-section-no\" data-id=\"bc4d4c0\" data-element_type=\"column\" data-settings=\"{&quot;tp_sticky_col_effect_enable&quot;:false}\">\n\t\t\t<div class=\"elementor-widget-wrap elementor-element-populated\">\n\t\t\t\t\t\t<div class=\"elementor-element elementor-element-48dd569 syd-sticky-section-no elementor-widget elementor-widget-image\" data-id=\"48dd569\" data-element_type=\"widget\" data-widget_type=\"image.default\">\n\t\t\t\t<div class=\"elementor-widget-container\">\n\t\t\t\t\t\t\t\t\t<\/div>\n\t\t\t\t<\/div>\n\t\t\t\t\t<\/div>\n\t\t<\/div>\n\t\t\t\t\t<\/div>\n\t\t<\/section>\n\t\t\t\t<\/div>","protected":false},"excerpt":{"rendered":"<p>Diz Cerrahisi HealthAgents ile YEN\u0130DEN HAREKETE GE\u00c7\u0130N Sa\u011fl\u0131k turizmiyle ilgili uzmanl\u0131\u011f\u0131m\u0131z, d\u00fcnyan\u0131n d\u00f6rt bir yan\u0131ndan gelen hastalar\u0131m\u0131za en iyi ortopedik hizmetleri sunmay\u0131 [&hellip;]<\/p>","protected":false},"author":1,"featured_media":0,"parent":933,"menu_order":0,"comment_status":"closed","ping_status":"closed","template":"elementor_header_footer","meta":{"_eb_attr":"","footnotes":""},"class_list":["post-2910","page","type-page","status-publish","hentry"],"_links":{"self":[{"href":"http:\/\/healthagentsturkey.com\/fr\/wp-json\/wp\/v2\/pages\/2910","targetHints":{"allow":["GET"]}}],"collection":[{"href":"http:\/\/healthagentsturkey.com\/fr\/wp-json\/wp\/v2\/pages"}],"about":[{"href":"http:\/\/healthagentsturkey.com\/fr\/wp-json\/wp\/v2\/types\/page"}],"author":[{"embeddable":true,"href":"http:\/\/healthagentsturkey.com\/fr\/wp-json\/wp\/v2\/users\/1"}],"replies":[{"embeddable":true,"href":"http:\/\/healthagentsturkey.com\/fr\/wp-json\/wp\/v2\/comments?post=2910"}],"version-history":[{"count":1,"href":"http:\/\/healthagentsturkey.com\/fr\/wp-json\/wp\/v2\/pages\/2910\/revisions"}],"predecessor-version":[{"id":4797,"href":"http:\/\/healthagentsturkey.com\/fr\/wp-json\/wp\/v2\/pages\/2910\/revisions\/4797"}],"up":[{"embeddable":true,"href":"http:\/\/healthagentsturkey.com\/fr\/wp-json\/wp\/v2\/pages\/933"}],"wp:attachment":[{"href":"http:\/\/healthagentsturkey.com\/fr\/wp-json\/wp\/v2\/media?parent=2910"}],"curies":[{"name":"wp","href":"https:\/\/api.w.org\/{rel}","templated":true}]}}