{"id":1888,"date":"2023-11-20T23:39:53","date_gmt":"2023-11-20T23:39:53","guid":{"rendered":"https:\/\/healthagentsturkey.com\/?page_id=1888"},"modified":"2026-02-25T10:31:56","modified_gmt":"2026-02-25T07:31:56","slug":"liposuction","status":"publish","type":"page","link":"http:\/\/healthagentsturkey.com\/fr\/tedavi\/estetik\/liposuction\/","title":{"rendered":"Liposuccion"},"content":{"rendered":"<div data-elementor-type=\"wp-page\" data-elementor-id=\"1888\" class=\"elementor elementor-1888\" data-elementor-post-type=\"page\">\n\t\t\t\t\t\t<section class=\"elementor-section elementor-top-section elementor-element elementor-element-eedafb9 elementor-section-content-middle elementor-section-boxed elementor-section-height-default elementor-section-height-default tp-parallax-no syd-sticky-section-no\" data-id=\"eedafb9\" data-element_type=\"section\" data-settings=\"{&quot;tp_sticky_sec_effect_enable&quot;:false}\">\n\t\t\t\t\t\t<div class=\"elementor-container elementor-column-gap-default\">\n\t\t\t\t\t<div data-aos=\"\" class=\"elementor-column elementor-col-50 elementor-top-column elementor-element elementor-element-571508b syd-sticky-section-no\" data-id=\"571508b\" data-element_type=\"column\" data-settings=\"{&quot;tp_sticky_col_effect_enable&quot;:false}\">\n\t\t\t<div class=\"elementor-widget-wrap elementor-element-populated\">\n\t\t\t\t\t\t<div class=\"elementor-element elementor-element-2fc2cb6 syd-sticky-section-no elementor-widget elementor-widget-heading\" data-id=\"2fc2cb6\" data-element_type=\"widget\" data-widget_type=\"heading.default\">\n\t\t\t\t<div class=\"elementor-widget-container\">\n\t\t\t\t\t<h2 class=\"elementor-heading-title elementor-size-default\">Qu'est-ce que la liposuccion ?<\/h2>\t\t\t\t<\/div>\n\t\t\t\t<\/div>\n\t\t\t\t<div class=\"elementor-element elementor-element-1cf0f1c elementor-widget__width-initial syd-sticky-section-no elementor-widget elementor-widget-text-editor\" data-id=\"1cf0f1c\" data-element_type=\"widget\" data-widget_type=\"text-editor.default\">\n\t\t\t\t<div class=\"elementor-widget-container\">\n\t\t\t\t\t\t\t\t\t<p><a href=\"https:\/\/tr.wikipedia.org\/wiki\/Liposak%C5%9F%C4%B1n\"><b><i>Liposuccion<\/i><\/b><\/a>est un type de chirurgie esth\u00e9tique utilis\u00e9 pour r\u00e9soudre le probl\u00e8me du stockage excessif de graisse dans certaines zones du corps. La proc\u00e9dure comprend g\u00e9n\u00e9ralement les \u00e9tapes suivantes :<\/p><ul><li aria-level=\"1\"><a href=\"https:\/\/tr.wikipedia.org\/wiki\/Anestezi\">Anesth\u00e9sie<\/a>: En cours de traitement\u00a0<a href=\"https:\/\/tr.wikipedia.org\/wiki\/Lokal_anestezi\">anesth\u00e9sie locale<\/a>\u00a0ou\u00a0<a href=\"https:\/\/tr.wikipedia.org\/wiki\/Sedasyon\">s\u00e9dation<\/a>\u00a0Utilis\u00e9.\u00a0<\/li><li aria-level=\"1\">Incisions fines : Une fine incision est pratiqu\u00e9e dans la zone d'intervention.<\/li><li aria-level=\"1\">Aspiration de la graisse : Les cellules graisseuses sont extraites de cette d\u00e9couverte \u00e0 l'aide d'un aspirateur.<\/li><li aria-level=\"1\">Points de suture Les fines incisions sont sutur\u00e9es.<\/li><\/ul><p><a href=\"https:\/\/tr.wikipedia.org\/wiki\/Liposak%C5%9F%C4%B1n\"><b>Liposuccion<\/b><\/a> le processus r\u00e9duit l'accumulation de graisse dans certaines zones du corps\u00a0<\/p>\t\t\t\t\t\t\t\t<\/div>\n\t\t\t\t<\/div>\n\t\t\t\t\t<\/div>\n\t\t<\/div>\n\t\t\t\t<div data-aos=\"\" class=\"elementor-column elementor-col-50 elementor-top-column elementor-element elementor-element-bc4d4c0 syd-sticky-section-no\" data-id=\"bc4d4c0\" data-element_type=\"column\" data-settings=\"{&quot;tp_sticky_col_effect_enable&quot;:false}\">\n\t\t\t<div class=\"elementor-widget-wrap elementor-element-populated\">\n\t\t\t\t\t\t<div class=\"elementor-element elementor-element-48dd569 syd-sticky-section-no elementor-widget elementor-widget-image\" data-id=\"48dd569\" data-element_type=\"widget\" data-widget_type=\"image.default\">\n\t\t\t\t<div class=\"elementor-widget-container\">\n\t\t\t\t\t\t\t\t\t<\/div>\n\t\t\t\t<\/div>\n\t\t\t\t\t<\/div>\n\t\t<\/div>\n\t\t\t\t\t<\/div>\n\t\t<\/section>\n\t\t<div class=\"elementor-element elementor-element-99fe56d e-flex e-con-boxed syd-sticky-section-no e-con e-parent\" data-id=\"99fe56d\" data-element_type=\"container\">\n\t\t\t\t\t<div class=\"e-con-inner\">\n\t\t\t\t<div class=\"elementor-element elementor-element-def30c4 syd-sticky-section-no elementor-widget elementor-widget-text-editor\" data-id=\"def30c4\" data-element_type=\"widget\" data-widget_type=\"text-editor.default\">\n\t\t\t\t<div class=\"elementor-widget-container\">\n\t\t\t\t\t\t\t\t\t<p>\u00a0 \u00a0 \u00a0 \u00a0 \u00a0 \u00a0 \u00a0 \u00a0 \u00a0 \u00a0 \u00a0et vise \u00e0 obtenir une apparence plus galb\u00e9e. Apr\u00e8s l'intervention, il est toutefois n\u00e9cessaire de suivre un r\u00e9gime alimentaire et de faire de l'exercice, faute de quoi l'accumulation de graisse risque de se reproduire. <a href=\"https:\/\/tr.wikipedia.org\/wiki\/Liposak%C5%9F%C4%B1n\"><b>Liposuccion<\/b><\/a>\u00a0La proc\u00e9dure comporte des risques et des inconv\u00e9nients potentiels ; un chirurgien plasticien peut vous donner des informations d\u00e9taill\u00e9es \u00e0 ce sujet.<\/p><p><b>Quels sont les avantages de la liposuccion ?<\/b><\/p><ul><li aria-level=\"1\"><b><i>R\u00e9duction de l'accumulation de graisse<\/i><\/b>:\u00a0<a href=\"https:\/\/tr.wikipedia.org\/wiki\/Liposak%C5%9F%C4%B1n\">Liposuccion<\/a>\u00a0La proc\u00e9dure vise \u00e0 r\u00e9duire l'accumulation de graisse dans certaines zones du corps et \u00e0 obtenir une apparence plus lisse.<\/li><li aria-level=\"1\"><b><i>Une silhouette plus galb\u00e9e<\/i><\/b>:\u00a0<a href=\"https:\/\/tr.wikipedia.org\/wiki\/Liposak%C5%9F%C4%B1n\">Liposuccion<\/a>Elle permet de lisser certaines zones o\u00f9 la graisse est stock\u00e9e en exc\u00e8s et de donner une forme plus uniforme au corps.<\/li><li aria-level=\"1\"><b><i>Des r\u00e9sultats durables<\/i><\/b>:\u00a0<a href=\"https:\/\/tr.wikipedia.org\/wiki\/Liposak%C5%9F%C4%B1n\">Liposuccion<\/a>\u00a0Les r\u00e9sultats de l'intervention sont g\u00e9n\u00e9ralement permanents, mais les patients doivent suivre un r\u00e9gime alimentaire et un programme d'exercices rigoureux, faute de quoi l'accumulation de graisse se reproduira.<\/li><li aria-level=\"1\"><b>Plus de confiance en soi<\/b>:\u00a0<a href=\"https:\/\/tr.wikipedia.org\/wiki\/Liposak%C5%9F%C4%B1n\">Liposuccion<\/a>\u00a0Apr\u00e8s la proc\u00e9dure, les personnes expriment une augmentation de la confiance en soi.\u00a0<\/li><\/ul><p><b><br \/>Quels sont les inconv\u00e9nients de la liposuccion ?<\/b><\/p><ul><li>Douleur et gonflement<\/li><li>Long processus de gu\u00e9rison<\/li><li>Cicatrices<\/li><li>Le rel\u00e2chement de la peau<\/li><li><a href=\"https:\/\/tr.wikipedia.org\/wiki\/Enfeksiyon_hastal%C4%B1klar%C4%B1\">Infection<\/a>\u00a0risque<\/li><li>H\u00e9morragie\u00a0<\/li><li>Cons\u00e9quences involontaires<\/li><\/ul><p><b><br \/>O\u00f9 puis-je me rendre pour une liposuccion ?<\/b><\/p><p>Notre priorit\u00e9 dans le secteur de la sant\u00e9 a toujours \u00e9t\u00e9 la satisfaction et la sant\u00e9 des patients.\u00a0<b>Agents de sant\u00e9<\/b>Nous proposons des services assur\u00e9s par des m\u00e9decins sp\u00e9cialis\u00e9s dans un environnement \u00e9quip\u00e9 de technologies modernes et des derni\u00e8res innovations m\u00e9dicales. Nous sommes toujours \u00e0 vos c\u00f4t\u00e9s pour vous offrir le meilleur service et nous sommes fiers des succ\u00e8s que nous avons obtenus dans les proc\u00e9dures chirurgicales que nous pratiquons. C'est pourquoi\u00a0<b>Agents de sant\u00e9<\/b>\u00a0nos m\u00e9decins, gr\u00e2ce \u00e0 leur expertise et \u00e0 leur exp\u00e9rience, comme dans toutes les proc\u00e9dures m\u00e9dicales\u00a0<a href=\"https:\/\/tr.wikipedia.org\/wiki\/Liposak%C5%9F%C4%B1n\"><b><i>liposuccion<\/i><\/b><\/a>\u00a0Il est \u00e9galement souvent pr\u00e9f\u00e9r\u00e9 pour le processus. Vous pouvez donc nous choisir en toute confiance.<\/p>\t\t\t\t\t\t\t\t<\/div>\n\t\t\t\t<\/div>\n\t\t\t\t\t<\/div>\n\t\t\t\t<\/div>\n\t\t\t\t<section class=\"elementor-section elementor-top-section elementor-element elementor-element-cfed380 elementor-section-content-middle elementor-section-boxed elementor-section-height-default elementor-section-height-default tp-parallax-no syd-sticky-section-no\" data-id=\"cfed380\" data-element_type=\"section\" data-settings=\"{&quot;background_background&quot;:&quot;classic&quot;,&quot;tp_sticky_sec_effect_enable&quot;:false}\">\n\t\t\t\t\t\t<div class=\"elementor-container elementor-column-gap-default\">\n\t\t\t\t\t<div data-aos=\"\" class=\"elementor-column elementor-col-50 elementor-top-column elementor-element elementor-element-d8fac92 syd-sticky-section-no\" data-id=\"d8fac92\" data-element_type=\"column\" data-settings=\"{&quot;tp_sticky_col_effect_enable&quot;:false}\">\n\t\t\t<div class=\"elementor-widget-wrap elementor-element-populated\">\n\t\t\t\t\t\t<div class=\"elementor-element elementor-element-ea4173f syd-sticky-section-no elementor-widget elementor-widget-heading\" data-id=\"ea4173f\" data-element_type=\"widget\" data-widget_type=\"heading.default\">\n\t\t\t\t<div class=\"elementor-widget-container\">\n\t\t\t\t\t<h2 class=\"elementor-heading-title elementor-size-default\">Avez-vous des questions ?<\/h2>\t\t\t\t<\/div>\n\t\t\t\t<\/div>\n\t\t\t\t\t<\/div>\n\t\t<\/div>\n\t\t\t\t<div data-aos=\"\" class=\"elementor-column elementor-col-50 elementor-top-column elementor-element elementor-element-7aa5769 syd-sticky-section-no\" data-id=\"7aa5769\" data-element_type=\"column\" data-settings=\"{&quot;tp_sticky_col_effect_enable&quot;:false}\">\n\t\t\t<div class=\"elementor-widget-wrap elementor-element-populated\">\n\t\t\t\t\t\t<div class=\"elementor-element elementor-element-9c6e3e1 elementor-align-right elementor-mobile-align-center syd-sticky-section-no elementor-widget elementor-widget-button\" data-id=\"9c6e3e1\" data-element_type=\"widget\" data-widget_type=\"button.default\">\n\t\t\t\t<div class=\"elementor-widget-container\">\n\t\t\t\t\t\t\t\t\t<div class=\"elementor-button-wrapper\">\n\t\t\t\t\t<a class=\"elementor-button elementor-button-link elementor-size-sm\" href=\"http:\/\/healthagentsturkey.com\/fr\/iletisim\/\">\n\t\t\t\t\t\t<span class=\"elementor-button-content-wrapper\">\n\t\t\t\t\t\t\t\t\t<span class=\"elementor-button-text\">Contactez nous<\/span>\n\t\t\t\t\t<\/span>\n\t\t\t\t\t<\/a>\n\t\t\t\t<\/div>\n\t\t\t\t\t\t\t\t<\/div>\n\t\t\t\t<\/div>\n\t\t\t\t\t<\/div>\n\t\t<\/div>\n\t\t\t\t\t<\/div>\n\t\t<\/section>\n\t\t\t\t<\/div>","protected":false},"excerpt":{"rendered":"<p>Liposuction \u0130\u015flemi Nedir? Liposuction, bir estetik ameliyat t\u00fcr\u00fcd\u00fcr ve v\u00fccudun belirli b\u00f6lgelerinde fazla ya\u011f depolanmas\u0131 sorununu \u00e7\u00f6zmek i\u00e7in kullan\u0131l\u0131r. \u0130\u015flem genel olarak [&hellip;]<\/p>","protected":false},"author":1,"featured_media":0,"parent":934,"menu_order":0,"comment_status":"closed","ping_status":"closed","template":"elementor_header_footer","meta":{"_eb_attr":"","footnotes":""},"class_list":["post-1888","page","type-page","status-publish","hentry"],"_links":{"self":[{"href":"http:\/\/healthagentsturkey.com\/fr\/wp-json\/wp\/v2\/pages\/1888","targetHints":{"allow":["GET"]}}],"collection":[{"href":"http:\/\/healthagentsturkey.com\/fr\/wp-json\/wp\/v2\/pages"}],"about":[{"href":"http:\/\/healthagentsturkey.com\/fr\/wp-json\/wp\/v2\/types\/page"}],"author":[{"embeddable":true,"href":"http:\/\/healthagentsturkey.com\/fr\/wp-json\/wp\/v2\/users\/1"}],"replies":[{"embeddable":true,"href":"http:\/\/healthagentsturkey.com\/fr\/wp-json\/wp\/v2\/comments?post=1888"}],"version-history":[{"count":1,"href":"http:\/\/healthagentsturkey.com\/fr\/wp-json\/wp\/v2\/pages\/1888\/revisions"}],"predecessor-version":[{"id":4786,"href":"http:\/\/healthagentsturkey.com\/fr\/wp-json\/wp\/v2\/pages\/1888\/revisions\/4786"}],"up":[{"embeddable":true,"href":"http:\/\/healthagentsturkey.com\/fr\/wp-json\/wp\/v2\/pages\/934"}],"wp:attachment":[{"href":"http:\/\/healthagentsturkey.com\/fr\/wp-json\/wp\/v2\/media?parent=1888"}],"curies":[{"name":"wp","href":"https:\/\/api.w.org\/{rel}","templated":true}]}}