{"id":1882,"date":"2023-11-20T23:17:48","date_gmt":"2023-11-20T23:17:48","guid":{"rendered":"https:\/\/healthagentsturkey.com\/?page_id=1882"},"modified":"2026-02-25T10:31:56","modified_gmt":"2026-02-25T07:31:56","slug":"yuz-germe","status":"publish","type":"page","link":"http:\/\/healthagentsturkey.com\/fr\/tedavi\/estetik\/yuz-germe\/","title":{"rendered":"Lifting du visage"},"content":{"rendered":"<div data-elementor-type=\"wp-page\" data-elementor-id=\"1882\" class=\"elementor elementor-1882\" data-elementor-post-type=\"page\">\n\t\t\t\t\t\t<section class=\"elementor-section elementor-top-section elementor-element elementor-element-eedafb9 elementor-section-content-middle elementor-section-boxed elementor-section-height-default elementor-section-height-default tp-parallax-no syd-sticky-section-no\" data-id=\"eedafb9\" data-element_type=\"section\" data-settings=\"{&quot;tp_sticky_sec_effect_enable&quot;:false}\">\n\t\t\t\t\t\t<div class=\"elementor-container elementor-column-gap-default\">\n\t\t\t\t\t<div data-aos=\"\" class=\"elementor-column elementor-col-50 elementor-top-column elementor-element elementor-element-571508b syd-sticky-section-no\" data-id=\"571508b\" data-element_type=\"column\" data-settings=\"{&quot;tp_sticky_col_effect_enable&quot;:false}\">\n\t\t\t<div class=\"elementor-widget-wrap elementor-element-populated\">\n\t\t\t\t\t\t<div class=\"elementor-element elementor-element-2fc2cb6 syd-sticky-section-no elementor-widget elementor-widget-heading\" data-id=\"2fc2cb6\" data-element_type=\"widget\" data-widget_type=\"heading.default\">\n\t\t\t\t<div class=\"elementor-widget-container\">\n\t\t\t\t\t<h2 class=\"elementor-heading-title elementor-size-default\">Qu'est-ce que le lifting du visage ?<\/h2>\t\t\t\t<\/div>\n\t\t\t\t<\/div>\n\t\t\t\t<div class=\"elementor-element elementor-element-1cf0f1c elementor-widget__width-initial syd-sticky-section-no elementor-widget elementor-widget-text-editor\" data-id=\"1cf0f1c\" data-element_type=\"widget\" data-widget_type=\"text-editor.default\">\n\t\t\t\t<div class=\"elementor-widget-container\">\n\t\t\t\t\t\t\t\t\t<p><b><i>Lifting du visage<\/i><\/b>\u00a0Il s'agit d'une intervention chirurgicale visant \u00e0 \u00e9liminer les signes de vieillissement caus\u00e9s par l'affaissement des tissus autour du visage et des yeux. L'intervention consiste \u00e0 \u00e9tirer les fibres qui entourent le visage et les yeux et \u00e0\u00a0<a href=\"https:\/\/tr.wikipedia.org\/wiki\/Ya%C4%9F_(beslenme)\">gras<\/a>\u00a0peut se faire en retirant le tissu.\u00a0<i>Lifting du visage<\/i>\u00a0La proc\u00e9dure vise \u00e0 donner au visage un aspect plus jeune et plus spacieux.<\/p><p><b>Comment se d\u00e9roule le lifting du visage ?<\/b><\/p><p>Le lifting peut \u00eatre r\u00e9alis\u00e9 sous anesth\u00e9sie g\u00e9n\u00e9rale ; la dur\u00e9e de l'intervention peut varier en fonction de la zone \u00e0 traiter et des d\u00e9tails de la chirurgie. L'intervention comprend g\u00e9n\u00e9ralement les \u00e9tapes suivantes :<\/p>\t\t\t\t\t\t\t\t<\/div>\n\t\t\t\t<\/div>\n\t\t\t\t\t<\/div>\n\t\t<\/div>\n\t\t\t\t<div data-aos=\"\" class=\"elementor-column elementor-col-50 elementor-top-column elementor-element elementor-element-bc4d4c0 syd-sticky-section-no\" data-id=\"bc4d4c0\" data-element_type=\"column\" data-settings=\"{&quot;tp_sticky_col_effect_enable&quot;:false}\">\n\t\t\t<div class=\"elementor-widget-wrap elementor-element-populated\">\n\t\t\t\t\t\t<div class=\"elementor-element elementor-element-48dd569 syd-sticky-section-no elementor-widget elementor-widget-image\" data-id=\"48dd569\" data-element_type=\"widget\" data-widget_type=\"image.default\">\n\t\t\t\t<div class=\"elementor-widget-container\">\n\t\t\t\t\t\t\t\t\t<\/div>\n\t\t\t\t<\/div>\n\t\t\t\t\t<\/div>\n\t\t<\/div>\n\t\t\t\t\t<\/div>\n\t\t<\/section>\n\t\t<div class=\"elementor-element elementor-element-99fe56d e-flex e-con-boxed syd-sticky-section-no e-con e-parent\" data-id=\"99fe56d\" data-element_type=\"container\">\n\t\t\t\t\t<div class=\"e-con-inner\">\n\t\t\t\t<div class=\"elementor-element elementor-element-def30c4 syd-sticky-section-no elementor-widget elementor-widget-text-editor\" data-id=\"def30c4\" data-element_type=\"widget\" data-widget_type=\"text-editor.default\">\n\t\t\t\t<div class=\"elementor-widget-container\">\n\t\t\t\t\t\t\t\t\t<ul><li aria-level=\"1\"><b><i>Administration de l'anesth\u00e9sie<\/i><\/b>: Une anesth\u00e9sie g\u00e9n\u00e9rale est pratiqu\u00e9e pendant la proc\u00e9dure.<\/li><li aria-level=\"1\"><b><i>Incision<\/i><\/b>: L'incision est pratiqu\u00e9e en fonction de la zone d'intervention ; il est veill\u00e9 \u00e0 ce que l'intervention soit effectu\u00e9e de mani\u00e8re s\u00fbre et st\u00e9rile.<\/li><li aria-level=\"1\"><b><i>\u00c9tirement des tissus<\/i><\/b>: Les tissus de la zone d'intervention sont \u00e9tir\u00e9s ; les signes d'affaissement autour du visage et des yeux sont \u00e9limin\u00e9s.<\/li><li aria-level=\"1\"><b><i>\u00c9limination du tissu adipeux<\/i><\/b>: Ind\u00e9sirable\u00a0<a href=\"https:\/\/tr.wikipedia.org\/wiki\/Ya%C4%9F_(beslenme)\">gras<\/a>\u00a0Les tissus peuvent \u00eatre enlev\u00e9s et le visage peut \u00eatre rendu plus pro\u00e9minent.<\/li><li aria-level=\"1\"><b><i>Fermeture de l'incision<\/i><\/b>: L'incision est referm\u00e9e apr\u00e8s l'intervention.<\/li><\/ul><p>Le lifting, comme toute intervention chirurgicale, peut comporter certains risques. En outre, le lifting peut \u00eatre r\u00e9alis\u00e9 de diff\u00e9rentes mani\u00e8res et une proc\u00e9dure distincte peut \u00eatre planifi\u00e9e pour chaque personne.<\/p><p><b>Quels sont les avantages du lifting ?<\/b><\/p><ul><li aria-level=\"1\">\u00c9limination des signes de vieillissement<\/li><li aria-level=\"1\">Une apparence faciale plus prononc\u00e9e<\/li><li aria-level=\"1\">Pr\u00e9vention de l'affaissement<\/li><li aria-level=\"1\">Augmentation de la confiance en soi<\/li><\/ul><p><b><br \/>Quels sont les inconv\u00e9nients du lifting ?<\/b><\/p><ul><li>Douleur et gonflement<\/li><li><a href=\"https:\/\/tr.wikipedia.org\/wiki\/Enfeksiyon_hastal%C4%B1klar%C4%B1#:~:text=Enfeksiyon%20hastal%C4%B1klar%C4%B1%2C%20bula%C5%9F%C4%B1c%C4%B1%20hastal%C4%B1klar%20ve,d%C4%B1%C5%9F%C4%B1nda%20geli%C5%9Fen%20salg%C4%B1nlarla%20m%C3%BCcadele%20eder.\">Infection<\/a>\u00a0risque<\/li><li>\u00c9tirement de la peau<\/li><li>Cicatrices chirurgicales<\/li><\/ul><p><b><i><br \/>Lifting du visage<\/i><\/b>\u00a0Les risques et inconv\u00e9nients mentionn\u00e9s dans le cadre de la proc\u00e9dure se produisent rarement et nos m\u00e9decins sp\u00e9cialistes informent leurs patients des risques qui peuvent survenir avant l'op\u00e9ration. Avec une bonne \u00e9quipe de sant\u00e9, il est possible de pr\u00e9venir les risques susmentionn\u00e9s.<\/p><p><b>O\u00f9 puis-je me rendre pour un lifting ?<\/b><\/p><p>Notre priorit\u00e9 dans le secteur de la sant\u00e9 a toujours \u00e9t\u00e9 la satisfaction et la sant\u00e9 des patients.\u00a0<b>Agents de sant\u00e9<\/b>Nous proposons des services assur\u00e9s par des m\u00e9decins sp\u00e9cialis\u00e9s dans un environnement \u00e9quip\u00e9 de technologies modernes et des derni\u00e8res innovations m\u00e9dicales. Nous sommes toujours \u00e0 vos c\u00f4t\u00e9s pour vous offrir le meilleur service et nous sommes fiers des succ\u00e8s que nous avons obtenus dans les proc\u00e9dures chirurgicales que nous pratiquons. C'est pourquoi\u00a0<b>Agents de sant\u00e9<\/b>\u00a0nos m\u00e9decins, gr\u00e2ce \u00e0 leur expertise et \u00e0 leur exp\u00e9rience, comme dans toutes les proc\u00e9dures m\u00e9dicales\u00a0<b><i>lifting<\/i><\/b>\u00a0Il est \u00e9galement souvent pr\u00e9f\u00e9r\u00e9 pour le processus. Vous pouvez donc nous choisir en toute confiance.<\/p>\t\t\t\t\t\t\t\t<\/div>\n\t\t\t\t<\/div>\n\t\t\t\t\t<\/div>\n\t\t\t\t<\/div>\n\t\t\t\t<section class=\"elementor-section elementor-top-section elementor-element elementor-element-cfed380 elementor-section-content-middle elementor-section-boxed elementor-section-height-default elementor-section-height-default tp-parallax-no syd-sticky-section-no\" data-id=\"cfed380\" data-element_type=\"section\" data-settings=\"{&quot;background_background&quot;:&quot;classic&quot;,&quot;tp_sticky_sec_effect_enable&quot;:false}\">\n\t\t\t\t\t\t<div class=\"elementor-container elementor-column-gap-default\">\n\t\t\t\t\t<div data-aos=\"\" class=\"elementor-column elementor-col-50 elementor-top-column elementor-element elementor-element-d8fac92 syd-sticky-section-no\" data-id=\"d8fac92\" data-element_type=\"column\" data-settings=\"{&quot;tp_sticky_col_effect_enable&quot;:false}\">\n\t\t\t<div class=\"elementor-widget-wrap elementor-element-populated\">\n\t\t\t\t\t\t<div class=\"elementor-element elementor-element-ea4173f syd-sticky-section-no elementor-widget elementor-widget-heading\" data-id=\"ea4173f\" data-element_type=\"widget\" data-widget_type=\"heading.default\">\n\t\t\t\t<div class=\"elementor-widget-container\">\n\t\t\t\t\t<h2 class=\"elementor-heading-title elementor-size-default\">Avez-vous des questions ?<\/h2>\t\t\t\t<\/div>\n\t\t\t\t<\/div>\n\t\t\t\t\t<\/div>\n\t\t<\/div>\n\t\t\t\t<div data-aos=\"\" class=\"elementor-column elementor-col-50 elementor-top-column elementor-element elementor-element-7aa5769 syd-sticky-section-no\" data-id=\"7aa5769\" data-element_type=\"column\" data-settings=\"{&quot;tp_sticky_col_effect_enable&quot;:false}\">\n\t\t\t<div class=\"elementor-widget-wrap elementor-element-populated\">\n\t\t\t\t\t\t<div class=\"elementor-element elementor-element-9c6e3e1 elementor-align-right elementor-mobile-align-center syd-sticky-section-no elementor-widget elementor-widget-button\" data-id=\"9c6e3e1\" data-element_type=\"widget\" data-widget_type=\"button.default\">\n\t\t\t\t<div class=\"elementor-widget-container\">\n\t\t\t\t\t\t\t\t\t<div class=\"elementor-button-wrapper\">\n\t\t\t\t\t<a class=\"elementor-button elementor-button-link elementor-size-sm\" href=\"http:\/\/healthagentsturkey.com\/fr\/iletisim\/\">\n\t\t\t\t\t\t<span class=\"elementor-button-content-wrapper\">\n\t\t\t\t\t\t\t\t\t<span class=\"elementor-button-text\">Contactez nous<\/span>\n\t\t\t\t\t<\/span>\n\t\t\t\t\t<\/a>\n\t\t\t\t<\/div>\n\t\t\t\t\t\t\t\t<\/div>\n\t\t\t\t<\/div>\n\t\t\t\t\t<\/div>\n\t\t<\/div>\n\t\t\t\t\t<\/div>\n\t\t<\/section>\n\t\t\t\t<\/div>","protected":false},"excerpt":{"rendered":"<p>Y\u00fcz Germe \u0130\u015flemi Nedir? Y\u00fcz germe\u00a0i\u015flemi, y\u00fcz ve g\u00f6z \u00e7evresindeki dokular\u0131n sarkmas\u0131 nedeniyle olu\u015fan ya\u015flanma belirtilerinin giderilmesi amac\u0131yla yap\u0131lan bir cerrahi giri\u015fimdir. [&hellip;]<\/p>","protected":false},"author":1,"featured_media":0,"parent":934,"menu_order":0,"comment_status":"closed","ping_status":"closed","template":"elementor_header_footer","meta":{"_eb_attr":"","footnotes":""},"class_list":["post-1882","page","type-page","status-publish","hentry"],"_links":{"self":[{"href":"http:\/\/healthagentsturkey.com\/fr\/wp-json\/wp\/v2\/pages\/1882","targetHints":{"allow":["GET"]}}],"collection":[{"href":"http:\/\/healthagentsturkey.com\/fr\/wp-json\/wp\/v2\/pages"}],"about":[{"href":"http:\/\/healthagentsturkey.com\/fr\/wp-json\/wp\/v2\/types\/page"}],"author":[{"embeddable":true,"href":"http:\/\/healthagentsturkey.com\/fr\/wp-json\/wp\/v2\/users\/1"}],"replies":[{"embeddable":true,"href":"http:\/\/healthagentsturkey.com\/fr\/wp-json\/wp\/v2\/comments?post=1882"}],"version-history":[{"count":1,"href":"http:\/\/healthagentsturkey.com\/fr\/wp-json\/wp\/v2\/pages\/1882\/revisions"}],"predecessor-version":[{"id":4790,"href":"http:\/\/healthagentsturkey.com\/fr\/wp-json\/wp\/v2\/pages\/1882\/revisions\/4790"}],"up":[{"embeddable":true,"href":"http:\/\/healthagentsturkey.com\/fr\/wp-json\/wp\/v2\/pages\/934"}],"wp:attachment":[{"href":"http:\/\/healthagentsturkey.com\/fr\/wp-json\/wp\/v2\/media?parent=1882"}],"curies":[{"name":"wp","href":"https:\/\/api.w.org\/{rel}","templated":true}]}}