{"id":1828,"date":"2023-11-20T14:27:59","date_gmt":"2023-11-20T14:27:59","guid":{"rendered":"https:\/\/healthagentsturkey.com\/?page_id=1828"},"modified":"2026-02-25T10:31:55","modified_gmt":"2026-02-25T07:31:55","slug":"kok-kanal-tedavisi","status":"publish","type":"page","link":"http:\/\/healthagentsturkey.com\/fr\/tedavi\/dis\/restoratif-dis-hekimligi\/kok-kanal-tedavisi\/","title":{"rendered":"Traitement du canal radiculaire"},"content":{"rendered":"<div data-elementor-type=\"wp-page\" data-elementor-id=\"1828\" class=\"elementor elementor-1828\" data-elementor-post-type=\"page\">\n\t\t\t\t\t\t<section class=\"elementor-section elementor-top-section elementor-element elementor-element-eedafb9 elementor-section-content-middle elementor-section-boxed elementor-section-height-default elementor-section-height-default tp-parallax-no syd-sticky-section-no\" data-id=\"eedafb9\" data-element_type=\"section\" data-settings=\"{&quot;tp_sticky_sec_effect_enable&quot;:false}\">\n\t\t\t\t\t\t<div class=\"elementor-container elementor-column-gap-default\">\n\t\t\t\t\t<div data-aos=\"\" class=\"elementor-column elementor-col-50 elementor-top-column elementor-element elementor-element-571508b syd-sticky-section-no\" data-id=\"571508b\" data-element_type=\"column\" data-settings=\"{&quot;tp_sticky_col_effect_enable&quot;:false}\">\n\t\t\t<div class=\"elementor-widget-wrap elementor-element-populated\">\n\t\t\t\t\t\t<div class=\"elementor-element elementor-element-2fc2cb6 syd-sticky-section-no elementor-widget elementor-widget-heading\" data-id=\"2fc2cb6\" data-element_type=\"widget\" data-widget_type=\"heading.default\">\n\t\t\t\t<div class=\"elementor-widget-container\">\n\t\t\t\t\t<h2 class=\"elementor-heading-title elementor-size-default\">Traitement du canal radiculaire<\/h2>\t\t\t\t<\/div>\n\t\t\t\t<\/div>\n\t\t\t\t<div class=\"elementor-element elementor-element-1cf0f1c elementor-widget__width-initial syd-sticky-section-no elementor-widget elementor-widget-text-editor\" data-id=\"1cf0f1c\" data-element_type=\"widget\" data-widget_type=\"text-editor.default\">\n\t\t\t\t<div class=\"elementor-widget-container\">\n\t\t\t\t\t\t\t\t\t<p>Le traitement du canal radiculaire, \u00e9galement connu sous le nom de traitement endodontique, est une proc\u00e9dure de traitement dentaire qui permet de soigner et de sauver une dent gravement infect\u00e9e ou cari\u00e9e. Cette proc\u00e9dure consiste \u00e0 retirer la pulpe infect\u00e9e ou endommag\u00e9e de l'int\u00e9rieur de la dent, \u00e0 nettoyer et \u00e0 d\u00e9sinfecter les canaux radiculaires, puis \u00e0 les obturer et \u00e0 les sceller compl\u00e8tement afin d'\u00e9viter toute nouvelle infection.<\/p>\t\t\t\t\t\t\t\t<\/div>\n\t\t\t\t<\/div>\n\t\t\t\t\t<\/div>\n\t\t<\/div>\n\t\t\t\t<div data-aos=\"\" class=\"elementor-column elementor-col-50 elementor-top-column elementor-element elementor-element-bc4d4c0 syd-sticky-section-no\" data-id=\"bc4d4c0\" data-element_type=\"column\" data-settings=\"{&quot;tp_sticky_col_effect_enable&quot;:false}\">\n\t\t\t<div class=\"elementor-widget-wrap elementor-element-populated\">\n\t\t\t\t\t\t<div class=\"elementor-element elementor-element-48dd569 syd-sticky-section-no elementor-widget elementor-widget-image\" data-id=\"48dd569\" data-element_type=\"widget\" data-widget_type=\"image.default\">\n\t\t\t\t<div class=\"elementor-widget-container\">\n\t\t\t\t\t\t\t\t\t<\/div>\n\t\t\t\t<\/div>\n\t\t\t\t\t<\/div>\n\t\t<\/div>\n\t\t\t\t\t<\/div>\n\t\t<\/section>\n\t\t<div class=\"elementor-element elementor-element-99fe56d e-flex e-con-boxed syd-sticky-section-no e-con e-parent\" data-id=\"99fe56d\" data-element_type=\"container\">\n\t\t\t\t\t<div class=\"e-con-inner\">\n\t\t\t\t<div class=\"elementor-element elementor-element-def30c4 syd-sticky-section-no elementor-widget elementor-widget-text-editor\" data-id=\"def30c4\" data-element_type=\"widget\" data-widget_type=\"text-editor.default\">\n\t\t\t\t<div class=\"elementor-widget-container\">\n\t\t\t\t\t\t\t\t\t<p>L'importance du traitement du canal radiculaire :<br \/><br \/>1. la pulpe et la structure de la dent : La pulpe est le tissu mou \u00e0 l'int\u00e9rieur de la dent qui contient les nerfs, les vaisseaux sanguins et le tissu conjonctif. Lorsque la pulpe s'infecte ou s'enflamme en raison d'une carie profonde, de fissures, de blessures ou de proc\u00e9dures dentaires r\u00e9p\u00e9t\u00e9es, un traitement du canal radiculaire est n\u00e9cessaire pour \u00e9liminer la pulpe affect\u00e9e.<br \/>2) Quand un traitement de canal est-il n\u00e9cessaire ? Le traitement de canal est g\u00e9n\u00e9ralement recommand\u00e9 lorsque la pulpe dentaire est irr\u00e9m\u00e9diablement endommag\u00e9e ou infect\u00e9e. Des maux de dents intenses, une sensibilit\u00e9 prolong\u00e9e au chaud ou au froid, un gonflement, une sensibilit\u00e9 ou un abc\u00e8s visible sur les gencives sont des sympt\u00f4mes qui peuvent indiquer la n\u00e9cessit\u00e9 d'un traitement de canal.<br \/>3. aper\u00e7u de la proc\u00e9dure :<br \/>- Anesth\u00e9sie : Pour que l'intervention soit confortable, la dent et son environnement sont anesth\u00e9si\u00e9s localement.<br \/>- Retrait de la pulpe enflamm\u00e9e : Une ouverture est pratiqu\u00e9e dans la dent pour acc\u00e9der \u00e0 la pulpe et aux canaux radiculaires. La pulpe infect\u00e9e ou enflamm\u00e9e est retir\u00e9e avec pr\u00e9caution \u00e0 l'aide d'instruments dentaires sp\u00e9ciaux.<br \/>- Nettoyage et mise en forme : Les canaux radiculaires sont nettoy\u00e9s et fa\u00e7onn\u00e9s \u00e0 l'aide de petites fraises et de limes afin d'\u00e9liminer les tissus infect\u00e9s restants et de cr\u00e9er un espace pour le mat\u00e9riau d'obturation.<br \/>- Rin\u00e7age : Les canaux radiculaires sont rinc\u00e9s avec une solution antimicrobienne pour les d\u00e9sinfecter et \u00e9liminer les d\u00e9p\u00f4ts.<br \/>- Obturation : Les canaux radiculaires nettoy\u00e9s et form\u00e9s sont remplis d'un mat\u00e9riau biocompatible appel\u00e9 gutta-percha. Ce mat\u00e9riau se pr\u00e9sente sous la forme d'un caoutchouc et recouvre enti\u00e8rement les canaux.<br \/>- Restauration : Apr\u00e8s le traitement du canal radiculaire, l'orifice d'acc\u00e8s cr\u00e9\u00e9 dans la dent est rempli d'un mat\u00e9riau d'obturation temporaire ou permanent. Dans certains cas, une couronne ou une facette peut \u00eatre utilis\u00e9e pour renforcer et prot\u00e9ger la dent trait\u00e9e.<br \/>4. les soins post-traitement : Apr\u00e8s le traitement du canal radiculaire, il est important de maintenir une bonne hygi\u00e8ne bucco-dentaire et de se rendre r\u00e9guli\u00e8rement chez le dentiste pour des contr\u00f4les. Une couronne dentaire ou un autre traitement de restauration peut \u00eatre n\u00e9cessaire pour r\u00e9tablir la solidit\u00e9 et la fonctionnalit\u00e9 de la dent trait\u00e9e.<br \/><br \/>Le traitement du canal radiculaire est souvent per\u00e7u, \u00e0 tort, comme une proc\u00e9dure douloureuse. Toutefois, gr\u00e2ce aux techniques modernes et \u00e0 l'anesth\u00e9sie, l'intervention n'est g\u00e9n\u00e9ralement pas plus inconfortable qu'une obturation dentaire classique. En fait, le traitement du canal radiculaire a pour but de soulager les maux de dents et d'\u00e9liminer l'infection.<br \/><br \/>En sauvant la dent naturelle par un traitement de canal, on obtient de nombreux avantages, comme le r\u00e9tablissement des fonctions normales de morsure et de mastication, la pr\u00e9vention du d\u00e9placement des dents voisines et la pr\u00e9servation de l'aspect naturel du sourire.<br \/>Il est important de consulter un dentiste exp\u00e9riment\u00e9 pour \u00e9valuer votre \u00e9tat dentaire et d\u00e9terminer si le traitement du canal radiculaire est la solution appropri\u00e9e \u00e0 votre situation.<\/p>\t\t\t\t\t\t\t\t<\/div>\n\t\t\t\t<\/div>\n\t\t\t\t\t<\/div>\n\t\t\t\t<\/div>\n\t\t\t\t<section class=\"elementor-section elementor-top-section elementor-element elementor-element-cfed380 elementor-section-content-middle elementor-section-boxed elementor-section-height-default elementor-section-height-default tp-parallax-no syd-sticky-section-no\" data-id=\"cfed380\" data-element_type=\"section\" data-settings=\"{&quot;background_background&quot;:&quot;classic&quot;,&quot;tp_sticky_sec_effect_enable&quot;:false}\">\n\t\t\t\t\t\t<div class=\"elementor-container elementor-column-gap-default\">\n\t\t\t\t\t<div data-aos=\"\" class=\"elementor-column elementor-col-50 elementor-top-column elementor-element elementor-element-d8fac92 syd-sticky-section-no\" data-id=\"d8fac92\" data-element_type=\"column\" data-settings=\"{&quot;tp_sticky_col_effect_enable&quot;:false}\">\n\t\t\t<div class=\"elementor-widget-wrap elementor-element-populated\">\n\t\t\t\t\t\t<div class=\"elementor-element elementor-element-ea4173f syd-sticky-section-no elementor-widget elementor-widget-heading\" data-id=\"ea4173f\" data-element_type=\"widget\" data-widget_type=\"heading.default\">\n\t\t\t\t<div class=\"elementor-widget-container\">\n\t\t\t\t\t<h2 class=\"elementor-heading-title elementor-size-default\">Avez-vous des questions ?<\/h2>\t\t\t\t<\/div>\n\t\t\t\t<\/div>\n\t\t\t\t\t<\/div>\n\t\t<\/div>\n\t\t\t\t<div data-aos=\"\" class=\"elementor-column elementor-col-50 elementor-top-column elementor-element elementor-element-7aa5769 syd-sticky-section-no\" data-id=\"7aa5769\" data-element_type=\"column\" data-settings=\"{&quot;tp_sticky_col_effect_enable&quot;:false}\">\n\t\t\t<div class=\"elementor-widget-wrap elementor-element-populated\">\n\t\t\t\t\t\t<div class=\"elementor-element elementor-element-9c6e3e1 elementor-align-right elementor-mobile-align-center syd-sticky-section-no elementor-widget elementor-widget-button\" data-id=\"9c6e3e1\" data-element_type=\"widget\" data-widget_type=\"button.default\">\n\t\t\t\t<div class=\"elementor-widget-container\">\n\t\t\t\t\t\t\t\t\t<div class=\"elementor-button-wrapper\">\n\t\t\t\t\t<a class=\"elementor-button elementor-button-link elementor-size-sm\" href=\"http:\/\/healthagentsturkey.com\/fr\/iletisim\/\">\n\t\t\t\t\t\t<span class=\"elementor-button-content-wrapper\">\n\t\t\t\t\t\t\t\t\t<span class=\"elementor-button-text\">Contactez nous<\/span>\n\t\t\t\t\t<\/span>\n\t\t\t\t\t<\/a>\n\t\t\t\t<\/div>\n\t\t\t\t\t\t\t\t<\/div>\n\t\t\t\t<\/div>\n\t\t\t\t\t<\/div>\n\t\t<\/div>\n\t\t\t\t\t<\/div>\n\t\t<\/section>\n\t\t\t\t<\/div>","protected":false},"excerpt":{"rendered":"<p>K\u00f6k Kanal Tedavisi Endodontik tedavi olarak da bilinen k\u00f6k kanal tedavisi, ciddi \u015fekilde enfekte olmu\u015f veya \u00e7\u00fcr\u00fcm\u00fc\u015f bir di\u015fi tedavi etmek ve [&hellip;]<\/p>","protected":false},"author":1,"featured_media":0,"parent":1622,"menu_order":0,"comment_status":"closed","ping_status":"closed","template":"elementor_header_footer","meta":{"_eb_attr":"","footnotes":""},"class_list":["post-1828","page","type-page","status-publish","hentry"],"_links":{"self":[{"href":"http:\/\/healthagentsturkey.com\/fr\/wp-json\/wp\/v2\/pages\/1828","targetHints":{"allow":["GET"]}}],"collection":[{"href":"http:\/\/healthagentsturkey.com\/fr\/wp-json\/wp\/v2\/pages"}],"about":[{"href":"http:\/\/healthagentsturkey.com\/fr\/wp-json\/wp\/v2\/types\/page"}],"author":[{"embeddable":true,"href":"http:\/\/healthagentsturkey.com\/fr\/wp-json\/wp\/v2\/users\/1"}],"replies":[{"embeddable":true,"href":"http:\/\/healthagentsturkey.com\/fr\/wp-json\/wp\/v2\/comments?post=1828"}],"version-history":[{"count":1,"href":"http:\/\/healthagentsturkey.com\/fr\/wp-json\/wp\/v2\/pages\/1828\/revisions"}],"predecessor-version":[{"id":4782,"href":"http:\/\/healthagentsturkey.com\/fr\/wp-json\/wp\/v2\/pages\/1828\/revisions\/4782"}],"up":[{"embeddable":true,"href":"http:\/\/healthagentsturkey.com\/fr\/wp-json\/wp\/v2\/pages\/1622"}],"wp:attachment":[{"href":"http:\/\/healthagentsturkey.com\/fr\/wp-json\/wp\/v2\/media?parent=1828"}],"curies":[{"name":"wp","href":"https:\/\/api.w.org\/{rel}","templated":true}]}}