{"id":1680,"date":"2023-11-19T22:28:07","date_gmt":"2023-11-19T22:28:07","guid":{"rendered":"https:\/\/healthagentsturkey.com\/?page_id=1680"},"modified":"2026-02-25T10:31:55","modified_gmt":"2026-02-25T07:31:55","slug":"dis-implanti","status":"publish","type":"page","link":"http:\/\/healthagentsturkey.com\/fr\/tedavi\/dis\/implant-dis-hekimligi\/dis-implanti\/","title":{"rendered":"Implant dentaire"},"content":{"rendered":"<div data-elementor-type=\"wp-page\" data-elementor-id=\"1680\" class=\"elementor elementor-1680\" data-elementor-post-type=\"page\">\n\t\t\t\t\t\t<section class=\"elementor-section elementor-top-section elementor-element elementor-element-eedafb9 elementor-section-content-middle elementor-section-boxed elementor-section-height-default elementor-section-height-default tp-parallax-no syd-sticky-section-no\" data-id=\"eedafb9\" data-element_type=\"section\" data-settings=\"{&quot;tp_sticky_sec_effect_enable&quot;:false}\">\n\t\t\t\t\t\t<div class=\"elementor-container elementor-column-gap-default\">\n\t\t\t\t\t<div data-aos=\"\" class=\"elementor-column elementor-col-50 elementor-top-column elementor-element elementor-element-571508b syd-sticky-section-no\" data-id=\"571508b\" data-element_type=\"column\" data-settings=\"{&quot;tp_sticky_col_effect_enable&quot;:false}\">\n\t\t\t<div class=\"elementor-widget-wrap elementor-element-populated\">\n\t\t\t\t\t\t<div class=\"elementor-element elementor-element-2fc2cb6 syd-sticky-section-no elementor-widget elementor-widget-heading\" data-id=\"2fc2cb6\" data-element_type=\"widget\" data-widget_type=\"heading.default\">\n\t\t\t\t<div class=\"elementor-widget-container\">\n\t\t\t\t\t<h2 class=\"elementor-heading-title elementor-size-default\">Qu'est-ce qu'un implant dentaire ?<\/h2>\t\t\t\t<\/div>\n\t\t\t\t<\/div>\n\t\t\t\t<div class=\"elementor-element elementor-element-1cf0f1c elementor-widget__width-initial syd-sticky-section-no elementor-widget elementor-widget-text-editor\" data-id=\"1cf0f1c\" data-element_type=\"widget\" data-widget_type=\"text-editor.default\">\n\t\t\t\t<div class=\"elementor-widget-container\">\n\t\t\t\t\t\t\t\t\t<p><a href=\"https:\/\/tr.wikipedia.org\/wiki\/Di%C5%9F_implant%C4%B1\"><b>Implant dentaire<\/b><\/a>est un petit pilier m\u00e9tallique, g\u00e9n\u00e9ralement en titane, qui est ins\u00e9r\u00e9 chirurgicalement dans l'os de la m\u00e2choire pour remplacer la racine d'une dent manquante. Apr\u00e8s la pose de l'implant, le \"<b>ost\u00e9oint\u00e9gration<\/b>\"Il fusionne avec l'os environnant au fil du temps, formant ainsi une base solide et r\u00e9sistante pour une dent de remplacement ou une proth\u00e8se dentaire telle qu'une couronne, un pont ou une proth\u00e8se dentaire.<\/p><p><a href=\"https:\/\/tr.wikipedia.org\/wiki\/Di%C5%9F_implant%C4%B1\"><b>Implant dentaire<\/b><\/a>\u00a0Il peut \u00eatre utilis\u00e9 pour remplacer une seule ou plusieurs dents manquantes et offre plusieurs avantages par rapport \u00e0 d'autres options de remplacement des dents telles que les proth\u00e8ses dentaires ou les bridges. Par exemple, un implant dentaire est plus robuste et durable, ne n\u00e9cessite pas le soutien des dents voisines et peut aider \u00e0 pr\u00e9venir la perte osseuse et \u00e0 pr\u00e9server la structure naturelle de la m\u00e2choire.<\/p>\t\t\t\t\t\t\t\t<\/div>\n\t\t\t\t<\/div>\n\t\t\t\t\t<\/div>\n\t\t<\/div>\n\t\t\t\t<div data-aos=\"\" class=\"elementor-column elementor-col-50 elementor-top-column elementor-element elementor-element-bc4d4c0 syd-sticky-section-no\" data-id=\"bc4d4c0\" data-element_type=\"column\" data-settings=\"{&quot;tp_sticky_col_effect_enable&quot;:false}\">\n\t\t\t<div class=\"elementor-widget-wrap elementor-element-populated\">\n\t\t\t\t\t\t<div class=\"elementor-element elementor-element-48dd569 syd-sticky-section-no elementor-widget elementor-widget-image\" data-id=\"48dd569\" data-element_type=\"widget\" data-widget_type=\"image.default\">\n\t\t\t\t<div class=\"elementor-widget-container\">\n\t\t\t\t\t\t\t\t\t<\/div>\n\t\t\t\t<\/div>\n\t\t\t\t\t<\/div>\n\t\t<\/div>\n\t\t\t\t\t<\/div>\n\t\t<\/section>\n\t\t<div class=\"elementor-element elementor-element-99fe56d e-flex e-con-boxed syd-sticky-section-no e-con e-parent\" data-id=\"99fe56d\" data-element_type=\"container\">\n\t\t\t\t\t<div class=\"e-con-inner\">\n\t\t\t\t<div class=\"elementor-element elementor-element-def30c4 syd-sticky-section-no elementor-widget elementor-widget-text-editor\" data-id=\"def30c4\" data-element_type=\"widget\" data-widget_type=\"text-editor.default\">\n\t\t\t\t<div class=\"elementor-widget-container\">\n\t\t\t\t\t\t\t\t\t<p><b>Quel est l'\u00e2ge id\u00e9al pour poser des implants dentaires ?<\/b><\/p><p><a href=\"https:\/\/tr.wikipedia.org\/wiki\/Di%C5%9F_implant%C4%B1\"><b>Implant dentaire<\/b><\/a>\u00a0L'\u00e2ge optimal pour la perte de dents d\u00e9pend de plusieurs facteurs, notamment de l'\u00e9tat de sant\u00e9 g\u00e9n\u00e9ral de la personne, de la qualit\u00e9 et de la quantit\u00e9 de l'os de la m\u00e2choire et de l'\u00e9tendue de la perte de dents.<\/p><p>\u00a0<a href=\"https:\/\/tr.wikipedia.org\/wiki\/Di%C5%9F_implant%C4%B1\"><b><i>Implant dentaire<\/i><\/b><\/a>\u00a0Cette option peut convenir \u00e0 de nombreuses personnes d'\u00e2ges diff\u00e9rents, mais le moment et l'opportunit\u00e9 peuvent varier en fonction de la situation de chacun.<\/p><p>En g\u00e9n\u00e9ral, pour les enfants ou les adolescents dont les m\u00e2choires sont encore en d\u00e9veloppement, car l'os de la m\u00e2choire n'est pas encore suffisamment mature et stable pour supporter les implants.\u00a0<a href=\"https:\/\/tr.wikipedia.org\/wiki\/Di%C5%9F_implant%C4%B1\"><b>implant dentaire<\/b><\/a>\u00a0n'est pas recommand\u00e9e. Toutefois, \u00e0 condition d'\u00eatre en bonne sant\u00e9 g\u00e9n\u00e9rale et d'avoir une densit\u00e9 et un volume de l'os de la m\u00e2choire suffisants pour supporter les implants, il n'est pas recommand\u00e9 d'avoir recours aux implants,\u00a0<a href=\"https:\/\/tr.wikipedia.org\/wiki\/Di%C5%9F_implant%C4%B1\">implants dentaires<\/a>\u00a0peut \u00eatre une option appropri\u00e9e pour les adultes de tous \u00e2ges. Pour ce faire, vous pouvez effectuer des examens pr\u00e9liminaires avec nos dentistes sp\u00e9cialis\u00e9s dans notre clinique et voir si vous \u00eates apte \u00e0 recevoir des implants dentaires.<\/p><p><b>O\u00f9 puis-je obtenir un implant dentaire ?<\/b><\/p><p><a href=\"https:\/\/tr.wikipedia.org\/wiki\/Sa%C4%9Fl%C4%B1k\">Sant\u00e9<\/a>\u00a0Notre priorit\u00e9 dans le secteur a toujours \u00e9t\u00e9 la satisfaction et la sant\u00e9 des patients.\u00a0<b>Agents de sant\u00e9 ;<\/b>\u00a0est assur\u00e9e par des m\u00e9decins sp\u00e9cialis\u00e9s dans un environnement \u00e9quip\u00e9 de technologies modernes et des derni\u00e8res innovations m\u00e9dicales. Nous sommes toujours \u00e0 vos c\u00f4t\u00e9s pour vous offrir le meilleur service et nous sommes fiers des succ\u00e8s que nous avons obtenus dans les proc\u00e9dures chirurgicales que nous pratiquons. C'est pourquoi\u00a0<b>Agents de sant\u00e9<\/b>\u00a0nos m\u00e9decins, gr\u00e2ce \u00e0 leur expertise et \u00e0 leur exp\u00e9rience, comme dans toutes les proc\u00e9dures m\u00e9dicales\u00a0<a href=\"https:\/\/tr.wikipedia.org\/wiki\/Di%C5%9F_implant%C4%B1\"><b><i>implant dentaire<\/i><\/b><\/a>\u00a0Il est \u00e9galement souvent pr\u00e9f\u00e9r\u00e9 pour le processus. Vous pouvez donc nous choisir en toute confiance.<\/p>\t\t\t\t\t\t\t\t<\/div>\n\t\t\t\t<\/div>\n\t\t\t\t\t<\/div>\n\t\t\t\t<\/div>\n\t\t\t\t<section class=\"elementor-section elementor-top-section elementor-element elementor-element-cfed380 elementor-section-content-middle elementor-section-boxed elementor-section-height-default elementor-section-height-default tp-parallax-no syd-sticky-section-no\" data-id=\"cfed380\" data-element_type=\"section\" data-settings=\"{&quot;background_background&quot;:&quot;classic&quot;,&quot;tp_sticky_sec_effect_enable&quot;:false}\">\n\t\t\t\t\t\t<div class=\"elementor-container elementor-column-gap-default\">\n\t\t\t\t\t<div data-aos=\"\" class=\"elementor-column elementor-col-50 elementor-top-column elementor-element elementor-element-d8fac92 syd-sticky-section-no\" data-id=\"d8fac92\" data-element_type=\"column\" data-settings=\"{&quot;tp_sticky_col_effect_enable&quot;:false}\">\n\t\t\t<div class=\"elementor-widget-wrap elementor-element-populated\">\n\t\t\t\t\t\t<div class=\"elementor-element elementor-element-ea4173f syd-sticky-section-no elementor-widget elementor-widget-heading\" data-id=\"ea4173f\" data-element_type=\"widget\" data-widget_type=\"heading.default\">\n\t\t\t\t<div class=\"elementor-widget-container\">\n\t\t\t\t\t<h2 class=\"elementor-heading-title elementor-size-default\">Avez-vous des questions ?<\/h2>\t\t\t\t<\/div>\n\t\t\t\t<\/div>\n\t\t\t\t\t<\/div>\n\t\t<\/div>\n\t\t\t\t<div data-aos=\"\" class=\"elementor-column elementor-col-50 elementor-top-column elementor-element elementor-element-7aa5769 syd-sticky-section-no\" data-id=\"7aa5769\" data-element_type=\"column\" data-settings=\"{&quot;tp_sticky_col_effect_enable&quot;:false}\">\n\t\t\t<div class=\"elementor-widget-wrap elementor-element-populated\">\n\t\t\t\t\t\t<div class=\"elementor-element elementor-element-9c6e3e1 elementor-align-right elementor-mobile-align-center syd-sticky-section-no elementor-widget elementor-widget-button\" data-id=\"9c6e3e1\" data-element_type=\"widget\" data-widget_type=\"button.default\">\n\t\t\t\t<div class=\"elementor-widget-container\">\n\t\t\t\t\t\t\t\t\t<div class=\"elementor-button-wrapper\">\n\t\t\t\t\t<a class=\"elementor-button elementor-button-link elementor-size-sm\" href=\"http:\/\/healthagentsturkey.com\/fr\/iletisim\/\">\n\t\t\t\t\t\t<span class=\"elementor-button-content-wrapper\">\n\t\t\t\t\t\t\t\t\t<span class=\"elementor-button-text\">Contactez nous<\/span>\n\t\t\t\t\t<\/span>\n\t\t\t\t\t<\/a>\n\t\t\t\t<\/div>\n\t\t\t\t\t\t\t\t<\/div>\n\t\t\t\t<\/div>\n\t\t\t\t\t<\/div>\n\t\t<\/div>\n\t\t\t\t\t<\/div>\n\t\t<\/section>\n\t\t\t\t<\/div>","protected":false},"excerpt":{"rendered":"<p>Di\u015f \u0130mplant\u0131 Nedir? Di\u015f implant\u0131 eksik bir di\u015fin k\u00f6k\u00fcn\u00fcn yerini almas\u0131 i\u00e7in \u00e7ene kemi\u011fine cerrahi olarak yerle\u015ftirilen ve genellikle titanyumdan yap\u0131lm\u0131\u015f k\u00fc\u00e7\u00fck [&hellip;]<\/p>","protected":false},"author":1,"featured_media":0,"parent":1620,"menu_order":0,"comment_status":"closed","ping_status":"closed","template":"elementor_header_footer","meta":{"_eb_attr":"","footnotes":""},"class_list":["post-1680","page","type-page","status-publish","hentry"],"_links":{"self":[{"href":"http:\/\/healthagentsturkey.com\/fr\/wp-json\/wp\/v2\/pages\/1680","targetHints":{"allow":["GET"]}}],"collection":[{"href":"http:\/\/healthagentsturkey.com\/fr\/wp-json\/wp\/v2\/pages"}],"about":[{"href":"http:\/\/healthagentsturkey.com\/fr\/wp-json\/wp\/v2\/types\/page"}],"author":[{"embeddable":true,"href":"http:\/\/healthagentsturkey.com\/fr\/wp-json\/wp\/v2\/users\/1"}],"replies":[{"embeddable":true,"href":"http:\/\/healthagentsturkey.com\/fr\/wp-json\/wp\/v2\/comments?post=1680"}],"version-history":[{"count":1,"href":"http:\/\/healthagentsturkey.com\/fr\/wp-json\/wp\/v2\/pages\/1680\/revisions"}],"predecessor-version":[{"id":4775,"href":"http:\/\/healthagentsturkey.com\/fr\/wp-json\/wp\/v2\/pages\/1680\/revisions\/4775"}],"up":[{"embeddable":true,"href":"http:\/\/healthagentsturkey.com\/fr\/wp-json\/wp\/v2\/pages\/1620"}],"wp:attachment":[{"href":"http:\/\/healthagentsturkey.com\/fr\/wp-json\/wp\/v2\/media?parent=1680"}],"curies":[{"name":"wp","href":"https:\/\/api.w.org\/{rel}","templated":true}]}}