{"id":1646,"date":"2023-11-19T21:54:41","date_gmt":"2023-11-19T21:54:41","guid":{"rendered":"https:\/\/healthagentsturkey.com\/?page_id=1646"},"modified":"2026-02-25T10:31:54","modified_gmt":"2026-02-25T07:31:54","slug":"estetik-bonding-tedavisi","status":"publish","type":"page","link":"http:\/\/healthagentsturkey.com\/fr\/tedavi\/dis\/estetik-dis-hekimligi\/estetik-bonding-tedavisi\/","title":{"rendered":"Traitement par collage esth\u00e9tique"},"content":{"rendered":"<div data-elementor-type=\"wp-page\" data-elementor-id=\"1646\" class=\"elementor elementor-1646\" data-elementor-post-type=\"page\">\n\t\t\t\t\t\t<section class=\"elementor-section elementor-top-section elementor-element elementor-element-eedafb9 elementor-section-content-middle elementor-section-boxed elementor-section-height-default elementor-section-height-default tp-parallax-no syd-sticky-section-no\" data-id=\"eedafb9\" data-element_type=\"section\" data-settings=\"{&quot;tp_sticky_sec_effect_enable&quot;:false}\">\n\t\t\t\t\t\t<div class=\"elementor-container elementor-column-gap-default\">\n\t\t\t\t\t<div data-aos=\"\" class=\"elementor-column elementor-col-50 elementor-top-column elementor-element elementor-element-571508b syd-sticky-section-no\" data-id=\"571508b\" data-element_type=\"column\" data-settings=\"{&quot;tp_sticky_col_effect_enable&quot;:false}\">\n\t\t\t<div class=\"elementor-widget-wrap elementor-element-populated\">\n\t\t\t\t\t\t<div class=\"elementor-element elementor-element-2fc2cb6 syd-sticky-section-no elementor-widget elementor-widget-heading\" data-id=\"2fc2cb6\" data-element_type=\"widget\" data-widget_type=\"heading.default\">\n\t\t\t\t<div class=\"elementor-widget-container\">\n\t\t\t\t\t<h2 class=\"elementor-heading-title elementor-size-default\">Traitement esth\u00e9tique d'obturation en composite<\/h2>\t\t\t\t<\/div>\n\t\t\t\t<\/div>\n\t\t\t\t<div class=\"elementor-element elementor-element-1cf0f1c syd-sticky-section-no elementor-widget elementor-widget-text-editor\" data-id=\"1cf0f1c\" data-element_type=\"widget\" data-widget_type=\"text-editor.default\">\n\t\t\t\t<div class=\"elementor-widget-container\">\n\t\t\t\t\t\t\t\t\t<p>Le traitement d'obturation en composite, \u00e9galement connu sous le nom d'obturation dentaire en composite ou de plombage dentaire en composite, est une proc\u00e9dure dentaire cosm\u00e9tique qui implique l'application d'un mat\u00e9riau en r\u00e9sine composite de la couleur de la dent pour am\u00e9liorer l'apparence des dents. Il s'agit d'une proc\u00e9dure polyvalente et relativement non invasive utilis\u00e9e pour r\u00e9pondre \u00e0 une vari\u00e9t\u00e9 de pr\u00e9occupations esth\u00e9tiques et d'imperfections dentaires mineures.<\/p><p>Lors d'un traitement d'obturation en composite, les \u00e9tapes suivantes sont g\u00e9n\u00e9ralement suivies :<\/p>\t\t\t\t\t\t\t\t<\/div>\n\t\t\t\t<\/div>\n\t\t\t\t\t<\/div>\n\t\t<\/div>\n\t\t\t\t<div data-aos=\"\" class=\"elementor-column elementor-col-50 elementor-top-column elementor-element elementor-element-bc4d4c0 syd-sticky-section-no\" data-id=\"bc4d4c0\" data-element_type=\"column\" data-settings=\"{&quot;tp_sticky_col_effect_enable&quot;:false}\">\n\t\t\t<div class=\"elementor-widget-wrap elementor-element-populated\">\n\t\t\t\t\t\t<div class=\"elementor-element elementor-element-48dd569 syd-sticky-section-no elementor-widget elementor-widget-image\" data-id=\"48dd569\" data-element_type=\"widget\" data-widget_type=\"image.default\">\n\t\t\t\t<div class=\"elementor-widget-container\">\n\t\t\t\t\t\t\t\t\t<\/div>\n\t\t\t\t<\/div>\n\t\t\t\t\t<\/div>\n\t\t<\/div>\n\t\t\t\t\t<\/div>\n\t\t<\/section>\n\t\t<div class=\"elementor-element elementor-element-99fe56d e-flex e-con-boxed syd-sticky-section-no e-con e-parent\" data-id=\"99fe56d\" data-element_type=\"container\">\n\t\t\t\t\t<div class=\"e-con-inner\">\n\t\t\t\t<div class=\"elementor-element elementor-element-def30c4 syd-sticky-section-no elementor-widget elementor-widget-text-editor\" data-id=\"def30c4\" data-element_type=\"widget\" data-widget_type=\"text-editor.default\">\n\t\t\t\t<div class=\"elementor-widget-container\">\n\t\t\t\t\t\t\t\t\t<ol><li>Pr\u00e9paration des dents : Dans la plupart des cas, la pr\u00e9paration de la dent est minime, voire inutile. Le dentiste nettoie la surface de la dent et la rend l\u00e9g\u00e8rement rugueuse \u00e0 l'aide d'une solution de mordan\u00e7age douce afin d'am\u00e9liorer le processus de collage.<\/li><li>Application de la r\u00e9sine composite : Le dentiste choisira une teinte de r\u00e9sine composite proche de la couleur naturelle de vos dents. La r\u00e9sine est appliqu\u00e9e sur la dent en plusieurs couches et chaque couche est durcie \u00e0 l'aide d'une lampe sp\u00e9ciale.<\/li><li>\u00c9barbage et mise en forme : Une fois la r\u00e9sine durcie, le dentiste la sculpte et la fa\u00e7onne pour obtenir l'aspect souhait\u00e9. Il taille et contourne la r\u00e9sine pour qu'elle corresponde aux contours naturels de la dent et assure un alignement correct de l'occlusion.<\/li><li>Obturation en composite et polissage : Une fois la r\u00e9sine fa\u00e7onn\u00e9e, elle est coll\u00e9e solidement \u00e0 la surface de la dent. Le dentiste affinera encore la forme et lissera et polira la zone coll\u00e9e pour obtenir une surface lisse et d'aspect naturel.<\/li><\/ol><p>Le traitement d'obturation composite peut r\u00e9soudre divers probl\u00e8mes esth\u00e9tiques, notamment<\/p><ol><li>R\u00e9paration des dents cass\u00e9es ou fissur\u00e9es : Une obturation en composite peut restaurer la forme et la fonction d'une dent pr\u00e9sentant de petites fractures ou fissures.<\/li><li>Comblement des espaces entre les dents : L'obturation en composite permet d'obtenir un sourire plus lisse et plus esth\u00e9tique en comblant les petites fentes ou les espaces entre les dents.<\/li><li>Couvrir les dents d\u00e9color\u00e9es : Les dents d\u00e9color\u00e9es ou tach\u00e9es peuvent \u00eatre am\u00e9lior\u00e9es par l'application d'une r\u00e9sine composite dont la couleur correspond \u00e0 celle des dents environnantes.<\/li><li>Remodelage des dents in\u00e9gales : Une obturation en composite peut modifier la forme et la taille des dents pour cr\u00e9er un sourire plus harmonieux.<\/li><li>Couvrir les racines dentaires expos\u00e9es : Lorsque les gencives se r\u00e9tractent, les racines des dents peuvent \u00eatre expos\u00e9es. L'obturation en composite peut \u00eatre utilis\u00e9e pour couvrir et prot\u00e9ger ces zones sensibles.<\/li><\/ol><p>L'obturation composite est un traitement cosm\u00e9tique relativement rapide et \u00e9conomique par rapport \u00e0 d'autres options telles que les facettes ou les couronnes. Toutefois, il est important de noter que, par rapport \u00e0 des mat\u00e9riaux tels que la porcelaine, les restaurations en composite peuvent \u00eatre plus sujettes aux taches et \u00e0 l'usure au fil du temps. Des soins dentaires r\u00e9guliers, notamment une bonne hygi\u00e8ne bucco-dentaire et des visites de routine chez le dentiste, peuvent contribuer \u00e0 pr\u00e9server la dur\u00e9e de vie et l'apparence des dents coll\u00e9es.<\/p>\t\t\t\t\t\t\t\t<\/div>\n\t\t\t\t<\/div>\n\t\t\t\t\t<\/div>\n\t\t\t\t<\/div>\n\t\t\t\t<section class=\"elementor-section elementor-top-section elementor-element elementor-element-cfed380 elementor-section-content-middle elementor-section-boxed elementor-section-height-default elementor-section-height-default tp-parallax-no syd-sticky-section-no\" data-id=\"cfed380\" data-element_type=\"section\" data-settings=\"{&quot;background_background&quot;:&quot;classic&quot;,&quot;tp_sticky_sec_effect_enable&quot;:false}\">\n\t\t\t\t\t\t<div class=\"elementor-container elementor-column-gap-default\">\n\t\t\t\t\t<div data-aos=\"\" class=\"elementor-column elementor-col-50 elementor-top-column elementor-element elementor-element-d8fac92 syd-sticky-section-no\" data-id=\"d8fac92\" data-element_type=\"column\" data-settings=\"{&quot;tp_sticky_col_effect_enable&quot;:false}\">\n\t\t\t<div class=\"elementor-widget-wrap elementor-element-populated\">\n\t\t\t\t\t\t<div class=\"elementor-element elementor-element-ea4173f syd-sticky-section-no elementor-widget elementor-widget-heading\" data-id=\"ea4173f\" data-element_type=\"widget\" data-widget_type=\"heading.default\">\n\t\t\t\t<div class=\"elementor-widget-container\">\n\t\t\t\t\t<h2 class=\"elementor-heading-title elementor-size-default\">Avez-vous des questions ?<\/h2>\t\t\t\t<\/div>\n\t\t\t\t<\/div>\n\t\t\t\t\t<\/div>\n\t\t<\/div>\n\t\t\t\t<div data-aos=\"\" class=\"elementor-column elementor-col-50 elementor-top-column elementor-element elementor-element-7aa5769 syd-sticky-section-no\" data-id=\"7aa5769\" data-element_type=\"column\" data-settings=\"{&quot;tp_sticky_col_effect_enable&quot;:false}\">\n\t\t\t<div class=\"elementor-widget-wrap elementor-element-populated\">\n\t\t\t\t\t\t<div class=\"elementor-element elementor-element-9c6e3e1 elementor-align-right elementor-mobile-align-center syd-sticky-section-no elementor-widget elementor-widget-button\" data-id=\"9c6e3e1\" data-element_type=\"widget\" data-widget_type=\"button.default\">\n\t\t\t\t<div class=\"elementor-widget-container\">\n\t\t\t\t\t\t\t\t\t<div class=\"elementor-button-wrapper\">\n\t\t\t\t\t<a class=\"elementor-button elementor-button-link elementor-size-sm\" href=\"http:\/\/healthagentsturkey.com\/fr\/iletisim\/\">\n\t\t\t\t\t\t<span class=\"elementor-button-content-wrapper\">\n\t\t\t\t\t\t\t\t\t<span class=\"elementor-button-text\">Contactez nous<\/span>\n\t\t\t\t\t<\/span>\n\t\t\t\t\t<\/a>\n\t\t\t\t<\/div>\n\t\t\t\t\t\t\t\t<\/div>\n\t\t\t\t<\/div>\n\t\t\t\t\t<\/div>\n\t\t<\/div>\n\t\t\t\t\t<\/div>\n\t\t<\/section>\n\t\t\t\t<\/div>","protected":false},"excerpt":{"rendered":"<p>Estetik Kompozit Dolgu Tedavisi Ayn\u0131 zamanda dental kompozit dolgu veya di\u015f kompozit dolgu olarak da bilinen kompozit dolgu tedavisi di\u015flerin g\u00f6r\u00fcn\u00fcm\u00fcn\u00fc iyile\u015ftirmek [&hellip;]<\/p>","protected":false},"author":1,"featured_media":0,"parent":1618,"menu_order":0,"comment_status":"closed","ping_status":"closed","template":"elementor_header_footer","meta":{"_eb_attr":"","footnotes":""},"class_list":["post-1646","page","type-page","status-publish","hentry"],"_links":{"self":[{"href":"http:\/\/healthagentsturkey.com\/fr\/wp-json\/wp\/v2\/pages\/1646","targetHints":{"allow":["GET"]}}],"collection":[{"href":"http:\/\/healthagentsturkey.com\/fr\/wp-json\/wp\/v2\/pages"}],"about":[{"href":"http:\/\/healthagentsturkey.com\/fr\/wp-json\/wp\/v2\/types\/page"}],"author":[{"embeddable":true,"href":"http:\/\/healthagentsturkey.com\/fr\/wp-json\/wp\/v2\/users\/1"}],"replies":[{"embeddable":true,"href":"http:\/\/healthagentsturkey.com\/fr\/wp-json\/wp\/v2\/comments?post=1646"}],"version-history":[{"count":1,"href":"http:\/\/healthagentsturkey.com\/fr\/wp-json\/wp\/v2\/pages\/1646\/revisions"}],"predecessor-version":[{"id":4767,"href":"http:\/\/healthagentsturkey.com\/fr\/wp-json\/wp\/v2\/pages\/1646\/revisions\/4767"}],"up":[{"embeddable":true,"href":"http:\/\/healthagentsturkey.com\/fr\/wp-json\/wp\/v2\/pages\/1618"}],"wp:attachment":[{"href":"http:\/\/healthagentsturkey.com\/fr\/wp-json\/wp\/v2\/media?parent=1646"}],"curies":[{"name":"wp","href":"https:\/\/api.w.org\/{rel}","templated":true}]}}