{"id":1644,"date":"2023-11-19T20:42:49","date_gmt":"2023-11-19T20:42:49","guid":{"rendered":"https:\/\/healthagentsturkey.com\/?page_id=1644"},"modified":"2026-02-25T10:31:55","modified_gmt":"2026-02-25T07:31:55","slug":"porselen-dis-kaplama","status":"publish","type":"page","link":"http:\/\/healthagentsturkey.com\/fr\/tedavi\/dis\/estetik-dis-hekimligi\/porselen-dis-kaplama\/","title":{"rendered":"Facettes dentaires en porcelaine"},"content":{"rendered":"<div data-elementor-type=\"wp-page\" data-elementor-id=\"1644\" class=\"elementor elementor-1644\" data-elementor-post-type=\"page\">\n\t\t\t\t\t\t<section class=\"elementor-section elementor-top-section elementor-element elementor-element-eedafb9 elementor-section-content-middle elementor-section-boxed elementor-section-height-default elementor-section-height-default tp-parallax-no syd-sticky-section-no\" data-id=\"eedafb9\" data-element_type=\"section\" data-settings=\"{&quot;tp_sticky_sec_effect_enable&quot;:false}\">\n\t\t\t\t\t\t<div class=\"elementor-container elementor-column-gap-default\">\n\t\t\t\t\t<div data-aos=\"\" class=\"elementor-column elementor-col-50 elementor-top-column elementor-element elementor-element-571508b syd-sticky-section-no\" data-id=\"571508b\" data-element_type=\"column\" data-settings=\"{&quot;tp_sticky_col_effect_enable&quot;:false}\">\n\t\t\t<div class=\"elementor-widget-wrap elementor-element-populated\">\n\t\t\t\t\t\t<div class=\"elementor-element elementor-element-2fc2cb6 syd-sticky-section-no elementor-widget elementor-widget-heading\" data-id=\"2fc2cb6\" data-element_type=\"widget\" data-widget_type=\"heading.default\">\n\t\t\t\t<div class=\"elementor-widget-container\">\n\t\t\t\t\t<h2 class=\"elementor-heading-title elementor-size-default\">Facettes dentaires en porcelaine<\/h2>\t\t\t\t<\/div>\n\t\t\t\t<\/div>\n\t\t\t\t<div class=\"elementor-element elementor-element-1cf0f1c syd-sticky-section-no elementor-widget elementor-widget-text-editor\" data-id=\"1cf0f1c\" data-element_type=\"widget\" data-widget_type=\"text-editor.default\">\n\t\t\t\t<div class=\"elementor-widget-container\">\n\t\t\t\t\t\t\t\t\t<p><a href=\"https:\/\/tr.wikipedia.org\/wiki\/Porselen_di%C5%9F\"><b><i>Dent en porcelaine<\/i><\/b><\/a><b><i>\u00a0Couverture ;<\/i><\/b>\u00a0une restauration qui recouvre la surface ext\u00e9rieure de la dent et permet de modifier l'apparence, la couleur, la forme et la taille de la dent\u00a0<a href=\"https:\/\/tr.wikipedia.org\/wiki\/Di%C5%9F_hekimli%C4%9Fi\">dentisterie<\/a>\u00a0proc\u00e9dure. Dans cette proc\u00e9dure, la couche sup\u00e9rieure de la dent est d'abord enlev\u00e9e et la taille de la dent est r\u00e9duite, puis une facette en porcelaine est coll\u00e9e sur la dent.<\/p><p><a href=\"https:\/\/tr.wikipedia.org\/wiki\/Porselen_di%C5%9F\"><b><i>Dent en porcelaine<\/i><\/b><\/a><b><i>\u00a0rev\u00eatements<\/i><\/b>Les facettes en porcelaine offrent un choix de couleurs similaires \u00e0 la couleur naturelle des dents et pr\u00e9servent la transmission naturelle de la lumi\u00e8re des dents, de sorte que les dents ont un aspect plus naturel et plus r\u00e9aliste. En outre, les facettes dentaires en porcelaine ont une utilisation durable et peuvent durer des ann\u00e9es si elles sont bien entretenues.<\/p>\t\t\t\t\t\t\t\t<\/div>\n\t\t\t\t<\/div>\n\t\t\t\t\t<\/div>\n\t\t<\/div>\n\t\t\t\t<div data-aos=\"\" class=\"elementor-column elementor-col-50 elementor-top-column elementor-element elementor-element-bc4d4c0 syd-sticky-section-no\" data-id=\"bc4d4c0\" data-element_type=\"column\" data-settings=\"{&quot;tp_sticky_col_effect_enable&quot;:false}\">\n\t\t\t<div class=\"elementor-widget-wrap elementor-element-populated\">\n\t\t\t\t\t\t<div class=\"elementor-element elementor-element-48dd569 syd-sticky-section-no elementor-widget elementor-widget-image\" data-id=\"48dd569\" data-element_type=\"widget\" data-widget_type=\"image.default\">\n\t\t\t\t<div class=\"elementor-widget-container\">\n\t\t\t\t\t\t\t\t\t<\/div>\n\t\t\t\t<\/div>\n\t\t\t\t\t<\/div>\n\t\t<\/div>\n\t\t\t\t\t<\/div>\n\t\t<\/section>\n\t\t<div class=\"elementor-element elementor-element-99fe56d e-flex e-con-boxed syd-sticky-section-no e-con e-parent\" data-id=\"99fe56d\" data-element_type=\"container\">\n\t\t\t\t\t<div class=\"e-con-inner\">\n\t\t\t\t<div class=\"elementor-element elementor-element-def30c4 syd-sticky-section-no elementor-widget elementor-widget-text-editor\" data-id=\"def30c4\" data-element_type=\"widget\" data-widget_type=\"text-editor.default\">\n\t\t\t\t<div class=\"elementor-widget-container\">\n\t\t\t\t\t\t\t\t\t<p><a href=\"https:\/\/tr.wikipedia.org\/wiki\/Porselen_di%C5%9F\"><b>Dent en porcelaine<\/b><\/a>\u00a0Les facettes sont g\u00e9n\u00e9ralement utilis\u00e9es pour traiter les fissures, les d\u00e9colorations, l'usure ou le vieillissement.\u00a0<a href=\"https:\/\/tr.wikipedia.org\/wiki\/%C3%87%C3%BCr%C3%BCk#:~:text=Di%C5%9F%20%C3%A7%C3%BCr%C3%BC%C4%9F%C3%BC%2C%20bakterilerin%20%C3%BCrettikleri%20asitle,(oyulmu%C5%9F%20bo%C5%9Fluklar)%20meydana%20gelmektedir.\">pourri<\/a>\u00a0Il est utilis\u00e9 pour corriger des probl\u00e8mes cosm\u00e9tiques ou esth\u00e9tiques tels que<\/p><p><b>Comment sont fabriqu\u00e9es les facettes dentaires en porcelaine ?<\/b><\/p><ul><li aria-level=\"1\"><b><i>Phase de pr\u00e9paration<\/i><\/b>: La premi\u00e8re \u00e9tape consiste \u00e0 pr\u00e9parer les dents \u00e0 l'intervention. \u00c0 ce stade, la couche sup\u00e9rieure de la dent est enlev\u00e9e, la taille de la dent est r\u00e9duite et la dent est fa\u00e7onn\u00e9e. En outre, le dentiste choisit une couleur de facette en porcelaine adapt\u00e9e \u00e0 la couleur naturelle de la dent et prend l'empreinte de la dent.<\/li><li aria-level=\"1\"><b><i>R\u00e9alisation et pose de facettes en porcelaine<\/i><\/b>: Les empreintes sont envoy\u00e9es au laboratoire dentaire et la proth\u00e8se sp\u00e9cialement con\u00e7ue pour le patient est r\u00e9alis\u00e9e.\u00a0<a href=\"https:\/\/tr.wikipedia.org\/wiki\/Porselen_di%C5%9F\"><b><i>dent en porcelaine<\/i><\/b><\/a><b><i>\u00a0rev\u00eatement<\/i><\/b>\u00a0est r\u00e9alis\u00e9e. La facette est ensuite renvoy\u00e9e \u00e0 la clinique dentaire et coll\u00e9e sur la dent par le dentiste. La facette en porcelaine est fix\u00e9e \u00e0 la surface sup\u00e9rieure de la dent \u00e0 l'aide d'un adh\u00e9sif sp\u00e9cial. Enfin, le dentiste polit les bords de la facette et effectue les derniers contr\u00f4les.<\/li><\/ul><p><b><br \/>Comment puis-je me d\u00e9barrasser des dents jaunes ?<\/b><\/p><ul><li aria-level=\"1\">Brossez-vous les dents au moins deux fois par jour et utilisez du fil dentaire au moins une fois par jour pour \u00e9liminer la plaque dentaire et emp\u00eacher la formation de taches.<\/li><li aria-level=\"1\">\u00c9vitez les aliments et les boissons qui provoquent des taches.<\/li><li aria-level=\"1\">Utilisez un dentifrice blanchissant.<\/li><li aria-level=\"1\">Si vos dents sont tr\u00e8s tach\u00e9es, vous pouvez envisager un blanchiment professionnel.<\/li><li aria-level=\"1\">Arr\u00eater de fumer. Arr\u00eater de fumer peut aider \u00e0 pr\u00e9venir les taches futures.<\/li><li aria-level=\"1\"><a href=\"https:\/\/tr.wikipedia.org\/wiki\/Porselen_di%C5%9F\"><b><i>Dent en porcelaine<\/i><\/b><\/a><b><i>\u00a0rev\u00eatement<\/i><\/b>\u00a0proc\u00e9dure. Gr\u00e2ce aux facettes en porcelaine, vous pouvez vous d\u00e9barrasser de vos dents jaunes et retrouver un sourire blanc et sain.<\/li><\/ul><p>N'oubliez pas que ces mesures peuvent contribuer \u00e0 am\u00e9liorer l'apparence des dents jaunes, mais que vous devez \u00e9galement veiller \u00e0 l'hygi\u00e8ne bucco-dentaire pour \u00e9viter de nouvelles taches.<\/p><p><b>O\u00f9 puis-je obtenir des facettes dentaires en porcelaine ?<\/b><\/p><p>Notre priorit\u00e9 dans le secteur de la sant\u00e9 a toujours \u00e9t\u00e9 la satisfaction et la sant\u00e9 des patients.\u00a0<b>Agents de sant\u00e9 ;<\/b>\u00a0est assur\u00e9e par des m\u00e9decins sp\u00e9cialis\u00e9s dans un environnement \u00e9quip\u00e9 de technologies modernes et des derni\u00e8res innovations m\u00e9dicales. Nous sommes toujours \u00e0 vos c\u00f4t\u00e9s pour vous offrir le meilleur service et nous sommes fiers des succ\u00e8s que nous avons obtenus dans les proc\u00e9dures chirurgicales que nous pratiquons. C'est pourquoi\u00a0<b>Agents de sant\u00e9<\/b>\u00a0nos m\u00e9decins, gr\u00e2ce \u00e0 leur expertise et \u00e0 leur exp\u00e9rience, comme dans toutes les proc\u00e9dures m\u00e9dicales\u00a0<a href=\"https:\/\/tr.wikipedia.org\/wiki\/Porselen_di%C5%9F\"><b><i>dent en porcelaine<\/i><\/b><\/a><b><i>\u00a0rev\u00eatement<\/i><\/b>\u00a0Il est \u00e9galement souvent pr\u00e9f\u00e9r\u00e9 pour ses op\u00e9rations. Vous pouvez aussi nous choisir en toute confiance.<\/p>\t\t\t\t\t\t\t\t<\/div>\n\t\t\t\t<\/div>\n\t\t\t\t\t<\/div>\n\t\t\t\t<\/div>\n\t\t\t\t<section class=\"elementor-section elementor-top-section elementor-element elementor-element-cfed380 elementor-section-content-middle elementor-section-boxed elementor-section-height-default elementor-section-height-default tp-parallax-no syd-sticky-section-no\" data-id=\"cfed380\" data-element_type=\"section\" data-settings=\"{&quot;background_background&quot;:&quot;classic&quot;,&quot;tp_sticky_sec_effect_enable&quot;:false}\">\n\t\t\t\t\t\t<div class=\"elementor-container elementor-column-gap-default\">\n\t\t\t\t\t<div data-aos=\"\" class=\"elementor-column elementor-col-50 elementor-top-column elementor-element elementor-element-d8fac92 syd-sticky-section-no\" data-id=\"d8fac92\" data-element_type=\"column\" data-settings=\"{&quot;tp_sticky_col_effect_enable&quot;:false}\">\n\t\t\t<div class=\"elementor-widget-wrap elementor-element-populated\">\n\t\t\t\t\t\t<div class=\"elementor-element elementor-element-ea4173f syd-sticky-section-no elementor-widget elementor-widget-heading\" data-id=\"ea4173f\" data-element_type=\"widget\" data-widget_type=\"heading.default\">\n\t\t\t\t<div class=\"elementor-widget-container\">\n\t\t\t\t\t<h2 class=\"elementor-heading-title elementor-size-default\">Avez-vous des questions ?<\/h2>\t\t\t\t<\/div>\n\t\t\t\t<\/div>\n\t\t\t\t\t<\/div>\n\t\t<\/div>\n\t\t\t\t<div data-aos=\"\" class=\"elementor-column elementor-col-50 elementor-top-column elementor-element elementor-element-7aa5769 syd-sticky-section-no\" data-id=\"7aa5769\" data-element_type=\"column\" data-settings=\"{&quot;tp_sticky_col_effect_enable&quot;:false}\">\n\t\t\t<div class=\"elementor-widget-wrap elementor-element-populated\">\n\t\t\t\t\t\t<div class=\"elementor-element elementor-element-9c6e3e1 elementor-align-right elementor-mobile-align-center syd-sticky-section-no elementor-widget elementor-widget-button\" data-id=\"9c6e3e1\" data-element_type=\"widget\" data-widget_type=\"button.default\">\n\t\t\t\t<div class=\"elementor-widget-container\">\n\t\t\t\t\t\t\t\t\t<div class=\"elementor-button-wrapper\">\n\t\t\t\t\t<a class=\"elementor-button elementor-button-link elementor-size-sm\" href=\"http:\/\/healthagentsturkey.com\/fr\/iletisim\/\">\n\t\t\t\t\t\t<span class=\"elementor-button-content-wrapper\">\n\t\t\t\t\t\t\t\t\t<span class=\"elementor-button-text\">Contactez nous<\/span>\n\t\t\t\t\t<\/span>\n\t\t\t\t\t<\/a>\n\t\t\t\t<\/div>\n\t\t\t\t\t\t\t\t<\/div>\n\t\t\t\t<\/div>\n\t\t\t\t\t<\/div>\n\t\t<\/div>\n\t\t\t\t\t<\/div>\n\t\t<\/section>\n\t\t\t\t<\/div>","protected":false},"excerpt":{"rendered":"<p>Porselen Di\u015f Kaplama Porselen di\u015f\u00a0kaplama\u00a0di\u015fin d\u0131\u015f y\u00fczeyini kaplayan ve di\u015fin g\u00f6r\u00fcn\u00fcm\u00fcn\u00fc, rengini, \u015feklini ve boyutunu de\u011fi\u015ftirmeye yard\u0131mc\u0131 olan bir restoratif\u00a0di\u015f hekimli\u011fi\u00a0i\u015flemidir. Bu [&hellip;]<\/p>","protected":false},"author":1,"featured_media":0,"parent":1618,"menu_order":0,"comment_status":"closed","ping_status":"closed","template":"elementor_header_footer","meta":{"_eb_attr":"","footnotes":""},"class_list":["post-1644","page","type-page","status-publish","hentry"],"_links":{"self":[{"href":"http:\/\/healthagentsturkey.com\/fr\/wp-json\/wp\/v2\/pages\/1644","targetHints":{"allow":["GET"]}}],"collection":[{"href":"http:\/\/healthagentsturkey.com\/fr\/wp-json\/wp\/v2\/pages"}],"about":[{"href":"http:\/\/healthagentsturkey.com\/fr\/wp-json\/wp\/v2\/types\/page"}],"author":[{"embeddable":true,"href":"http:\/\/healthagentsturkey.com\/fr\/wp-json\/wp\/v2\/users\/1"}],"replies":[{"embeddable":true,"href":"http:\/\/healthagentsturkey.com\/fr\/wp-json\/wp\/v2\/comments?post=1644"}],"version-history":[{"count":1,"href":"http:\/\/healthagentsturkey.com\/fr\/wp-json\/wp\/v2\/pages\/1644\/revisions"}],"predecessor-version":[{"id":4770,"href":"http:\/\/healthagentsturkey.com\/fr\/wp-json\/wp\/v2\/pages\/1644\/revisions\/4770"}],"up":[{"embeddable":true,"href":"http:\/\/healthagentsturkey.com\/fr\/wp-json\/wp\/v2\/pages\/1618"}],"wp:attachment":[{"href":"http:\/\/healthagentsturkey.com\/fr\/wp-json\/wp\/v2\/media?parent=1644"}],"curies":[{"name":"wp","href":"https:\/\/api.w.org\/{rel}","templated":true}]}}